{"id":259561,"date":"2025-04-26T22:21:49","date_gmt":"2025-04-26T20:21:49","guid":{"rendered":"https:\/\/shopatoa.com\/ro\/laifen-uscator-de-par-swift-mini-white\/"},"modified":"2025-05-16T20:58:19","modified_gmt":"2025-05-16T18:58:19","slug":"laifen-uscator-de-par-swift-mini-white","status":"publish","type":"product","link":"https:\/\/shopatoa.com\/ro\/laifen-uscator-de-par-swift-mini-white\/","title":{"rendered":"Laifen Usc\u0103tor de p\u0103r Swift Mini White"},"content":{"rendered":"<p>Un instrument revolu\u021bionar care v\u0103 va schimba felul \u00een care privi\u021bi \u00eengrijirea p\u0103rului. De ce ve\u021bi iubi usc\u0103torul de p\u0103r Laifen Swift Mini? 1. Design compact \u0219i u\u0219or &#8211; usc\u0103torul de p\u0103r Laifen SWIFT Mini este conceput pentru a fi partenerul ideal \u00een deplasare \u0219i acas\u0103. M\u0103sur\u00e2nd 76 x 61 x 218 mm \u0219i c\u00e2nt\u0103rind doar 299 g, acest usc\u0103tor de p\u0103r este u\u0219or de transportat \u0219i aproape c\u0103 nu ocup\u0103 spa\u021biu \u00een geant\u0103. \u00cen plus, are o form\u0103 ergonomic\u0103. 2. Ionizare pentru un p\u0103r s\u0103n\u0103tos \u0219i str\u0103lucitor &#8211; datorit\u0103 ioniz\u0103rii de p\u00e2n\u0103 la 200 de milioane de ioni negativi\/m3, pute\u021bi spune la revedere \u00eencre\u021bitului \u0219i usc\u0103rii excesive a p\u0103rului. P\u0103rul va fi neted, str\u0103lucitor \u0219i s\u0103n\u0103tos. De asemenea, ionizarea ajut\u0103 la \u00eenchiderea cuticulelor p\u0103rului, asigur\u00e2nd c\u0103 p\u0103rul r\u0103m\u00e2ne hidratat \u0219i protejat de deteriorare. 3. Motor puternic \u0219i uscare rapid\u0103 &#8211; cu o putere de 1100 W \u0219i o tura\u021bie maxim\u0103 a motorului de 110.000 rpm. este Mini Usc\u0103torul de p\u0103r Laifen SWIFT un adev\u0103rat campion al performan\u021bei. Viteza fluxului de aer de p\u00e2n\u0103 la 19 m\/s garanteaz\u0103 o uscare rapid\u0103 \u0219i eficient\u0103, astfel \u00eenc\u00e2t ve\u021bi avea mai mult timp pentru ceea ce este important pentru dvs. Puterea de 1100 W a usc\u0103torului de p\u0103r compact \u0219i u\u0219or Laifen Mini nu \u00eenseamn\u0103 performan\u021b\u0103 mai sc\u0103zut\u0103. Dimpotriv\u0103, datorit\u0103 pieselor atent fabricate \u0219i aten\u021biei la detalii, acest usc\u0103tor de p\u0103r este comparabil ca performan\u021b\u0103 cu alte tipuri de usc\u0103tor de p\u0103r Laifen. 4. Set\u0103ri de temperatur\u0103 \u0219i vitez\u0103 personalizabile &#8211; Usc\u0103torul de p\u0103r Laifen SWIFT Mini ofer\u0103 dou\u0103 viteze \u0219i trei set\u0103ri de temperatur\u0103 (aer rece 20\u00b0C, 50\u00b0C, 80\u00b0C), astfel \u00eenc\u00e2t s\u0103 pute\u021bi personaliza procesul de uscare exact \u00een func\u021bie de nevoile dvs. \u00cen plus, indicatorul LED v\u0103 va ar\u0103ta temperatura actual\u0103 (albastru, portocaliu, ro\u0219u), astfel \u00eenc\u00e2t ve\u021bi avea \u00eentotdeauna o imagine de ansamblu. 5. Uscarea sigur\u0103 a p\u0103rului copiilor &#8211; un mod special pentru uscarea p\u0103rului copiilor asigur\u0103 o uscare sigur\u0103 \u0219i bl\u00e2nd\u0103 \u00een ceea ce prive\u0219te scalpul sensibil al copiilor. Pute\u021bi \u00eengriji p\u0103rul micu\u021bilor f\u0103r\u0103 griji. 6. Func\u021bionare silen\u021bioas\u0103 &#8211; cu un nivel de zgomot de doar 61 dB, usc\u0103torul de p\u0103r Laifen SWIFT Mini este unul dintre cele mai silen\u021bioase usc\u0103toare de p\u0103r de pe pia\u021b\u0103. 7. Accesorii practice &#8211; \u00een pachet ve\u021bi g\u0103si nu doar usc\u0103torul de p\u0103r ci \u0219i un concentrator pentru direc\u021bia precis\u0103 a aerului \u0219i o geant\u0103 de c\u0103l\u0103torie, care v\u0103 va facilita transportul \u0219i v\u0103 va proteja usc\u0103torul de p\u0103r \u00een deplas\u0103ri.<\/p>\n","protected":false},"excerpt":{"rendered":"<p>Un instrument revolu\u021bionar care v\u0103 va schimba felul \u00een care privi\u021bi \u00eengrijirea p\u0103rului. De ce ve\u021bi iubi usc\u0103torul de p\u0103r Laifen Swift Mini? 1. Design compact \u0219i u\u0219or &#8211; usc\u0103torul de p\u0103r Laifen SWIFT Mini este conceput pentru a fi partenerul ideal \u00een deplasare \u0219i acas\u0103. M\u0103sur\u00e2nd 76 x 61 x 218 mm \u0219i c\u00e2nt\u0103rind&#8230;<\/p>\n","protected":false},"featured_media":336066,"comment_status":"closed","ping_status":"open","template":"","meta":{"_acf_changed":false,"_kadence_starter_templates_imported_post":false,"_kad_post_transparent":"","_kad_post_title":"","_kad_post_layout":"","_kad_post_sidebar_id":"","_kad_post_content_style":"","_kad_post_vertical_padding":"","_kad_post_feature":"","_kad_post_feature_position":"","_kad_post_header":false,"_kad_post_footer":false,"_kad_post_classname":""},"product_brand":[931],"product_cat":[246,623,624,762],"product_tag":[],"class_list":{"0":"post-259561","1":"product","2":"type-product","3":"status-publish","4":"has-post-thumbnail","6":"product_brand-laifen","7":"product_cat-cosmetice","8":"product_cat-produse-cosmetice-pentru-par","9":"product_cat-produse-aparate-si-accesorii-pentru-par","10":"product_cat-uscatoare-de-par-fenuri","12":"first","13":"instock","14":"product-type-external","15":"entry","16":"content-bg","17":"loop-entry"},"acf":[],"yoast_head":"<!-- This site is optimized with the Yoast SEO plugin v27.4 - https:\/\/yoast.com\/product\/yoast-seo-wordpress\/ -->\n<title>Laifen Usc\u0103tor de p\u0103r Swift Mini White - SHOPATOA.COM<\/title>\n<meta name=\"robots\" content=\"index, follow, max-snippet:-1, max-image-preview:large, max-video-preview:-1\" \/>\n<link rel=\"canonical\" href=\"https:\/\/shopatoa.com\/ro\/laifen-uscator-de-par-swift-mini-white\/\" \/>\n<meta property=\"og:locale\" content=\"ro_RO\" \/>\n<meta property=\"og:type\" content=\"article\" \/>\n<meta property=\"og:title\" content=\"Laifen Usc\u0103tor de p\u0103r Swift Mini White - SHOPATOA.COM\" \/>\n<meta property=\"og:description\" content=\"Un instrument revolu\u021bionar care v\u0103 va schimba felul \u00een care privi\u021bi \u00eengrijirea p\u0103rului. De ce ve\u021bi iubi usc\u0103torul de p\u0103r Laifen Swift Mini? 1. Design compact \u0219i u\u0219or &#8211; usc\u0103torul de p\u0103r Laifen SWIFT Mini este conceput pentru a fi partenerul ideal \u00een deplasare \u0219i acas\u0103. M\u0103sur\u00e2nd 76 x 61 x 218 mm \u0219i c\u00e2nt\u0103rind...\" \/>\n<meta property=\"og:url\" content=\"https:\/\/shopatoa.com\/ro\/laifen-uscator-de-par-swift-mini-white\/\" \/>\n<meta property=\"og:site_name\" content=\"SHOPATOA\" \/>\n<meta property=\"article:modified_time\" content=\"2025-05-16T18:58:19+00:00\" \/>\n<meta property=\"og:image\" content=\"https:\/\/storage.googleapis.com\/cz-shopatoa-img\/ro\/901c87d2-unnamed-file.webp\" \/>\n\t<meta property=\"og:image:width\" content=\"800\" \/>\n\t<meta property=\"og:image:height\" content=\"800\" \/>\n\t<meta property=\"og:image:type\" content=\"image\/webp\" \/>\n<meta name=\"twitter:card\" content=\"summary_large_image\" \/>\n<meta name=\"twitter:label1\" content=\"Timp estimat pentru citire\" \/>\n\t<meta name=\"twitter:data1\" content=\"2 minute\" \/>\n<script type=\"application\/ld+json\" class=\"yoast-schema-graph\">{\"@context\":\"https:\\\/\\\/schema.org\",\"@graph\":[{\"@type\":\"WebPage\",\"@id\":\"https:\\\/\\\/shopatoa.com\\\/ro\\\/laifen-uscator-de-par-swift-mini-white\\\/\",\"url\":\"https:\\\/\\\/shopatoa.com\\\/ro\\\/laifen-uscator-de-par-swift-mini-white\\\/\",\"name\":\"Laifen Usc\u0103tor de p\u0103r Swift Mini White - SHOPATOA.COM\",\"isPartOf\":{\"@id\":\"https:\\\/\\\/shopatoa.com\\\/ro\\\/#website\"},\"primaryImageOfPage\":{\"@id\":\"https:\\\/\\\/shopatoa.com\\\/ro\\\/laifen-uscator-de-par-swift-mini-white\\\/#primaryimage\"},\"image\":{\"@id\":\"https:\\\/\\\/shopatoa.com\\\/ro\\\/laifen-uscator-de-par-swift-mini-white\\\/#primaryimage\"},\"thumbnailUrl\":\"https:\\\/\\\/storage.googleapis.com\\\/cz-shopatoa-img\\\/ro\\\/901c87d2-unnamed-file.webp\",\"datePublished\":\"2025-04-26T20:21:49+00:00\",\"dateModified\":\"2025-05-16T18:58:19+00:00\",\"breadcrumb\":{\"@id\":\"https:\\\/\\\/shopatoa.com\\\/ro\\\/laifen-uscator-de-par-swift-mini-white\\\/#breadcrumb\"},\"inLanguage\":\"ro-RO\",\"potentialAction\":[{\"@type\":\"ReadAction\",\"target\":[\"https:\\\/\\\/shopatoa.com\\\/ro\\\/laifen-uscator-de-par-swift-mini-white\\\/\"]}]},{\"@type\":\"ImageObject\",\"inLanguage\":\"ro-RO\",\"@id\":\"https:\\\/\\\/shopatoa.com\\\/ro\\\/laifen-uscator-de-par-swift-mini-white\\\/#primaryimage\",\"url\":\"https:\\\/\\\/storage.googleapis.com\\\/cz-shopatoa-img\\\/ro\\\/901c87d2-unnamed-file.webp\",\"contentUrl\":\"https:\\\/\\\/storage.googleapis.com\\\/cz-shopatoa-img\\\/ro\\\/901c87d2-unnamed-file.webp\",\"width\":800,\"height\":800},{\"@type\":\"BreadcrumbList\",\"@id\":\"https:\\\/\\\/shopatoa.com\\\/ro\\\/laifen-uscator-de-par-swift-mini-white\\\/#breadcrumb\",\"itemListElement\":[{\"@type\":\"ListItem\",\"position\":1,\"name\":\"Dom\u016f\",\"item\":\"https:\\\/\\\/shopatoa.com\\\/ro\\\/\"},{\"@type\":\"ListItem\",\"position\":2,\"name\":\"Shop\",\"item\":\"https:\\\/\\\/shopatoa.com\\\/ro\\\/shop\\\/\"},{\"@type\":\"ListItem\",\"position\":3,\"name\":\"Cosmetice\",\"item\":\"https:\\\/\\\/shopatoa.com\\\/ro\\\/cosmetice\\\/\"},{\"@type\":\"ListItem\",\"position\":4,\"name\":\"Produse cosmetice pentru p\u0103r\",\"item\":\"https:\\\/\\\/shopatoa.com\\\/ro\\\/produse-cosmetice-pentru-par\\\/\"},{\"@type\":\"ListItem\",\"position\":5,\"name\":\"Produse, aparate \u0219i accesorii pentru p\u0103r\",\"item\":\"https:\\\/\\\/shopatoa.com\\\/ro\\\/produse-aparate-si-accesorii-pentru-par\\\/\"},{\"@type\":\"ListItem\",\"position\":6,\"name\":\"Usc\u0103toare de p\u0103r, fenuri\",\"item\":\"https:\\\/\\\/shopatoa.com\\\/ro\\\/uscatoare-de-par-fenuri\\\/\"},{\"@type\":\"ListItem\",\"position\":7,\"name\":\"Laifen Usc\u0103tor de p\u0103r Swift Mini White\"}]},{\"@type\":\"WebSite\",\"@id\":\"https:\\\/\\\/shopatoa.com\\\/ro\\\/#website\",\"url\":\"https:\\\/\\\/shopatoa.com\\\/ro\\\/\",\"name\":\"SHOPATOA\",\"description\":\"\",\"publisher\":{\"@id\":\"https:\\\/\\\/shopatoa.com\\\/ro\\\/#organization\"},\"potentialAction\":[{\"@type\":\"SearchAction\",\"target\":{\"@type\":\"EntryPoint\",\"urlTemplate\":\"https:\\\/\\\/shopatoa.com\\\/ro\\\/?s={search_term_string}\"},\"query-input\":{\"@type\":\"PropertyValueSpecification\",\"valueRequired\":true,\"valueName\":\"search_term_string\"}}],\"inLanguage\":\"ro-RO\"},{\"@type\":\"Organization\",\"@id\":\"https:\\\/\\\/shopatoa.com\\\/ro\\\/#organization\",\"name\":\"SHOPATOA\",\"url\":\"https:\\\/\\\/shopatoa.com\\\/ro\\\/\",\"logo\":{\"@type\":\"ImageObject\",\"inLanguage\":\"ro-RO\",\"@id\":\"https:\\\/\\\/shopatoa.com\\\/ro\\\/#\\\/schema\\\/logo\\\/image\\\/\",\"url\":\"https:\\\/\\\/storage.googleapis.com\\\/cz-shopatoa-img\\\/ro\\\/b4dac915-shopatoa_logo.png\",\"contentUrl\":\"https:\\\/\\\/storage.googleapis.com\\\/cz-shopatoa-img\\\/ro\\\/b4dac915-shopatoa_logo.png\",\"width\":416,\"height\":63,\"caption\":\"SHOPATOA\"},\"image\":{\"@id\":\"https:\\\/\\\/shopatoa.com\\\/ro\\\/#\\\/schema\\\/logo\\\/image\\\/\"}}]}<\/script>\n<!-- \/ Yoast SEO plugin. -->","yoast_head_json":{"title":"Laifen Usc\u0103tor de p\u0103r Swift Mini White - SHOPATOA.COM","robots":{"index":"index","follow":"follow","max-snippet":"max-snippet:-1","max-image-preview":"max-image-preview:large","max-video-preview":"max-video-preview:-1"},"canonical":"https:\/\/shopatoa.com\/ro\/laifen-uscator-de-par-swift-mini-white\/","og_locale":"ro_RO","og_type":"article","og_title":"Laifen Usc\u0103tor de p\u0103r Swift Mini White - SHOPATOA.COM","og_description":"Un instrument revolu\u021bionar care v\u0103 va schimba felul \u00een care privi\u021bi \u00eengrijirea p\u0103rului. De ce ve\u021bi iubi usc\u0103torul de p\u0103r Laifen Swift Mini? 1. Design compact \u0219i u\u0219or &#8211; usc\u0103torul de p\u0103r Laifen SWIFT Mini este conceput pentru a fi partenerul ideal \u00een deplasare \u0219i acas\u0103. M\u0103sur\u00e2nd 76 x 61 x 218 mm \u0219i c\u00e2nt\u0103rind...","og_url":"https:\/\/shopatoa.com\/ro\/laifen-uscator-de-par-swift-mini-white\/","og_site_name":"SHOPATOA","article_modified_time":"2025-05-16T18:58:19+00:00","og_image":[{"width":800,"height":800,"url":"https:\/\/storage.googleapis.com\/cz-shopatoa-img\/ro\/901c87d2-unnamed-file.webp","type":"image\/webp"}],"twitter_card":"summary_large_image","twitter_misc":{"Timp estimat pentru citire":"2 minute"},"schema":{"@context":"https:\/\/schema.org","@graph":[{"@type":"WebPage","@id":"https:\/\/shopatoa.com\/ro\/laifen-uscator-de-par-swift-mini-white\/","url":"https:\/\/shopatoa.com\/ro\/laifen-uscator-de-par-swift-mini-white\/","name":"Laifen Usc\u0103tor de p\u0103r Swift Mini White - SHOPATOA.COM","isPartOf":{"@id":"https:\/\/shopatoa.com\/ro\/#website"},"primaryImageOfPage":{"@id":"https:\/\/shopatoa.com\/ro\/laifen-uscator-de-par-swift-mini-white\/#primaryimage"},"image":{"@id":"https:\/\/shopatoa.com\/ro\/laifen-uscator-de-par-swift-mini-white\/#primaryimage"},"thumbnailUrl":"https:\/\/storage.googleapis.com\/cz-shopatoa-img\/ro\/901c87d2-unnamed-file.webp","datePublished":"2025-04-26T20:21:49+00:00","dateModified":"2025-05-16T18:58:19+00:00","breadcrumb":{"@id":"https:\/\/shopatoa.com\/ro\/laifen-uscator-de-par-swift-mini-white\/#breadcrumb"},"inLanguage":"ro-RO","potentialAction":[{"@type":"ReadAction","target":["https:\/\/shopatoa.com\/ro\/laifen-uscator-de-par-swift-mini-white\/"]}]},{"@type":"ImageObject","inLanguage":"ro-RO","@id":"https:\/\/shopatoa.com\/ro\/laifen-uscator-de-par-swift-mini-white\/#primaryimage","url":"https:\/\/storage.googleapis.com\/cz-shopatoa-img\/ro\/901c87d2-unnamed-file.webp","contentUrl":"https:\/\/storage.googleapis.com\/cz-shopatoa-img\/ro\/901c87d2-unnamed-file.webp","width":800,"height":800},{"@type":"BreadcrumbList","@id":"https:\/\/shopatoa.com\/ro\/laifen-uscator-de-par-swift-mini-white\/#breadcrumb","itemListElement":[{"@type":"ListItem","position":1,"name":"Dom\u016f","item":"https:\/\/shopatoa.com\/ro\/"},{"@type":"ListItem","position":2,"name":"Shop","item":"https:\/\/shopatoa.com\/ro\/shop\/"},{"@type":"ListItem","position":3,"name":"Cosmetice","item":"https:\/\/shopatoa.com\/ro\/cosmetice\/"},{"@type":"ListItem","position":4,"name":"Produse cosmetice pentru p\u0103r","item":"https:\/\/shopatoa.com\/ro\/produse-cosmetice-pentru-par\/"},{"@type":"ListItem","position":5,"name":"Produse, aparate \u0219i accesorii pentru p\u0103r","item":"https:\/\/shopatoa.com\/ro\/produse-aparate-si-accesorii-pentru-par\/"},{"@type":"ListItem","position":6,"name":"Usc\u0103toare de p\u0103r, fenuri","item":"https:\/\/shopatoa.com\/ro\/uscatoare-de-par-fenuri\/"},{"@type":"ListItem","position":7,"name":"Laifen Usc\u0103tor de p\u0103r Swift Mini White"}]},{"@type":"WebSite","@id":"https:\/\/shopatoa.com\/ro\/#website","url":"https:\/\/shopatoa.com\/ro\/","name":"SHOPATOA","description":"","publisher":{"@id":"https:\/\/shopatoa.com\/ro\/#organization"},"potentialAction":[{"@type":"SearchAction","target":{"@type":"EntryPoint","urlTemplate":"https:\/\/shopatoa.com\/ro\/?s={search_term_string}"},"query-input":{"@type":"PropertyValueSpecification","valueRequired":true,"valueName":"search_term_string"}}],"inLanguage":"ro-RO"},{"@type":"Organization","@id":"https:\/\/shopatoa.com\/ro\/#organization","name":"SHOPATOA","url":"https:\/\/shopatoa.com\/ro\/","logo":{"@type":"ImageObject","inLanguage":"ro-RO","@id":"https:\/\/shopatoa.com\/ro\/#\/schema\/logo\/image\/","url":"https:\/\/storage.googleapis.com\/cz-shopatoa-img\/ro\/b4dac915-shopatoa_logo.png","contentUrl":"https:\/\/storage.googleapis.com\/cz-shopatoa-img\/ro\/b4dac915-shopatoa_logo.png","width":416,"height":63,"caption":"SHOPATOA"},"image":{"@id":"https:\/\/shopatoa.com\/ro\/#\/schema\/logo\/image\/"}}]}},"_links":{"self":[{"href":"https:\/\/shopatoa.com\/ro\/wp-json\/wp\/v2\/product\/259561","targetHints":{"allow":["GET"]}}],"collection":[{"href":"https:\/\/shopatoa.com\/ro\/wp-json\/wp\/v2\/product"}],"about":[{"href":"https:\/\/shopatoa.com\/ro\/wp-json\/wp\/v2\/types\/product"}],"replies":[{"embeddable":true,"href":"https:\/\/shopatoa.com\/ro\/wp-json\/wp\/v2\/comments?post=259561"}],"wp:featuredmedia":[{"embeddable":true,"href":"https:\/\/shopatoa.com\/ro\/wp-json\/wp\/v2\/media\/336066"}],"wp:attachment":[{"href":"https:\/\/shopatoa.com\/ro\/wp-json\/wp\/v2\/media?parent=259561"}],"wp:term":[{"taxonomy":"product_brand","embeddable":true,"href":"https:\/\/shopatoa.com\/ro\/wp-json\/wp\/v2\/product_brand?post=259561"},{"taxonomy":"product_cat","embeddable":true,"href":"https:\/\/shopatoa.com\/ro\/wp-json\/wp\/v2\/product_cat?post=259561"},{"taxonomy":"product_tag","embeddable":true,"href":"https:\/\/shopatoa.com\/ro\/wp-json\/wp\/v2\/product_tag?post=259561"}],"curies":[{"name":"wp","href":"https:\/\/api.w.org\/{rel}","templated":true}]}}