{"id":259575,"date":"2025-04-26T22:26:47","date_gmt":"2025-04-26T20:26:47","guid":{"rendered":"https:\/\/shopatoa.com\/ro\/valentino-donna-born-in-roma-extradose-edp-30-ml\/"},"modified":"2025-05-16T21:00:08","modified_gmt":"2025-05-16T19:00:08","slug":"valentino-donna-born-in-roma-extradose-edp-30-ml","status":"publish","type":"product","link":"https:\/\/shopatoa.com\/ro\/valentino-donna-born-in-roma-extradose-edp-30-ml\/","title":{"rendered":"Valentino Donna Born In Roma Extradose &#8211; EDP 30 ml"},"content":{"rendered":"<p>Intra\u021bi \u00eentr-o lume \u00een care elegan\u021ba \u00eent\u00e2lne\u0219te feminitatea \u00eendr\u0103znea\u021b\u0103. Bucura\u021bi-v\u0103 de \u00eendr\u0103zneal\u0103 \u0219i senzualitate de lux f\u0103r\u0103 compromisuri. Donna Born In Roma Extradose de Valentino este un parfum care aduce un omagiu femeilor puternice \u0219i independente care nu se tem s\u0103 dep\u0103\u0219easc\u0103 grani\u021bele \u0219i s\u0103 \u00ee\u0219i exprime unicitatea. Aceast\u0103 ap\u0103 de parfum aduce o interpretare \u0219i mai intens\u0103 \u0219i senzual\u0103 a parfumului iconic Donna Born In Roma &#8211; de data aceasta \u00eentr-o versiune extrem de captivant\u0103. De la prima adulmecare, ve\u021bi fi cuprins\u0103 de notele vibrante de coac\u0103ze negre, a c\u0103ror prospe\u021bime fructoas\u0103 \u0219i suculent\u0103 confer\u0103 parfumului energie \u0219i str\u0103lucire. Aceast\u0103 introducere irezistibil\u0103 simbolizeaz\u0103 spiritul tineresc \u0219i curajul de a urma propria cale. \u00cen inima parfumului se afl\u0103 un acord gurmand de rom care adaug\u0103 profunzime senzual\u0103 \u0219i sofisticare cald\u0103 \u00eentregii compozi\u021bii. Notele dulci \u0219i calde de rom evoc\u0103 o noapte plin\u0103 de pasiune \u0219i mister, aduc\u00e2nd un sentiment de lux \u0219i libertate care \u00eenv\u0103luie corpul ca un voal m\u0103t\u0103sos. Baza parfumului este alc\u0103tuit\u0103 din bogata vanilie de Madagascar, care este sinonim\u0103 cu elegan\u021ba \u0219i seduc\u021bia feminin\u0103 irezistibil\u0103. Netezimea sa cremoas\u0103 las\u0103 o urm\u0103 de lung\u0103 durat\u0103 care se simte ca o a doua piele &#8211; cald\u0103, moale \u0219i de neuitat. Donna Born In Roma Extradose nu este doar o ap\u0103 de parfum, ci o atitudine de via\u021b\u0103. Este un parfum care reflect\u0103 feminitatea modern\u0103 &#8211; puternic\u0103, dar delicat\u0103, elegant\u0103, dar rebel\u0103. Creat pentru femeile care \u00een\u021beleg c\u0103 frumuse\u021bea rezid\u0103 \u00een contraste \u0219i c\u0103 cel mai mare lux este s\u0103 fii tu \u00eens\u0103\u021bi. \u00cenf\u0103\u0219ura\u021bi-v\u0103 \u00een lux \u0219i l\u0103sa\u021bi parfumul s\u0103 v\u0103 spun\u0103 povestea. Parfumul a fost lansat pe pia\u021b\u0103 \u00een anul 2025.<\/p>\n","protected":false},"excerpt":{"rendered":"<p>Intra\u021bi \u00eentr-o lume \u00een care elegan\u021ba \u00eent\u00e2lne\u0219te feminitatea \u00eendr\u0103znea\u021b\u0103. Bucura\u021bi-v\u0103 de \u00eendr\u0103zneal\u0103 \u0219i senzualitate de lux f\u0103r\u0103 compromisuri. Donna Born In Roma Extradose de Valentino este un parfum care aduce un omagiu femeilor puternice \u0219i independente care nu se tem s\u0103 dep\u0103\u0219easc\u0103 grani\u021bele \u0219i s\u0103 \u00ee\u0219i exprime unicitatea. Aceast\u0103 ap\u0103 de parfum aduce o interpretare&#8230;<\/p>\n","protected":false},"featured_media":336079,"comment_status":"closed","ping_status":"open","template":"","meta":{"_acf_changed":false,"_kadence_starter_templates_imported_post":false,"_kad_post_transparent":"","_kad_post_title":"","_kad_post_layout":"","_kad_post_sidebar_id":"","_kad_post_content_style":"","_kad_post_vertical_padding":"","_kad_post_feature":"","_kad_post_feature_position":"","_kad_post_header":false,"_kad_post_footer":false,"_kad_post_classname":""},"product_brand":[286],"product_cat":[619,614],"product_tag":[],"class_list":{"0":"post-259575","1":"product","2":"type-product","3":"status-publish","4":"has-post-thumbnail","6":"product_brand-valentino","7":"product_cat-ape-de-parfum-edp","8":"product_cat-parfumuri","10":"first","11":"instock","12":"product-type-external","13":"entry","14":"content-bg","15":"loop-entry"},"acf":[],"yoast_head":"<!-- This site is optimized with the Yoast SEO plugin v27.4 - https:\/\/yoast.com\/product\/yoast-seo-wordpress\/ -->\n<title>Valentino Donna Born In Roma Extradose - EDP 30 ml - SHOPATOA.COM<\/title>\n<meta name=\"robots\" content=\"index, follow, max-snippet:-1, max-image-preview:large, max-video-preview:-1\" \/>\n<link rel=\"canonical\" href=\"https:\/\/shopatoa.com\/ro\/valentino-donna-born-in-roma-extradose-edp-30-ml\/\" \/>\n<meta property=\"og:locale\" content=\"ro_RO\" \/>\n<meta property=\"og:type\" content=\"article\" \/>\n<meta property=\"og:title\" content=\"Valentino Donna Born In Roma Extradose - EDP 30 ml - SHOPATOA.COM\" \/>\n<meta property=\"og:description\" content=\"Intra\u021bi \u00eentr-o lume \u00een care elegan\u021ba \u00eent\u00e2lne\u0219te feminitatea \u00eendr\u0103znea\u021b\u0103. Bucura\u021bi-v\u0103 de \u00eendr\u0103zneal\u0103 \u0219i senzualitate de lux f\u0103r\u0103 compromisuri. Donna Born In Roma Extradose de Valentino este un parfum care aduce un omagiu femeilor puternice \u0219i independente care nu se tem s\u0103 dep\u0103\u0219easc\u0103 grani\u021bele \u0219i s\u0103 \u00ee\u0219i exprime unicitatea. Aceast\u0103 ap\u0103 de parfum aduce o interpretare...\" \/>\n<meta property=\"og:url\" content=\"https:\/\/shopatoa.com\/ro\/valentino-donna-born-in-roma-extradose-edp-30-ml\/\" \/>\n<meta property=\"og:site_name\" content=\"SHOPATOA\" \/>\n<meta property=\"article:modified_time\" content=\"2025-05-16T19:00:08+00:00\" \/>\n<meta property=\"og:image\" content=\"https:\/\/storage.googleapis.com\/cz-shopatoa-img\/ro\/e3d7ddc2-unnamed-file.webp\" \/>\n\t<meta property=\"og:image:width\" content=\"800\" \/>\n\t<meta property=\"og:image:height\" content=\"800\" \/>\n\t<meta property=\"og:image:type\" content=\"image\/webp\" \/>\n<meta name=\"twitter:card\" content=\"summary_large_image\" \/>\n<meta name=\"twitter:label1\" content=\"Timp estimat pentru citire\" \/>\n\t<meta name=\"twitter:data1\" content=\"2 minute\" \/>\n<script type=\"application\/ld+json\" class=\"yoast-schema-graph\">{\"@context\":\"https:\\\/\\\/schema.org\",\"@graph\":[{\"@type\":\"WebPage\",\"@id\":\"https:\\\/\\\/shopatoa.com\\\/ro\\\/valentino-donna-born-in-roma-extradose-edp-30-ml\\\/\",\"url\":\"https:\\\/\\\/shopatoa.com\\\/ro\\\/valentino-donna-born-in-roma-extradose-edp-30-ml\\\/\",\"name\":\"Valentino Donna Born In Roma Extradose - EDP 30 ml - SHOPATOA.COM\",\"isPartOf\":{\"@id\":\"https:\\\/\\\/shopatoa.com\\\/ro\\\/#website\"},\"primaryImageOfPage\":{\"@id\":\"https:\\\/\\\/shopatoa.com\\\/ro\\\/valentino-donna-born-in-roma-extradose-edp-30-ml\\\/#primaryimage\"},\"image\":{\"@id\":\"https:\\\/\\\/shopatoa.com\\\/ro\\\/valentino-donna-born-in-roma-extradose-edp-30-ml\\\/#primaryimage\"},\"thumbnailUrl\":\"https:\\\/\\\/storage.googleapis.com\\\/cz-shopatoa-img\\\/ro\\\/e3d7ddc2-unnamed-file.webp\",\"datePublished\":\"2025-04-26T20:26:47+00:00\",\"dateModified\":\"2025-05-16T19:00:08+00:00\",\"breadcrumb\":{\"@id\":\"https:\\\/\\\/shopatoa.com\\\/ro\\\/valentino-donna-born-in-roma-extradose-edp-30-ml\\\/#breadcrumb\"},\"inLanguage\":\"ro-RO\",\"potentialAction\":[{\"@type\":\"ReadAction\",\"target\":[\"https:\\\/\\\/shopatoa.com\\\/ro\\\/valentino-donna-born-in-roma-extradose-edp-30-ml\\\/\"]}]},{\"@type\":\"ImageObject\",\"inLanguage\":\"ro-RO\",\"@id\":\"https:\\\/\\\/shopatoa.com\\\/ro\\\/valentino-donna-born-in-roma-extradose-edp-30-ml\\\/#primaryimage\",\"url\":\"https:\\\/\\\/storage.googleapis.com\\\/cz-shopatoa-img\\\/ro\\\/e3d7ddc2-unnamed-file.webp\",\"contentUrl\":\"https:\\\/\\\/storage.googleapis.com\\\/cz-shopatoa-img\\\/ro\\\/e3d7ddc2-unnamed-file.webp\",\"width\":800,\"height\":800},{\"@type\":\"BreadcrumbList\",\"@id\":\"https:\\\/\\\/shopatoa.com\\\/ro\\\/valentino-donna-born-in-roma-extradose-edp-30-ml\\\/#breadcrumb\",\"itemListElement\":[{\"@type\":\"ListItem\",\"position\":1,\"name\":\"Dom\u016f\",\"item\":\"https:\\\/\\\/shopatoa.com\\\/ro\\\/\"},{\"@type\":\"ListItem\",\"position\":2,\"name\":\"Shop\",\"item\":\"https:\\\/\\\/shopatoa.com\\\/ro\\\/shop\\\/\"},{\"@type\":\"ListItem\",\"position\":3,\"name\":\"Parfumuri\",\"item\":\"https:\\\/\\\/shopatoa.com\\\/ro\\\/parfumuri\\\/\"},{\"@type\":\"ListItem\",\"position\":4,\"name\":\"Ape de parfum (EDP)\",\"item\":\"https:\\\/\\\/shopatoa.com\\\/ro\\\/ape-de-parfum-edp\\\/\"},{\"@type\":\"ListItem\",\"position\":5,\"name\":\"Valentino Donna Born In Roma Extradose &#8211; EDP 30 ml\"}]},{\"@type\":\"WebSite\",\"@id\":\"https:\\\/\\\/shopatoa.com\\\/ro\\\/#website\",\"url\":\"https:\\\/\\\/shopatoa.com\\\/ro\\\/\",\"name\":\"SHOPATOA\",\"description\":\"\",\"publisher\":{\"@id\":\"https:\\\/\\\/shopatoa.com\\\/ro\\\/#organization\"},\"potentialAction\":[{\"@type\":\"SearchAction\",\"target\":{\"@type\":\"EntryPoint\",\"urlTemplate\":\"https:\\\/\\\/shopatoa.com\\\/ro\\\/?s={search_term_string}\"},\"query-input\":{\"@type\":\"PropertyValueSpecification\",\"valueRequired\":true,\"valueName\":\"search_term_string\"}}],\"inLanguage\":\"ro-RO\"},{\"@type\":\"Organization\",\"@id\":\"https:\\\/\\\/shopatoa.com\\\/ro\\\/#organization\",\"name\":\"SHOPATOA\",\"url\":\"https:\\\/\\\/shopatoa.com\\\/ro\\\/\",\"logo\":{\"@type\":\"ImageObject\",\"inLanguage\":\"ro-RO\",\"@id\":\"https:\\\/\\\/shopatoa.com\\\/ro\\\/#\\\/schema\\\/logo\\\/image\\\/\",\"url\":\"https:\\\/\\\/storage.googleapis.com\\\/cz-shopatoa-img\\\/ro\\\/b4dac915-shopatoa_logo.png\",\"contentUrl\":\"https:\\\/\\\/storage.googleapis.com\\\/cz-shopatoa-img\\\/ro\\\/b4dac915-shopatoa_logo.png\",\"width\":416,\"height\":63,\"caption\":\"SHOPATOA\"},\"image\":{\"@id\":\"https:\\\/\\\/shopatoa.com\\\/ro\\\/#\\\/schema\\\/logo\\\/image\\\/\"}}]}<\/script>\n<!-- \/ Yoast SEO plugin. -->","yoast_head_json":{"title":"Valentino Donna Born In Roma Extradose - EDP 30 ml - SHOPATOA.COM","robots":{"index":"index","follow":"follow","max-snippet":"max-snippet:-1","max-image-preview":"max-image-preview:large","max-video-preview":"max-video-preview:-1"},"canonical":"https:\/\/shopatoa.com\/ro\/valentino-donna-born-in-roma-extradose-edp-30-ml\/","og_locale":"ro_RO","og_type":"article","og_title":"Valentino Donna Born In Roma Extradose - EDP 30 ml - SHOPATOA.COM","og_description":"Intra\u021bi \u00eentr-o lume \u00een care elegan\u021ba \u00eent\u00e2lne\u0219te feminitatea \u00eendr\u0103znea\u021b\u0103. Bucura\u021bi-v\u0103 de \u00eendr\u0103zneal\u0103 \u0219i senzualitate de lux f\u0103r\u0103 compromisuri. Donna Born In Roma Extradose de Valentino este un parfum care aduce un omagiu femeilor puternice \u0219i independente care nu se tem s\u0103 dep\u0103\u0219easc\u0103 grani\u021bele \u0219i s\u0103 \u00ee\u0219i exprime unicitatea. Aceast\u0103 ap\u0103 de parfum aduce o interpretare...","og_url":"https:\/\/shopatoa.com\/ro\/valentino-donna-born-in-roma-extradose-edp-30-ml\/","og_site_name":"SHOPATOA","article_modified_time":"2025-05-16T19:00:08+00:00","og_image":[{"width":800,"height":800,"url":"https:\/\/storage.googleapis.com\/cz-shopatoa-img\/ro\/e3d7ddc2-unnamed-file.webp","type":"image\/webp"}],"twitter_card":"summary_large_image","twitter_misc":{"Timp estimat pentru citire":"2 minute"},"schema":{"@context":"https:\/\/schema.org","@graph":[{"@type":"WebPage","@id":"https:\/\/shopatoa.com\/ro\/valentino-donna-born-in-roma-extradose-edp-30-ml\/","url":"https:\/\/shopatoa.com\/ro\/valentino-donna-born-in-roma-extradose-edp-30-ml\/","name":"Valentino Donna Born In Roma Extradose - EDP 30 ml - SHOPATOA.COM","isPartOf":{"@id":"https:\/\/shopatoa.com\/ro\/#website"},"primaryImageOfPage":{"@id":"https:\/\/shopatoa.com\/ro\/valentino-donna-born-in-roma-extradose-edp-30-ml\/#primaryimage"},"image":{"@id":"https:\/\/shopatoa.com\/ro\/valentino-donna-born-in-roma-extradose-edp-30-ml\/#primaryimage"},"thumbnailUrl":"https:\/\/storage.googleapis.com\/cz-shopatoa-img\/ro\/e3d7ddc2-unnamed-file.webp","datePublished":"2025-04-26T20:26:47+00:00","dateModified":"2025-05-16T19:00:08+00:00","breadcrumb":{"@id":"https:\/\/shopatoa.com\/ro\/valentino-donna-born-in-roma-extradose-edp-30-ml\/#breadcrumb"},"inLanguage":"ro-RO","potentialAction":[{"@type":"ReadAction","target":["https:\/\/shopatoa.com\/ro\/valentino-donna-born-in-roma-extradose-edp-30-ml\/"]}]},{"@type":"ImageObject","inLanguage":"ro-RO","@id":"https:\/\/shopatoa.com\/ro\/valentino-donna-born-in-roma-extradose-edp-30-ml\/#primaryimage","url":"https:\/\/storage.googleapis.com\/cz-shopatoa-img\/ro\/e3d7ddc2-unnamed-file.webp","contentUrl":"https:\/\/storage.googleapis.com\/cz-shopatoa-img\/ro\/e3d7ddc2-unnamed-file.webp","width":800,"height":800},{"@type":"BreadcrumbList","@id":"https:\/\/shopatoa.com\/ro\/valentino-donna-born-in-roma-extradose-edp-30-ml\/#breadcrumb","itemListElement":[{"@type":"ListItem","position":1,"name":"Dom\u016f","item":"https:\/\/shopatoa.com\/ro\/"},{"@type":"ListItem","position":2,"name":"Shop","item":"https:\/\/shopatoa.com\/ro\/shop\/"},{"@type":"ListItem","position":3,"name":"Parfumuri","item":"https:\/\/shopatoa.com\/ro\/parfumuri\/"},{"@type":"ListItem","position":4,"name":"Ape de parfum (EDP)","item":"https:\/\/shopatoa.com\/ro\/ape-de-parfum-edp\/"},{"@type":"ListItem","position":5,"name":"Valentino Donna Born In Roma Extradose &#8211; EDP 30 ml"}]},{"@type":"WebSite","@id":"https:\/\/shopatoa.com\/ro\/#website","url":"https:\/\/shopatoa.com\/ro\/","name":"SHOPATOA","description":"","publisher":{"@id":"https:\/\/shopatoa.com\/ro\/#organization"},"potentialAction":[{"@type":"SearchAction","target":{"@type":"EntryPoint","urlTemplate":"https:\/\/shopatoa.com\/ro\/?s={search_term_string}"},"query-input":{"@type":"PropertyValueSpecification","valueRequired":true,"valueName":"search_term_string"}}],"inLanguage":"ro-RO"},{"@type":"Organization","@id":"https:\/\/shopatoa.com\/ro\/#organization","name":"SHOPATOA","url":"https:\/\/shopatoa.com\/ro\/","logo":{"@type":"ImageObject","inLanguage":"ro-RO","@id":"https:\/\/shopatoa.com\/ro\/#\/schema\/logo\/image\/","url":"https:\/\/storage.googleapis.com\/cz-shopatoa-img\/ro\/b4dac915-shopatoa_logo.png","contentUrl":"https:\/\/storage.googleapis.com\/cz-shopatoa-img\/ro\/b4dac915-shopatoa_logo.png","width":416,"height":63,"caption":"SHOPATOA"},"image":{"@id":"https:\/\/shopatoa.com\/ro\/#\/schema\/logo\/image\/"}}]}},"_links":{"self":[{"href":"https:\/\/shopatoa.com\/ro\/wp-json\/wp\/v2\/product\/259575","targetHints":{"allow":["GET"]}}],"collection":[{"href":"https:\/\/shopatoa.com\/ro\/wp-json\/wp\/v2\/product"}],"about":[{"href":"https:\/\/shopatoa.com\/ro\/wp-json\/wp\/v2\/types\/product"}],"replies":[{"embeddable":true,"href":"https:\/\/shopatoa.com\/ro\/wp-json\/wp\/v2\/comments?post=259575"}],"wp:featuredmedia":[{"embeddable":true,"href":"https:\/\/shopatoa.com\/ro\/wp-json\/wp\/v2\/media\/336079"}],"wp:attachment":[{"href":"https:\/\/shopatoa.com\/ro\/wp-json\/wp\/v2\/media?parent=259575"}],"wp:term":[{"taxonomy":"product_brand","embeddable":true,"href":"https:\/\/shopatoa.com\/ro\/wp-json\/wp\/v2\/product_brand?post=259575"},{"taxonomy":"product_cat","embeddable":true,"href":"https:\/\/shopatoa.com\/ro\/wp-json\/wp\/v2\/product_cat?post=259575"},{"taxonomy":"product_tag","embeddable":true,"href":"https:\/\/shopatoa.com\/ro\/wp-json\/wp\/v2\/product_tag?post=259575"}],"curies":[{"name":"wp","href":"https:\/\/api.w.org\/{rel}","templated":true}]}}