{"id":259577,"date":"2025-04-26T22:30:04","date_gmt":"2025-04-26T20:30:04","guid":{"rendered":"https:\/\/shopatoa.com\/ro\/valentino-uomo-born-in-roma-extradose-edp-100-ml\/"},"modified":"2025-05-16T21:00:37","modified_gmt":"2025-05-16T19:00:37","slug":"valentino-uomo-born-in-roma-extradose-edp-100-ml","status":"publish","type":"product","link":"https:\/\/shopatoa.com\/ro\/valentino-uomo-born-in-roma-extradose-edp-100-ml\/","title":{"rendered":"Valentino Uomo Born In Roma Extradose &#8211; EDP 100 ml"},"content":{"rendered":"<p>Uomo Born In Roma Extradose de la marca Valentino este esen\u021ba unui gentleman modern &#8211; \u00eencrez\u0103tor, stilat \u0219i elegant f\u0103r\u0103 compromisuri. O nou\u0103 interpretare a popularului parfum pentru b\u0103rba\u021bi Uomo Born In Roma, de data aceasta \u00eentr-o form\u0103 \u0219i mai exclusivist\u0103, atractiv\u0103 \u0219i carismatic\u0103. Deschiderea dinamic\u0103 dezv\u0103luie o explozie senzual\u0103 de note picante care subliniaz\u0103 imediat caracterul puternic al purt\u0103torului. Amestecul picant \u0219i energic d\u0103 impresia unei masculinit\u0103\u021bi ne\u00eenfr\u00e2nate care nu se va opri \u00een fa\u021ba niciunei provoc\u0103ri. Lavanda s\u0103lbatic\u0103 apare \u00een centrul compozi\u021biei, aduc\u00e2nd un echilibru sofisticat \u00eentre intensitate \u0219i u\u0219urin\u021b\u0103. Prospe\u021bimea sa aromatic\u0103 confer\u0103 parfumului o elegan\u021b\u0103 aerisit\u0103 \u0219i delicat\u0103, reflect\u00e2nd latura natural\u0103 dubl\u0103 a unui b\u0103rbat care este at\u00e2t \u00eendr\u0103zne\u021b, c\u00e2t \u0219i fermec\u0103tor. Lavanda creeaz\u0103 un contrast \u00eentre pr\u0103d\u0103tor \u0219i relaxat, la fel ca purt\u0103torul acestui parfum &#8211; un b\u0103rbat care \u00ee\u0219i urm\u0103re\u0219te scopul, dar \u00eentotdeauna cu gra\u021bie \u0219i farmec. \u00cen baz\u0103, compozi\u021bia se stabile\u0219te \u00een note lemnoase profunde care adaug\u0103 c\u0103ldur\u0103, senzualitate \u0219i intensitate de lung\u0103 durat\u0103. Lemnul de aici simbolizeaz\u0103 stabilitatea \u0219i for\u021ba de neclintit, subliniind caracterul luxos \u0219i modern al acestui parfum. Uomo Born In Roma Extradose este mai mult dec\u00e2t o ap\u0103 de parfum &#8211; este o declara\u021bie a unei personalit\u0103\u021bi puternice, un parfum pentru un b\u0103rbat care nu se teme s\u0103 fie v\u0103zut \u0219i s\u0103 lase o impresie de neuitat. Ideal pentru b\u0103rba\u021bii care doresc s\u0103 ias\u0103 \u00een eviden\u021b\u0103 din mul\u021bime \u0219i s\u0103-\u0219i sublinieze unicitatea cu un parfum la fel de intens \u0219i carismatic ca \u0219i ei. Parfumul a fost lansat pe pia\u021b\u0103 \u00een anul 2025.<\/p>\n","protected":false},"excerpt":{"rendered":"<p>Uomo Born In Roma Extradose de la marca Valentino este esen\u021ba unui gentleman modern &#8211; \u00eencrez\u0103tor, stilat \u0219i elegant f\u0103r\u0103 compromisuri. O nou\u0103 interpretare a popularului parfum pentru b\u0103rba\u021bi Uomo Born In Roma, de data aceasta \u00eentr-o form\u0103 \u0219i mai exclusivist\u0103, atractiv\u0103 \u0219i carismatic\u0103. Deschiderea dinamic\u0103 dezv\u0103luie o explozie senzual\u0103 de note picante care subliniaz\u0103&#8230;<\/p>\n","protected":false},"featured_media":336081,"comment_status":"closed","ping_status":"open","template":"","meta":{"_acf_changed":false,"_kadence_starter_templates_imported_post":false,"_kad_post_transparent":"","_kad_post_title":"","_kad_post_layout":"","_kad_post_sidebar_id":"","_kad_post_content_style":"","_kad_post_vertical_padding":"","_kad_post_feature":"","_kad_post_feature_position":"","_kad_post_header":false,"_kad_post_footer":false,"_kad_post_classname":""},"product_brand":[286],"product_cat":[619,614],"product_tag":[],"class_list":{"0":"post-259577","1":"product","2":"type-product","3":"status-publish","4":"has-post-thumbnail","6":"product_brand-valentino","7":"product_cat-ape-de-parfum-edp","8":"product_cat-parfumuri","10":"first","11":"instock","12":"product-type-external","13":"entry","14":"content-bg","15":"loop-entry"},"acf":[],"yoast_head":"<!-- This site is optimized with the Yoast SEO plugin v27.4 - https:\/\/yoast.com\/product\/yoast-seo-wordpress\/ -->\n<title>Valentino Uomo Born In Roma Extradose - EDP 100 ml - SHOPATOA.COM<\/title>\n<meta name=\"robots\" content=\"index, follow, max-snippet:-1, max-image-preview:large, max-video-preview:-1\" \/>\n<link rel=\"canonical\" href=\"https:\/\/shopatoa.com\/ro\/valentino-uomo-born-in-roma-extradose-edp-100-ml\/\" \/>\n<meta property=\"og:locale\" content=\"ro_RO\" \/>\n<meta property=\"og:type\" content=\"article\" \/>\n<meta property=\"og:title\" content=\"Valentino Uomo Born In Roma Extradose - EDP 100 ml - SHOPATOA.COM\" \/>\n<meta property=\"og:description\" content=\"Uomo Born In Roma Extradose de la marca Valentino este esen\u021ba unui gentleman modern &#8211; \u00eencrez\u0103tor, stilat \u0219i elegant f\u0103r\u0103 compromisuri. O nou\u0103 interpretare a popularului parfum pentru b\u0103rba\u021bi Uomo Born In Roma, de data aceasta \u00eentr-o form\u0103 \u0219i mai exclusivist\u0103, atractiv\u0103 \u0219i carismatic\u0103. Deschiderea dinamic\u0103 dezv\u0103luie o explozie senzual\u0103 de note picante care subliniaz\u0103...\" \/>\n<meta property=\"og:url\" content=\"https:\/\/shopatoa.com\/ro\/valentino-uomo-born-in-roma-extradose-edp-100-ml\/\" \/>\n<meta property=\"og:site_name\" content=\"SHOPATOA\" \/>\n<meta property=\"article:modified_time\" content=\"2025-05-16T19:00:37+00:00\" \/>\n<meta property=\"og:image\" content=\"https:\/\/storage.googleapis.com\/cz-shopatoa-img\/ro\/8c984827-unnamed-file.webp\" \/>\n\t<meta property=\"og:image:width\" content=\"800\" \/>\n\t<meta property=\"og:image:height\" content=\"800\" \/>\n\t<meta property=\"og:image:type\" content=\"image\/webp\" \/>\n<meta name=\"twitter:card\" content=\"summary_large_image\" \/>\n<meta name=\"twitter:label1\" content=\"Timp estimat pentru citire\" \/>\n\t<meta name=\"twitter:data1\" content=\"1 minut\" \/>\n<script type=\"application\/ld+json\" class=\"yoast-schema-graph\">{\"@context\":\"https:\\\/\\\/schema.org\",\"@graph\":[{\"@type\":\"WebPage\",\"@id\":\"https:\\\/\\\/shopatoa.com\\\/ro\\\/valentino-uomo-born-in-roma-extradose-edp-100-ml\\\/\",\"url\":\"https:\\\/\\\/shopatoa.com\\\/ro\\\/valentino-uomo-born-in-roma-extradose-edp-100-ml\\\/\",\"name\":\"Valentino Uomo Born In Roma Extradose - EDP 100 ml - SHOPATOA.COM\",\"isPartOf\":{\"@id\":\"https:\\\/\\\/shopatoa.com\\\/ro\\\/#website\"},\"primaryImageOfPage\":{\"@id\":\"https:\\\/\\\/shopatoa.com\\\/ro\\\/valentino-uomo-born-in-roma-extradose-edp-100-ml\\\/#primaryimage\"},\"image\":{\"@id\":\"https:\\\/\\\/shopatoa.com\\\/ro\\\/valentino-uomo-born-in-roma-extradose-edp-100-ml\\\/#primaryimage\"},\"thumbnailUrl\":\"https:\\\/\\\/storage.googleapis.com\\\/cz-shopatoa-img\\\/ro\\\/8c984827-unnamed-file.webp\",\"datePublished\":\"2025-04-26T20:30:04+00:00\",\"dateModified\":\"2025-05-16T19:00:37+00:00\",\"breadcrumb\":{\"@id\":\"https:\\\/\\\/shopatoa.com\\\/ro\\\/valentino-uomo-born-in-roma-extradose-edp-100-ml\\\/#breadcrumb\"},\"inLanguage\":\"ro-RO\",\"potentialAction\":[{\"@type\":\"ReadAction\",\"target\":[\"https:\\\/\\\/shopatoa.com\\\/ro\\\/valentino-uomo-born-in-roma-extradose-edp-100-ml\\\/\"]}]},{\"@type\":\"ImageObject\",\"inLanguage\":\"ro-RO\",\"@id\":\"https:\\\/\\\/shopatoa.com\\\/ro\\\/valentino-uomo-born-in-roma-extradose-edp-100-ml\\\/#primaryimage\",\"url\":\"https:\\\/\\\/storage.googleapis.com\\\/cz-shopatoa-img\\\/ro\\\/8c984827-unnamed-file.webp\",\"contentUrl\":\"https:\\\/\\\/storage.googleapis.com\\\/cz-shopatoa-img\\\/ro\\\/8c984827-unnamed-file.webp\",\"width\":800,\"height\":800},{\"@type\":\"BreadcrumbList\",\"@id\":\"https:\\\/\\\/shopatoa.com\\\/ro\\\/valentino-uomo-born-in-roma-extradose-edp-100-ml\\\/#breadcrumb\",\"itemListElement\":[{\"@type\":\"ListItem\",\"position\":1,\"name\":\"Dom\u016f\",\"item\":\"https:\\\/\\\/shopatoa.com\\\/ro\\\/\"},{\"@type\":\"ListItem\",\"position\":2,\"name\":\"Shop\",\"item\":\"https:\\\/\\\/shopatoa.com\\\/ro\\\/shop\\\/\"},{\"@type\":\"ListItem\",\"position\":3,\"name\":\"Parfumuri\",\"item\":\"https:\\\/\\\/shopatoa.com\\\/ro\\\/parfumuri\\\/\"},{\"@type\":\"ListItem\",\"position\":4,\"name\":\"Ape de parfum (EDP)\",\"item\":\"https:\\\/\\\/shopatoa.com\\\/ro\\\/ape-de-parfum-edp\\\/\"},{\"@type\":\"ListItem\",\"position\":5,\"name\":\"Valentino Uomo Born In Roma Extradose &#8211; EDP 100 ml\"}]},{\"@type\":\"WebSite\",\"@id\":\"https:\\\/\\\/shopatoa.com\\\/ro\\\/#website\",\"url\":\"https:\\\/\\\/shopatoa.com\\\/ro\\\/\",\"name\":\"SHOPATOA\",\"description\":\"\",\"publisher\":{\"@id\":\"https:\\\/\\\/shopatoa.com\\\/ro\\\/#organization\"},\"potentialAction\":[{\"@type\":\"SearchAction\",\"target\":{\"@type\":\"EntryPoint\",\"urlTemplate\":\"https:\\\/\\\/shopatoa.com\\\/ro\\\/?s={search_term_string}\"},\"query-input\":{\"@type\":\"PropertyValueSpecification\",\"valueRequired\":true,\"valueName\":\"search_term_string\"}}],\"inLanguage\":\"ro-RO\"},{\"@type\":\"Organization\",\"@id\":\"https:\\\/\\\/shopatoa.com\\\/ro\\\/#organization\",\"name\":\"SHOPATOA\",\"url\":\"https:\\\/\\\/shopatoa.com\\\/ro\\\/\",\"logo\":{\"@type\":\"ImageObject\",\"inLanguage\":\"ro-RO\",\"@id\":\"https:\\\/\\\/shopatoa.com\\\/ro\\\/#\\\/schema\\\/logo\\\/image\\\/\",\"url\":\"https:\\\/\\\/storage.googleapis.com\\\/cz-shopatoa-img\\\/ro\\\/b4dac915-shopatoa_logo.png\",\"contentUrl\":\"https:\\\/\\\/storage.googleapis.com\\\/cz-shopatoa-img\\\/ro\\\/b4dac915-shopatoa_logo.png\",\"width\":416,\"height\":63,\"caption\":\"SHOPATOA\"},\"image\":{\"@id\":\"https:\\\/\\\/shopatoa.com\\\/ro\\\/#\\\/schema\\\/logo\\\/image\\\/\"}}]}<\/script>\n<!-- \/ Yoast SEO plugin. -->","yoast_head_json":{"title":"Valentino Uomo Born In Roma Extradose - EDP 100 ml - SHOPATOA.COM","robots":{"index":"index","follow":"follow","max-snippet":"max-snippet:-1","max-image-preview":"max-image-preview:large","max-video-preview":"max-video-preview:-1"},"canonical":"https:\/\/shopatoa.com\/ro\/valentino-uomo-born-in-roma-extradose-edp-100-ml\/","og_locale":"ro_RO","og_type":"article","og_title":"Valentino Uomo Born In Roma Extradose - EDP 100 ml - SHOPATOA.COM","og_description":"Uomo Born In Roma Extradose de la marca Valentino este esen\u021ba unui gentleman modern &#8211; \u00eencrez\u0103tor, stilat \u0219i elegant f\u0103r\u0103 compromisuri. O nou\u0103 interpretare a popularului parfum pentru b\u0103rba\u021bi Uomo Born In Roma, de data aceasta \u00eentr-o form\u0103 \u0219i mai exclusivist\u0103, atractiv\u0103 \u0219i carismatic\u0103. Deschiderea dinamic\u0103 dezv\u0103luie o explozie senzual\u0103 de note picante care subliniaz\u0103...","og_url":"https:\/\/shopatoa.com\/ro\/valentino-uomo-born-in-roma-extradose-edp-100-ml\/","og_site_name":"SHOPATOA","article_modified_time":"2025-05-16T19:00:37+00:00","og_image":[{"width":800,"height":800,"url":"https:\/\/storage.googleapis.com\/cz-shopatoa-img\/ro\/8c984827-unnamed-file.webp","type":"image\/webp"}],"twitter_card":"summary_large_image","twitter_misc":{"Timp estimat pentru citire":"1 minut"},"schema":{"@context":"https:\/\/schema.org","@graph":[{"@type":"WebPage","@id":"https:\/\/shopatoa.com\/ro\/valentino-uomo-born-in-roma-extradose-edp-100-ml\/","url":"https:\/\/shopatoa.com\/ro\/valentino-uomo-born-in-roma-extradose-edp-100-ml\/","name":"Valentino Uomo Born In Roma Extradose - EDP 100 ml - SHOPATOA.COM","isPartOf":{"@id":"https:\/\/shopatoa.com\/ro\/#website"},"primaryImageOfPage":{"@id":"https:\/\/shopatoa.com\/ro\/valentino-uomo-born-in-roma-extradose-edp-100-ml\/#primaryimage"},"image":{"@id":"https:\/\/shopatoa.com\/ro\/valentino-uomo-born-in-roma-extradose-edp-100-ml\/#primaryimage"},"thumbnailUrl":"https:\/\/storage.googleapis.com\/cz-shopatoa-img\/ro\/8c984827-unnamed-file.webp","datePublished":"2025-04-26T20:30:04+00:00","dateModified":"2025-05-16T19:00:37+00:00","breadcrumb":{"@id":"https:\/\/shopatoa.com\/ro\/valentino-uomo-born-in-roma-extradose-edp-100-ml\/#breadcrumb"},"inLanguage":"ro-RO","potentialAction":[{"@type":"ReadAction","target":["https:\/\/shopatoa.com\/ro\/valentino-uomo-born-in-roma-extradose-edp-100-ml\/"]}]},{"@type":"ImageObject","inLanguage":"ro-RO","@id":"https:\/\/shopatoa.com\/ro\/valentino-uomo-born-in-roma-extradose-edp-100-ml\/#primaryimage","url":"https:\/\/storage.googleapis.com\/cz-shopatoa-img\/ro\/8c984827-unnamed-file.webp","contentUrl":"https:\/\/storage.googleapis.com\/cz-shopatoa-img\/ro\/8c984827-unnamed-file.webp","width":800,"height":800},{"@type":"BreadcrumbList","@id":"https:\/\/shopatoa.com\/ro\/valentino-uomo-born-in-roma-extradose-edp-100-ml\/#breadcrumb","itemListElement":[{"@type":"ListItem","position":1,"name":"Dom\u016f","item":"https:\/\/shopatoa.com\/ro\/"},{"@type":"ListItem","position":2,"name":"Shop","item":"https:\/\/shopatoa.com\/ro\/shop\/"},{"@type":"ListItem","position":3,"name":"Parfumuri","item":"https:\/\/shopatoa.com\/ro\/parfumuri\/"},{"@type":"ListItem","position":4,"name":"Ape de parfum (EDP)","item":"https:\/\/shopatoa.com\/ro\/ape-de-parfum-edp\/"},{"@type":"ListItem","position":5,"name":"Valentino Uomo Born In Roma Extradose &#8211; EDP 100 ml"}]},{"@type":"WebSite","@id":"https:\/\/shopatoa.com\/ro\/#website","url":"https:\/\/shopatoa.com\/ro\/","name":"SHOPATOA","description":"","publisher":{"@id":"https:\/\/shopatoa.com\/ro\/#organization"},"potentialAction":[{"@type":"SearchAction","target":{"@type":"EntryPoint","urlTemplate":"https:\/\/shopatoa.com\/ro\/?s={search_term_string}"},"query-input":{"@type":"PropertyValueSpecification","valueRequired":true,"valueName":"search_term_string"}}],"inLanguage":"ro-RO"},{"@type":"Organization","@id":"https:\/\/shopatoa.com\/ro\/#organization","name":"SHOPATOA","url":"https:\/\/shopatoa.com\/ro\/","logo":{"@type":"ImageObject","inLanguage":"ro-RO","@id":"https:\/\/shopatoa.com\/ro\/#\/schema\/logo\/image\/","url":"https:\/\/storage.googleapis.com\/cz-shopatoa-img\/ro\/b4dac915-shopatoa_logo.png","contentUrl":"https:\/\/storage.googleapis.com\/cz-shopatoa-img\/ro\/b4dac915-shopatoa_logo.png","width":416,"height":63,"caption":"SHOPATOA"},"image":{"@id":"https:\/\/shopatoa.com\/ro\/#\/schema\/logo\/image\/"}}]}},"_links":{"self":[{"href":"https:\/\/shopatoa.com\/ro\/wp-json\/wp\/v2\/product\/259577","targetHints":{"allow":["GET"]}}],"collection":[{"href":"https:\/\/shopatoa.com\/ro\/wp-json\/wp\/v2\/product"}],"about":[{"href":"https:\/\/shopatoa.com\/ro\/wp-json\/wp\/v2\/types\/product"}],"replies":[{"embeddable":true,"href":"https:\/\/shopatoa.com\/ro\/wp-json\/wp\/v2\/comments?post=259577"}],"wp:featuredmedia":[{"embeddable":true,"href":"https:\/\/shopatoa.com\/ro\/wp-json\/wp\/v2\/media\/336081"}],"wp:attachment":[{"href":"https:\/\/shopatoa.com\/ro\/wp-json\/wp\/v2\/media?parent=259577"}],"wp:term":[{"taxonomy":"product_brand","embeddable":true,"href":"https:\/\/shopatoa.com\/ro\/wp-json\/wp\/v2\/product_brand?post=259577"},{"taxonomy":"product_cat","embeddable":true,"href":"https:\/\/shopatoa.com\/ro\/wp-json\/wp\/v2\/product_cat?post=259577"},{"taxonomy":"product_tag","embeddable":true,"href":"https:\/\/shopatoa.com\/ro\/wp-json\/wp\/v2\/product_tag?post=259577"}],"curies":[{"name":"wp","href":"https:\/\/api.w.org\/{rel}","templated":true}]}}