{"id":259784,"date":"2025-04-26T23:45:24","date_gmt":"2025-04-26T21:45:24","guid":{"rendered":"https:\/\/shopatoa.com\/ro\/beautyrelax-microdermabraziune-diamantata-peelmax-prestige\/"},"modified":"2025-11-02T01:23:48","modified_gmt":"2025-11-02T00:23:48","slug":"beautyrelax-microdermabraziune-diamantata-peelmax-prestige","status":"publish","type":"product","link":"https:\/\/shopatoa.com\/ro\/beautyrelax-microdermabraziune-diamantata-peelmax-prestige\/","title":{"rendered":"BeautyRelax Microdermabraziune diamantat\u0103 Peelmax Prestige"},"content":{"rendered":"<p>Microdermabraziunea Peelmax Prestige este un dispozitiv cosmetic complet pentru cur\u0103\u021barea temeinic\u0103 a pielii la nivel profesional. 3 aplicatoare interschimbabile cu o suprafa\u021b\u0103 abraziv\u0103 ofer\u0103 un tratament pentru piele comparabil cu o vizit\u0103 la un salon de \u00eenfrumuse\u021bare. BeautyRelax Peelmax Prestige cur\u0103\u021b\u0103, regenereaz\u0103 \u0219i red\u0103 frumuse\u021bea natural\u0103. Pielea dvs. va fi mai fin\u0103, mai ferm\u0103 \u0219i mai str\u0103lucitoare la atingere imediat dup\u0103 utilizare. Aplicatoarele interschimbabile \u0219i posibilitatea de a stabili 3 niveluri de performan\u021b\u0103 ofer\u0103 o abordare individual\u0103 pentru toate tipurile de piele de toate v\u00e2rstele.<\/p>\n","protected":false},"excerpt":{"rendered":"<p>Microdermabraziunea Peelmax Prestige este un dispozitiv cosmetic complet pentru cur\u0103\u021barea temeinic\u0103 a pielii la nivel profesional. 3 aplicatoare interschimbabile cu o suprafa\u021b\u0103 abraziv\u0103 ofer\u0103 un tratament pentru piele comparabil cu o vizit\u0103 la un salon de \u00eenfrumuse\u021bare. BeautyRelax Peelmax Prestige cur\u0103\u021b\u0103, regenereaz\u0103 \u0219i red\u0103 frumuse\u021bea natural\u0103. Pielea dvs. va fi mai fin\u0103, mai ferm\u0103 \u0219i&#8230;<\/p>\n","protected":false},"featured_media":336276,"comment_status":"closed","ping_status":"open","template":"","meta":{"_acf_changed":false,"_kadence_starter_templates_imported_post":false,"_kad_post_transparent":"","_kad_post_title":"","_kad_post_layout":"","_kad_post_sidebar_id":"","_kad_post_content_style":"","_kad_post_vertical_padding":"","_kad_post_feature":"","_kad_post_feature_position":"","_kad_post_header":false,"_kad_post_footer":false,"_kad_post_classname":""},"product_brand":[235],"product_cat":[246,688,748,633],"product_tag":[],"class_list":{"0":"post-259784","1":"product","2":"type-product","3":"status-publish","4":"has-post-thumbnail","6":"product_brand-beautyrelax","7":"product_cat-cosmetice","8":"product_cat-dispozitive-cosmetice-pentru-ingrijirea-pielii","9":"product_cat-dispozitive-de-curatare","10":"product_cat-produse-cosmetice-pentru-piele","12":"first","13":"instock","14":"product-type-external","15":"entry","16":"content-bg","17":"loop-entry"},"acf":[],"yoast_head":"<!-- This site is optimized with the Yoast SEO plugin v27.3 - https:\/\/yoast.com\/product\/yoast-seo-wordpress\/ -->\n<title>BeautyRelax Microdermabraziune diamantat\u0103 Peelmax Prestige - SHOPATOA.COM<\/title>\n<meta name=\"robots\" content=\"index, follow, max-snippet:-1, max-image-preview:large, max-video-preview:-1\" \/>\n<link rel=\"canonical\" href=\"https:\/\/shopatoa.com\/ro\/beautyrelax-microdermabraziune-diamantata-peelmax-prestige\/\" \/>\n<meta property=\"og:locale\" content=\"ro_RO\" \/>\n<meta property=\"og:type\" content=\"article\" \/>\n<meta property=\"og:title\" content=\"BeautyRelax Microdermabraziune diamantat\u0103 Peelmax Prestige - SHOPATOA.COM\" \/>\n<meta property=\"og:description\" content=\"Microdermabraziunea Peelmax Prestige este un dispozitiv cosmetic complet pentru cur\u0103\u021barea temeinic\u0103 a pielii la nivel profesional. 3 aplicatoare interschimbabile cu o suprafa\u021b\u0103 abraziv\u0103 ofer\u0103 un tratament pentru piele comparabil cu o vizit\u0103 la un salon de \u00eenfrumuse\u021bare. BeautyRelax Peelmax Prestige cur\u0103\u021b\u0103, regenereaz\u0103 \u0219i red\u0103 frumuse\u021bea natural\u0103. Pielea dvs. va fi mai fin\u0103, mai ferm\u0103 \u0219i...\" \/>\n<meta property=\"og:url\" content=\"https:\/\/shopatoa.com\/ro\/beautyrelax-microdermabraziune-diamantata-peelmax-prestige\/\" \/>\n<meta property=\"og:site_name\" content=\"SHOPATOA\" \/>\n<meta property=\"article:modified_time\" content=\"2025-11-02T00:23:48+00:00\" \/>\n<meta property=\"og:image\" content=\"https:\/\/storage.googleapis.com\/cz-shopatoa-img\/ro\/b574c1d5-unnamed-file.webp\" \/>\n\t<meta property=\"og:image:width\" content=\"800\" \/>\n\t<meta property=\"og:image:height\" content=\"800\" \/>\n\t<meta property=\"og:image:type\" content=\"image\/webp\" \/>\n<meta name=\"twitter:card\" content=\"summary_large_image\" \/>\n<script type=\"application\/ld+json\" class=\"yoast-schema-graph\">{\"@context\":\"https:\\\/\\\/schema.org\",\"@graph\":[{\"@type\":\"WebPage\",\"@id\":\"https:\\\/\\\/shopatoa.com\\\/ro\\\/beautyrelax-microdermabraziune-diamantata-peelmax-prestige\\\/\",\"url\":\"https:\\\/\\\/shopatoa.com\\\/ro\\\/beautyrelax-microdermabraziune-diamantata-peelmax-prestige\\\/\",\"name\":\"BeautyRelax Microdermabraziune diamantat\u0103 Peelmax Prestige - SHOPATOA.COM\",\"isPartOf\":{\"@id\":\"https:\\\/\\\/shopatoa.com\\\/ro\\\/#website\"},\"primaryImageOfPage\":{\"@id\":\"https:\\\/\\\/shopatoa.com\\\/ro\\\/beautyrelax-microdermabraziune-diamantata-peelmax-prestige\\\/#primaryimage\"},\"image\":{\"@id\":\"https:\\\/\\\/shopatoa.com\\\/ro\\\/beautyrelax-microdermabraziune-diamantata-peelmax-prestige\\\/#primaryimage\"},\"thumbnailUrl\":\"https:\\\/\\\/storage.googleapis.com\\\/cz-shopatoa-img\\\/ro\\\/b574c1d5-unnamed-file.webp\",\"datePublished\":\"2025-04-26T21:45:24+00:00\",\"dateModified\":\"2025-11-02T00:23:48+00:00\",\"breadcrumb\":{\"@id\":\"https:\\\/\\\/shopatoa.com\\\/ro\\\/beautyrelax-microdermabraziune-diamantata-peelmax-prestige\\\/#breadcrumb\"},\"inLanguage\":\"ro-RO\",\"potentialAction\":[{\"@type\":\"ReadAction\",\"target\":[\"https:\\\/\\\/shopatoa.com\\\/ro\\\/beautyrelax-microdermabraziune-diamantata-peelmax-prestige\\\/\"]}]},{\"@type\":\"ImageObject\",\"inLanguage\":\"ro-RO\",\"@id\":\"https:\\\/\\\/shopatoa.com\\\/ro\\\/beautyrelax-microdermabraziune-diamantata-peelmax-prestige\\\/#primaryimage\",\"url\":\"https:\\\/\\\/storage.googleapis.com\\\/cz-shopatoa-img\\\/ro\\\/b574c1d5-unnamed-file.webp\",\"contentUrl\":\"https:\\\/\\\/storage.googleapis.com\\\/cz-shopatoa-img\\\/ro\\\/b574c1d5-unnamed-file.webp\",\"width\":800,\"height\":800},{\"@type\":\"BreadcrumbList\",\"@id\":\"https:\\\/\\\/shopatoa.com\\\/ro\\\/beautyrelax-microdermabraziune-diamantata-peelmax-prestige\\\/#breadcrumb\",\"itemListElement\":[{\"@type\":\"ListItem\",\"position\":1,\"name\":\"Dom\u016f\",\"item\":\"https:\\\/\\\/shopatoa.com\\\/ro\\\/\"},{\"@type\":\"ListItem\",\"position\":2,\"name\":\"Shop\",\"item\":\"https:\\\/\\\/shopatoa.com\\\/ro\\\/shop\\\/\"},{\"@type\":\"ListItem\",\"position\":3,\"name\":\"Cosmetice\",\"item\":\"https:\\\/\\\/shopatoa.com\\\/ro\\\/cosmetice\\\/\"},{\"@type\":\"ListItem\",\"position\":4,\"name\":\"Produse cosmetice pentru piele\",\"item\":\"https:\\\/\\\/shopatoa.com\\\/ro\\\/produse-cosmetice-pentru-piele\\\/\"},{\"@type\":\"ListItem\",\"position\":5,\"name\":\"Dispozitive cosmetice pentru \u00eengrijirea pielii\",\"item\":\"https:\\\/\\\/shopatoa.com\\\/ro\\\/dispozitive-cosmetice-pentru-ingrijirea-pielii\\\/\"},{\"@type\":\"ListItem\",\"position\":6,\"name\":\"Dispozitive de cur\u0103\u021bare\",\"item\":\"https:\\\/\\\/shopatoa.com\\\/ro\\\/dispozitive-de-curatare\\\/\"},{\"@type\":\"ListItem\",\"position\":7,\"name\":\"BeautyRelax Microdermabraziune diamantat\u0103 Peelmax Prestige\"}]},{\"@type\":\"WebSite\",\"@id\":\"https:\\\/\\\/shopatoa.com\\\/ro\\\/#website\",\"url\":\"https:\\\/\\\/shopatoa.com\\\/ro\\\/\",\"name\":\"SHOPATOA\",\"description\":\"\",\"publisher\":{\"@id\":\"https:\\\/\\\/shopatoa.com\\\/ro\\\/#organization\"},\"potentialAction\":[{\"@type\":\"SearchAction\",\"target\":{\"@type\":\"EntryPoint\",\"urlTemplate\":\"https:\\\/\\\/shopatoa.com\\\/ro\\\/?s={search_term_string}\"},\"query-input\":{\"@type\":\"PropertyValueSpecification\",\"valueRequired\":true,\"valueName\":\"search_term_string\"}}],\"inLanguage\":\"ro-RO\"},{\"@type\":\"Organization\",\"@id\":\"https:\\\/\\\/shopatoa.com\\\/ro\\\/#organization\",\"name\":\"SHOPATOA\",\"url\":\"https:\\\/\\\/shopatoa.com\\\/ro\\\/\",\"logo\":{\"@type\":\"ImageObject\",\"inLanguage\":\"ro-RO\",\"@id\":\"https:\\\/\\\/shopatoa.com\\\/ro\\\/#\\\/schema\\\/logo\\\/image\\\/\",\"url\":\"https:\\\/\\\/storage.googleapis.com\\\/cz-shopatoa-img\\\/ro\\\/b4dac915-shopatoa_logo.png\",\"contentUrl\":\"https:\\\/\\\/storage.googleapis.com\\\/cz-shopatoa-img\\\/ro\\\/b4dac915-shopatoa_logo.png\",\"width\":416,\"height\":63,\"caption\":\"SHOPATOA\"},\"image\":{\"@id\":\"https:\\\/\\\/shopatoa.com\\\/ro\\\/#\\\/schema\\\/logo\\\/image\\\/\"}}]}<\/script>\n<!-- \/ Yoast SEO plugin. -->","yoast_head_json":{"title":"BeautyRelax Microdermabraziune diamantat\u0103 Peelmax Prestige - SHOPATOA.COM","robots":{"index":"index","follow":"follow","max-snippet":"max-snippet:-1","max-image-preview":"max-image-preview:large","max-video-preview":"max-video-preview:-1"},"canonical":"https:\/\/shopatoa.com\/ro\/beautyrelax-microdermabraziune-diamantata-peelmax-prestige\/","og_locale":"ro_RO","og_type":"article","og_title":"BeautyRelax Microdermabraziune diamantat\u0103 Peelmax Prestige - SHOPATOA.COM","og_description":"Microdermabraziunea Peelmax Prestige este un dispozitiv cosmetic complet pentru cur\u0103\u021barea temeinic\u0103 a pielii la nivel profesional. 3 aplicatoare interschimbabile cu o suprafa\u021b\u0103 abraziv\u0103 ofer\u0103 un tratament pentru piele comparabil cu o vizit\u0103 la un salon de \u00eenfrumuse\u021bare. BeautyRelax Peelmax Prestige cur\u0103\u021b\u0103, regenereaz\u0103 \u0219i red\u0103 frumuse\u021bea natural\u0103. Pielea dvs. va fi mai fin\u0103, mai ferm\u0103 \u0219i...","og_url":"https:\/\/shopatoa.com\/ro\/beautyrelax-microdermabraziune-diamantata-peelmax-prestige\/","og_site_name":"SHOPATOA","article_modified_time":"2025-11-02T00:23:48+00:00","og_image":[{"width":800,"height":800,"url":"https:\/\/storage.googleapis.com\/cz-shopatoa-img\/ro\/b574c1d5-unnamed-file.webp","type":"image\/webp"}],"twitter_card":"summary_large_image","schema":{"@context":"https:\/\/schema.org","@graph":[{"@type":"WebPage","@id":"https:\/\/shopatoa.com\/ro\/beautyrelax-microdermabraziune-diamantata-peelmax-prestige\/","url":"https:\/\/shopatoa.com\/ro\/beautyrelax-microdermabraziune-diamantata-peelmax-prestige\/","name":"BeautyRelax Microdermabraziune diamantat\u0103 Peelmax Prestige - SHOPATOA.COM","isPartOf":{"@id":"https:\/\/shopatoa.com\/ro\/#website"},"primaryImageOfPage":{"@id":"https:\/\/shopatoa.com\/ro\/beautyrelax-microdermabraziune-diamantata-peelmax-prestige\/#primaryimage"},"image":{"@id":"https:\/\/shopatoa.com\/ro\/beautyrelax-microdermabraziune-diamantata-peelmax-prestige\/#primaryimage"},"thumbnailUrl":"https:\/\/storage.googleapis.com\/cz-shopatoa-img\/ro\/b574c1d5-unnamed-file.webp","datePublished":"2025-04-26T21:45:24+00:00","dateModified":"2025-11-02T00:23:48+00:00","breadcrumb":{"@id":"https:\/\/shopatoa.com\/ro\/beautyrelax-microdermabraziune-diamantata-peelmax-prestige\/#breadcrumb"},"inLanguage":"ro-RO","potentialAction":[{"@type":"ReadAction","target":["https:\/\/shopatoa.com\/ro\/beautyrelax-microdermabraziune-diamantata-peelmax-prestige\/"]}]},{"@type":"ImageObject","inLanguage":"ro-RO","@id":"https:\/\/shopatoa.com\/ro\/beautyrelax-microdermabraziune-diamantata-peelmax-prestige\/#primaryimage","url":"https:\/\/storage.googleapis.com\/cz-shopatoa-img\/ro\/b574c1d5-unnamed-file.webp","contentUrl":"https:\/\/storage.googleapis.com\/cz-shopatoa-img\/ro\/b574c1d5-unnamed-file.webp","width":800,"height":800},{"@type":"BreadcrumbList","@id":"https:\/\/shopatoa.com\/ro\/beautyrelax-microdermabraziune-diamantata-peelmax-prestige\/#breadcrumb","itemListElement":[{"@type":"ListItem","position":1,"name":"Dom\u016f","item":"https:\/\/shopatoa.com\/ro\/"},{"@type":"ListItem","position":2,"name":"Shop","item":"https:\/\/shopatoa.com\/ro\/shop\/"},{"@type":"ListItem","position":3,"name":"Cosmetice","item":"https:\/\/shopatoa.com\/ro\/cosmetice\/"},{"@type":"ListItem","position":4,"name":"Produse cosmetice pentru piele","item":"https:\/\/shopatoa.com\/ro\/produse-cosmetice-pentru-piele\/"},{"@type":"ListItem","position":5,"name":"Dispozitive cosmetice pentru \u00eengrijirea pielii","item":"https:\/\/shopatoa.com\/ro\/dispozitive-cosmetice-pentru-ingrijirea-pielii\/"},{"@type":"ListItem","position":6,"name":"Dispozitive de cur\u0103\u021bare","item":"https:\/\/shopatoa.com\/ro\/dispozitive-de-curatare\/"},{"@type":"ListItem","position":7,"name":"BeautyRelax Microdermabraziune diamantat\u0103 Peelmax Prestige"}]},{"@type":"WebSite","@id":"https:\/\/shopatoa.com\/ro\/#website","url":"https:\/\/shopatoa.com\/ro\/","name":"SHOPATOA","description":"","publisher":{"@id":"https:\/\/shopatoa.com\/ro\/#organization"},"potentialAction":[{"@type":"SearchAction","target":{"@type":"EntryPoint","urlTemplate":"https:\/\/shopatoa.com\/ro\/?s={search_term_string}"},"query-input":{"@type":"PropertyValueSpecification","valueRequired":true,"valueName":"search_term_string"}}],"inLanguage":"ro-RO"},{"@type":"Organization","@id":"https:\/\/shopatoa.com\/ro\/#organization","name":"SHOPATOA","url":"https:\/\/shopatoa.com\/ro\/","logo":{"@type":"ImageObject","inLanguage":"ro-RO","@id":"https:\/\/shopatoa.com\/ro\/#\/schema\/logo\/image\/","url":"https:\/\/storage.googleapis.com\/cz-shopatoa-img\/ro\/b4dac915-shopatoa_logo.png","contentUrl":"https:\/\/storage.googleapis.com\/cz-shopatoa-img\/ro\/b4dac915-shopatoa_logo.png","width":416,"height":63,"caption":"SHOPATOA"},"image":{"@id":"https:\/\/shopatoa.com\/ro\/#\/schema\/logo\/image\/"}}]}},"_links":{"self":[{"href":"https:\/\/shopatoa.com\/ro\/wp-json\/wp\/v2\/product\/259784","targetHints":{"allow":["GET"]}}],"collection":[{"href":"https:\/\/shopatoa.com\/ro\/wp-json\/wp\/v2\/product"}],"about":[{"href":"https:\/\/shopatoa.com\/ro\/wp-json\/wp\/v2\/types\/product"}],"replies":[{"embeddable":true,"href":"https:\/\/shopatoa.com\/ro\/wp-json\/wp\/v2\/comments?post=259784"}],"wp:featuredmedia":[{"embeddable":true,"href":"https:\/\/shopatoa.com\/ro\/wp-json\/wp\/v2\/media\/336276"}],"wp:attachment":[{"href":"https:\/\/shopatoa.com\/ro\/wp-json\/wp\/v2\/media?parent=259784"}],"wp:term":[{"taxonomy":"product_brand","embeddable":true,"href":"https:\/\/shopatoa.com\/ro\/wp-json\/wp\/v2\/product_brand?post=259784"},{"taxonomy":"product_cat","embeddable":true,"href":"https:\/\/shopatoa.com\/ro\/wp-json\/wp\/v2\/product_cat?post=259784"},{"taxonomy":"product_tag","embeddable":true,"href":"https:\/\/shopatoa.com\/ro\/wp-json\/wp\/v2\/product_tag?post=259784"}],"curies":[{"name":"wp","href":"https:\/\/api.w.org\/{rel}","templated":true}]}}