{"id":259918,"date":"2025-04-27T00:36:35","date_gmt":"2025-04-26T22:36:35","guid":{"rendered":"https:\/\/shopatoa.com\/ro\/ducray-fluid-de-protectie-pentru-tenul-problematic-spf-50-keracnyl-uv-anti-blemish-fluid-50-ml\/"},"modified":"2025-12-12T19:13:41","modified_gmt":"2025-12-12T18:13:41","slug":"ducray-fluid-de-protectie-pentru-tenul-problematic-spf-50-keracnyl-uv-anti-blemish-fluid-50-ml","status":"publish","type":"product","link":"https:\/\/shopatoa.com\/ro\/ducray-fluid-de-protectie-pentru-tenul-problematic-spf-50-keracnyl-uv-anti-blemish-fluid-50-ml\/","title":{"rendered":"Ducray Fluid de protec\u021bie pentru tenul problematic SPF 50+ Keracnyl UV (Anti-Blemish Fluid) 50 ml"},"content":{"rendered":"<p>Fluid protector special formulat pentru tenul cu tendin\u021b\u0103 acneic\u0103. Datorit\u0103 filtrelor patentate UVA\/UVB, asigur\u0103 o protec\u021bie ridicat\u0103 SPF 50+, \u00een timp ce contracareaz\u0103 imperfec\u021biunile. Con\u021bine myrtacine\u00ae \u0219i celastrol, dou\u0103 ingrediente active de origine natural\u0103 care ajut\u0103 la eliminarea simptomelor acneei \u0219i previn \u201eefectul de rico\u0219eu\u201d, care este deteriorarea pielii dup\u0103 expunerea la soare. Textura u\u0219oar\u0103 las\u0103 un finisaj mat \u0219i un control de lung\u0103 durat\u0103 al str\u0103lucirii. Este rezistent la transpira\u021bie \u0219i ap\u0103, nu las\u0103 o pelicul\u0103 alb\u0103 \u0219i este ideal ca baz\u0103 pentru machiaj.<\/p>\n","protected":false},"excerpt":{"rendered":"<p>Fluid protector special formulat pentru tenul cu tendin\u021b\u0103 acneic\u0103. Datorit\u0103 filtrelor patentate UVA\/UVB, asigur\u0103 o protec\u021bie ridicat\u0103 SPF 50+, \u00een timp ce contracareaz\u0103 imperfec\u021biunile. Con\u021bine myrtacine\u00ae \u0219i celastrol, dou\u0103 ingrediente active de origine natural\u0103 care ajut\u0103 la eliminarea simptomelor acneei \u0219i previn \u201eefectul de rico\u0219eu\u201d, care este deteriorarea pielii dup\u0103 expunerea la soare. Textura u\u0219oar\u0103&#8230;<\/p>\n","protected":false},"featured_media":336411,"comment_status":"closed","ping_status":"open","template":"","meta":{"_acf_changed":false,"_kadence_starter_templates_imported_post":false,"_kad_post_transparent":"","_kad_post_title":"","_kad_post_layout":"","_kad_post_sidebar_id":"","_kad_post_content_style":"","_kad_post_vertical_padding":"","_kad_post_feature":"","_kad_post_feature_position":"","_kad_post_header":false,"_kad_post_footer":false,"_kad_post_classname":""},"product_brand":[869],"product_cat":[246,713,634,633],"product_tag":[],"class_list":{"0":"post-259918","1":"product","2":"type-product","3":"status-publish","4":"has-post-thumbnail","6":"product_brand-ducray","7":"product_cat-cosmetice","8":"product_cat-pori-dilatati-acnee","9":"product_cat-produse-cosmetice-de-ingrijire-a-pielii","10":"product_cat-produse-cosmetice-pentru-piele","12":"first","13":"instock","14":"product-type-external","15":"entry","16":"content-bg","17":"loop-entry"},"acf":[],"yoast_head":"<!-- This site is optimized with the Yoast SEO plugin v27.3 - https:\/\/yoast.com\/product\/yoast-seo-wordpress\/ -->\n<title>Ducray Fluid de protec\u021bie pentru tenul problematic SPF 50+ Keracnyl UV (Anti-Blemish Fluid) 50 ml - SHOPATOA.COM<\/title>\n<meta name=\"robots\" content=\"index, follow, max-snippet:-1, max-image-preview:large, max-video-preview:-1\" \/>\n<link rel=\"canonical\" href=\"https:\/\/shopatoa.com\/ro\/ducray-fluid-de-protectie-pentru-tenul-problematic-spf-50-keracnyl-uv-anti-blemish-fluid-50-ml\/\" \/>\n<meta property=\"og:locale\" content=\"ro_RO\" \/>\n<meta property=\"og:type\" content=\"article\" \/>\n<meta property=\"og:title\" content=\"Ducray Fluid de protec\u021bie pentru tenul problematic SPF 50+ Keracnyl UV (Anti-Blemish Fluid) 50 ml - SHOPATOA.COM\" \/>\n<meta property=\"og:description\" content=\"Fluid protector special formulat pentru tenul cu tendin\u021b\u0103 acneic\u0103. Datorit\u0103 filtrelor patentate UVA\/UVB, asigur\u0103 o protec\u021bie ridicat\u0103 SPF 50+, \u00een timp ce contracareaz\u0103 imperfec\u021biunile. Con\u021bine myrtacine\u00ae \u0219i celastrol, dou\u0103 ingrediente active de origine natural\u0103 care ajut\u0103 la eliminarea simptomelor acneei \u0219i previn \u201eefectul de rico\u0219eu\u201d, care este deteriorarea pielii dup\u0103 expunerea la soare. Textura u\u0219oar\u0103...\" \/>\n<meta property=\"og:url\" content=\"https:\/\/shopatoa.com\/ro\/ducray-fluid-de-protectie-pentru-tenul-problematic-spf-50-keracnyl-uv-anti-blemish-fluid-50-ml\/\" \/>\n<meta property=\"og:site_name\" content=\"SHOPATOA\" \/>\n<meta property=\"article:modified_time\" content=\"2025-12-12T18:13:41+00:00\" \/>\n<meta property=\"og:image\" content=\"https:\/\/storage.googleapis.com\/cz-shopatoa-img\/ro\/2bb45eb0-unnamed-file.webp\" \/>\n\t<meta property=\"og:image:width\" content=\"800\" \/>\n\t<meta property=\"og:image:height\" content=\"800\" \/>\n\t<meta property=\"og:image:type\" content=\"image\/webp\" \/>\n<meta name=\"twitter:card\" content=\"summary_large_image\" \/>\n<script type=\"application\/ld+json\" class=\"yoast-schema-graph\">{\"@context\":\"https:\\\/\\\/schema.org\",\"@graph\":[{\"@type\":\"WebPage\",\"@id\":\"https:\\\/\\\/shopatoa.com\\\/ro\\\/ducray-fluid-de-protectie-pentru-tenul-problematic-spf-50-keracnyl-uv-anti-blemish-fluid-50-ml\\\/\",\"url\":\"https:\\\/\\\/shopatoa.com\\\/ro\\\/ducray-fluid-de-protectie-pentru-tenul-problematic-spf-50-keracnyl-uv-anti-blemish-fluid-50-ml\\\/\",\"name\":\"Ducray Fluid de protec\u021bie pentru tenul problematic SPF 50+ Keracnyl UV (Anti-Blemish Fluid) 50 ml - SHOPATOA.COM\",\"isPartOf\":{\"@id\":\"https:\\\/\\\/shopatoa.com\\\/ro\\\/#website\"},\"primaryImageOfPage\":{\"@id\":\"https:\\\/\\\/shopatoa.com\\\/ro\\\/ducray-fluid-de-protectie-pentru-tenul-problematic-spf-50-keracnyl-uv-anti-blemish-fluid-50-ml\\\/#primaryimage\"},\"image\":{\"@id\":\"https:\\\/\\\/shopatoa.com\\\/ro\\\/ducray-fluid-de-protectie-pentru-tenul-problematic-spf-50-keracnyl-uv-anti-blemish-fluid-50-ml\\\/#primaryimage\"},\"thumbnailUrl\":\"https:\\\/\\\/storage.googleapis.com\\\/cz-shopatoa-img\\\/ro\\\/2bb45eb0-unnamed-file.webp\",\"datePublished\":\"2025-04-26T22:36:35+00:00\",\"dateModified\":\"2025-12-12T18:13:41+00:00\",\"breadcrumb\":{\"@id\":\"https:\\\/\\\/shopatoa.com\\\/ro\\\/ducray-fluid-de-protectie-pentru-tenul-problematic-spf-50-keracnyl-uv-anti-blemish-fluid-50-ml\\\/#breadcrumb\"},\"inLanguage\":\"ro-RO\",\"potentialAction\":[{\"@type\":\"ReadAction\",\"target\":[\"https:\\\/\\\/shopatoa.com\\\/ro\\\/ducray-fluid-de-protectie-pentru-tenul-problematic-spf-50-keracnyl-uv-anti-blemish-fluid-50-ml\\\/\"]}]},{\"@type\":\"ImageObject\",\"inLanguage\":\"ro-RO\",\"@id\":\"https:\\\/\\\/shopatoa.com\\\/ro\\\/ducray-fluid-de-protectie-pentru-tenul-problematic-spf-50-keracnyl-uv-anti-blemish-fluid-50-ml\\\/#primaryimage\",\"url\":\"https:\\\/\\\/storage.googleapis.com\\\/cz-shopatoa-img\\\/ro\\\/2bb45eb0-unnamed-file.webp\",\"contentUrl\":\"https:\\\/\\\/storage.googleapis.com\\\/cz-shopatoa-img\\\/ro\\\/2bb45eb0-unnamed-file.webp\",\"width\":800,\"height\":800},{\"@type\":\"BreadcrumbList\",\"@id\":\"https:\\\/\\\/shopatoa.com\\\/ro\\\/ducray-fluid-de-protectie-pentru-tenul-problematic-spf-50-keracnyl-uv-anti-blemish-fluid-50-ml\\\/#breadcrumb\",\"itemListElement\":[{\"@type\":\"ListItem\",\"position\":1,\"name\":\"Dom\u016f\",\"item\":\"https:\\\/\\\/shopatoa.com\\\/ro\\\/\"},{\"@type\":\"ListItem\",\"position\":2,\"name\":\"Shop\",\"item\":\"https:\\\/\\\/shopatoa.com\\\/ro\\\/shop\\\/\"},{\"@type\":\"ListItem\",\"position\":3,\"name\":\"Cosmetice\",\"item\":\"https:\\\/\\\/shopatoa.com\\\/ro\\\/cosmetice\\\/\"},{\"@type\":\"ListItem\",\"position\":4,\"name\":\"Produse cosmetice pentru piele\",\"item\":\"https:\\\/\\\/shopatoa.com\\\/ro\\\/produse-cosmetice-pentru-piele\\\/\"},{\"@type\":\"ListItem\",\"position\":5,\"name\":\"Produse cosmetice de \u00eengrijire a pielii\",\"item\":\"https:\\\/\\\/shopatoa.com\\\/ro\\\/produse-cosmetice-de-ingrijire-a-pielii\\\/\"},{\"@type\":\"ListItem\",\"position\":6,\"name\":\"Pori dilata\u021bi \\\/ Acnee\",\"item\":\"https:\\\/\\\/shopatoa.com\\\/ro\\\/pori-dilatati-acnee\\\/\"},{\"@type\":\"ListItem\",\"position\":7,\"name\":\"Ducray Fluid de protec\u021bie pentru tenul problematic SPF 50+ Keracnyl UV (Anti-Blemish Fluid) 50 ml\"}]},{\"@type\":\"WebSite\",\"@id\":\"https:\\\/\\\/shopatoa.com\\\/ro\\\/#website\",\"url\":\"https:\\\/\\\/shopatoa.com\\\/ro\\\/\",\"name\":\"SHOPATOA\",\"description\":\"\",\"publisher\":{\"@id\":\"https:\\\/\\\/shopatoa.com\\\/ro\\\/#organization\"},\"potentialAction\":[{\"@type\":\"SearchAction\",\"target\":{\"@type\":\"EntryPoint\",\"urlTemplate\":\"https:\\\/\\\/shopatoa.com\\\/ro\\\/?s={search_term_string}\"},\"query-input\":{\"@type\":\"PropertyValueSpecification\",\"valueRequired\":true,\"valueName\":\"search_term_string\"}}],\"inLanguage\":\"ro-RO\"},{\"@type\":\"Organization\",\"@id\":\"https:\\\/\\\/shopatoa.com\\\/ro\\\/#organization\",\"name\":\"SHOPATOA\",\"url\":\"https:\\\/\\\/shopatoa.com\\\/ro\\\/\",\"logo\":{\"@type\":\"ImageObject\",\"inLanguage\":\"ro-RO\",\"@id\":\"https:\\\/\\\/shopatoa.com\\\/ro\\\/#\\\/schema\\\/logo\\\/image\\\/\",\"url\":\"https:\\\/\\\/storage.googleapis.com\\\/cz-shopatoa-img\\\/ro\\\/b4dac915-shopatoa_logo.png\",\"contentUrl\":\"https:\\\/\\\/storage.googleapis.com\\\/cz-shopatoa-img\\\/ro\\\/b4dac915-shopatoa_logo.png\",\"width\":416,\"height\":63,\"caption\":\"SHOPATOA\"},\"image\":{\"@id\":\"https:\\\/\\\/shopatoa.com\\\/ro\\\/#\\\/schema\\\/logo\\\/image\\\/\"}}]}<\/script>\n<!-- \/ Yoast SEO plugin. -->","yoast_head_json":{"title":"Ducray Fluid de protec\u021bie pentru tenul problematic SPF 50+ Keracnyl UV (Anti-Blemish Fluid) 50 ml - SHOPATOA.COM","robots":{"index":"index","follow":"follow","max-snippet":"max-snippet:-1","max-image-preview":"max-image-preview:large","max-video-preview":"max-video-preview:-1"},"canonical":"https:\/\/shopatoa.com\/ro\/ducray-fluid-de-protectie-pentru-tenul-problematic-spf-50-keracnyl-uv-anti-blemish-fluid-50-ml\/","og_locale":"ro_RO","og_type":"article","og_title":"Ducray Fluid de protec\u021bie pentru tenul problematic SPF 50+ Keracnyl UV (Anti-Blemish Fluid) 50 ml - SHOPATOA.COM","og_description":"Fluid protector special formulat pentru tenul cu tendin\u021b\u0103 acneic\u0103. Datorit\u0103 filtrelor patentate UVA\/UVB, asigur\u0103 o protec\u021bie ridicat\u0103 SPF 50+, \u00een timp ce contracareaz\u0103 imperfec\u021biunile. Con\u021bine myrtacine\u00ae \u0219i celastrol, dou\u0103 ingrediente active de origine natural\u0103 care ajut\u0103 la eliminarea simptomelor acneei \u0219i previn \u201eefectul de rico\u0219eu\u201d, care este deteriorarea pielii dup\u0103 expunerea la soare. Textura u\u0219oar\u0103...","og_url":"https:\/\/shopatoa.com\/ro\/ducray-fluid-de-protectie-pentru-tenul-problematic-spf-50-keracnyl-uv-anti-blemish-fluid-50-ml\/","og_site_name":"SHOPATOA","article_modified_time":"2025-12-12T18:13:41+00:00","og_image":[{"width":800,"height":800,"url":"https:\/\/storage.googleapis.com\/cz-shopatoa-img\/ro\/2bb45eb0-unnamed-file.webp","type":"image\/webp"}],"twitter_card":"summary_large_image","schema":{"@context":"https:\/\/schema.org","@graph":[{"@type":"WebPage","@id":"https:\/\/shopatoa.com\/ro\/ducray-fluid-de-protectie-pentru-tenul-problematic-spf-50-keracnyl-uv-anti-blemish-fluid-50-ml\/","url":"https:\/\/shopatoa.com\/ro\/ducray-fluid-de-protectie-pentru-tenul-problematic-spf-50-keracnyl-uv-anti-blemish-fluid-50-ml\/","name":"Ducray Fluid de protec\u021bie pentru tenul problematic SPF 50+ Keracnyl UV (Anti-Blemish Fluid) 50 ml - SHOPATOA.COM","isPartOf":{"@id":"https:\/\/shopatoa.com\/ro\/#website"},"primaryImageOfPage":{"@id":"https:\/\/shopatoa.com\/ro\/ducray-fluid-de-protectie-pentru-tenul-problematic-spf-50-keracnyl-uv-anti-blemish-fluid-50-ml\/#primaryimage"},"image":{"@id":"https:\/\/shopatoa.com\/ro\/ducray-fluid-de-protectie-pentru-tenul-problematic-spf-50-keracnyl-uv-anti-blemish-fluid-50-ml\/#primaryimage"},"thumbnailUrl":"https:\/\/storage.googleapis.com\/cz-shopatoa-img\/ro\/2bb45eb0-unnamed-file.webp","datePublished":"2025-04-26T22:36:35+00:00","dateModified":"2025-12-12T18:13:41+00:00","breadcrumb":{"@id":"https:\/\/shopatoa.com\/ro\/ducray-fluid-de-protectie-pentru-tenul-problematic-spf-50-keracnyl-uv-anti-blemish-fluid-50-ml\/#breadcrumb"},"inLanguage":"ro-RO","potentialAction":[{"@type":"ReadAction","target":["https:\/\/shopatoa.com\/ro\/ducray-fluid-de-protectie-pentru-tenul-problematic-spf-50-keracnyl-uv-anti-blemish-fluid-50-ml\/"]}]},{"@type":"ImageObject","inLanguage":"ro-RO","@id":"https:\/\/shopatoa.com\/ro\/ducray-fluid-de-protectie-pentru-tenul-problematic-spf-50-keracnyl-uv-anti-blemish-fluid-50-ml\/#primaryimage","url":"https:\/\/storage.googleapis.com\/cz-shopatoa-img\/ro\/2bb45eb0-unnamed-file.webp","contentUrl":"https:\/\/storage.googleapis.com\/cz-shopatoa-img\/ro\/2bb45eb0-unnamed-file.webp","width":800,"height":800},{"@type":"BreadcrumbList","@id":"https:\/\/shopatoa.com\/ro\/ducray-fluid-de-protectie-pentru-tenul-problematic-spf-50-keracnyl-uv-anti-blemish-fluid-50-ml\/#breadcrumb","itemListElement":[{"@type":"ListItem","position":1,"name":"Dom\u016f","item":"https:\/\/shopatoa.com\/ro\/"},{"@type":"ListItem","position":2,"name":"Shop","item":"https:\/\/shopatoa.com\/ro\/shop\/"},{"@type":"ListItem","position":3,"name":"Cosmetice","item":"https:\/\/shopatoa.com\/ro\/cosmetice\/"},{"@type":"ListItem","position":4,"name":"Produse cosmetice pentru piele","item":"https:\/\/shopatoa.com\/ro\/produse-cosmetice-pentru-piele\/"},{"@type":"ListItem","position":5,"name":"Produse cosmetice de \u00eengrijire a pielii","item":"https:\/\/shopatoa.com\/ro\/produse-cosmetice-de-ingrijire-a-pielii\/"},{"@type":"ListItem","position":6,"name":"Pori dilata\u021bi \/ Acnee","item":"https:\/\/shopatoa.com\/ro\/pori-dilatati-acnee\/"},{"@type":"ListItem","position":7,"name":"Ducray Fluid de protec\u021bie pentru tenul problematic SPF 50+ Keracnyl UV (Anti-Blemish Fluid) 50 ml"}]},{"@type":"WebSite","@id":"https:\/\/shopatoa.com\/ro\/#website","url":"https:\/\/shopatoa.com\/ro\/","name":"SHOPATOA","description":"","publisher":{"@id":"https:\/\/shopatoa.com\/ro\/#organization"},"potentialAction":[{"@type":"SearchAction","target":{"@type":"EntryPoint","urlTemplate":"https:\/\/shopatoa.com\/ro\/?s={search_term_string}"},"query-input":{"@type":"PropertyValueSpecification","valueRequired":true,"valueName":"search_term_string"}}],"inLanguage":"ro-RO"},{"@type":"Organization","@id":"https:\/\/shopatoa.com\/ro\/#organization","name":"SHOPATOA","url":"https:\/\/shopatoa.com\/ro\/","logo":{"@type":"ImageObject","inLanguage":"ro-RO","@id":"https:\/\/shopatoa.com\/ro\/#\/schema\/logo\/image\/","url":"https:\/\/storage.googleapis.com\/cz-shopatoa-img\/ro\/b4dac915-shopatoa_logo.png","contentUrl":"https:\/\/storage.googleapis.com\/cz-shopatoa-img\/ro\/b4dac915-shopatoa_logo.png","width":416,"height":63,"caption":"SHOPATOA"},"image":{"@id":"https:\/\/shopatoa.com\/ro\/#\/schema\/logo\/image\/"}}]}},"_links":{"self":[{"href":"https:\/\/shopatoa.com\/ro\/wp-json\/wp\/v2\/product\/259918","targetHints":{"allow":["GET"]}}],"collection":[{"href":"https:\/\/shopatoa.com\/ro\/wp-json\/wp\/v2\/product"}],"about":[{"href":"https:\/\/shopatoa.com\/ro\/wp-json\/wp\/v2\/types\/product"}],"replies":[{"embeddable":true,"href":"https:\/\/shopatoa.com\/ro\/wp-json\/wp\/v2\/comments?post=259918"}],"wp:featuredmedia":[{"embeddable":true,"href":"https:\/\/shopatoa.com\/ro\/wp-json\/wp\/v2\/media\/336411"}],"wp:attachment":[{"href":"https:\/\/shopatoa.com\/ro\/wp-json\/wp\/v2\/media?parent=259918"}],"wp:term":[{"taxonomy":"product_brand","embeddable":true,"href":"https:\/\/shopatoa.com\/ro\/wp-json\/wp\/v2\/product_brand?post=259918"},{"taxonomy":"product_cat","embeddable":true,"href":"https:\/\/shopatoa.com\/ro\/wp-json\/wp\/v2\/product_cat?post=259918"},{"taxonomy":"product_tag","embeddable":true,"href":"https:\/\/shopatoa.com\/ro\/wp-json\/wp\/v2\/product_tag?post=259918"}],"curies":[{"name":"wp","href":"https:\/\/api.w.org\/{rel}","templated":true}]}}