{"id":259936,"date":"2025-04-27T00:46:19","date_gmt":"2025-04-26T22:46:19","guid":{"rendered":"https:\/\/shopatoa.com\/ro\/olaplex-ser-fara-clatire-pentru-scalp-si-par-no-0-5-scalp-longevity-treatment-50-ml\/"},"modified":"2025-12-12T18:55:03","modified_gmt":"2025-12-12T17:55:03","slug":"olaplex-ser-fara-clatire-pentru-scalp-si-par-no-0-5-scalp-longevity-treatment-50-ml","status":"publish","type":"product","link":"https:\/\/shopatoa.com\/ro\/olaplex-ser-fara-clatire-pentru-scalp-si-par-no-0-5-scalp-longevity-treatment-50-ml\/","title":{"rendered":"Olaplex Ser f\u0103r\u0103 cl\u0103tire pentru scalp \u0219i p\u0103r No. 0.5 Scalp Longevity (Treatment) 50 ml"},"content":{"rendered":"<p>Ser foarte eficient pentru scalp, care ofer\u0103 o \u00eengrijire echilibrat\u0103, fortifiant\u0103 \u0219i anti-\u00eemb\u0103tr\u00e2nire. Tratamentul f\u0103r\u0103 cl\u0103tire hidrateaz\u0103 \u0219i calmeaz\u0103 instantaneu scalpul. Serul este potrivit pentru toate tipurile de scalp \u0219i pentru toate tipurile de p\u0103r. Este testat dermatologic \u0219i aprobat de trihologi (speciali\u0219ti \u00een p\u0103r).<\/p>\n","protected":false},"excerpt":{"rendered":"<p>Ser foarte eficient pentru scalp, care ofer\u0103 o \u00eengrijire echilibrat\u0103, fortifiant\u0103 \u0219i anti-\u00eemb\u0103tr\u00e2nire. Tratamentul f\u0103r\u0103 cl\u0103tire hidrateaz\u0103 \u0219i calmeaz\u0103 instantaneu scalpul. Serul este potrivit pentru toate tipurile de scalp \u0219i pentru toate tipurile de p\u0103r. Este testat dermatologic \u0219i aprobat de trihologi (speciali\u0219ti \u00een p\u0103r).<\/p>\n","protected":false},"featured_media":336429,"comment_status":"closed","ping_status":"open","template":"","meta":{"_acf_changed":false,"_kadence_starter_templates_imported_post":false,"_kad_post_transparent":"","_kad_post_title":"","_kad_post_layout":"","_kad_post_sidebar_id":"","_kad_post_content_style":"","_kad_post_vertical_padding":"","_kad_post_feature":"","_kad_post_feature_position":"","_kad_post_header":false,"_kad_post_footer":false,"_kad_post_classname":""},"product_brand":[280],"product_cat":[680,246,623],"product_tag":[],"class_list":{"0":"post-259936","1":"product","2":"type-product","3":"status-publish","4":"has-post-thumbnail","6":"product_brand-olaplex","7":"product_cat-cosmetica-pentru-regenerarea-parului","8":"product_cat-cosmetice","9":"product_cat-produse-cosmetice-pentru-par","11":"first","12":"instock","13":"sale","14":"product-type-external","15":"entry","16":"content-bg","17":"loop-entry"},"acf":[],"yoast_head":"<!-- This site is optimized with the Yoast SEO plugin v27.4 - https:\/\/yoast.com\/product\/yoast-seo-wordpress\/ -->\n<title>Olaplex Ser f\u0103r\u0103 cl\u0103tire pentru scalp \u0219i p\u0103r No. 0.5 Scalp Longevity (Treatment) 50 ml - SHOPATOA.COM<\/title>\n<meta name=\"robots\" content=\"index, follow, max-snippet:-1, max-image-preview:large, max-video-preview:-1\" \/>\n<link rel=\"canonical\" href=\"https:\/\/shopatoa.com\/ro\/olaplex-ser-fara-clatire-pentru-scalp-si-par-no-0-5-scalp-longevity-treatment-50-ml\/\" \/>\n<meta property=\"og:locale\" content=\"ro_RO\" \/>\n<meta property=\"og:type\" content=\"article\" \/>\n<meta property=\"og:title\" content=\"Olaplex Ser f\u0103r\u0103 cl\u0103tire pentru scalp \u0219i p\u0103r No. 0.5 Scalp Longevity (Treatment) 50 ml - SHOPATOA.COM\" \/>\n<meta property=\"og:description\" content=\"Ser foarte eficient pentru scalp, care ofer\u0103 o \u00eengrijire echilibrat\u0103, fortifiant\u0103 \u0219i anti-\u00eemb\u0103tr\u00e2nire. Tratamentul f\u0103r\u0103 cl\u0103tire hidrateaz\u0103 \u0219i calmeaz\u0103 instantaneu scalpul. Serul este potrivit pentru toate tipurile de scalp \u0219i pentru toate tipurile de p\u0103r. Este testat dermatologic \u0219i aprobat de trihologi (speciali\u0219ti \u00een p\u0103r).\" \/>\n<meta property=\"og:url\" content=\"https:\/\/shopatoa.com\/ro\/olaplex-ser-fara-clatire-pentru-scalp-si-par-no-0-5-scalp-longevity-treatment-50-ml\/\" \/>\n<meta property=\"og:site_name\" content=\"SHOPATOA\" \/>\n<meta property=\"article:modified_time\" content=\"2025-12-12T17:55:03+00:00\" \/>\n<meta property=\"og:image\" content=\"https:\/\/storage.googleapis.com\/cz-shopatoa-img\/ro\/44418205-unnamed-file.webp\" \/>\n\t<meta property=\"og:image:width\" content=\"800\" \/>\n\t<meta property=\"og:image:height\" content=\"800\" \/>\n\t<meta property=\"og:image:type\" content=\"image\/webp\" \/>\n<meta name=\"twitter:card\" content=\"summary_large_image\" \/>\n<script type=\"application\/ld+json\" class=\"yoast-schema-graph\">{\"@context\":\"https:\\\/\\\/schema.org\",\"@graph\":[{\"@type\":\"WebPage\",\"@id\":\"https:\\\/\\\/shopatoa.com\\\/ro\\\/olaplex-ser-fara-clatire-pentru-scalp-si-par-no-0-5-scalp-longevity-treatment-50-ml\\\/\",\"url\":\"https:\\\/\\\/shopatoa.com\\\/ro\\\/olaplex-ser-fara-clatire-pentru-scalp-si-par-no-0-5-scalp-longevity-treatment-50-ml\\\/\",\"name\":\"Olaplex Ser f\u0103r\u0103 cl\u0103tire pentru scalp \u0219i p\u0103r No. 0.5 Scalp Longevity (Treatment) 50 ml - SHOPATOA.COM\",\"isPartOf\":{\"@id\":\"https:\\\/\\\/shopatoa.com\\\/ro\\\/#website\"},\"primaryImageOfPage\":{\"@id\":\"https:\\\/\\\/shopatoa.com\\\/ro\\\/olaplex-ser-fara-clatire-pentru-scalp-si-par-no-0-5-scalp-longevity-treatment-50-ml\\\/#primaryimage\"},\"image\":{\"@id\":\"https:\\\/\\\/shopatoa.com\\\/ro\\\/olaplex-ser-fara-clatire-pentru-scalp-si-par-no-0-5-scalp-longevity-treatment-50-ml\\\/#primaryimage\"},\"thumbnailUrl\":\"https:\\\/\\\/storage.googleapis.com\\\/cz-shopatoa-img\\\/ro\\\/44418205-unnamed-file.webp\",\"datePublished\":\"2025-04-26T22:46:19+00:00\",\"dateModified\":\"2025-12-12T17:55:03+00:00\",\"breadcrumb\":{\"@id\":\"https:\\\/\\\/shopatoa.com\\\/ro\\\/olaplex-ser-fara-clatire-pentru-scalp-si-par-no-0-5-scalp-longevity-treatment-50-ml\\\/#breadcrumb\"},\"inLanguage\":\"ro-RO\",\"potentialAction\":[{\"@type\":\"ReadAction\",\"target\":[\"https:\\\/\\\/shopatoa.com\\\/ro\\\/olaplex-ser-fara-clatire-pentru-scalp-si-par-no-0-5-scalp-longevity-treatment-50-ml\\\/\"]}]},{\"@type\":\"ImageObject\",\"inLanguage\":\"ro-RO\",\"@id\":\"https:\\\/\\\/shopatoa.com\\\/ro\\\/olaplex-ser-fara-clatire-pentru-scalp-si-par-no-0-5-scalp-longevity-treatment-50-ml\\\/#primaryimage\",\"url\":\"https:\\\/\\\/storage.googleapis.com\\\/cz-shopatoa-img\\\/ro\\\/44418205-unnamed-file.webp\",\"contentUrl\":\"https:\\\/\\\/storage.googleapis.com\\\/cz-shopatoa-img\\\/ro\\\/44418205-unnamed-file.webp\",\"width\":800,\"height\":800},{\"@type\":\"BreadcrumbList\",\"@id\":\"https:\\\/\\\/shopatoa.com\\\/ro\\\/olaplex-ser-fara-clatire-pentru-scalp-si-par-no-0-5-scalp-longevity-treatment-50-ml\\\/#breadcrumb\",\"itemListElement\":[{\"@type\":\"ListItem\",\"position\":1,\"name\":\"Dom\u016f\",\"item\":\"https:\\\/\\\/shopatoa.com\\\/ro\\\/\"},{\"@type\":\"ListItem\",\"position\":2,\"name\":\"Shop\",\"item\":\"https:\\\/\\\/shopatoa.com\\\/ro\\\/shop\\\/\"},{\"@type\":\"ListItem\",\"position\":3,\"name\":\"Cosmetice\",\"item\":\"https:\\\/\\\/shopatoa.com\\\/ro\\\/cosmetice\\\/\"},{\"@type\":\"ListItem\",\"position\":4,\"name\":\"Produse cosmetice pentru p\u0103r\",\"item\":\"https:\\\/\\\/shopatoa.com\\\/ro\\\/produse-cosmetice-pentru-par\\\/\"},{\"@type\":\"ListItem\",\"position\":5,\"name\":\"Cosmetica pentru regenerarea parului\",\"item\":\"https:\\\/\\\/shopatoa.com\\\/ro\\\/cosmetica-pentru-regenerarea-parului\\\/\"},{\"@type\":\"ListItem\",\"position\":6,\"name\":\"Olaplex Ser f\u0103r\u0103 cl\u0103tire pentru scalp \u0219i p\u0103r No. 0.5 Scalp Longevity (Treatment) 50 ml\"}]},{\"@type\":\"WebSite\",\"@id\":\"https:\\\/\\\/shopatoa.com\\\/ro\\\/#website\",\"url\":\"https:\\\/\\\/shopatoa.com\\\/ro\\\/\",\"name\":\"SHOPATOA\",\"description\":\"\",\"publisher\":{\"@id\":\"https:\\\/\\\/shopatoa.com\\\/ro\\\/#organization\"},\"potentialAction\":[{\"@type\":\"SearchAction\",\"target\":{\"@type\":\"EntryPoint\",\"urlTemplate\":\"https:\\\/\\\/shopatoa.com\\\/ro\\\/?s={search_term_string}\"},\"query-input\":{\"@type\":\"PropertyValueSpecification\",\"valueRequired\":true,\"valueName\":\"search_term_string\"}}],\"inLanguage\":\"ro-RO\"},{\"@type\":\"Organization\",\"@id\":\"https:\\\/\\\/shopatoa.com\\\/ro\\\/#organization\",\"name\":\"SHOPATOA\",\"url\":\"https:\\\/\\\/shopatoa.com\\\/ro\\\/\",\"logo\":{\"@type\":\"ImageObject\",\"inLanguage\":\"ro-RO\",\"@id\":\"https:\\\/\\\/shopatoa.com\\\/ro\\\/#\\\/schema\\\/logo\\\/image\\\/\",\"url\":\"https:\\\/\\\/storage.googleapis.com\\\/cz-shopatoa-img\\\/ro\\\/b4dac915-shopatoa_logo.png\",\"contentUrl\":\"https:\\\/\\\/storage.googleapis.com\\\/cz-shopatoa-img\\\/ro\\\/b4dac915-shopatoa_logo.png\",\"width\":416,\"height\":63,\"caption\":\"SHOPATOA\"},\"image\":{\"@id\":\"https:\\\/\\\/shopatoa.com\\\/ro\\\/#\\\/schema\\\/logo\\\/image\\\/\"}}]}<\/script>\n<!-- \/ Yoast SEO plugin. -->","yoast_head_json":{"title":"Olaplex Ser f\u0103r\u0103 cl\u0103tire pentru scalp \u0219i p\u0103r No. 0.5 Scalp Longevity (Treatment) 50 ml - SHOPATOA.COM","robots":{"index":"index","follow":"follow","max-snippet":"max-snippet:-1","max-image-preview":"max-image-preview:large","max-video-preview":"max-video-preview:-1"},"canonical":"https:\/\/shopatoa.com\/ro\/olaplex-ser-fara-clatire-pentru-scalp-si-par-no-0-5-scalp-longevity-treatment-50-ml\/","og_locale":"ro_RO","og_type":"article","og_title":"Olaplex Ser f\u0103r\u0103 cl\u0103tire pentru scalp \u0219i p\u0103r No. 0.5 Scalp Longevity (Treatment) 50 ml - SHOPATOA.COM","og_description":"Ser foarte eficient pentru scalp, care ofer\u0103 o \u00eengrijire echilibrat\u0103, fortifiant\u0103 \u0219i anti-\u00eemb\u0103tr\u00e2nire. Tratamentul f\u0103r\u0103 cl\u0103tire hidrateaz\u0103 \u0219i calmeaz\u0103 instantaneu scalpul. Serul este potrivit pentru toate tipurile de scalp \u0219i pentru toate tipurile de p\u0103r. Este testat dermatologic \u0219i aprobat de trihologi (speciali\u0219ti \u00een p\u0103r).","og_url":"https:\/\/shopatoa.com\/ro\/olaplex-ser-fara-clatire-pentru-scalp-si-par-no-0-5-scalp-longevity-treatment-50-ml\/","og_site_name":"SHOPATOA","article_modified_time":"2025-12-12T17:55:03+00:00","og_image":[{"width":800,"height":800,"url":"https:\/\/storage.googleapis.com\/cz-shopatoa-img\/ro\/44418205-unnamed-file.webp","type":"image\/webp"}],"twitter_card":"summary_large_image","schema":{"@context":"https:\/\/schema.org","@graph":[{"@type":"WebPage","@id":"https:\/\/shopatoa.com\/ro\/olaplex-ser-fara-clatire-pentru-scalp-si-par-no-0-5-scalp-longevity-treatment-50-ml\/","url":"https:\/\/shopatoa.com\/ro\/olaplex-ser-fara-clatire-pentru-scalp-si-par-no-0-5-scalp-longevity-treatment-50-ml\/","name":"Olaplex Ser f\u0103r\u0103 cl\u0103tire pentru scalp \u0219i p\u0103r No. 0.5 Scalp Longevity (Treatment) 50 ml - SHOPATOA.COM","isPartOf":{"@id":"https:\/\/shopatoa.com\/ro\/#website"},"primaryImageOfPage":{"@id":"https:\/\/shopatoa.com\/ro\/olaplex-ser-fara-clatire-pentru-scalp-si-par-no-0-5-scalp-longevity-treatment-50-ml\/#primaryimage"},"image":{"@id":"https:\/\/shopatoa.com\/ro\/olaplex-ser-fara-clatire-pentru-scalp-si-par-no-0-5-scalp-longevity-treatment-50-ml\/#primaryimage"},"thumbnailUrl":"https:\/\/storage.googleapis.com\/cz-shopatoa-img\/ro\/44418205-unnamed-file.webp","datePublished":"2025-04-26T22:46:19+00:00","dateModified":"2025-12-12T17:55:03+00:00","breadcrumb":{"@id":"https:\/\/shopatoa.com\/ro\/olaplex-ser-fara-clatire-pentru-scalp-si-par-no-0-5-scalp-longevity-treatment-50-ml\/#breadcrumb"},"inLanguage":"ro-RO","potentialAction":[{"@type":"ReadAction","target":["https:\/\/shopatoa.com\/ro\/olaplex-ser-fara-clatire-pentru-scalp-si-par-no-0-5-scalp-longevity-treatment-50-ml\/"]}]},{"@type":"ImageObject","inLanguage":"ro-RO","@id":"https:\/\/shopatoa.com\/ro\/olaplex-ser-fara-clatire-pentru-scalp-si-par-no-0-5-scalp-longevity-treatment-50-ml\/#primaryimage","url":"https:\/\/storage.googleapis.com\/cz-shopatoa-img\/ro\/44418205-unnamed-file.webp","contentUrl":"https:\/\/storage.googleapis.com\/cz-shopatoa-img\/ro\/44418205-unnamed-file.webp","width":800,"height":800},{"@type":"BreadcrumbList","@id":"https:\/\/shopatoa.com\/ro\/olaplex-ser-fara-clatire-pentru-scalp-si-par-no-0-5-scalp-longevity-treatment-50-ml\/#breadcrumb","itemListElement":[{"@type":"ListItem","position":1,"name":"Dom\u016f","item":"https:\/\/shopatoa.com\/ro\/"},{"@type":"ListItem","position":2,"name":"Shop","item":"https:\/\/shopatoa.com\/ro\/shop\/"},{"@type":"ListItem","position":3,"name":"Cosmetice","item":"https:\/\/shopatoa.com\/ro\/cosmetice\/"},{"@type":"ListItem","position":4,"name":"Produse cosmetice pentru p\u0103r","item":"https:\/\/shopatoa.com\/ro\/produse-cosmetice-pentru-par\/"},{"@type":"ListItem","position":5,"name":"Cosmetica pentru regenerarea parului","item":"https:\/\/shopatoa.com\/ro\/cosmetica-pentru-regenerarea-parului\/"},{"@type":"ListItem","position":6,"name":"Olaplex Ser f\u0103r\u0103 cl\u0103tire pentru scalp \u0219i p\u0103r No. 0.5 Scalp Longevity (Treatment) 50 ml"}]},{"@type":"WebSite","@id":"https:\/\/shopatoa.com\/ro\/#website","url":"https:\/\/shopatoa.com\/ro\/","name":"SHOPATOA","description":"","publisher":{"@id":"https:\/\/shopatoa.com\/ro\/#organization"},"potentialAction":[{"@type":"SearchAction","target":{"@type":"EntryPoint","urlTemplate":"https:\/\/shopatoa.com\/ro\/?s={search_term_string}"},"query-input":{"@type":"PropertyValueSpecification","valueRequired":true,"valueName":"search_term_string"}}],"inLanguage":"ro-RO"},{"@type":"Organization","@id":"https:\/\/shopatoa.com\/ro\/#organization","name":"SHOPATOA","url":"https:\/\/shopatoa.com\/ro\/","logo":{"@type":"ImageObject","inLanguage":"ro-RO","@id":"https:\/\/shopatoa.com\/ro\/#\/schema\/logo\/image\/","url":"https:\/\/storage.googleapis.com\/cz-shopatoa-img\/ro\/b4dac915-shopatoa_logo.png","contentUrl":"https:\/\/storage.googleapis.com\/cz-shopatoa-img\/ro\/b4dac915-shopatoa_logo.png","width":416,"height":63,"caption":"SHOPATOA"},"image":{"@id":"https:\/\/shopatoa.com\/ro\/#\/schema\/logo\/image\/"}}]}},"_links":{"self":[{"href":"https:\/\/shopatoa.com\/ro\/wp-json\/wp\/v2\/product\/259936","targetHints":{"allow":["GET"]}}],"collection":[{"href":"https:\/\/shopatoa.com\/ro\/wp-json\/wp\/v2\/product"}],"about":[{"href":"https:\/\/shopatoa.com\/ro\/wp-json\/wp\/v2\/types\/product"}],"replies":[{"embeddable":true,"href":"https:\/\/shopatoa.com\/ro\/wp-json\/wp\/v2\/comments?post=259936"}],"wp:featuredmedia":[{"embeddable":true,"href":"https:\/\/shopatoa.com\/ro\/wp-json\/wp\/v2\/media\/336429"}],"wp:attachment":[{"href":"https:\/\/shopatoa.com\/ro\/wp-json\/wp\/v2\/media?parent=259936"}],"wp:term":[{"taxonomy":"product_brand","embeddable":true,"href":"https:\/\/shopatoa.com\/ro\/wp-json\/wp\/v2\/product_brand?post=259936"},{"taxonomy":"product_cat","embeddable":true,"href":"https:\/\/shopatoa.com\/ro\/wp-json\/wp\/v2\/product_cat?post=259936"},{"taxonomy":"product_tag","embeddable":true,"href":"https:\/\/shopatoa.com\/ro\/wp-json\/wp\/v2\/product_tag?post=259936"}],"curies":[{"name":"wp","href":"https:\/\/api.w.org\/{rel}","templated":true}]}}