{"id":260188,"date":"2025-04-27T02:31:34","date_gmt":"2025-04-27T00:31:34","guid":{"rendered":"https:\/\/shopatoa.com\/ro\/alterna-masca-fara-clatire-pentru-parul-deteriorat-caviar-anti-aging-restructuring-bond-repair-intensive-leave-in-treatment-50-ml\/"},"modified":"2025-12-13T06:43:57","modified_gmt":"2025-12-13T05:43:57","slug":"alterna-masca-fara-clatire-pentru-parul-deteriorat-caviar-anti-aging-restructuring-bond-repair-intensive-leave-in-treatment-50-ml","status":"publish","type":"product","link":"https:\/\/shopatoa.com\/ro\/alterna-masca-fara-clatire-pentru-parul-deteriorat-caviar-anti-aging-restructuring-bond-repair-intensive-leave-in-treatment-50-ml\/","title":{"rendered":"Alterna Masc\u0103 f\u0103r\u0103 cl\u0103tire pentru p\u0103rul deteriorat Caviar Anti-Aging (Restructuring Bond Repair Intensive Leave-In Treatment) 50 ml"},"content":{"rendered":"<p>Masca de \u00eent\u0103rire f\u0103r\u0103 cl\u0103tire ofer\u0103 regenerare intens\u0103, protec\u021bie \u0219i str\u0103lucire p\u0103rului dup\u0103 prima utilizare. Ajut\u0103 la diminuarea ruperii, prevenirea deterior\u0103rii viitoare \u0219i sporirea fine\u021bii p\u0103rului chiar \u0219i dup\u0103 sp\u0103l\u0103ri repetate. Datorit\u0103 efectului s\u0103u termoprotector de p\u00e2n\u0103 la 232 \u00b0C, protejeaz\u0103 p\u0103rul de deteriorarea cauzat\u0103 de styling, netezind \u0219i restaur\u00e2nd cuticulele pentru a oferi str\u0103lucire p\u0103rului.<\/p>\n","protected":false},"excerpt":{"rendered":"<p>Masca de \u00eent\u0103rire f\u0103r\u0103 cl\u0103tire ofer\u0103 regenerare intens\u0103, protec\u021bie \u0219i str\u0103lucire p\u0103rului dup\u0103 prima utilizare. Ajut\u0103 la diminuarea ruperii, prevenirea deterior\u0103rii viitoare \u0219i sporirea fine\u021bii p\u0103rului chiar \u0219i dup\u0103 sp\u0103l\u0103ri repetate. Datorit\u0103 efectului s\u0103u termoprotector de p\u00e2n\u0103 la 232 \u00b0C, protejeaz\u0103 p\u0103rul de deteriorarea cauzat\u0103 de styling, netezind \u0219i restaur\u00e2nd cuticulele pentru a oferi str\u0103lucire&#8230;<\/p>\n","protected":false},"featured_media":336668,"comment_status":"closed","ping_status":"open","template":"","meta":{"_acf_changed":false,"_kadence_starter_templates_imported_post":false,"_kad_post_transparent":"","_kad_post_title":"","_kad_post_layout":"","_kad_post_sidebar_id":"","_kad_post_content_style":"","_kad_post_vertical_padding":"","_kad_post_feature":"","_kad_post_feature_position":"","_kad_post_header":false,"_kad_post_footer":false,"_kad_post_classname":""},"product_brand":[155],"product_cat":[680,246,623],"product_tag":[],"class_list":{"0":"post-260188","1":"product","2":"type-product","3":"status-publish","4":"has-post-thumbnail","6":"product_brand-alterna","7":"product_cat-cosmetica-pentru-regenerarea-parului","8":"product_cat-cosmetice","9":"product_cat-produse-cosmetice-pentru-par","11":"first","12":"instock","13":"product-type-external","14":"entry","15":"content-bg","16":"loop-entry"},"acf":[],"yoast_head":"<!-- This site is optimized with the Yoast SEO plugin v27.4 - https:\/\/yoast.com\/product\/yoast-seo-wordpress\/ -->\n<title>Alterna Masc\u0103 f\u0103r\u0103 cl\u0103tire pentru p\u0103rul deteriorat Caviar Anti-Aging (Restructuring Bond Repair Intensive Leave-In Treatment) 50 ml - SHOPATOA.COM<\/title>\n<meta name=\"robots\" content=\"index, follow, max-snippet:-1, max-image-preview:large, max-video-preview:-1\" \/>\n<link rel=\"canonical\" href=\"https:\/\/shopatoa.com\/ro\/alterna-masca-fara-clatire-pentru-parul-deteriorat-caviar-anti-aging-restructuring-bond-repair-intensive-leave-in-treatment-50-ml\/\" \/>\n<meta property=\"og:locale\" content=\"ro_RO\" \/>\n<meta property=\"og:type\" content=\"article\" \/>\n<meta property=\"og:title\" content=\"Alterna Masc\u0103 f\u0103r\u0103 cl\u0103tire pentru p\u0103rul deteriorat Caviar Anti-Aging (Restructuring Bond Repair Intensive Leave-In Treatment) 50 ml - SHOPATOA.COM\" \/>\n<meta property=\"og:description\" content=\"Masca de \u00eent\u0103rire f\u0103r\u0103 cl\u0103tire ofer\u0103 regenerare intens\u0103, protec\u021bie \u0219i str\u0103lucire p\u0103rului dup\u0103 prima utilizare. Ajut\u0103 la diminuarea ruperii, prevenirea deterior\u0103rii viitoare \u0219i sporirea fine\u021bii p\u0103rului chiar \u0219i dup\u0103 sp\u0103l\u0103ri repetate. Datorit\u0103 efectului s\u0103u termoprotector de p\u00e2n\u0103 la 232 \u00b0C, protejeaz\u0103 p\u0103rul de deteriorarea cauzat\u0103 de styling, netezind \u0219i restaur\u00e2nd cuticulele pentru a oferi str\u0103lucire...\" \/>\n<meta property=\"og:url\" content=\"https:\/\/shopatoa.com\/ro\/alterna-masca-fara-clatire-pentru-parul-deteriorat-caviar-anti-aging-restructuring-bond-repair-intensive-leave-in-treatment-50-ml\/\" \/>\n<meta property=\"og:site_name\" content=\"SHOPATOA\" \/>\n<meta property=\"article:modified_time\" content=\"2025-12-13T05:43:57+00:00\" \/>\n<meta property=\"og:image\" content=\"https:\/\/storage.googleapis.com\/cz-shopatoa-img\/ro\/c8ec4f50-unnamed-file.webp\" \/>\n\t<meta property=\"og:image:width\" content=\"800\" \/>\n\t<meta property=\"og:image:height\" content=\"800\" \/>\n\t<meta property=\"og:image:type\" content=\"image\/webp\" \/>\n<meta name=\"twitter:card\" content=\"summary_large_image\" \/>\n<script type=\"application\/ld+json\" class=\"yoast-schema-graph\">{\"@context\":\"https:\\\/\\\/schema.org\",\"@graph\":[{\"@type\":\"WebPage\",\"@id\":\"https:\\\/\\\/shopatoa.com\\\/ro\\\/alterna-masca-fara-clatire-pentru-parul-deteriorat-caviar-anti-aging-restructuring-bond-repair-intensive-leave-in-treatment-50-ml\\\/\",\"url\":\"https:\\\/\\\/shopatoa.com\\\/ro\\\/alterna-masca-fara-clatire-pentru-parul-deteriorat-caviar-anti-aging-restructuring-bond-repair-intensive-leave-in-treatment-50-ml\\\/\",\"name\":\"Alterna Masc\u0103 f\u0103r\u0103 cl\u0103tire pentru p\u0103rul deteriorat Caviar Anti-Aging (Restructuring Bond Repair Intensive Leave-In Treatment) 50 ml - SHOPATOA.COM\",\"isPartOf\":{\"@id\":\"https:\\\/\\\/shopatoa.com\\\/ro\\\/#website\"},\"primaryImageOfPage\":{\"@id\":\"https:\\\/\\\/shopatoa.com\\\/ro\\\/alterna-masca-fara-clatire-pentru-parul-deteriorat-caviar-anti-aging-restructuring-bond-repair-intensive-leave-in-treatment-50-ml\\\/#primaryimage\"},\"image\":{\"@id\":\"https:\\\/\\\/shopatoa.com\\\/ro\\\/alterna-masca-fara-clatire-pentru-parul-deteriorat-caviar-anti-aging-restructuring-bond-repair-intensive-leave-in-treatment-50-ml\\\/#primaryimage\"},\"thumbnailUrl\":\"https:\\\/\\\/storage.googleapis.com\\\/cz-shopatoa-img\\\/ro\\\/c8ec4f50-unnamed-file.webp\",\"datePublished\":\"2025-04-27T00:31:34+00:00\",\"dateModified\":\"2025-12-13T05:43:57+00:00\",\"breadcrumb\":{\"@id\":\"https:\\\/\\\/shopatoa.com\\\/ro\\\/alterna-masca-fara-clatire-pentru-parul-deteriorat-caviar-anti-aging-restructuring-bond-repair-intensive-leave-in-treatment-50-ml\\\/#breadcrumb\"},\"inLanguage\":\"ro-RO\",\"potentialAction\":[{\"@type\":\"ReadAction\",\"target\":[\"https:\\\/\\\/shopatoa.com\\\/ro\\\/alterna-masca-fara-clatire-pentru-parul-deteriorat-caviar-anti-aging-restructuring-bond-repair-intensive-leave-in-treatment-50-ml\\\/\"]}]},{\"@type\":\"ImageObject\",\"inLanguage\":\"ro-RO\",\"@id\":\"https:\\\/\\\/shopatoa.com\\\/ro\\\/alterna-masca-fara-clatire-pentru-parul-deteriorat-caviar-anti-aging-restructuring-bond-repair-intensive-leave-in-treatment-50-ml\\\/#primaryimage\",\"url\":\"https:\\\/\\\/storage.googleapis.com\\\/cz-shopatoa-img\\\/ro\\\/c8ec4f50-unnamed-file.webp\",\"contentUrl\":\"https:\\\/\\\/storage.googleapis.com\\\/cz-shopatoa-img\\\/ro\\\/c8ec4f50-unnamed-file.webp\",\"width\":800,\"height\":800},{\"@type\":\"BreadcrumbList\",\"@id\":\"https:\\\/\\\/shopatoa.com\\\/ro\\\/alterna-masca-fara-clatire-pentru-parul-deteriorat-caviar-anti-aging-restructuring-bond-repair-intensive-leave-in-treatment-50-ml\\\/#breadcrumb\",\"itemListElement\":[{\"@type\":\"ListItem\",\"position\":1,\"name\":\"Dom\u016f\",\"item\":\"https:\\\/\\\/shopatoa.com\\\/ro\\\/\"},{\"@type\":\"ListItem\",\"position\":2,\"name\":\"Shop\",\"item\":\"https:\\\/\\\/shopatoa.com\\\/ro\\\/shop\\\/\"},{\"@type\":\"ListItem\",\"position\":3,\"name\":\"Cosmetice\",\"item\":\"https:\\\/\\\/shopatoa.com\\\/ro\\\/cosmetice\\\/\"},{\"@type\":\"ListItem\",\"position\":4,\"name\":\"Produse cosmetice pentru p\u0103r\",\"item\":\"https:\\\/\\\/shopatoa.com\\\/ro\\\/produse-cosmetice-pentru-par\\\/\"},{\"@type\":\"ListItem\",\"position\":5,\"name\":\"Cosmetica pentru regenerarea parului\",\"item\":\"https:\\\/\\\/shopatoa.com\\\/ro\\\/cosmetica-pentru-regenerarea-parului\\\/\"},{\"@type\":\"ListItem\",\"position\":6,\"name\":\"Alterna Masc\u0103 f\u0103r\u0103 cl\u0103tire pentru p\u0103rul deteriorat Caviar Anti-Aging (Restructuring Bond Repair Intensive Leave-In Treatment) 50 ml\"}]},{\"@type\":\"WebSite\",\"@id\":\"https:\\\/\\\/shopatoa.com\\\/ro\\\/#website\",\"url\":\"https:\\\/\\\/shopatoa.com\\\/ro\\\/\",\"name\":\"SHOPATOA\",\"description\":\"\",\"publisher\":{\"@id\":\"https:\\\/\\\/shopatoa.com\\\/ro\\\/#organization\"},\"potentialAction\":[{\"@type\":\"SearchAction\",\"target\":{\"@type\":\"EntryPoint\",\"urlTemplate\":\"https:\\\/\\\/shopatoa.com\\\/ro\\\/?s={search_term_string}\"},\"query-input\":{\"@type\":\"PropertyValueSpecification\",\"valueRequired\":true,\"valueName\":\"search_term_string\"}}],\"inLanguage\":\"ro-RO\"},{\"@type\":\"Organization\",\"@id\":\"https:\\\/\\\/shopatoa.com\\\/ro\\\/#organization\",\"name\":\"SHOPATOA\",\"url\":\"https:\\\/\\\/shopatoa.com\\\/ro\\\/\",\"logo\":{\"@type\":\"ImageObject\",\"inLanguage\":\"ro-RO\",\"@id\":\"https:\\\/\\\/shopatoa.com\\\/ro\\\/#\\\/schema\\\/logo\\\/image\\\/\",\"url\":\"https:\\\/\\\/storage.googleapis.com\\\/cz-shopatoa-img\\\/ro\\\/b4dac915-shopatoa_logo.png\",\"contentUrl\":\"https:\\\/\\\/storage.googleapis.com\\\/cz-shopatoa-img\\\/ro\\\/b4dac915-shopatoa_logo.png\",\"width\":416,\"height\":63,\"caption\":\"SHOPATOA\"},\"image\":{\"@id\":\"https:\\\/\\\/shopatoa.com\\\/ro\\\/#\\\/schema\\\/logo\\\/image\\\/\"}}]}<\/script>\n<!-- \/ Yoast SEO plugin. -->","yoast_head_json":{"title":"Alterna Masc\u0103 f\u0103r\u0103 cl\u0103tire pentru p\u0103rul deteriorat Caviar Anti-Aging (Restructuring Bond Repair Intensive Leave-In Treatment) 50 ml - SHOPATOA.COM","robots":{"index":"index","follow":"follow","max-snippet":"max-snippet:-1","max-image-preview":"max-image-preview:large","max-video-preview":"max-video-preview:-1"},"canonical":"https:\/\/shopatoa.com\/ro\/alterna-masca-fara-clatire-pentru-parul-deteriorat-caviar-anti-aging-restructuring-bond-repair-intensive-leave-in-treatment-50-ml\/","og_locale":"ro_RO","og_type":"article","og_title":"Alterna Masc\u0103 f\u0103r\u0103 cl\u0103tire pentru p\u0103rul deteriorat Caviar Anti-Aging (Restructuring Bond Repair Intensive Leave-In Treatment) 50 ml - SHOPATOA.COM","og_description":"Masca de \u00eent\u0103rire f\u0103r\u0103 cl\u0103tire ofer\u0103 regenerare intens\u0103, protec\u021bie \u0219i str\u0103lucire p\u0103rului dup\u0103 prima utilizare. Ajut\u0103 la diminuarea ruperii, prevenirea deterior\u0103rii viitoare \u0219i sporirea fine\u021bii p\u0103rului chiar \u0219i dup\u0103 sp\u0103l\u0103ri repetate. Datorit\u0103 efectului s\u0103u termoprotector de p\u00e2n\u0103 la 232 \u00b0C, protejeaz\u0103 p\u0103rul de deteriorarea cauzat\u0103 de styling, netezind \u0219i restaur\u00e2nd cuticulele pentru a oferi str\u0103lucire...","og_url":"https:\/\/shopatoa.com\/ro\/alterna-masca-fara-clatire-pentru-parul-deteriorat-caviar-anti-aging-restructuring-bond-repair-intensive-leave-in-treatment-50-ml\/","og_site_name":"SHOPATOA","article_modified_time":"2025-12-13T05:43:57+00:00","og_image":[{"width":800,"height":800,"url":"https:\/\/storage.googleapis.com\/cz-shopatoa-img\/ro\/c8ec4f50-unnamed-file.webp","type":"image\/webp"}],"twitter_card":"summary_large_image","schema":{"@context":"https:\/\/schema.org","@graph":[{"@type":"WebPage","@id":"https:\/\/shopatoa.com\/ro\/alterna-masca-fara-clatire-pentru-parul-deteriorat-caviar-anti-aging-restructuring-bond-repair-intensive-leave-in-treatment-50-ml\/","url":"https:\/\/shopatoa.com\/ro\/alterna-masca-fara-clatire-pentru-parul-deteriorat-caviar-anti-aging-restructuring-bond-repair-intensive-leave-in-treatment-50-ml\/","name":"Alterna Masc\u0103 f\u0103r\u0103 cl\u0103tire pentru p\u0103rul deteriorat Caviar Anti-Aging (Restructuring Bond Repair Intensive Leave-In Treatment) 50 ml - SHOPATOA.COM","isPartOf":{"@id":"https:\/\/shopatoa.com\/ro\/#website"},"primaryImageOfPage":{"@id":"https:\/\/shopatoa.com\/ro\/alterna-masca-fara-clatire-pentru-parul-deteriorat-caviar-anti-aging-restructuring-bond-repair-intensive-leave-in-treatment-50-ml\/#primaryimage"},"image":{"@id":"https:\/\/shopatoa.com\/ro\/alterna-masca-fara-clatire-pentru-parul-deteriorat-caviar-anti-aging-restructuring-bond-repair-intensive-leave-in-treatment-50-ml\/#primaryimage"},"thumbnailUrl":"https:\/\/storage.googleapis.com\/cz-shopatoa-img\/ro\/c8ec4f50-unnamed-file.webp","datePublished":"2025-04-27T00:31:34+00:00","dateModified":"2025-12-13T05:43:57+00:00","breadcrumb":{"@id":"https:\/\/shopatoa.com\/ro\/alterna-masca-fara-clatire-pentru-parul-deteriorat-caviar-anti-aging-restructuring-bond-repair-intensive-leave-in-treatment-50-ml\/#breadcrumb"},"inLanguage":"ro-RO","potentialAction":[{"@type":"ReadAction","target":["https:\/\/shopatoa.com\/ro\/alterna-masca-fara-clatire-pentru-parul-deteriorat-caviar-anti-aging-restructuring-bond-repair-intensive-leave-in-treatment-50-ml\/"]}]},{"@type":"ImageObject","inLanguage":"ro-RO","@id":"https:\/\/shopatoa.com\/ro\/alterna-masca-fara-clatire-pentru-parul-deteriorat-caviar-anti-aging-restructuring-bond-repair-intensive-leave-in-treatment-50-ml\/#primaryimage","url":"https:\/\/storage.googleapis.com\/cz-shopatoa-img\/ro\/c8ec4f50-unnamed-file.webp","contentUrl":"https:\/\/storage.googleapis.com\/cz-shopatoa-img\/ro\/c8ec4f50-unnamed-file.webp","width":800,"height":800},{"@type":"BreadcrumbList","@id":"https:\/\/shopatoa.com\/ro\/alterna-masca-fara-clatire-pentru-parul-deteriorat-caviar-anti-aging-restructuring-bond-repair-intensive-leave-in-treatment-50-ml\/#breadcrumb","itemListElement":[{"@type":"ListItem","position":1,"name":"Dom\u016f","item":"https:\/\/shopatoa.com\/ro\/"},{"@type":"ListItem","position":2,"name":"Shop","item":"https:\/\/shopatoa.com\/ro\/shop\/"},{"@type":"ListItem","position":3,"name":"Cosmetice","item":"https:\/\/shopatoa.com\/ro\/cosmetice\/"},{"@type":"ListItem","position":4,"name":"Produse cosmetice pentru p\u0103r","item":"https:\/\/shopatoa.com\/ro\/produse-cosmetice-pentru-par\/"},{"@type":"ListItem","position":5,"name":"Cosmetica pentru regenerarea parului","item":"https:\/\/shopatoa.com\/ro\/cosmetica-pentru-regenerarea-parului\/"},{"@type":"ListItem","position":6,"name":"Alterna Masc\u0103 f\u0103r\u0103 cl\u0103tire pentru p\u0103rul deteriorat Caviar Anti-Aging (Restructuring Bond Repair Intensive Leave-In Treatment) 50 ml"}]},{"@type":"WebSite","@id":"https:\/\/shopatoa.com\/ro\/#website","url":"https:\/\/shopatoa.com\/ro\/","name":"SHOPATOA","description":"","publisher":{"@id":"https:\/\/shopatoa.com\/ro\/#organization"},"potentialAction":[{"@type":"SearchAction","target":{"@type":"EntryPoint","urlTemplate":"https:\/\/shopatoa.com\/ro\/?s={search_term_string}"},"query-input":{"@type":"PropertyValueSpecification","valueRequired":true,"valueName":"search_term_string"}}],"inLanguage":"ro-RO"},{"@type":"Organization","@id":"https:\/\/shopatoa.com\/ro\/#organization","name":"SHOPATOA","url":"https:\/\/shopatoa.com\/ro\/","logo":{"@type":"ImageObject","inLanguage":"ro-RO","@id":"https:\/\/shopatoa.com\/ro\/#\/schema\/logo\/image\/","url":"https:\/\/storage.googleapis.com\/cz-shopatoa-img\/ro\/b4dac915-shopatoa_logo.png","contentUrl":"https:\/\/storage.googleapis.com\/cz-shopatoa-img\/ro\/b4dac915-shopatoa_logo.png","width":416,"height":63,"caption":"SHOPATOA"},"image":{"@id":"https:\/\/shopatoa.com\/ro\/#\/schema\/logo\/image\/"}}]}},"_links":{"self":[{"href":"https:\/\/shopatoa.com\/ro\/wp-json\/wp\/v2\/product\/260188","targetHints":{"allow":["GET"]}}],"collection":[{"href":"https:\/\/shopatoa.com\/ro\/wp-json\/wp\/v2\/product"}],"about":[{"href":"https:\/\/shopatoa.com\/ro\/wp-json\/wp\/v2\/types\/product"}],"replies":[{"embeddable":true,"href":"https:\/\/shopatoa.com\/ro\/wp-json\/wp\/v2\/comments?post=260188"}],"wp:featuredmedia":[{"embeddable":true,"href":"https:\/\/shopatoa.com\/ro\/wp-json\/wp\/v2\/media\/336668"}],"wp:attachment":[{"href":"https:\/\/shopatoa.com\/ro\/wp-json\/wp\/v2\/media?parent=260188"}],"wp:term":[{"taxonomy":"product_brand","embeddable":true,"href":"https:\/\/shopatoa.com\/ro\/wp-json\/wp\/v2\/product_brand?post=260188"},{"taxonomy":"product_cat","embeddable":true,"href":"https:\/\/shopatoa.com\/ro\/wp-json\/wp\/v2\/product_cat?post=260188"},{"taxonomy":"product_tag","embeddable":true,"href":"https:\/\/shopatoa.com\/ro\/wp-json\/wp\/v2\/product_tag?post=260188"}],"curies":[{"name":"wp","href":"https:\/\/api.w.org\/{rel}","templated":true}]}}