{"id":260243,"date":"2025-04-27T02:55:12","date_gmt":"2025-04-27T00:55:12","guid":{"rendered":"https:\/\/shopatoa.com\/ro\/beautyrelax-aparat-de-masaj-cavimax-ultimate\/"},"modified":"2025-12-13T06:14:15","modified_gmt":"2025-12-13T05:14:15","slug":"beautyrelax-aparat-de-masaj-cavimax-ultimate","status":"publish","type":"product","link":"https:\/\/shopatoa.com\/ro\/beautyrelax-aparat-de-masaj-cavimax-ultimate\/","title":{"rendered":"BeautyRelax Aparat de masaj Cavimax Ultimate"},"content":{"rendered":"<p>Cavimax Ultimate este un dispozitiv modern pentru modelarea corpului folosind unde ultrasonice. Unicitatea \u00een compara\u021bie cu dispozitivele de tip similar const\u0103 \u00een posibilitatea doz\u0103rii puterii. Datorit\u0103 acestui fapt, pute\u021bi \u021binti asupra p\u0103r\u021bilor corpului cu diferite straturi de gr\u0103sime subcutanat\u0103. Doza de performan\u021b\u0103 este foarte important\u0103 pentru a ob\u021bine rezultatele dorite de sl\u0103bire. Undele cu ultrasunete sunt transmise corpului folosind un aplicator cu o zon\u0103 mare de contact. Utiliza\u021bi pentru urm\u0103toarele p\u0103r\u021bi ale corpului: bra\u021be, abdomen, fese, coapse interioare \u0219i exterioare, gambe. amelioreaz\u0103 simptomele celulitei, Zone de aplicare Bra\u021be, abdomen, \u0219olduri, coapse exterioare \u0219i interioare, fese, gambe. Modelarea corpului folosind cavita\u021bie cu ultrasunete Capul de aplicare cu o zon\u0103 mare de contact genereaz\u0103 unde ultrasonice care stimuleaz\u0103 activ \u021besutul adipos. Integritatea celulei grase este perturbat\u0103 \u0219i se elibereaz\u0103 gr\u0103sime. Gr\u0103simea eliberat\u0103 este descompus\u0103 \u00een glicerol \u0219i acizi gra\u0219i liberi. Glicerolul serve\u0219te ca surs\u0103 de energie, \u00een timp ce acizii gra\u0219i sunt transfera\u021bi la ficat, unde sunt prelucra\u021bi ca acizi gra\u0219i obi\u0219nui\u021bi din alimente \u0219i sunt elimina\u021bi din organism \u00een mod natural. Gr\u0103simea eliminat\u0103 nu se \u00eentoarce \u00een \u021besut. Cavita\u021bia cu ultrasunete este nedureroas\u0103, neinvaziv\u0103, bl\u00e2nd\u0103, eficient\u0103 \u0219i cea mai bun\u0103 metod\u0103 pentru \u00eendep\u0103rtarea \u021besutului gras, reducerea celulitei si netezirea pielii.<\/p>\n","protected":false},"excerpt":{"rendered":"<p>Cavimax Ultimate este un dispozitiv modern pentru modelarea corpului folosind unde ultrasonice. Unicitatea \u00een compara\u021bie cu dispozitivele de tip similar const\u0103 \u00een posibilitatea doz\u0103rii puterii. Datorit\u0103 acestui fapt, pute\u021bi \u021binti asupra p\u0103r\u021bilor corpului cu diferite straturi de gr\u0103sime subcutanat\u0103. Doza de performan\u021b\u0103 este foarte important\u0103 pentru a ob\u021bine rezultatele dorite de sl\u0103bire. Undele cu ultrasunete&#8230;<\/p>\n","protected":false},"featured_media":336717,"comment_status":"closed","ping_status":"open","template":"","meta":{"_acf_changed":false,"_kadence_starter_templates_imported_post":false,"_kad_post_transparent":"","_kad_post_title":"","_kad_post_layout":"","_kad_post_sidebar_id":"","_kad_post_content_style":"","_kad_post_vertical_padding":"","_kad_post_feature":"","_kad_post_feature_position":"","_kad_post_header":false,"_kad_post_footer":false,"_kad_post_classname":""},"product_brand":[235],"product_cat":[246,676,677,611],"product_tag":[],"class_list":{"0":"post-260243","1":"product","2":"type-product","3":"status-publish","4":"has-post-thumbnail","6":"product_brand-beautyrelax","7":"product_cat-cosmetice","8":"product_cat-dispozitive-si-preparate-pentru-masaj","9":"product_cat-preparate-de-masaj","10":"product_cat-produse-cosmetice-pentru-corp","12":"first","13":"instock","14":"sale","15":"product-type-external","16":"entry","17":"content-bg","18":"loop-entry"},"acf":[],"yoast_head":"<!-- This site is optimized with the Yoast SEO plugin v27.4 - https:\/\/yoast.com\/product\/yoast-seo-wordpress\/ -->\n<title>BeautyRelax Aparat de masaj Cavimax Ultimate - SHOPATOA.COM<\/title>\n<meta name=\"robots\" content=\"index, follow, max-snippet:-1, max-image-preview:large, max-video-preview:-1\" \/>\n<link rel=\"canonical\" href=\"https:\/\/shopatoa.com\/ro\/beautyrelax-aparat-de-masaj-cavimax-ultimate\/\" \/>\n<meta property=\"og:locale\" content=\"ro_RO\" \/>\n<meta property=\"og:type\" content=\"article\" \/>\n<meta property=\"og:title\" content=\"BeautyRelax Aparat de masaj Cavimax Ultimate - SHOPATOA.COM\" \/>\n<meta property=\"og:description\" content=\"Cavimax Ultimate este un dispozitiv modern pentru modelarea corpului folosind unde ultrasonice. Unicitatea \u00een compara\u021bie cu dispozitivele de tip similar const\u0103 \u00een posibilitatea doz\u0103rii puterii. Datorit\u0103 acestui fapt, pute\u021bi \u021binti asupra p\u0103r\u021bilor corpului cu diferite straturi de gr\u0103sime subcutanat\u0103. Doza de performan\u021b\u0103 este foarte important\u0103 pentru a ob\u021bine rezultatele dorite de sl\u0103bire. Undele cu ultrasunete...\" \/>\n<meta property=\"og:url\" content=\"https:\/\/shopatoa.com\/ro\/beautyrelax-aparat-de-masaj-cavimax-ultimate\/\" \/>\n<meta property=\"og:site_name\" content=\"SHOPATOA\" \/>\n<meta property=\"article:modified_time\" content=\"2025-12-13T05:14:15+00:00\" \/>\n<meta property=\"og:image\" content=\"https:\/\/storage.googleapis.com\/cz-shopatoa-img\/ro\/80b459dc-unnamed-file.webp\" \/>\n\t<meta property=\"og:image:width\" content=\"800\" \/>\n\t<meta property=\"og:image:height\" content=\"800\" \/>\n\t<meta property=\"og:image:type\" content=\"image\/webp\" \/>\n<meta name=\"twitter:card\" content=\"summary_large_image\" \/>\n<meta name=\"twitter:label1\" content=\"Timp estimat pentru citire\" \/>\n\t<meta name=\"twitter:data1\" content=\"1 minut\" \/>\n<script type=\"application\/ld+json\" class=\"yoast-schema-graph\">{\"@context\":\"https:\\\/\\\/schema.org\",\"@graph\":[{\"@type\":\"WebPage\",\"@id\":\"https:\\\/\\\/shopatoa.com\\\/ro\\\/beautyrelax-aparat-de-masaj-cavimax-ultimate\\\/\",\"url\":\"https:\\\/\\\/shopatoa.com\\\/ro\\\/beautyrelax-aparat-de-masaj-cavimax-ultimate\\\/\",\"name\":\"BeautyRelax Aparat de masaj Cavimax Ultimate - SHOPATOA.COM\",\"isPartOf\":{\"@id\":\"https:\\\/\\\/shopatoa.com\\\/ro\\\/#website\"},\"primaryImageOfPage\":{\"@id\":\"https:\\\/\\\/shopatoa.com\\\/ro\\\/beautyrelax-aparat-de-masaj-cavimax-ultimate\\\/#primaryimage\"},\"image\":{\"@id\":\"https:\\\/\\\/shopatoa.com\\\/ro\\\/beautyrelax-aparat-de-masaj-cavimax-ultimate\\\/#primaryimage\"},\"thumbnailUrl\":\"https:\\\/\\\/storage.googleapis.com\\\/cz-shopatoa-img\\\/ro\\\/80b459dc-unnamed-file.webp\",\"datePublished\":\"2025-04-27T00:55:12+00:00\",\"dateModified\":\"2025-12-13T05:14:15+00:00\",\"breadcrumb\":{\"@id\":\"https:\\\/\\\/shopatoa.com\\\/ro\\\/beautyrelax-aparat-de-masaj-cavimax-ultimate\\\/#breadcrumb\"},\"inLanguage\":\"ro-RO\",\"potentialAction\":[{\"@type\":\"ReadAction\",\"target\":[\"https:\\\/\\\/shopatoa.com\\\/ro\\\/beautyrelax-aparat-de-masaj-cavimax-ultimate\\\/\"]}]},{\"@type\":\"ImageObject\",\"inLanguage\":\"ro-RO\",\"@id\":\"https:\\\/\\\/shopatoa.com\\\/ro\\\/beautyrelax-aparat-de-masaj-cavimax-ultimate\\\/#primaryimage\",\"url\":\"https:\\\/\\\/storage.googleapis.com\\\/cz-shopatoa-img\\\/ro\\\/80b459dc-unnamed-file.webp\",\"contentUrl\":\"https:\\\/\\\/storage.googleapis.com\\\/cz-shopatoa-img\\\/ro\\\/80b459dc-unnamed-file.webp\",\"width\":800,\"height\":800},{\"@type\":\"BreadcrumbList\",\"@id\":\"https:\\\/\\\/shopatoa.com\\\/ro\\\/beautyrelax-aparat-de-masaj-cavimax-ultimate\\\/#breadcrumb\",\"itemListElement\":[{\"@type\":\"ListItem\",\"position\":1,\"name\":\"Dom\u016f\",\"item\":\"https:\\\/\\\/shopatoa.com\\\/ro\\\/\"},{\"@type\":\"ListItem\",\"position\":2,\"name\":\"Shop\",\"item\":\"https:\\\/\\\/shopatoa.com\\\/ro\\\/shop\\\/\"},{\"@type\":\"ListItem\",\"position\":3,\"name\":\"Cosmetice\",\"item\":\"https:\\\/\\\/shopatoa.com\\\/ro\\\/cosmetice\\\/\"},{\"@type\":\"ListItem\",\"position\":4,\"name\":\"Produse cosmetice pentru corp\",\"item\":\"https:\\\/\\\/shopatoa.com\\\/ro\\\/produse-cosmetice-pentru-corp\\\/\"},{\"@type\":\"ListItem\",\"position\":5,\"name\":\"Dispozitive \u0219i preparate pentru masaj\",\"item\":\"https:\\\/\\\/shopatoa.com\\\/ro\\\/dispozitive-si-preparate-pentru-masaj\\\/\"},{\"@type\":\"ListItem\",\"position\":6,\"name\":\"Preparate de masaj\",\"item\":\"https:\\\/\\\/shopatoa.com\\\/ro\\\/preparate-de-masaj\\\/\"},{\"@type\":\"ListItem\",\"position\":7,\"name\":\"BeautyRelax Aparat de masaj Cavimax Ultimate\"}]},{\"@type\":\"WebSite\",\"@id\":\"https:\\\/\\\/shopatoa.com\\\/ro\\\/#website\",\"url\":\"https:\\\/\\\/shopatoa.com\\\/ro\\\/\",\"name\":\"SHOPATOA\",\"description\":\"\",\"publisher\":{\"@id\":\"https:\\\/\\\/shopatoa.com\\\/ro\\\/#organization\"},\"potentialAction\":[{\"@type\":\"SearchAction\",\"target\":{\"@type\":\"EntryPoint\",\"urlTemplate\":\"https:\\\/\\\/shopatoa.com\\\/ro\\\/?s={search_term_string}\"},\"query-input\":{\"@type\":\"PropertyValueSpecification\",\"valueRequired\":true,\"valueName\":\"search_term_string\"}}],\"inLanguage\":\"ro-RO\"},{\"@type\":\"Organization\",\"@id\":\"https:\\\/\\\/shopatoa.com\\\/ro\\\/#organization\",\"name\":\"SHOPATOA\",\"url\":\"https:\\\/\\\/shopatoa.com\\\/ro\\\/\",\"logo\":{\"@type\":\"ImageObject\",\"inLanguage\":\"ro-RO\",\"@id\":\"https:\\\/\\\/shopatoa.com\\\/ro\\\/#\\\/schema\\\/logo\\\/image\\\/\",\"url\":\"https:\\\/\\\/storage.googleapis.com\\\/cz-shopatoa-img\\\/ro\\\/b4dac915-shopatoa_logo.png\",\"contentUrl\":\"https:\\\/\\\/storage.googleapis.com\\\/cz-shopatoa-img\\\/ro\\\/b4dac915-shopatoa_logo.png\",\"width\":416,\"height\":63,\"caption\":\"SHOPATOA\"},\"image\":{\"@id\":\"https:\\\/\\\/shopatoa.com\\\/ro\\\/#\\\/schema\\\/logo\\\/image\\\/\"}}]}<\/script>\n<!-- \/ Yoast SEO plugin. -->","yoast_head_json":{"title":"BeautyRelax Aparat de masaj Cavimax Ultimate - SHOPATOA.COM","robots":{"index":"index","follow":"follow","max-snippet":"max-snippet:-1","max-image-preview":"max-image-preview:large","max-video-preview":"max-video-preview:-1"},"canonical":"https:\/\/shopatoa.com\/ro\/beautyrelax-aparat-de-masaj-cavimax-ultimate\/","og_locale":"ro_RO","og_type":"article","og_title":"BeautyRelax Aparat de masaj Cavimax Ultimate - SHOPATOA.COM","og_description":"Cavimax Ultimate este un dispozitiv modern pentru modelarea corpului folosind unde ultrasonice. Unicitatea \u00een compara\u021bie cu dispozitivele de tip similar const\u0103 \u00een posibilitatea doz\u0103rii puterii. Datorit\u0103 acestui fapt, pute\u021bi \u021binti asupra p\u0103r\u021bilor corpului cu diferite straturi de gr\u0103sime subcutanat\u0103. Doza de performan\u021b\u0103 este foarte important\u0103 pentru a ob\u021bine rezultatele dorite de sl\u0103bire. Undele cu ultrasunete...","og_url":"https:\/\/shopatoa.com\/ro\/beautyrelax-aparat-de-masaj-cavimax-ultimate\/","og_site_name":"SHOPATOA","article_modified_time":"2025-12-13T05:14:15+00:00","og_image":[{"width":800,"height":800,"url":"https:\/\/storage.googleapis.com\/cz-shopatoa-img\/ro\/80b459dc-unnamed-file.webp","type":"image\/webp"}],"twitter_card":"summary_large_image","twitter_misc":{"Timp estimat pentru citire":"1 minut"},"schema":{"@context":"https:\/\/schema.org","@graph":[{"@type":"WebPage","@id":"https:\/\/shopatoa.com\/ro\/beautyrelax-aparat-de-masaj-cavimax-ultimate\/","url":"https:\/\/shopatoa.com\/ro\/beautyrelax-aparat-de-masaj-cavimax-ultimate\/","name":"BeautyRelax Aparat de masaj Cavimax Ultimate - SHOPATOA.COM","isPartOf":{"@id":"https:\/\/shopatoa.com\/ro\/#website"},"primaryImageOfPage":{"@id":"https:\/\/shopatoa.com\/ro\/beautyrelax-aparat-de-masaj-cavimax-ultimate\/#primaryimage"},"image":{"@id":"https:\/\/shopatoa.com\/ro\/beautyrelax-aparat-de-masaj-cavimax-ultimate\/#primaryimage"},"thumbnailUrl":"https:\/\/storage.googleapis.com\/cz-shopatoa-img\/ro\/80b459dc-unnamed-file.webp","datePublished":"2025-04-27T00:55:12+00:00","dateModified":"2025-12-13T05:14:15+00:00","breadcrumb":{"@id":"https:\/\/shopatoa.com\/ro\/beautyrelax-aparat-de-masaj-cavimax-ultimate\/#breadcrumb"},"inLanguage":"ro-RO","potentialAction":[{"@type":"ReadAction","target":["https:\/\/shopatoa.com\/ro\/beautyrelax-aparat-de-masaj-cavimax-ultimate\/"]}]},{"@type":"ImageObject","inLanguage":"ro-RO","@id":"https:\/\/shopatoa.com\/ro\/beautyrelax-aparat-de-masaj-cavimax-ultimate\/#primaryimage","url":"https:\/\/storage.googleapis.com\/cz-shopatoa-img\/ro\/80b459dc-unnamed-file.webp","contentUrl":"https:\/\/storage.googleapis.com\/cz-shopatoa-img\/ro\/80b459dc-unnamed-file.webp","width":800,"height":800},{"@type":"BreadcrumbList","@id":"https:\/\/shopatoa.com\/ro\/beautyrelax-aparat-de-masaj-cavimax-ultimate\/#breadcrumb","itemListElement":[{"@type":"ListItem","position":1,"name":"Dom\u016f","item":"https:\/\/shopatoa.com\/ro\/"},{"@type":"ListItem","position":2,"name":"Shop","item":"https:\/\/shopatoa.com\/ro\/shop\/"},{"@type":"ListItem","position":3,"name":"Cosmetice","item":"https:\/\/shopatoa.com\/ro\/cosmetice\/"},{"@type":"ListItem","position":4,"name":"Produse cosmetice pentru corp","item":"https:\/\/shopatoa.com\/ro\/produse-cosmetice-pentru-corp\/"},{"@type":"ListItem","position":5,"name":"Dispozitive \u0219i preparate pentru masaj","item":"https:\/\/shopatoa.com\/ro\/dispozitive-si-preparate-pentru-masaj\/"},{"@type":"ListItem","position":6,"name":"Preparate de masaj","item":"https:\/\/shopatoa.com\/ro\/preparate-de-masaj\/"},{"@type":"ListItem","position":7,"name":"BeautyRelax Aparat de masaj Cavimax Ultimate"}]},{"@type":"WebSite","@id":"https:\/\/shopatoa.com\/ro\/#website","url":"https:\/\/shopatoa.com\/ro\/","name":"SHOPATOA","description":"","publisher":{"@id":"https:\/\/shopatoa.com\/ro\/#organization"},"potentialAction":[{"@type":"SearchAction","target":{"@type":"EntryPoint","urlTemplate":"https:\/\/shopatoa.com\/ro\/?s={search_term_string}"},"query-input":{"@type":"PropertyValueSpecification","valueRequired":true,"valueName":"search_term_string"}}],"inLanguage":"ro-RO"},{"@type":"Organization","@id":"https:\/\/shopatoa.com\/ro\/#organization","name":"SHOPATOA","url":"https:\/\/shopatoa.com\/ro\/","logo":{"@type":"ImageObject","inLanguage":"ro-RO","@id":"https:\/\/shopatoa.com\/ro\/#\/schema\/logo\/image\/","url":"https:\/\/storage.googleapis.com\/cz-shopatoa-img\/ro\/b4dac915-shopatoa_logo.png","contentUrl":"https:\/\/storage.googleapis.com\/cz-shopatoa-img\/ro\/b4dac915-shopatoa_logo.png","width":416,"height":63,"caption":"SHOPATOA"},"image":{"@id":"https:\/\/shopatoa.com\/ro\/#\/schema\/logo\/image\/"}}]}},"_links":{"self":[{"href":"https:\/\/shopatoa.com\/ro\/wp-json\/wp\/v2\/product\/260243","targetHints":{"allow":["GET"]}}],"collection":[{"href":"https:\/\/shopatoa.com\/ro\/wp-json\/wp\/v2\/product"}],"about":[{"href":"https:\/\/shopatoa.com\/ro\/wp-json\/wp\/v2\/types\/product"}],"replies":[{"embeddable":true,"href":"https:\/\/shopatoa.com\/ro\/wp-json\/wp\/v2\/comments?post=260243"}],"wp:featuredmedia":[{"embeddable":true,"href":"https:\/\/shopatoa.com\/ro\/wp-json\/wp\/v2\/media\/336717"}],"wp:attachment":[{"href":"https:\/\/shopatoa.com\/ro\/wp-json\/wp\/v2\/media?parent=260243"}],"wp:term":[{"taxonomy":"product_brand","embeddable":true,"href":"https:\/\/shopatoa.com\/ro\/wp-json\/wp\/v2\/product_brand?post=260243"},{"taxonomy":"product_cat","embeddable":true,"href":"https:\/\/shopatoa.com\/ro\/wp-json\/wp\/v2\/product_cat?post=260243"},{"taxonomy":"product_tag","embeddable":true,"href":"https:\/\/shopatoa.com\/ro\/wp-json\/wp\/v2\/product_tag?post=260243"}],"curies":[{"name":"wp","href":"https:\/\/api.w.org\/{rel}","templated":true}]}}