{"id":260357,"date":"2025-04-27T03:35:53","date_gmt":"2025-04-27T01:35:53","guid":{"rendered":"https:\/\/shopatoa.com\/ro\/concept-aparat-de-tuns-parul-si-barba-za7035\/"},"modified":"2025-12-13T05:35:57","modified_gmt":"2025-12-13T04:35:57","slug":"concept-aparat-de-tuns-parul-si-barba-za7035","status":"publish","type":"product","link":"https:\/\/shopatoa.com\/ro\/concept-aparat-de-tuns-parul-si-barba-za7035\/","title":{"rendered":"Concept Aparat de tuns p\u0103rul \u0219i barba ZA7035"},"content":{"rendered":"<p>Aparat de tuns modern \u0219i puternic Concept ZA7035 pentru p\u0103r \u0219i barb\u0103, cu lame cu ascu\u021bire din o\u021bel inoxidabil de cea mai \u00eenalt\u0103 calitate. Unitate principal\u0103 deta\u0219abil\u0103 cu lame, durata de via\u021b\u0103 a bateriei de p\u00e2n\u0103 la 40 de minute.<\/p>\n","protected":false},"excerpt":{"rendered":"<p>Aparat de tuns modern \u0219i puternic Concept ZA7035 pentru p\u0103r \u0219i barb\u0103, cu lame cu ascu\u021bire din o\u021bel inoxidabil de cea mai \u00eenalt\u0103 calitate. Unitate principal\u0103 deta\u0219abil\u0103 cu lame, durata de via\u021b\u0103 a bateriei de p\u00e2n\u0103 la 40 de minute.<\/p>\n","protected":false},"featured_media":336842,"comment_status":"closed","ping_status":"open","template":"","meta":{"_acf_changed":false,"_kadence_starter_templates_imported_post":false,"_kad_post_transparent":"","_kad_post_title":"","_kad_post_layout":"","_kad_post_sidebar_id":"","_kad_post_content_style":"","_kad_post_vertical_padding":"","_kad_post_feature":"","_kad_post_feature_position":"","_kad_post_header":false,"_kad_post_footer":false,"_kad_post_classname":""},"product_brand":[427],"product_cat":[670,765,246],"product_tag":[],"class_list":{"0":"post-260357","1":"product","2":"type-product","3":"status-publish","4":"has-post-thumbnail","6":"product_brand-concept","7":"product_cat-barber-shop","8":"product_cat-barber-shop-taiat","9":"product_cat-cosmetice","11":"first","12":"instock","13":"sale","14":"product-type-external","15":"entry","16":"content-bg","17":"loop-entry"},"acf":[],"yoast_head":"<!-- This site is optimized with the Yoast SEO plugin v27.4 - https:\/\/yoast.com\/product\/yoast-seo-wordpress\/ -->\n<title>Concept Aparat de tuns p\u0103rul \u0219i barba ZA7035 - SHOPATOA.COM<\/title>\n<meta name=\"robots\" content=\"index, follow, max-snippet:-1, max-image-preview:large, max-video-preview:-1\" \/>\n<link rel=\"canonical\" href=\"https:\/\/shopatoa.com\/ro\/concept-aparat-de-tuns-parul-si-barba-za7035\/\" \/>\n<meta property=\"og:locale\" content=\"ro_RO\" \/>\n<meta property=\"og:type\" content=\"article\" \/>\n<meta property=\"og:title\" content=\"Concept Aparat de tuns p\u0103rul \u0219i barba ZA7035 - SHOPATOA.COM\" \/>\n<meta property=\"og:description\" content=\"Aparat de tuns modern \u0219i puternic Concept ZA7035 pentru p\u0103r \u0219i barb\u0103, cu lame cu ascu\u021bire din o\u021bel inoxidabil de cea mai \u00eenalt\u0103 calitate. Unitate principal\u0103 deta\u0219abil\u0103 cu lame, durata de via\u021b\u0103 a bateriei de p\u00e2n\u0103 la 40 de minute.\" \/>\n<meta property=\"og:url\" content=\"https:\/\/shopatoa.com\/ro\/concept-aparat-de-tuns-parul-si-barba-za7035\/\" \/>\n<meta property=\"og:site_name\" content=\"SHOPATOA\" \/>\n<meta property=\"article:modified_time\" content=\"2025-12-13T04:35:57+00:00\" \/>\n<meta property=\"og:image\" content=\"https:\/\/storage.googleapis.com\/cz-shopatoa-img\/ro\/768d6759-unnamed-file.webp\" \/>\n\t<meta property=\"og:image:width\" content=\"800\" \/>\n\t<meta property=\"og:image:height\" content=\"800\" \/>\n\t<meta property=\"og:image:type\" content=\"image\/webp\" \/>\n<meta name=\"twitter:card\" content=\"summary_large_image\" \/>\n<script type=\"application\/ld+json\" class=\"yoast-schema-graph\">{\"@context\":\"https:\\\/\\\/schema.org\",\"@graph\":[{\"@type\":\"WebPage\",\"@id\":\"https:\\\/\\\/shopatoa.com\\\/ro\\\/concept-aparat-de-tuns-parul-si-barba-za7035\\\/\",\"url\":\"https:\\\/\\\/shopatoa.com\\\/ro\\\/concept-aparat-de-tuns-parul-si-barba-za7035\\\/\",\"name\":\"Concept Aparat de tuns p\u0103rul \u0219i barba ZA7035 - SHOPATOA.COM\",\"isPartOf\":{\"@id\":\"https:\\\/\\\/shopatoa.com\\\/ro\\\/#website\"},\"primaryImageOfPage\":{\"@id\":\"https:\\\/\\\/shopatoa.com\\\/ro\\\/concept-aparat-de-tuns-parul-si-barba-za7035\\\/#primaryimage\"},\"image\":{\"@id\":\"https:\\\/\\\/shopatoa.com\\\/ro\\\/concept-aparat-de-tuns-parul-si-barba-za7035\\\/#primaryimage\"},\"thumbnailUrl\":\"https:\\\/\\\/storage.googleapis.com\\\/cz-shopatoa-img\\\/ro\\\/768d6759-unnamed-file.webp\",\"datePublished\":\"2025-04-27T01:35:53+00:00\",\"dateModified\":\"2025-12-13T04:35:57+00:00\",\"breadcrumb\":{\"@id\":\"https:\\\/\\\/shopatoa.com\\\/ro\\\/concept-aparat-de-tuns-parul-si-barba-za7035\\\/#breadcrumb\"},\"inLanguage\":\"ro-RO\",\"potentialAction\":[{\"@type\":\"ReadAction\",\"target\":[\"https:\\\/\\\/shopatoa.com\\\/ro\\\/concept-aparat-de-tuns-parul-si-barba-za7035\\\/\"]}]},{\"@type\":\"ImageObject\",\"inLanguage\":\"ro-RO\",\"@id\":\"https:\\\/\\\/shopatoa.com\\\/ro\\\/concept-aparat-de-tuns-parul-si-barba-za7035\\\/#primaryimage\",\"url\":\"https:\\\/\\\/storage.googleapis.com\\\/cz-shopatoa-img\\\/ro\\\/768d6759-unnamed-file.webp\",\"contentUrl\":\"https:\\\/\\\/storage.googleapis.com\\\/cz-shopatoa-img\\\/ro\\\/768d6759-unnamed-file.webp\",\"width\":800,\"height\":800},{\"@type\":\"BreadcrumbList\",\"@id\":\"https:\\\/\\\/shopatoa.com\\\/ro\\\/concept-aparat-de-tuns-parul-si-barba-za7035\\\/#breadcrumb\",\"itemListElement\":[{\"@type\":\"ListItem\",\"position\":1,\"name\":\"Dom\u016f\",\"item\":\"https:\\\/\\\/shopatoa.com\\\/ro\\\/\"},{\"@type\":\"ListItem\",\"position\":2,\"name\":\"Shop\",\"item\":\"https:\\\/\\\/shopatoa.com\\\/ro\\\/shop\\\/\"},{\"@type\":\"ListItem\",\"position\":3,\"name\":\"Cosmetice\",\"item\":\"https:\\\/\\\/shopatoa.com\\\/ro\\\/cosmetice\\\/\"},{\"@type\":\"ListItem\",\"position\":4,\"name\":\"Barber Shop\",\"item\":\"https:\\\/\\\/shopatoa.com\\\/ro\\\/barber-shop\\\/\"},{\"@type\":\"ListItem\",\"position\":5,\"name\":\"Barber Shop \u2013 t\u0103iat\",\"item\":\"https:\\\/\\\/shopatoa.com\\\/ro\\\/barber-shop-taiat\\\/\"},{\"@type\":\"ListItem\",\"position\":6,\"name\":\"Concept Aparat de tuns p\u0103rul \u0219i barba ZA7035\"}]},{\"@type\":\"WebSite\",\"@id\":\"https:\\\/\\\/shopatoa.com\\\/ro\\\/#website\",\"url\":\"https:\\\/\\\/shopatoa.com\\\/ro\\\/\",\"name\":\"SHOPATOA\",\"description\":\"\",\"publisher\":{\"@id\":\"https:\\\/\\\/shopatoa.com\\\/ro\\\/#organization\"},\"potentialAction\":[{\"@type\":\"SearchAction\",\"target\":{\"@type\":\"EntryPoint\",\"urlTemplate\":\"https:\\\/\\\/shopatoa.com\\\/ro\\\/?s={search_term_string}\"},\"query-input\":{\"@type\":\"PropertyValueSpecification\",\"valueRequired\":true,\"valueName\":\"search_term_string\"}}],\"inLanguage\":\"ro-RO\"},{\"@type\":\"Organization\",\"@id\":\"https:\\\/\\\/shopatoa.com\\\/ro\\\/#organization\",\"name\":\"SHOPATOA\",\"url\":\"https:\\\/\\\/shopatoa.com\\\/ro\\\/\",\"logo\":{\"@type\":\"ImageObject\",\"inLanguage\":\"ro-RO\",\"@id\":\"https:\\\/\\\/shopatoa.com\\\/ro\\\/#\\\/schema\\\/logo\\\/image\\\/\",\"url\":\"https:\\\/\\\/storage.googleapis.com\\\/cz-shopatoa-img\\\/ro\\\/b4dac915-shopatoa_logo.png\",\"contentUrl\":\"https:\\\/\\\/storage.googleapis.com\\\/cz-shopatoa-img\\\/ro\\\/b4dac915-shopatoa_logo.png\",\"width\":416,\"height\":63,\"caption\":\"SHOPATOA\"},\"image\":{\"@id\":\"https:\\\/\\\/shopatoa.com\\\/ro\\\/#\\\/schema\\\/logo\\\/image\\\/\"}}]}<\/script>\n<!-- \/ Yoast SEO plugin. -->","yoast_head_json":{"title":"Concept Aparat de tuns p\u0103rul \u0219i barba ZA7035 - SHOPATOA.COM","robots":{"index":"index","follow":"follow","max-snippet":"max-snippet:-1","max-image-preview":"max-image-preview:large","max-video-preview":"max-video-preview:-1"},"canonical":"https:\/\/shopatoa.com\/ro\/concept-aparat-de-tuns-parul-si-barba-za7035\/","og_locale":"ro_RO","og_type":"article","og_title":"Concept Aparat de tuns p\u0103rul \u0219i barba ZA7035 - SHOPATOA.COM","og_description":"Aparat de tuns modern \u0219i puternic Concept ZA7035 pentru p\u0103r \u0219i barb\u0103, cu lame cu ascu\u021bire din o\u021bel inoxidabil de cea mai \u00eenalt\u0103 calitate. Unitate principal\u0103 deta\u0219abil\u0103 cu lame, durata de via\u021b\u0103 a bateriei de p\u00e2n\u0103 la 40 de minute.","og_url":"https:\/\/shopatoa.com\/ro\/concept-aparat-de-tuns-parul-si-barba-za7035\/","og_site_name":"SHOPATOA","article_modified_time":"2025-12-13T04:35:57+00:00","og_image":[{"width":800,"height":800,"url":"https:\/\/storage.googleapis.com\/cz-shopatoa-img\/ro\/768d6759-unnamed-file.webp","type":"image\/webp"}],"twitter_card":"summary_large_image","schema":{"@context":"https:\/\/schema.org","@graph":[{"@type":"WebPage","@id":"https:\/\/shopatoa.com\/ro\/concept-aparat-de-tuns-parul-si-barba-za7035\/","url":"https:\/\/shopatoa.com\/ro\/concept-aparat-de-tuns-parul-si-barba-za7035\/","name":"Concept Aparat de tuns p\u0103rul \u0219i barba ZA7035 - SHOPATOA.COM","isPartOf":{"@id":"https:\/\/shopatoa.com\/ro\/#website"},"primaryImageOfPage":{"@id":"https:\/\/shopatoa.com\/ro\/concept-aparat-de-tuns-parul-si-barba-za7035\/#primaryimage"},"image":{"@id":"https:\/\/shopatoa.com\/ro\/concept-aparat-de-tuns-parul-si-barba-za7035\/#primaryimage"},"thumbnailUrl":"https:\/\/storage.googleapis.com\/cz-shopatoa-img\/ro\/768d6759-unnamed-file.webp","datePublished":"2025-04-27T01:35:53+00:00","dateModified":"2025-12-13T04:35:57+00:00","breadcrumb":{"@id":"https:\/\/shopatoa.com\/ro\/concept-aparat-de-tuns-parul-si-barba-za7035\/#breadcrumb"},"inLanguage":"ro-RO","potentialAction":[{"@type":"ReadAction","target":["https:\/\/shopatoa.com\/ro\/concept-aparat-de-tuns-parul-si-barba-za7035\/"]}]},{"@type":"ImageObject","inLanguage":"ro-RO","@id":"https:\/\/shopatoa.com\/ro\/concept-aparat-de-tuns-parul-si-barba-za7035\/#primaryimage","url":"https:\/\/storage.googleapis.com\/cz-shopatoa-img\/ro\/768d6759-unnamed-file.webp","contentUrl":"https:\/\/storage.googleapis.com\/cz-shopatoa-img\/ro\/768d6759-unnamed-file.webp","width":800,"height":800},{"@type":"BreadcrumbList","@id":"https:\/\/shopatoa.com\/ro\/concept-aparat-de-tuns-parul-si-barba-za7035\/#breadcrumb","itemListElement":[{"@type":"ListItem","position":1,"name":"Dom\u016f","item":"https:\/\/shopatoa.com\/ro\/"},{"@type":"ListItem","position":2,"name":"Shop","item":"https:\/\/shopatoa.com\/ro\/shop\/"},{"@type":"ListItem","position":3,"name":"Cosmetice","item":"https:\/\/shopatoa.com\/ro\/cosmetice\/"},{"@type":"ListItem","position":4,"name":"Barber Shop","item":"https:\/\/shopatoa.com\/ro\/barber-shop\/"},{"@type":"ListItem","position":5,"name":"Barber Shop \u2013 t\u0103iat","item":"https:\/\/shopatoa.com\/ro\/barber-shop-taiat\/"},{"@type":"ListItem","position":6,"name":"Concept Aparat de tuns p\u0103rul \u0219i barba ZA7035"}]},{"@type":"WebSite","@id":"https:\/\/shopatoa.com\/ro\/#website","url":"https:\/\/shopatoa.com\/ro\/","name":"SHOPATOA","description":"","publisher":{"@id":"https:\/\/shopatoa.com\/ro\/#organization"},"potentialAction":[{"@type":"SearchAction","target":{"@type":"EntryPoint","urlTemplate":"https:\/\/shopatoa.com\/ro\/?s={search_term_string}"},"query-input":{"@type":"PropertyValueSpecification","valueRequired":true,"valueName":"search_term_string"}}],"inLanguage":"ro-RO"},{"@type":"Organization","@id":"https:\/\/shopatoa.com\/ro\/#organization","name":"SHOPATOA","url":"https:\/\/shopatoa.com\/ro\/","logo":{"@type":"ImageObject","inLanguage":"ro-RO","@id":"https:\/\/shopatoa.com\/ro\/#\/schema\/logo\/image\/","url":"https:\/\/storage.googleapis.com\/cz-shopatoa-img\/ro\/b4dac915-shopatoa_logo.png","contentUrl":"https:\/\/storage.googleapis.com\/cz-shopatoa-img\/ro\/b4dac915-shopatoa_logo.png","width":416,"height":63,"caption":"SHOPATOA"},"image":{"@id":"https:\/\/shopatoa.com\/ro\/#\/schema\/logo\/image\/"}}]}},"_links":{"self":[{"href":"https:\/\/shopatoa.com\/ro\/wp-json\/wp\/v2\/product\/260357","targetHints":{"allow":["GET"]}}],"collection":[{"href":"https:\/\/shopatoa.com\/ro\/wp-json\/wp\/v2\/product"}],"about":[{"href":"https:\/\/shopatoa.com\/ro\/wp-json\/wp\/v2\/types\/product"}],"replies":[{"embeddable":true,"href":"https:\/\/shopatoa.com\/ro\/wp-json\/wp\/v2\/comments?post=260357"}],"wp:featuredmedia":[{"embeddable":true,"href":"https:\/\/shopatoa.com\/ro\/wp-json\/wp\/v2\/media\/336842"}],"wp:attachment":[{"href":"https:\/\/shopatoa.com\/ro\/wp-json\/wp\/v2\/media?parent=260357"}],"wp:term":[{"taxonomy":"product_brand","embeddable":true,"href":"https:\/\/shopatoa.com\/ro\/wp-json\/wp\/v2\/product_brand?post=260357"},{"taxonomy":"product_cat","embeddable":true,"href":"https:\/\/shopatoa.com\/ro\/wp-json\/wp\/v2\/product_cat?post=260357"},{"taxonomy":"product_tag","embeddable":true,"href":"https:\/\/shopatoa.com\/ro\/wp-json\/wp\/v2\/product_tag?post=260357"}],"curies":[{"name":"wp","href":"https:\/\/api.w.org\/{rel}","templated":true}]}}