{"id":260369,"date":"2025-04-27T03:41:15","date_gmt":"2025-04-27T01:41:15","guid":{"rendered":"https:\/\/shopatoa.com\/ro\/sisley-rimel-pentru-alungire-so-stretch-mascara-75-ml-03-deep-blue\/"},"modified":"2025-12-13T08:32:52","modified_gmt":"2025-12-13T07:32:52","slug":"sisley-rimel-pentru-alungire-so-stretch-mascara-75-ml-03-deep-blue","status":"publish","type":"product","link":"https:\/\/shopatoa.com\/ro\/sisley-rimel-pentru-alungire-so-stretch-mascara-75-ml-03-deep-blue\/","title":{"rendered":"Sisley Rimel pentru alungire So Stretch (Mascara) 7,5 ml 03 Deep Blue"},"content":{"rendered":"<p>Deci rimelul Stretch prelunge\u0219te, \u00eent\u0103re\u0219te \u0219i define\u0219te genele de la r\u0103d\u0103cini p\u00e2n\u0103 la capete. Datorit\u0103 periei precise, separ\u0103 \u0219i prelunge\u0219te perfect toate genele. Potrivit pentru ochi sensibili \u0219i purt\u0103torii lentilelor de contact.<\/p>\n","protected":false},"excerpt":{"rendered":"<p>Deci rimelul Stretch prelunge\u0219te, \u00eent\u0103re\u0219te \u0219i define\u0219te genele de la r\u0103d\u0103cini p\u00e2n\u0103 la capete. Datorit\u0103 periei precise, separ\u0103 \u0219i prelunge\u0219te perfect toate genele. Potrivit pentru ochi sensibili \u0219i purt\u0103torii lentilelor de contact.<\/p>\n","protected":false},"featured_media":336852,"comment_status":"closed","ping_status":"open","template":"","meta":{"_acf_changed":false,"_kadence_starter_templates_imported_post":false,"_kad_post_transparent":"","_kad_post_title":"","_kad_post_layout":"","_kad_post_sidebar_id":"","_kad_post_content_style":"","_kad_post_vertical_padding":"","_kad_post_feature":"","_kad_post_feature_position":"","_kad_post_header":false,"_kad_post_footer":false,"_kad_post_classname":""},"product_brand":[337],"product_cat":[246,609,631,632],"product_tag":[],"class_list":{"0":"post-260369","1":"product","2":"type-product","3":"status-publish","4":"has-post-thumbnail","6":"product_brand-sisley","7":"product_cat-cosmetice","8":"product_cat-cosmetice-decorative","9":"product_cat-machiaj-pentru-ochi","10":"product_cat-rimele","12":"first","13":"instock","14":"product-type-external","15":"entry","16":"content-bg","17":"loop-entry"},"acf":[],"yoast_head":"<!-- This site is optimized with the Yoast SEO plugin v27.3 - https:\/\/yoast.com\/product\/yoast-seo-wordpress\/ -->\n<title>Sisley Rimel pentru alungire So Stretch (Mascara) 7,5 ml 03 Deep Blue - SHOPATOA.COM<\/title>\n<meta name=\"robots\" content=\"index, follow, max-snippet:-1, max-image-preview:large, max-video-preview:-1\" \/>\n<link rel=\"canonical\" href=\"https:\/\/shopatoa.com\/ro\/sisley-rimel-pentru-alungire-so-stretch-mascara-75-ml-03-deep-blue\/\" \/>\n<meta property=\"og:locale\" content=\"ro_RO\" \/>\n<meta property=\"og:type\" content=\"article\" \/>\n<meta property=\"og:title\" content=\"Sisley Rimel pentru alungire So Stretch (Mascara) 7,5 ml 03 Deep Blue - SHOPATOA.COM\" \/>\n<meta property=\"og:description\" content=\"Deci rimelul Stretch prelunge\u0219te, \u00eent\u0103re\u0219te \u0219i define\u0219te genele de la r\u0103d\u0103cini p\u00e2n\u0103 la capete. Datorit\u0103 periei precise, separ\u0103 \u0219i prelunge\u0219te perfect toate genele. Potrivit pentru ochi sensibili \u0219i purt\u0103torii lentilelor de contact.\" \/>\n<meta property=\"og:url\" content=\"https:\/\/shopatoa.com\/ro\/sisley-rimel-pentru-alungire-so-stretch-mascara-75-ml-03-deep-blue\/\" \/>\n<meta property=\"og:site_name\" content=\"SHOPATOA\" \/>\n<meta property=\"article:modified_time\" content=\"2025-12-13T07:32:52+00:00\" \/>\n<meta property=\"og:image\" content=\"https:\/\/storage.googleapis.com\/cz-shopatoa-img\/ro\/eab00f8e-unnamed-file.webp\" \/>\n\t<meta property=\"og:image:width\" content=\"800\" \/>\n\t<meta property=\"og:image:height\" content=\"800\" \/>\n\t<meta property=\"og:image:type\" content=\"image\/webp\" \/>\n<meta name=\"twitter:card\" content=\"summary_large_image\" \/>\n<script type=\"application\/ld+json\" class=\"yoast-schema-graph\">{\"@context\":\"https:\\\/\\\/schema.org\",\"@graph\":[{\"@type\":\"WebPage\",\"@id\":\"https:\\\/\\\/shopatoa.com\\\/ro\\\/sisley-rimel-pentru-alungire-so-stretch-mascara-75-ml-03-deep-blue\\\/\",\"url\":\"https:\\\/\\\/shopatoa.com\\\/ro\\\/sisley-rimel-pentru-alungire-so-stretch-mascara-75-ml-03-deep-blue\\\/\",\"name\":\"Sisley Rimel pentru alungire So Stretch (Mascara) 7,5 ml 03 Deep Blue - SHOPATOA.COM\",\"isPartOf\":{\"@id\":\"https:\\\/\\\/shopatoa.com\\\/ro\\\/#website\"},\"primaryImageOfPage\":{\"@id\":\"https:\\\/\\\/shopatoa.com\\\/ro\\\/sisley-rimel-pentru-alungire-so-stretch-mascara-75-ml-03-deep-blue\\\/#primaryimage\"},\"image\":{\"@id\":\"https:\\\/\\\/shopatoa.com\\\/ro\\\/sisley-rimel-pentru-alungire-so-stretch-mascara-75-ml-03-deep-blue\\\/#primaryimage\"},\"thumbnailUrl\":\"https:\\\/\\\/storage.googleapis.com\\\/cz-shopatoa-img\\\/ro\\\/eab00f8e-unnamed-file.webp\",\"datePublished\":\"2025-04-27T01:41:15+00:00\",\"dateModified\":\"2025-12-13T07:32:52+00:00\",\"breadcrumb\":{\"@id\":\"https:\\\/\\\/shopatoa.com\\\/ro\\\/sisley-rimel-pentru-alungire-so-stretch-mascara-75-ml-03-deep-blue\\\/#breadcrumb\"},\"inLanguage\":\"ro-RO\",\"potentialAction\":[{\"@type\":\"ReadAction\",\"target\":[\"https:\\\/\\\/shopatoa.com\\\/ro\\\/sisley-rimel-pentru-alungire-so-stretch-mascara-75-ml-03-deep-blue\\\/\"]}]},{\"@type\":\"ImageObject\",\"inLanguage\":\"ro-RO\",\"@id\":\"https:\\\/\\\/shopatoa.com\\\/ro\\\/sisley-rimel-pentru-alungire-so-stretch-mascara-75-ml-03-deep-blue\\\/#primaryimage\",\"url\":\"https:\\\/\\\/storage.googleapis.com\\\/cz-shopatoa-img\\\/ro\\\/eab00f8e-unnamed-file.webp\",\"contentUrl\":\"https:\\\/\\\/storage.googleapis.com\\\/cz-shopatoa-img\\\/ro\\\/eab00f8e-unnamed-file.webp\",\"width\":800,\"height\":800},{\"@type\":\"BreadcrumbList\",\"@id\":\"https:\\\/\\\/shopatoa.com\\\/ro\\\/sisley-rimel-pentru-alungire-so-stretch-mascara-75-ml-03-deep-blue\\\/#breadcrumb\",\"itemListElement\":[{\"@type\":\"ListItem\",\"position\":1,\"name\":\"Dom\u016f\",\"item\":\"https:\\\/\\\/shopatoa.com\\\/ro\\\/\"},{\"@type\":\"ListItem\",\"position\":2,\"name\":\"Shop\",\"item\":\"https:\\\/\\\/shopatoa.com\\\/ro\\\/shop\\\/\"},{\"@type\":\"ListItem\",\"position\":3,\"name\":\"Cosmetice\",\"item\":\"https:\\\/\\\/shopatoa.com\\\/ro\\\/cosmetice\\\/\"},{\"@type\":\"ListItem\",\"position\":4,\"name\":\"Cosmetice decorative\",\"item\":\"https:\\\/\\\/shopatoa.com\\\/ro\\\/cosmetice-decorative\\\/\"},{\"@type\":\"ListItem\",\"position\":5,\"name\":\"Machiaj pentru ochi\",\"item\":\"https:\\\/\\\/shopatoa.com\\\/ro\\\/machiaj-pentru-ochi\\\/\"},{\"@type\":\"ListItem\",\"position\":6,\"name\":\"Rimele\",\"item\":\"https:\\\/\\\/shopatoa.com\\\/ro\\\/rimele\\\/\"},{\"@type\":\"ListItem\",\"position\":7,\"name\":\"Sisley Rimel pentru alungire So Stretch (Mascara) 7,5 ml 03 Deep Blue\"}]},{\"@type\":\"WebSite\",\"@id\":\"https:\\\/\\\/shopatoa.com\\\/ro\\\/#website\",\"url\":\"https:\\\/\\\/shopatoa.com\\\/ro\\\/\",\"name\":\"SHOPATOA\",\"description\":\"\",\"publisher\":{\"@id\":\"https:\\\/\\\/shopatoa.com\\\/ro\\\/#organization\"},\"potentialAction\":[{\"@type\":\"SearchAction\",\"target\":{\"@type\":\"EntryPoint\",\"urlTemplate\":\"https:\\\/\\\/shopatoa.com\\\/ro\\\/?s={search_term_string}\"},\"query-input\":{\"@type\":\"PropertyValueSpecification\",\"valueRequired\":true,\"valueName\":\"search_term_string\"}}],\"inLanguage\":\"ro-RO\"},{\"@type\":\"Organization\",\"@id\":\"https:\\\/\\\/shopatoa.com\\\/ro\\\/#organization\",\"name\":\"SHOPATOA\",\"url\":\"https:\\\/\\\/shopatoa.com\\\/ro\\\/\",\"logo\":{\"@type\":\"ImageObject\",\"inLanguage\":\"ro-RO\",\"@id\":\"https:\\\/\\\/shopatoa.com\\\/ro\\\/#\\\/schema\\\/logo\\\/image\\\/\",\"url\":\"https:\\\/\\\/storage.googleapis.com\\\/cz-shopatoa-img\\\/ro\\\/b4dac915-shopatoa_logo.png\",\"contentUrl\":\"https:\\\/\\\/storage.googleapis.com\\\/cz-shopatoa-img\\\/ro\\\/b4dac915-shopatoa_logo.png\",\"width\":416,\"height\":63,\"caption\":\"SHOPATOA\"},\"image\":{\"@id\":\"https:\\\/\\\/shopatoa.com\\\/ro\\\/#\\\/schema\\\/logo\\\/image\\\/\"}}]}<\/script>\n<!-- \/ Yoast SEO plugin. -->","yoast_head_json":{"title":"Sisley Rimel pentru alungire So Stretch (Mascara) 7,5 ml 03 Deep Blue - SHOPATOA.COM","robots":{"index":"index","follow":"follow","max-snippet":"max-snippet:-1","max-image-preview":"max-image-preview:large","max-video-preview":"max-video-preview:-1"},"canonical":"https:\/\/shopatoa.com\/ro\/sisley-rimel-pentru-alungire-so-stretch-mascara-75-ml-03-deep-blue\/","og_locale":"ro_RO","og_type":"article","og_title":"Sisley Rimel pentru alungire So Stretch (Mascara) 7,5 ml 03 Deep Blue - SHOPATOA.COM","og_description":"Deci rimelul Stretch prelunge\u0219te, \u00eent\u0103re\u0219te \u0219i define\u0219te genele de la r\u0103d\u0103cini p\u00e2n\u0103 la capete. Datorit\u0103 periei precise, separ\u0103 \u0219i prelunge\u0219te perfect toate genele. Potrivit pentru ochi sensibili \u0219i purt\u0103torii lentilelor de contact.","og_url":"https:\/\/shopatoa.com\/ro\/sisley-rimel-pentru-alungire-so-stretch-mascara-75-ml-03-deep-blue\/","og_site_name":"SHOPATOA","article_modified_time":"2025-12-13T07:32:52+00:00","og_image":[{"width":800,"height":800,"url":"https:\/\/storage.googleapis.com\/cz-shopatoa-img\/ro\/eab00f8e-unnamed-file.webp","type":"image\/webp"}],"twitter_card":"summary_large_image","schema":{"@context":"https:\/\/schema.org","@graph":[{"@type":"WebPage","@id":"https:\/\/shopatoa.com\/ro\/sisley-rimel-pentru-alungire-so-stretch-mascara-75-ml-03-deep-blue\/","url":"https:\/\/shopatoa.com\/ro\/sisley-rimel-pentru-alungire-so-stretch-mascara-75-ml-03-deep-blue\/","name":"Sisley Rimel pentru alungire So Stretch (Mascara) 7,5 ml 03 Deep Blue - SHOPATOA.COM","isPartOf":{"@id":"https:\/\/shopatoa.com\/ro\/#website"},"primaryImageOfPage":{"@id":"https:\/\/shopatoa.com\/ro\/sisley-rimel-pentru-alungire-so-stretch-mascara-75-ml-03-deep-blue\/#primaryimage"},"image":{"@id":"https:\/\/shopatoa.com\/ro\/sisley-rimel-pentru-alungire-so-stretch-mascara-75-ml-03-deep-blue\/#primaryimage"},"thumbnailUrl":"https:\/\/storage.googleapis.com\/cz-shopatoa-img\/ro\/eab00f8e-unnamed-file.webp","datePublished":"2025-04-27T01:41:15+00:00","dateModified":"2025-12-13T07:32:52+00:00","breadcrumb":{"@id":"https:\/\/shopatoa.com\/ro\/sisley-rimel-pentru-alungire-so-stretch-mascara-75-ml-03-deep-blue\/#breadcrumb"},"inLanguage":"ro-RO","potentialAction":[{"@type":"ReadAction","target":["https:\/\/shopatoa.com\/ro\/sisley-rimel-pentru-alungire-so-stretch-mascara-75-ml-03-deep-blue\/"]}]},{"@type":"ImageObject","inLanguage":"ro-RO","@id":"https:\/\/shopatoa.com\/ro\/sisley-rimel-pentru-alungire-so-stretch-mascara-75-ml-03-deep-blue\/#primaryimage","url":"https:\/\/storage.googleapis.com\/cz-shopatoa-img\/ro\/eab00f8e-unnamed-file.webp","contentUrl":"https:\/\/storage.googleapis.com\/cz-shopatoa-img\/ro\/eab00f8e-unnamed-file.webp","width":800,"height":800},{"@type":"BreadcrumbList","@id":"https:\/\/shopatoa.com\/ro\/sisley-rimel-pentru-alungire-so-stretch-mascara-75-ml-03-deep-blue\/#breadcrumb","itemListElement":[{"@type":"ListItem","position":1,"name":"Dom\u016f","item":"https:\/\/shopatoa.com\/ro\/"},{"@type":"ListItem","position":2,"name":"Shop","item":"https:\/\/shopatoa.com\/ro\/shop\/"},{"@type":"ListItem","position":3,"name":"Cosmetice","item":"https:\/\/shopatoa.com\/ro\/cosmetice\/"},{"@type":"ListItem","position":4,"name":"Cosmetice decorative","item":"https:\/\/shopatoa.com\/ro\/cosmetice-decorative\/"},{"@type":"ListItem","position":5,"name":"Machiaj pentru ochi","item":"https:\/\/shopatoa.com\/ro\/machiaj-pentru-ochi\/"},{"@type":"ListItem","position":6,"name":"Rimele","item":"https:\/\/shopatoa.com\/ro\/rimele\/"},{"@type":"ListItem","position":7,"name":"Sisley Rimel pentru alungire So Stretch (Mascara) 7,5 ml 03 Deep Blue"}]},{"@type":"WebSite","@id":"https:\/\/shopatoa.com\/ro\/#website","url":"https:\/\/shopatoa.com\/ro\/","name":"SHOPATOA","description":"","publisher":{"@id":"https:\/\/shopatoa.com\/ro\/#organization"},"potentialAction":[{"@type":"SearchAction","target":{"@type":"EntryPoint","urlTemplate":"https:\/\/shopatoa.com\/ro\/?s={search_term_string}"},"query-input":{"@type":"PropertyValueSpecification","valueRequired":true,"valueName":"search_term_string"}}],"inLanguage":"ro-RO"},{"@type":"Organization","@id":"https:\/\/shopatoa.com\/ro\/#organization","name":"SHOPATOA","url":"https:\/\/shopatoa.com\/ro\/","logo":{"@type":"ImageObject","inLanguage":"ro-RO","@id":"https:\/\/shopatoa.com\/ro\/#\/schema\/logo\/image\/","url":"https:\/\/storage.googleapis.com\/cz-shopatoa-img\/ro\/b4dac915-shopatoa_logo.png","contentUrl":"https:\/\/storage.googleapis.com\/cz-shopatoa-img\/ro\/b4dac915-shopatoa_logo.png","width":416,"height":63,"caption":"SHOPATOA"},"image":{"@id":"https:\/\/shopatoa.com\/ro\/#\/schema\/logo\/image\/"}}]}},"_links":{"self":[{"href":"https:\/\/shopatoa.com\/ro\/wp-json\/wp\/v2\/product\/260369","targetHints":{"allow":["GET"]}}],"collection":[{"href":"https:\/\/shopatoa.com\/ro\/wp-json\/wp\/v2\/product"}],"about":[{"href":"https:\/\/shopatoa.com\/ro\/wp-json\/wp\/v2\/types\/product"}],"replies":[{"embeddable":true,"href":"https:\/\/shopatoa.com\/ro\/wp-json\/wp\/v2\/comments?post=260369"}],"wp:featuredmedia":[{"embeddable":true,"href":"https:\/\/shopatoa.com\/ro\/wp-json\/wp\/v2\/media\/336852"}],"wp:attachment":[{"href":"https:\/\/shopatoa.com\/ro\/wp-json\/wp\/v2\/media?parent=260369"}],"wp:term":[{"taxonomy":"product_brand","embeddable":true,"href":"https:\/\/shopatoa.com\/ro\/wp-json\/wp\/v2\/product_brand?post=260369"},{"taxonomy":"product_cat","embeddable":true,"href":"https:\/\/shopatoa.com\/ro\/wp-json\/wp\/v2\/product_cat?post=260369"},{"taxonomy":"product_tag","embeddable":true,"href":"https:\/\/shopatoa.com\/ro\/wp-json\/wp\/v2\/product_tag?post=260369"}],"curies":[{"name":"wp","href":"https:\/\/api.w.org\/{rel}","templated":true}]}}