{"id":260380,"date":"2025-04-27T03:46:34","date_gmt":"2025-04-27T01:46:34","guid":{"rendered":"https:\/\/shopatoa.com\/ro\/lanaform-moya-difuzor-de-aroma\/"},"modified":"2025-12-13T05:32:34","modified_gmt":"2025-12-13T04:32:34","slug":"lanaform-moya-difuzor-de-aroma","status":"publish","type":"product","link":"https:\/\/shopatoa.com\/ro\/lanaform-moya-difuzor-de-aroma\/","title":{"rendered":"Lanaform Moya difuzor de arom\u0103"},"content":{"rendered":"<p>Difuzorul de arom\u0103 Moya cu ultrasunete, prev\u0103zut cu un capac ceramic care emite o lumin\u0103 delicat\u0103 \u0219i cu o baz\u0103 din bambus natural, reune\u0219te confortul \u0219i calitatea. Prin utilizarea tehnologiei cu ultrasunete \u0219i a rezervorului generos de 280 ml, difuzorul distribuie eficient uleiurile esen\u021biale \u00een conformitate cu intervalul de timp \u0219i ciclul selectate. Difuzorul Moya, cu design modern \u0219i elegant, este echipat cu numeroase caracteristici utile, f\u0103c\u00e2ndu-l partenerul ideal pentru a v\u0103 \u00eembun\u0103t\u0103\u021bi confortul. \u00cen plus, acesta nu este un difuzor obi\u0219nuit. Acesta v\u0103 permite s\u0103 v\u0103 antrena\u021bi chiar \u0219i ritmul corect al respira\u021biei. Lumina variaz\u0103 intensitatea la fiecare 5 secunde, v\u0103 \u00eencurajeaz\u0103 s\u0103 respira\u021bi lent \u0219i s\u0103 v\u0103 relaxa\u021bi, ajut\u00e2ndu-v\u0103 s\u0103 v\u0103 plonja\u021bi \u00eentr-o medita\u021bie pl\u0103cut\u0103.<\/p>\n","protected":false},"excerpt":{"rendered":"<p>Difuzorul de arom\u0103 Moya cu ultrasunete, prev\u0103zut cu un capac ceramic care emite o lumin\u0103 delicat\u0103 \u0219i cu o baz\u0103 din bambus natural, reune\u0219te confortul \u0219i calitatea. Prin utilizarea tehnologiei cu ultrasunete \u0219i a rezervorului generos de 280 ml, difuzorul distribuie eficient uleiurile esen\u021biale \u00een conformitate cu intervalul de timp \u0219i ciclul selectate. Difuzorul Moya,&#8230;<\/p>\n","protected":false},"featured_media":336862,"comment_status":"closed","ping_status":"open","template":"","meta":{"_acf_changed":false,"_kadence_starter_templates_imported_post":false,"_kad_post_transparent":"","_kad_post_title":"","_kad_post_layout":"","_kad_post_sidebar_id":"","_kad_post_content_style":"","_kad_post_vertical_padding":"","_kad_post_feature":"","_kad_post_feature_position":"","_kad_post_header":false,"_kad_post_footer":false,"_kad_post_classname":""},"product_brand":[956],"product_cat":[246,771,692,654],"product_tag":[],"class_list":{"0":"post-260380","1":"product","2":"type-product","3":"status-publish","4":"has-post-thumbnail","6":"product_brand-lanaform","7":"product_cat-cosmetice","8":"product_cat-difuzoare-de-aroma-ultrasonica","9":"product_cat-difuzoare-de-parfum","10":"product_cat-lumanari-parfumate-si-arome","12":"first","13":"instock","14":"product-type-external","15":"entry","16":"content-bg","17":"loop-entry"},"acf":[],"yoast_head":"<!-- This site is optimized with the Yoast SEO plugin v27.4 - https:\/\/yoast.com\/product\/yoast-seo-wordpress\/ -->\n<title>Lanaform Moya difuzor de arom\u0103 - SHOPATOA.COM<\/title>\n<meta name=\"robots\" content=\"index, follow, max-snippet:-1, max-image-preview:large, max-video-preview:-1\" \/>\n<link rel=\"canonical\" href=\"https:\/\/shopatoa.com\/ro\/lanaform-moya-difuzor-de-aroma\/\" \/>\n<meta property=\"og:locale\" content=\"ro_RO\" \/>\n<meta property=\"og:type\" content=\"article\" \/>\n<meta property=\"og:title\" content=\"Lanaform Moya difuzor de arom\u0103 - SHOPATOA.COM\" \/>\n<meta property=\"og:description\" content=\"Difuzorul de arom\u0103 Moya cu ultrasunete, prev\u0103zut cu un capac ceramic care emite o lumin\u0103 delicat\u0103 \u0219i cu o baz\u0103 din bambus natural, reune\u0219te confortul \u0219i calitatea. Prin utilizarea tehnologiei cu ultrasunete \u0219i a rezervorului generos de 280 ml, difuzorul distribuie eficient uleiurile esen\u021biale \u00een conformitate cu intervalul de timp \u0219i ciclul selectate. Difuzorul Moya,...\" \/>\n<meta property=\"og:url\" content=\"https:\/\/shopatoa.com\/ro\/lanaform-moya-difuzor-de-aroma\/\" \/>\n<meta property=\"og:site_name\" content=\"SHOPATOA\" \/>\n<meta property=\"article:modified_time\" content=\"2025-12-13T04:32:34+00:00\" \/>\n<meta property=\"og:image\" content=\"https:\/\/storage.googleapis.com\/cz-shopatoa-img\/ro\/efb9f2c4-unnamed-file.webp\" \/>\n\t<meta property=\"og:image:width\" content=\"800\" \/>\n\t<meta property=\"og:image:height\" content=\"800\" \/>\n\t<meta property=\"og:image:type\" content=\"image\/webp\" \/>\n<meta name=\"twitter:card\" content=\"summary_large_image\" \/>\n<meta name=\"twitter:label1\" content=\"Timp estimat pentru citire\" \/>\n\t<meta name=\"twitter:data1\" content=\"1 minut\" \/>\n<script type=\"application\/ld+json\" class=\"yoast-schema-graph\">{\"@context\":\"https:\\\/\\\/schema.org\",\"@graph\":[{\"@type\":\"WebPage\",\"@id\":\"https:\\\/\\\/shopatoa.com\\\/ro\\\/lanaform-moya-difuzor-de-aroma\\\/\",\"url\":\"https:\\\/\\\/shopatoa.com\\\/ro\\\/lanaform-moya-difuzor-de-aroma\\\/\",\"name\":\"Lanaform Moya difuzor de arom\u0103 - SHOPATOA.COM\",\"isPartOf\":{\"@id\":\"https:\\\/\\\/shopatoa.com\\\/ro\\\/#website\"},\"primaryImageOfPage\":{\"@id\":\"https:\\\/\\\/shopatoa.com\\\/ro\\\/lanaform-moya-difuzor-de-aroma\\\/#primaryimage\"},\"image\":{\"@id\":\"https:\\\/\\\/shopatoa.com\\\/ro\\\/lanaform-moya-difuzor-de-aroma\\\/#primaryimage\"},\"thumbnailUrl\":\"https:\\\/\\\/storage.googleapis.com\\\/cz-shopatoa-img\\\/ro\\\/efb9f2c4-unnamed-file.webp\",\"datePublished\":\"2025-04-27T01:46:34+00:00\",\"dateModified\":\"2025-12-13T04:32:34+00:00\",\"breadcrumb\":{\"@id\":\"https:\\\/\\\/shopatoa.com\\\/ro\\\/lanaform-moya-difuzor-de-aroma\\\/#breadcrumb\"},\"inLanguage\":\"ro-RO\",\"potentialAction\":[{\"@type\":\"ReadAction\",\"target\":[\"https:\\\/\\\/shopatoa.com\\\/ro\\\/lanaform-moya-difuzor-de-aroma\\\/\"]}]},{\"@type\":\"ImageObject\",\"inLanguage\":\"ro-RO\",\"@id\":\"https:\\\/\\\/shopatoa.com\\\/ro\\\/lanaform-moya-difuzor-de-aroma\\\/#primaryimage\",\"url\":\"https:\\\/\\\/storage.googleapis.com\\\/cz-shopatoa-img\\\/ro\\\/efb9f2c4-unnamed-file.webp\",\"contentUrl\":\"https:\\\/\\\/storage.googleapis.com\\\/cz-shopatoa-img\\\/ro\\\/efb9f2c4-unnamed-file.webp\",\"width\":800,\"height\":800},{\"@type\":\"BreadcrumbList\",\"@id\":\"https:\\\/\\\/shopatoa.com\\\/ro\\\/lanaform-moya-difuzor-de-aroma\\\/#breadcrumb\",\"itemListElement\":[{\"@type\":\"ListItem\",\"position\":1,\"name\":\"Dom\u016f\",\"item\":\"https:\\\/\\\/shopatoa.com\\\/ro\\\/\"},{\"@type\":\"ListItem\",\"position\":2,\"name\":\"Shop\",\"item\":\"https:\\\/\\\/shopatoa.com\\\/ro\\\/shop\\\/\"},{\"@type\":\"ListItem\",\"position\":3,\"name\":\"Cosmetice\",\"item\":\"https:\\\/\\\/shopatoa.com\\\/ro\\\/cosmetice\\\/\"},{\"@type\":\"ListItem\",\"position\":4,\"name\":\"Lum\u00e2n\u0103ri parfumate \u0219i arome\",\"item\":\"https:\\\/\\\/shopatoa.com\\\/ro\\\/lumanari-parfumate-si-arome\\\/\"},{\"@type\":\"ListItem\",\"position\":5,\"name\":\"Difuzoare de parfum\",\"item\":\"https:\\\/\\\/shopatoa.com\\\/ro\\\/difuzoare-de-parfum\\\/\"},{\"@type\":\"ListItem\",\"position\":6,\"name\":\"Difuzoare de aroma ultrasonic\u0103\",\"item\":\"https:\\\/\\\/shopatoa.com\\\/ro\\\/difuzoare-de-aroma-ultrasonica\\\/\"},{\"@type\":\"ListItem\",\"position\":7,\"name\":\"Lanaform Moya difuzor de arom\u0103\"}]},{\"@type\":\"WebSite\",\"@id\":\"https:\\\/\\\/shopatoa.com\\\/ro\\\/#website\",\"url\":\"https:\\\/\\\/shopatoa.com\\\/ro\\\/\",\"name\":\"SHOPATOA\",\"description\":\"\",\"publisher\":{\"@id\":\"https:\\\/\\\/shopatoa.com\\\/ro\\\/#organization\"},\"potentialAction\":[{\"@type\":\"SearchAction\",\"target\":{\"@type\":\"EntryPoint\",\"urlTemplate\":\"https:\\\/\\\/shopatoa.com\\\/ro\\\/?s={search_term_string}\"},\"query-input\":{\"@type\":\"PropertyValueSpecification\",\"valueRequired\":true,\"valueName\":\"search_term_string\"}}],\"inLanguage\":\"ro-RO\"},{\"@type\":\"Organization\",\"@id\":\"https:\\\/\\\/shopatoa.com\\\/ro\\\/#organization\",\"name\":\"SHOPATOA\",\"url\":\"https:\\\/\\\/shopatoa.com\\\/ro\\\/\",\"logo\":{\"@type\":\"ImageObject\",\"inLanguage\":\"ro-RO\",\"@id\":\"https:\\\/\\\/shopatoa.com\\\/ro\\\/#\\\/schema\\\/logo\\\/image\\\/\",\"url\":\"https:\\\/\\\/storage.googleapis.com\\\/cz-shopatoa-img\\\/ro\\\/b4dac915-shopatoa_logo.png\",\"contentUrl\":\"https:\\\/\\\/storage.googleapis.com\\\/cz-shopatoa-img\\\/ro\\\/b4dac915-shopatoa_logo.png\",\"width\":416,\"height\":63,\"caption\":\"SHOPATOA\"},\"image\":{\"@id\":\"https:\\\/\\\/shopatoa.com\\\/ro\\\/#\\\/schema\\\/logo\\\/image\\\/\"}}]}<\/script>\n<!-- \/ Yoast SEO plugin. -->","yoast_head_json":{"title":"Lanaform Moya difuzor de arom\u0103 - SHOPATOA.COM","robots":{"index":"index","follow":"follow","max-snippet":"max-snippet:-1","max-image-preview":"max-image-preview:large","max-video-preview":"max-video-preview:-1"},"canonical":"https:\/\/shopatoa.com\/ro\/lanaform-moya-difuzor-de-aroma\/","og_locale":"ro_RO","og_type":"article","og_title":"Lanaform Moya difuzor de arom\u0103 - SHOPATOA.COM","og_description":"Difuzorul de arom\u0103 Moya cu ultrasunete, prev\u0103zut cu un capac ceramic care emite o lumin\u0103 delicat\u0103 \u0219i cu o baz\u0103 din bambus natural, reune\u0219te confortul \u0219i calitatea. Prin utilizarea tehnologiei cu ultrasunete \u0219i a rezervorului generos de 280 ml, difuzorul distribuie eficient uleiurile esen\u021biale \u00een conformitate cu intervalul de timp \u0219i ciclul selectate. Difuzorul Moya,...","og_url":"https:\/\/shopatoa.com\/ro\/lanaform-moya-difuzor-de-aroma\/","og_site_name":"SHOPATOA","article_modified_time":"2025-12-13T04:32:34+00:00","og_image":[{"width":800,"height":800,"url":"https:\/\/storage.googleapis.com\/cz-shopatoa-img\/ro\/efb9f2c4-unnamed-file.webp","type":"image\/webp"}],"twitter_card":"summary_large_image","twitter_misc":{"Timp estimat pentru citire":"1 minut"},"schema":{"@context":"https:\/\/schema.org","@graph":[{"@type":"WebPage","@id":"https:\/\/shopatoa.com\/ro\/lanaform-moya-difuzor-de-aroma\/","url":"https:\/\/shopatoa.com\/ro\/lanaform-moya-difuzor-de-aroma\/","name":"Lanaform Moya difuzor de arom\u0103 - SHOPATOA.COM","isPartOf":{"@id":"https:\/\/shopatoa.com\/ro\/#website"},"primaryImageOfPage":{"@id":"https:\/\/shopatoa.com\/ro\/lanaform-moya-difuzor-de-aroma\/#primaryimage"},"image":{"@id":"https:\/\/shopatoa.com\/ro\/lanaform-moya-difuzor-de-aroma\/#primaryimage"},"thumbnailUrl":"https:\/\/storage.googleapis.com\/cz-shopatoa-img\/ro\/efb9f2c4-unnamed-file.webp","datePublished":"2025-04-27T01:46:34+00:00","dateModified":"2025-12-13T04:32:34+00:00","breadcrumb":{"@id":"https:\/\/shopatoa.com\/ro\/lanaform-moya-difuzor-de-aroma\/#breadcrumb"},"inLanguage":"ro-RO","potentialAction":[{"@type":"ReadAction","target":["https:\/\/shopatoa.com\/ro\/lanaform-moya-difuzor-de-aroma\/"]}]},{"@type":"ImageObject","inLanguage":"ro-RO","@id":"https:\/\/shopatoa.com\/ro\/lanaform-moya-difuzor-de-aroma\/#primaryimage","url":"https:\/\/storage.googleapis.com\/cz-shopatoa-img\/ro\/efb9f2c4-unnamed-file.webp","contentUrl":"https:\/\/storage.googleapis.com\/cz-shopatoa-img\/ro\/efb9f2c4-unnamed-file.webp","width":800,"height":800},{"@type":"BreadcrumbList","@id":"https:\/\/shopatoa.com\/ro\/lanaform-moya-difuzor-de-aroma\/#breadcrumb","itemListElement":[{"@type":"ListItem","position":1,"name":"Dom\u016f","item":"https:\/\/shopatoa.com\/ro\/"},{"@type":"ListItem","position":2,"name":"Shop","item":"https:\/\/shopatoa.com\/ro\/shop\/"},{"@type":"ListItem","position":3,"name":"Cosmetice","item":"https:\/\/shopatoa.com\/ro\/cosmetice\/"},{"@type":"ListItem","position":4,"name":"Lum\u00e2n\u0103ri parfumate \u0219i arome","item":"https:\/\/shopatoa.com\/ro\/lumanari-parfumate-si-arome\/"},{"@type":"ListItem","position":5,"name":"Difuzoare de parfum","item":"https:\/\/shopatoa.com\/ro\/difuzoare-de-parfum\/"},{"@type":"ListItem","position":6,"name":"Difuzoare de aroma ultrasonic\u0103","item":"https:\/\/shopatoa.com\/ro\/difuzoare-de-aroma-ultrasonica\/"},{"@type":"ListItem","position":7,"name":"Lanaform Moya difuzor de arom\u0103"}]},{"@type":"WebSite","@id":"https:\/\/shopatoa.com\/ro\/#website","url":"https:\/\/shopatoa.com\/ro\/","name":"SHOPATOA","description":"","publisher":{"@id":"https:\/\/shopatoa.com\/ro\/#organization"},"potentialAction":[{"@type":"SearchAction","target":{"@type":"EntryPoint","urlTemplate":"https:\/\/shopatoa.com\/ro\/?s={search_term_string}"},"query-input":{"@type":"PropertyValueSpecification","valueRequired":true,"valueName":"search_term_string"}}],"inLanguage":"ro-RO"},{"@type":"Organization","@id":"https:\/\/shopatoa.com\/ro\/#organization","name":"SHOPATOA","url":"https:\/\/shopatoa.com\/ro\/","logo":{"@type":"ImageObject","inLanguage":"ro-RO","@id":"https:\/\/shopatoa.com\/ro\/#\/schema\/logo\/image\/","url":"https:\/\/storage.googleapis.com\/cz-shopatoa-img\/ro\/b4dac915-shopatoa_logo.png","contentUrl":"https:\/\/storage.googleapis.com\/cz-shopatoa-img\/ro\/b4dac915-shopatoa_logo.png","width":416,"height":63,"caption":"SHOPATOA"},"image":{"@id":"https:\/\/shopatoa.com\/ro\/#\/schema\/logo\/image\/"}}]}},"_links":{"self":[{"href":"https:\/\/shopatoa.com\/ro\/wp-json\/wp\/v2\/product\/260380","targetHints":{"allow":["GET"]}}],"collection":[{"href":"https:\/\/shopatoa.com\/ro\/wp-json\/wp\/v2\/product"}],"about":[{"href":"https:\/\/shopatoa.com\/ro\/wp-json\/wp\/v2\/types\/product"}],"replies":[{"embeddable":true,"href":"https:\/\/shopatoa.com\/ro\/wp-json\/wp\/v2\/comments?post=260380"}],"wp:featuredmedia":[{"embeddable":true,"href":"https:\/\/shopatoa.com\/ro\/wp-json\/wp\/v2\/media\/336862"}],"wp:attachment":[{"href":"https:\/\/shopatoa.com\/ro\/wp-json\/wp\/v2\/media?parent=260380"}],"wp:term":[{"taxonomy":"product_brand","embeddable":true,"href":"https:\/\/shopatoa.com\/ro\/wp-json\/wp\/v2\/product_brand?post=260380"},{"taxonomy":"product_cat","embeddable":true,"href":"https:\/\/shopatoa.com\/ro\/wp-json\/wp\/v2\/product_cat?post=260380"},{"taxonomy":"product_tag","embeddable":true,"href":"https:\/\/shopatoa.com\/ro\/wp-json\/wp\/v2\/product_tag?post=260380"}],"curies":[{"name":"wp","href":"https:\/\/api.w.org\/{rel}","templated":true}]}}