{"id":260458,"date":"2025-04-27T04:25:29","date_gmt":"2025-04-27T02:25:29","guid":{"rendered":"https:\/\/shopatoa.com\/ro\/silkn-eliminator-pentru-pielea-intarita-cu-aspiratie-vacupedi\/"},"modified":"2025-12-13T05:16:15","modified_gmt":"2025-12-13T04:16:15","slug":"silkn-eliminator-pentru-pielea-intarita-cu-aspiratie-vacupedi","status":"publish","type":"product","link":"https:\/\/shopatoa.com\/ro\/silkn-eliminator-pentru-pielea-intarita-cu-aspiratie-vacupedi\/","title":{"rendered":"Silk&#8217;n Eliminator pentru pielea \u00eent\u0103rit\u0103 cu aspira\u021bie VacuPedi"},"content":{"rendered":"<p>Un produs inteligent de \u00eendep\u0103rtare a pielii \u00eent\u0103rite \u0219i a calusurilor, care func\u021bioneaz\u0103 cu ro\u021bi abrazive rotative \u0219i un sistem de vid \u00eencorporat. \u00cendep\u0103rteaz\u0103 pielea \u00eent\u0103rit\u0103 \u0219i calusurile \u00een siguran\u021b\u0103, u\u0219or \u0219i nedureros, \u00een timp ce sistemul de aspirare aspir\u0103 imediat pielea eliberat\u0103.<\/p>\n","protected":false},"excerpt":{"rendered":"<p>Un produs inteligent de \u00eendep\u0103rtare a pielii \u00eent\u0103rite \u0219i a calusurilor, care func\u021bioneaz\u0103 cu ro\u021bi abrazive rotative \u0219i un sistem de vid \u00eencorporat. \u00cendep\u0103rteaz\u0103 pielea \u00eent\u0103rit\u0103 \u0219i calusurile \u00een siguran\u021b\u0103, u\u0219or \u0219i nedureros, \u00een timp ce sistemul de aspirare aspir\u0103 imediat pielea eliberat\u0103.<\/p>\n","protected":false},"featured_media":336939,"comment_status":"closed","ping_status":"open","template":"","meta":{"_acf_changed":false,"_kadence_starter_templates_imported_post":false,"_kad_post_transparent":"","_kad_post_title":"","_kad_post_layout":"","_kad_post_sidebar_id":"","_kad_post_content_style":"","_kad_post_vertical_padding":"","_kad_post_feature":"","_kad_post_feature_position":"","_kad_post_header":false,"_kad_post_footer":false,"_kad_post_classname":""},"product_brand":[959],"product_cat":[246,757,611],"product_tag":[],"class_list":{"0":"post-260458","1":"product","2":"type-product","3":"status-publish","4":"has-post-thumbnail","6":"product_brand-silkn","7":"product_cat-cosmetice","8":"product_cat-dispozitive-cosmetice-corpul","9":"product_cat-produse-cosmetice-pentru-corp","11":"first","12":"instock","13":"sale","14":"product-type-external","15":"entry","16":"content-bg","17":"loop-entry"},"acf":[],"yoast_head":"<!-- This site is optimized with the Yoast SEO plugin v27.4 - https:\/\/yoast.com\/product\/yoast-seo-wordpress\/ -->\n<title>Silk&#039;n Eliminator pentru pielea \u00eent\u0103rit\u0103 cu aspira\u021bie VacuPedi - SHOPATOA.COM<\/title>\n<meta name=\"robots\" content=\"index, follow, max-snippet:-1, max-image-preview:large, max-video-preview:-1\" \/>\n<link rel=\"canonical\" href=\"https:\/\/shopatoa.com\/ro\/silkn-eliminator-pentru-pielea-intarita-cu-aspiratie-vacupedi\/\" \/>\n<meta property=\"og:locale\" content=\"ro_RO\" \/>\n<meta property=\"og:type\" content=\"article\" \/>\n<meta property=\"og:title\" content=\"Silk&#039;n Eliminator pentru pielea \u00eent\u0103rit\u0103 cu aspira\u021bie VacuPedi - SHOPATOA.COM\" \/>\n<meta property=\"og:description\" content=\"Un produs inteligent de \u00eendep\u0103rtare a pielii \u00eent\u0103rite \u0219i a calusurilor, care func\u021bioneaz\u0103 cu ro\u021bi abrazive rotative \u0219i un sistem de vid \u00eencorporat. \u00cendep\u0103rteaz\u0103 pielea \u00eent\u0103rit\u0103 \u0219i calusurile \u00een siguran\u021b\u0103, u\u0219or \u0219i nedureros, \u00een timp ce sistemul de aspirare aspir\u0103 imediat pielea eliberat\u0103.\" \/>\n<meta property=\"og:url\" content=\"https:\/\/shopatoa.com\/ro\/silkn-eliminator-pentru-pielea-intarita-cu-aspiratie-vacupedi\/\" \/>\n<meta property=\"og:site_name\" content=\"SHOPATOA\" \/>\n<meta property=\"article:modified_time\" content=\"2025-12-13T04:16:15+00:00\" \/>\n<meta property=\"og:image\" content=\"https:\/\/storage.googleapis.com\/cz-shopatoa-img\/ro\/0675c77d-unnamed-file.webp\" \/>\n\t<meta property=\"og:image:width\" content=\"800\" \/>\n\t<meta property=\"og:image:height\" content=\"800\" \/>\n\t<meta property=\"og:image:type\" content=\"image\/webp\" \/>\n<meta name=\"twitter:card\" content=\"summary_large_image\" \/>\n<script type=\"application\/ld+json\" class=\"yoast-schema-graph\">{\"@context\":\"https:\\\/\\\/schema.org\",\"@graph\":[{\"@type\":\"WebPage\",\"@id\":\"https:\\\/\\\/shopatoa.com\\\/ro\\\/silkn-eliminator-pentru-pielea-intarita-cu-aspiratie-vacupedi\\\/\",\"url\":\"https:\\\/\\\/shopatoa.com\\\/ro\\\/silkn-eliminator-pentru-pielea-intarita-cu-aspiratie-vacupedi\\\/\",\"name\":\"Silk'n Eliminator pentru pielea \u00eent\u0103rit\u0103 cu aspira\u021bie VacuPedi - SHOPATOA.COM\",\"isPartOf\":{\"@id\":\"https:\\\/\\\/shopatoa.com\\\/ro\\\/#website\"},\"primaryImageOfPage\":{\"@id\":\"https:\\\/\\\/shopatoa.com\\\/ro\\\/silkn-eliminator-pentru-pielea-intarita-cu-aspiratie-vacupedi\\\/#primaryimage\"},\"image\":{\"@id\":\"https:\\\/\\\/shopatoa.com\\\/ro\\\/silkn-eliminator-pentru-pielea-intarita-cu-aspiratie-vacupedi\\\/#primaryimage\"},\"thumbnailUrl\":\"https:\\\/\\\/storage.googleapis.com\\\/cz-shopatoa-img\\\/ro\\\/0675c77d-unnamed-file.webp\",\"datePublished\":\"2025-04-27T02:25:29+00:00\",\"dateModified\":\"2025-12-13T04:16:15+00:00\",\"breadcrumb\":{\"@id\":\"https:\\\/\\\/shopatoa.com\\\/ro\\\/silkn-eliminator-pentru-pielea-intarita-cu-aspiratie-vacupedi\\\/#breadcrumb\"},\"inLanguage\":\"ro-RO\",\"potentialAction\":[{\"@type\":\"ReadAction\",\"target\":[\"https:\\\/\\\/shopatoa.com\\\/ro\\\/silkn-eliminator-pentru-pielea-intarita-cu-aspiratie-vacupedi\\\/\"]}]},{\"@type\":\"ImageObject\",\"inLanguage\":\"ro-RO\",\"@id\":\"https:\\\/\\\/shopatoa.com\\\/ro\\\/silkn-eliminator-pentru-pielea-intarita-cu-aspiratie-vacupedi\\\/#primaryimage\",\"url\":\"https:\\\/\\\/storage.googleapis.com\\\/cz-shopatoa-img\\\/ro\\\/0675c77d-unnamed-file.webp\",\"contentUrl\":\"https:\\\/\\\/storage.googleapis.com\\\/cz-shopatoa-img\\\/ro\\\/0675c77d-unnamed-file.webp\",\"width\":800,\"height\":800},{\"@type\":\"BreadcrumbList\",\"@id\":\"https:\\\/\\\/shopatoa.com\\\/ro\\\/silkn-eliminator-pentru-pielea-intarita-cu-aspiratie-vacupedi\\\/#breadcrumb\",\"itemListElement\":[{\"@type\":\"ListItem\",\"position\":1,\"name\":\"Dom\u016f\",\"item\":\"https:\\\/\\\/shopatoa.com\\\/ro\\\/\"},{\"@type\":\"ListItem\",\"position\":2,\"name\":\"Shop\",\"item\":\"https:\\\/\\\/shopatoa.com\\\/ro\\\/shop\\\/\"},{\"@type\":\"ListItem\",\"position\":3,\"name\":\"Cosmetice\",\"item\":\"https:\\\/\\\/shopatoa.com\\\/ro\\\/cosmetice\\\/\"},{\"@type\":\"ListItem\",\"position\":4,\"name\":\"Produse cosmetice pentru corp\",\"item\":\"https:\\\/\\\/shopatoa.com\\\/ro\\\/produse-cosmetice-pentru-corp\\\/\"},{\"@type\":\"ListItem\",\"position\":5,\"name\":\"Dispozitive cosmetice corpul\",\"item\":\"https:\\\/\\\/shopatoa.com\\\/ro\\\/dispozitive-cosmetice-corpul\\\/\"},{\"@type\":\"ListItem\",\"position\":6,\"name\":\"Silk&#8217;n Eliminator pentru pielea \u00eent\u0103rit\u0103 cu aspira\u021bie VacuPedi\"}]},{\"@type\":\"WebSite\",\"@id\":\"https:\\\/\\\/shopatoa.com\\\/ro\\\/#website\",\"url\":\"https:\\\/\\\/shopatoa.com\\\/ro\\\/\",\"name\":\"SHOPATOA\",\"description\":\"\",\"publisher\":{\"@id\":\"https:\\\/\\\/shopatoa.com\\\/ro\\\/#organization\"},\"potentialAction\":[{\"@type\":\"SearchAction\",\"target\":{\"@type\":\"EntryPoint\",\"urlTemplate\":\"https:\\\/\\\/shopatoa.com\\\/ro\\\/?s={search_term_string}\"},\"query-input\":{\"@type\":\"PropertyValueSpecification\",\"valueRequired\":true,\"valueName\":\"search_term_string\"}}],\"inLanguage\":\"ro-RO\"},{\"@type\":\"Organization\",\"@id\":\"https:\\\/\\\/shopatoa.com\\\/ro\\\/#organization\",\"name\":\"SHOPATOA\",\"url\":\"https:\\\/\\\/shopatoa.com\\\/ro\\\/\",\"logo\":{\"@type\":\"ImageObject\",\"inLanguage\":\"ro-RO\",\"@id\":\"https:\\\/\\\/shopatoa.com\\\/ro\\\/#\\\/schema\\\/logo\\\/image\\\/\",\"url\":\"https:\\\/\\\/storage.googleapis.com\\\/cz-shopatoa-img\\\/ro\\\/b4dac915-shopatoa_logo.png\",\"contentUrl\":\"https:\\\/\\\/storage.googleapis.com\\\/cz-shopatoa-img\\\/ro\\\/b4dac915-shopatoa_logo.png\",\"width\":416,\"height\":63,\"caption\":\"SHOPATOA\"},\"image\":{\"@id\":\"https:\\\/\\\/shopatoa.com\\\/ro\\\/#\\\/schema\\\/logo\\\/image\\\/\"}}]}<\/script>\n<!-- \/ Yoast SEO plugin. -->","yoast_head_json":{"title":"Silk'n Eliminator pentru pielea \u00eent\u0103rit\u0103 cu aspira\u021bie VacuPedi - SHOPATOA.COM","robots":{"index":"index","follow":"follow","max-snippet":"max-snippet:-1","max-image-preview":"max-image-preview:large","max-video-preview":"max-video-preview:-1"},"canonical":"https:\/\/shopatoa.com\/ro\/silkn-eliminator-pentru-pielea-intarita-cu-aspiratie-vacupedi\/","og_locale":"ro_RO","og_type":"article","og_title":"Silk'n Eliminator pentru pielea \u00eent\u0103rit\u0103 cu aspira\u021bie VacuPedi - SHOPATOA.COM","og_description":"Un produs inteligent de \u00eendep\u0103rtare a pielii \u00eent\u0103rite \u0219i a calusurilor, care func\u021bioneaz\u0103 cu ro\u021bi abrazive rotative \u0219i un sistem de vid \u00eencorporat. \u00cendep\u0103rteaz\u0103 pielea \u00eent\u0103rit\u0103 \u0219i calusurile \u00een siguran\u021b\u0103, u\u0219or \u0219i nedureros, \u00een timp ce sistemul de aspirare aspir\u0103 imediat pielea eliberat\u0103.","og_url":"https:\/\/shopatoa.com\/ro\/silkn-eliminator-pentru-pielea-intarita-cu-aspiratie-vacupedi\/","og_site_name":"SHOPATOA","article_modified_time":"2025-12-13T04:16:15+00:00","og_image":[{"width":800,"height":800,"url":"https:\/\/storage.googleapis.com\/cz-shopatoa-img\/ro\/0675c77d-unnamed-file.webp","type":"image\/webp"}],"twitter_card":"summary_large_image","schema":{"@context":"https:\/\/schema.org","@graph":[{"@type":"WebPage","@id":"https:\/\/shopatoa.com\/ro\/silkn-eliminator-pentru-pielea-intarita-cu-aspiratie-vacupedi\/","url":"https:\/\/shopatoa.com\/ro\/silkn-eliminator-pentru-pielea-intarita-cu-aspiratie-vacupedi\/","name":"Silk'n Eliminator pentru pielea \u00eent\u0103rit\u0103 cu aspira\u021bie VacuPedi - SHOPATOA.COM","isPartOf":{"@id":"https:\/\/shopatoa.com\/ro\/#website"},"primaryImageOfPage":{"@id":"https:\/\/shopatoa.com\/ro\/silkn-eliminator-pentru-pielea-intarita-cu-aspiratie-vacupedi\/#primaryimage"},"image":{"@id":"https:\/\/shopatoa.com\/ro\/silkn-eliminator-pentru-pielea-intarita-cu-aspiratie-vacupedi\/#primaryimage"},"thumbnailUrl":"https:\/\/storage.googleapis.com\/cz-shopatoa-img\/ro\/0675c77d-unnamed-file.webp","datePublished":"2025-04-27T02:25:29+00:00","dateModified":"2025-12-13T04:16:15+00:00","breadcrumb":{"@id":"https:\/\/shopatoa.com\/ro\/silkn-eliminator-pentru-pielea-intarita-cu-aspiratie-vacupedi\/#breadcrumb"},"inLanguage":"ro-RO","potentialAction":[{"@type":"ReadAction","target":["https:\/\/shopatoa.com\/ro\/silkn-eliminator-pentru-pielea-intarita-cu-aspiratie-vacupedi\/"]}]},{"@type":"ImageObject","inLanguage":"ro-RO","@id":"https:\/\/shopatoa.com\/ro\/silkn-eliminator-pentru-pielea-intarita-cu-aspiratie-vacupedi\/#primaryimage","url":"https:\/\/storage.googleapis.com\/cz-shopatoa-img\/ro\/0675c77d-unnamed-file.webp","contentUrl":"https:\/\/storage.googleapis.com\/cz-shopatoa-img\/ro\/0675c77d-unnamed-file.webp","width":800,"height":800},{"@type":"BreadcrumbList","@id":"https:\/\/shopatoa.com\/ro\/silkn-eliminator-pentru-pielea-intarita-cu-aspiratie-vacupedi\/#breadcrumb","itemListElement":[{"@type":"ListItem","position":1,"name":"Dom\u016f","item":"https:\/\/shopatoa.com\/ro\/"},{"@type":"ListItem","position":2,"name":"Shop","item":"https:\/\/shopatoa.com\/ro\/shop\/"},{"@type":"ListItem","position":3,"name":"Cosmetice","item":"https:\/\/shopatoa.com\/ro\/cosmetice\/"},{"@type":"ListItem","position":4,"name":"Produse cosmetice pentru corp","item":"https:\/\/shopatoa.com\/ro\/produse-cosmetice-pentru-corp\/"},{"@type":"ListItem","position":5,"name":"Dispozitive cosmetice corpul","item":"https:\/\/shopatoa.com\/ro\/dispozitive-cosmetice-corpul\/"},{"@type":"ListItem","position":6,"name":"Silk&#8217;n Eliminator pentru pielea \u00eent\u0103rit\u0103 cu aspira\u021bie VacuPedi"}]},{"@type":"WebSite","@id":"https:\/\/shopatoa.com\/ro\/#website","url":"https:\/\/shopatoa.com\/ro\/","name":"SHOPATOA","description":"","publisher":{"@id":"https:\/\/shopatoa.com\/ro\/#organization"},"potentialAction":[{"@type":"SearchAction","target":{"@type":"EntryPoint","urlTemplate":"https:\/\/shopatoa.com\/ro\/?s={search_term_string}"},"query-input":{"@type":"PropertyValueSpecification","valueRequired":true,"valueName":"search_term_string"}}],"inLanguage":"ro-RO"},{"@type":"Organization","@id":"https:\/\/shopatoa.com\/ro\/#organization","name":"SHOPATOA","url":"https:\/\/shopatoa.com\/ro\/","logo":{"@type":"ImageObject","inLanguage":"ro-RO","@id":"https:\/\/shopatoa.com\/ro\/#\/schema\/logo\/image\/","url":"https:\/\/storage.googleapis.com\/cz-shopatoa-img\/ro\/b4dac915-shopatoa_logo.png","contentUrl":"https:\/\/storage.googleapis.com\/cz-shopatoa-img\/ro\/b4dac915-shopatoa_logo.png","width":416,"height":63,"caption":"SHOPATOA"},"image":{"@id":"https:\/\/shopatoa.com\/ro\/#\/schema\/logo\/image\/"}}]}},"_links":{"self":[{"href":"https:\/\/shopatoa.com\/ro\/wp-json\/wp\/v2\/product\/260458","targetHints":{"allow":["GET"]}}],"collection":[{"href":"https:\/\/shopatoa.com\/ro\/wp-json\/wp\/v2\/product"}],"about":[{"href":"https:\/\/shopatoa.com\/ro\/wp-json\/wp\/v2\/types\/product"}],"replies":[{"embeddable":true,"href":"https:\/\/shopatoa.com\/ro\/wp-json\/wp\/v2\/comments?post=260458"}],"wp:featuredmedia":[{"embeddable":true,"href":"https:\/\/shopatoa.com\/ro\/wp-json\/wp\/v2\/media\/336939"}],"wp:attachment":[{"href":"https:\/\/shopatoa.com\/ro\/wp-json\/wp\/v2\/media?parent=260458"}],"wp:term":[{"taxonomy":"product_brand","embeddable":true,"href":"https:\/\/shopatoa.com\/ro\/wp-json\/wp\/v2\/product_brand?post=260458"},{"taxonomy":"product_cat","embeddable":true,"href":"https:\/\/shopatoa.com\/ro\/wp-json\/wp\/v2\/product_cat?post=260458"},{"taxonomy":"product_tag","embeddable":true,"href":"https:\/\/shopatoa.com\/ro\/wp-json\/wp\/v2\/product_tag?post=260458"}],"curies":[{"name":"wp","href":"https:\/\/api.w.org\/{rel}","templated":true}]}}