{"id":260461,"date":"2025-04-27T04:26:09","date_gmt":"2025-04-27T02:26:09","guid":{"rendered":"https:\/\/shopatoa.com\/ro\/alcina-crema-de-piele-pentru-primele-riduri-pre-aging-cream-50-ml\/"},"modified":"2025-12-13T05:16:04","modified_gmt":"2025-12-13T04:16:04","slug":"alcina-crema-de-piele-pentru-primele-riduri-pre-aging-cream-50-ml","status":"publish","type":"product","link":"https:\/\/shopatoa.com\/ro\/alcina-crema-de-piele-pentru-primele-riduri-pre-aging-cream-50-ml\/","title":{"rendered":"Alcina Crem\u0103 de piele pentru primele riduri (Pre-aging Cream) 50 ml"},"content":{"rendered":"<p>Crema \u00eencetine\u0219te procesul de \u00eemb\u0103tr\u00e2nire, Ajut\u0103 pielea s\u0103 \u00ee\u0219i men\u021bin\u0103 \u0219i s\u0103 formeze fibrele \u021besutului conjunctiv, elimin\u0103 liniile fine \u0219i ridurile. Activeaz\u0103 produc\u021bia de colagen \u0219i este potrivit pentru toate tipurile de piele, chiar \u0219i pentru cea sensibila.<\/p>\n","protected":false},"excerpt":{"rendered":"<p>Crema \u00eencetine\u0219te procesul de \u00eemb\u0103tr\u00e2nire, Ajut\u0103 pielea s\u0103 \u00ee\u0219i men\u021bin\u0103 \u0219i s\u0103 formeze fibrele \u021besutului conjunctiv, elimin\u0103 liniile fine \u0219i ridurile. Activeaz\u0103 produc\u021bia de colagen \u0219i este potrivit pentru toate tipurile de piele, chiar \u0219i pentru cea sensibila.<\/p>\n","protected":false},"featured_media":336942,"comment_status":"closed","ping_status":"open","template":"","meta":{"_acf_changed":false,"_kadence_starter_templates_imported_post":false,"_kad_post_transparent":"","_kad_post_title":"","_kad_post_layout":"","_kad_post_sidebar_id":"","_kad_post_content_style":"","_kad_post_vertical_padding":"","_kad_post_feature":"","_kad_post_feature_position":"","_kad_post_header":false,"_kad_post_footer":false,"_kad_post_classname":""},"product_brand":[485],"product_cat":[246,634,633,665],"product_tag":[],"class_list":{"0":"post-260461","1":"product","2":"type-product","3":"status-publish","4":"has-post-thumbnail","6":"product_brand-alcina","7":"product_cat-cosmetice","8":"product_cat-produse-cosmetice-de-ingrijire-a-pielii","9":"product_cat-produse-cosmetice-pentru-piele","10":"product_cat-produse-cosmetice-pentru-riduri-si-anti-imbatranire","12":"first","13":"instock","14":"sale","15":"product-type-external","16":"entry","17":"content-bg","18":"loop-entry"},"acf":[],"yoast_head":"<!-- This site is optimized with the Yoast SEO plugin v27.3 - https:\/\/yoast.com\/product\/yoast-seo-wordpress\/ -->\n<title>Alcina Crem\u0103 de piele pentru primele riduri (Pre-aging Cream) 50 ml - SHOPATOA.COM<\/title>\n<meta name=\"robots\" content=\"index, follow, max-snippet:-1, max-image-preview:large, max-video-preview:-1\" \/>\n<link rel=\"canonical\" href=\"https:\/\/shopatoa.com\/ro\/alcina-crema-de-piele-pentru-primele-riduri-pre-aging-cream-50-ml\/\" \/>\n<meta property=\"og:locale\" content=\"ro_RO\" \/>\n<meta property=\"og:type\" content=\"article\" \/>\n<meta property=\"og:title\" content=\"Alcina Crem\u0103 de piele pentru primele riduri (Pre-aging Cream) 50 ml - SHOPATOA.COM\" \/>\n<meta property=\"og:description\" content=\"Crema \u00eencetine\u0219te procesul de \u00eemb\u0103tr\u00e2nire, Ajut\u0103 pielea s\u0103 \u00ee\u0219i men\u021bin\u0103 \u0219i s\u0103 formeze fibrele \u021besutului conjunctiv, elimin\u0103 liniile fine \u0219i ridurile. Activeaz\u0103 produc\u021bia de colagen \u0219i este potrivit pentru toate tipurile de piele, chiar \u0219i pentru cea sensibila.\" \/>\n<meta property=\"og:url\" content=\"https:\/\/shopatoa.com\/ro\/alcina-crema-de-piele-pentru-primele-riduri-pre-aging-cream-50-ml\/\" \/>\n<meta property=\"og:site_name\" content=\"SHOPATOA\" \/>\n<meta property=\"article:modified_time\" content=\"2025-12-13T04:16:04+00:00\" \/>\n<meta property=\"og:image\" content=\"https:\/\/storage.googleapis.com\/cz-shopatoa-img\/ro\/904c9771-unnamed-file.webp\" \/>\n\t<meta property=\"og:image:width\" content=\"800\" \/>\n\t<meta property=\"og:image:height\" content=\"800\" \/>\n\t<meta property=\"og:image:type\" content=\"image\/webp\" \/>\n<meta name=\"twitter:card\" content=\"summary_large_image\" \/>\n<script type=\"application\/ld+json\" class=\"yoast-schema-graph\">{\"@context\":\"https:\\\/\\\/schema.org\",\"@graph\":[{\"@type\":\"WebPage\",\"@id\":\"https:\\\/\\\/shopatoa.com\\\/ro\\\/alcina-crema-de-piele-pentru-primele-riduri-pre-aging-cream-50-ml\\\/\",\"url\":\"https:\\\/\\\/shopatoa.com\\\/ro\\\/alcina-crema-de-piele-pentru-primele-riduri-pre-aging-cream-50-ml\\\/\",\"name\":\"Alcina Crem\u0103 de piele pentru primele riduri (Pre-aging Cream) 50 ml - SHOPATOA.COM\",\"isPartOf\":{\"@id\":\"https:\\\/\\\/shopatoa.com\\\/ro\\\/#website\"},\"primaryImageOfPage\":{\"@id\":\"https:\\\/\\\/shopatoa.com\\\/ro\\\/alcina-crema-de-piele-pentru-primele-riduri-pre-aging-cream-50-ml\\\/#primaryimage\"},\"image\":{\"@id\":\"https:\\\/\\\/shopatoa.com\\\/ro\\\/alcina-crema-de-piele-pentru-primele-riduri-pre-aging-cream-50-ml\\\/#primaryimage\"},\"thumbnailUrl\":\"https:\\\/\\\/storage.googleapis.com\\\/cz-shopatoa-img\\\/ro\\\/904c9771-unnamed-file.webp\",\"datePublished\":\"2025-04-27T02:26:09+00:00\",\"dateModified\":\"2025-12-13T04:16:04+00:00\",\"breadcrumb\":{\"@id\":\"https:\\\/\\\/shopatoa.com\\\/ro\\\/alcina-crema-de-piele-pentru-primele-riduri-pre-aging-cream-50-ml\\\/#breadcrumb\"},\"inLanguage\":\"ro-RO\",\"potentialAction\":[{\"@type\":\"ReadAction\",\"target\":[\"https:\\\/\\\/shopatoa.com\\\/ro\\\/alcina-crema-de-piele-pentru-primele-riduri-pre-aging-cream-50-ml\\\/\"]}]},{\"@type\":\"ImageObject\",\"inLanguage\":\"ro-RO\",\"@id\":\"https:\\\/\\\/shopatoa.com\\\/ro\\\/alcina-crema-de-piele-pentru-primele-riduri-pre-aging-cream-50-ml\\\/#primaryimage\",\"url\":\"https:\\\/\\\/storage.googleapis.com\\\/cz-shopatoa-img\\\/ro\\\/904c9771-unnamed-file.webp\",\"contentUrl\":\"https:\\\/\\\/storage.googleapis.com\\\/cz-shopatoa-img\\\/ro\\\/904c9771-unnamed-file.webp\",\"width\":800,\"height\":800},{\"@type\":\"BreadcrumbList\",\"@id\":\"https:\\\/\\\/shopatoa.com\\\/ro\\\/alcina-crema-de-piele-pentru-primele-riduri-pre-aging-cream-50-ml\\\/#breadcrumb\",\"itemListElement\":[{\"@type\":\"ListItem\",\"position\":1,\"name\":\"Dom\u016f\",\"item\":\"https:\\\/\\\/shopatoa.com\\\/ro\\\/\"},{\"@type\":\"ListItem\",\"position\":2,\"name\":\"Shop\",\"item\":\"https:\\\/\\\/shopatoa.com\\\/ro\\\/shop\\\/\"},{\"@type\":\"ListItem\",\"position\":3,\"name\":\"Cosmetice\",\"item\":\"https:\\\/\\\/shopatoa.com\\\/ro\\\/cosmetice\\\/\"},{\"@type\":\"ListItem\",\"position\":4,\"name\":\"Produse cosmetice pentru piele\",\"item\":\"https:\\\/\\\/shopatoa.com\\\/ro\\\/produse-cosmetice-pentru-piele\\\/\"},{\"@type\":\"ListItem\",\"position\":5,\"name\":\"Produse cosmetice de \u00eengrijire a pielii\",\"item\":\"https:\\\/\\\/shopatoa.com\\\/ro\\\/produse-cosmetice-de-ingrijire-a-pielii\\\/\"},{\"@type\":\"ListItem\",\"position\":6,\"name\":\"Produse cosmetice pentru riduri \u0219i anti-\u00eemb\u0103tr\u00e2nire\",\"item\":\"https:\\\/\\\/shopatoa.com\\\/ro\\\/produse-cosmetice-pentru-riduri-si-anti-imbatranire\\\/\"},{\"@type\":\"ListItem\",\"position\":7,\"name\":\"Alcina Crem\u0103 de piele pentru primele riduri (Pre-aging Cream) 50 ml\"}]},{\"@type\":\"WebSite\",\"@id\":\"https:\\\/\\\/shopatoa.com\\\/ro\\\/#website\",\"url\":\"https:\\\/\\\/shopatoa.com\\\/ro\\\/\",\"name\":\"SHOPATOA\",\"description\":\"\",\"publisher\":{\"@id\":\"https:\\\/\\\/shopatoa.com\\\/ro\\\/#organization\"},\"potentialAction\":[{\"@type\":\"SearchAction\",\"target\":{\"@type\":\"EntryPoint\",\"urlTemplate\":\"https:\\\/\\\/shopatoa.com\\\/ro\\\/?s={search_term_string}\"},\"query-input\":{\"@type\":\"PropertyValueSpecification\",\"valueRequired\":true,\"valueName\":\"search_term_string\"}}],\"inLanguage\":\"ro-RO\"},{\"@type\":\"Organization\",\"@id\":\"https:\\\/\\\/shopatoa.com\\\/ro\\\/#organization\",\"name\":\"SHOPATOA\",\"url\":\"https:\\\/\\\/shopatoa.com\\\/ro\\\/\",\"logo\":{\"@type\":\"ImageObject\",\"inLanguage\":\"ro-RO\",\"@id\":\"https:\\\/\\\/shopatoa.com\\\/ro\\\/#\\\/schema\\\/logo\\\/image\\\/\",\"url\":\"https:\\\/\\\/storage.googleapis.com\\\/cz-shopatoa-img\\\/ro\\\/b4dac915-shopatoa_logo.png\",\"contentUrl\":\"https:\\\/\\\/storage.googleapis.com\\\/cz-shopatoa-img\\\/ro\\\/b4dac915-shopatoa_logo.png\",\"width\":416,\"height\":63,\"caption\":\"SHOPATOA\"},\"image\":{\"@id\":\"https:\\\/\\\/shopatoa.com\\\/ro\\\/#\\\/schema\\\/logo\\\/image\\\/\"}}]}<\/script>\n<!-- \/ Yoast SEO plugin. -->","yoast_head_json":{"title":"Alcina Crem\u0103 de piele pentru primele riduri (Pre-aging Cream) 50 ml - SHOPATOA.COM","robots":{"index":"index","follow":"follow","max-snippet":"max-snippet:-1","max-image-preview":"max-image-preview:large","max-video-preview":"max-video-preview:-1"},"canonical":"https:\/\/shopatoa.com\/ro\/alcina-crema-de-piele-pentru-primele-riduri-pre-aging-cream-50-ml\/","og_locale":"ro_RO","og_type":"article","og_title":"Alcina Crem\u0103 de piele pentru primele riduri (Pre-aging Cream) 50 ml - SHOPATOA.COM","og_description":"Crema \u00eencetine\u0219te procesul de \u00eemb\u0103tr\u00e2nire, Ajut\u0103 pielea s\u0103 \u00ee\u0219i men\u021bin\u0103 \u0219i s\u0103 formeze fibrele \u021besutului conjunctiv, elimin\u0103 liniile fine \u0219i ridurile. Activeaz\u0103 produc\u021bia de colagen \u0219i este potrivit pentru toate tipurile de piele, chiar \u0219i pentru cea sensibila.","og_url":"https:\/\/shopatoa.com\/ro\/alcina-crema-de-piele-pentru-primele-riduri-pre-aging-cream-50-ml\/","og_site_name":"SHOPATOA","article_modified_time":"2025-12-13T04:16:04+00:00","og_image":[{"width":800,"height":800,"url":"https:\/\/storage.googleapis.com\/cz-shopatoa-img\/ro\/904c9771-unnamed-file.webp","type":"image\/webp"}],"twitter_card":"summary_large_image","schema":{"@context":"https:\/\/schema.org","@graph":[{"@type":"WebPage","@id":"https:\/\/shopatoa.com\/ro\/alcina-crema-de-piele-pentru-primele-riduri-pre-aging-cream-50-ml\/","url":"https:\/\/shopatoa.com\/ro\/alcina-crema-de-piele-pentru-primele-riduri-pre-aging-cream-50-ml\/","name":"Alcina Crem\u0103 de piele pentru primele riduri (Pre-aging Cream) 50 ml - SHOPATOA.COM","isPartOf":{"@id":"https:\/\/shopatoa.com\/ro\/#website"},"primaryImageOfPage":{"@id":"https:\/\/shopatoa.com\/ro\/alcina-crema-de-piele-pentru-primele-riduri-pre-aging-cream-50-ml\/#primaryimage"},"image":{"@id":"https:\/\/shopatoa.com\/ro\/alcina-crema-de-piele-pentru-primele-riduri-pre-aging-cream-50-ml\/#primaryimage"},"thumbnailUrl":"https:\/\/storage.googleapis.com\/cz-shopatoa-img\/ro\/904c9771-unnamed-file.webp","datePublished":"2025-04-27T02:26:09+00:00","dateModified":"2025-12-13T04:16:04+00:00","breadcrumb":{"@id":"https:\/\/shopatoa.com\/ro\/alcina-crema-de-piele-pentru-primele-riduri-pre-aging-cream-50-ml\/#breadcrumb"},"inLanguage":"ro-RO","potentialAction":[{"@type":"ReadAction","target":["https:\/\/shopatoa.com\/ro\/alcina-crema-de-piele-pentru-primele-riduri-pre-aging-cream-50-ml\/"]}]},{"@type":"ImageObject","inLanguage":"ro-RO","@id":"https:\/\/shopatoa.com\/ro\/alcina-crema-de-piele-pentru-primele-riduri-pre-aging-cream-50-ml\/#primaryimage","url":"https:\/\/storage.googleapis.com\/cz-shopatoa-img\/ro\/904c9771-unnamed-file.webp","contentUrl":"https:\/\/storage.googleapis.com\/cz-shopatoa-img\/ro\/904c9771-unnamed-file.webp","width":800,"height":800},{"@type":"BreadcrumbList","@id":"https:\/\/shopatoa.com\/ro\/alcina-crema-de-piele-pentru-primele-riduri-pre-aging-cream-50-ml\/#breadcrumb","itemListElement":[{"@type":"ListItem","position":1,"name":"Dom\u016f","item":"https:\/\/shopatoa.com\/ro\/"},{"@type":"ListItem","position":2,"name":"Shop","item":"https:\/\/shopatoa.com\/ro\/shop\/"},{"@type":"ListItem","position":3,"name":"Cosmetice","item":"https:\/\/shopatoa.com\/ro\/cosmetice\/"},{"@type":"ListItem","position":4,"name":"Produse cosmetice pentru piele","item":"https:\/\/shopatoa.com\/ro\/produse-cosmetice-pentru-piele\/"},{"@type":"ListItem","position":5,"name":"Produse cosmetice de \u00eengrijire a pielii","item":"https:\/\/shopatoa.com\/ro\/produse-cosmetice-de-ingrijire-a-pielii\/"},{"@type":"ListItem","position":6,"name":"Produse cosmetice pentru riduri \u0219i anti-\u00eemb\u0103tr\u00e2nire","item":"https:\/\/shopatoa.com\/ro\/produse-cosmetice-pentru-riduri-si-anti-imbatranire\/"},{"@type":"ListItem","position":7,"name":"Alcina Crem\u0103 de piele pentru primele riduri (Pre-aging Cream) 50 ml"}]},{"@type":"WebSite","@id":"https:\/\/shopatoa.com\/ro\/#website","url":"https:\/\/shopatoa.com\/ro\/","name":"SHOPATOA","description":"","publisher":{"@id":"https:\/\/shopatoa.com\/ro\/#organization"},"potentialAction":[{"@type":"SearchAction","target":{"@type":"EntryPoint","urlTemplate":"https:\/\/shopatoa.com\/ro\/?s={search_term_string}"},"query-input":{"@type":"PropertyValueSpecification","valueRequired":true,"valueName":"search_term_string"}}],"inLanguage":"ro-RO"},{"@type":"Organization","@id":"https:\/\/shopatoa.com\/ro\/#organization","name":"SHOPATOA","url":"https:\/\/shopatoa.com\/ro\/","logo":{"@type":"ImageObject","inLanguage":"ro-RO","@id":"https:\/\/shopatoa.com\/ro\/#\/schema\/logo\/image\/","url":"https:\/\/storage.googleapis.com\/cz-shopatoa-img\/ro\/b4dac915-shopatoa_logo.png","contentUrl":"https:\/\/storage.googleapis.com\/cz-shopatoa-img\/ro\/b4dac915-shopatoa_logo.png","width":416,"height":63,"caption":"SHOPATOA"},"image":{"@id":"https:\/\/shopatoa.com\/ro\/#\/schema\/logo\/image\/"}}]}},"_links":{"self":[{"href":"https:\/\/shopatoa.com\/ro\/wp-json\/wp\/v2\/product\/260461","targetHints":{"allow":["GET"]}}],"collection":[{"href":"https:\/\/shopatoa.com\/ro\/wp-json\/wp\/v2\/product"}],"about":[{"href":"https:\/\/shopatoa.com\/ro\/wp-json\/wp\/v2\/types\/product"}],"replies":[{"embeddable":true,"href":"https:\/\/shopatoa.com\/ro\/wp-json\/wp\/v2\/comments?post=260461"}],"wp:featuredmedia":[{"embeddable":true,"href":"https:\/\/shopatoa.com\/ro\/wp-json\/wp\/v2\/media\/336942"}],"wp:attachment":[{"href":"https:\/\/shopatoa.com\/ro\/wp-json\/wp\/v2\/media?parent=260461"}],"wp:term":[{"taxonomy":"product_brand","embeddable":true,"href":"https:\/\/shopatoa.com\/ro\/wp-json\/wp\/v2\/product_brand?post=260461"},{"taxonomy":"product_cat","embeddable":true,"href":"https:\/\/shopatoa.com\/ro\/wp-json\/wp\/v2\/product_cat?post=260461"},{"taxonomy":"product_tag","embeddable":true,"href":"https:\/\/shopatoa.com\/ro\/wp-json\/wp\/v2\/product_tag?post=260461"}],"curies":[{"name":"wp","href":"https:\/\/api.w.org\/{rel}","templated":true}]}}