{"id":260485,"date":"2025-04-27T04:36:29","date_gmt":"2025-04-27T02:36:29","guid":{"rendered":"https:\/\/shopatoa.com\/ro\/clinique-corector-usor-even-betterall-over-concealer-eraser-6-ml-cn-70-vanilla\/"},"modified":"2025-12-13T05:14:35","modified_gmt":"2025-12-13T04:14:35","slug":"clinique-corector-usor-even-betterall-over-concealer-eraser-6-ml-cn-70-vanilla","status":"publish","type":"product","link":"https:\/\/shopatoa.com\/ro\/clinique-corector-usor-even-betterall-over-concealer-eraser-6-ml-cn-70-vanilla\/","title":{"rendered":"Clinique Corector u\u0219or Even Better(All Over Concealer + Eraser) 6 ml CN 70 Vanilla"},"content":{"rendered":"<p>Corectorul u\u0219or cu acoperire complet\u0103 \u00eembun\u0103t\u0103\u021be\u0219te imediat pielea \u0219i reduce umflarea ochilor. Aplicatorul pe dou\u0103 fe\u021be cu un aplicator precis pe o parte \u0219i un burete pentru r\u0103sp\u00e2ndirea perfect\u0103 pe cealalt\u0103 parte.<\/p>\n","protected":false},"excerpt":{"rendered":"<p>Corectorul u\u0219or cu acoperire complet\u0103 \u00eembun\u0103t\u0103\u021be\u0219te imediat pielea \u0219i reduce umflarea ochilor. Aplicatorul pe dou\u0103 fe\u021be cu un aplicator precis pe o parte \u0219i un burete pentru r\u0103sp\u00e2ndirea perfect\u0103 pe cealalt\u0103 parte.<\/p>\n","protected":false},"featured_media":336966,"comment_status":"closed","ping_status":"open","template":"","meta":{"_acf_changed":false,"_kadence_starter_templates_imported_post":false,"_kad_post_transparent":"","_kad_post_title":"","_kad_post_layout":"","_kad_post_sidebar_id":"","_kad_post_content_style":"","_kad_post_vertical_padding":"","_kad_post_feature":"","_kad_post_feature_position":"","_kad_post_header":false,"_kad_post_footer":false,"_kad_post_classname":""},"product_brand":[49],"product_cat":[704,246,609,616],"product_tag":[],"class_list":{"0":"post-260485","1":"product","2":"type-product","3":"status-publish","4":"has-post-thumbnail","6":"product_brand-clinique","7":"product_cat-corector-pentru-zona-fetei-si-a-ochilor","8":"product_cat-cosmetice","9":"product_cat-cosmetice-decorative","10":"product_cat-machiaj-pentru-fata","12":"first","13":"instock","14":"sale","15":"product-type-external","16":"entry","17":"content-bg","18":"loop-entry"},"acf":[],"yoast_head":"<!-- This site is optimized with the Yoast SEO plugin v27.3 - https:\/\/yoast.com\/product\/yoast-seo-wordpress\/ -->\n<title>Clinique Corector u\u0219or Even Better(All Over Concealer + Eraser) 6 ml CN 70 Vanilla - SHOPATOA.COM<\/title>\n<meta name=\"robots\" content=\"index, follow, max-snippet:-1, max-image-preview:large, max-video-preview:-1\" \/>\n<link rel=\"canonical\" href=\"https:\/\/shopatoa.com\/ro\/clinique-corector-usor-even-betterall-over-concealer-eraser-6-ml-cn-70-vanilla\/\" \/>\n<meta property=\"og:locale\" content=\"ro_RO\" \/>\n<meta property=\"og:type\" content=\"article\" \/>\n<meta property=\"og:title\" content=\"Clinique Corector u\u0219or Even Better(All Over Concealer + Eraser) 6 ml CN 70 Vanilla - SHOPATOA.COM\" \/>\n<meta property=\"og:description\" content=\"Corectorul u\u0219or cu acoperire complet\u0103 \u00eembun\u0103t\u0103\u021be\u0219te imediat pielea \u0219i reduce umflarea ochilor. Aplicatorul pe dou\u0103 fe\u021be cu un aplicator precis pe o parte \u0219i un burete pentru r\u0103sp\u00e2ndirea perfect\u0103 pe cealalt\u0103 parte.\" \/>\n<meta property=\"og:url\" content=\"https:\/\/shopatoa.com\/ro\/clinique-corector-usor-even-betterall-over-concealer-eraser-6-ml-cn-70-vanilla\/\" \/>\n<meta property=\"og:site_name\" content=\"SHOPATOA\" \/>\n<meta property=\"article:modified_time\" content=\"2025-12-13T04:14:35+00:00\" \/>\n<meta property=\"og:image\" content=\"https:\/\/storage.googleapis.com\/cz-shopatoa-img\/ro\/b02f6070-unnamed-file.webp\" \/>\n\t<meta property=\"og:image:width\" content=\"800\" \/>\n\t<meta property=\"og:image:height\" content=\"800\" \/>\n\t<meta property=\"og:image:type\" content=\"image\/webp\" \/>\n<meta name=\"twitter:card\" content=\"summary_large_image\" \/>\n<script type=\"application\/ld+json\" class=\"yoast-schema-graph\">{\"@context\":\"https:\\\/\\\/schema.org\",\"@graph\":[{\"@type\":\"WebPage\",\"@id\":\"https:\\\/\\\/shopatoa.com\\\/ro\\\/clinique-corector-usor-even-betterall-over-concealer-eraser-6-ml-cn-70-vanilla\\\/\",\"url\":\"https:\\\/\\\/shopatoa.com\\\/ro\\\/clinique-corector-usor-even-betterall-over-concealer-eraser-6-ml-cn-70-vanilla\\\/\",\"name\":\"Clinique Corector u\u0219or Even Better(All Over Concealer + Eraser) 6 ml CN 70 Vanilla - SHOPATOA.COM\",\"isPartOf\":{\"@id\":\"https:\\\/\\\/shopatoa.com\\\/ro\\\/#website\"},\"primaryImageOfPage\":{\"@id\":\"https:\\\/\\\/shopatoa.com\\\/ro\\\/clinique-corector-usor-even-betterall-over-concealer-eraser-6-ml-cn-70-vanilla\\\/#primaryimage\"},\"image\":{\"@id\":\"https:\\\/\\\/shopatoa.com\\\/ro\\\/clinique-corector-usor-even-betterall-over-concealer-eraser-6-ml-cn-70-vanilla\\\/#primaryimage\"},\"thumbnailUrl\":\"https:\\\/\\\/storage.googleapis.com\\\/cz-shopatoa-img\\\/ro\\\/b02f6070-unnamed-file.webp\",\"datePublished\":\"2025-04-27T02:36:29+00:00\",\"dateModified\":\"2025-12-13T04:14:35+00:00\",\"breadcrumb\":{\"@id\":\"https:\\\/\\\/shopatoa.com\\\/ro\\\/clinique-corector-usor-even-betterall-over-concealer-eraser-6-ml-cn-70-vanilla\\\/#breadcrumb\"},\"inLanguage\":\"ro-RO\",\"potentialAction\":[{\"@type\":\"ReadAction\",\"target\":[\"https:\\\/\\\/shopatoa.com\\\/ro\\\/clinique-corector-usor-even-betterall-over-concealer-eraser-6-ml-cn-70-vanilla\\\/\"]}]},{\"@type\":\"ImageObject\",\"inLanguage\":\"ro-RO\",\"@id\":\"https:\\\/\\\/shopatoa.com\\\/ro\\\/clinique-corector-usor-even-betterall-over-concealer-eraser-6-ml-cn-70-vanilla\\\/#primaryimage\",\"url\":\"https:\\\/\\\/storage.googleapis.com\\\/cz-shopatoa-img\\\/ro\\\/b02f6070-unnamed-file.webp\",\"contentUrl\":\"https:\\\/\\\/storage.googleapis.com\\\/cz-shopatoa-img\\\/ro\\\/b02f6070-unnamed-file.webp\",\"width\":800,\"height\":800},{\"@type\":\"BreadcrumbList\",\"@id\":\"https:\\\/\\\/shopatoa.com\\\/ro\\\/clinique-corector-usor-even-betterall-over-concealer-eraser-6-ml-cn-70-vanilla\\\/#breadcrumb\",\"itemListElement\":[{\"@type\":\"ListItem\",\"position\":1,\"name\":\"Dom\u016f\",\"item\":\"https:\\\/\\\/shopatoa.com\\\/ro\\\/\"},{\"@type\":\"ListItem\",\"position\":2,\"name\":\"Shop\",\"item\":\"https:\\\/\\\/shopatoa.com\\\/ro\\\/shop\\\/\"},{\"@type\":\"ListItem\",\"position\":3,\"name\":\"Cosmetice\",\"item\":\"https:\\\/\\\/shopatoa.com\\\/ro\\\/cosmetice\\\/\"},{\"@type\":\"ListItem\",\"position\":4,\"name\":\"Cosmetice decorative\",\"item\":\"https:\\\/\\\/shopatoa.com\\\/ro\\\/cosmetice-decorative\\\/\"},{\"@type\":\"ListItem\",\"position\":5,\"name\":\"Machiaj pentru fa\u021ba\",\"item\":\"https:\\\/\\\/shopatoa.com\\\/ro\\\/machiaj-pentru-fata\\\/\"},{\"@type\":\"ListItem\",\"position\":6,\"name\":\"Corector pentru zona fe\u021bei \u0219i a ochilor\",\"item\":\"https:\\\/\\\/shopatoa.com\\\/ro\\\/corector-pentru-zona-fetei-si-a-ochilor\\\/\"},{\"@type\":\"ListItem\",\"position\":7,\"name\":\"Clinique Corector u\u0219or Even Better(All Over Concealer + Eraser) 6 ml CN 70 Vanilla\"}]},{\"@type\":\"WebSite\",\"@id\":\"https:\\\/\\\/shopatoa.com\\\/ro\\\/#website\",\"url\":\"https:\\\/\\\/shopatoa.com\\\/ro\\\/\",\"name\":\"SHOPATOA\",\"description\":\"\",\"publisher\":{\"@id\":\"https:\\\/\\\/shopatoa.com\\\/ro\\\/#organization\"},\"potentialAction\":[{\"@type\":\"SearchAction\",\"target\":{\"@type\":\"EntryPoint\",\"urlTemplate\":\"https:\\\/\\\/shopatoa.com\\\/ro\\\/?s={search_term_string}\"},\"query-input\":{\"@type\":\"PropertyValueSpecification\",\"valueRequired\":true,\"valueName\":\"search_term_string\"}}],\"inLanguage\":\"ro-RO\"},{\"@type\":\"Organization\",\"@id\":\"https:\\\/\\\/shopatoa.com\\\/ro\\\/#organization\",\"name\":\"SHOPATOA\",\"url\":\"https:\\\/\\\/shopatoa.com\\\/ro\\\/\",\"logo\":{\"@type\":\"ImageObject\",\"inLanguage\":\"ro-RO\",\"@id\":\"https:\\\/\\\/shopatoa.com\\\/ro\\\/#\\\/schema\\\/logo\\\/image\\\/\",\"url\":\"https:\\\/\\\/storage.googleapis.com\\\/cz-shopatoa-img\\\/ro\\\/b4dac915-shopatoa_logo.png\",\"contentUrl\":\"https:\\\/\\\/storage.googleapis.com\\\/cz-shopatoa-img\\\/ro\\\/b4dac915-shopatoa_logo.png\",\"width\":416,\"height\":63,\"caption\":\"SHOPATOA\"},\"image\":{\"@id\":\"https:\\\/\\\/shopatoa.com\\\/ro\\\/#\\\/schema\\\/logo\\\/image\\\/\"}}]}<\/script>\n<!-- \/ Yoast SEO plugin. -->","yoast_head_json":{"title":"Clinique Corector u\u0219or Even Better(All Over Concealer + Eraser) 6 ml CN 70 Vanilla - SHOPATOA.COM","robots":{"index":"index","follow":"follow","max-snippet":"max-snippet:-1","max-image-preview":"max-image-preview:large","max-video-preview":"max-video-preview:-1"},"canonical":"https:\/\/shopatoa.com\/ro\/clinique-corector-usor-even-betterall-over-concealer-eraser-6-ml-cn-70-vanilla\/","og_locale":"ro_RO","og_type":"article","og_title":"Clinique Corector u\u0219or Even Better(All Over Concealer + Eraser) 6 ml CN 70 Vanilla - SHOPATOA.COM","og_description":"Corectorul u\u0219or cu acoperire complet\u0103 \u00eembun\u0103t\u0103\u021be\u0219te imediat pielea \u0219i reduce umflarea ochilor. Aplicatorul pe dou\u0103 fe\u021be cu un aplicator precis pe o parte \u0219i un burete pentru r\u0103sp\u00e2ndirea perfect\u0103 pe cealalt\u0103 parte.","og_url":"https:\/\/shopatoa.com\/ro\/clinique-corector-usor-even-betterall-over-concealer-eraser-6-ml-cn-70-vanilla\/","og_site_name":"SHOPATOA","article_modified_time":"2025-12-13T04:14:35+00:00","og_image":[{"width":800,"height":800,"url":"https:\/\/storage.googleapis.com\/cz-shopatoa-img\/ro\/b02f6070-unnamed-file.webp","type":"image\/webp"}],"twitter_card":"summary_large_image","schema":{"@context":"https:\/\/schema.org","@graph":[{"@type":"WebPage","@id":"https:\/\/shopatoa.com\/ro\/clinique-corector-usor-even-betterall-over-concealer-eraser-6-ml-cn-70-vanilla\/","url":"https:\/\/shopatoa.com\/ro\/clinique-corector-usor-even-betterall-over-concealer-eraser-6-ml-cn-70-vanilla\/","name":"Clinique Corector u\u0219or Even Better(All Over Concealer + Eraser) 6 ml CN 70 Vanilla - SHOPATOA.COM","isPartOf":{"@id":"https:\/\/shopatoa.com\/ro\/#website"},"primaryImageOfPage":{"@id":"https:\/\/shopatoa.com\/ro\/clinique-corector-usor-even-betterall-over-concealer-eraser-6-ml-cn-70-vanilla\/#primaryimage"},"image":{"@id":"https:\/\/shopatoa.com\/ro\/clinique-corector-usor-even-betterall-over-concealer-eraser-6-ml-cn-70-vanilla\/#primaryimage"},"thumbnailUrl":"https:\/\/storage.googleapis.com\/cz-shopatoa-img\/ro\/b02f6070-unnamed-file.webp","datePublished":"2025-04-27T02:36:29+00:00","dateModified":"2025-12-13T04:14:35+00:00","breadcrumb":{"@id":"https:\/\/shopatoa.com\/ro\/clinique-corector-usor-even-betterall-over-concealer-eraser-6-ml-cn-70-vanilla\/#breadcrumb"},"inLanguage":"ro-RO","potentialAction":[{"@type":"ReadAction","target":["https:\/\/shopatoa.com\/ro\/clinique-corector-usor-even-betterall-over-concealer-eraser-6-ml-cn-70-vanilla\/"]}]},{"@type":"ImageObject","inLanguage":"ro-RO","@id":"https:\/\/shopatoa.com\/ro\/clinique-corector-usor-even-betterall-over-concealer-eraser-6-ml-cn-70-vanilla\/#primaryimage","url":"https:\/\/storage.googleapis.com\/cz-shopatoa-img\/ro\/b02f6070-unnamed-file.webp","contentUrl":"https:\/\/storage.googleapis.com\/cz-shopatoa-img\/ro\/b02f6070-unnamed-file.webp","width":800,"height":800},{"@type":"BreadcrumbList","@id":"https:\/\/shopatoa.com\/ro\/clinique-corector-usor-even-betterall-over-concealer-eraser-6-ml-cn-70-vanilla\/#breadcrumb","itemListElement":[{"@type":"ListItem","position":1,"name":"Dom\u016f","item":"https:\/\/shopatoa.com\/ro\/"},{"@type":"ListItem","position":2,"name":"Shop","item":"https:\/\/shopatoa.com\/ro\/shop\/"},{"@type":"ListItem","position":3,"name":"Cosmetice","item":"https:\/\/shopatoa.com\/ro\/cosmetice\/"},{"@type":"ListItem","position":4,"name":"Cosmetice decorative","item":"https:\/\/shopatoa.com\/ro\/cosmetice-decorative\/"},{"@type":"ListItem","position":5,"name":"Machiaj pentru fa\u021ba","item":"https:\/\/shopatoa.com\/ro\/machiaj-pentru-fata\/"},{"@type":"ListItem","position":6,"name":"Corector pentru zona fe\u021bei \u0219i a ochilor","item":"https:\/\/shopatoa.com\/ro\/corector-pentru-zona-fetei-si-a-ochilor\/"},{"@type":"ListItem","position":7,"name":"Clinique Corector u\u0219or Even Better(All Over Concealer + Eraser) 6 ml CN 70 Vanilla"}]},{"@type":"WebSite","@id":"https:\/\/shopatoa.com\/ro\/#website","url":"https:\/\/shopatoa.com\/ro\/","name":"SHOPATOA","description":"","publisher":{"@id":"https:\/\/shopatoa.com\/ro\/#organization"},"potentialAction":[{"@type":"SearchAction","target":{"@type":"EntryPoint","urlTemplate":"https:\/\/shopatoa.com\/ro\/?s={search_term_string}"},"query-input":{"@type":"PropertyValueSpecification","valueRequired":true,"valueName":"search_term_string"}}],"inLanguage":"ro-RO"},{"@type":"Organization","@id":"https:\/\/shopatoa.com\/ro\/#organization","name":"SHOPATOA","url":"https:\/\/shopatoa.com\/ro\/","logo":{"@type":"ImageObject","inLanguage":"ro-RO","@id":"https:\/\/shopatoa.com\/ro\/#\/schema\/logo\/image\/","url":"https:\/\/storage.googleapis.com\/cz-shopatoa-img\/ro\/b4dac915-shopatoa_logo.png","contentUrl":"https:\/\/storage.googleapis.com\/cz-shopatoa-img\/ro\/b4dac915-shopatoa_logo.png","width":416,"height":63,"caption":"SHOPATOA"},"image":{"@id":"https:\/\/shopatoa.com\/ro\/#\/schema\/logo\/image\/"}}]}},"_links":{"self":[{"href":"https:\/\/shopatoa.com\/ro\/wp-json\/wp\/v2\/product\/260485","targetHints":{"allow":["GET"]}}],"collection":[{"href":"https:\/\/shopatoa.com\/ro\/wp-json\/wp\/v2\/product"}],"about":[{"href":"https:\/\/shopatoa.com\/ro\/wp-json\/wp\/v2\/types\/product"}],"replies":[{"embeddable":true,"href":"https:\/\/shopatoa.com\/ro\/wp-json\/wp\/v2\/comments?post=260485"}],"wp:featuredmedia":[{"embeddable":true,"href":"https:\/\/shopatoa.com\/ro\/wp-json\/wp\/v2\/media\/336966"}],"wp:attachment":[{"href":"https:\/\/shopatoa.com\/ro\/wp-json\/wp\/v2\/media?parent=260485"}],"wp:term":[{"taxonomy":"product_brand","embeddable":true,"href":"https:\/\/shopatoa.com\/ro\/wp-json\/wp\/v2\/product_brand?post=260485"},{"taxonomy":"product_cat","embeddable":true,"href":"https:\/\/shopatoa.com\/ro\/wp-json\/wp\/v2\/product_cat?post=260485"},{"taxonomy":"product_tag","embeddable":true,"href":"https:\/\/shopatoa.com\/ro\/wp-json\/wp\/v2\/product_tag?post=260485"}],"curies":[{"name":"wp","href":"https:\/\/api.w.org\/{rel}","templated":true}]}}