{"id":260501,"date":"2025-04-27T04:41:56","date_gmt":"2025-04-27T02:41:56","guid":{"rendered":"https:\/\/shopatoa.com\/ro\/redken-ingrijire-fara-clatire-pentru-parul-uscat-cret-sau-ondulat-all-soft-mega-curls-hydramelt-treatment-150-ml\/"},"modified":"2025-12-13T05:04:27","modified_gmt":"2025-12-13T04:04:27","slug":"redken-ingrijire-fara-clatire-pentru-parul-uscat-cret-sau-ondulat-all-soft-mega-curls-hydramelt-treatment-150-ml","status":"publish","type":"product","link":"https:\/\/shopatoa.com\/ro\/redken-ingrijire-fara-clatire-pentru-parul-uscat-cret-sau-ondulat-all-soft-mega-curls-hydramelt-treatment-150-ml\/","title":{"rendered":"Redken \u00cengrijire f\u0103r\u0103 cl\u0103tire pentru p\u0103rul uscat, cre\u021b sau ondulat All Soft Mega Curls Hydramelt (Treatment) 150 ml"},"content":{"rendered":"<p>All Soft Mega Curls Hydramelt Leave-in este un produs de \u00eengrijire f\u0103r\u0103 cl\u0103tire, care va hr\u0103ni, \u00eent\u0103ri \u0219i defini frumos p\u0103rul t\u0103u ondulat \u0219i cre\u021b. Redken All Soft Hydramelt con\u021bine Aloe Vera, extracte din flori de cactus \u0219i ulei natural benefic Inca Inchi, care hr\u0103nesc p\u0103rul, \u00eembun\u0103t\u0103\u021besc manevrabilitatea, elasticitatea \u0219i ondula\u021bia natural\u0103 a acestuia. P\u0103rul este intens hr\u0103nit \u0219i hidratat f\u0103r\u0103 s\u0103-l \u00eengreuneze. Valurile sunt moi, catifelate, str\u0103lucitoare \u0219i maleabile. Pentru a hr\u0103ni, revigora \u0219i defini valurile, po\u021bi aplica cu u\u0219urin\u021b\u0103 produsul de \u00eengrijire f\u0103r\u0103 cl\u0103tire Redken \u00een orice moment al zilei \u0219i s\u0103 te bucuri de rezultate timp de p\u00e2n\u0103 la 72 de ore.<\/p>\n","protected":false},"excerpt":{"rendered":"<p>All Soft Mega Curls Hydramelt Leave-in este un produs de \u00eengrijire f\u0103r\u0103 cl\u0103tire, care va hr\u0103ni, \u00eent\u0103ri \u0219i defini frumos p\u0103rul t\u0103u ondulat \u0219i cre\u021b. Redken All Soft Hydramelt con\u021bine Aloe Vera, extracte din flori de cactus \u0219i ulei natural benefic Inca Inchi, care hr\u0103nesc p\u0103rul, \u00eembun\u0103t\u0103\u021besc manevrabilitatea, elasticitatea \u0219i ondula\u021bia natural\u0103 a acestuia. P\u0103rul&#8230;<\/p>\n","protected":false},"featured_media":336984,"comment_status":"closed","ping_status":"open","template":"","meta":{"_acf_changed":false,"_kadence_starter_templates_imported_post":false,"_kad_post_transparent":"","_kad_post_title":"","_kad_post_layout":"","_kad_post_sidebar_id":"","_kad_post_content_style":"","_kad_post_vertical_padding":"","_kad_post_feature":"","_kad_post_feature_position":"","_kad_post_header":false,"_kad_post_footer":false,"_kad_post_classname":""},"product_brand":[552],"product_cat":[246,696,623],"product_tag":[],"class_list":{"0":"post-260501","1":"product","2":"type-product","3":"status-publish","4":"has-post-thumbnail","6":"product_brand-redken","7":"product_cat-cosmetice","8":"product_cat-ingrijirea-parului-fara-clatire","9":"product_cat-produse-cosmetice-pentru-par","11":"first","12":"instock","13":"product-type-external","14":"entry","15":"content-bg","16":"loop-entry"},"acf":[],"yoast_head":"<!-- This site is optimized with the Yoast SEO plugin v27.4 - https:\/\/yoast.com\/product\/yoast-seo-wordpress\/ -->\n<title>Redken \u00cengrijire f\u0103r\u0103 cl\u0103tire pentru p\u0103rul uscat, cre\u021b sau ondulat All Soft Mega Curls Hydramelt (Treatment) 150 ml - SHOPATOA.COM<\/title>\n<meta name=\"robots\" content=\"index, follow, max-snippet:-1, max-image-preview:large, max-video-preview:-1\" \/>\n<link rel=\"canonical\" href=\"https:\/\/shopatoa.com\/ro\/redken-ingrijire-fara-clatire-pentru-parul-uscat-cret-sau-ondulat-all-soft-mega-curls-hydramelt-treatment-150-ml\/\" \/>\n<meta property=\"og:locale\" content=\"ro_RO\" \/>\n<meta property=\"og:type\" content=\"article\" \/>\n<meta property=\"og:title\" content=\"Redken \u00cengrijire f\u0103r\u0103 cl\u0103tire pentru p\u0103rul uscat, cre\u021b sau ondulat All Soft Mega Curls Hydramelt (Treatment) 150 ml - SHOPATOA.COM\" \/>\n<meta property=\"og:description\" content=\"All Soft Mega Curls Hydramelt Leave-in este un produs de \u00eengrijire f\u0103r\u0103 cl\u0103tire, care va hr\u0103ni, \u00eent\u0103ri \u0219i defini frumos p\u0103rul t\u0103u ondulat \u0219i cre\u021b. Redken All Soft Hydramelt con\u021bine Aloe Vera, extracte din flori de cactus \u0219i ulei natural benefic Inca Inchi, care hr\u0103nesc p\u0103rul, \u00eembun\u0103t\u0103\u021besc manevrabilitatea, elasticitatea \u0219i ondula\u021bia natural\u0103 a acestuia. P\u0103rul...\" \/>\n<meta property=\"og:url\" content=\"https:\/\/shopatoa.com\/ro\/redken-ingrijire-fara-clatire-pentru-parul-uscat-cret-sau-ondulat-all-soft-mega-curls-hydramelt-treatment-150-ml\/\" \/>\n<meta property=\"og:site_name\" content=\"SHOPATOA\" \/>\n<meta property=\"article:modified_time\" content=\"2025-12-13T04:04:27+00:00\" \/>\n<meta property=\"og:image\" content=\"https:\/\/storage.googleapis.com\/cz-shopatoa-img\/ro\/423fb8f6-unnamed-file.webp\" \/>\n\t<meta property=\"og:image:width\" content=\"800\" \/>\n\t<meta property=\"og:image:height\" content=\"800\" \/>\n\t<meta property=\"og:image:type\" content=\"image\/webp\" \/>\n<meta name=\"twitter:card\" content=\"summary_large_image\" \/>\n<meta name=\"twitter:label1\" content=\"Timp estimat pentru citire\" \/>\n\t<meta name=\"twitter:data1\" content=\"1 minut\" \/>\n<script type=\"application\/ld+json\" class=\"yoast-schema-graph\">{\"@context\":\"https:\\\/\\\/schema.org\",\"@graph\":[{\"@type\":\"WebPage\",\"@id\":\"https:\\\/\\\/shopatoa.com\\\/ro\\\/redken-ingrijire-fara-clatire-pentru-parul-uscat-cret-sau-ondulat-all-soft-mega-curls-hydramelt-treatment-150-ml\\\/\",\"url\":\"https:\\\/\\\/shopatoa.com\\\/ro\\\/redken-ingrijire-fara-clatire-pentru-parul-uscat-cret-sau-ondulat-all-soft-mega-curls-hydramelt-treatment-150-ml\\\/\",\"name\":\"Redken \u00cengrijire f\u0103r\u0103 cl\u0103tire pentru p\u0103rul uscat, cre\u021b sau ondulat All Soft Mega Curls Hydramelt (Treatment) 150 ml - SHOPATOA.COM\",\"isPartOf\":{\"@id\":\"https:\\\/\\\/shopatoa.com\\\/ro\\\/#website\"},\"primaryImageOfPage\":{\"@id\":\"https:\\\/\\\/shopatoa.com\\\/ro\\\/redken-ingrijire-fara-clatire-pentru-parul-uscat-cret-sau-ondulat-all-soft-mega-curls-hydramelt-treatment-150-ml\\\/#primaryimage\"},\"image\":{\"@id\":\"https:\\\/\\\/shopatoa.com\\\/ro\\\/redken-ingrijire-fara-clatire-pentru-parul-uscat-cret-sau-ondulat-all-soft-mega-curls-hydramelt-treatment-150-ml\\\/#primaryimage\"},\"thumbnailUrl\":\"https:\\\/\\\/storage.googleapis.com\\\/cz-shopatoa-img\\\/ro\\\/423fb8f6-unnamed-file.webp\",\"datePublished\":\"2025-04-27T02:41:56+00:00\",\"dateModified\":\"2025-12-13T04:04:27+00:00\",\"breadcrumb\":{\"@id\":\"https:\\\/\\\/shopatoa.com\\\/ro\\\/redken-ingrijire-fara-clatire-pentru-parul-uscat-cret-sau-ondulat-all-soft-mega-curls-hydramelt-treatment-150-ml\\\/#breadcrumb\"},\"inLanguage\":\"ro-RO\",\"potentialAction\":[{\"@type\":\"ReadAction\",\"target\":[\"https:\\\/\\\/shopatoa.com\\\/ro\\\/redken-ingrijire-fara-clatire-pentru-parul-uscat-cret-sau-ondulat-all-soft-mega-curls-hydramelt-treatment-150-ml\\\/\"]}]},{\"@type\":\"ImageObject\",\"inLanguage\":\"ro-RO\",\"@id\":\"https:\\\/\\\/shopatoa.com\\\/ro\\\/redken-ingrijire-fara-clatire-pentru-parul-uscat-cret-sau-ondulat-all-soft-mega-curls-hydramelt-treatment-150-ml\\\/#primaryimage\",\"url\":\"https:\\\/\\\/storage.googleapis.com\\\/cz-shopatoa-img\\\/ro\\\/423fb8f6-unnamed-file.webp\",\"contentUrl\":\"https:\\\/\\\/storage.googleapis.com\\\/cz-shopatoa-img\\\/ro\\\/423fb8f6-unnamed-file.webp\",\"width\":800,\"height\":800},{\"@type\":\"BreadcrumbList\",\"@id\":\"https:\\\/\\\/shopatoa.com\\\/ro\\\/redken-ingrijire-fara-clatire-pentru-parul-uscat-cret-sau-ondulat-all-soft-mega-curls-hydramelt-treatment-150-ml\\\/#breadcrumb\",\"itemListElement\":[{\"@type\":\"ListItem\",\"position\":1,\"name\":\"Dom\u016f\",\"item\":\"https:\\\/\\\/shopatoa.com\\\/ro\\\/\"},{\"@type\":\"ListItem\",\"position\":2,\"name\":\"Shop\",\"item\":\"https:\\\/\\\/shopatoa.com\\\/ro\\\/shop\\\/\"},{\"@type\":\"ListItem\",\"position\":3,\"name\":\"Cosmetice\",\"item\":\"https:\\\/\\\/shopatoa.com\\\/ro\\\/cosmetice\\\/\"},{\"@type\":\"ListItem\",\"position\":4,\"name\":\"Produse cosmetice pentru p\u0103r\",\"item\":\"https:\\\/\\\/shopatoa.com\\\/ro\\\/produse-cosmetice-pentru-par\\\/\"},{\"@type\":\"ListItem\",\"position\":5,\"name\":\"\u00cengrijirea p\u0103rului f\u0103r\u0103 cl\u0103tire\",\"item\":\"https:\\\/\\\/shopatoa.com\\\/ro\\\/ingrijirea-parului-fara-clatire\\\/\"},{\"@type\":\"ListItem\",\"position\":6,\"name\":\"Redken \u00cengrijire f\u0103r\u0103 cl\u0103tire pentru p\u0103rul uscat, cre\u021b sau ondulat All Soft Mega Curls Hydramelt (Treatment) 150 ml\"}]},{\"@type\":\"WebSite\",\"@id\":\"https:\\\/\\\/shopatoa.com\\\/ro\\\/#website\",\"url\":\"https:\\\/\\\/shopatoa.com\\\/ro\\\/\",\"name\":\"SHOPATOA\",\"description\":\"\",\"publisher\":{\"@id\":\"https:\\\/\\\/shopatoa.com\\\/ro\\\/#organization\"},\"potentialAction\":[{\"@type\":\"SearchAction\",\"target\":{\"@type\":\"EntryPoint\",\"urlTemplate\":\"https:\\\/\\\/shopatoa.com\\\/ro\\\/?s={search_term_string}\"},\"query-input\":{\"@type\":\"PropertyValueSpecification\",\"valueRequired\":true,\"valueName\":\"search_term_string\"}}],\"inLanguage\":\"ro-RO\"},{\"@type\":\"Organization\",\"@id\":\"https:\\\/\\\/shopatoa.com\\\/ro\\\/#organization\",\"name\":\"SHOPATOA\",\"url\":\"https:\\\/\\\/shopatoa.com\\\/ro\\\/\",\"logo\":{\"@type\":\"ImageObject\",\"inLanguage\":\"ro-RO\",\"@id\":\"https:\\\/\\\/shopatoa.com\\\/ro\\\/#\\\/schema\\\/logo\\\/image\\\/\",\"url\":\"https:\\\/\\\/storage.googleapis.com\\\/cz-shopatoa-img\\\/ro\\\/b4dac915-shopatoa_logo.png\",\"contentUrl\":\"https:\\\/\\\/storage.googleapis.com\\\/cz-shopatoa-img\\\/ro\\\/b4dac915-shopatoa_logo.png\",\"width\":416,\"height\":63,\"caption\":\"SHOPATOA\"},\"image\":{\"@id\":\"https:\\\/\\\/shopatoa.com\\\/ro\\\/#\\\/schema\\\/logo\\\/image\\\/\"}}]}<\/script>\n<!-- \/ Yoast SEO plugin. -->","yoast_head_json":{"title":"Redken \u00cengrijire f\u0103r\u0103 cl\u0103tire pentru p\u0103rul uscat, cre\u021b sau ondulat All Soft Mega Curls Hydramelt (Treatment) 150 ml - SHOPATOA.COM","robots":{"index":"index","follow":"follow","max-snippet":"max-snippet:-1","max-image-preview":"max-image-preview:large","max-video-preview":"max-video-preview:-1"},"canonical":"https:\/\/shopatoa.com\/ro\/redken-ingrijire-fara-clatire-pentru-parul-uscat-cret-sau-ondulat-all-soft-mega-curls-hydramelt-treatment-150-ml\/","og_locale":"ro_RO","og_type":"article","og_title":"Redken \u00cengrijire f\u0103r\u0103 cl\u0103tire pentru p\u0103rul uscat, cre\u021b sau ondulat All Soft Mega Curls Hydramelt (Treatment) 150 ml - SHOPATOA.COM","og_description":"All Soft Mega Curls Hydramelt Leave-in este un produs de \u00eengrijire f\u0103r\u0103 cl\u0103tire, care va hr\u0103ni, \u00eent\u0103ri \u0219i defini frumos p\u0103rul t\u0103u ondulat \u0219i cre\u021b. Redken All Soft Hydramelt con\u021bine Aloe Vera, extracte din flori de cactus \u0219i ulei natural benefic Inca Inchi, care hr\u0103nesc p\u0103rul, \u00eembun\u0103t\u0103\u021besc manevrabilitatea, elasticitatea \u0219i ondula\u021bia natural\u0103 a acestuia. P\u0103rul...","og_url":"https:\/\/shopatoa.com\/ro\/redken-ingrijire-fara-clatire-pentru-parul-uscat-cret-sau-ondulat-all-soft-mega-curls-hydramelt-treatment-150-ml\/","og_site_name":"SHOPATOA","article_modified_time":"2025-12-13T04:04:27+00:00","og_image":[{"width":800,"height":800,"url":"https:\/\/storage.googleapis.com\/cz-shopatoa-img\/ro\/423fb8f6-unnamed-file.webp","type":"image\/webp"}],"twitter_card":"summary_large_image","twitter_misc":{"Timp estimat pentru citire":"1 minut"},"schema":{"@context":"https:\/\/schema.org","@graph":[{"@type":"WebPage","@id":"https:\/\/shopatoa.com\/ro\/redken-ingrijire-fara-clatire-pentru-parul-uscat-cret-sau-ondulat-all-soft-mega-curls-hydramelt-treatment-150-ml\/","url":"https:\/\/shopatoa.com\/ro\/redken-ingrijire-fara-clatire-pentru-parul-uscat-cret-sau-ondulat-all-soft-mega-curls-hydramelt-treatment-150-ml\/","name":"Redken \u00cengrijire f\u0103r\u0103 cl\u0103tire pentru p\u0103rul uscat, cre\u021b sau ondulat All Soft Mega Curls Hydramelt (Treatment) 150 ml - SHOPATOA.COM","isPartOf":{"@id":"https:\/\/shopatoa.com\/ro\/#website"},"primaryImageOfPage":{"@id":"https:\/\/shopatoa.com\/ro\/redken-ingrijire-fara-clatire-pentru-parul-uscat-cret-sau-ondulat-all-soft-mega-curls-hydramelt-treatment-150-ml\/#primaryimage"},"image":{"@id":"https:\/\/shopatoa.com\/ro\/redken-ingrijire-fara-clatire-pentru-parul-uscat-cret-sau-ondulat-all-soft-mega-curls-hydramelt-treatment-150-ml\/#primaryimage"},"thumbnailUrl":"https:\/\/storage.googleapis.com\/cz-shopatoa-img\/ro\/423fb8f6-unnamed-file.webp","datePublished":"2025-04-27T02:41:56+00:00","dateModified":"2025-12-13T04:04:27+00:00","breadcrumb":{"@id":"https:\/\/shopatoa.com\/ro\/redken-ingrijire-fara-clatire-pentru-parul-uscat-cret-sau-ondulat-all-soft-mega-curls-hydramelt-treatment-150-ml\/#breadcrumb"},"inLanguage":"ro-RO","potentialAction":[{"@type":"ReadAction","target":["https:\/\/shopatoa.com\/ro\/redken-ingrijire-fara-clatire-pentru-parul-uscat-cret-sau-ondulat-all-soft-mega-curls-hydramelt-treatment-150-ml\/"]}]},{"@type":"ImageObject","inLanguage":"ro-RO","@id":"https:\/\/shopatoa.com\/ro\/redken-ingrijire-fara-clatire-pentru-parul-uscat-cret-sau-ondulat-all-soft-mega-curls-hydramelt-treatment-150-ml\/#primaryimage","url":"https:\/\/storage.googleapis.com\/cz-shopatoa-img\/ro\/423fb8f6-unnamed-file.webp","contentUrl":"https:\/\/storage.googleapis.com\/cz-shopatoa-img\/ro\/423fb8f6-unnamed-file.webp","width":800,"height":800},{"@type":"BreadcrumbList","@id":"https:\/\/shopatoa.com\/ro\/redken-ingrijire-fara-clatire-pentru-parul-uscat-cret-sau-ondulat-all-soft-mega-curls-hydramelt-treatment-150-ml\/#breadcrumb","itemListElement":[{"@type":"ListItem","position":1,"name":"Dom\u016f","item":"https:\/\/shopatoa.com\/ro\/"},{"@type":"ListItem","position":2,"name":"Shop","item":"https:\/\/shopatoa.com\/ro\/shop\/"},{"@type":"ListItem","position":3,"name":"Cosmetice","item":"https:\/\/shopatoa.com\/ro\/cosmetice\/"},{"@type":"ListItem","position":4,"name":"Produse cosmetice pentru p\u0103r","item":"https:\/\/shopatoa.com\/ro\/produse-cosmetice-pentru-par\/"},{"@type":"ListItem","position":5,"name":"\u00cengrijirea p\u0103rului f\u0103r\u0103 cl\u0103tire","item":"https:\/\/shopatoa.com\/ro\/ingrijirea-parului-fara-clatire\/"},{"@type":"ListItem","position":6,"name":"Redken \u00cengrijire f\u0103r\u0103 cl\u0103tire pentru p\u0103rul uscat, cre\u021b sau ondulat All Soft Mega Curls Hydramelt (Treatment) 150 ml"}]},{"@type":"WebSite","@id":"https:\/\/shopatoa.com\/ro\/#website","url":"https:\/\/shopatoa.com\/ro\/","name":"SHOPATOA","description":"","publisher":{"@id":"https:\/\/shopatoa.com\/ro\/#organization"},"potentialAction":[{"@type":"SearchAction","target":{"@type":"EntryPoint","urlTemplate":"https:\/\/shopatoa.com\/ro\/?s={search_term_string}"},"query-input":{"@type":"PropertyValueSpecification","valueRequired":true,"valueName":"search_term_string"}}],"inLanguage":"ro-RO"},{"@type":"Organization","@id":"https:\/\/shopatoa.com\/ro\/#organization","name":"SHOPATOA","url":"https:\/\/shopatoa.com\/ro\/","logo":{"@type":"ImageObject","inLanguage":"ro-RO","@id":"https:\/\/shopatoa.com\/ro\/#\/schema\/logo\/image\/","url":"https:\/\/storage.googleapis.com\/cz-shopatoa-img\/ro\/b4dac915-shopatoa_logo.png","contentUrl":"https:\/\/storage.googleapis.com\/cz-shopatoa-img\/ro\/b4dac915-shopatoa_logo.png","width":416,"height":63,"caption":"SHOPATOA"},"image":{"@id":"https:\/\/shopatoa.com\/ro\/#\/schema\/logo\/image\/"}}]}},"_links":{"self":[{"href":"https:\/\/shopatoa.com\/ro\/wp-json\/wp\/v2\/product\/260501","targetHints":{"allow":["GET"]}}],"collection":[{"href":"https:\/\/shopatoa.com\/ro\/wp-json\/wp\/v2\/product"}],"about":[{"href":"https:\/\/shopatoa.com\/ro\/wp-json\/wp\/v2\/types\/product"}],"replies":[{"embeddable":true,"href":"https:\/\/shopatoa.com\/ro\/wp-json\/wp\/v2\/comments?post=260501"}],"wp:featuredmedia":[{"embeddable":true,"href":"https:\/\/shopatoa.com\/ro\/wp-json\/wp\/v2\/media\/336984"}],"wp:attachment":[{"href":"https:\/\/shopatoa.com\/ro\/wp-json\/wp\/v2\/media?parent=260501"}],"wp:term":[{"taxonomy":"product_brand","embeddable":true,"href":"https:\/\/shopatoa.com\/ro\/wp-json\/wp\/v2\/product_brand?post=260501"},{"taxonomy":"product_cat","embeddable":true,"href":"https:\/\/shopatoa.com\/ro\/wp-json\/wp\/v2\/product_cat?post=260501"},{"taxonomy":"product_tag","embeddable":true,"href":"https:\/\/shopatoa.com\/ro\/wp-json\/wp\/v2\/product_tag?post=260501"}],"curies":[{"name":"wp","href":"https:\/\/api.w.org\/{rel}","templated":true}]}}