{"id":260520,"date":"2025-04-27T04:51:04","date_gmt":"2025-04-27T02:51:04","guid":{"rendered":"https:\/\/shopatoa.com\/ro\/rexaline-ser-iluminator-pentru-piele-crystal-bright-serum-30-ml\/"},"modified":"2025-12-13T05:02:09","modified_gmt":"2025-12-13T04:02:09","slug":"rexaline-ser-iluminator-pentru-piele-crystal-bright-serum-30-ml","status":"publish","type":"product","link":"https:\/\/shopatoa.com\/ro\/rexaline-ser-iluminator-pentru-piele-crystal-bright-serum-30-ml\/","title":{"rendered":"Rexaline Ser iluminator pentru piele Crystal Bright (Serum) 30 ml"},"content":{"rendered":"<p>Pentru ca pielea impecabil\u0103 s\u0103 devin\u0103 realitate. Ilumineaz\u0103 \u0219i uniformizeaz\u0103 nuan\u021ba pielii cu un ser facial. Serul \u00eempotriva petelor pigmentare con\u021bine o combina\u021bie unic\u0103 de substan\u021be active pentru luminozitatea \u0219i unificarea nuan\u021bei pielii. Regleaz\u0103 produc\u021bia de melanin\u0103, protej\u00e2nd astfel pielea de formarea de noi pete pigmentare \u0219i lumin\u00e2nd pe cele existente. Complexul unic de depigmentare este format din 3 substan\u021be foarte concentrate (extracte de bujor, lemn dulce \u0219i niacinamid\u0103 (B3) pentru a reda str\u0103lucirea pielii. Ac\u021bioneaz\u0103 \u00eempotriva petelor pigmentare \u0219i elimin\u0103 procesele inflamatorii. De asemenea, con\u021bine microbile care reflect\u0103 lumina pentru un efect natural \u0219i luminos.<\/p>\n","protected":false},"excerpt":{"rendered":"<p>Pentru ca pielea impecabil\u0103 s\u0103 devin\u0103 realitate. Ilumineaz\u0103 \u0219i uniformizeaz\u0103 nuan\u021ba pielii cu un ser facial. Serul \u00eempotriva petelor pigmentare con\u021bine o combina\u021bie unic\u0103 de substan\u021be active pentru luminozitatea \u0219i unificarea nuan\u021bei pielii. Regleaz\u0103 produc\u021bia de melanin\u0103, protej\u00e2nd astfel pielea de formarea de noi pete pigmentare \u0219i lumin\u00e2nd pe cele existente. Complexul unic de depigmentare&#8230;<\/p>\n","protected":false},"featured_media":337005,"comment_status":"closed","ping_status":"open","template":"","meta":{"_acf_changed":false,"_kadence_starter_templates_imported_post":false,"_kad_post_transparent":"","_kad_post_title":"","_kad_post_layout":"","_kad_post_sidebar_id":"","_kad_post_content_style":"","_kad_post_vertical_padding":"","_kad_post_feature":"","_kad_post_feature_position":"","_kad_post_header":false,"_kad_post_footer":false,"_kad_post_classname":""},"product_brand":[962],"product_cat":[246,635,634,633],"product_tag":[],"class_list":{"0":"post-260520","1":"product","2":"type-product","3":"status-publish","4":"has-post-thumbnail","6":"product_brand-rexaline","7":"product_cat-cosmetice","8":"product_cat-hidratarea-si-nutritia-pielii","9":"product_cat-produse-cosmetice-de-ingrijire-a-pielii","10":"product_cat-produse-cosmetice-pentru-piele","12":"first","13":"instock","14":"sale","15":"product-type-external","16":"entry","17":"content-bg","18":"loop-entry"},"acf":[],"yoast_head":"<!-- This site is optimized with the Yoast SEO plugin v27.3 - https:\/\/yoast.com\/product\/yoast-seo-wordpress\/ -->\n<title>Rexaline Ser iluminator pentru piele Crystal Bright (Serum) 30 ml - SHOPATOA.COM<\/title>\n<meta name=\"robots\" content=\"index, follow, max-snippet:-1, max-image-preview:large, max-video-preview:-1\" \/>\n<link rel=\"canonical\" href=\"https:\/\/shopatoa.com\/ro\/rexaline-ser-iluminator-pentru-piele-crystal-bright-serum-30-ml\/\" \/>\n<meta property=\"og:locale\" content=\"ro_RO\" \/>\n<meta property=\"og:type\" content=\"article\" \/>\n<meta property=\"og:title\" content=\"Rexaline Ser iluminator pentru piele Crystal Bright (Serum) 30 ml - SHOPATOA.COM\" \/>\n<meta property=\"og:description\" content=\"Pentru ca pielea impecabil\u0103 s\u0103 devin\u0103 realitate. Ilumineaz\u0103 \u0219i uniformizeaz\u0103 nuan\u021ba pielii cu un ser facial. Serul \u00eempotriva petelor pigmentare con\u021bine o combina\u021bie unic\u0103 de substan\u021be active pentru luminozitatea \u0219i unificarea nuan\u021bei pielii. Regleaz\u0103 produc\u021bia de melanin\u0103, protej\u00e2nd astfel pielea de formarea de noi pete pigmentare \u0219i lumin\u00e2nd pe cele existente. Complexul unic de depigmentare...\" \/>\n<meta property=\"og:url\" content=\"https:\/\/shopatoa.com\/ro\/rexaline-ser-iluminator-pentru-piele-crystal-bright-serum-30-ml\/\" \/>\n<meta property=\"og:site_name\" content=\"SHOPATOA\" \/>\n<meta property=\"article:modified_time\" content=\"2025-12-13T04:02:09+00:00\" \/>\n<meta property=\"og:image\" content=\"https:\/\/storage.googleapis.com\/cz-shopatoa-img\/ro\/0b03c96f-unnamed-file.webp\" \/>\n\t<meta property=\"og:image:width\" content=\"800\" \/>\n\t<meta property=\"og:image:height\" content=\"800\" \/>\n\t<meta property=\"og:image:type\" content=\"image\/webp\" \/>\n<meta name=\"twitter:card\" content=\"summary_large_image\" \/>\n<meta name=\"twitter:label1\" content=\"Timp estimat pentru citire\" \/>\n\t<meta name=\"twitter:data1\" content=\"1 minut\" \/>\n<script type=\"application\/ld+json\" class=\"yoast-schema-graph\">{\"@context\":\"https:\\\/\\\/schema.org\",\"@graph\":[{\"@type\":\"WebPage\",\"@id\":\"https:\\\/\\\/shopatoa.com\\\/ro\\\/rexaline-ser-iluminator-pentru-piele-crystal-bright-serum-30-ml\\\/\",\"url\":\"https:\\\/\\\/shopatoa.com\\\/ro\\\/rexaline-ser-iluminator-pentru-piele-crystal-bright-serum-30-ml\\\/\",\"name\":\"Rexaline Ser iluminator pentru piele Crystal Bright (Serum) 30 ml - SHOPATOA.COM\",\"isPartOf\":{\"@id\":\"https:\\\/\\\/shopatoa.com\\\/ro\\\/#website\"},\"primaryImageOfPage\":{\"@id\":\"https:\\\/\\\/shopatoa.com\\\/ro\\\/rexaline-ser-iluminator-pentru-piele-crystal-bright-serum-30-ml\\\/#primaryimage\"},\"image\":{\"@id\":\"https:\\\/\\\/shopatoa.com\\\/ro\\\/rexaline-ser-iluminator-pentru-piele-crystal-bright-serum-30-ml\\\/#primaryimage\"},\"thumbnailUrl\":\"https:\\\/\\\/storage.googleapis.com\\\/cz-shopatoa-img\\\/ro\\\/0b03c96f-unnamed-file.webp\",\"datePublished\":\"2025-04-27T02:51:04+00:00\",\"dateModified\":\"2025-12-13T04:02:09+00:00\",\"breadcrumb\":{\"@id\":\"https:\\\/\\\/shopatoa.com\\\/ro\\\/rexaline-ser-iluminator-pentru-piele-crystal-bright-serum-30-ml\\\/#breadcrumb\"},\"inLanguage\":\"ro-RO\",\"potentialAction\":[{\"@type\":\"ReadAction\",\"target\":[\"https:\\\/\\\/shopatoa.com\\\/ro\\\/rexaline-ser-iluminator-pentru-piele-crystal-bright-serum-30-ml\\\/\"]}]},{\"@type\":\"ImageObject\",\"inLanguage\":\"ro-RO\",\"@id\":\"https:\\\/\\\/shopatoa.com\\\/ro\\\/rexaline-ser-iluminator-pentru-piele-crystal-bright-serum-30-ml\\\/#primaryimage\",\"url\":\"https:\\\/\\\/storage.googleapis.com\\\/cz-shopatoa-img\\\/ro\\\/0b03c96f-unnamed-file.webp\",\"contentUrl\":\"https:\\\/\\\/storage.googleapis.com\\\/cz-shopatoa-img\\\/ro\\\/0b03c96f-unnamed-file.webp\",\"width\":800,\"height\":800},{\"@type\":\"BreadcrumbList\",\"@id\":\"https:\\\/\\\/shopatoa.com\\\/ro\\\/rexaline-ser-iluminator-pentru-piele-crystal-bright-serum-30-ml\\\/#breadcrumb\",\"itemListElement\":[{\"@type\":\"ListItem\",\"position\":1,\"name\":\"Dom\u016f\",\"item\":\"https:\\\/\\\/shopatoa.com\\\/ro\\\/\"},{\"@type\":\"ListItem\",\"position\":2,\"name\":\"Shop\",\"item\":\"https:\\\/\\\/shopatoa.com\\\/ro\\\/shop\\\/\"},{\"@type\":\"ListItem\",\"position\":3,\"name\":\"Cosmetice\",\"item\":\"https:\\\/\\\/shopatoa.com\\\/ro\\\/cosmetice\\\/\"},{\"@type\":\"ListItem\",\"position\":4,\"name\":\"Produse cosmetice pentru piele\",\"item\":\"https:\\\/\\\/shopatoa.com\\\/ro\\\/produse-cosmetice-pentru-piele\\\/\"},{\"@type\":\"ListItem\",\"position\":5,\"name\":\"Produse cosmetice de \u00eengrijire a pielii\",\"item\":\"https:\\\/\\\/shopatoa.com\\\/ro\\\/produse-cosmetice-de-ingrijire-a-pielii\\\/\"},{\"@type\":\"ListItem\",\"position\":6,\"name\":\"Hidratarea \u0219i nutri\u021bia pielii\",\"item\":\"https:\\\/\\\/shopatoa.com\\\/ro\\\/hidratarea-si-nutritia-pielii\\\/\"},{\"@type\":\"ListItem\",\"position\":7,\"name\":\"Rexaline Ser iluminator pentru piele Crystal Bright (Serum) 30 ml\"}]},{\"@type\":\"WebSite\",\"@id\":\"https:\\\/\\\/shopatoa.com\\\/ro\\\/#website\",\"url\":\"https:\\\/\\\/shopatoa.com\\\/ro\\\/\",\"name\":\"SHOPATOA\",\"description\":\"\",\"publisher\":{\"@id\":\"https:\\\/\\\/shopatoa.com\\\/ro\\\/#organization\"},\"potentialAction\":[{\"@type\":\"SearchAction\",\"target\":{\"@type\":\"EntryPoint\",\"urlTemplate\":\"https:\\\/\\\/shopatoa.com\\\/ro\\\/?s={search_term_string}\"},\"query-input\":{\"@type\":\"PropertyValueSpecification\",\"valueRequired\":true,\"valueName\":\"search_term_string\"}}],\"inLanguage\":\"ro-RO\"},{\"@type\":\"Organization\",\"@id\":\"https:\\\/\\\/shopatoa.com\\\/ro\\\/#organization\",\"name\":\"SHOPATOA\",\"url\":\"https:\\\/\\\/shopatoa.com\\\/ro\\\/\",\"logo\":{\"@type\":\"ImageObject\",\"inLanguage\":\"ro-RO\",\"@id\":\"https:\\\/\\\/shopatoa.com\\\/ro\\\/#\\\/schema\\\/logo\\\/image\\\/\",\"url\":\"https:\\\/\\\/storage.googleapis.com\\\/cz-shopatoa-img\\\/ro\\\/b4dac915-shopatoa_logo.png\",\"contentUrl\":\"https:\\\/\\\/storage.googleapis.com\\\/cz-shopatoa-img\\\/ro\\\/b4dac915-shopatoa_logo.png\",\"width\":416,\"height\":63,\"caption\":\"SHOPATOA\"},\"image\":{\"@id\":\"https:\\\/\\\/shopatoa.com\\\/ro\\\/#\\\/schema\\\/logo\\\/image\\\/\"}}]}<\/script>\n<!-- \/ Yoast SEO plugin. -->","yoast_head_json":{"title":"Rexaline Ser iluminator pentru piele Crystal Bright (Serum) 30 ml - SHOPATOA.COM","robots":{"index":"index","follow":"follow","max-snippet":"max-snippet:-1","max-image-preview":"max-image-preview:large","max-video-preview":"max-video-preview:-1"},"canonical":"https:\/\/shopatoa.com\/ro\/rexaline-ser-iluminator-pentru-piele-crystal-bright-serum-30-ml\/","og_locale":"ro_RO","og_type":"article","og_title":"Rexaline Ser iluminator pentru piele Crystal Bright (Serum) 30 ml - SHOPATOA.COM","og_description":"Pentru ca pielea impecabil\u0103 s\u0103 devin\u0103 realitate. Ilumineaz\u0103 \u0219i uniformizeaz\u0103 nuan\u021ba pielii cu un ser facial. Serul \u00eempotriva petelor pigmentare con\u021bine o combina\u021bie unic\u0103 de substan\u021be active pentru luminozitatea \u0219i unificarea nuan\u021bei pielii. Regleaz\u0103 produc\u021bia de melanin\u0103, protej\u00e2nd astfel pielea de formarea de noi pete pigmentare \u0219i lumin\u00e2nd pe cele existente. Complexul unic de depigmentare...","og_url":"https:\/\/shopatoa.com\/ro\/rexaline-ser-iluminator-pentru-piele-crystal-bright-serum-30-ml\/","og_site_name":"SHOPATOA","article_modified_time":"2025-12-13T04:02:09+00:00","og_image":[{"width":800,"height":800,"url":"https:\/\/storage.googleapis.com\/cz-shopatoa-img\/ro\/0b03c96f-unnamed-file.webp","type":"image\/webp"}],"twitter_card":"summary_large_image","twitter_misc":{"Timp estimat pentru citire":"1 minut"},"schema":{"@context":"https:\/\/schema.org","@graph":[{"@type":"WebPage","@id":"https:\/\/shopatoa.com\/ro\/rexaline-ser-iluminator-pentru-piele-crystal-bright-serum-30-ml\/","url":"https:\/\/shopatoa.com\/ro\/rexaline-ser-iluminator-pentru-piele-crystal-bright-serum-30-ml\/","name":"Rexaline Ser iluminator pentru piele Crystal Bright (Serum) 30 ml - SHOPATOA.COM","isPartOf":{"@id":"https:\/\/shopatoa.com\/ro\/#website"},"primaryImageOfPage":{"@id":"https:\/\/shopatoa.com\/ro\/rexaline-ser-iluminator-pentru-piele-crystal-bright-serum-30-ml\/#primaryimage"},"image":{"@id":"https:\/\/shopatoa.com\/ro\/rexaline-ser-iluminator-pentru-piele-crystal-bright-serum-30-ml\/#primaryimage"},"thumbnailUrl":"https:\/\/storage.googleapis.com\/cz-shopatoa-img\/ro\/0b03c96f-unnamed-file.webp","datePublished":"2025-04-27T02:51:04+00:00","dateModified":"2025-12-13T04:02:09+00:00","breadcrumb":{"@id":"https:\/\/shopatoa.com\/ro\/rexaline-ser-iluminator-pentru-piele-crystal-bright-serum-30-ml\/#breadcrumb"},"inLanguage":"ro-RO","potentialAction":[{"@type":"ReadAction","target":["https:\/\/shopatoa.com\/ro\/rexaline-ser-iluminator-pentru-piele-crystal-bright-serum-30-ml\/"]}]},{"@type":"ImageObject","inLanguage":"ro-RO","@id":"https:\/\/shopatoa.com\/ro\/rexaline-ser-iluminator-pentru-piele-crystal-bright-serum-30-ml\/#primaryimage","url":"https:\/\/storage.googleapis.com\/cz-shopatoa-img\/ro\/0b03c96f-unnamed-file.webp","contentUrl":"https:\/\/storage.googleapis.com\/cz-shopatoa-img\/ro\/0b03c96f-unnamed-file.webp","width":800,"height":800},{"@type":"BreadcrumbList","@id":"https:\/\/shopatoa.com\/ro\/rexaline-ser-iluminator-pentru-piele-crystal-bright-serum-30-ml\/#breadcrumb","itemListElement":[{"@type":"ListItem","position":1,"name":"Dom\u016f","item":"https:\/\/shopatoa.com\/ro\/"},{"@type":"ListItem","position":2,"name":"Shop","item":"https:\/\/shopatoa.com\/ro\/shop\/"},{"@type":"ListItem","position":3,"name":"Cosmetice","item":"https:\/\/shopatoa.com\/ro\/cosmetice\/"},{"@type":"ListItem","position":4,"name":"Produse cosmetice pentru piele","item":"https:\/\/shopatoa.com\/ro\/produse-cosmetice-pentru-piele\/"},{"@type":"ListItem","position":5,"name":"Produse cosmetice de \u00eengrijire a pielii","item":"https:\/\/shopatoa.com\/ro\/produse-cosmetice-de-ingrijire-a-pielii\/"},{"@type":"ListItem","position":6,"name":"Hidratarea \u0219i nutri\u021bia pielii","item":"https:\/\/shopatoa.com\/ro\/hidratarea-si-nutritia-pielii\/"},{"@type":"ListItem","position":7,"name":"Rexaline Ser iluminator pentru piele Crystal Bright (Serum) 30 ml"}]},{"@type":"WebSite","@id":"https:\/\/shopatoa.com\/ro\/#website","url":"https:\/\/shopatoa.com\/ro\/","name":"SHOPATOA","description":"","publisher":{"@id":"https:\/\/shopatoa.com\/ro\/#organization"},"potentialAction":[{"@type":"SearchAction","target":{"@type":"EntryPoint","urlTemplate":"https:\/\/shopatoa.com\/ro\/?s={search_term_string}"},"query-input":{"@type":"PropertyValueSpecification","valueRequired":true,"valueName":"search_term_string"}}],"inLanguage":"ro-RO"},{"@type":"Organization","@id":"https:\/\/shopatoa.com\/ro\/#organization","name":"SHOPATOA","url":"https:\/\/shopatoa.com\/ro\/","logo":{"@type":"ImageObject","inLanguage":"ro-RO","@id":"https:\/\/shopatoa.com\/ro\/#\/schema\/logo\/image\/","url":"https:\/\/storage.googleapis.com\/cz-shopatoa-img\/ro\/b4dac915-shopatoa_logo.png","contentUrl":"https:\/\/storage.googleapis.com\/cz-shopatoa-img\/ro\/b4dac915-shopatoa_logo.png","width":416,"height":63,"caption":"SHOPATOA"},"image":{"@id":"https:\/\/shopatoa.com\/ro\/#\/schema\/logo\/image\/"}}]}},"_links":{"self":[{"href":"https:\/\/shopatoa.com\/ro\/wp-json\/wp\/v2\/product\/260520","targetHints":{"allow":["GET"]}}],"collection":[{"href":"https:\/\/shopatoa.com\/ro\/wp-json\/wp\/v2\/product"}],"about":[{"href":"https:\/\/shopatoa.com\/ro\/wp-json\/wp\/v2\/types\/product"}],"replies":[{"embeddable":true,"href":"https:\/\/shopatoa.com\/ro\/wp-json\/wp\/v2\/comments?post=260520"}],"wp:featuredmedia":[{"embeddable":true,"href":"https:\/\/shopatoa.com\/ro\/wp-json\/wp\/v2\/media\/337005"}],"wp:attachment":[{"href":"https:\/\/shopatoa.com\/ro\/wp-json\/wp\/v2\/media?parent=260520"}],"wp:term":[{"taxonomy":"product_brand","embeddable":true,"href":"https:\/\/shopatoa.com\/ro\/wp-json\/wp\/v2\/product_brand?post=260520"},{"taxonomy":"product_cat","embeddable":true,"href":"https:\/\/shopatoa.com\/ro\/wp-json\/wp\/v2\/product_cat?post=260520"},{"taxonomy":"product_tag","embeddable":true,"href":"https:\/\/shopatoa.com\/ro\/wp-json\/wp\/v2\/product_tag?post=260520"}],"curies":[{"name":"wp","href":"https:\/\/api.w.org\/{rel}","templated":true}]}}