{"id":260539,"date":"2025-04-27T04:56:47","date_gmt":"2025-04-27T02:56:47","guid":{"rendered":"https:\/\/shopatoa.com\/ro\/beautyrelax-dispozitiv-estetic-beautyrelax-celluform-optimal\/"},"modified":"2025-12-13T04:54:25","modified_gmt":"2025-12-13T03:54:25","slug":"beautyrelax-dispozitiv-estetic-beautyrelax-celluform-optimal","status":"publish","type":"product","link":"https:\/\/shopatoa.com\/ro\/beautyrelax-dispozitiv-estetic-beautyrelax-celluform-optimal\/","title":{"rendered":"BeautyRelax Dispozitiv estetic BeautyRelax Celluform Optimal"},"content":{"rendered":"<p>BeautyRelax Celluform Optimal este un dispozitiv estetic de nou\u0103 genera\u021bie. Este solu\u021bia optim\u0103 pentru fa\u021b\u0103 \u0219i corp. Construc\u021bia \u0219i tehnologiile utilizate se bazeaz\u0103 pe instrumentarea studiilor estetice profesionale. Dispozitivul ofer\u0103 dou\u0103 moduri principale de tratament &#8211; FACE (fa\u021ba) \u0219i BODY (corp). \u00cen modul FACE, v\u0103 pute\u021bi concentra pe cre\u0219terea elasticit\u0103\u021bii pielii. \u00cen modul BODY, efectua\u021bi formarea \u021bintit\u0103 a zonelor problematice, cum ar fi bra\u021bele, abdomenul, fesele sau coapsele. BeautyRelax Celluform Optimal ofer\u0103 4 tehnologii avansate: ultrasunete, frecven\u021b\u0103 radio, EMS \u0219i lumin\u0103 fotonic\u0103. Posibilitatea de a seta performan\u021ba pentru nevoile individuale ale fiec\u0103rui utilizator. Nu mai trebuie s\u0103 face\u021bi compromisuri cu privire la achizi\u021bionarea unui dispozitiv de \u00eengrijire a fe\u021bei sau a corpului. Cu BeautyRelax Celluform Optimal pl\u0103ti\u021bi doar pentru un singur dispozitiv! BeautyRelax Celluform Optimal aduce progrese tehnologice reale P\u00e2n\u0103 \u00een prezent, dispozitivele estetice au fost strict destinate utiliz\u0103rii exclusiv pe fa\u021b\u0103 sau exclusiv pe corp. Exist\u0103 un motiv pentru asta. De\u0219i acestea sunt aceea\u0219i tehnologie, diferen\u021ba const\u0103 \u00een valorile de dozare, cum ar fi puterea, frecven\u021ba, intensitatea. Ave\u021bi nevoie de set\u0103ri diferite ale tuturor parametrilor pentru fa\u021b\u0103 \u0219i corp. Dac\u0103 dispozitivul cu ultrasunete este destinat tratamentului corporal, acesta nu poate fi utilizat pe fa\u021b\u0103. Puterea cu ultrasunete este prea puternic\u0103 pentru aplicarea pe fa\u021b\u0103. BeautyRelax Celluform Optimal ofer\u0103 o solu\u021bie eficient\u0103! Parametrii tuturor tehnologiilor sunt optimiza\u021bi cu precizie. Cu toate acestea, \u00een modurile FACE \u0219i BODY, pute\u021bi regla \u00een continuare intensitatea tratamentului exact \u00een func\u021bie de nevoile dumneavoastr\u0103. Dispozitivul este astfel suficient de delicat pentru a sus\u021bine cre\u0219terea elasticit\u0103\u021bii pielii la nivelul fe\u021bei, dar suficient de puternic pentru a stimula \u021besutul adipos, de exemplu \u00een abdomen. BeautyRelax Celluform Optimal este viitorul cu care \u00ee\u021bi po\u021bi r\u0103sf\u0103\u021ba corpul deja ast\u0103zi! Principalele avantaje ale dispozitivului BeautyRelax Celluform Optimal: Posibilitatea de a utiliza dispozitivul pe fa\u021b\u0103 \u0219i pe corp. 4 tehnologii moderne utilizate \u00een mod obi\u0219nuit \u00een saloanele de estetic\u0103. Rezultate mai bune realizabile \u00een compara\u021bie cu dispozitivele de natur\u0103 similar\u0103. Metod\u0103 neinvaziv\u0103 de tratament. Nu provoac\u0103 niciun disconfort. Nedureros \u0219i complet sigur de utilizat. Economisire de timp: 1 procedur\u0103 dureaz\u0103 15 minute. F\u0103r\u0103 efecte secundare. Principalele tehnologii ale dispozitivului: 1. Undele cu ultrasunet. 2. Frecven\u021b\u0103 radio. 3. Terapia cu fotoni (lumin\u0103 ro\u0219ie \u0219i albastr\u0103). 4. Impulsuri electrice EMS. Undele cu ultrasunete Capul genereaz\u0103 unde ultrasonice de \u00eenalt\u0103 frecven\u021b\u0103 care p\u0103trund \u00een \u021besutul subcutanat la o frecven\u021b\u0103 de 1MHz. \u021aesuturile absorb apoi energia astfel generat\u0103. Integritatea celulei este perturbat\u0103 \u0219i se elibereaz\u0103 gr\u0103simea. Gr\u0103simea eliberat\u0103 este descompus\u0103 \u00een glicerol \u0219i acizi gra\u0219i liberi. Glicerolul serve\u0219te ca surs\u0103 de energie, \u00een timp ce acizii gra\u0219i sunt transfera\u021bi la ficat, unde sunt prelucra\u021bi ca acizi gra\u0219i obi\u0219nui\u021bi din alimente \u0219i sunt elimina\u021bi din organism \u00een mod natural. Gr\u0103simea eliminat\u0103 nu se \u00eentoarce \u00een \u021besut. Cavita\u021bia cu ultrasunete este o metod\u0103 nedureroas\u0103, neinvaziv\u0103, delicat\u0103, eficient\u0103 \u0219i, cel mai important, permanent\u0103 pentru reducerea gr\u0103similor \u00een zonele cele mai problematice. Frecven\u021b\u0103 radio Frecven\u021ba radio &#8211; aplicatorul elibereaz\u0103 energie cu o putere \u0219i o frecven\u021b\u0103 foarte specifica atunci c\u00e2nd este aplicat\u0103 pe zona tratat\u0103. Undele de radiofrecven\u021ba sunt optimizate pentru a provoca un gradient termic, care influen\u021beaz\u0103 semnificativ procesele din stratul dermei. Energia livrat\u0103 activeaz\u0103 remodelarea fibrelor de colagen \u0219i elastin\u0103. Este posibil\u0103 concentrarea maxim\u0103 a energiei \u00een zonele cu un strat semnificativ de gr\u0103sime \u0219i de excita\u021bie ulterioar\u0103 a proceselor metabolice, are un efect semnificativ asupra netezirii foarte eficiente a pielii \u0219i contururilor deformate. Lumina ro\u0219ie stimuleaz\u0103 produc\u021bia natural\u0103 de colagen, cre\u0219te eficien\u021ba absorb\u021biei ingredientelor active ale produselor cosmetice. \u00eembun\u0103t\u0103\u021be\u0219te circula\u021bia s\u00e2ngelui \u00een \u021besutul subcutanat previne formarea de pigmen\u021bi Lumina albastr\u0103 \u2022 activeaz\u0103 porfirinele (declan\u0219eaz\u0103 o reac\u021bie chimic\u0103 care distruge bacteriile d\u0103un\u0103toare) \u2022 efect antibacterian \u0219i antiinflamator \u2022 previne acneea \u2022 tratament sigur \u0219i eficient Impulsuri electrice EMS Capul de aplica\u021bie multifunc\u021bional al BeautyRelax Celluform Optimal genereaz\u0103 impulsuri electrice u\u0219oare. Puterea \u0219i frecven\u021ba impulsurilor electrice sunt special adaptate pentru a permite tratamentul facial. Are loc contrac\u021bia muscular\u0103 \u0219i, prin urmare \u00eent\u0103rirea lor. Colagenul \u0219i fibrele elastice sunt stimulate mecanic. Pielea are aspect t\u00e2n\u0103r \u0219i iluminat. Tratament neinvaziv f\u0103r\u0103 nici un disconfort. Ce pute\u021bi a\u0219tepta: Stimularea intensiv\u0103 a stratului de derm pentru a sus\u021bine produc\u021bia natural\u0103 de colagen. Inducerea tensiunii musculare \u00een mu\u0219chii fe\u021bei pentru a le \u00eent\u0103ri. Concentrare vizat\u0103 asupra \u021besutului adipos din zona b\u0103rbiei. Rezultate realizabile \u0219i vizibile ale reducerii subcutanate a gr\u0103simii chiar \u0219i \u00een cazurile \u00een care gr\u0103simea cre\u0219te prin masa muscular\u0103 (\u00een special la b\u0103rba\u021bi sau la femei bazate pe sport). Stimularea activ\u0103 a \u021besutului adipos cu accent pe p\u0103r\u021bi ale corpului feminin \u0219i masculin. Formarea contururilor semnificative pe m\u00e2ini, picioare \u0219i corp. Piese care pot fi tratate cu dispozitivul: Fa\u021b\u0103 \u0219i b\u0103rbie (modul FACE). Antebra\u021b (modul BODY). Bra\u0163 (modul BODY). Burt\u0103 (modul BODY). Coapse (modul BODY). Fund (modul BODY). Gambe (modul BODY). Utilizarea cu sonogel de contact Utilizarea dispozitivului este \u00eentotdeauna asociat\u0103 cu un gel conductiv clar (nu este inclus). Pute\u021bi cump\u0103ra gelul de aplicare, a\u0219a-numitul SONOGEL, \u00een orice magazin de consumabile medicale (poate fi achizi\u021bionat \u0219i \u00eentr-o farmacie). Gelul este foarte important pentru utilizarea dispozitivului. Creeaz\u0103 stratul de leg\u0103tur\u0103 necesar \u00eentre aplicator \u0219i piele. Este fabricat pe baz\u0103 de ap\u0103. Nu poate deteriora capul aplicator, Utilizarea unui gel de aplicare este esen\u021bial\u0103. Pulsele cu ultrasunete, radiofrecven\u021b\u0103 \u0219i EMS cap\u0103t\u0103 o capacitate mai bun\u0103 de a se lega de piele. Nu utiliza\u021bi alte produse cosmetice.<\/p>\n","protected":false},"excerpt":{"rendered":"<p>BeautyRelax Celluform Optimal este un dispozitiv estetic de nou\u0103 genera\u021bie. Este solu\u021bia optim\u0103 pentru fa\u021b\u0103 \u0219i corp. Construc\u021bia \u0219i tehnologiile utilizate se bazeaz\u0103 pe instrumentarea studiilor estetice profesionale. Dispozitivul ofer\u0103 dou\u0103 moduri principale de tratament &#8211; FACE (fa\u021ba) \u0219i BODY (corp). \u00cen modul FACE, v\u0103 pute\u021bi concentra pe cre\u0219terea elasticit\u0103\u021bii pielii. \u00cen modul BODY, efectua\u021bi&#8230;<\/p>\n","protected":false},"featured_media":337026,"comment_status":"closed","ping_status":"open","template":"","meta":{"_acf_changed":false,"_kadence_starter_templates_imported_post":false,"_kad_post_transparent":"","_kad_post_title":"","_kad_post_layout":"","_kad_post_sidebar_id":"","_kad_post_content_style":"","_kad_post_vertical_padding":"","_kad_post_feature":"","_kad_post_feature_position":"","_kad_post_header":false,"_kad_post_footer":false,"_kad_post_classname":""},"product_brand":[235],"product_cat":[246,757,611],"product_tag":[],"class_list":{"0":"post-260539","1":"product","2":"type-product","3":"status-publish","4":"has-post-thumbnail","6":"product_brand-beautyrelax","7":"product_cat-cosmetice","8":"product_cat-dispozitive-cosmetice-corpul","9":"product_cat-produse-cosmetice-pentru-corp","11":"first","12":"instock","13":"product-type-external","14":"entry","15":"content-bg","16":"loop-entry"},"acf":[],"yoast_head":"<!-- This site is optimized with the Yoast SEO plugin v27.4 - https:\/\/yoast.com\/product\/yoast-seo-wordpress\/ -->\n<title>BeautyRelax Dispozitiv estetic BeautyRelax Celluform Optimal - SHOPATOA.COM<\/title>\n<meta name=\"robots\" content=\"index, follow, max-snippet:-1, max-image-preview:large, max-video-preview:-1\" \/>\n<link rel=\"canonical\" href=\"https:\/\/shopatoa.com\/ro\/beautyrelax-dispozitiv-estetic-beautyrelax-celluform-optimal\/\" \/>\n<meta property=\"og:locale\" content=\"ro_RO\" \/>\n<meta property=\"og:type\" content=\"article\" \/>\n<meta property=\"og:title\" content=\"BeautyRelax Dispozitiv estetic BeautyRelax Celluform Optimal - SHOPATOA.COM\" \/>\n<meta property=\"og:description\" content=\"BeautyRelax Celluform Optimal este un dispozitiv estetic de nou\u0103 genera\u021bie. Este solu\u021bia optim\u0103 pentru fa\u021b\u0103 \u0219i corp. Construc\u021bia \u0219i tehnologiile utilizate se bazeaz\u0103 pe instrumentarea studiilor estetice profesionale. Dispozitivul ofer\u0103 dou\u0103 moduri principale de tratament &#8211; FACE (fa\u021ba) \u0219i BODY (corp). \u00cen modul FACE, v\u0103 pute\u021bi concentra pe cre\u0219terea elasticit\u0103\u021bii pielii. \u00cen modul BODY, efectua\u021bi...\" \/>\n<meta property=\"og:url\" content=\"https:\/\/shopatoa.com\/ro\/beautyrelax-dispozitiv-estetic-beautyrelax-celluform-optimal\/\" \/>\n<meta property=\"og:site_name\" content=\"SHOPATOA\" \/>\n<meta property=\"article:modified_time\" content=\"2025-12-13T03:54:25+00:00\" \/>\n<meta property=\"og:image\" content=\"https:\/\/storage.googleapis.com\/cz-shopatoa-img\/ro\/f3ea2454-unnamed-file.webp\" \/>\n\t<meta property=\"og:image:width\" content=\"800\" \/>\n\t<meta property=\"og:image:height\" content=\"800\" \/>\n\t<meta property=\"og:image:type\" content=\"image\/webp\" \/>\n<meta name=\"twitter:card\" content=\"summary_large_image\" \/>\n<meta name=\"twitter:label1\" content=\"Timp estimat pentru citire\" \/>\n\t<meta name=\"twitter:data1\" content=\"5 minute\" \/>\n<script type=\"application\/ld+json\" class=\"yoast-schema-graph\">{\"@context\":\"https:\\\/\\\/schema.org\",\"@graph\":[{\"@type\":\"WebPage\",\"@id\":\"https:\\\/\\\/shopatoa.com\\\/ro\\\/beautyrelax-dispozitiv-estetic-beautyrelax-celluform-optimal\\\/\",\"url\":\"https:\\\/\\\/shopatoa.com\\\/ro\\\/beautyrelax-dispozitiv-estetic-beautyrelax-celluform-optimal\\\/\",\"name\":\"BeautyRelax Dispozitiv estetic BeautyRelax Celluform Optimal - SHOPATOA.COM\",\"isPartOf\":{\"@id\":\"https:\\\/\\\/shopatoa.com\\\/ro\\\/#website\"},\"primaryImageOfPage\":{\"@id\":\"https:\\\/\\\/shopatoa.com\\\/ro\\\/beautyrelax-dispozitiv-estetic-beautyrelax-celluform-optimal\\\/#primaryimage\"},\"image\":{\"@id\":\"https:\\\/\\\/shopatoa.com\\\/ro\\\/beautyrelax-dispozitiv-estetic-beautyrelax-celluform-optimal\\\/#primaryimage\"},\"thumbnailUrl\":\"https:\\\/\\\/storage.googleapis.com\\\/cz-shopatoa-img\\\/ro\\\/f3ea2454-unnamed-file.webp\",\"datePublished\":\"2025-04-27T02:56:47+00:00\",\"dateModified\":\"2025-12-13T03:54:25+00:00\",\"breadcrumb\":{\"@id\":\"https:\\\/\\\/shopatoa.com\\\/ro\\\/beautyrelax-dispozitiv-estetic-beautyrelax-celluform-optimal\\\/#breadcrumb\"},\"inLanguage\":\"ro-RO\",\"potentialAction\":[{\"@type\":\"ReadAction\",\"target\":[\"https:\\\/\\\/shopatoa.com\\\/ro\\\/beautyrelax-dispozitiv-estetic-beautyrelax-celluform-optimal\\\/\"]}]},{\"@type\":\"ImageObject\",\"inLanguage\":\"ro-RO\",\"@id\":\"https:\\\/\\\/shopatoa.com\\\/ro\\\/beautyrelax-dispozitiv-estetic-beautyrelax-celluform-optimal\\\/#primaryimage\",\"url\":\"https:\\\/\\\/storage.googleapis.com\\\/cz-shopatoa-img\\\/ro\\\/f3ea2454-unnamed-file.webp\",\"contentUrl\":\"https:\\\/\\\/storage.googleapis.com\\\/cz-shopatoa-img\\\/ro\\\/f3ea2454-unnamed-file.webp\",\"width\":800,\"height\":800},{\"@type\":\"BreadcrumbList\",\"@id\":\"https:\\\/\\\/shopatoa.com\\\/ro\\\/beautyrelax-dispozitiv-estetic-beautyrelax-celluform-optimal\\\/#breadcrumb\",\"itemListElement\":[{\"@type\":\"ListItem\",\"position\":1,\"name\":\"Dom\u016f\",\"item\":\"https:\\\/\\\/shopatoa.com\\\/ro\\\/\"},{\"@type\":\"ListItem\",\"position\":2,\"name\":\"Shop\",\"item\":\"https:\\\/\\\/shopatoa.com\\\/ro\\\/shop\\\/\"},{\"@type\":\"ListItem\",\"position\":3,\"name\":\"Cosmetice\",\"item\":\"https:\\\/\\\/shopatoa.com\\\/ro\\\/cosmetice\\\/\"},{\"@type\":\"ListItem\",\"position\":4,\"name\":\"Produse cosmetice pentru corp\",\"item\":\"https:\\\/\\\/shopatoa.com\\\/ro\\\/produse-cosmetice-pentru-corp\\\/\"},{\"@type\":\"ListItem\",\"position\":5,\"name\":\"Dispozitive cosmetice corpul\",\"item\":\"https:\\\/\\\/shopatoa.com\\\/ro\\\/dispozitive-cosmetice-corpul\\\/\"},{\"@type\":\"ListItem\",\"position\":6,\"name\":\"BeautyRelax Dispozitiv estetic BeautyRelax Celluform Optimal\"}]},{\"@type\":\"WebSite\",\"@id\":\"https:\\\/\\\/shopatoa.com\\\/ro\\\/#website\",\"url\":\"https:\\\/\\\/shopatoa.com\\\/ro\\\/\",\"name\":\"SHOPATOA\",\"description\":\"\",\"publisher\":{\"@id\":\"https:\\\/\\\/shopatoa.com\\\/ro\\\/#organization\"},\"potentialAction\":[{\"@type\":\"SearchAction\",\"target\":{\"@type\":\"EntryPoint\",\"urlTemplate\":\"https:\\\/\\\/shopatoa.com\\\/ro\\\/?s={search_term_string}\"},\"query-input\":{\"@type\":\"PropertyValueSpecification\",\"valueRequired\":true,\"valueName\":\"search_term_string\"}}],\"inLanguage\":\"ro-RO\"},{\"@type\":\"Organization\",\"@id\":\"https:\\\/\\\/shopatoa.com\\\/ro\\\/#organization\",\"name\":\"SHOPATOA\",\"url\":\"https:\\\/\\\/shopatoa.com\\\/ro\\\/\",\"logo\":{\"@type\":\"ImageObject\",\"inLanguage\":\"ro-RO\",\"@id\":\"https:\\\/\\\/shopatoa.com\\\/ro\\\/#\\\/schema\\\/logo\\\/image\\\/\",\"url\":\"https:\\\/\\\/storage.googleapis.com\\\/cz-shopatoa-img\\\/ro\\\/b4dac915-shopatoa_logo.png\",\"contentUrl\":\"https:\\\/\\\/storage.googleapis.com\\\/cz-shopatoa-img\\\/ro\\\/b4dac915-shopatoa_logo.png\",\"width\":416,\"height\":63,\"caption\":\"SHOPATOA\"},\"image\":{\"@id\":\"https:\\\/\\\/shopatoa.com\\\/ro\\\/#\\\/schema\\\/logo\\\/image\\\/\"}}]}<\/script>\n<!-- \/ Yoast SEO plugin. -->","yoast_head_json":{"title":"BeautyRelax Dispozitiv estetic BeautyRelax Celluform Optimal - SHOPATOA.COM","robots":{"index":"index","follow":"follow","max-snippet":"max-snippet:-1","max-image-preview":"max-image-preview:large","max-video-preview":"max-video-preview:-1"},"canonical":"https:\/\/shopatoa.com\/ro\/beautyrelax-dispozitiv-estetic-beautyrelax-celluform-optimal\/","og_locale":"ro_RO","og_type":"article","og_title":"BeautyRelax Dispozitiv estetic BeautyRelax Celluform Optimal - SHOPATOA.COM","og_description":"BeautyRelax Celluform Optimal este un dispozitiv estetic de nou\u0103 genera\u021bie. Este solu\u021bia optim\u0103 pentru fa\u021b\u0103 \u0219i corp. Construc\u021bia \u0219i tehnologiile utilizate se bazeaz\u0103 pe instrumentarea studiilor estetice profesionale. Dispozitivul ofer\u0103 dou\u0103 moduri principale de tratament &#8211; FACE (fa\u021ba) \u0219i BODY (corp). \u00cen modul FACE, v\u0103 pute\u021bi concentra pe cre\u0219terea elasticit\u0103\u021bii pielii. \u00cen modul BODY, efectua\u021bi...","og_url":"https:\/\/shopatoa.com\/ro\/beautyrelax-dispozitiv-estetic-beautyrelax-celluform-optimal\/","og_site_name":"SHOPATOA","article_modified_time":"2025-12-13T03:54:25+00:00","og_image":[{"width":800,"height":800,"url":"https:\/\/storage.googleapis.com\/cz-shopatoa-img\/ro\/f3ea2454-unnamed-file.webp","type":"image\/webp"}],"twitter_card":"summary_large_image","twitter_misc":{"Timp estimat pentru citire":"5 minute"},"schema":{"@context":"https:\/\/schema.org","@graph":[{"@type":"WebPage","@id":"https:\/\/shopatoa.com\/ro\/beautyrelax-dispozitiv-estetic-beautyrelax-celluform-optimal\/","url":"https:\/\/shopatoa.com\/ro\/beautyrelax-dispozitiv-estetic-beautyrelax-celluform-optimal\/","name":"BeautyRelax Dispozitiv estetic BeautyRelax Celluform Optimal - SHOPATOA.COM","isPartOf":{"@id":"https:\/\/shopatoa.com\/ro\/#website"},"primaryImageOfPage":{"@id":"https:\/\/shopatoa.com\/ro\/beautyrelax-dispozitiv-estetic-beautyrelax-celluform-optimal\/#primaryimage"},"image":{"@id":"https:\/\/shopatoa.com\/ro\/beautyrelax-dispozitiv-estetic-beautyrelax-celluform-optimal\/#primaryimage"},"thumbnailUrl":"https:\/\/storage.googleapis.com\/cz-shopatoa-img\/ro\/f3ea2454-unnamed-file.webp","datePublished":"2025-04-27T02:56:47+00:00","dateModified":"2025-12-13T03:54:25+00:00","breadcrumb":{"@id":"https:\/\/shopatoa.com\/ro\/beautyrelax-dispozitiv-estetic-beautyrelax-celluform-optimal\/#breadcrumb"},"inLanguage":"ro-RO","potentialAction":[{"@type":"ReadAction","target":["https:\/\/shopatoa.com\/ro\/beautyrelax-dispozitiv-estetic-beautyrelax-celluform-optimal\/"]}]},{"@type":"ImageObject","inLanguage":"ro-RO","@id":"https:\/\/shopatoa.com\/ro\/beautyrelax-dispozitiv-estetic-beautyrelax-celluform-optimal\/#primaryimage","url":"https:\/\/storage.googleapis.com\/cz-shopatoa-img\/ro\/f3ea2454-unnamed-file.webp","contentUrl":"https:\/\/storage.googleapis.com\/cz-shopatoa-img\/ro\/f3ea2454-unnamed-file.webp","width":800,"height":800},{"@type":"BreadcrumbList","@id":"https:\/\/shopatoa.com\/ro\/beautyrelax-dispozitiv-estetic-beautyrelax-celluform-optimal\/#breadcrumb","itemListElement":[{"@type":"ListItem","position":1,"name":"Dom\u016f","item":"https:\/\/shopatoa.com\/ro\/"},{"@type":"ListItem","position":2,"name":"Shop","item":"https:\/\/shopatoa.com\/ro\/shop\/"},{"@type":"ListItem","position":3,"name":"Cosmetice","item":"https:\/\/shopatoa.com\/ro\/cosmetice\/"},{"@type":"ListItem","position":4,"name":"Produse cosmetice pentru corp","item":"https:\/\/shopatoa.com\/ro\/produse-cosmetice-pentru-corp\/"},{"@type":"ListItem","position":5,"name":"Dispozitive cosmetice corpul","item":"https:\/\/shopatoa.com\/ro\/dispozitive-cosmetice-corpul\/"},{"@type":"ListItem","position":6,"name":"BeautyRelax Dispozitiv estetic BeautyRelax Celluform Optimal"}]},{"@type":"WebSite","@id":"https:\/\/shopatoa.com\/ro\/#website","url":"https:\/\/shopatoa.com\/ro\/","name":"SHOPATOA","description":"","publisher":{"@id":"https:\/\/shopatoa.com\/ro\/#organization"},"potentialAction":[{"@type":"SearchAction","target":{"@type":"EntryPoint","urlTemplate":"https:\/\/shopatoa.com\/ro\/?s={search_term_string}"},"query-input":{"@type":"PropertyValueSpecification","valueRequired":true,"valueName":"search_term_string"}}],"inLanguage":"ro-RO"},{"@type":"Organization","@id":"https:\/\/shopatoa.com\/ro\/#organization","name":"SHOPATOA","url":"https:\/\/shopatoa.com\/ro\/","logo":{"@type":"ImageObject","inLanguage":"ro-RO","@id":"https:\/\/shopatoa.com\/ro\/#\/schema\/logo\/image\/","url":"https:\/\/storage.googleapis.com\/cz-shopatoa-img\/ro\/b4dac915-shopatoa_logo.png","contentUrl":"https:\/\/storage.googleapis.com\/cz-shopatoa-img\/ro\/b4dac915-shopatoa_logo.png","width":416,"height":63,"caption":"SHOPATOA"},"image":{"@id":"https:\/\/shopatoa.com\/ro\/#\/schema\/logo\/image\/"}}]}},"_links":{"self":[{"href":"https:\/\/shopatoa.com\/ro\/wp-json\/wp\/v2\/product\/260539","targetHints":{"allow":["GET"]}}],"collection":[{"href":"https:\/\/shopatoa.com\/ro\/wp-json\/wp\/v2\/product"}],"about":[{"href":"https:\/\/shopatoa.com\/ro\/wp-json\/wp\/v2\/types\/product"}],"replies":[{"embeddable":true,"href":"https:\/\/shopatoa.com\/ro\/wp-json\/wp\/v2\/comments?post=260539"}],"wp:featuredmedia":[{"embeddable":true,"href":"https:\/\/shopatoa.com\/ro\/wp-json\/wp\/v2\/media\/337026"}],"wp:attachment":[{"href":"https:\/\/shopatoa.com\/ro\/wp-json\/wp\/v2\/media?parent=260539"}],"wp:term":[{"taxonomy":"product_brand","embeddable":true,"href":"https:\/\/shopatoa.com\/ro\/wp-json\/wp\/v2\/product_brand?post=260539"},{"taxonomy":"product_cat","embeddable":true,"href":"https:\/\/shopatoa.com\/ro\/wp-json\/wp\/v2\/product_cat?post=260539"},{"taxonomy":"product_tag","embeddable":true,"href":"https:\/\/shopatoa.com\/ro\/wp-json\/wp\/v2\/product_tag?post=260539"}],"curies":[{"name":"wp","href":"https:\/\/api.w.org\/{rel}","templated":true}]}}