{"id":260560,"date":"2025-04-27T05:05:56","date_gmt":"2025-04-27T03:05:56","guid":{"rendered":"https:\/\/shopatoa.com\/ro\/rene-furterer-ser-de-protectie-pentru-scalpul-sensibil-astera-sensitive-pollution-protection-serum-75-ml\/"},"modified":"2025-12-13T04:45:02","modified_gmt":"2025-12-13T03:45:02","slug":"rene-furterer-ser-de-protectie-pentru-scalpul-sensibil-astera-sensitive-pollution-protection-serum-75-ml","status":"publish","type":"product","link":"https:\/\/shopatoa.com\/ro\/rene-furterer-ser-de-protectie-pentru-scalpul-sensibil-astera-sensitive-pollution-protection-serum-75-ml\/","title":{"rendered":"Ren\u00e9 Furterer Ser de protec\u021bie pentru scalpul sensibil Astera Sensitive (Pollution Protection Serum) 75 ml"},"content":{"rendered":"<p>Serul protector Astera Sensitive ofer\u0103 protec\u021bie pe termen lung pentru scalpul sensibil. Datorit\u0103 unei combina\u021bii exclusive de extracte naturale, acest ser ac\u021bioneaz\u0103 ca un scut invizibil, care protejeaz\u0103 pielea capului de efectele polu\u0103rii urbane. Ofer\u0103 volum instantaneu. Testat pe piele sensibil\u0103 sub control dermatologic \u0219i oftalmologic. Potrivit pentru copii cu v\u00e2rsta de la 3 ani.<\/p>\n","protected":false},"excerpt":{"rendered":"<p>Serul protector Astera Sensitive ofer\u0103 protec\u021bie pe termen lung pentru scalpul sensibil. Datorit\u0103 unei combina\u021bii exclusive de extracte naturale, acest ser ac\u021bioneaz\u0103 ca un scut invizibil, care protejeaz\u0103 pielea capului de efectele polu\u0103rii urbane. Ofer\u0103 volum instantaneu. Testat pe piele sensibil\u0103 sub control dermatologic \u0219i oftalmologic. Potrivit pentru copii cu v\u00e2rsta de la 3 ani.<\/p>\n","protected":false},"featured_media":337047,"comment_status":"closed","ping_status":"open","template":"","meta":{"_acf_changed":false,"_kadence_starter_templates_imported_post":false,"_kad_post_transparent":"","_kad_post_title":"","_kad_post_layout":"","_kad_post_sidebar_id":"","_kad_post_content_style":"","_kad_post_vertical_padding":"","_kad_post_feature":"","_kad_post_feature_position":"","_kad_post_header":false,"_kad_post_footer":false,"_kad_post_classname":""},"product_brand":[926],"product_cat":[680,246,623],"product_tag":[],"class_list":{"0":"post-260560","1":"product","2":"type-product","3":"status-publish","4":"has-post-thumbnail","6":"product_brand-rene-furterer","7":"product_cat-cosmetica-pentru-regenerarea-parului","8":"product_cat-cosmetice","9":"product_cat-produse-cosmetice-pentru-par","11":"first","12":"instock","13":"sale","14":"product-type-external","15":"entry","16":"content-bg","17":"loop-entry"},"acf":[],"yoast_head":"<!-- This site is optimized with the Yoast SEO plugin v27.4 - https:\/\/yoast.com\/product\/yoast-seo-wordpress\/ -->\n<title>Ren\u00e9 Furterer Ser de protec\u021bie pentru scalpul sensibil Astera Sensitive (Pollution Protection Serum) 75 ml - SHOPATOA.COM<\/title>\n<meta name=\"robots\" content=\"index, follow, max-snippet:-1, max-image-preview:large, max-video-preview:-1\" \/>\n<link rel=\"canonical\" href=\"https:\/\/shopatoa.com\/ro\/rene-furterer-ser-de-protectie-pentru-scalpul-sensibil-astera-sensitive-pollution-protection-serum-75-ml\/\" \/>\n<meta property=\"og:locale\" content=\"ro_RO\" \/>\n<meta property=\"og:type\" content=\"article\" \/>\n<meta property=\"og:title\" content=\"Ren\u00e9 Furterer Ser de protec\u021bie pentru scalpul sensibil Astera Sensitive (Pollution Protection Serum) 75 ml - SHOPATOA.COM\" \/>\n<meta property=\"og:description\" content=\"Serul protector Astera Sensitive ofer\u0103 protec\u021bie pe termen lung pentru scalpul sensibil. Datorit\u0103 unei combina\u021bii exclusive de extracte naturale, acest ser ac\u021bioneaz\u0103 ca un scut invizibil, care protejeaz\u0103 pielea capului de efectele polu\u0103rii urbane. Ofer\u0103 volum instantaneu. Testat pe piele sensibil\u0103 sub control dermatologic \u0219i oftalmologic. Potrivit pentru copii cu v\u00e2rsta de la 3 ani.\" \/>\n<meta property=\"og:url\" content=\"https:\/\/shopatoa.com\/ro\/rene-furterer-ser-de-protectie-pentru-scalpul-sensibil-astera-sensitive-pollution-protection-serum-75-ml\/\" \/>\n<meta property=\"og:site_name\" content=\"SHOPATOA\" \/>\n<meta property=\"article:modified_time\" content=\"2025-12-13T03:45:02+00:00\" \/>\n<meta property=\"og:image\" content=\"https:\/\/storage.googleapis.com\/cz-shopatoa-img\/ro\/9ffb8df4-unnamed-file.webp\" \/>\n\t<meta property=\"og:image:width\" content=\"800\" \/>\n\t<meta property=\"og:image:height\" content=\"800\" \/>\n\t<meta property=\"og:image:type\" content=\"image\/webp\" \/>\n<meta name=\"twitter:card\" content=\"summary_large_image\" \/>\n<script type=\"application\/ld+json\" class=\"yoast-schema-graph\">{\"@context\":\"https:\\\/\\\/schema.org\",\"@graph\":[{\"@type\":\"WebPage\",\"@id\":\"https:\\\/\\\/shopatoa.com\\\/ro\\\/rene-furterer-ser-de-protectie-pentru-scalpul-sensibil-astera-sensitive-pollution-protection-serum-75-ml\\\/\",\"url\":\"https:\\\/\\\/shopatoa.com\\\/ro\\\/rene-furterer-ser-de-protectie-pentru-scalpul-sensibil-astera-sensitive-pollution-protection-serum-75-ml\\\/\",\"name\":\"Ren\u00e9 Furterer Ser de protec\u021bie pentru scalpul sensibil Astera Sensitive (Pollution Protection Serum) 75 ml - SHOPATOA.COM\",\"isPartOf\":{\"@id\":\"https:\\\/\\\/shopatoa.com\\\/ro\\\/#website\"},\"primaryImageOfPage\":{\"@id\":\"https:\\\/\\\/shopatoa.com\\\/ro\\\/rene-furterer-ser-de-protectie-pentru-scalpul-sensibil-astera-sensitive-pollution-protection-serum-75-ml\\\/#primaryimage\"},\"image\":{\"@id\":\"https:\\\/\\\/shopatoa.com\\\/ro\\\/rene-furterer-ser-de-protectie-pentru-scalpul-sensibil-astera-sensitive-pollution-protection-serum-75-ml\\\/#primaryimage\"},\"thumbnailUrl\":\"https:\\\/\\\/storage.googleapis.com\\\/cz-shopatoa-img\\\/ro\\\/9ffb8df4-unnamed-file.webp\",\"datePublished\":\"2025-04-27T03:05:56+00:00\",\"dateModified\":\"2025-12-13T03:45:02+00:00\",\"breadcrumb\":{\"@id\":\"https:\\\/\\\/shopatoa.com\\\/ro\\\/rene-furterer-ser-de-protectie-pentru-scalpul-sensibil-astera-sensitive-pollution-protection-serum-75-ml\\\/#breadcrumb\"},\"inLanguage\":\"ro-RO\",\"potentialAction\":[{\"@type\":\"ReadAction\",\"target\":[\"https:\\\/\\\/shopatoa.com\\\/ro\\\/rene-furterer-ser-de-protectie-pentru-scalpul-sensibil-astera-sensitive-pollution-protection-serum-75-ml\\\/\"]}]},{\"@type\":\"ImageObject\",\"inLanguage\":\"ro-RO\",\"@id\":\"https:\\\/\\\/shopatoa.com\\\/ro\\\/rene-furterer-ser-de-protectie-pentru-scalpul-sensibil-astera-sensitive-pollution-protection-serum-75-ml\\\/#primaryimage\",\"url\":\"https:\\\/\\\/storage.googleapis.com\\\/cz-shopatoa-img\\\/ro\\\/9ffb8df4-unnamed-file.webp\",\"contentUrl\":\"https:\\\/\\\/storage.googleapis.com\\\/cz-shopatoa-img\\\/ro\\\/9ffb8df4-unnamed-file.webp\",\"width\":800,\"height\":800},{\"@type\":\"BreadcrumbList\",\"@id\":\"https:\\\/\\\/shopatoa.com\\\/ro\\\/rene-furterer-ser-de-protectie-pentru-scalpul-sensibil-astera-sensitive-pollution-protection-serum-75-ml\\\/#breadcrumb\",\"itemListElement\":[{\"@type\":\"ListItem\",\"position\":1,\"name\":\"Dom\u016f\",\"item\":\"https:\\\/\\\/shopatoa.com\\\/ro\\\/\"},{\"@type\":\"ListItem\",\"position\":2,\"name\":\"Shop\",\"item\":\"https:\\\/\\\/shopatoa.com\\\/ro\\\/shop\\\/\"},{\"@type\":\"ListItem\",\"position\":3,\"name\":\"Cosmetice\",\"item\":\"https:\\\/\\\/shopatoa.com\\\/ro\\\/cosmetice\\\/\"},{\"@type\":\"ListItem\",\"position\":4,\"name\":\"Produse cosmetice pentru p\u0103r\",\"item\":\"https:\\\/\\\/shopatoa.com\\\/ro\\\/produse-cosmetice-pentru-par\\\/\"},{\"@type\":\"ListItem\",\"position\":5,\"name\":\"Cosmetica pentru regenerarea parului\",\"item\":\"https:\\\/\\\/shopatoa.com\\\/ro\\\/cosmetica-pentru-regenerarea-parului\\\/\"},{\"@type\":\"ListItem\",\"position\":6,\"name\":\"Ren\u00e9 Furterer Ser de protec\u021bie pentru scalpul sensibil Astera Sensitive (Pollution Protection Serum) 75 ml\"}]},{\"@type\":\"WebSite\",\"@id\":\"https:\\\/\\\/shopatoa.com\\\/ro\\\/#website\",\"url\":\"https:\\\/\\\/shopatoa.com\\\/ro\\\/\",\"name\":\"SHOPATOA\",\"description\":\"\",\"publisher\":{\"@id\":\"https:\\\/\\\/shopatoa.com\\\/ro\\\/#organization\"},\"potentialAction\":[{\"@type\":\"SearchAction\",\"target\":{\"@type\":\"EntryPoint\",\"urlTemplate\":\"https:\\\/\\\/shopatoa.com\\\/ro\\\/?s={search_term_string}\"},\"query-input\":{\"@type\":\"PropertyValueSpecification\",\"valueRequired\":true,\"valueName\":\"search_term_string\"}}],\"inLanguage\":\"ro-RO\"},{\"@type\":\"Organization\",\"@id\":\"https:\\\/\\\/shopatoa.com\\\/ro\\\/#organization\",\"name\":\"SHOPATOA\",\"url\":\"https:\\\/\\\/shopatoa.com\\\/ro\\\/\",\"logo\":{\"@type\":\"ImageObject\",\"inLanguage\":\"ro-RO\",\"@id\":\"https:\\\/\\\/shopatoa.com\\\/ro\\\/#\\\/schema\\\/logo\\\/image\\\/\",\"url\":\"https:\\\/\\\/storage.googleapis.com\\\/cz-shopatoa-img\\\/ro\\\/b4dac915-shopatoa_logo.png\",\"contentUrl\":\"https:\\\/\\\/storage.googleapis.com\\\/cz-shopatoa-img\\\/ro\\\/b4dac915-shopatoa_logo.png\",\"width\":416,\"height\":63,\"caption\":\"SHOPATOA\"},\"image\":{\"@id\":\"https:\\\/\\\/shopatoa.com\\\/ro\\\/#\\\/schema\\\/logo\\\/image\\\/\"}}]}<\/script>\n<!-- \/ Yoast SEO plugin. -->","yoast_head_json":{"title":"Ren\u00e9 Furterer Ser de protec\u021bie pentru scalpul sensibil Astera Sensitive (Pollution Protection Serum) 75 ml - SHOPATOA.COM","robots":{"index":"index","follow":"follow","max-snippet":"max-snippet:-1","max-image-preview":"max-image-preview:large","max-video-preview":"max-video-preview:-1"},"canonical":"https:\/\/shopatoa.com\/ro\/rene-furterer-ser-de-protectie-pentru-scalpul-sensibil-astera-sensitive-pollution-protection-serum-75-ml\/","og_locale":"ro_RO","og_type":"article","og_title":"Ren\u00e9 Furterer Ser de protec\u021bie pentru scalpul sensibil Astera Sensitive (Pollution Protection Serum) 75 ml - SHOPATOA.COM","og_description":"Serul protector Astera Sensitive ofer\u0103 protec\u021bie pe termen lung pentru scalpul sensibil. Datorit\u0103 unei combina\u021bii exclusive de extracte naturale, acest ser ac\u021bioneaz\u0103 ca un scut invizibil, care protejeaz\u0103 pielea capului de efectele polu\u0103rii urbane. Ofer\u0103 volum instantaneu. Testat pe piele sensibil\u0103 sub control dermatologic \u0219i oftalmologic. Potrivit pentru copii cu v\u00e2rsta de la 3 ani.","og_url":"https:\/\/shopatoa.com\/ro\/rene-furterer-ser-de-protectie-pentru-scalpul-sensibil-astera-sensitive-pollution-protection-serum-75-ml\/","og_site_name":"SHOPATOA","article_modified_time":"2025-12-13T03:45:02+00:00","og_image":[{"width":800,"height":800,"url":"https:\/\/storage.googleapis.com\/cz-shopatoa-img\/ro\/9ffb8df4-unnamed-file.webp","type":"image\/webp"}],"twitter_card":"summary_large_image","schema":{"@context":"https:\/\/schema.org","@graph":[{"@type":"WebPage","@id":"https:\/\/shopatoa.com\/ro\/rene-furterer-ser-de-protectie-pentru-scalpul-sensibil-astera-sensitive-pollution-protection-serum-75-ml\/","url":"https:\/\/shopatoa.com\/ro\/rene-furterer-ser-de-protectie-pentru-scalpul-sensibil-astera-sensitive-pollution-protection-serum-75-ml\/","name":"Ren\u00e9 Furterer Ser de protec\u021bie pentru scalpul sensibil Astera Sensitive (Pollution Protection Serum) 75 ml - SHOPATOA.COM","isPartOf":{"@id":"https:\/\/shopatoa.com\/ro\/#website"},"primaryImageOfPage":{"@id":"https:\/\/shopatoa.com\/ro\/rene-furterer-ser-de-protectie-pentru-scalpul-sensibil-astera-sensitive-pollution-protection-serum-75-ml\/#primaryimage"},"image":{"@id":"https:\/\/shopatoa.com\/ro\/rene-furterer-ser-de-protectie-pentru-scalpul-sensibil-astera-sensitive-pollution-protection-serum-75-ml\/#primaryimage"},"thumbnailUrl":"https:\/\/storage.googleapis.com\/cz-shopatoa-img\/ro\/9ffb8df4-unnamed-file.webp","datePublished":"2025-04-27T03:05:56+00:00","dateModified":"2025-12-13T03:45:02+00:00","breadcrumb":{"@id":"https:\/\/shopatoa.com\/ro\/rene-furterer-ser-de-protectie-pentru-scalpul-sensibil-astera-sensitive-pollution-protection-serum-75-ml\/#breadcrumb"},"inLanguage":"ro-RO","potentialAction":[{"@type":"ReadAction","target":["https:\/\/shopatoa.com\/ro\/rene-furterer-ser-de-protectie-pentru-scalpul-sensibil-astera-sensitive-pollution-protection-serum-75-ml\/"]}]},{"@type":"ImageObject","inLanguage":"ro-RO","@id":"https:\/\/shopatoa.com\/ro\/rene-furterer-ser-de-protectie-pentru-scalpul-sensibil-astera-sensitive-pollution-protection-serum-75-ml\/#primaryimage","url":"https:\/\/storage.googleapis.com\/cz-shopatoa-img\/ro\/9ffb8df4-unnamed-file.webp","contentUrl":"https:\/\/storage.googleapis.com\/cz-shopatoa-img\/ro\/9ffb8df4-unnamed-file.webp","width":800,"height":800},{"@type":"BreadcrumbList","@id":"https:\/\/shopatoa.com\/ro\/rene-furterer-ser-de-protectie-pentru-scalpul-sensibil-astera-sensitive-pollution-protection-serum-75-ml\/#breadcrumb","itemListElement":[{"@type":"ListItem","position":1,"name":"Dom\u016f","item":"https:\/\/shopatoa.com\/ro\/"},{"@type":"ListItem","position":2,"name":"Shop","item":"https:\/\/shopatoa.com\/ro\/shop\/"},{"@type":"ListItem","position":3,"name":"Cosmetice","item":"https:\/\/shopatoa.com\/ro\/cosmetice\/"},{"@type":"ListItem","position":4,"name":"Produse cosmetice pentru p\u0103r","item":"https:\/\/shopatoa.com\/ro\/produse-cosmetice-pentru-par\/"},{"@type":"ListItem","position":5,"name":"Cosmetica pentru regenerarea parului","item":"https:\/\/shopatoa.com\/ro\/cosmetica-pentru-regenerarea-parului\/"},{"@type":"ListItem","position":6,"name":"Ren\u00e9 Furterer Ser de protec\u021bie pentru scalpul sensibil Astera Sensitive (Pollution Protection Serum) 75 ml"}]},{"@type":"WebSite","@id":"https:\/\/shopatoa.com\/ro\/#website","url":"https:\/\/shopatoa.com\/ro\/","name":"SHOPATOA","description":"","publisher":{"@id":"https:\/\/shopatoa.com\/ro\/#organization"},"potentialAction":[{"@type":"SearchAction","target":{"@type":"EntryPoint","urlTemplate":"https:\/\/shopatoa.com\/ro\/?s={search_term_string}"},"query-input":{"@type":"PropertyValueSpecification","valueRequired":true,"valueName":"search_term_string"}}],"inLanguage":"ro-RO"},{"@type":"Organization","@id":"https:\/\/shopatoa.com\/ro\/#organization","name":"SHOPATOA","url":"https:\/\/shopatoa.com\/ro\/","logo":{"@type":"ImageObject","inLanguage":"ro-RO","@id":"https:\/\/shopatoa.com\/ro\/#\/schema\/logo\/image\/","url":"https:\/\/storage.googleapis.com\/cz-shopatoa-img\/ro\/b4dac915-shopatoa_logo.png","contentUrl":"https:\/\/storage.googleapis.com\/cz-shopatoa-img\/ro\/b4dac915-shopatoa_logo.png","width":416,"height":63,"caption":"SHOPATOA"},"image":{"@id":"https:\/\/shopatoa.com\/ro\/#\/schema\/logo\/image\/"}}]}},"_links":{"self":[{"href":"https:\/\/shopatoa.com\/ro\/wp-json\/wp\/v2\/product\/260560","targetHints":{"allow":["GET"]}}],"collection":[{"href":"https:\/\/shopatoa.com\/ro\/wp-json\/wp\/v2\/product"}],"about":[{"href":"https:\/\/shopatoa.com\/ro\/wp-json\/wp\/v2\/types\/product"}],"replies":[{"embeddable":true,"href":"https:\/\/shopatoa.com\/ro\/wp-json\/wp\/v2\/comments?post=260560"}],"wp:featuredmedia":[{"embeddable":true,"href":"https:\/\/shopatoa.com\/ro\/wp-json\/wp\/v2\/media\/337047"}],"wp:attachment":[{"href":"https:\/\/shopatoa.com\/ro\/wp-json\/wp\/v2\/media?parent=260560"}],"wp:term":[{"taxonomy":"product_brand","embeddable":true,"href":"https:\/\/shopatoa.com\/ro\/wp-json\/wp\/v2\/product_brand?post=260560"},{"taxonomy":"product_cat","embeddable":true,"href":"https:\/\/shopatoa.com\/ro\/wp-json\/wp\/v2\/product_cat?post=260560"},{"taxonomy":"product_tag","embeddable":true,"href":"https:\/\/shopatoa.com\/ro\/wp-json\/wp\/v2\/product_tag?post=260560"}],"curies":[{"name":"wp","href":"https:\/\/api.w.org\/{rel}","templated":true}]}}