{"id":260621,"date":"2025-04-27T05:30:06","date_gmt":"2025-04-27T03:30:06","guid":{"rendered":"https:\/\/shopatoa.com\/ro\/loreal-paris-creion-de-ochi-pix-superliner-perfect-slim-1-g-04-navy\/"},"modified":"2025-12-13T04:14:30","modified_gmt":"2025-12-13T03:14:30","slug":"loreal-paris-creion-de-ochi-pix-superliner-perfect-slim-1-g-04-navy","status":"publish","type":"product","link":"https:\/\/shopatoa.com\/ro\/loreal-paris-creion-de-ochi-pix-superliner-perfect-slim-1-g-04-navy\/","title":{"rendered":"L&#8217;Or\u00e9al Paris Creion de ochi &#8211; pix Superliner Perfect Slim 1 g 04 Navy"},"content":{"rendered":"<p>Creionul de ochi iconic SuperLiner Perfect Slim de la L&#8217;Or\u00e9al Paris cu o nou\u0103 compozi\u021bie pentru linii \u0219i mai perfecte \u0219i o privire atr\u0103g\u0103toare care dureaz\u0103 p\u00e2n\u0103 la 24 de ore. Creionul de ochi Perfect Slim, pentru linii perfect precise \u00eentr-o singur\u0103 tu\u0219\u0103, v\u0103 garanteaz\u0103 un control maxim asupra aplica\u021biei datorit\u0103 benzii antiderapante \u0219i intensitate \u00een combina\u021bie cu o rezisten\u021b\u0103 lung\u0103 de p\u00e2n\u0103 la 24 de ore. Compozi\u021bie impermeabil\u0103, \u00eembog\u0103\u021bit\u0103 cu pigmen\u021bi ultra inten\u0219i.<\/p>\n","protected":false},"excerpt":{"rendered":"<p>Creionul de ochi iconic SuperLiner Perfect Slim de la L&#8217;Or\u00e9al Paris cu o nou\u0103 compozi\u021bie pentru linii \u0219i mai perfecte \u0219i o privire atr\u0103g\u0103toare care dureaz\u0103 p\u00e2n\u0103 la 24 de ore. Creionul de ochi Perfect Slim, pentru linii perfect precise \u00eentr-o singur\u0103 tu\u0219\u0103, v\u0103 garanteaz\u0103 un control maxim asupra aplica\u021biei datorit\u0103 benzii antiderapante \u0219i intensitate&#8230;<\/p>\n","protected":false},"featured_media":337108,"comment_status":"closed","ping_status":"open","template":"","meta":{"_acf_changed":false,"_kadence_starter_templates_imported_post":false,"_kad_post_transparent":"","_kad_post_title":"","_kad_post_layout":"","_kad_post_sidebar_id":"","_kad_post_content_style":"","_kad_post_vertical_padding":"","_kad_post_feature":"","_kad_post_feature_position":"","_kad_post_header":false,"_kad_post_footer":false,"_kad_post_classname":""},"product_brand":[384],"product_cat":[246,609,720,631],"product_tag":[],"class_list":{"0":"post-260621","1":"product","2":"type-product","3":"status-publish","4":"has-post-thumbnail","6":"product_brand-loreal-paris","7":"product_cat-cosmetice","8":"product_cat-cosmetice-decorative","9":"product_cat-eyeliner","10":"product_cat-machiaj-pentru-ochi","12":"first","13":"instock","14":"sale","15":"product-type-external","16":"entry","17":"content-bg","18":"loop-entry"},"acf":[],"yoast_head":"<!-- This site is optimized with the Yoast SEO plugin v27.3 - https:\/\/yoast.com\/product\/yoast-seo-wordpress\/ -->\n<title>L&#039;Or\u00e9al Paris Creion de ochi - pix Superliner Perfect Slim 1 g 04 Navy - SHOPATOA.COM<\/title>\n<meta name=\"robots\" content=\"index, follow, max-snippet:-1, max-image-preview:large, max-video-preview:-1\" \/>\n<link rel=\"canonical\" href=\"https:\/\/shopatoa.com\/ro\/loreal-paris-creion-de-ochi-pix-superliner-perfect-slim-1-g-04-navy\/\" \/>\n<meta property=\"og:locale\" content=\"ro_RO\" \/>\n<meta property=\"og:type\" content=\"article\" \/>\n<meta property=\"og:title\" content=\"L&#039;Or\u00e9al Paris Creion de ochi - pix Superliner Perfect Slim 1 g 04 Navy - SHOPATOA.COM\" \/>\n<meta property=\"og:description\" content=\"Creionul de ochi iconic SuperLiner Perfect Slim de la L&#8217;Or\u00e9al Paris cu o nou\u0103 compozi\u021bie pentru linii \u0219i mai perfecte \u0219i o privire atr\u0103g\u0103toare care dureaz\u0103 p\u00e2n\u0103 la 24 de ore. Creionul de ochi Perfect Slim, pentru linii perfect precise \u00eentr-o singur\u0103 tu\u0219\u0103, v\u0103 garanteaz\u0103 un control maxim asupra aplica\u021biei datorit\u0103 benzii antiderapante \u0219i intensitate...\" \/>\n<meta property=\"og:url\" content=\"https:\/\/shopatoa.com\/ro\/loreal-paris-creion-de-ochi-pix-superliner-perfect-slim-1-g-04-navy\/\" \/>\n<meta property=\"og:site_name\" content=\"SHOPATOA\" \/>\n<meta property=\"article:modified_time\" content=\"2025-12-13T03:14:30+00:00\" \/>\n<meta property=\"og:image\" content=\"https:\/\/storage.googleapis.com\/cz-shopatoa-img\/ro\/fcad6ec1-unnamed-file.webp\" \/>\n\t<meta property=\"og:image:width\" content=\"800\" \/>\n\t<meta property=\"og:image:height\" content=\"800\" \/>\n\t<meta property=\"og:image:type\" content=\"image\/webp\" \/>\n<meta name=\"twitter:card\" content=\"summary_large_image\" \/>\n<script type=\"application\/ld+json\" class=\"yoast-schema-graph\">{\"@context\":\"https:\\\/\\\/schema.org\",\"@graph\":[{\"@type\":\"WebPage\",\"@id\":\"https:\\\/\\\/shopatoa.com\\\/ro\\\/loreal-paris-creion-de-ochi-pix-superliner-perfect-slim-1-g-04-navy\\\/\",\"url\":\"https:\\\/\\\/shopatoa.com\\\/ro\\\/loreal-paris-creion-de-ochi-pix-superliner-perfect-slim-1-g-04-navy\\\/\",\"name\":\"L'Or\u00e9al Paris Creion de ochi - pix Superliner Perfect Slim 1 g 04 Navy - SHOPATOA.COM\",\"isPartOf\":{\"@id\":\"https:\\\/\\\/shopatoa.com\\\/ro\\\/#website\"},\"primaryImageOfPage\":{\"@id\":\"https:\\\/\\\/shopatoa.com\\\/ro\\\/loreal-paris-creion-de-ochi-pix-superliner-perfect-slim-1-g-04-navy\\\/#primaryimage\"},\"image\":{\"@id\":\"https:\\\/\\\/shopatoa.com\\\/ro\\\/loreal-paris-creion-de-ochi-pix-superliner-perfect-slim-1-g-04-navy\\\/#primaryimage\"},\"thumbnailUrl\":\"https:\\\/\\\/storage.googleapis.com\\\/cz-shopatoa-img\\\/ro\\\/fcad6ec1-unnamed-file.webp\",\"datePublished\":\"2025-04-27T03:30:06+00:00\",\"dateModified\":\"2025-12-13T03:14:30+00:00\",\"breadcrumb\":{\"@id\":\"https:\\\/\\\/shopatoa.com\\\/ro\\\/loreal-paris-creion-de-ochi-pix-superliner-perfect-slim-1-g-04-navy\\\/#breadcrumb\"},\"inLanguage\":\"ro-RO\",\"potentialAction\":[{\"@type\":\"ReadAction\",\"target\":[\"https:\\\/\\\/shopatoa.com\\\/ro\\\/loreal-paris-creion-de-ochi-pix-superliner-perfect-slim-1-g-04-navy\\\/\"]}]},{\"@type\":\"ImageObject\",\"inLanguage\":\"ro-RO\",\"@id\":\"https:\\\/\\\/shopatoa.com\\\/ro\\\/loreal-paris-creion-de-ochi-pix-superliner-perfect-slim-1-g-04-navy\\\/#primaryimage\",\"url\":\"https:\\\/\\\/storage.googleapis.com\\\/cz-shopatoa-img\\\/ro\\\/fcad6ec1-unnamed-file.webp\",\"contentUrl\":\"https:\\\/\\\/storage.googleapis.com\\\/cz-shopatoa-img\\\/ro\\\/fcad6ec1-unnamed-file.webp\",\"width\":800,\"height\":800},{\"@type\":\"BreadcrumbList\",\"@id\":\"https:\\\/\\\/shopatoa.com\\\/ro\\\/loreal-paris-creion-de-ochi-pix-superliner-perfect-slim-1-g-04-navy\\\/#breadcrumb\",\"itemListElement\":[{\"@type\":\"ListItem\",\"position\":1,\"name\":\"Dom\u016f\",\"item\":\"https:\\\/\\\/shopatoa.com\\\/ro\\\/\"},{\"@type\":\"ListItem\",\"position\":2,\"name\":\"Shop\",\"item\":\"https:\\\/\\\/shopatoa.com\\\/ro\\\/shop\\\/\"},{\"@type\":\"ListItem\",\"position\":3,\"name\":\"Cosmetice\",\"item\":\"https:\\\/\\\/shopatoa.com\\\/ro\\\/cosmetice\\\/\"},{\"@type\":\"ListItem\",\"position\":4,\"name\":\"Cosmetice decorative\",\"item\":\"https:\\\/\\\/shopatoa.com\\\/ro\\\/cosmetice-decorative\\\/\"},{\"@type\":\"ListItem\",\"position\":5,\"name\":\"Machiaj pentru ochi\",\"item\":\"https:\\\/\\\/shopatoa.com\\\/ro\\\/machiaj-pentru-ochi\\\/\"},{\"@type\":\"ListItem\",\"position\":6,\"name\":\"Eyeliner\",\"item\":\"https:\\\/\\\/shopatoa.com\\\/ro\\\/eyeliner\\\/\"},{\"@type\":\"ListItem\",\"position\":7,\"name\":\"L&#8217;Or\u00e9al Paris Creion de ochi &#8211; pix Superliner Perfect Slim 1 g 04 Navy\"}]},{\"@type\":\"WebSite\",\"@id\":\"https:\\\/\\\/shopatoa.com\\\/ro\\\/#website\",\"url\":\"https:\\\/\\\/shopatoa.com\\\/ro\\\/\",\"name\":\"SHOPATOA\",\"description\":\"\",\"publisher\":{\"@id\":\"https:\\\/\\\/shopatoa.com\\\/ro\\\/#organization\"},\"potentialAction\":[{\"@type\":\"SearchAction\",\"target\":{\"@type\":\"EntryPoint\",\"urlTemplate\":\"https:\\\/\\\/shopatoa.com\\\/ro\\\/?s={search_term_string}\"},\"query-input\":{\"@type\":\"PropertyValueSpecification\",\"valueRequired\":true,\"valueName\":\"search_term_string\"}}],\"inLanguage\":\"ro-RO\"},{\"@type\":\"Organization\",\"@id\":\"https:\\\/\\\/shopatoa.com\\\/ro\\\/#organization\",\"name\":\"SHOPATOA\",\"url\":\"https:\\\/\\\/shopatoa.com\\\/ro\\\/\",\"logo\":{\"@type\":\"ImageObject\",\"inLanguage\":\"ro-RO\",\"@id\":\"https:\\\/\\\/shopatoa.com\\\/ro\\\/#\\\/schema\\\/logo\\\/image\\\/\",\"url\":\"https:\\\/\\\/storage.googleapis.com\\\/cz-shopatoa-img\\\/ro\\\/b4dac915-shopatoa_logo.png\",\"contentUrl\":\"https:\\\/\\\/storage.googleapis.com\\\/cz-shopatoa-img\\\/ro\\\/b4dac915-shopatoa_logo.png\",\"width\":416,\"height\":63,\"caption\":\"SHOPATOA\"},\"image\":{\"@id\":\"https:\\\/\\\/shopatoa.com\\\/ro\\\/#\\\/schema\\\/logo\\\/image\\\/\"}}]}<\/script>\n<!-- \/ Yoast SEO plugin. -->","yoast_head_json":{"title":"L'Or\u00e9al Paris Creion de ochi - pix Superliner Perfect Slim 1 g 04 Navy - SHOPATOA.COM","robots":{"index":"index","follow":"follow","max-snippet":"max-snippet:-1","max-image-preview":"max-image-preview:large","max-video-preview":"max-video-preview:-1"},"canonical":"https:\/\/shopatoa.com\/ro\/loreal-paris-creion-de-ochi-pix-superliner-perfect-slim-1-g-04-navy\/","og_locale":"ro_RO","og_type":"article","og_title":"L'Or\u00e9al Paris Creion de ochi - pix Superliner Perfect Slim 1 g 04 Navy - SHOPATOA.COM","og_description":"Creionul de ochi iconic SuperLiner Perfect Slim de la L&#8217;Or\u00e9al Paris cu o nou\u0103 compozi\u021bie pentru linii \u0219i mai perfecte \u0219i o privire atr\u0103g\u0103toare care dureaz\u0103 p\u00e2n\u0103 la 24 de ore. Creionul de ochi Perfect Slim, pentru linii perfect precise \u00eentr-o singur\u0103 tu\u0219\u0103, v\u0103 garanteaz\u0103 un control maxim asupra aplica\u021biei datorit\u0103 benzii antiderapante \u0219i intensitate...","og_url":"https:\/\/shopatoa.com\/ro\/loreal-paris-creion-de-ochi-pix-superliner-perfect-slim-1-g-04-navy\/","og_site_name":"SHOPATOA","article_modified_time":"2025-12-13T03:14:30+00:00","og_image":[{"width":800,"height":800,"url":"https:\/\/storage.googleapis.com\/cz-shopatoa-img\/ro\/fcad6ec1-unnamed-file.webp","type":"image\/webp"}],"twitter_card":"summary_large_image","schema":{"@context":"https:\/\/schema.org","@graph":[{"@type":"WebPage","@id":"https:\/\/shopatoa.com\/ro\/loreal-paris-creion-de-ochi-pix-superliner-perfect-slim-1-g-04-navy\/","url":"https:\/\/shopatoa.com\/ro\/loreal-paris-creion-de-ochi-pix-superliner-perfect-slim-1-g-04-navy\/","name":"L'Or\u00e9al Paris Creion de ochi - pix Superliner Perfect Slim 1 g 04 Navy - SHOPATOA.COM","isPartOf":{"@id":"https:\/\/shopatoa.com\/ro\/#website"},"primaryImageOfPage":{"@id":"https:\/\/shopatoa.com\/ro\/loreal-paris-creion-de-ochi-pix-superliner-perfect-slim-1-g-04-navy\/#primaryimage"},"image":{"@id":"https:\/\/shopatoa.com\/ro\/loreal-paris-creion-de-ochi-pix-superliner-perfect-slim-1-g-04-navy\/#primaryimage"},"thumbnailUrl":"https:\/\/storage.googleapis.com\/cz-shopatoa-img\/ro\/fcad6ec1-unnamed-file.webp","datePublished":"2025-04-27T03:30:06+00:00","dateModified":"2025-12-13T03:14:30+00:00","breadcrumb":{"@id":"https:\/\/shopatoa.com\/ro\/loreal-paris-creion-de-ochi-pix-superliner-perfect-slim-1-g-04-navy\/#breadcrumb"},"inLanguage":"ro-RO","potentialAction":[{"@type":"ReadAction","target":["https:\/\/shopatoa.com\/ro\/loreal-paris-creion-de-ochi-pix-superliner-perfect-slim-1-g-04-navy\/"]}]},{"@type":"ImageObject","inLanguage":"ro-RO","@id":"https:\/\/shopatoa.com\/ro\/loreal-paris-creion-de-ochi-pix-superliner-perfect-slim-1-g-04-navy\/#primaryimage","url":"https:\/\/storage.googleapis.com\/cz-shopatoa-img\/ro\/fcad6ec1-unnamed-file.webp","contentUrl":"https:\/\/storage.googleapis.com\/cz-shopatoa-img\/ro\/fcad6ec1-unnamed-file.webp","width":800,"height":800},{"@type":"BreadcrumbList","@id":"https:\/\/shopatoa.com\/ro\/loreal-paris-creion-de-ochi-pix-superliner-perfect-slim-1-g-04-navy\/#breadcrumb","itemListElement":[{"@type":"ListItem","position":1,"name":"Dom\u016f","item":"https:\/\/shopatoa.com\/ro\/"},{"@type":"ListItem","position":2,"name":"Shop","item":"https:\/\/shopatoa.com\/ro\/shop\/"},{"@type":"ListItem","position":3,"name":"Cosmetice","item":"https:\/\/shopatoa.com\/ro\/cosmetice\/"},{"@type":"ListItem","position":4,"name":"Cosmetice decorative","item":"https:\/\/shopatoa.com\/ro\/cosmetice-decorative\/"},{"@type":"ListItem","position":5,"name":"Machiaj pentru ochi","item":"https:\/\/shopatoa.com\/ro\/machiaj-pentru-ochi\/"},{"@type":"ListItem","position":6,"name":"Eyeliner","item":"https:\/\/shopatoa.com\/ro\/eyeliner\/"},{"@type":"ListItem","position":7,"name":"L&#8217;Or\u00e9al Paris Creion de ochi &#8211; pix Superliner Perfect Slim 1 g 04 Navy"}]},{"@type":"WebSite","@id":"https:\/\/shopatoa.com\/ro\/#website","url":"https:\/\/shopatoa.com\/ro\/","name":"SHOPATOA","description":"","publisher":{"@id":"https:\/\/shopatoa.com\/ro\/#organization"},"potentialAction":[{"@type":"SearchAction","target":{"@type":"EntryPoint","urlTemplate":"https:\/\/shopatoa.com\/ro\/?s={search_term_string}"},"query-input":{"@type":"PropertyValueSpecification","valueRequired":true,"valueName":"search_term_string"}}],"inLanguage":"ro-RO"},{"@type":"Organization","@id":"https:\/\/shopatoa.com\/ro\/#organization","name":"SHOPATOA","url":"https:\/\/shopatoa.com\/ro\/","logo":{"@type":"ImageObject","inLanguage":"ro-RO","@id":"https:\/\/shopatoa.com\/ro\/#\/schema\/logo\/image\/","url":"https:\/\/storage.googleapis.com\/cz-shopatoa-img\/ro\/b4dac915-shopatoa_logo.png","contentUrl":"https:\/\/storage.googleapis.com\/cz-shopatoa-img\/ro\/b4dac915-shopatoa_logo.png","width":416,"height":63,"caption":"SHOPATOA"},"image":{"@id":"https:\/\/shopatoa.com\/ro\/#\/schema\/logo\/image\/"}}]}},"_links":{"self":[{"href":"https:\/\/shopatoa.com\/ro\/wp-json\/wp\/v2\/product\/260621","targetHints":{"allow":["GET"]}}],"collection":[{"href":"https:\/\/shopatoa.com\/ro\/wp-json\/wp\/v2\/product"}],"about":[{"href":"https:\/\/shopatoa.com\/ro\/wp-json\/wp\/v2\/types\/product"}],"replies":[{"embeddable":true,"href":"https:\/\/shopatoa.com\/ro\/wp-json\/wp\/v2\/comments?post=260621"}],"wp:featuredmedia":[{"embeddable":true,"href":"https:\/\/shopatoa.com\/ro\/wp-json\/wp\/v2\/media\/337108"}],"wp:attachment":[{"href":"https:\/\/shopatoa.com\/ro\/wp-json\/wp\/v2\/media?parent=260621"}],"wp:term":[{"taxonomy":"product_brand","embeddable":true,"href":"https:\/\/shopatoa.com\/ro\/wp-json\/wp\/v2\/product_brand?post=260621"},{"taxonomy":"product_cat","embeddable":true,"href":"https:\/\/shopatoa.com\/ro\/wp-json\/wp\/v2\/product_cat?post=260621"},{"taxonomy":"product_tag","embeddable":true,"href":"https:\/\/shopatoa.com\/ro\/wp-json\/wp\/v2\/product_tag?post=260621"}],"curies":[{"name":"wp","href":"https:\/\/api.w.org\/{rel}","templated":true}]}}