{"id":260643,"date":"2025-04-27T05:36:41","date_gmt":"2025-04-27T03:36:41","guid":{"rendered":"https:\/\/shopatoa.com\/ro\/uriage-protectie-solara-spf-30-bariensun-dry-mist-very-high-protection-200-ml\/"},"modified":"2025-12-13T04:04:51","modified_gmt":"2025-12-13T03:04:51","slug":"uriage-protectie-solara-spf-30-bariensun-dry-mist-very-high-protection-200-ml","status":"publish","type":"product","link":"https:\/\/shopatoa.com\/ro\/uriage-protectie-solara-spf-30-bariensun-dry-mist-very-high-protection-200-ml\/","title":{"rendered":"Uriage Protectie solara SPF 30 Bariensun (Dry Mist Very High Protection) 200 ml"},"content":{"rendered":"<p>SPF 30 Bari\u00e9sun de Uriage ofer\u0103 protec\u021bie ridicat\u0103 \u00eempotriva luminii solare. Protejeaz\u0103 \u00eempotriva usc\u0103rii pielii, datorit\u0103 compozi\u021biei fine este u\u0219or de aplicat \u0219i se r\u0103sp\u00e2nde\u0219te u\u0219or \u0219i se absoarbe. Este f\u0103r\u0103 alcool, impermeabil \u0219i hipoalergenic.<\/p>\n","protected":false},"excerpt":{"rendered":"<p>SPF 30 Bari\u00e9sun de Uriage ofer\u0103 protec\u021bie ridicat\u0103 \u00eempotriva luminii solare. Protejeaz\u0103 \u00eempotriva usc\u0103rii pielii, datorit\u0103 compozi\u021biei fine este u\u0219or de aplicat \u0219i se r\u0103sp\u00e2nde\u0219te u\u0219or \u0219i se absoarbe. Este f\u0103r\u0103 alcool, impermeabil \u0219i hipoalergenic.<\/p>\n","protected":false},"featured_media":337127,"comment_status":"closed","ping_status":"open","template":"","meta":{"_acf_changed":false,"_kadence_starter_templates_imported_post":false,"_kad_post_transparent":"","_kad_post_title":"","_kad_post_layout":"","_kad_post_sidebar_id":"","_kad_post_content_style":"","_kad_post_vertical_padding":"","_kad_post_feature":"","_kad_post_feature_position":"","_kad_post_header":false,"_kad_post_footer":false,"_kad_post_classname":""},"product_brand":[842],"product_cat":[246,642,643],"product_tag":[],"class_list":{"0":"post-260643","1":"product","2":"type-product","3":"status-publish","4":"has-post-thumbnail","6":"product_brand-uriage","7":"product_cat-cosmetice","8":"product_cat-cosmetice-de-protectie-solara","9":"product_cat-produse-pentru-bronzare","11":"first","12":"instock","13":"sale","14":"product-type-external","15":"entry","16":"content-bg","17":"loop-entry"},"acf":[],"yoast_head":"<!-- This site is optimized with the Yoast SEO plugin v27.3 - https:\/\/yoast.com\/product\/yoast-seo-wordpress\/ -->\n<title>Uriage Protectie solara SPF 30 Bariensun (Dry Mist Very High Protection) 200 ml - SHOPATOA.COM<\/title>\n<meta name=\"robots\" content=\"index, follow, max-snippet:-1, max-image-preview:large, max-video-preview:-1\" \/>\n<link rel=\"canonical\" href=\"https:\/\/shopatoa.com\/ro\/uriage-protectie-solara-spf-30-bariensun-dry-mist-very-high-protection-200-ml\/\" \/>\n<meta property=\"og:locale\" content=\"ro_RO\" \/>\n<meta property=\"og:type\" content=\"article\" \/>\n<meta property=\"og:title\" content=\"Uriage Protectie solara SPF 30 Bariensun (Dry Mist Very High Protection) 200 ml - SHOPATOA.COM\" \/>\n<meta property=\"og:description\" content=\"SPF 30 Bari\u00e9sun de Uriage ofer\u0103 protec\u021bie ridicat\u0103 \u00eempotriva luminii solare. Protejeaz\u0103 \u00eempotriva usc\u0103rii pielii, datorit\u0103 compozi\u021biei fine este u\u0219or de aplicat \u0219i se r\u0103sp\u00e2nde\u0219te u\u0219or \u0219i se absoarbe. Este f\u0103r\u0103 alcool, impermeabil \u0219i hipoalergenic.\" \/>\n<meta property=\"og:url\" content=\"https:\/\/shopatoa.com\/ro\/uriage-protectie-solara-spf-30-bariensun-dry-mist-very-high-protection-200-ml\/\" \/>\n<meta property=\"og:site_name\" content=\"SHOPATOA\" \/>\n<meta property=\"article:modified_time\" content=\"2025-12-13T03:04:51+00:00\" \/>\n<meta property=\"og:image\" content=\"https:\/\/storage.googleapis.com\/cz-shopatoa-img\/ro\/a8d7af72-unnamed-file.webp\" \/>\n\t<meta property=\"og:image:width\" content=\"800\" \/>\n\t<meta property=\"og:image:height\" content=\"800\" \/>\n\t<meta property=\"og:image:type\" content=\"image\/webp\" \/>\n<meta name=\"twitter:card\" content=\"summary_large_image\" \/>\n<script type=\"application\/ld+json\" class=\"yoast-schema-graph\">{\"@context\":\"https:\\\/\\\/schema.org\",\"@graph\":[{\"@type\":\"WebPage\",\"@id\":\"https:\\\/\\\/shopatoa.com\\\/ro\\\/uriage-protectie-solara-spf-30-bariensun-dry-mist-very-high-protection-200-ml\\\/\",\"url\":\"https:\\\/\\\/shopatoa.com\\\/ro\\\/uriage-protectie-solara-spf-30-bariensun-dry-mist-very-high-protection-200-ml\\\/\",\"name\":\"Uriage Protectie solara SPF 30 Bariensun (Dry Mist Very High Protection) 200 ml - SHOPATOA.COM\",\"isPartOf\":{\"@id\":\"https:\\\/\\\/shopatoa.com\\\/ro\\\/#website\"},\"primaryImageOfPage\":{\"@id\":\"https:\\\/\\\/shopatoa.com\\\/ro\\\/uriage-protectie-solara-spf-30-bariensun-dry-mist-very-high-protection-200-ml\\\/#primaryimage\"},\"image\":{\"@id\":\"https:\\\/\\\/shopatoa.com\\\/ro\\\/uriage-protectie-solara-spf-30-bariensun-dry-mist-very-high-protection-200-ml\\\/#primaryimage\"},\"thumbnailUrl\":\"https:\\\/\\\/storage.googleapis.com\\\/cz-shopatoa-img\\\/ro\\\/a8d7af72-unnamed-file.webp\",\"datePublished\":\"2025-04-27T03:36:41+00:00\",\"dateModified\":\"2025-12-13T03:04:51+00:00\",\"breadcrumb\":{\"@id\":\"https:\\\/\\\/shopatoa.com\\\/ro\\\/uriage-protectie-solara-spf-30-bariensun-dry-mist-very-high-protection-200-ml\\\/#breadcrumb\"},\"inLanguage\":\"ro-RO\",\"potentialAction\":[{\"@type\":\"ReadAction\",\"target\":[\"https:\\\/\\\/shopatoa.com\\\/ro\\\/uriage-protectie-solara-spf-30-bariensun-dry-mist-very-high-protection-200-ml\\\/\"]}]},{\"@type\":\"ImageObject\",\"inLanguage\":\"ro-RO\",\"@id\":\"https:\\\/\\\/shopatoa.com\\\/ro\\\/uriage-protectie-solara-spf-30-bariensun-dry-mist-very-high-protection-200-ml\\\/#primaryimage\",\"url\":\"https:\\\/\\\/storage.googleapis.com\\\/cz-shopatoa-img\\\/ro\\\/a8d7af72-unnamed-file.webp\",\"contentUrl\":\"https:\\\/\\\/storage.googleapis.com\\\/cz-shopatoa-img\\\/ro\\\/a8d7af72-unnamed-file.webp\",\"width\":800,\"height\":800},{\"@type\":\"BreadcrumbList\",\"@id\":\"https:\\\/\\\/shopatoa.com\\\/ro\\\/uriage-protectie-solara-spf-30-bariensun-dry-mist-very-high-protection-200-ml\\\/#breadcrumb\",\"itemListElement\":[{\"@type\":\"ListItem\",\"position\":1,\"name\":\"Dom\u016f\",\"item\":\"https:\\\/\\\/shopatoa.com\\\/ro\\\/\"},{\"@type\":\"ListItem\",\"position\":2,\"name\":\"Shop\",\"item\":\"https:\\\/\\\/shopatoa.com\\\/ro\\\/shop\\\/\"},{\"@type\":\"ListItem\",\"position\":3,\"name\":\"Cosmetice\",\"item\":\"https:\\\/\\\/shopatoa.com\\\/ro\\\/cosmetice\\\/\"},{\"@type\":\"ListItem\",\"position\":4,\"name\":\"Cosmetice de protec\u021bie solar\u0103\",\"item\":\"https:\\\/\\\/shopatoa.com\\\/ro\\\/cosmetice-de-protectie-solara\\\/\"},{\"@type\":\"ListItem\",\"position\":5,\"name\":\"Produse pentru bronzare\",\"item\":\"https:\\\/\\\/shopatoa.com\\\/ro\\\/produse-pentru-bronzare\\\/\"},{\"@type\":\"ListItem\",\"position\":6,\"name\":\"Uriage Protectie solara SPF 30 Bariensun (Dry Mist Very High Protection) 200 ml\"}]},{\"@type\":\"WebSite\",\"@id\":\"https:\\\/\\\/shopatoa.com\\\/ro\\\/#website\",\"url\":\"https:\\\/\\\/shopatoa.com\\\/ro\\\/\",\"name\":\"SHOPATOA\",\"description\":\"\",\"publisher\":{\"@id\":\"https:\\\/\\\/shopatoa.com\\\/ro\\\/#organization\"},\"potentialAction\":[{\"@type\":\"SearchAction\",\"target\":{\"@type\":\"EntryPoint\",\"urlTemplate\":\"https:\\\/\\\/shopatoa.com\\\/ro\\\/?s={search_term_string}\"},\"query-input\":{\"@type\":\"PropertyValueSpecification\",\"valueRequired\":true,\"valueName\":\"search_term_string\"}}],\"inLanguage\":\"ro-RO\"},{\"@type\":\"Organization\",\"@id\":\"https:\\\/\\\/shopatoa.com\\\/ro\\\/#organization\",\"name\":\"SHOPATOA\",\"url\":\"https:\\\/\\\/shopatoa.com\\\/ro\\\/\",\"logo\":{\"@type\":\"ImageObject\",\"inLanguage\":\"ro-RO\",\"@id\":\"https:\\\/\\\/shopatoa.com\\\/ro\\\/#\\\/schema\\\/logo\\\/image\\\/\",\"url\":\"https:\\\/\\\/storage.googleapis.com\\\/cz-shopatoa-img\\\/ro\\\/b4dac915-shopatoa_logo.png\",\"contentUrl\":\"https:\\\/\\\/storage.googleapis.com\\\/cz-shopatoa-img\\\/ro\\\/b4dac915-shopatoa_logo.png\",\"width\":416,\"height\":63,\"caption\":\"SHOPATOA\"},\"image\":{\"@id\":\"https:\\\/\\\/shopatoa.com\\\/ro\\\/#\\\/schema\\\/logo\\\/image\\\/\"}}]}<\/script>\n<!-- \/ Yoast SEO plugin. -->","yoast_head_json":{"title":"Uriage Protectie solara SPF 30 Bariensun (Dry Mist Very High Protection) 200 ml - SHOPATOA.COM","robots":{"index":"index","follow":"follow","max-snippet":"max-snippet:-1","max-image-preview":"max-image-preview:large","max-video-preview":"max-video-preview:-1"},"canonical":"https:\/\/shopatoa.com\/ro\/uriage-protectie-solara-spf-30-bariensun-dry-mist-very-high-protection-200-ml\/","og_locale":"ro_RO","og_type":"article","og_title":"Uriage Protectie solara SPF 30 Bariensun (Dry Mist Very High Protection) 200 ml - SHOPATOA.COM","og_description":"SPF 30 Bari\u00e9sun de Uriage ofer\u0103 protec\u021bie ridicat\u0103 \u00eempotriva luminii solare. Protejeaz\u0103 \u00eempotriva usc\u0103rii pielii, datorit\u0103 compozi\u021biei fine este u\u0219or de aplicat \u0219i se r\u0103sp\u00e2nde\u0219te u\u0219or \u0219i se absoarbe. Este f\u0103r\u0103 alcool, impermeabil \u0219i hipoalergenic.","og_url":"https:\/\/shopatoa.com\/ro\/uriage-protectie-solara-spf-30-bariensun-dry-mist-very-high-protection-200-ml\/","og_site_name":"SHOPATOA","article_modified_time":"2025-12-13T03:04:51+00:00","og_image":[{"width":800,"height":800,"url":"https:\/\/storage.googleapis.com\/cz-shopatoa-img\/ro\/a8d7af72-unnamed-file.webp","type":"image\/webp"}],"twitter_card":"summary_large_image","schema":{"@context":"https:\/\/schema.org","@graph":[{"@type":"WebPage","@id":"https:\/\/shopatoa.com\/ro\/uriage-protectie-solara-spf-30-bariensun-dry-mist-very-high-protection-200-ml\/","url":"https:\/\/shopatoa.com\/ro\/uriage-protectie-solara-spf-30-bariensun-dry-mist-very-high-protection-200-ml\/","name":"Uriage Protectie solara SPF 30 Bariensun (Dry Mist Very High Protection) 200 ml - SHOPATOA.COM","isPartOf":{"@id":"https:\/\/shopatoa.com\/ro\/#website"},"primaryImageOfPage":{"@id":"https:\/\/shopatoa.com\/ro\/uriage-protectie-solara-spf-30-bariensun-dry-mist-very-high-protection-200-ml\/#primaryimage"},"image":{"@id":"https:\/\/shopatoa.com\/ro\/uriage-protectie-solara-spf-30-bariensun-dry-mist-very-high-protection-200-ml\/#primaryimage"},"thumbnailUrl":"https:\/\/storage.googleapis.com\/cz-shopatoa-img\/ro\/a8d7af72-unnamed-file.webp","datePublished":"2025-04-27T03:36:41+00:00","dateModified":"2025-12-13T03:04:51+00:00","breadcrumb":{"@id":"https:\/\/shopatoa.com\/ro\/uriage-protectie-solara-spf-30-bariensun-dry-mist-very-high-protection-200-ml\/#breadcrumb"},"inLanguage":"ro-RO","potentialAction":[{"@type":"ReadAction","target":["https:\/\/shopatoa.com\/ro\/uriage-protectie-solara-spf-30-bariensun-dry-mist-very-high-protection-200-ml\/"]}]},{"@type":"ImageObject","inLanguage":"ro-RO","@id":"https:\/\/shopatoa.com\/ro\/uriage-protectie-solara-spf-30-bariensun-dry-mist-very-high-protection-200-ml\/#primaryimage","url":"https:\/\/storage.googleapis.com\/cz-shopatoa-img\/ro\/a8d7af72-unnamed-file.webp","contentUrl":"https:\/\/storage.googleapis.com\/cz-shopatoa-img\/ro\/a8d7af72-unnamed-file.webp","width":800,"height":800},{"@type":"BreadcrumbList","@id":"https:\/\/shopatoa.com\/ro\/uriage-protectie-solara-spf-30-bariensun-dry-mist-very-high-protection-200-ml\/#breadcrumb","itemListElement":[{"@type":"ListItem","position":1,"name":"Dom\u016f","item":"https:\/\/shopatoa.com\/ro\/"},{"@type":"ListItem","position":2,"name":"Shop","item":"https:\/\/shopatoa.com\/ro\/shop\/"},{"@type":"ListItem","position":3,"name":"Cosmetice","item":"https:\/\/shopatoa.com\/ro\/cosmetice\/"},{"@type":"ListItem","position":4,"name":"Cosmetice de protec\u021bie solar\u0103","item":"https:\/\/shopatoa.com\/ro\/cosmetice-de-protectie-solara\/"},{"@type":"ListItem","position":5,"name":"Produse pentru bronzare","item":"https:\/\/shopatoa.com\/ro\/produse-pentru-bronzare\/"},{"@type":"ListItem","position":6,"name":"Uriage Protectie solara SPF 30 Bariensun (Dry Mist Very High Protection) 200 ml"}]},{"@type":"WebSite","@id":"https:\/\/shopatoa.com\/ro\/#website","url":"https:\/\/shopatoa.com\/ro\/","name":"SHOPATOA","description":"","publisher":{"@id":"https:\/\/shopatoa.com\/ro\/#organization"},"potentialAction":[{"@type":"SearchAction","target":{"@type":"EntryPoint","urlTemplate":"https:\/\/shopatoa.com\/ro\/?s={search_term_string}"},"query-input":{"@type":"PropertyValueSpecification","valueRequired":true,"valueName":"search_term_string"}}],"inLanguage":"ro-RO"},{"@type":"Organization","@id":"https:\/\/shopatoa.com\/ro\/#organization","name":"SHOPATOA","url":"https:\/\/shopatoa.com\/ro\/","logo":{"@type":"ImageObject","inLanguage":"ro-RO","@id":"https:\/\/shopatoa.com\/ro\/#\/schema\/logo\/image\/","url":"https:\/\/storage.googleapis.com\/cz-shopatoa-img\/ro\/b4dac915-shopatoa_logo.png","contentUrl":"https:\/\/storage.googleapis.com\/cz-shopatoa-img\/ro\/b4dac915-shopatoa_logo.png","width":416,"height":63,"caption":"SHOPATOA"},"image":{"@id":"https:\/\/shopatoa.com\/ro\/#\/schema\/logo\/image\/"}}]}},"_links":{"self":[{"href":"https:\/\/shopatoa.com\/ro\/wp-json\/wp\/v2\/product\/260643","targetHints":{"allow":["GET"]}}],"collection":[{"href":"https:\/\/shopatoa.com\/ro\/wp-json\/wp\/v2\/product"}],"about":[{"href":"https:\/\/shopatoa.com\/ro\/wp-json\/wp\/v2\/types\/product"}],"replies":[{"embeddable":true,"href":"https:\/\/shopatoa.com\/ro\/wp-json\/wp\/v2\/comments?post=260643"}],"wp:featuredmedia":[{"embeddable":true,"href":"https:\/\/shopatoa.com\/ro\/wp-json\/wp\/v2\/media\/337127"}],"wp:attachment":[{"href":"https:\/\/shopatoa.com\/ro\/wp-json\/wp\/v2\/media?parent=260643"}],"wp:term":[{"taxonomy":"product_brand","embeddable":true,"href":"https:\/\/shopatoa.com\/ro\/wp-json\/wp\/v2\/product_brand?post=260643"},{"taxonomy":"product_cat","embeddable":true,"href":"https:\/\/shopatoa.com\/ro\/wp-json\/wp\/v2\/product_cat?post=260643"},{"taxonomy":"product_tag","embeddable":true,"href":"https:\/\/shopatoa.com\/ro\/wp-json\/wp\/v2\/product_tag?post=260643"}],"curies":[{"name":"wp","href":"https:\/\/api.w.org\/{rel}","templated":true}]}}