{"id":260661,"date":"2025-04-27T05:45:30","date_gmt":"2025-04-27T03:45:30","guid":{"rendered":"https:\/\/shopatoa.com\/ro\/tigi-balsam-cu-ulei-pentru-par-vopsit-bed-head-colour-goddess-oil-infused-conditioner-750-ml\/"},"modified":"2025-11-28T04:55:16","modified_gmt":"2025-11-28T03:55:16","slug":"tigi-balsam-cu-ulei-pentru-par-vopsit-bed-head-colour-goddess-oil-infused-conditioner-750-ml","status":"publish","type":"product","link":"https:\/\/shopatoa.com\/ro\/tigi-balsam-cu-ulei-pentru-par-vopsit-bed-head-colour-goddess-oil-infused-conditioner-750-ml\/","title":{"rendered":"Tigi Balsam cu ulei pentru p\u0103r vopsit Bed Head Colour Goddess (Oil Infused Conditioner) 750 ml"},"content":{"rendered":"<p>Balsamul cu ulei Bed Head Color Goddess de la marca Tigi \u00ee\u021bi \u00eenf\u0103\u0219oar\u0103 p\u0103rul cu \u00eengrijire \u0219i protec\u021bie perfect\u0103. Insufl\u0103 o nou\u0103 dimensiune de culoare buclelor tale, hidrateaz\u0103 \u0219i hr\u0103ne\u0219te p\u0103rul, vindec\u0103 fibrele p\u0103rului \u0219i previne despicarea v\u00e2rfurilor. Ingrediente active: ulei esen\u021bial &#8211; hidratare \u0219i nutri\u021bie, provitamina B5 \u2013 \u00eengrijire \u0219i protec\u021bie de prim\u0103 clas\u0103, ulei de migdale \u0219i nuc\u0103 de cocos \u2013 regenerare natural\u0103 perfect\u0103, proteine hr\u0103nitoare &#8211; p\u0103trund ad\u00e2nc \u00een fibra capilar\u0103.<\/p>\n","protected":false},"excerpt":{"rendered":"<p>Balsamul cu ulei Bed Head Color Goddess de la marca Tigi \u00ee\u021bi \u00eenf\u0103\u0219oar\u0103 p\u0103rul cu \u00eengrijire \u0219i protec\u021bie perfect\u0103. Insufl\u0103 o nou\u0103 dimensiune de culoare buclelor tale, hidrateaz\u0103 \u0219i hr\u0103ne\u0219te p\u0103rul, vindec\u0103 fibrele p\u0103rului \u0219i previne despicarea v\u00e2rfurilor. Ingrediente active: ulei esen\u021bial &#8211; hidratare \u0219i nutri\u021bie, provitamina B5 \u2013 \u00eengrijire \u0219i protec\u021bie de prim\u0103 clas\u0103,&#8230;<\/p>\n","protected":false},"featured_media":337145,"comment_status":"closed","ping_status":"open","template":"","meta":{"_acf_changed":false,"_kadence_starter_templates_imported_post":false,"_kad_post_transparent":"","_kad_post_title":"","_kad_post_layout":"","_kad_post_sidebar_id":"","_kad_post_content_style":"","_kad_post_vertical_padding":"","_kad_post_feature":"","_kad_post_feature_position":"","_kad_post_header":false,"_kad_post_footer":false,"_kad_post_classname":""},"product_brand":[593],"product_cat":[680,246,623],"product_tag":[],"class_list":{"0":"post-260661","1":"product","2":"type-product","3":"status-publish","4":"has-post-thumbnail","6":"product_brand-tigi","7":"product_cat-cosmetica-pentru-regenerarea-parului","8":"product_cat-cosmetice","9":"product_cat-produse-cosmetice-pentru-par","11":"first","12":"instock","13":"product-type-external","14":"entry","15":"content-bg","16":"loop-entry"},"acf":[],"yoast_head":"<!-- This site is optimized with the Yoast SEO plugin v27.4 - https:\/\/yoast.com\/product\/yoast-seo-wordpress\/ -->\n<title>Tigi Balsam cu ulei pentru p\u0103r vopsit Bed Head Colour Goddess (Oil Infused Conditioner) 750 ml - SHOPATOA.COM<\/title>\n<meta name=\"robots\" content=\"index, follow, max-snippet:-1, max-image-preview:large, max-video-preview:-1\" \/>\n<link rel=\"canonical\" href=\"https:\/\/shopatoa.com\/ro\/tigi-balsam-cu-ulei-pentru-par-vopsit-bed-head-colour-goddess-oil-infused-conditioner-750-ml\/\" \/>\n<meta property=\"og:locale\" content=\"ro_RO\" \/>\n<meta property=\"og:type\" content=\"article\" \/>\n<meta property=\"og:title\" content=\"Tigi Balsam cu ulei pentru p\u0103r vopsit Bed Head Colour Goddess (Oil Infused Conditioner) 750 ml - SHOPATOA.COM\" \/>\n<meta property=\"og:description\" content=\"Balsamul cu ulei Bed Head Color Goddess de la marca Tigi \u00ee\u021bi \u00eenf\u0103\u0219oar\u0103 p\u0103rul cu \u00eengrijire \u0219i protec\u021bie perfect\u0103. Insufl\u0103 o nou\u0103 dimensiune de culoare buclelor tale, hidrateaz\u0103 \u0219i hr\u0103ne\u0219te p\u0103rul, vindec\u0103 fibrele p\u0103rului \u0219i previne despicarea v\u00e2rfurilor. Ingrediente active: ulei esen\u021bial &#8211; hidratare \u0219i nutri\u021bie, provitamina B5 \u2013 \u00eengrijire \u0219i protec\u021bie de prim\u0103 clas\u0103,...\" \/>\n<meta property=\"og:url\" content=\"https:\/\/shopatoa.com\/ro\/tigi-balsam-cu-ulei-pentru-par-vopsit-bed-head-colour-goddess-oil-infused-conditioner-750-ml\/\" \/>\n<meta property=\"og:site_name\" content=\"SHOPATOA\" \/>\n<meta property=\"article:modified_time\" content=\"2025-11-28T03:55:16+00:00\" \/>\n<meta property=\"og:image\" content=\"https:\/\/storage.googleapis.com\/cz-shopatoa-img\/ro\/8de07635-unnamed-file.webp\" \/>\n\t<meta property=\"og:image:width\" content=\"800\" \/>\n\t<meta property=\"og:image:height\" content=\"800\" \/>\n\t<meta property=\"og:image:type\" content=\"image\/webp\" \/>\n<meta name=\"twitter:card\" content=\"summary_large_image\" \/>\n<script type=\"application\/ld+json\" class=\"yoast-schema-graph\">{\"@context\":\"https:\\\/\\\/schema.org\",\"@graph\":[{\"@type\":\"WebPage\",\"@id\":\"https:\\\/\\\/shopatoa.com\\\/ro\\\/tigi-balsam-cu-ulei-pentru-par-vopsit-bed-head-colour-goddess-oil-infused-conditioner-750-ml\\\/\",\"url\":\"https:\\\/\\\/shopatoa.com\\\/ro\\\/tigi-balsam-cu-ulei-pentru-par-vopsit-bed-head-colour-goddess-oil-infused-conditioner-750-ml\\\/\",\"name\":\"Tigi Balsam cu ulei pentru p\u0103r vopsit Bed Head Colour Goddess (Oil Infused Conditioner) 750 ml - SHOPATOA.COM\",\"isPartOf\":{\"@id\":\"https:\\\/\\\/shopatoa.com\\\/ro\\\/#website\"},\"primaryImageOfPage\":{\"@id\":\"https:\\\/\\\/shopatoa.com\\\/ro\\\/tigi-balsam-cu-ulei-pentru-par-vopsit-bed-head-colour-goddess-oil-infused-conditioner-750-ml\\\/#primaryimage\"},\"image\":{\"@id\":\"https:\\\/\\\/shopatoa.com\\\/ro\\\/tigi-balsam-cu-ulei-pentru-par-vopsit-bed-head-colour-goddess-oil-infused-conditioner-750-ml\\\/#primaryimage\"},\"thumbnailUrl\":\"https:\\\/\\\/storage.googleapis.com\\\/cz-shopatoa-img\\\/ro\\\/8de07635-unnamed-file.webp\",\"datePublished\":\"2025-04-27T03:45:30+00:00\",\"dateModified\":\"2025-11-28T03:55:16+00:00\",\"breadcrumb\":{\"@id\":\"https:\\\/\\\/shopatoa.com\\\/ro\\\/tigi-balsam-cu-ulei-pentru-par-vopsit-bed-head-colour-goddess-oil-infused-conditioner-750-ml\\\/#breadcrumb\"},\"inLanguage\":\"ro-RO\",\"potentialAction\":[{\"@type\":\"ReadAction\",\"target\":[\"https:\\\/\\\/shopatoa.com\\\/ro\\\/tigi-balsam-cu-ulei-pentru-par-vopsit-bed-head-colour-goddess-oil-infused-conditioner-750-ml\\\/\"]}]},{\"@type\":\"ImageObject\",\"inLanguage\":\"ro-RO\",\"@id\":\"https:\\\/\\\/shopatoa.com\\\/ro\\\/tigi-balsam-cu-ulei-pentru-par-vopsit-bed-head-colour-goddess-oil-infused-conditioner-750-ml\\\/#primaryimage\",\"url\":\"https:\\\/\\\/storage.googleapis.com\\\/cz-shopatoa-img\\\/ro\\\/8de07635-unnamed-file.webp\",\"contentUrl\":\"https:\\\/\\\/storage.googleapis.com\\\/cz-shopatoa-img\\\/ro\\\/8de07635-unnamed-file.webp\",\"width\":800,\"height\":800},{\"@type\":\"BreadcrumbList\",\"@id\":\"https:\\\/\\\/shopatoa.com\\\/ro\\\/tigi-balsam-cu-ulei-pentru-par-vopsit-bed-head-colour-goddess-oil-infused-conditioner-750-ml\\\/#breadcrumb\",\"itemListElement\":[{\"@type\":\"ListItem\",\"position\":1,\"name\":\"Dom\u016f\",\"item\":\"https:\\\/\\\/shopatoa.com\\\/ro\\\/\"},{\"@type\":\"ListItem\",\"position\":2,\"name\":\"Shop\",\"item\":\"https:\\\/\\\/shopatoa.com\\\/ro\\\/shop\\\/\"},{\"@type\":\"ListItem\",\"position\":3,\"name\":\"Cosmetice\",\"item\":\"https:\\\/\\\/shopatoa.com\\\/ro\\\/cosmetice\\\/\"},{\"@type\":\"ListItem\",\"position\":4,\"name\":\"Produse cosmetice pentru p\u0103r\",\"item\":\"https:\\\/\\\/shopatoa.com\\\/ro\\\/produse-cosmetice-pentru-par\\\/\"},{\"@type\":\"ListItem\",\"position\":5,\"name\":\"Cosmetica pentru regenerarea parului\",\"item\":\"https:\\\/\\\/shopatoa.com\\\/ro\\\/cosmetica-pentru-regenerarea-parului\\\/\"},{\"@type\":\"ListItem\",\"position\":6,\"name\":\"Tigi Balsam cu ulei pentru p\u0103r vopsit Bed Head Colour Goddess (Oil Infused Conditioner) 750 ml\"}]},{\"@type\":\"WebSite\",\"@id\":\"https:\\\/\\\/shopatoa.com\\\/ro\\\/#website\",\"url\":\"https:\\\/\\\/shopatoa.com\\\/ro\\\/\",\"name\":\"SHOPATOA\",\"description\":\"\",\"publisher\":{\"@id\":\"https:\\\/\\\/shopatoa.com\\\/ro\\\/#organization\"},\"potentialAction\":[{\"@type\":\"SearchAction\",\"target\":{\"@type\":\"EntryPoint\",\"urlTemplate\":\"https:\\\/\\\/shopatoa.com\\\/ro\\\/?s={search_term_string}\"},\"query-input\":{\"@type\":\"PropertyValueSpecification\",\"valueRequired\":true,\"valueName\":\"search_term_string\"}}],\"inLanguage\":\"ro-RO\"},{\"@type\":\"Organization\",\"@id\":\"https:\\\/\\\/shopatoa.com\\\/ro\\\/#organization\",\"name\":\"SHOPATOA\",\"url\":\"https:\\\/\\\/shopatoa.com\\\/ro\\\/\",\"logo\":{\"@type\":\"ImageObject\",\"inLanguage\":\"ro-RO\",\"@id\":\"https:\\\/\\\/shopatoa.com\\\/ro\\\/#\\\/schema\\\/logo\\\/image\\\/\",\"url\":\"https:\\\/\\\/storage.googleapis.com\\\/cz-shopatoa-img\\\/ro\\\/b4dac915-shopatoa_logo.png\",\"contentUrl\":\"https:\\\/\\\/storage.googleapis.com\\\/cz-shopatoa-img\\\/ro\\\/b4dac915-shopatoa_logo.png\",\"width\":416,\"height\":63,\"caption\":\"SHOPATOA\"},\"image\":{\"@id\":\"https:\\\/\\\/shopatoa.com\\\/ro\\\/#\\\/schema\\\/logo\\\/image\\\/\"}}]}<\/script>\n<!-- \/ Yoast SEO plugin. -->","yoast_head_json":{"title":"Tigi Balsam cu ulei pentru p\u0103r vopsit Bed Head Colour Goddess (Oil Infused Conditioner) 750 ml - SHOPATOA.COM","robots":{"index":"index","follow":"follow","max-snippet":"max-snippet:-1","max-image-preview":"max-image-preview:large","max-video-preview":"max-video-preview:-1"},"canonical":"https:\/\/shopatoa.com\/ro\/tigi-balsam-cu-ulei-pentru-par-vopsit-bed-head-colour-goddess-oil-infused-conditioner-750-ml\/","og_locale":"ro_RO","og_type":"article","og_title":"Tigi Balsam cu ulei pentru p\u0103r vopsit Bed Head Colour Goddess (Oil Infused Conditioner) 750 ml - SHOPATOA.COM","og_description":"Balsamul cu ulei Bed Head Color Goddess de la marca Tigi \u00ee\u021bi \u00eenf\u0103\u0219oar\u0103 p\u0103rul cu \u00eengrijire \u0219i protec\u021bie perfect\u0103. Insufl\u0103 o nou\u0103 dimensiune de culoare buclelor tale, hidrateaz\u0103 \u0219i hr\u0103ne\u0219te p\u0103rul, vindec\u0103 fibrele p\u0103rului \u0219i previne despicarea v\u00e2rfurilor. Ingrediente active: ulei esen\u021bial &#8211; hidratare \u0219i nutri\u021bie, provitamina B5 \u2013 \u00eengrijire \u0219i protec\u021bie de prim\u0103 clas\u0103,...","og_url":"https:\/\/shopatoa.com\/ro\/tigi-balsam-cu-ulei-pentru-par-vopsit-bed-head-colour-goddess-oil-infused-conditioner-750-ml\/","og_site_name":"SHOPATOA","article_modified_time":"2025-11-28T03:55:16+00:00","og_image":[{"width":800,"height":800,"url":"https:\/\/storage.googleapis.com\/cz-shopatoa-img\/ro\/8de07635-unnamed-file.webp","type":"image\/webp"}],"twitter_card":"summary_large_image","schema":{"@context":"https:\/\/schema.org","@graph":[{"@type":"WebPage","@id":"https:\/\/shopatoa.com\/ro\/tigi-balsam-cu-ulei-pentru-par-vopsit-bed-head-colour-goddess-oil-infused-conditioner-750-ml\/","url":"https:\/\/shopatoa.com\/ro\/tigi-balsam-cu-ulei-pentru-par-vopsit-bed-head-colour-goddess-oil-infused-conditioner-750-ml\/","name":"Tigi Balsam cu ulei pentru p\u0103r vopsit Bed Head Colour Goddess (Oil Infused Conditioner) 750 ml - SHOPATOA.COM","isPartOf":{"@id":"https:\/\/shopatoa.com\/ro\/#website"},"primaryImageOfPage":{"@id":"https:\/\/shopatoa.com\/ro\/tigi-balsam-cu-ulei-pentru-par-vopsit-bed-head-colour-goddess-oil-infused-conditioner-750-ml\/#primaryimage"},"image":{"@id":"https:\/\/shopatoa.com\/ro\/tigi-balsam-cu-ulei-pentru-par-vopsit-bed-head-colour-goddess-oil-infused-conditioner-750-ml\/#primaryimage"},"thumbnailUrl":"https:\/\/storage.googleapis.com\/cz-shopatoa-img\/ro\/8de07635-unnamed-file.webp","datePublished":"2025-04-27T03:45:30+00:00","dateModified":"2025-11-28T03:55:16+00:00","breadcrumb":{"@id":"https:\/\/shopatoa.com\/ro\/tigi-balsam-cu-ulei-pentru-par-vopsit-bed-head-colour-goddess-oil-infused-conditioner-750-ml\/#breadcrumb"},"inLanguage":"ro-RO","potentialAction":[{"@type":"ReadAction","target":["https:\/\/shopatoa.com\/ro\/tigi-balsam-cu-ulei-pentru-par-vopsit-bed-head-colour-goddess-oil-infused-conditioner-750-ml\/"]}]},{"@type":"ImageObject","inLanguage":"ro-RO","@id":"https:\/\/shopatoa.com\/ro\/tigi-balsam-cu-ulei-pentru-par-vopsit-bed-head-colour-goddess-oil-infused-conditioner-750-ml\/#primaryimage","url":"https:\/\/storage.googleapis.com\/cz-shopatoa-img\/ro\/8de07635-unnamed-file.webp","contentUrl":"https:\/\/storage.googleapis.com\/cz-shopatoa-img\/ro\/8de07635-unnamed-file.webp","width":800,"height":800},{"@type":"BreadcrumbList","@id":"https:\/\/shopatoa.com\/ro\/tigi-balsam-cu-ulei-pentru-par-vopsit-bed-head-colour-goddess-oil-infused-conditioner-750-ml\/#breadcrumb","itemListElement":[{"@type":"ListItem","position":1,"name":"Dom\u016f","item":"https:\/\/shopatoa.com\/ro\/"},{"@type":"ListItem","position":2,"name":"Shop","item":"https:\/\/shopatoa.com\/ro\/shop\/"},{"@type":"ListItem","position":3,"name":"Cosmetice","item":"https:\/\/shopatoa.com\/ro\/cosmetice\/"},{"@type":"ListItem","position":4,"name":"Produse cosmetice pentru p\u0103r","item":"https:\/\/shopatoa.com\/ro\/produse-cosmetice-pentru-par\/"},{"@type":"ListItem","position":5,"name":"Cosmetica pentru regenerarea parului","item":"https:\/\/shopatoa.com\/ro\/cosmetica-pentru-regenerarea-parului\/"},{"@type":"ListItem","position":6,"name":"Tigi Balsam cu ulei pentru p\u0103r vopsit Bed Head Colour Goddess (Oil Infused Conditioner) 750 ml"}]},{"@type":"WebSite","@id":"https:\/\/shopatoa.com\/ro\/#website","url":"https:\/\/shopatoa.com\/ro\/","name":"SHOPATOA","description":"","publisher":{"@id":"https:\/\/shopatoa.com\/ro\/#organization"},"potentialAction":[{"@type":"SearchAction","target":{"@type":"EntryPoint","urlTemplate":"https:\/\/shopatoa.com\/ro\/?s={search_term_string}"},"query-input":{"@type":"PropertyValueSpecification","valueRequired":true,"valueName":"search_term_string"}}],"inLanguage":"ro-RO"},{"@type":"Organization","@id":"https:\/\/shopatoa.com\/ro\/#organization","name":"SHOPATOA","url":"https:\/\/shopatoa.com\/ro\/","logo":{"@type":"ImageObject","inLanguage":"ro-RO","@id":"https:\/\/shopatoa.com\/ro\/#\/schema\/logo\/image\/","url":"https:\/\/storage.googleapis.com\/cz-shopatoa-img\/ro\/b4dac915-shopatoa_logo.png","contentUrl":"https:\/\/storage.googleapis.com\/cz-shopatoa-img\/ro\/b4dac915-shopatoa_logo.png","width":416,"height":63,"caption":"SHOPATOA"},"image":{"@id":"https:\/\/shopatoa.com\/ro\/#\/schema\/logo\/image\/"}}]}},"_links":{"self":[{"href":"https:\/\/shopatoa.com\/ro\/wp-json\/wp\/v2\/product\/260661","targetHints":{"allow":["GET"]}}],"collection":[{"href":"https:\/\/shopatoa.com\/ro\/wp-json\/wp\/v2\/product"}],"about":[{"href":"https:\/\/shopatoa.com\/ro\/wp-json\/wp\/v2\/types\/product"}],"replies":[{"embeddable":true,"href":"https:\/\/shopatoa.com\/ro\/wp-json\/wp\/v2\/comments?post=260661"}],"wp:featuredmedia":[{"embeddable":true,"href":"https:\/\/shopatoa.com\/ro\/wp-json\/wp\/v2\/media\/337145"}],"wp:attachment":[{"href":"https:\/\/shopatoa.com\/ro\/wp-json\/wp\/v2\/media?parent=260661"}],"wp:term":[{"taxonomy":"product_brand","embeddable":true,"href":"https:\/\/shopatoa.com\/ro\/wp-json\/wp\/v2\/product_brand?post=260661"},{"taxonomy":"product_cat","embeddable":true,"href":"https:\/\/shopatoa.com\/ro\/wp-json\/wp\/v2\/product_cat?post=260661"},{"taxonomy":"product_tag","embeddable":true,"href":"https:\/\/shopatoa.com\/ro\/wp-json\/wp\/v2\/product_tag?post=260661"}],"curies":[{"name":"wp","href":"https:\/\/api.w.org\/{rel}","templated":true}]}}