{"id":260663,"date":"2025-04-27T05:46:00","date_gmt":"2025-04-27T03:46:00","guid":{"rendered":"https:\/\/shopatoa.com\/ro\/tigi-ceara-de-par-bed-head-hair-wax-stick-for-cool-people-73-g\/"},"modified":"2025-12-13T03:56:01","modified_gmt":"2025-12-13T02:56:01","slug":"tigi-ceara-de-par-bed-head-hair-wax-stick-for-cool-people-73-g","status":"publish","type":"product","link":"https:\/\/shopatoa.com\/ro\/tigi-ceara-de-par-bed-head-hair-wax-stick-for-cool-people-73-g\/","title":{"rendered":"Tigi Cear\u0103 de p\u0103r Bed Head (Hair Wax Stick For Cool People) 73 g"},"content":{"rendered":"<p>Ceara stick de p\u0103r la Bed Head dupa marca Tigi este proiectat pentru to\u021bi iubitorii de coafuri creative. Exper\u021bii de v\u00e2rf ai lumii au fost implica\u021bi \u00een dezvoltarea \u0219i rezultatul este \u00eentr-adev\u0103r meritat. De la firuri separate pronun\u021bate \u0219i creeaz\u0103 efect semi-mat. Substan\u021be active: Extract de lavand\u0103 &#8211; miros fin, ceara &#8211; coafura perfecta cu efect de lunga durata, complex de substan\u021be active &#8211; eviden\u021bierea unor fire separate \u0219i a unui efect semi-mat.<\/p>\n","protected":false},"excerpt":{"rendered":"<p>Ceara stick de p\u0103r la Bed Head dupa marca Tigi este proiectat pentru to\u021bi iubitorii de coafuri creative. Exper\u021bii de v\u00e2rf ai lumii au fost implica\u021bi \u00een dezvoltarea \u0219i rezultatul este \u00eentr-adev\u0103r meritat. De la firuri separate pronun\u021bate \u0219i creeaz\u0103 efect semi-mat. Substan\u021be active: Extract de lavand\u0103 &#8211; miros fin, ceara &#8211; coafura perfecta cu&#8230;<\/p>\n","protected":false},"featured_media":337147,"comment_status":"closed","ping_status":"open","template":"","meta":{"_acf_changed":false,"_kadence_starter_templates_imported_post":false,"_kad_post_transparent":"","_kad_post_title":"","_kad_post_layout":"","_kad_post_sidebar_id":"","_kad_post_content_style":"","_kad_post_vertical_padding":"","_kad_post_feature":"","_kad_post_feature_position":"","_kad_post_header":false,"_kad_post_footer":false,"_kad_post_classname":""},"product_brand":[593],"product_cat":[246,667,623],"product_tag":[],"class_list":{"0":"post-260663","1":"product","2":"type-product","3":"status-publish","4":"has-post-thumbnail","6":"product_brand-tigi","7":"product_cat-cosmetice","8":"product_cat-produse-cosmetice-de-styling","9":"product_cat-produse-cosmetice-pentru-par","11":"first","12":"instock","13":"product-type-external","14":"entry","15":"content-bg","16":"loop-entry"},"acf":[],"yoast_head":"<!-- This site is optimized with the Yoast SEO plugin v27.4 - https:\/\/yoast.com\/product\/yoast-seo-wordpress\/ -->\n<title>Tigi Cear\u0103 de p\u0103r Bed Head (Hair Wax Stick For Cool People) 73 g - SHOPATOA.COM<\/title>\n<meta name=\"robots\" content=\"index, follow, max-snippet:-1, max-image-preview:large, max-video-preview:-1\" \/>\n<link rel=\"canonical\" href=\"https:\/\/shopatoa.com\/ro\/tigi-ceara-de-par-bed-head-hair-wax-stick-for-cool-people-73-g\/\" \/>\n<meta property=\"og:locale\" content=\"ro_RO\" \/>\n<meta property=\"og:type\" content=\"article\" \/>\n<meta property=\"og:title\" content=\"Tigi Cear\u0103 de p\u0103r Bed Head (Hair Wax Stick For Cool People) 73 g - SHOPATOA.COM\" \/>\n<meta property=\"og:description\" content=\"Ceara stick de p\u0103r la Bed Head dupa marca Tigi este proiectat pentru to\u021bi iubitorii de coafuri creative. Exper\u021bii de v\u00e2rf ai lumii au fost implica\u021bi \u00een dezvoltarea \u0219i rezultatul este \u00eentr-adev\u0103r meritat. De la firuri separate pronun\u021bate \u0219i creeaz\u0103 efect semi-mat. Substan\u021be active: Extract de lavand\u0103 &#8211; miros fin, ceara &#8211; coafura perfecta cu...\" \/>\n<meta property=\"og:url\" content=\"https:\/\/shopatoa.com\/ro\/tigi-ceara-de-par-bed-head-hair-wax-stick-for-cool-people-73-g\/\" \/>\n<meta property=\"og:site_name\" content=\"SHOPATOA\" \/>\n<meta property=\"article:modified_time\" content=\"2025-12-13T02:56:01+00:00\" \/>\n<meta property=\"og:image\" content=\"https:\/\/storage.googleapis.com\/cz-shopatoa-img\/ro\/21360836-unnamed-file.webp\" \/>\n\t<meta property=\"og:image:width\" content=\"800\" \/>\n\t<meta property=\"og:image:height\" content=\"800\" \/>\n\t<meta property=\"og:image:type\" content=\"image\/webp\" \/>\n<meta name=\"twitter:card\" content=\"summary_large_image\" \/>\n<script type=\"application\/ld+json\" class=\"yoast-schema-graph\">{\"@context\":\"https:\\\/\\\/schema.org\",\"@graph\":[{\"@type\":\"WebPage\",\"@id\":\"https:\\\/\\\/shopatoa.com\\\/ro\\\/tigi-ceara-de-par-bed-head-hair-wax-stick-for-cool-people-73-g\\\/\",\"url\":\"https:\\\/\\\/shopatoa.com\\\/ro\\\/tigi-ceara-de-par-bed-head-hair-wax-stick-for-cool-people-73-g\\\/\",\"name\":\"Tigi Cear\u0103 de p\u0103r Bed Head (Hair Wax Stick For Cool People) 73 g - SHOPATOA.COM\",\"isPartOf\":{\"@id\":\"https:\\\/\\\/shopatoa.com\\\/ro\\\/#website\"},\"primaryImageOfPage\":{\"@id\":\"https:\\\/\\\/shopatoa.com\\\/ro\\\/tigi-ceara-de-par-bed-head-hair-wax-stick-for-cool-people-73-g\\\/#primaryimage\"},\"image\":{\"@id\":\"https:\\\/\\\/shopatoa.com\\\/ro\\\/tigi-ceara-de-par-bed-head-hair-wax-stick-for-cool-people-73-g\\\/#primaryimage\"},\"thumbnailUrl\":\"https:\\\/\\\/storage.googleapis.com\\\/cz-shopatoa-img\\\/ro\\\/21360836-unnamed-file.webp\",\"datePublished\":\"2025-04-27T03:46:00+00:00\",\"dateModified\":\"2025-12-13T02:56:01+00:00\",\"breadcrumb\":{\"@id\":\"https:\\\/\\\/shopatoa.com\\\/ro\\\/tigi-ceara-de-par-bed-head-hair-wax-stick-for-cool-people-73-g\\\/#breadcrumb\"},\"inLanguage\":\"ro-RO\",\"potentialAction\":[{\"@type\":\"ReadAction\",\"target\":[\"https:\\\/\\\/shopatoa.com\\\/ro\\\/tigi-ceara-de-par-bed-head-hair-wax-stick-for-cool-people-73-g\\\/\"]}]},{\"@type\":\"ImageObject\",\"inLanguage\":\"ro-RO\",\"@id\":\"https:\\\/\\\/shopatoa.com\\\/ro\\\/tigi-ceara-de-par-bed-head-hair-wax-stick-for-cool-people-73-g\\\/#primaryimage\",\"url\":\"https:\\\/\\\/storage.googleapis.com\\\/cz-shopatoa-img\\\/ro\\\/21360836-unnamed-file.webp\",\"contentUrl\":\"https:\\\/\\\/storage.googleapis.com\\\/cz-shopatoa-img\\\/ro\\\/21360836-unnamed-file.webp\",\"width\":800,\"height\":800},{\"@type\":\"BreadcrumbList\",\"@id\":\"https:\\\/\\\/shopatoa.com\\\/ro\\\/tigi-ceara-de-par-bed-head-hair-wax-stick-for-cool-people-73-g\\\/#breadcrumb\",\"itemListElement\":[{\"@type\":\"ListItem\",\"position\":1,\"name\":\"Dom\u016f\",\"item\":\"https:\\\/\\\/shopatoa.com\\\/ro\\\/\"},{\"@type\":\"ListItem\",\"position\":2,\"name\":\"Shop\",\"item\":\"https:\\\/\\\/shopatoa.com\\\/ro\\\/shop\\\/\"},{\"@type\":\"ListItem\",\"position\":3,\"name\":\"Cosmetice\",\"item\":\"https:\\\/\\\/shopatoa.com\\\/ro\\\/cosmetice\\\/\"},{\"@type\":\"ListItem\",\"position\":4,\"name\":\"Produse cosmetice pentru p\u0103r\",\"item\":\"https:\\\/\\\/shopatoa.com\\\/ro\\\/produse-cosmetice-pentru-par\\\/\"},{\"@type\":\"ListItem\",\"position\":5,\"name\":\"Produse cosmetice de styling\",\"item\":\"https:\\\/\\\/shopatoa.com\\\/ro\\\/produse-cosmetice-de-styling\\\/\"},{\"@type\":\"ListItem\",\"position\":6,\"name\":\"Tigi Cear\u0103 de p\u0103r Bed Head (Hair Wax Stick For Cool People) 73 g\"}]},{\"@type\":\"WebSite\",\"@id\":\"https:\\\/\\\/shopatoa.com\\\/ro\\\/#website\",\"url\":\"https:\\\/\\\/shopatoa.com\\\/ro\\\/\",\"name\":\"SHOPATOA\",\"description\":\"\",\"publisher\":{\"@id\":\"https:\\\/\\\/shopatoa.com\\\/ro\\\/#organization\"},\"potentialAction\":[{\"@type\":\"SearchAction\",\"target\":{\"@type\":\"EntryPoint\",\"urlTemplate\":\"https:\\\/\\\/shopatoa.com\\\/ro\\\/?s={search_term_string}\"},\"query-input\":{\"@type\":\"PropertyValueSpecification\",\"valueRequired\":true,\"valueName\":\"search_term_string\"}}],\"inLanguage\":\"ro-RO\"},{\"@type\":\"Organization\",\"@id\":\"https:\\\/\\\/shopatoa.com\\\/ro\\\/#organization\",\"name\":\"SHOPATOA\",\"url\":\"https:\\\/\\\/shopatoa.com\\\/ro\\\/\",\"logo\":{\"@type\":\"ImageObject\",\"inLanguage\":\"ro-RO\",\"@id\":\"https:\\\/\\\/shopatoa.com\\\/ro\\\/#\\\/schema\\\/logo\\\/image\\\/\",\"url\":\"https:\\\/\\\/storage.googleapis.com\\\/cz-shopatoa-img\\\/ro\\\/b4dac915-shopatoa_logo.png\",\"contentUrl\":\"https:\\\/\\\/storage.googleapis.com\\\/cz-shopatoa-img\\\/ro\\\/b4dac915-shopatoa_logo.png\",\"width\":416,\"height\":63,\"caption\":\"SHOPATOA\"},\"image\":{\"@id\":\"https:\\\/\\\/shopatoa.com\\\/ro\\\/#\\\/schema\\\/logo\\\/image\\\/\"}}]}<\/script>\n<!-- \/ Yoast SEO plugin. -->","yoast_head_json":{"title":"Tigi Cear\u0103 de p\u0103r Bed Head (Hair Wax Stick For Cool People) 73 g - SHOPATOA.COM","robots":{"index":"index","follow":"follow","max-snippet":"max-snippet:-1","max-image-preview":"max-image-preview:large","max-video-preview":"max-video-preview:-1"},"canonical":"https:\/\/shopatoa.com\/ro\/tigi-ceara-de-par-bed-head-hair-wax-stick-for-cool-people-73-g\/","og_locale":"ro_RO","og_type":"article","og_title":"Tigi Cear\u0103 de p\u0103r Bed Head (Hair Wax Stick For Cool People) 73 g - SHOPATOA.COM","og_description":"Ceara stick de p\u0103r la Bed Head dupa marca Tigi este proiectat pentru to\u021bi iubitorii de coafuri creative. Exper\u021bii de v\u00e2rf ai lumii au fost implica\u021bi \u00een dezvoltarea \u0219i rezultatul este \u00eentr-adev\u0103r meritat. De la firuri separate pronun\u021bate \u0219i creeaz\u0103 efect semi-mat. Substan\u021be active: Extract de lavand\u0103 &#8211; miros fin, ceara &#8211; coafura perfecta cu...","og_url":"https:\/\/shopatoa.com\/ro\/tigi-ceara-de-par-bed-head-hair-wax-stick-for-cool-people-73-g\/","og_site_name":"SHOPATOA","article_modified_time":"2025-12-13T02:56:01+00:00","og_image":[{"width":800,"height":800,"url":"https:\/\/storage.googleapis.com\/cz-shopatoa-img\/ro\/21360836-unnamed-file.webp","type":"image\/webp"}],"twitter_card":"summary_large_image","schema":{"@context":"https:\/\/schema.org","@graph":[{"@type":"WebPage","@id":"https:\/\/shopatoa.com\/ro\/tigi-ceara-de-par-bed-head-hair-wax-stick-for-cool-people-73-g\/","url":"https:\/\/shopatoa.com\/ro\/tigi-ceara-de-par-bed-head-hair-wax-stick-for-cool-people-73-g\/","name":"Tigi Cear\u0103 de p\u0103r Bed Head (Hair Wax Stick For Cool People) 73 g - SHOPATOA.COM","isPartOf":{"@id":"https:\/\/shopatoa.com\/ro\/#website"},"primaryImageOfPage":{"@id":"https:\/\/shopatoa.com\/ro\/tigi-ceara-de-par-bed-head-hair-wax-stick-for-cool-people-73-g\/#primaryimage"},"image":{"@id":"https:\/\/shopatoa.com\/ro\/tigi-ceara-de-par-bed-head-hair-wax-stick-for-cool-people-73-g\/#primaryimage"},"thumbnailUrl":"https:\/\/storage.googleapis.com\/cz-shopatoa-img\/ro\/21360836-unnamed-file.webp","datePublished":"2025-04-27T03:46:00+00:00","dateModified":"2025-12-13T02:56:01+00:00","breadcrumb":{"@id":"https:\/\/shopatoa.com\/ro\/tigi-ceara-de-par-bed-head-hair-wax-stick-for-cool-people-73-g\/#breadcrumb"},"inLanguage":"ro-RO","potentialAction":[{"@type":"ReadAction","target":["https:\/\/shopatoa.com\/ro\/tigi-ceara-de-par-bed-head-hair-wax-stick-for-cool-people-73-g\/"]}]},{"@type":"ImageObject","inLanguage":"ro-RO","@id":"https:\/\/shopatoa.com\/ro\/tigi-ceara-de-par-bed-head-hair-wax-stick-for-cool-people-73-g\/#primaryimage","url":"https:\/\/storage.googleapis.com\/cz-shopatoa-img\/ro\/21360836-unnamed-file.webp","contentUrl":"https:\/\/storage.googleapis.com\/cz-shopatoa-img\/ro\/21360836-unnamed-file.webp","width":800,"height":800},{"@type":"BreadcrumbList","@id":"https:\/\/shopatoa.com\/ro\/tigi-ceara-de-par-bed-head-hair-wax-stick-for-cool-people-73-g\/#breadcrumb","itemListElement":[{"@type":"ListItem","position":1,"name":"Dom\u016f","item":"https:\/\/shopatoa.com\/ro\/"},{"@type":"ListItem","position":2,"name":"Shop","item":"https:\/\/shopatoa.com\/ro\/shop\/"},{"@type":"ListItem","position":3,"name":"Cosmetice","item":"https:\/\/shopatoa.com\/ro\/cosmetice\/"},{"@type":"ListItem","position":4,"name":"Produse cosmetice pentru p\u0103r","item":"https:\/\/shopatoa.com\/ro\/produse-cosmetice-pentru-par\/"},{"@type":"ListItem","position":5,"name":"Produse cosmetice de styling","item":"https:\/\/shopatoa.com\/ro\/produse-cosmetice-de-styling\/"},{"@type":"ListItem","position":6,"name":"Tigi Cear\u0103 de p\u0103r Bed Head (Hair Wax Stick For Cool People) 73 g"}]},{"@type":"WebSite","@id":"https:\/\/shopatoa.com\/ro\/#website","url":"https:\/\/shopatoa.com\/ro\/","name":"SHOPATOA","description":"","publisher":{"@id":"https:\/\/shopatoa.com\/ro\/#organization"},"potentialAction":[{"@type":"SearchAction","target":{"@type":"EntryPoint","urlTemplate":"https:\/\/shopatoa.com\/ro\/?s={search_term_string}"},"query-input":{"@type":"PropertyValueSpecification","valueRequired":true,"valueName":"search_term_string"}}],"inLanguage":"ro-RO"},{"@type":"Organization","@id":"https:\/\/shopatoa.com\/ro\/#organization","name":"SHOPATOA","url":"https:\/\/shopatoa.com\/ro\/","logo":{"@type":"ImageObject","inLanguage":"ro-RO","@id":"https:\/\/shopatoa.com\/ro\/#\/schema\/logo\/image\/","url":"https:\/\/storage.googleapis.com\/cz-shopatoa-img\/ro\/b4dac915-shopatoa_logo.png","contentUrl":"https:\/\/storage.googleapis.com\/cz-shopatoa-img\/ro\/b4dac915-shopatoa_logo.png","width":416,"height":63,"caption":"SHOPATOA"},"image":{"@id":"https:\/\/shopatoa.com\/ro\/#\/schema\/logo\/image\/"}}]}},"_links":{"self":[{"href":"https:\/\/shopatoa.com\/ro\/wp-json\/wp\/v2\/product\/260663","targetHints":{"allow":["GET"]}}],"collection":[{"href":"https:\/\/shopatoa.com\/ro\/wp-json\/wp\/v2\/product"}],"about":[{"href":"https:\/\/shopatoa.com\/ro\/wp-json\/wp\/v2\/types\/product"}],"replies":[{"embeddable":true,"href":"https:\/\/shopatoa.com\/ro\/wp-json\/wp\/v2\/comments?post=260663"}],"wp:featuredmedia":[{"embeddable":true,"href":"https:\/\/shopatoa.com\/ro\/wp-json\/wp\/v2\/media\/337147"}],"wp:attachment":[{"href":"https:\/\/shopatoa.com\/ro\/wp-json\/wp\/v2\/media?parent=260663"}],"wp:term":[{"taxonomy":"product_brand","embeddable":true,"href":"https:\/\/shopatoa.com\/ro\/wp-json\/wp\/v2\/product_brand?post=260663"},{"taxonomy":"product_cat","embeddable":true,"href":"https:\/\/shopatoa.com\/ro\/wp-json\/wp\/v2\/product_cat?post=260663"},{"taxonomy":"product_tag","embeddable":true,"href":"https:\/\/shopatoa.com\/ro\/wp-json\/wp\/v2\/product_tag?post=260663"}],"curies":[{"name":"wp","href":"https:\/\/api.w.org\/{rel}","templated":true}]}}