{"id":260665,"date":"2025-04-27T05:46:21","date_gmt":"2025-04-27T03:46:21","guid":{"rendered":"https:\/\/shopatoa.com\/ro\/adiel-plasturi-de-detoxifiere-biomagick-14-buc\/"},"modified":"2025-12-13T03:55:57","modified_gmt":"2025-12-13T02:55:57","slug":"adiel-plasturi-de-detoxifiere-biomagick-14-buc","status":"publish","type":"product","link":"https:\/\/shopatoa.com\/ro\/adiel-plasturi-de-detoxifiere-biomagick-14-buc\/","title":{"rendered":"Adiel Plasturi de detoxifiere BioMagick 14 buc"},"content":{"rendered":"<p>Plasturile de detoxifiere sunt o modalitate sigur\u0103, neinvaziv\u0103 \u0219i eficient\u0103 de a cur\u0103\u021ba organismul. Ele sus\u021bin absorb\u021bia substan\u021belor toxice \u0219i care pun \u00een pericol s\u0103n\u0103tatea din organism prin piele. Acest proces de detoxifiere nu este doar revitalizant \u0219i cur\u0103\u021b\u0103, dar \u0219i \u00eent\u0103re\u0219te sistemul imunitar \u00een acela\u0219i timp. Rezultatul poate fi, printre altele, o circula\u021bie a s\u00e2ngelui \u00eembun\u0103t\u0103\u021bit\u0103 \u0219i o func\u021bie metabolic\u0103 mai bun\u0103. Datorit\u0103 \u00eenc\u0103lzirii u\u0219oare la locul aplic\u0103rii, favorizeaz\u0103 \u0219i un somn bun \u0219i de calitate \u0219i relaxeaz\u0103 mu\u0219chii.<\/p>\n","protected":false},"excerpt":{"rendered":"<p>Plasturile de detoxifiere sunt o modalitate sigur\u0103, neinvaziv\u0103 \u0219i eficient\u0103 de a cur\u0103\u021ba organismul. Ele sus\u021bin absorb\u021bia substan\u021belor toxice \u0219i care pun \u00een pericol s\u0103n\u0103tatea din organism prin piele. Acest proces de detoxifiere nu este doar revitalizant \u0219i cur\u0103\u021b\u0103, dar \u0219i \u00eent\u0103re\u0219te sistemul imunitar \u00een acela\u0219i timp. Rezultatul poate fi, printre altele, o circula\u021bie a&#8230;<\/p>\n","protected":false},"featured_media":337148,"comment_status":"closed","ping_status":"open","template":"","meta":{"_acf_changed":false,"_kadence_starter_templates_imported_post":false,"_kad_post_transparent":"","_kad_post_title":"","_kad_post_layout":"","_kad_post_sidebar_id":"","_kad_post_content_style":"","_kad_post_vertical_padding":"","_kad_post_feature":"","_kad_post_feature_position":"","_kad_post_header":false,"_kad_post_footer":false,"_kad_post_classname":""},"product_brand":[971],"product_cat":[972,353],"product_tag":[],"class_list":{"0":"post-260665","1":"product","2":"type-product","3":"status-publish","4":"has-post-thumbnail","6":"product_brand-adiel","7":"product_cat-pregatiri-pentru-sanatate","8":"product_cat-sanatate","10":"first","11":"instock","12":"product-type-external","13":"entry","14":"content-bg","15":"loop-entry"},"acf":[],"yoast_head":"<!-- This site is optimized with the Yoast SEO plugin v27.4 - https:\/\/yoast.com\/product\/yoast-seo-wordpress\/ -->\n<title>Adiel Plasturi de detoxifiere BioMagick 14 buc - SHOPATOA.COM<\/title>\n<meta name=\"robots\" content=\"index, follow, max-snippet:-1, max-image-preview:large, max-video-preview:-1\" \/>\n<link rel=\"canonical\" href=\"https:\/\/shopatoa.com\/ro\/adiel-plasturi-de-detoxifiere-biomagick-14-buc\/\" \/>\n<meta property=\"og:locale\" content=\"ro_RO\" \/>\n<meta property=\"og:type\" content=\"article\" \/>\n<meta property=\"og:title\" content=\"Adiel Plasturi de detoxifiere BioMagick 14 buc - SHOPATOA.COM\" \/>\n<meta property=\"og:description\" content=\"Plasturile de detoxifiere sunt o modalitate sigur\u0103, neinvaziv\u0103 \u0219i eficient\u0103 de a cur\u0103\u021ba organismul. Ele sus\u021bin absorb\u021bia substan\u021belor toxice \u0219i care pun \u00een pericol s\u0103n\u0103tatea din organism prin piele. Acest proces de detoxifiere nu este doar revitalizant \u0219i cur\u0103\u021b\u0103, dar \u0219i \u00eent\u0103re\u0219te sistemul imunitar \u00een acela\u0219i timp. Rezultatul poate fi, printre altele, o circula\u021bie a...\" \/>\n<meta property=\"og:url\" content=\"https:\/\/shopatoa.com\/ro\/adiel-plasturi-de-detoxifiere-biomagick-14-buc\/\" \/>\n<meta property=\"og:site_name\" content=\"SHOPATOA\" \/>\n<meta property=\"article:modified_time\" content=\"2025-12-13T02:55:57+00:00\" \/>\n<meta property=\"og:image\" content=\"https:\/\/storage.googleapis.com\/cz-shopatoa-img\/ro\/1a6a05fe-unnamed-file.webp\" \/>\n\t<meta property=\"og:image:width\" content=\"800\" \/>\n\t<meta property=\"og:image:height\" content=\"800\" \/>\n\t<meta property=\"og:image:type\" content=\"image\/webp\" \/>\n<meta name=\"twitter:card\" content=\"summary_large_image\" \/>\n<script type=\"application\/ld+json\" class=\"yoast-schema-graph\">{\"@context\":\"https:\\\/\\\/schema.org\",\"@graph\":[{\"@type\":\"WebPage\",\"@id\":\"https:\\\/\\\/shopatoa.com\\\/ro\\\/adiel-plasturi-de-detoxifiere-biomagick-14-buc\\\/\",\"url\":\"https:\\\/\\\/shopatoa.com\\\/ro\\\/adiel-plasturi-de-detoxifiere-biomagick-14-buc\\\/\",\"name\":\"Adiel Plasturi de detoxifiere BioMagick 14 buc - SHOPATOA.COM\",\"isPartOf\":{\"@id\":\"https:\\\/\\\/shopatoa.com\\\/ro\\\/#website\"},\"primaryImageOfPage\":{\"@id\":\"https:\\\/\\\/shopatoa.com\\\/ro\\\/adiel-plasturi-de-detoxifiere-biomagick-14-buc\\\/#primaryimage\"},\"image\":{\"@id\":\"https:\\\/\\\/shopatoa.com\\\/ro\\\/adiel-plasturi-de-detoxifiere-biomagick-14-buc\\\/#primaryimage\"},\"thumbnailUrl\":\"https:\\\/\\\/storage.googleapis.com\\\/cz-shopatoa-img\\\/ro\\\/1a6a05fe-unnamed-file.webp\",\"datePublished\":\"2025-04-27T03:46:21+00:00\",\"dateModified\":\"2025-12-13T02:55:57+00:00\",\"breadcrumb\":{\"@id\":\"https:\\\/\\\/shopatoa.com\\\/ro\\\/adiel-plasturi-de-detoxifiere-biomagick-14-buc\\\/#breadcrumb\"},\"inLanguage\":\"ro-RO\",\"potentialAction\":[{\"@type\":\"ReadAction\",\"target\":[\"https:\\\/\\\/shopatoa.com\\\/ro\\\/adiel-plasturi-de-detoxifiere-biomagick-14-buc\\\/\"]}]},{\"@type\":\"ImageObject\",\"inLanguage\":\"ro-RO\",\"@id\":\"https:\\\/\\\/shopatoa.com\\\/ro\\\/adiel-plasturi-de-detoxifiere-biomagick-14-buc\\\/#primaryimage\",\"url\":\"https:\\\/\\\/storage.googleapis.com\\\/cz-shopatoa-img\\\/ro\\\/1a6a05fe-unnamed-file.webp\",\"contentUrl\":\"https:\\\/\\\/storage.googleapis.com\\\/cz-shopatoa-img\\\/ro\\\/1a6a05fe-unnamed-file.webp\",\"width\":800,\"height\":800},{\"@type\":\"BreadcrumbList\",\"@id\":\"https:\\\/\\\/shopatoa.com\\\/ro\\\/adiel-plasturi-de-detoxifiere-biomagick-14-buc\\\/#breadcrumb\",\"itemListElement\":[{\"@type\":\"ListItem\",\"position\":1,\"name\":\"Dom\u016f\",\"item\":\"https:\\\/\\\/shopatoa.com\\\/ro\\\/\"},{\"@type\":\"ListItem\",\"position\":2,\"name\":\"Shop\",\"item\":\"https:\\\/\\\/shopatoa.com\\\/ro\\\/shop\\\/\"},{\"@type\":\"ListItem\",\"position\":3,\"name\":\"S\u0103n\u0103tate\",\"item\":\"https:\\\/\\\/shopatoa.com\\\/ro\\\/sanatate\\\/\"},{\"@type\":\"ListItem\",\"position\":4,\"name\":\"Preg\u0103tiri pentru s\u0103n\u0103tate\",\"item\":\"https:\\\/\\\/shopatoa.com\\\/ro\\\/pregatiri-pentru-sanatate\\\/\"},{\"@type\":\"ListItem\",\"position\":5,\"name\":\"Adiel Plasturi de detoxifiere BioMagick 14 buc\"}]},{\"@type\":\"WebSite\",\"@id\":\"https:\\\/\\\/shopatoa.com\\\/ro\\\/#website\",\"url\":\"https:\\\/\\\/shopatoa.com\\\/ro\\\/\",\"name\":\"SHOPATOA\",\"description\":\"\",\"publisher\":{\"@id\":\"https:\\\/\\\/shopatoa.com\\\/ro\\\/#organization\"},\"potentialAction\":[{\"@type\":\"SearchAction\",\"target\":{\"@type\":\"EntryPoint\",\"urlTemplate\":\"https:\\\/\\\/shopatoa.com\\\/ro\\\/?s={search_term_string}\"},\"query-input\":{\"@type\":\"PropertyValueSpecification\",\"valueRequired\":true,\"valueName\":\"search_term_string\"}}],\"inLanguage\":\"ro-RO\"},{\"@type\":\"Organization\",\"@id\":\"https:\\\/\\\/shopatoa.com\\\/ro\\\/#organization\",\"name\":\"SHOPATOA\",\"url\":\"https:\\\/\\\/shopatoa.com\\\/ro\\\/\",\"logo\":{\"@type\":\"ImageObject\",\"inLanguage\":\"ro-RO\",\"@id\":\"https:\\\/\\\/shopatoa.com\\\/ro\\\/#\\\/schema\\\/logo\\\/image\\\/\",\"url\":\"https:\\\/\\\/storage.googleapis.com\\\/cz-shopatoa-img\\\/ro\\\/b4dac915-shopatoa_logo.png\",\"contentUrl\":\"https:\\\/\\\/storage.googleapis.com\\\/cz-shopatoa-img\\\/ro\\\/b4dac915-shopatoa_logo.png\",\"width\":416,\"height\":63,\"caption\":\"SHOPATOA\"},\"image\":{\"@id\":\"https:\\\/\\\/shopatoa.com\\\/ro\\\/#\\\/schema\\\/logo\\\/image\\\/\"}}]}<\/script>\n<!-- \/ Yoast SEO plugin. -->","yoast_head_json":{"title":"Adiel Plasturi de detoxifiere BioMagick 14 buc - SHOPATOA.COM","robots":{"index":"index","follow":"follow","max-snippet":"max-snippet:-1","max-image-preview":"max-image-preview:large","max-video-preview":"max-video-preview:-1"},"canonical":"https:\/\/shopatoa.com\/ro\/adiel-plasturi-de-detoxifiere-biomagick-14-buc\/","og_locale":"ro_RO","og_type":"article","og_title":"Adiel Plasturi de detoxifiere BioMagick 14 buc - SHOPATOA.COM","og_description":"Plasturile de detoxifiere sunt o modalitate sigur\u0103, neinvaziv\u0103 \u0219i eficient\u0103 de a cur\u0103\u021ba organismul. Ele sus\u021bin absorb\u021bia substan\u021belor toxice \u0219i care pun \u00een pericol s\u0103n\u0103tatea din organism prin piele. Acest proces de detoxifiere nu este doar revitalizant \u0219i cur\u0103\u021b\u0103, dar \u0219i \u00eent\u0103re\u0219te sistemul imunitar \u00een acela\u0219i timp. Rezultatul poate fi, printre altele, o circula\u021bie a...","og_url":"https:\/\/shopatoa.com\/ro\/adiel-plasturi-de-detoxifiere-biomagick-14-buc\/","og_site_name":"SHOPATOA","article_modified_time":"2025-12-13T02:55:57+00:00","og_image":[{"width":800,"height":800,"url":"https:\/\/storage.googleapis.com\/cz-shopatoa-img\/ro\/1a6a05fe-unnamed-file.webp","type":"image\/webp"}],"twitter_card":"summary_large_image","schema":{"@context":"https:\/\/schema.org","@graph":[{"@type":"WebPage","@id":"https:\/\/shopatoa.com\/ro\/adiel-plasturi-de-detoxifiere-biomagick-14-buc\/","url":"https:\/\/shopatoa.com\/ro\/adiel-plasturi-de-detoxifiere-biomagick-14-buc\/","name":"Adiel Plasturi de detoxifiere BioMagick 14 buc - SHOPATOA.COM","isPartOf":{"@id":"https:\/\/shopatoa.com\/ro\/#website"},"primaryImageOfPage":{"@id":"https:\/\/shopatoa.com\/ro\/adiel-plasturi-de-detoxifiere-biomagick-14-buc\/#primaryimage"},"image":{"@id":"https:\/\/shopatoa.com\/ro\/adiel-plasturi-de-detoxifiere-biomagick-14-buc\/#primaryimage"},"thumbnailUrl":"https:\/\/storage.googleapis.com\/cz-shopatoa-img\/ro\/1a6a05fe-unnamed-file.webp","datePublished":"2025-04-27T03:46:21+00:00","dateModified":"2025-12-13T02:55:57+00:00","breadcrumb":{"@id":"https:\/\/shopatoa.com\/ro\/adiel-plasturi-de-detoxifiere-biomagick-14-buc\/#breadcrumb"},"inLanguage":"ro-RO","potentialAction":[{"@type":"ReadAction","target":["https:\/\/shopatoa.com\/ro\/adiel-plasturi-de-detoxifiere-biomagick-14-buc\/"]}]},{"@type":"ImageObject","inLanguage":"ro-RO","@id":"https:\/\/shopatoa.com\/ro\/adiel-plasturi-de-detoxifiere-biomagick-14-buc\/#primaryimage","url":"https:\/\/storage.googleapis.com\/cz-shopatoa-img\/ro\/1a6a05fe-unnamed-file.webp","contentUrl":"https:\/\/storage.googleapis.com\/cz-shopatoa-img\/ro\/1a6a05fe-unnamed-file.webp","width":800,"height":800},{"@type":"BreadcrumbList","@id":"https:\/\/shopatoa.com\/ro\/adiel-plasturi-de-detoxifiere-biomagick-14-buc\/#breadcrumb","itemListElement":[{"@type":"ListItem","position":1,"name":"Dom\u016f","item":"https:\/\/shopatoa.com\/ro\/"},{"@type":"ListItem","position":2,"name":"Shop","item":"https:\/\/shopatoa.com\/ro\/shop\/"},{"@type":"ListItem","position":3,"name":"S\u0103n\u0103tate","item":"https:\/\/shopatoa.com\/ro\/sanatate\/"},{"@type":"ListItem","position":4,"name":"Preg\u0103tiri pentru s\u0103n\u0103tate","item":"https:\/\/shopatoa.com\/ro\/pregatiri-pentru-sanatate\/"},{"@type":"ListItem","position":5,"name":"Adiel Plasturi de detoxifiere BioMagick 14 buc"}]},{"@type":"WebSite","@id":"https:\/\/shopatoa.com\/ro\/#website","url":"https:\/\/shopatoa.com\/ro\/","name":"SHOPATOA","description":"","publisher":{"@id":"https:\/\/shopatoa.com\/ro\/#organization"},"potentialAction":[{"@type":"SearchAction","target":{"@type":"EntryPoint","urlTemplate":"https:\/\/shopatoa.com\/ro\/?s={search_term_string}"},"query-input":{"@type":"PropertyValueSpecification","valueRequired":true,"valueName":"search_term_string"}}],"inLanguage":"ro-RO"},{"@type":"Organization","@id":"https:\/\/shopatoa.com\/ro\/#organization","name":"SHOPATOA","url":"https:\/\/shopatoa.com\/ro\/","logo":{"@type":"ImageObject","inLanguage":"ro-RO","@id":"https:\/\/shopatoa.com\/ro\/#\/schema\/logo\/image\/","url":"https:\/\/storage.googleapis.com\/cz-shopatoa-img\/ro\/b4dac915-shopatoa_logo.png","contentUrl":"https:\/\/storage.googleapis.com\/cz-shopatoa-img\/ro\/b4dac915-shopatoa_logo.png","width":416,"height":63,"caption":"SHOPATOA"},"image":{"@id":"https:\/\/shopatoa.com\/ro\/#\/schema\/logo\/image\/"}}]}},"_links":{"self":[{"href":"https:\/\/shopatoa.com\/ro\/wp-json\/wp\/v2\/product\/260665","targetHints":{"allow":["GET"]}}],"collection":[{"href":"https:\/\/shopatoa.com\/ro\/wp-json\/wp\/v2\/product"}],"about":[{"href":"https:\/\/shopatoa.com\/ro\/wp-json\/wp\/v2\/types\/product"}],"replies":[{"embeddable":true,"href":"https:\/\/shopatoa.com\/ro\/wp-json\/wp\/v2\/comments?post=260665"}],"wp:featuredmedia":[{"embeddable":true,"href":"https:\/\/shopatoa.com\/ro\/wp-json\/wp\/v2\/media\/337148"}],"wp:attachment":[{"href":"https:\/\/shopatoa.com\/ro\/wp-json\/wp\/v2\/media?parent=260665"}],"wp:term":[{"taxonomy":"product_brand","embeddable":true,"href":"https:\/\/shopatoa.com\/ro\/wp-json\/wp\/v2\/product_brand?post=260665"},{"taxonomy":"product_cat","embeddable":true,"href":"https:\/\/shopatoa.com\/ro\/wp-json\/wp\/v2\/product_cat?post=260665"},{"taxonomy":"product_tag","embeddable":true,"href":"https:\/\/shopatoa.com\/ro\/wp-json\/wp\/v2\/product_tag?post=260665"}],"curies":[{"name":"wp","href":"https:\/\/api.w.org\/{rel}","templated":true}]}}