{"id":260673,"date":"2025-04-27T05:50:34","date_gmt":"2025-04-27T03:50:34","guid":{"rendered":"https:\/\/shopatoa.com\/ro\/schwarzkopf-professional-pudra-matifianta-dust-it-10-g\/"},"modified":"2025-12-13T03:45:15","modified_gmt":"2025-12-13T02:45:15","slug":"schwarzkopf-professional-pudra-matifianta-dust-it-10-g","status":"publish","type":"product","link":"https:\/\/shopatoa.com\/ro\/schwarzkopf-professional-pudra-matifianta-dust-it-10-g\/","title":{"rendered":"Schwarzkopf Professional Pudr\u0103 matifiant\u0103 Dust It 10 g"},"content":{"rendered":"<p>Pudra multifunc\u021bional\u0103 cu greutate redus\u0103 pentru structurarea coafurii creeaz\u0103 un aspect perfect mat \u0219i men\u021bine forma p\u0103rului pe tot parcursul zilei. Aplicarea sa este foarte u\u0219oar\u0103 \u0219i efectul semnificativ v\u0103 va surprinde chiar \u0219i atunci c\u00e2nd se utilizeaz\u0103 cantit\u0103\u021bi foarte mici de pudr\u0103. Compozi\u021bie unic\u0103 de silicat, care ofer\u0103 volum p\u0103rului. Un produs unic, pe care pur \u0219i simplu trebuie s\u0103 \u00eel ave\u021bi. A\u021bi auzit despre clipul revolu\u021bionar patentat de p\u0103r CLIP Linziclip? Linziclip este un clip complet nou dezvoltat, patentat si din\u021bat care v\u0103 va captiva la fel cum va captiva \u00eentreaga lume! Linziclip ,este de ajuns s\u0103-l fixati si puteti merge.<\/p>\n","protected":false},"excerpt":{"rendered":"<p>Pudra multifunc\u021bional\u0103 cu greutate redus\u0103 pentru structurarea coafurii creeaz\u0103 un aspect perfect mat \u0219i men\u021bine forma p\u0103rului pe tot parcursul zilei. Aplicarea sa este foarte u\u0219oar\u0103 \u0219i efectul semnificativ v\u0103 va surprinde chiar \u0219i atunci c\u00e2nd se utilizeaz\u0103 cantit\u0103\u021bi foarte mici de pudr\u0103. Compozi\u021bie unic\u0103 de silicat, care ofer\u0103 volum p\u0103rului. Un produs unic, pe&#8230;<\/p>\n","protected":false},"featured_media":337156,"comment_status":"closed","ping_status":"open","template":"","meta":{"_acf_changed":false,"_kadence_starter_templates_imported_post":false,"_kad_post_transparent":"","_kad_post_title":"","_kad_post_layout":"","_kad_post_sidebar_id":"","_kad_post_content_style":"","_kad_post_vertical_padding":"","_kad_post_feature":"","_kad_post_feature_position":"","_kad_post_header":false,"_kad_post_footer":false,"_kad_post_classname":""},"product_brand":[231],"product_cat":[246,667,623],"product_tag":[],"class_list":{"0":"post-260673","1":"product","2":"type-product","3":"status-publish","4":"has-post-thumbnail","6":"product_brand-schwarzkopf-professional","7":"product_cat-cosmetice","8":"product_cat-produse-cosmetice-de-styling","9":"product_cat-produse-cosmetice-pentru-par","11":"first","12":"instock","13":"sale","14":"product-type-external","15":"entry","16":"content-bg","17":"loop-entry"},"acf":[],"yoast_head":"<!-- This site is optimized with the Yoast SEO plugin v27.4 - https:\/\/yoast.com\/product\/yoast-seo-wordpress\/ -->\n<title>Schwarzkopf Professional Pudr\u0103 matifiant\u0103 Dust It 10 g - SHOPATOA.COM<\/title>\n<meta name=\"robots\" content=\"index, follow, max-snippet:-1, max-image-preview:large, max-video-preview:-1\" \/>\n<link rel=\"canonical\" href=\"https:\/\/shopatoa.com\/ro\/schwarzkopf-professional-pudra-matifianta-dust-it-10-g\/\" \/>\n<meta property=\"og:locale\" content=\"ro_RO\" \/>\n<meta property=\"og:type\" content=\"article\" \/>\n<meta property=\"og:title\" content=\"Schwarzkopf Professional Pudr\u0103 matifiant\u0103 Dust It 10 g - SHOPATOA.COM\" \/>\n<meta property=\"og:description\" content=\"Pudra multifunc\u021bional\u0103 cu greutate redus\u0103 pentru structurarea coafurii creeaz\u0103 un aspect perfect mat \u0219i men\u021bine forma p\u0103rului pe tot parcursul zilei. Aplicarea sa este foarte u\u0219oar\u0103 \u0219i efectul semnificativ v\u0103 va surprinde chiar \u0219i atunci c\u00e2nd se utilizeaz\u0103 cantit\u0103\u021bi foarte mici de pudr\u0103. Compozi\u021bie unic\u0103 de silicat, care ofer\u0103 volum p\u0103rului. Un produs unic, pe...\" \/>\n<meta property=\"og:url\" content=\"https:\/\/shopatoa.com\/ro\/schwarzkopf-professional-pudra-matifianta-dust-it-10-g\/\" \/>\n<meta property=\"og:site_name\" content=\"SHOPATOA\" \/>\n<meta property=\"article:modified_time\" content=\"2025-12-13T02:45:15+00:00\" \/>\n<meta property=\"og:image\" content=\"https:\/\/storage.googleapis.com\/cz-shopatoa-img\/ro\/6ad3c147-unnamed-file.webp\" \/>\n\t<meta property=\"og:image:width\" content=\"800\" \/>\n\t<meta property=\"og:image:height\" content=\"800\" \/>\n\t<meta property=\"og:image:type\" content=\"image\/webp\" \/>\n<meta name=\"twitter:card\" content=\"summary_large_image\" \/>\n<meta name=\"twitter:label1\" content=\"Timp estimat pentru citire\" \/>\n\t<meta name=\"twitter:data1\" content=\"1 minut\" \/>\n<script type=\"application\/ld+json\" class=\"yoast-schema-graph\">{\"@context\":\"https:\\\/\\\/schema.org\",\"@graph\":[{\"@type\":\"WebPage\",\"@id\":\"https:\\\/\\\/shopatoa.com\\\/ro\\\/schwarzkopf-professional-pudra-matifianta-dust-it-10-g\\\/\",\"url\":\"https:\\\/\\\/shopatoa.com\\\/ro\\\/schwarzkopf-professional-pudra-matifianta-dust-it-10-g\\\/\",\"name\":\"Schwarzkopf Professional Pudr\u0103 matifiant\u0103 Dust It 10 g - SHOPATOA.COM\",\"isPartOf\":{\"@id\":\"https:\\\/\\\/shopatoa.com\\\/ro\\\/#website\"},\"primaryImageOfPage\":{\"@id\":\"https:\\\/\\\/shopatoa.com\\\/ro\\\/schwarzkopf-professional-pudra-matifianta-dust-it-10-g\\\/#primaryimage\"},\"image\":{\"@id\":\"https:\\\/\\\/shopatoa.com\\\/ro\\\/schwarzkopf-professional-pudra-matifianta-dust-it-10-g\\\/#primaryimage\"},\"thumbnailUrl\":\"https:\\\/\\\/storage.googleapis.com\\\/cz-shopatoa-img\\\/ro\\\/6ad3c147-unnamed-file.webp\",\"datePublished\":\"2025-04-27T03:50:34+00:00\",\"dateModified\":\"2025-12-13T02:45:15+00:00\",\"breadcrumb\":{\"@id\":\"https:\\\/\\\/shopatoa.com\\\/ro\\\/schwarzkopf-professional-pudra-matifianta-dust-it-10-g\\\/#breadcrumb\"},\"inLanguage\":\"ro-RO\",\"potentialAction\":[{\"@type\":\"ReadAction\",\"target\":[\"https:\\\/\\\/shopatoa.com\\\/ro\\\/schwarzkopf-professional-pudra-matifianta-dust-it-10-g\\\/\"]}]},{\"@type\":\"ImageObject\",\"inLanguage\":\"ro-RO\",\"@id\":\"https:\\\/\\\/shopatoa.com\\\/ro\\\/schwarzkopf-professional-pudra-matifianta-dust-it-10-g\\\/#primaryimage\",\"url\":\"https:\\\/\\\/storage.googleapis.com\\\/cz-shopatoa-img\\\/ro\\\/6ad3c147-unnamed-file.webp\",\"contentUrl\":\"https:\\\/\\\/storage.googleapis.com\\\/cz-shopatoa-img\\\/ro\\\/6ad3c147-unnamed-file.webp\",\"width\":800,\"height\":800},{\"@type\":\"BreadcrumbList\",\"@id\":\"https:\\\/\\\/shopatoa.com\\\/ro\\\/schwarzkopf-professional-pudra-matifianta-dust-it-10-g\\\/#breadcrumb\",\"itemListElement\":[{\"@type\":\"ListItem\",\"position\":1,\"name\":\"Dom\u016f\",\"item\":\"https:\\\/\\\/shopatoa.com\\\/ro\\\/\"},{\"@type\":\"ListItem\",\"position\":2,\"name\":\"Shop\",\"item\":\"https:\\\/\\\/shopatoa.com\\\/ro\\\/shop\\\/\"},{\"@type\":\"ListItem\",\"position\":3,\"name\":\"Cosmetice\",\"item\":\"https:\\\/\\\/shopatoa.com\\\/ro\\\/cosmetice\\\/\"},{\"@type\":\"ListItem\",\"position\":4,\"name\":\"Produse cosmetice pentru p\u0103r\",\"item\":\"https:\\\/\\\/shopatoa.com\\\/ro\\\/produse-cosmetice-pentru-par\\\/\"},{\"@type\":\"ListItem\",\"position\":5,\"name\":\"Produse cosmetice de styling\",\"item\":\"https:\\\/\\\/shopatoa.com\\\/ro\\\/produse-cosmetice-de-styling\\\/\"},{\"@type\":\"ListItem\",\"position\":6,\"name\":\"Schwarzkopf Professional Pudr\u0103 matifiant\u0103 Dust It 10 g\"}]},{\"@type\":\"WebSite\",\"@id\":\"https:\\\/\\\/shopatoa.com\\\/ro\\\/#website\",\"url\":\"https:\\\/\\\/shopatoa.com\\\/ro\\\/\",\"name\":\"SHOPATOA\",\"description\":\"\",\"publisher\":{\"@id\":\"https:\\\/\\\/shopatoa.com\\\/ro\\\/#organization\"},\"potentialAction\":[{\"@type\":\"SearchAction\",\"target\":{\"@type\":\"EntryPoint\",\"urlTemplate\":\"https:\\\/\\\/shopatoa.com\\\/ro\\\/?s={search_term_string}\"},\"query-input\":{\"@type\":\"PropertyValueSpecification\",\"valueRequired\":true,\"valueName\":\"search_term_string\"}}],\"inLanguage\":\"ro-RO\"},{\"@type\":\"Organization\",\"@id\":\"https:\\\/\\\/shopatoa.com\\\/ro\\\/#organization\",\"name\":\"SHOPATOA\",\"url\":\"https:\\\/\\\/shopatoa.com\\\/ro\\\/\",\"logo\":{\"@type\":\"ImageObject\",\"inLanguage\":\"ro-RO\",\"@id\":\"https:\\\/\\\/shopatoa.com\\\/ro\\\/#\\\/schema\\\/logo\\\/image\\\/\",\"url\":\"https:\\\/\\\/storage.googleapis.com\\\/cz-shopatoa-img\\\/ro\\\/b4dac915-shopatoa_logo.png\",\"contentUrl\":\"https:\\\/\\\/storage.googleapis.com\\\/cz-shopatoa-img\\\/ro\\\/b4dac915-shopatoa_logo.png\",\"width\":416,\"height\":63,\"caption\":\"SHOPATOA\"},\"image\":{\"@id\":\"https:\\\/\\\/shopatoa.com\\\/ro\\\/#\\\/schema\\\/logo\\\/image\\\/\"}}]}<\/script>\n<!-- \/ Yoast SEO plugin. -->","yoast_head_json":{"title":"Schwarzkopf Professional Pudr\u0103 matifiant\u0103 Dust It 10 g - SHOPATOA.COM","robots":{"index":"index","follow":"follow","max-snippet":"max-snippet:-1","max-image-preview":"max-image-preview:large","max-video-preview":"max-video-preview:-1"},"canonical":"https:\/\/shopatoa.com\/ro\/schwarzkopf-professional-pudra-matifianta-dust-it-10-g\/","og_locale":"ro_RO","og_type":"article","og_title":"Schwarzkopf Professional Pudr\u0103 matifiant\u0103 Dust It 10 g - SHOPATOA.COM","og_description":"Pudra multifunc\u021bional\u0103 cu greutate redus\u0103 pentru structurarea coafurii creeaz\u0103 un aspect perfect mat \u0219i men\u021bine forma p\u0103rului pe tot parcursul zilei. Aplicarea sa este foarte u\u0219oar\u0103 \u0219i efectul semnificativ v\u0103 va surprinde chiar \u0219i atunci c\u00e2nd se utilizeaz\u0103 cantit\u0103\u021bi foarte mici de pudr\u0103. Compozi\u021bie unic\u0103 de silicat, care ofer\u0103 volum p\u0103rului. Un produs unic, pe...","og_url":"https:\/\/shopatoa.com\/ro\/schwarzkopf-professional-pudra-matifianta-dust-it-10-g\/","og_site_name":"SHOPATOA","article_modified_time":"2025-12-13T02:45:15+00:00","og_image":[{"width":800,"height":800,"url":"https:\/\/storage.googleapis.com\/cz-shopatoa-img\/ro\/6ad3c147-unnamed-file.webp","type":"image\/webp"}],"twitter_card":"summary_large_image","twitter_misc":{"Timp estimat pentru citire":"1 minut"},"schema":{"@context":"https:\/\/schema.org","@graph":[{"@type":"WebPage","@id":"https:\/\/shopatoa.com\/ro\/schwarzkopf-professional-pudra-matifianta-dust-it-10-g\/","url":"https:\/\/shopatoa.com\/ro\/schwarzkopf-professional-pudra-matifianta-dust-it-10-g\/","name":"Schwarzkopf Professional Pudr\u0103 matifiant\u0103 Dust It 10 g - SHOPATOA.COM","isPartOf":{"@id":"https:\/\/shopatoa.com\/ro\/#website"},"primaryImageOfPage":{"@id":"https:\/\/shopatoa.com\/ro\/schwarzkopf-professional-pudra-matifianta-dust-it-10-g\/#primaryimage"},"image":{"@id":"https:\/\/shopatoa.com\/ro\/schwarzkopf-professional-pudra-matifianta-dust-it-10-g\/#primaryimage"},"thumbnailUrl":"https:\/\/storage.googleapis.com\/cz-shopatoa-img\/ro\/6ad3c147-unnamed-file.webp","datePublished":"2025-04-27T03:50:34+00:00","dateModified":"2025-12-13T02:45:15+00:00","breadcrumb":{"@id":"https:\/\/shopatoa.com\/ro\/schwarzkopf-professional-pudra-matifianta-dust-it-10-g\/#breadcrumb"},"inLanguage":"ro-RO","potentialAction":[{"@type":"ReadAction","target":["https:\/\/shopatoa.com\/ro\/schwarzkopf-professional-pudra-matifianta-dust-it-10-g\/"]}]},{"@type":"ImageObject","inLanguage":"ro-RO","@id":"https:\/\/shopatoa.com\/ro\/schwarzkopf-professional-pudra-matifianta-dust-it-10-g\/#primaryimage","url":"https:\/\/storage.googleapis.com\/cz-shopatoa-img\/ro\/6ad3c147-unnamed-file.webp","contentUrl":"https:\/\/storage.googleapis.com\/cz-shopatoa-img\/ro\/6ad3c147-unnamed-file.webp","width":800,"height":800},{"@type":"BreadcrumbList","@id":"https:\/\/shopatoa.com\/ro\/schwarzkopf-professional-pudra-matifianta-dust-it-10-g\/#breadcrumb","itemListElement":[{"@type":"ListItem","position":1,"name":"Dom\u016f","item":"https:\/\/shopatoa.com\/ro\/"},{"@type":"ListItem","position":2,"name":"Shop","item":"https:\/\/shopatoa.com\/ro\/shop\/"},{"@type":"ListItem","position":3,"name":"Cosmetice","item":"https:\/\/shopatoa.com\/ro\/cosmetice\/"},{"@type":"ListItem","position":4,"name":"Produse cosmetice pentru p\u0103r","item":"https:\/\/shopatoa.com\/ro\/produse-cosmetice-pentru-par\/"},{"@type":"ListItem","position":5,"name":"Produse cosmetice de styling","item":"https:\/\/shopatoa.com\/ro\/produse-cosmetice-de-styling\/"},{"@type":"ListItem","position":6,"name":"Schwarzkopf Professional Pudr\u0103 matifiant\u0103 Dust It 10 g"}]},{"@type":"WebSite","@id":"https:\/\/shopatoa.com\/ro\/#website","url":"https:\/\/shopatoa.com\/ro\/","name":"SHOPATOA","description":"","publisher":{"@id":"https:\/\/shopatoa.com\/ro\/#organization"},"potentialAction":[{"@type":"SearchAction","target":{"@type":"EntryPoint","urlTemplate":"https:\/\/shopatoa.com\/ro\/?s={search_term_string}"},"query-input":{"@type":"PropertyValueSpecification","valueRequired":true,"valueName":"search_term_string"}}],"inLanguage":"ro-RO"},{"@type":"Organization","@id":"https:\/\/shopatoa.com\/ro\/#organization","name":"SHOPATOA","url":"https:\/\/shopatoa.com\/ro\/","logo":{"@type":"ImageObject","inLanguage":"ro-RO","@id":"https:\/\/shopatoa.com\/ro\/#\/schema\/logo\/image\/","url":"https:\/\/storage.googleapis.com\/cz-shopatoa-img\/ro\/b4dac915-shopatoa_logo.png","contentUrl":"https:\/\/storage.googleapis.com\/cz-shopatoa-img\/ro\/b4dac915-shopatoa_logo.png","width":416,"height":63,"caption":"SHOPATOA"},"image":{"@id":"https:\/\/shopatoa.com\/ro\/#\/schema\/logo\/image\/"}}]}},"_links":{"self":[{"href":"https:\/\/shopatoa.com\/ro\/wp-json\/wp\/v2\/product\/260673","targetHints":{"allow":["GET"]}}],"collection":[{"href":"https:\/\/shopatoa.com\/ro\/wp-json\/wp\/v2\/product"}],"about":[{"href":"https:\/\/shopatoa.com\/ro\/wp-json\/wp\/v2\/types\/product"}],"replies":[{"embeddable":true,"href":"https:\/\/shopatoa.com\/ro\/wp-json\/wp\/v2\/comments?post=260673"}],"wp:featuredmedia":[{"embeddable":true,"href":"https:\/\/shopatoa.com\/ro\/wp-json\/wp\/v2\/media\/337156"}],"wp:attachment":[{"href":"https:\/\/shopatoa.com\/ro\/wp-json\/wp\/v2\/media?parent=260673"}],"wp:term":[{"taxonomy":"product_brand","embeddable":true,"href":"https:\/\/shopatoa.com\/ro\/wp-json\/wp\/v2\/product_brand?post=260673"},{"taxonomy":"product_cat","embeddable":true,"href":"https:\/\/shopatoa.com\/ro\/wp-json\/wp\/v2\/product_cat?post=260673"},{"taxonomy":"product_tag","embeddable":true,"href":"https:\/\/shopatoa.com\/ro\/wp-json\/wp\/v2\/product_tag?post=260673"}],"curies":[{"name":"wp","href":"https:\/\/api.w.org\/{rel}","templated":true}]}}