{"id":260831,"date":"2025-04-27T06:55:04","date_gmt":"2025-04-27T04:55:04","guid":{"rendered":"https:\/\/shopatoa.com\/ro\/sencor-cap-de-schimb-pentru-periute-de-dinti-sonice-soc-003wh\/"},"modified":"2025-12-13T01:53:52","modified_gmt":"2025-12-13T00:53:52","slug":"sencor-cap-de-schimb-pentru-periute-de-dinti-sonice-soc-003wh","status":"publish","type":"product","link":"https:\/\/shopatoa.com\/ro\/sencor-cap-de-schimb-pentru-periute-de-dinti-sonice-soc-003wh\/","title":{"rendered":"Sencor Cap de schimb pentru periu\u021be de din\u021bi sonice SOC 003WH"},"content":{"rendered":"<p>Capurile de rezerv\u0103 sunt compatibile cu periu\u021bele de din\u021bi Sencor SOC 1x.SOC 2x a SOC 3x. Au spatele din silicon pentru cur\u0103\u021barea limbii si peri speciali cu indica\u021bie de utilizare, care i\u0219i pierd culoarea datorit\u0103 utiliz\u0103rii si astfel semnaleaz\u0103 momentul ideal pentru inlocuire. \u00cendep\u0103rteaz\u0103 mai mult\u0103 plac\u0103 dec\u00e2t o perie manual\u0103. potrivit pentru utilizarea zilnic\u0103.<\/p>\n","protected":false},"excerpt":{"rendered":"<p>Capurile de rezerv\u0103 sunt compatibile cu periu\u021bele de din\u021bi Sencor SOC 1x.SOC 2x a SOC 3x. Au spatele din silicon pentru cur\u0103\u021barea limbii si peri speciali cu indica\u021bie de utilizare, care i\u0219i pierd culoarea datorit\u0103 utiliz\u0103rii si astfel semnaleaz\u0103 momentul ideal pentru inlocuire. \u00cendep\u0103rteaz\u0103 mai mult\u0103 plac\u0103 dec\u00e2t o perie manual\u0103. potrivit pentru utilizarea zilnic\u0103.<\/p>\n","protected":false},"featured_media":337325,"comment_status":"closed","ping_status":"open","template":"","meta":{"_acf_changed":false,"_kadence_starter_templates_imported_post":false,"_kad_post_transparent":"","_kad_post_title":"","_kad_post_layout":"","_kad_post_sidebar_id":"","_kad_post_content_style":"","_kad_post_vertical_padding":"","_kad_post_feature":"","_kad_post_feature_position":"","_kad_post_header":false,"_kad_post_footer":false,"_kad_post_classname":""},"product_brand":[479],"product_cat":[246,709,761],"product_tag":[],"class_list":{"0":"post-260831","1":"product","2":"type-product","3":"status-publish","4":"has-post-thumbnail","6":"product_brand-sencor","7":"product_cat-cosmetice","8":"product_cat-ingrijirea-dentara","9":"product_cat-periute-de-dinti-sonice","11":"first","12":"instock","13":"sale","14":"product-type-external","15":"entry","16":"content-bg","17":"loop-entry"},"acf":[],"yoast_head":"<!-- This site is optimized with the Yoast SEO plugin v27.4 - https:\/\/yoast.com\/product\/yoast-seo-wordpress\/ -->\n<title>Sencor Cap de schimb pentru periu\u021be de din\u021bi sonice SOC 003WH - SHOPATOA.COM<\/title>\n<meta name=\"robots\" content=\"index, follow, max-snippet:-1, max-image-preview:large, max-video-preview:-1\" \/>\n<link rel=\"canonical\" href=\"https:\/\/shopatoa.com\/ro\/sencor-cap-de-schimb-pentru-periute-de-dinti-sonice-soc-003wh\/\" \/>\n<meta property=\"og:locale\" content=\"ro_RO\" \/>\n<meta property=\"og:type\" content=\"article\" \/>\n<meta property=\"og:title\" content=\"Sencor Cap de schimb pentru periu\u021be de din\u021bi sonice SOC 003WH - SHOPATOA.COM\" \/>\n<meta property=\"og:description\" content=\"Capurile de rezerv\u0103 sunt compatibile cu periu\u021bele de din\u021bi Sencor SOC 1x.SOC 2x a SOC 3x. Au spatele din silicon pentru cur\u0103\u021barea limbii si peri speciali cu indica\u021bie de utilizare, care i\u0219i pierd culoarea datorit\u0103 utiliz\u0103rii si astfel semnaleaz\u0103 momentul ideal pentru inlocuire. \u00cendep\u0103rteaz\u0103 mai mult\u0103 plac\u0103 dec\u00e2t o perie manual\u0103. potrivit pentru utilizarea zilnic\u0103.\" \/>\n<meta property=\"og:url\" content=\"https:\/\/shopatoa.com\/ro\/sencor-cap-de-schimb-pentru-periute-de-dinti-sonice-soc-003wh\/\" \/>\n<meta property=\"og:site_name\" content=\"SHOPATOA\" \/>\n<meta property=\"article:modified_time\" content=\"2025-12-13T00:53:52+00:00\" \/>\n<meta property=\"og:image\" content=\"https:\/\/storage.googleapis.com\/cz-shopatoa-img\/ro\/cbb0ce5a-unnamed-file.webp\" \/>\n\t<meta property=\"og:image:width\" content=\"800\" \/>\n\t<meta property=\"og:image:height\" content=\"800\" \/>\n\t<meta property=\"og:image:type\" content=\"image\/webp\" \/>\n<meta name=\"twitter:card\" content=\"summary_large_image\" \/>\n<script type=\"application\/ld+json\" class=\"yoast-schema-graph\">{\"@context\":\"https:\\\/\\\/schema.org\",\"@graph\":[{\"@type\":\"WebPage\",\"@id\":\"https:\\\/\\\/shopatoa.com\\\/ro\\\/sencor-cap-de-schimb-pentru-periute-de-dinti-sonice-soc-003wh\\\/\",\"url\":\"https:\\\/\\\/shopatoa.com\\\/ro\\\/sencor-cap-de-schimb-pentru-periute-de-dinti-sonice-soc-003wh\\\/\",\"name\":\"Sencor Cap de schimb pentru periu\u021be de din\u021bi sonice SOC 003WH - SHOPATOA.COM\",\"isPartOf\":{\"@id\":\"https:\\\/\\\/shopatoa.com\\\/ro\\\/#website\"},\"primaryImageOfPage\":{\"@id\":\"https:\\\/\\\/shopatoa.com\\\/ro\\\/sencor-cap-de-schimb-pentru-periute-de-dinti-sonice-soc-003wh\\\/#primaryimage\"},\"image\":{\"@id\":\"https:\\\/\\\/shopatoa.com\\\/ro\\\/sencor-cap-de-schimb-pentru-periute-de-dinti-sonice-soc-003wh\\\/#primaryimage\"},\"thumbnailUrl\":\"https:\\\/\\\/storage.googleapis.com\\\/cz-shopatoa-img\\\/ro\\\/cbb0ce5a-unnamed-file.webp\",\"datePublished\":\"2025-04-27T04:55:04+00:00\",\"dateModified\":\"2025-12-13T00:53:52+00:00\",\"breadcrumb\":{\"@id\":\"https:\\\/\\\/shopatoa.com\\\/ro\\\/sencor-cap-de-schimb-pentru-periute-de-dinti-sonice-soc-003wh\\\/#breadcrumb\"},\"inLanguage\":\"ro-RO\",\"potentialAction\":[{\"@type\":\"ReadAction\",\"target\":[\"https:\\\/\\\/shopatoa.com\\\/ro\\\/sencor-cap-de-schimb-pentru-periute-de-dinti-sonice-soc-003wh\\\/\"]}]},{\"@type\":\"ImageObject\",\"inLanguage\":\"ro-RO\",\"@id\":\"https:\\\/\\\/shopatoa.com\\\/ro\\\/sencor-cap-de-schimb-pentru-periute-de-dinti-sonice-soc-003wh\\\/#primaryimage\",\"url\":\"https:\\\/\\\/storage.googleapis.com\\\/cz-shopatoa-img\\\/ro\\\/cbb0ce5a-unnamed-file.webp\",\"contentUrl\":\"https:\\\/\\\/storage.googleapis.com\\\/cz-shopatoa-img\\\/ro\\\/cbb0ce5a-unnamed-file.webp\",\"width\":800,\"height\":800},{\"@type\":\"BreadcrumbList\",\"@id\":\"https:\\\/\\\/shopatoa.com\\\/ro\\\/sencor-cap-de-schimb-pentru-periute-de-dinti-sonice-soc-003wh\\\/#breadcrumb\",\"itemListElement\":[{\"@type\":\"ListItem\",\"position\":1,\"name\":\"Dom\u016f\",\"item\":\"https:\\\/\\\/shopatoa.com\\\/ro\\\/\"},{\"@type\":\"ListItem\",\"position\":2,\"name\":\"Shop\",\"item\":\"https:\\\/\\\/shopatoa.com\\\/ro\\\/shop\\\/\"},{\"@type\":\"ListItem\",\"position\":3,\"name\":\"Cosmetice\",\"item\":\"https:\\\/\\\/shopatoa.com\\\/ro\\\/cosmetice\\\/\"},{\"@type\":\"ListItem\",\"position\":4,\"name\":\"\u00cengrijirea dentar\u0103\",\"item\":\"https:\\\/\\\/shopatoa.com\\\/ro\\\/ingrijirea-dentara\\\/\"},{\"@type\":\"ListItem\",\"position\":5,\"name\":\"Periu\u021be de din\u021bi sonice\",\"item\":\"https:\\\/\\\/shopatoa.com\\\/ro\\\/periute-de-dinti-sonice\\\/\"},{\"@type\":\"ListItem\",\"position\":6,\"name\":\"Sencor Cap de schimb pentru periu\u021be de din\u021bi sonice SOC 003WH\"}]},{\"@type\":\"WebSite\",\"@id\":\"https:\\\/\\\/shopatoa.com\\\/ro\\\/#website\",\"url\":\"https:\\\/\\\/shopatoa.com\\\/ro\\\/\",\"name\":\"SHOPATOA\",\"description\":\"\",\"publisher\":{\"@id\":\"https:\\\/\\\/shopatoa.com\\\/ro\\\/#organization\"},\"potentialAction\":[{\"@type\":\"SearchAction\",\"target\":{\"@type\":\"EntryPoint\",\"urlTemplate\":\"https:\\\/\\\/shopatoa.com\\\/ro\\\/?s={search_term_string}\"},\"query-input\":{\"@type\":\"PropertyValueSpecification\",\"valueRequired\":true,\"valueName\":\"search_term_string\"}}],\"inLanguage\":\"ro-RO\"},{\"@type\":\"Organization\",\"@id\":\"https:\\\/\\\/shopatoa.com\\\/ro\\\/#organization\",\"name\":\"SHOPATOA\",\"url\":\"https:\\\/\\\/shopatoa.com\\\/ro\\\/\",\"logo\":{\"@type\":\"ImageObject\",\"inLanguage\":\"ro-RO\",\"@id\":\"https:\\\/\\\/shopatoa.com\\\/ro\\\/#\\\/schema\\\/logo\\\/image\\\/\",\"url\":\"https:\\\/\\\/storage.googleapis.com\\\/cz-shopatoa-img\\\/ro\\\/b4dac915-shopatoa_logo.png\",\"contentUrl\":\"https:\\\/\\\/storage.googleapis.com\\\/cz-shopatoa-img\\\/ro\\\/b4dac915-shopatoa_logo.png\",\"width\":416,\"height\":63,\"caption\":\"SHOPATOA\"},\"image\":{\"@id\":\"https:\\\/\\\/shopatoa.com\\\/ro\\\/#\\\/schema\\\/logo\\\/image\\\/\"}}]}<\/script>\n<!-- \/ Yoast SEO plugin. -->","yoast_head_json":{"title":"Sencor Cap de schimb pentru periu\u021be de din\u021bi sonice SOC 003WH - SHOPATOA.COM","robots":{"index":"index","follow":"follow","max-snippet":"max-snippet:-1","max-image-preview":"max-image-preview:large","max-video-preview":"max-video-preview:-1"},"canonical":"https:\/\/shopatoa.com\/ro\/sencor-cap-de-schimb-pentru-periute-de-dinti-sonice-soc-003wh\/","og_locale":"ro_RO","og_type":"article","og_title":"Sencor Cap de schimb pentru periu\u021be de din\u021bi sonice SOC 003WH - SHOPATOA.COM","og_description":"Capurile de rezerv\u0103 sunt compatibile cu periu\u021bele de din\u021bi Sencor SOC 1x.SOC 2x a SOC 3x. Au spatele din silicon pentru cur\u0103\u021barea limbii si peri speciali cu indica\u021bie de utilizare, care i\u0219i pierd culoarea datorit\u0103 utiliz\u0103rii si astfel semnaleaz\u0103 momentul ideal pentru inlocuire. \u00cendep\u0103rteaz\u0103 mai mult\u0103 plac\u0103 dec\u00e2t o perie manual\u0103. potrivit pentru utilizarea zilnic\u0103.","og_url":"https:\/\/shopatoa.com\/ro\/sencor-cap-de-schimb-pentru-periute-de-dinti-sonice-soc-003wh\/","og_site_name":"SHOPATOA","article_modified_time":"2025-12-13T00:53:52+00:00","og_image":[{"width":800,"height":800,"url":"https:\/\/storage.googleapis.com\/cz-shopatoa-img\/ro\/cbb0ce5a-unnamed-file.webp","type":"image\/webp"}],"twitter_card":"summary_large_image","schema":{"@context":"https:\/\/schema.org","@graph":[{"@type":"WebPage","@id":"https:\/\/shopatoa.com\/ro\/sencor-cap-de-schimb-pentru-periute-de-dinti-sonice-soc-003wh\/","url":"https:\/\/shopatoa.com\/ro\/sencor-cap-de-schimb-pentru-periute-de-dinti-sonice-soc-003wh\/","name":"Sencor Cap de schimb pentru periu\u021be de din\u021bi sonice SOC 003WH - SHOPATOA.COM","isPartOf":{"@id":"https:\/\/shopatoa.com\/ro\/#website"},"primaryImageOfPage":{"@id":"https:\/\/shopatoa.com\/ro\/sencor-cap-de-schimb-pentru-periute-de-dinti-sonice-soc-003wh\/#primaryimage"},"image":{"@id":"https:\/\/shopatoa.com\/ro\/sencor-cap-de-schimb-pentru-periute-de-dinti-sonice-soc-003wh\/#primaryimage"},"thumbnailUrl":"https:\/\/storage.googleapis.com\/cz-shopatoa-img\/ro\/cbb0ce5a-unnamed-file.webp","datePublished":"2025-04-27T04:55:04+00:00","dateModified":"2025-12-13T00:53:52+00:00","breadcrumb":{"@id":"https:\/\/shopatoa.com\/ro\/sencor-cap-de-schimb-pentru-periute-de-dinti-sonice-soc-003wh\/#breadcrumb"},"inLanguage":"ro-RO","potentialAction":[{"@type":"ReadAction","target":["https:\/\/shopatoa.com\/ro\/sencor-cap-de-schimb-pentru-periute-de-dinti-sonice-soc-003wh\/"]}]},{"@type":"ImageObject","inLanguage":"ro-RO","@id":"https:\/\/shopatoa.com\/ro\/sencor-cap-de-schimb-pentru-periute-de-dinti-sonice-soc-003wh\/#primaryimage","url":"https:\/\/storage.googleapis.com\/cz-shopatoa-img\/ro\/cbb0ce5a-unnamed-file.webp","contentUrl":"https:\/\/storage.googleapis.com\/cz-shopatoa-img\/ro\/cbb0ce5a-unnamed-file.webp","width":800,"height":800},{"@type":"BreadcrumbList","@id":"https:\/\/shopatoa.com\/ro\/sencor-cap-de-schimb-pentru-periute-de-dinti-sonice-soc-003wh\/#breadcrumb","itemListElement":[{"@type":"ListItem","position":1,"name":"Dom\u016f","item":"https:\/\/shopatoa.com\/ro\/"},{"@type":"ListItem","position":2,"name":"Shop","item":"https:\/\/shopatoa.com\/ro\/shop\/"},{"@type":"ListItem","position":3,"name":"Cosmetice","item":"https:\/\/shopatoa.com\/ro\/cosmetice\/"},{"@type":"ListItem","position":4,"name":"\u00cengrijirea dentar\u0103","item":"https:\/\/shopatoa.com\/ro\/ingrijirea-dentara\/"},{"@type":"ListItem","position":5,"name":"Periu\u021be de din\u021bi sonice","item":"https:\/\/shopatoa.com\/ro\/periute-de-dinti-sonice\/"},{"@type":"ListItem","position":6,"name":"Sencor Cap de schimb pentru periu\u021be de din\u021bi sonice SOC 003WH"}]},{"@type":"WebSite","@id":"https:\/\/shopatoa.com\/ro\/#website","url":"https:\/\/shopatoa.com\/ro\/","name":"SHOPATOA","description":"","publisher":{"@id":"https:\/\/shopatoa.com\/ro\/#organization"},"potentialAction":[{"@type":"SearchAction","target":{"@type":"EntryPoint","urlTemplate":"https:\/\/shopatoa.com\/ro\/?s={search_term_string}"},"query-input":{"@type":"PropertyValueSpecification","valueRequired":true,"valueName":"search_term_string"}}],"inLanguage":"ro-RO"},{"@type":"Organization","@id":"https:\/\/shopatoa.com\/ro\/#organization","name":"SHOPATOA","url":"https:\/\/shopatoa.com\/ro\/","logo":{"@type":"ImageObject","inLanguage":"ro-RO","@id":"https:\/\/shopatoa.com\/ro\/#\/schema\/logo\/image\/","url":"https:\/\/storage.googleapis.com\/cz-shopatoa-img\/ro\/b4dac915-shopatoa_logo.png","contentUrl":"https:\/\/storage.googleapis.com\/cz-shopatoa-img\/ro\/b4dac915-shopatoa_logo.png","width":416,"height":63,"caption":"SHOPATOA"},"image":{"@id":"https:\/\/shopatoa.com\/ro\/#\/schema\/logo\/image\/"}}]}},"_links":{"self":[{"href":"https:\/\/shopatoa.com\/ro\/wp-json\/wp\/v2\/product\/260831","targetHints":{"allow":["GET"]}}],"collection":[{"href":"https:\/\/shopatoa.com\/ro\/wp-json\/wp\/v2\/product"}],"about":[{"href":"https:\/\/shopatoa.com\/ro\/wp-json\/wp\/v2\/types\/product"}],"replies":[{"embeddable":true,"href":"https:\/\/shopatoa.com\/ro\/wp-json\/wp\/v2\/comments?post=260831"}],"wp:featuredmedia":[{"embeddable":true,"href":"https:\/\/shopatoa.com\/ro\/wp-json\/wp\/v2\/media\/337325"}],"wp:attachment":[{"href":"https:\/\/shopatoa.com\/ro\/wp-json\/wp\/v2\/media?parent=260831"}],"wp:term":[{"taxonomy":"product_brand","embeddable":true,"href":"https:\/\/shopatoa.com\/ro\/wp-json\/wp\/v2\/product_brand?post=260831"},{"taxonomy":"product_cat","embeddable":true,"href":"https:\/\/shopatoa.com\/ro\/wp-json\/wp\/v2\/product_cat?post=260831"},{"taxonomy":"product_tag","embeddable":true,"href":"https:\/\/shopatoa.com\/ro\/wp-json\/wp\/v2\/product_tag?post=260831"}],"curies":[{"name":"wp","href":"https:\/\/api.w.org\/{rel}","templated":true}]}}