{"id":260863,"date":"2025-04-27T07:05:28","date_gmt":"2025-04-27T05:05:28","guid":{"rendered":"https:\/\/shopatoa.com\/ro\/bellissima-uscator-de-par-cu-atasamente-creativity-4-you-11826\/"},"modified":"2025-12-13T01:43:05","modified_gmt":"2025-12-13T00:43:05","slug":"bellissima-uscator-de-par-cu-atasamente-creativity-4-you-11826","status":"publish","type":"product","link":"https:\/\/shopatoa.com\/ro\/bellissima-uscator-de-par-cu-atasamente-creativity-4-you-11826\/","title":{"rendered":"Bellissima Usc\u0103tor de p\u0103r cu ata\u0219amente Creativity 4 You 11826"},"content":{"rendered":"<p>Un usc\u0103tor de p\u0103r cu patru accesorii cu forme inovatoare, care sunt concepute special pentru fiecare rezultat de coafare, astfel \u00eenc\u00e2t s\u0103 po\u021bi crea cu u\u0219urin\u021b\u0103 un aspect diferit pentru p\u0103rul t\u0103u \u00een fiecare zi. STRAIGHT: concentrator ultra \u00eengust pentru un stil drept cu defini\u021bie \u00eenalt\u0103. WAVY: concentrator curbat, se adapteaz\u0103 perfect la pensulele rotunde, pentru crearea de valuri la mod\u0103 sau modelarea v\u00e2rfurilor. NETED \u0218I BL\u00c2ND: accesoriu cu gril\u0103 micro-perforat\u0103 pentru uscare natural\u0103 \u0219i efect anti-\u00eencre\u021b delicat. CURLY: difuzor pentru a crea valuri \u0219i bucle.<\/p>\n","protected":false},"excerpt":{"rendered":"<p>Un usc\u0103tor de p\u0103r cu patru accesorii cu forme inovatoare, care sunt concepute special pentru fiecare rezultat de coafare, astfel \u00eenc\u00e2t s\u0103 po\u021bi crea cu u\u0219urin\u021b\u0103 un aspect diferit pentru p\u0103rul t\u0103u \u00een fiecare zi. STRAIGHT: concentrator ultra \u00eengust pentru un stil drept cu defini\u021bie \u00eenalt\u0103. WAVY: concentrator curbat, se adapteaz\u0103 perfect la pensulele rotunde,&#8230;<\/p>\n","protected":false},"featured_media":337357,"comment_status":"closed","ping_status":"open","template":"","meta":{"_acf_changed":false,"_kadence_starter_templates_imported_post":false,"_kad_post_transparent":"","_kad_post_title":"","_kad_post_layout":"","_kad_post_sidebar_id":"","_kad_post_content_style":"","_kad_post_vertical_padding":"","_kad_post_feature":"","_kad_post_feature_position":"","_kad_post_header":false,"_kad_post_footer":false,"_kad_post_classname":""},"product_brand":[976],"product_cat":[246,623,624,762],"product_tag":[],"class_list":{"0":"post-260863","1":"product","2":"type-product","3":"status-publish","4":"has-post-thumbnail","6":"product_brand-bellissima","7":"product_cat-cosmetice","8":"product_cat-produse-cosmetice-pentru-par","9":"product_cat-produse-aparate-si-accesorii-pentru-par","10":"product_cat-uscatoare-de-par-fenuri","12":"first","13":"instock","14":"product-type-external","15":"entry","16":"content-bg","17":"loop-entry"},"acf":[],"yoast_head":"<!-- This site is optimized with the Yoast SEO plugin v27.4 - https:\/\/yoast.com\/product\/yoast-seo-wordpress\/ -->\n<title>Bellissima Usc\u0103tor de p\u0103r cu ata\u0219amente Creativity 4 You 11826 - SHOPATOA.COM<\/title>\n<meta name=\"robots\" content=\"index, follow, max-snippet:-1, max-image-preview:large, max-video-preview:-1\" \/>\n<link rel=\"canonical\" href=\"https:\/\/shopatoa.com\/ro\/bellissima-uscator-de-par-cu-atasamente-creativity-4-you-11826\/\" \/>\n<meta property=\"og:locale\" content=\"ro_RO\" \/>\n<meta property=\"og:type\" content=\"article\" \/>\n<meta property=\"og:title\" content=\"Bellissima Usc\u0103tor de p\u0103r cu ata\u0219amente Creativity 4 You 11826 - SHOPATOA.COM\" \/>\n<meta property=\"og:description\" content=\"Un usc\u0103tor de p\u0103r cu patru accesorii cu forme inovatoare, care sunt concepute special pentru fiecare rezultat de coafare, astfel \u00eenc\u00e2t s\u0103 po\u021bi crea cu u\u0219urin\u021b\u0103 un aspect diferit pentru p\u0103rul t\u0103u \u00een fiecare zi. STRAIGHT: concentrator ultra \u00eengust pentru un stil drept cu defini\u021bie \u00eenalt\u0103. WAVY: concentrator curbat, se adapteaz\u0103 perfect la pensulele rotunde,...\" \/>\n<meta property=\"og:url\" content=\"https:\/\/shopatoa.com\/ro\/bellissima-uscator-de-par-cu-atasamente-creativity-4-you-11826\/\" \/>\n<meta property=\"og:site_name\" content=\"SHOPATOA\" \/>\n<meta property=\"article:modified_time\" content=\"2025-12-13T00:43:05+00:00\" \/>\n<meta property=\"og:image\" content=\"https:\/\/storage.googleapis.com\/cz-shopatoa-img\/ro\/6665363f-unnamed-file.webp\" \/>\n\t<meta property=\"og:image:width\" content=\"800\" \/>\n\t<meta property=\"og:image:height\" content=\"800\" \/>\n\t<meta property=\"og:image:type\" content=\"image\/webp\" \/>\n<meta name=\"twitter:card\" content=\"summary_large_image\" \/>\n<script type=\"application\/ld+json\" class=\"yoast-schema-graph\">{\"@context\":\"https:\\\/\\\/schema.org\",\"@graph\":[{\"@type\":\"WebPage\",\"@id\":\"https:\\\/\\\/shopatoa.com\\\/ro\\\/bellissima-uscator-de-par-cu-atasamente-creativity-4-you-11826\\\/\",\"url\":\"https:\\\/\\\/shopatoa.com\\\/ro\\\/bellissima-uscator-de-par-cu-atasamente-creativity-4-you-11826\\\/\",\"name\":\"Bellissima Usc\u0103tor de p\u0103r cu ata\u0219amente Creativity 4 You 11826 - SHOPATOA.COM\",\"isPartOf\":{\"@id\":\"https:\\\/\\\/shopatoa.com\\\/ro\\\/#website\"},\"primaryImageOfPage\":{\"@id\":\"https:\\\/\\\/shopatoa.com\\\/ro\\\/bellissima-uscator-de-par-cu-atasamente-creativity-4-you-11826\\\/#primaryimage\"},\"image\":{\"@id\":\"https:\\\/\\\/shopatoa.com\\\/ro\\\/bellissima-uscator-de-par-cu-atasamente-creativity-4-you-11826\\\/#primaryimage\"},\"thumbnailUrl\":\"https:\\\/\\\/storage.googleapis.com\\\/cz-shopatoa-img\\\/ro\\\/6665363f-unnamed-file.webp\",\"datePublished\":\"2025-04-27T05:05:28+00:00\",\"dateModified\":\"2025-12-13T00:43:05+00:00\",\"breadcrumb\":{\"@id\":\"https:\\\/\\\/shopatoa.com\\\/ro\\\/bellissima-uscator-de-par-cu-atasamente-creativity-4-you-11826\\\/#breadcrumb\"},\"inLanguage\":\"ro-RO\",\"potentialAction\":[{\"@type\":\"ReadAction\",\"target\":[\"https:\\\/\\\/shopatoa.com\\\/ro\\\/bellissima-uscator-de-par-cu-atasamente-creativity-4-you-11826\\\/\"]}]},{\"@type\":\"ImageObject\",\"inLanguage\":\"ro-RO\",\"@id\":\"https:\\\/\\\/shopatoa.com\\\/ro\\\/bellissima-uscator-de-par-cu-atasamente-creativity-4-you-11826\\\/#primaryimage\",\"url\":\"https:\\\/\\\/storage.googleapis.com\\\/cz-shopatoa-img\\\/ro\\\/6665363f-unnamed-file.webp\",\"contentUrl\":\"https:\\\/\\\/storage.googleapis.com\\\/cz-shopatoa-img\\\/ro\\\/6665363f-unnamed-file.webp\",\"width\":800,\"height\":800},{\"@type\":\"BreadcrumbList\",\"@id\":\"https:\\\/\\\/shopatoa.com\\\/ro\\\/bellissima-uscator-de-par-cu-atasamente-creativity-4-you-11826\\\/#breadcrumb\",\"itemListElement\":[{\"@type\":\"ListItem\",\"position\":1,\"name\":\"Dom\u016f\",\"item\":\"https:\\\/\\\/shopatoa.com\\\/ro\\\/\"},{\"@type\":\"ListItem\",\"position\":2,\"name\":\"Shop\",\"item\":\"https:\\\/\\\/shopatoa.com\\\/ro\\\/shop\\\/\"},{\"@type\":\"ListItem\",\"position\":3,\"name\":\"Cosmetice\",\"item\":\"https:\\\/\\\/shopatoa.com\\\/ro\\\/cosmetice\\\/\"},{\"@type\":\"ListItem\",\"position\":4,\"name\":\"Produse cosmetice pentru p\u0103r\",\"item\":\"https:\\\/\\\/shopatoa.com\\\/ro\\\/produse-cosmetice-pentru-par\\\/\"},{\"@type\":\"ListItem\",\"position\":5,\"name\":\"Produse, aparate \u0219i accesorii pentru p\u0103r\",\"item\":\"https:\\\/\\\/shopatoa.com\\\/ro\\\/produse-aparate-si-accesorii-pentru-par\\\/\"},{\"@type\":\"ListItem\",\"position\":6,\"name\":\"Usc\u0103toare de p\u0103r, fenuri\",\"item\":\"https:\\\/\\\/shopatoa.com\\\/ro\\\/uscatoare-de-par-fenuri\\\/\"},{\"@type\":\"ListItem\",\"position\":7,\"name\":\"Bellissima Usc\u0103tor de p\u0103r cu ata\u0219amente Creativity 4 You 11826\"}]},{\"@type\":\"WebSite\",\"@id\":\"https:\\\/\\\/shopatoa.com\\\/ro\\\/#website\",\"url\":\"https:\\\/\\\/shopatoa.com\\\/ro\\\/\",\"name\":\"SHOPATOA\",\"description\":\"\",\"publisher\":{\"@id\":\"https:\\\/\\\/shopatoa.com\\\/ro\\\/#organization\"},\"potentialAction\":[{\"@type\":\"SearchAction\",\"target\":{\"@type\":\"EntryPoint\",\"urlTemplate\":\"https:\\\/\\\/shopatoa.com\\\/ro\\\/?s={search_term_string}\"},\"query-input\":{\"@type\":\"PropertyValueSpecification\",\"valueRequired\":true,\"valueName\":\"search_term_string\"}}],\"inLanguage\":\"ro-RO\"},{\"@type\":\"Organization\",\"@id\":\"https:\\\/\\\/shopatoa.com\\\/ro\\\/#organization\",\"name\":\"SHOPATOA\",\"url\":\"https:\\\/\\\/shopatoa.com\\\/ro\\\/\",\"logo\":{\"@type\":\"ImageObject\",\"inLanguage\":\"ro-RO\",\"@id\":\"https:\\\/\\\/shopatoa.com\\\/ro\\\/#\\\/schema\\\/logo\\\/image\\\/\",\"url\":\"https:\\\/\\\/storage.googleapis.com\\\/cz-shopatoa-img\\\/ro\\\/b4dac915-shopatoa_logo.png\",\"contentUrl\":\"https:\\\/\\\/storage.googleapis.com\\\/cz-shopatoa-img\\\/ro\\\/b4dac915-shopatoa_logo.png\",\"width\":416,\"height\":63,\"caption\":\"SHOPATOA\"},\"image\":{\"@id\":\"https:\\\/\\\/shopatoa.com\\\/ro\\\/#\\\/schema\\\/logo\\\/image\\\/\"}}]}<\/script>\n<!-- \/ Yoast SEO plugin. -->","yoast_head_json":{"title":"Bellissima Usc\u0103tor de p\u0103r cu ata\u0219amente Creativity 4 You 11826 - SHOPATOA.COM","robots":{"index":"index","follow":"follow","max-snippet":"max-snippet:-1","max-image-preview":"max-image-preview:large","max-video-preview":"max-video-preview:-1"},"canonical":"https:\/\/shopatoa.com\/ro\/bellissima-uscator-de-par-cu-atasamente-creativity-4-you-11826\/","og_locale":"ro_RO","og_type":"article","og_title":"Bellissima Usc\u0103tor de p\u0103r cu ata\u0219amente Creativity 4 You 11826 - SHOPATOA.COM","og_description":"Un usc\u0103tor de p\u0103r cu patru accesorii cu forme inovatoare, care sunt concepute special pentru fiecare rezultat de coafare, astfel \u00eenc\u00e2t s\u0103 po\u021bi crea cu u\u0219urin\u021b\u0103 un aspect diferit pentru p\u0103rul t\u0103u \u00een fiecare zi. STRAIGHT: concentrator ultra \u00eengust pentru un stil drept cu defini\u021bie \u00eenalt\u0103. WAVY: concentrator curbat, se adapteaz\u0103 perfect la pensulele rotunde,...","og_url":"https:\/\/shopatoa.com\/ro\/bellissima-uscator-de-par-cu-atasamente-creativity-4-you-11826\/","og_site_name":"SHOPATOA","article_modified_time":"2025-12-13T00:43:05+00:00","og_image":[{"width":800,"height":800,"url":"https:\/\/storage.googleapis.com\/cz-shopatoa-img\/ro\/6665363f-unnamed-file.webp","type":"image\/webp"}],"twitter_card":"summary_large_image","schema":{"@context":"https:\/\/schema.org","@graph":[{"@type":"WebPage","@id":"https:\/\/shopatoa.com\/ro\/bellissima-uscator-de-par-cu-atasamente-creativity-4-you-11826\/","url":"https:\/\/shopatoa.com\/ro\/bellissima-uscator-de-par-cu-atasamente-creativity-4-you-11826\/","name":"Bellissima Usc\u0103tor de p\u0103r cu ata\u0219amente Creativity 4 You 11826 - SHOPATOA.COM","isPartOf":{"@id":"https:\/\/shopatoa.com\/ro\/#website"},"primaryImageOfPage":{"@id":"https:\/\/shopatoa.com\/ro\/bellissima-uscator-de-par-cu-atasamente-creativity-4-you-11826\/#primaryimage"},"image":{"@id":"https:\/\/shopatoa.com\/ro\/bellissima-uscator-de-par-cu-atasamente-creativity-4-you-11826\/#primaryimage"},"thumbnailUrl":"https:\/\/storage.googleapis.com\/cz-shopatoa-img\/ro\/6665363f-unnamed-file.webp","datePublished":"2025-04-27T05:05:28+00:00","dateModified":"2025-12-13T00:43:05+00:00","breadcrumb":{"@id":"https:\/\/shopatoa.com\/ro\/bellissima-uscator-de-par-cu-atasamente-creativity-4-you-11826\/#breadcrumb"},"inLanguage":"ro-RO","potentialAction":[{"@type":"ReadAction","target":["https:\/\/shopatoa.com\/ro\/bellissima-uscator-de-par-cu-atasamente-creativity-4-you-11826\/"]}]},{"@type":"ImageObject","inLanguage":"ro-RO","@id":"https:\/\/shopatoa.com\/ro\/bellissima-uscator-de-par-cu-atasamente-creativity-4-you-11826\/#primaryimage","url":"https:\/\/storage.googleapis.com\/cz-shopatoa-img\/ro\/6665363f-unnamed-file.webp","contentUrl":"https:\/\/storage.googleapis.com\/cz-shopatoa-img\/ro\/6665363f-unnamed-file.webp","width":800,"height":800},{"@type":"BreadcrumbList","@id":"https:\/\/shopatoa.com\/ro\/bellissima-uscator-de-par-cu-atasamente-creativity-4-you-11826\/#breadcrumb","itemListElement":[{"@type":"ListItem","position":1,"name":"Dom\u016f","item":"https:\/\/shopatoa.com\/ro\/"},{"@type":"ListItem","position":2,"name":"Shop","item":"https:\/\/shopatoa.com\/ro\/shop\/"},{"@type":"ListItem","position":3,"name":"Cosmetice","item":"https:\/\/shopatoa.com\/ro\/cosmetice\/"},{"@type":"ListItem","position":4,"name":"Produse cosmetice pentru p\u0103r","item":"https:\/\/shopatoa.com\/ro\/produse-cosmetice-pentru-par\/"},{"@type":"ListItem","position":5,"name":"Produse, aparate \u0219i accesorii pentru p\u0103r","item":"https:\/\/shopatoa.com\/ro\/produse-aparate-si-accesorii-pentru-par\/"},{"@type":"ListItem","position":6,"name":"Usc\u0103toare de p\u0103r, fenuri","item":"https:\/\/shopatoa.com\/ro\/uscatoare-de-par-fenuri\/"},{"@type":"ListItem","position":7,"name":"Bellissima Usc\u0103tor de p\u0103r cu ata\u0219amente Creativity 4 You 11826"}]},{"@type":"WebSite","@id":"https:\/\/shopatoa.com\/ro\/#website","url":"https:\/\/shopatoa.com\/ro\/","name":"SHOPATOA","description":"","publisher":{"@id":"https:\/\/shopatoa.com\/ro\/#organization"},"potentialAction":[{"@type":"SearchAction","target":{"@type":"EntryPoint","urlTemplate":"https:\/\/shopatoa.com\/ro\/?s={search_term_string}"},"query-input":{"@type":"PropertyValueSpecification","valueRequired":true,"valueName":"search_term_string"}}],"inLanguage":"ro-RO"},{"@type":"Organization","@id":"https:\/\/shopatoa.com\/ro\/#organization","name":"SHOPATOA","url":"https:\/\/shopatoa.com\/ro\/","logo":{"@type":"ImageObject","inLanguage":"ro-RO","@id":"https:\/\/shopatoa.com\/ro\/#\/schema\/logo\/image\/","url":"https:\/\/storage.googleapis.com\/cz-shopatoa-img\/ro\/b4dac915-shopatoa_logo.png","contentUrl":"https:\/\/storage.googleapis.com\/cz-shopatoa-img\/ro\/b4dac915-shopatoa_logo.png","width":416,"height":63,"caption":"SHOPATOA"},"image":{"@id":"https:\/\/shopatoa.com\/ro\/#\/schema\/logo\/image\/"}}]}},"_links":{"self":[{"href":"https:\/\/shopatoa.com\/ro\/wp-json\/wp\/v2\/product\/260863","targetHints":{"allow":["GET"]}}],"collection":[{"href":"https:\/\/shopatoa.com\/ro\/wp-json\/wp\/v2\/product"}],"about":[{"href":"https:\/\/shopatoa.com\/ro\/wp-json\/wp\/v2\/types\/product"}],"replies":[{"embeddable":true,"href":"https:\/\/shopatoa.com\/ro\/wp-json\/wp\/v2\/comments?post=260863"}],"wp:featuredmedia":[{"embeddable":true,"href":"https:\/\/shopatoa.com\/ro\/wp-json\/wp\/v2\/media\/337357"}],"wp:attachment":[{"href":"https:\/\/shopatoa.com\/ro\/wp-json\/wp\/v2\/media?parent=260863"}],"wp:term":[{"taxonomy":"product_brand","embeddable":true,"href":"https:\/\/shopatoa.com\/ro\/wp-json\/wp\/v2\/product_brand?post=260863"},{"taxonomy":"product_cat","embeddable":true,"href":"https:\/\/shopatoa.com\/ro\/wp-json\/wp\/v2\/product_cat?post=260863"},{"taxonomy":"product_tag","embeddable":true,"href":"https:\/\/shopatoa.com\/ro\/wp-json\/wp\/v2\/product_tag?post=260863"}],"curies":[{"name":"wp","href":"https:\/\/api.w.org\/{rel}","templated":true}]}}