{"id":260933,"date":"2025-04-27T07:30:23","date_gmt":"2025-04-27T05:30:23","guid":{"rendered":"https:\/\/shopatoa.com\/ro\/medisana-perna-de-masaj-shiatsu-mc-840-shiatsu\/"},"modified":"2025-09-29T10:11:06","modified_gmt":"2025-09-29T08:11:06","slug":"medisana-perna-de-masaj-shiatsu-mc-840-shiatsu","status":"publish","type":"product","link":"https:\/\/shopatoa.com\/ro\/medisana-perna-de-masaj-shiatsu-mc-840-shiatsu\/","title":{"rendered":"Medisana Pern\u0103 de masaj Shiatsu MC 840 Shiatsu"},"content":{"rendered":"<p>Perna de masaj ofer\u0103 un adev\u0103rat masaj shiatsu la nivelul g\u00e2tului \u0219i al spatelui. Este, de asemenea, potrivit pentru masajul picioarelor \u0219i picioarelor. Cele patru capete rotative efectueaz\u0103 un masaj \u0219i lumina ro\u0219ie supra\u00eenc\u0103lze\u0219te zona. Perna elibereaz\u0103 mu\u0219chii tensiona\u021bi \u0219i contribuie la regenerarea lor.<\/p>\n","protected":false},"excerpt":{"rendered":"<p>Perna de masaj ofer\u0103 un adev\u0103rat masaj shiatsu la nivelul g\u00e2tului \u0219i al spatelui. Este, de asemenea, potrivit pentru masajul picioarelor \u0219i picioarelor. Cele patru capete rotative efectueaz\u0103 un masaj \u0219i lumina ro\u0219ie supra\u00eenc\u0103lze\u0219te zona. Perna elibereaz\u0103 mu\u0219chii tensiona\u021bi \u0219i contribuie la regenerarea lor.<\/p>\n","protected":false},"featured_media":337427,"comment_status":"closed","ping_status":"open","template":"","meta":{"_acf_changed":false,"_kadence_starter_templates_imported_post":false,"_kad_post_transparent":"","_kad_post_title":"","_kad_post_layout":"","_kad_post_sidebar_id":"","_kad_post_content_style":"","_kad_post_vertical_padding":"","_kad_post_feature":"","_kad_post_feature_position":"","_kad_post_header":false,"_kad_post_footer":false,"_kad_post_classname":""},"product_brand":[471],"product_cat":[246,757,611],"product_tag":[],"class_list":{"0":"post-260933","1":"product","2":"type-product","3":"status-publish","4":"has-post-thumbnail","6":"product_brand-medisana","7":"product_cat-cosmetice","8":"product_cat-dispozitive-cosmetice-corpul","9":"product_cat-produse-cosmetice-pentru-corp","11":"first","12":"instock","13":"sale","14":"product-type-external","15":"entry","16":"content-bg","17":"loop-entry"},"acf":[],"yoast_head":"<!-- This site is optimized with the Yoast SEO plugin v27.4 - https:\/\/yoast.com\/product\/yoast-seo-wordpress\/ -->\n<title>Medisana Pern\u0103 de masaj Shiatsu MC 840 Shiatsu - SHOPATOA.COM<\/title>\n<meta name=\"robots\" content=\"index, follow, max-snippet:-1, max-image-preview:large, max-video-preview:-1\" \/>\n<link rel=\"canonical\" href=\"https:\/\/shopatoa.com\/ro\/medisana-perna-de-masaj-shiatsu-mc-840-shiatsu\/\" \/>\n<meta property=\"og:locale\" content=\"ro_RO\" \/>\n<meta property=\"og:type\" content=\"article\" \/>\n<meta property=\"og:title\" content=\"Medisana Pern\u0103 de masaj Shiatsu MC 840 Shiatsu - SHOPATOA.COM\" \/>\n<meta property=\"og:description\" content=\"Perna de masaj ofer\u0103 un adev\u0103rat masaj shiatsu la nivelul g\u00e2tului \u0219i al spatelui. Este, de asemenea, potrivit pentru masajul picioarelor \u0219i picioarelor. Cele patru capete rotative efectueaz\u0103 un masaj \u0219i lumina ro\u0219ie supra\u00eenc\u0103lze\u0219te zona. Perna elibereaz\u0103 mu\u0219chii tensiona\u021bi \u0219i contribuie la regenerarea lor.\" \/>\n<meta property=\"og:url\" content=\"https:\/\/shopatoa.com\/ro\/medisana-perna-de-masaj-shiatsu-mc-840-shiatsu\/\" \/>\n<meta property=\"og:site_name\" content=\"SHOPATOA\" \/>\n<meta property=\"article:modified_time\" content=\"2025-09-29T08:11:06+00:00\" \/>\n<meta property=\"og:image\" content=\"https:\/\/storage.googleapis.com\/cz-shopatoa-img\/ro\/51eea408-unnamed-file.webp\" \/>\n\t<meta property=\"og:image:width\" content=\"800\" \/>\n\t<meta property=\"og:image:height\" content=\"800\" \/>\n\t<meta property=\"og:image:type\" content=\"image\/webp\" \/>\n<meta name=\"twitter:card\" content=\"summary_large_image\" \/>\n<script type=\"application\/ld+json\" class=\"yoast-schema-graph\">{\"@context\":\"https:\\\/\\\/schema.org\",\"@graph\":[{\"@type\":\"WebPage\",\"@id\":\"https:\\\/\\\/shopatoa.com\\\/ro\\\/medisana-perna-de-masaj-shiatsu-mc-840-shiatsu\\\/\",\"url\":\"https:\\\/\\\/shopatoa.com\\\/ro\\\/medisana-perna-de-masaj-shiatsu-mc-840-shiatsu\\\/\",\"name\":\"Medisana Pern\u0103 de masaj Shiatsu MC 840 Shiatsu - SHOPATOA.COM\",\"isPartOf\":{\"@id\":\"https:\\\/\\\/shopatoa.com\\\/ro\\\/#website\"},\"primaryImageOfPage\":{\"@id\":\"https:\\\/\\\/shopatoa.com\\\/ro\\\/medisana-perna-de-masaj-shiatsu-mc-840-shiatsu\\\/#primaryimage\"},\"image\":{\"@id\":\"https:\\\/\\\/shopatoa.com\\\/ro\\\/medisana-perna-de-masaj-shiatsu-mc-840-shiatsu\\\/#primaryimage\"},\"thumbnailUrl\":\"https:\\\/\\\/storage.googleapis.com\\\/cz-shopatoa-img\\\/ro\\\/51eea408-unnamed-file.webp\",\"datePublished\":\"2025-04-27T05:30:23+00:00\",\"dateModified\":\"2025-09-29T08:11:06+00:00\",\"breadcrumb\":{\"@id\":\"https:\\\/\\\/shopatoa.com\\\/ro\\\/medisana-perna-de-masaj-shiatsu-mc-840-shiatsu\\\/#breadcrumb\"},\"inLanguage\":\"ro-RO\",\"potentialAction\":[{\"@type\":\"ReadAction\",\"target\":[\"https:\\\/\\\/shopatoa.com\\\/ro\\\/medisana-perna-de-masaj-shiatsu-mc-840-shiatsu\\\/\"]}]},{\"@type\":\"ImageObject\",\"inLanguage\":\"ro-RO\",\"@id\":\"https:\\\/\\\/shopatoa.com\\\/ro\\\/medisana-perna-de-masaj-shiatsu-mc-840-shiatsu\\\/#primaryimage\",\"url\":\"https:\\\/\\\/storage.googleapis.com\\\/cz-shopatoa-img\\\/ro\\\/51eea408-unnamed-file.webp\",\"contentUrl\":\"https:\\\/\\\/storage.googleapis.com\\\/cz-shopatoa-img\\\/ro\\\/51eea408-unnamed-file.webp\",\"width\":800,\"height\":800},{\"@type\":\"BreadcrumbList\",\"@id\":\"https:\\\/\\\/shopatoa.com\\\/ro\\\/medisana-perna-de-masaj-shiatsu-mc-840-shiatsu\\\/#breadcrumb\",\"itemListElement\":[{\"@type\":\"ListItem\",\"position\":1,\"name\":\"Dom\u016f\",\"item\":\"https:\\\/\\\/shopatoa.com\\\/ro\\\/\"},{\"@type\":\"ListItem\",\"position\":2,\"name\":\"Shop\",\"item\":\"https:\\\/\\\/shopatoa.com\\\/ro\\\/shop\\\/\"},{\"@type\":\"ListItem\",\"position\":3,\"name\":\"Cosmetice\",\"item\":\"https:\\\/\\\/shopatoa.com\\\/ro\\\/cosmetice\\\/\"},{\"@type\":\"ListItem\",\"position\":4,\"name\":\"Produse cosmetice pentru corp\",\"item\":\"https:\\\/\\\/shopatoa.com\\\/ro\\\/produse-cosmetice-pentru-corp\\\/\"},{\"@type\":\"ListItem\",\"position\":5,\"name\":\"Dispozitive cosmetice corpul\",\"item\":\"https:\\\/\\\/shopatoa.com\\\/ro\\\/dispozitive-cosmetice-corpul\\\/\"},{\"@type\":\"ListItem\",\"position\":6,\"name\":\"Medisana Pern\u0103 de masaj Shiatsu MC 840 Shiatsu\"}]},{\"@type\":\"WebSite\",\"@id\":\"https:\\\/\\\/shopatoa.com\\\/ro\\\/#website\",\"url\":\"https:\\\/\\\/shopatoa.com\\\/ro\\\/\",\"name\":\"SHOPATOA\",\"description\":\"\",\"publisher\":{\"@id\":\"https:\\\/\\\/shopatoa.com\\\/ro\\\/#organization\"},\"potentialAction\":[{\"@type\":\"SearchAction\",\"target\":{\"@type\":\"EntryPoint\",\"urlTemplate\":\"https:\\\/\\\/shopatoa.com\\\/ro\\\/?s={search_term_string}\"},\"query-input\":{\"@type\":\"PropertyValueSpecification\",\"valueRequired\":true,\"valueName\":\"search_term_string\"}}],\"inLanguage\":\"ro-RO\"},{\"@type\":\"Organization\",\"@id\":\"https:\\\/\\\/shopatoa.com\\\/ro\\\/#organization\",\"name\":\"SHOPATOA\",\"url\":\"https:\\\/\\\/shopatoa.com\\\/ro\\\/\",\"logo\":{\"@type\":\"ImageObject\",\"inLanguage\":\"ro-RO\",\"@id\":\"https:\\\/\\\/shopatoa.com\\\/ro\\\/#\\\/schema\\\/logo\\\/image\\\/\",\"url\":\"https:\\\/\\\/storage.googleapis.com\\\/cz-shopatoa-img\\\/ro\\\/b4dac915-shopatoa_logo.png\",\"contentUrl\":\"https:\\\/\\\/storage.googleapis.com\\\/cz-shopatoa-img\\\/ro\\\/b4dac915-shopatoa_logo.png\",\"width\":416,\"height\":63,\"caption\":\"SHOPATOA\"},\"image\":{\"@id\":\"https:\\\/\\\/shopatoa.com\\\/ro\\\/#\\\/schema\\\/logo\\\/image\\\/\"}}]}<\/script>\n<!-- \/ Yoast SEO plugin. -->","yoast_head_json":{"title":"Medisana Pern\u0103 de masaj Shiatsu MC 840 Shiatsu - SHOPATOA.COM","robots":{"index":"index","follow":"follow","max-snippet":"max-snippet:-1","max-image-preview":"max-image-preview:large","max-video-preview":"max-video-preview:-1"},"canonical":"https:\/\/shopatoa.com\/ro\/medisana-perna-de-masaj-shiatsu-mc-840-shiatsu\/","og_locale":"ro_RO","og_type":"article","og_title":"Medisana Pern\u0103 de masaj Shiatsu MC 840 Shiatsu - SHOPATOA.COM","og_description":"Perna de masaj ofer\u0103 un adev\u0103rat masaj shiatsu la nivelul g\u00e2tului \u0219i al spatelui. Este, de asemenea, potrivit pentru masajul picioarelor \u0219i picioarelor. Cele patru capete rotative efectueaz\u0103 un masaj \u0219i lumina ro\u0219ie supra\u00eenc\u0103lze\u0219te zona. Perna elibereaz\u0103 mu\u0219chii tensiona\u021bi \u0219i contribuie la regenerarea lor.","og_url":"https:\/\/shopatoa.com\/ro\/medisana-perna-de-masaj-shiatsu-mc-840-shiatsu\/","og_site_name":"SHOPATOA","article_modified_time":"2025-09-29T08:11:06+00:00","og_image":[{"width":800,"height":800,"url":"https:\/\/storage.googleapis.com\/cz-shopatoa-img\/ro\/51eea408-unnamed-file.webp","type":"image\/webp"}],"twitter_card":"summary_large_image","schema":{"@context":"https:\/\/schema.org","@graph":[{"@type":"WebPage","@id":"https:\/\/shopatoa.com\/ro\/medisana-perna-de-masaj-shiatsu-mc-840-shiatsu\/","url":"https:\/\/shopatoa.com\/ro\/medisana-perna-de-masaj-shiatsu-mc-840-shiatsu\/","name":"Medisana Pern\u0103 de masaj Shiatsu MC 840 Shiatsu - SHOPATOA.COM","isPartOf":{"@id":"https:\/\/shopatoa.com\/ro\/#website"},"primaryImageOfPage":{"@id":"https:\/\/shopatoa.com\/ro\/medisana-perna-de-masaj-shiatsu-mc-840-shiatsu\/#primaryimage"},"image":{"@id":"https:\/\/shopatoa.com\/ro\/medisana-perna-de-masaj-shiatsu-mc-840-shiatsu\/#primaryimage"},"thumbnailUrl":"https:\/\/storage.googleapis.com\/cz-shopatoa-img\/ro\/51eea408-unnamed-file.webp","datePublished":"2025-04-27T05:30:23+00:00","dateModified":"2025-09-29T08:11:06+00:00","breadcrumb":{"@id":"https:\/\/shopatoa.com\/ro\/medisana-perna-de-masaj-shiatsu-mc-840-shiatsu\/#breadcrumb"},"inLanguage":"ro-RO","potentialAction":[{"@type":"ReadAction","target":["https:\/\/shopatoa.com\/ro\/medisana-perna-de-masaj-shiatsu-mc-840-shiatsu\/"]}]},{"@type":"ImageObject","inLanguage":"ro-RO","@id":"https:\/\/shopatoa.com\/ro\/medisana-perna-de-masaj-shiatsu-mc-840-shiatsu\/#primaryimage","url":"https:\/\/storage.googleapis.com\/cz-shopatoa-img\/ro\/51eea408-unnamed-file.webp","contentUrl":"https:\/\/storage.googleapis.com\/cz-shopatoa-img\/ro\/51eea408-unnamed-file.webp","width":800,"height":800},{"@type":"BreadcrumbList","@id":"https:\/\/shopatoa.com\/ro\/medisana-perna-de-masaj-shiatsu-mc-840-shiatsu\/#breadcrumb","itemListElement":[{"@type":"ListItem","position":1,"name":"Dom\u016f","item":"https:\/\/shopatoa.com\/ro\/"},{"@type":"ListItem","position":2,"name":"Shop","item":"https:\/\/shopatoa.com\/ro\/shop\/"},{"@type":"ListItem","position":3,"name":"Cosmetice","item":"https:\/\/shopatoa.com\/ro\/cosmetice\/"},{"@type":"ListItem","position":4,"name":"Produse cosmetice pentru corp","item":"https:\/\/shopatoa.com\/ro\/produse-cosmetice-pentru-corp\/"},{"@type":"ListItem","position":5,"name":"Dispozitive cosmetice corpul","item":"https:\/\/shopatoa.com\/ro\/dispozitive-cosmetice-corpul\/"},{"@type":"ListItem","position":6,"name":"Medisana Pern\u0103 de masaj Shiatsu MC 840 Shiatsu"}]},{"@type":"WebSite","@id":"https:\/\/shopatoa.com\/ro\/#website","url":"https:\/\/shopatoa.com\/ro\/","name":"SHOPATOA","description":"","publisher":{"@id":"https:\/\/shopatoa.com\/ro\/#organization"},"potentialAction":[{"@type":"SearchAction","target":{"@type":"EntryPoint","urlTemplate":"https:\/\/shopatoa.com\/ro\/?s={search_term_string}"},"query-input":{"@type":"PropertyValueSpecification","valueRequired":true,"valueName":"search_term_string"}}],"inLanguage":"ro-RO"},{"@type":"Organization","@id":"https:\/\/shopatoa.com\/ro\/#organization","name":"SHOPATOA","url":"https:\/\/shopatoa.com\/ro\/","logo":{"@type":"ImageObject","inLanguage":"ro-RO","@id":"https:\/\/shopatoa.com\/ro\/#\/schema\/logo\/image\/","url":"https:\/\/storage.googleapis.com\/cz-shopatoa-img\/ro\/b4dac915-shopatoa_logo.png","contentUrl":"https:\/\/storage.googleapis.com\/cz-shopatoa-img\/ro\/b4dac915-shopatoa_logo.png","width":416,"height":63,"caption":"SHOPATOA"},"image":{"@id":"https:\/\/shopatoa.com\/ro\/#\/schema\/logo\/image\/"}}]}},"_links":{"self":[{"href":"https:\/\/shopatoa.com\/ro\/wp-json\/wp\/v2\/product\/260933","targetHints":{"allow":["GET"]}}],"collection":[{"href":"https:\/\/shopatoa.com\/ro\/wp-json\/wp\/v2\/product"}],"about":[{"href":"https:\/\/shopatoa.com\/ro\/wp-json\/wp\/v2\/types\/product"}],"replies":[{"embeddable":true,"href":"https:\/\/shopatoa.com\/ro\/wp-json\/wp\/v2\/comments?post=260933"}],"wp:featuredmedia":[{"embeddable":true,"href":"https:\/\/shopatoa.com\/ro\/wp-json\/wp\/v2\/media\/337427"}],"wp:attachment":[{"href":"https:\/\/shopatoa.com\/ro\/wp-json\/wp\/v2\/media?parent=260933"}],"wp:term":[{"taxonomy":"product_brand","embeddable":true,"href":"https:\/\/shopatoa.com\/ro\/wp-json\/wp\/v2\/product_brand?post=260933"},{"taxonomy":"product_cat","embeddable":true,"href":"https:\/\/shopatoa.com\/ro\/wp-json\/wp\/v2\/product_cat?post=260933"},{"taxonomy":"product_tag","embeddable":true,"href":"https:\/\/shopatoa.com\/ro\/wp-json\/wp\/v2\/product_tag?post=260933"}],"curies":[{"name":"wp","href":"https:\/\/api.w.org\/{rel}","templated":true}]}}