{"id":260961,"date":"2025-04-27T07:40:11","date_gmt":"2025-04-27T05:40:11","guid":{"rendered":"https:\/\/shopatoa.com\/ro\/captain-fawcett-ulei-hranitor-pentru-par-scalp-si-barba-hair-scalp-and-beard-oil-100-ml\/"},"modified":"2025-12-13T01:03:42","modified_gmt":"2025-12-13T00:03:42","slug":"captain-fawcett-ulei-hranitor-pentru-par-scalp-si-barba-hair-scalp-and-beard-oil-100-ml","status":"publish","type":"product","link":"https:\/\/shopatoa.com\/ro\/captain-fawcett-ulei-hranitor-pentru-par-scalp-si-barba-hair-scalp-and-beard-oil-100-ml\/","title":{"rendered":"Captain Fawcett Ulei hr\u0103nitor pentru p\u0103r, scalp \u0219i barb\u0103 (Hair, Scalp and Beard Oil) 100 ml"},"content":{"rendered":"<p>Uleiul hr\u0103nitor profund este ideal pentru tratarea \u0219i \u00eent\u0103rirea p\u0103rului \u0219i b\u0103rbii deteriorate \u0219i obosite. Acesta furnizeaz\u0103 substan\u021be nutritive, ajut\u0103 la men\u021binerea umidit\u0103\u021bii \u0219i promoveaz\u0103 cre\u0219terea. Datorit\u0103 unui amestec de patru uleiuri nutritive \u0219i nou\u0103 uleiuri esen\u021biale, nu numai c\u0103 \u00eengrije\u0219te eficient p\u0103rul \u0219i barba, dar le ofer\u0103 \u0219i un parfum oriental pl\u0103cut.<\/p>\n","protected":false},"excerpt":{"rendered":"<p>Uleiul hr\u0103nitor profund este ideal pentru tratarea \u0219i \u00eent\u0103rirea p\u0103rului \u0219i b\u0103rbii deteriorate \u0219i obosite. Acesta furnizeaz\u0103 substan\u021be nutritive, ajut\u0103 la men\u021binerea umidit\u0103\u021bii \u0219i promoveaz\u0103 cre\u0219terea. Datorit\u0103 unui amestec de patru uleiuri nutritive \u0219i nou\u0103 uleiuri esen\u021biale, nu numai c\u0103 \u00eengrije\u0219te eficient p\u0103rul \u0219i barba, dar le ofer\u0103 \u0219i un parfum oriental pl\u0103cut.<\/p>\n","protected":false},"featured_media":337455,"comment_status":"closed","ping_status":"open","template":"","meta":{"_acf_changed":false,"_kadence_starter_templates_imported_post":false,"_kad_post_transparent":"","_kad_post_title":"","_kad_post_layout":"","_kad_post_sidebar_id":"","_kad_post_content_style":"","_kad_post_vertical_padding":"","_kad_post_feature":"","_kad_post_feature_position":"","_kad_post_header":false,"_kad_post_footer":false,"_kad_post_classname":""},"product_brand":[147],"product_cat":[670,969,246],"product_tag":[],"class_list":{"0":"post-260961","1":"product","2":"type-product","3":"status-publish","4":"has-post-thumbnail","6":"product_brand-captain-fawcett","7":"product_cat-barber-shop","8":"product_cat-barber-shop-ingrijirea-parului","9":"product_cat-cosmetice","11":"first","12":"instock","13":"product-type-external","14":"entry","15":"content-bg","16":"loop-entry"},"acf":[],"yoast_head":"<!-- This site is optimized with the Yoast SEO plugin v27.4 - https:\/\/yoast.com\/product\/yoast-seo-wordpress\/ -->\n<title>Captain Fawcett Ulei hr\u0103nitor pentru p\u0103r, scalp \u0219i barb\u0103 (Hair, Scalp and Beard Oil) 100 ml - SHOPATOA.COM<\/title>\n<meta name=\"robots\" content=\"index, follow, max-snippet:-1, max-image-preview:large, max-video-preview:-1\" \/>\n<link rel=\"canonical\" href=\"https:\/\/shopatoa.com\/ro\/captain-fawcett-ulei-hranitor-pentru-par-scalp-si-barba-hair-scalp-and-beard-oil-100-ml\/\" \/>\n<meta property=\"og:locale\" content=\"ro_RO\" \/>\n<meta property=\"og:type\" content=\"article\" \/>\n<meta property=\"og:title\" content=\"Captain Fawcett Ulei hr\u0103nitor pentru p\u0103r, scalp \u0219i barb\u0103 (Hair, Scalp and Beard Oil) 100 ml - SHOPATOA.COM\" \/>\n<meta property=\"og:description\" content=\"Uleiul hr\u0103nitor profund este ideal pentru tratarea \u0219i \u00eent\u0103rirea p\u0103rului \u0219i b\u0103rbii deteriorate \u0219i obosite. Acesta furnizeaz\u0103 substan\u021be nutritive, ajut\u0103 la men\u021binerea umidit\u0103\u021bii \u0219i promoveaz\u0103 cre\u0219terea. Datorit\u0103 unui amestec de patru uleiuri nutritive \u0219i nou\u0103 uleiuri esen\u021biale, nu numai c\u0103 \u00eengrije\u0219te eficient p\u0103rul \u0219i barba, dar le ofer\u0103 \u0219i un parfum oriental pl\u0103cut.\" \/>\n<meta property=\"og:url\" content=\"https:\/\/shopatoa.com\/ro\/captain-fawcett-ulei-hranitor-pentru-par-scalp-si-barba-hair-scalp-and-beard-oil-100-ml\/\" \/>\n<meta property=\"og:site_name\" content=\"SHOPATOA\" \/>\n<meta property=\"article:modified_time\" content=\"2025-12-13T00:03:42+00:00\" \/>\n<meta property=\"og:image\" content=\"https:\/\/storage.googleapis.com\/cz-shopatoa-img\/ro\/04da18dd-unnamed-file.webp\" \/>\n\t<meta property=\"og:image:width\" content=\"800\" \/>\n\t<meta property=\"og:image:height\" content=\"800\" \/>\n\t<meta property=\"og:image:type\" content=\"image\/webp\" \/>\n<meta name=\"twitter:card\" content=\"summary_large_image\" \/>\n<script type=\"application\/ld+json\" class=\"yoast-schema-graph\">{\"@context\":\"https:\\\/\\\/schema.org\",\"@graph\":[{\"@type\":\"WebPage\",\"@id\":\"https:\\\/\\\/shopatoa.com\\\/ro\\\/captain-fawcett-ulei-hranitor-pentru-par-scalp-si-barba-hair-scalp-and-beard-oil-100-ml\\\/\",\"url\":\"https:\\\/\\\/shopatoa.com\\\/ro\\\/captain-fawcett-ulei-hranitor-pentru-par-scalp-si-barba-hair-scalp-and-beard-oil-100-ml\\\/\",\"name\":\"Captain Fawcett Ulei hr\u0103nitor pentru p\u0103r, scalp \u0219i barb\u0103 (Hair, Scalp and Beard Oil) 100 ml - SHOPATOA.COM\",\"isPartOf\":{\"@id\":\"https:\\\/\\\/shopatoa.com\\\/ro\\\/#website\"},\"primaryImageOfPage\":{\"@id\":\"https:\\\/\\\/shopatoa.com\\\/ro\\\/captain-fawcett-ulei-hranitor-pentru-par-scalp-si-barba-hair-scalp-and-beard-oil-100-ml\\\/#primaryimage\"},\"image\":{\"@id\":\"https:\\\/\\\/shopatoa.com\\\/ro\\\/captain-fawcett-ulei-hranitor-pentru-par-scalp-si-barba-hair-scalp-and-beard-oil-100-ml\\\/#primaryimage\"},\"thumbnailUrl\":\"https:\\\/\\\/storage.googleapis.com\\\/cz-shopatoa-img\\\/ro\\\/04da18dd-unnamed-file.webp\",\"datePublished\":\"2025-04-27T05:40:11+00:00\",\"dateModified\":\"2025-12-13T00:03:42+00:00\",\"breadcrumb\":{\"@id\":\"https:\\\/\\\/shopatoa.com\\\/ro\\\/captain-fawcett-ulei-hranitor-pentru-par-scalp-si-barba-hair-scalp-and-beard-oil-100-ml\\\/#breadcrumb\"},\"inLanguage\":\"ro-RO\",\"potentialAction\":[{\"@type\":\"ReadAction\",\"target\":[\"https:\\\/\\\/shopatoa.com\\\/ro\\\/captain-fawcett-ulei-hranitor-pentru-par-scalp-si-barba-hair-scalp-and-beard-oil-100-ml\\\/\"]}]},{\"@type\":\"ImageObject\",\"inLanguage\":\"ro-RO\",\"@id\":\"https:\\\/\\\/shopatoa.com\\\/ro\\\/captain-fawcett-ulei-hranitor-pentru-par-scalp-si-barba-hair-scalp-and-beard-oil-100-ml\\\/#primaryimage\",\"url\":\"https:\\\/\\\/storage.googleapis.com\\\/cz-shopatoa-img\\\/ro\\\/04da18dd-unnamed-file.webp\",\"contentUrl\":\"https:\\\/\\\/storage.googleapis.com\\\/cz-shopatoa-img\\\/ro\\\/04da18dd-unnamed-file.webp\",\"width\":800,\"height\":800},{\"@type\":\"BreadcrumbList\",\"@id\":\"https:\\\/\\\/shopatoa.com\\\/ro\\\/captain-fawcett-ulei-hranitor-pentru-par-scalp-si-barba-hair-scalp-and-beard-oil-100-ml\\\/#breadcrumb\",\"itemListElement\":[{\"@type\":\"ListItem\",\"position\":1,\"name\":\"Dom\u016f\",\"item\":\"https:\\\/\\\/shopatoa.com\\\/ro\\\/\"},{\"@type\":\"ListItem\",\"position\":2,\"name\":\"Shop\",\"item\":\"https:\\\/\\\/shopatoa.com\\\/ro\\\/shop\\\/\"},{\"@type\":\"ListItem\",\"position\":3,\"name\":\"Cosmetice\",\"item\":\"https:\\\/\\\/shopatoa.com\\\/ro\\\/cosmetice\\\/\"},{\"@type\":\"ListItem\",\"position\":4,\"name\":\"Barber Shop\",\"item\":\"https:\\\/\\\/shopatoa.com\\\/ro\\\/barber-shop\\\/\"},{\"@type\":\"ListItem\",\"position\":5,\"name\":\"Barber Shop \u2013 ingrijirea p\u0103rului\",\"item\":\"https:\\\/\\\/shopatoa.com\\\/ro\\\/barber-shop-ingrijirea-parului\\\/\"},{\"@type\":\"ListItem\",\"position\":6,\"name\":\"Captain Fawcett Ulei hr\u0103nitor pentru p\u0103r, scalp \u0219i barb\u0103 (Hair, Scalp and Beard Oil) 100 ml\"}]},{\"@type\":\"WebSite\",\"@id\":\"https:\\\/\\\/shopatoa.com\\\/ro\\\/#website\",\"url\":\"https:\\\/\\\/shopatoa.com\\\/ro\\\/\",\"name\":\"SHOPATOA\",\"description\":\"\",\"publisher\":{\"@id\":\"https:\\\/\\\/shopatoa.com\\\/ro\\\/#organization\"},\"potentialAction\":[{\"@type\":\"SearchAction\",\"target\":{\"@type\":\"EntryPoint\",\"urlTemplate\":\"https:\\\/\\\/shopatoa.com\\\/ro\\\/?s={search_term_string}\"},\"query-input\":{\"@type\":\"PropertyValueSpecification\",\"valueRequired\":true,\"valueName\":\"search_term_string\"}}],\"inLanguage\":\"ro-RO\"},{\"@type\":\"Organization\",\"@id\":\"https:\\\/\\\/shopatoa.com\\\/ro\\\/#organization\",\"name\":\"SHOPATOA\",\"url\":\"https:\\\/\\\/shopatoa.com\\\/ro\\\/\",\"logo\":{\"@type\":\"ImageObject\",\"inLanguage\":\"ro-RO\",\"@id\":\"https:\\\/\\\/shopatoa.com\\\/ro\\\/#\\\/schema\\\/logo\\\/image\\\/\",\"url\":\"https:\\\/\\\/storage.googleapis.com\\\/cz-shopatoa-img\\\/ro\\\/b4dac915-shopatoa_logo.png\",\"contentUrl\":\"https:\\\/\\\/storage.googleapis.com\\\/cz-shopatoa-img\\\/ro\\\/b4dac915-shopatoa_logo.png\",\"width\":416,\"height\":63,\"caption\":\"SHOPATOA\"},\"image\":{\"@id\":\"https:\\\/\\\/shopatoa.com\\\/ro\\\/#\\\/schema\\\/logo\\\/image\\\/\"}}]}<\/script>\n<!-- \/ Yoast SEO plugin. -->","yoast_head_json":{"title":"Captain Fawcett Ulei hr\u0103nitor pentru p\u0103r, scalp \u0219i barb\u0103 (Hair, Scalp and Beard Oil) 100 ml - SHOPATOA.COM","robots":{"index":"index","follow":"follow","max-snippet":"max-snippet:-1","max-image-preview":"max-image-preview:large","max-video-preview":"max-video-preview:-1"},"canonical":"https:\/\/shopatoa.com\/ro\/captain-fawcett-ulei-hranitor-pentru-par-scalp-si-barba-hair-scalp-and-beard-oil-100-ml\/","og_locale":"ro_RO","og_type":"article","og_title":"Captain Fawcett Ulei hr\u0103nitor pentru p\u0103r, scalp \u0219i barb\u0103 (Hair, Scalp and Beard Oil) 100 ml - SHOPATOA.COM","og_description":"Uleiul hr\u0103nitor profund este ideal pentru tratarea \u0219i \u00eent\u0103rirea p\u0103rului \u0219i b\u0103rbii deteriorate \u0219i obosite. Acesta furnizeaz\u0103 substan\u021be nutritive, ajut\u0103 la men\u021binerea umidit\u0103\u021bii \u0219i promoveaz\u0103 cre\u0219terea. Datorit\u0103 unui amestec de patru uleiuri nutritive \u0219i nou\u0103 uleiuri esen\u021biale, nu numai c\u0103 \u00eengrije\u0219te eficient p\u0103rul \u0219i barba, dar le ofer\u0103 \u0219i un parfum oriental pl\u0103cut.","og_url":"https:\/\/shopatoa.com\/ro\/captain-fawcett-ulei-hranitor-pentru-par-scalp-si-barba-hair-scalp-and-beard-oil-100-ml\/","og_site_name":"SHOPATOA","article_modified_time":"2025-12-13T00:03:42+00:00","og_image":[{"width":800,"height":800,"url":"https:\/\/storage.googleapis.com\/cz-shopatoa-img\/ro\/04da18dd-unnamed-file.webp","type":"image\/webp"}],"twitter_card":"summary_large_image","schema":{"@context":"https:\/\/schema.org","@graph":[{"@type":"WebPage","@id":"https:\/\/shopatoa.com\/ro\/captain-fawcett-ulei-hranitor-pentru-par-scalp-si-barba-hair-scalp-and-beard-oil-100-ml\/","url":"https:\/\/shopatoa.com\/ro\/captain-fawcett-ulei-hranitor-pentru-par-scalp-si-barba-hair-scalp-and-beard-oil-100-ml\/","name":"Captain Fawcett Ulei hr\u0103nitor pentru p\u0103r, scalp \u0219i barb\u0103 (Hair, Scalp and Beard Oil) 100 ml - SHOPATOA.COM","isPartOf":{"@id":"https:\/\/shopatoa.com\/ro\/#website"},"primaryImageOfPage":{"@id":"https:\/\/shopatoa.com\/ro\/captain-fawcett-ulei-hranitor-pentru-par-scalp-si-barba-hair-scalp-and-beard-oil-100-ml\/#primaryimage"},"image":{"@id":"https:\/\/shopatoa.com\/ro\/captain-fawcett-ulei-hranitor-pentru-par-scalp-si-barba-hair-scalp-and-beard-oil-100-ml\/#primaryimage"},"thumbnailUrl":"https:\/\/storage.googleapis.com\/cz-shopatoa-img\/ro\/04da18dd-unnamed-file.webp","datePublished":"2025-04-27T05:40:11+00:00","dateModified":"2025-12-13T00:03:42+00:00","breadcrumb":{"@id":"https:\/\/shopatoa.com\/ro\/captain-fawcett-ulei-hranitor-pentru-par-scalp-si-barba-hair-scalp-and-beard-oil-100-ml\/#breadcrumb"},"inLanguage":"ro-RO","potentialAction":[{"@type":"ReadAction","target":["https:\/\/shopatoa.com\/ro\/captain-fawcett-ulei-hranitor-pentru-par-scalp-si-barba-hair-scalp-and-beard-oil-100-ml\/"]}]},{"@type":"ImageObject","inLanguage":"ro-RO","@id":"https:\/\/shopatoa.com\/ro\/captain-fawcett-ulei-hranitor-pentru-par-scalp-si-barba-hair-scalp-and-beard-oil-100-ml\/#primaryimage","url":"https:\/\/storage.googleapis.com\/cz-shopatoa-img\/ro\/04da18dd-unnamed-file.webp","contentUrl":"https:\/\/storage.googleapis.com\/cz-shopatoa-img\/ro\/04da18dd-unnamed-file.webp","width":800,"height":800},{"@type":"BreadcrumbList","@id":"https:\/\/shopatoa.com\/ro\/captain-fawcett-ulei-hranitor-pentru-par-scalp-si-barba-hair-scalp-and-beard-oil-100-ml\/#breadcrumb","itemListElement":[{"@type":"ListItem","position":1,"name":"Dom\u016f","item":"https:\/\/shopatoa.com\/ro\/"},{"@type":"ListItem","position":2,"name":"Shop","item":"https:\/\/shopatoa.com\/ro\/shop\/"},{"@type":"ListItem","position":3,"name":"Cosmetice","item":"https:\/\/shopatoa.com\/ro\/cosmetice\/"},{"@type":"ListItem","position":4,"name":"Barber Shop","item":"https:\/\/shopatoa.com\/ro\/barber-shop\/"},{"@type":"ListItem","position":5,"name":"Barber Shop \u2013 ingrijirea p\u0103rului","item":"https:\/\/shopatoa.com\/ro\/barber-shop-ingrijirea-parului\/"},{"@type":"ListItem","position":6,"name":"Captain Fawcett Ulei hr\u0103nitor pentru p\u0103r, scalp \u0219i barb\u0103 (Hair, Scalp and Beard Oil) 100 ml"}]},{"@type":"WebSite","@id":"https:\/\/shopatoa.com\/ro\/#website","url":"https:\/\/shopatoa.com\/ro\/","name":"SHOPATOA","description":"","publisher":{"@id":"https:\/\/shopatoa.com\/ro\/#organization"},"potentialAction":[{"@type":"SearchAction","target":{"@type":"EntryPoint","urlTemplate":"https:\/\/shopatoa.com\/ro\/?s={search_term_string}"},"query-input":{"@type":"PropertyValueSpecification","valueRequired":true,"valueName":"search_term_string"}}],"inLanguage":"ro-RO"},{"@type":"Organization","@id":"https:\/\/shopatoa.com\/ro\/#organization","name":"SHOPATOA","url":"https:\/\/shopatoa.com\/ro\/","logo":{"@type":"ImageObject","inLanguage":"ro-RO","@id":"https:\/\/shopatoa.com\/ro\/#\/schema\/logo\/image\/","url":"https:\/\/storage.googleapis.com\/cz-shopatoa-img\/ro\/b4dac915-shopatoa_logo.png","contentUrl":"https:\/\/storage.googleapis.com\/cz-shopatoa-img\/ro\/b4dac915-shopatoa_logo.png","width":416,"height":63,"caption":"SHOPATOA"},"image":{"@id":"https:\/\/shopatoa.com\/ro\/#\/schema\/logo\/image\/"}}]}},"_links":{"self":[{"href":"https:\/\/shopatoa.com\/ro\/wp-json\/wp\/v2\/product\/260961","targetHints":{"allow":["GET"]}}],"collection":[{"href":"https:\/\/shopatoa.com\/ro\/wp-json\/wp\/v2\/product"}],"about":[{"href":"https:\/\/shopatoa.com\/ro\/wp-json\/wp\/v2\/types\/product"}],"replies":[{"embeddable":true,"href":"https:\/\/shopatoa.com\/ro\/wp-json\/wp\/v2\/comments?post=260961"}],"wp:featuredmedia":[{"embeddable":true,"href":"https:\/\/shopatoa.com\/ro\/wp-json\/wp\/v2\/media\/337455"}],"wp:attachment":[{"href":"https:\/\/shopatoa.com\/ro\/wp-json\/wp\/v2\/media?parent=260961"}],"wp:term":[{"taxonomy":"product_brand","embeddable":true,"href":"https:\/\/shopatoa.com\/ro\/wp-json\/wp\/v2\/product_brand?post=260961"},{"taxonomy":"product_cat","embeddable":true,"href":"https:\/\/shopatoa.com\/ro\/wp-json\/wp\/v2\/product_cat?post=260961"},{"taxonomy":"product_tag","embeddable":true,"href":"https:\/\/shopatoa.com\/ro\/wp-json\/wp\/v2\/product_tag?post=260961"}],"curies":[{"name":"wp","href":"https:\/\/api.w.org\/{rel}","templated":true}]}}