{"id":260979,"date":"2025-04-27T07:45:27","date_gmt":"2025-04-27T05:45:27","guid":{"rendered":"https:\/\/shopatoa.com\/ro\/braun-cap-de-inlocuire-pentru-aparat-de-tuns-series-x-xt20-black\/"},"modified":"2025-12-14T04:22:27","modified_gmt":"2025-12-14T03:22:27","slug":"braun-cap-de-inlocuire-pentru-aparat-de-tuns-series-x-xt20-black","status":"publish","type":"product","link":"https:\/\/shopatoa.com\/ro\/braun-cap-de-inlocuire-pentru-aparat-de-tuns-series-x-xt20-black\/","title":{"rendered":"Braun Cap de \u00eenlocuire pentru aparat de tuns Series X XT20 Black"},"content":{"rendered":"<p>Acest cap de schimb este conceput pentru a fi utilizat cu aparatele de tuns Braun din seria X \u0219i v\u0103 permite s\u0103 tunde\u021bi, s\u0103 modela\u021bi \u0219i s\u0103 rade\u021bi. Cu tehnologia 4D-Blade care efectueaz\u0103 450 de mi\u0219c\u0103ri pe secund\u0103, asigur\u0103 un b\u0103rbierit rapid, precis \u0219i confortabil, indiferent de stilul sau lungimea b\u0103rbii. Capul pivotant flexibil se adapteaz\u0103 la contururile fe\u021bei \u0219i ale corpului \u0219i, \u00eempreun\u0103 cu pieptenele bidirec\u021bional, faciliteaz\u0103 b\u0103rbieritul chiar \u0219i \u00een zonele greu accesibile.<\/p>\n","protected":false},"excerpt":{"rendered":"<p>Acest cap de schimb este conceput pentru a fi utilizat cu aparatele de tuns Braun din seria X \u0219i v\u0103 permite s\u0103 tunde\u021bi, s\u0103 modela\u021bi \u0219i s\u0103 rade\u021bi. Cu tehnologia 4D-Blade care efectueaz\u0103 450 de mi\u0219c\u0103ri pe secund\u0103, asigur\u0103 un b\u0103rbierit rapid, precis \u0219i confortabil, indiferent de stilul sau lungimea b\u0103rbii. Capul pivotant flexibil se&#8230;<\/p>\n","protected":false},"featured_media":337471,"comment_status":"closed","ping_status":"open","template":"","meta":{"_acf_changed":false,"_kadence_starter_templates_imported_post":false,"_kad_post_transparent":"","_kad_post_title":"","_kad_post_layout":"","_kad_post_sidebar_id":"","_kad_post_content_style":"","_kad_post_vertical_padding":"","_kad_post_feature":"","_kad_post_feature_position":"","_kad_post_header":false,"_kad_post_footer":false,"_kad_post_classname":""},"product_brand":[502],"product_cat":[670,765,246],"product_tag":[],"class_list":{"0":"post-260979","1":"product","2":"type-product","3":"status-publish","4":"has-post-thumbnail","6":"product_brand-braun","7":"product_cat-barber-shop","8":"product_cat-barber-shop-taiat","9":"product_cat-cosmetice","11":"first","12":"instock","13":"sale","14":"product-type-external","15":"entry","16":"content-bg","17":"loop-entry"},"acf":[],"yoast_head":"<!-- This site is optimized with the Yoast SEO plugin v27.4 - https:\/\/yoast.com\/product\/yoast-seo-wordpress\/ -->\n<title>Braun Cap de \u00eenlocuire pentru aparat de tuns Series X XT20 Black - SHOPATOA.COM<\/title>\n<meta name=\"robots\" content=\"index, follow, max-snippet:-1, max-image-preview:large, max-video-preview:-1\" \/>\n<link rel=\"canonical\" href=\"https:\/\/shopatoa.com\/ro\/braun-cap-de-inlocuire-pentru-aparat-de-tuns-series-x-xt20-black\/\" \/>\n<meta property=\"og:locale\" content=\"ro_RO\" \/>\n<meta property=\"og:type\" content=\"article\" \/>\n<meta property=\"og:title\" content=\"Braun Cap de \u00eenlocuire pentru aparat de tuns Series X XT20 Black - SHOPATOA.COM\" \/>\n<meta property=\"og:description\" content=\"Acest cap de schimb este conceput pentru a fi utilizat cu aparatele de tuns Braun din seria X \u0219i v\u0103 permite s\u0103 tunde\u021bi, s\u0103 modela\u021bi \u0219i s\u0103 rade\u021bi. Cu tehnologia 4D-Blade care efectueaz\u0103 450 de mi\u0219c\u0103ri pe secund\u0103, asigur\u0103 un b\u0103rbierit rapid, precis \u0219i confortabil, indiferent de stilul sau lungimea b\u0103rbii. Capul pivotant flexibil se...\" \/>\n<meta property=\"og:url\" content=\"https:\/\/shopatoa.com\/ro\/braun-cap-de-inlocuire-pentru-aparat-de-tuns-series-x-xt20-black\/\" \/>\n<meta property=\"og:site_name\" content=\"SHOPATOA\" \/>\n<meta property=\"article:modified_time\" content=\"2025-12-14T03:22:27+00:00\" \/>\n<meta property=\"og:image\" content=\"https:\/\/storage.googleapis.com\/cz-shopatoa-img\/ro\/12521e48-unnamed-file.webp\" \/>\n\t<meta property=\"og:image:width\" content=\"800\" \/>\n\t<meta property=\"og:image:height\" content=\"800\" \/>\n\t<meta property=\"og:image:type\" content=\"image\/webp\" \/>\n<meta name=\"twitter:card\" content=\"summary_large_image\" \/>\n<script type=\"application\/ld+json\" class=\"yoast-schema-graph\">{\"@context\":\"https:\\\/\\\/schema.org\",\"@graph\":[{\"@type\":\"WebPage\",\"@id\":\"https:\\\/\\\/shopatoa.com\\\/ro\\\/braun-cap-de-inlocuire-pentru-aparat-de-tuns-series-x-xt20-black\\\/\",\"url\":\"https:\\\/\\\/shopatoa.com\\\/ro\\\/braun-cap-de-inlocuire-pentru-aparat-de-tuns-series-x-xt20-black\\\/\",\"name\":\"Braun Cap de \u00eenlocuire pentru aparat de tuns Series X XT20 Black - SHOPATOA.COM\",\"isPartOf\":{\"@id\":\"https:\\\/\\\/shopatoa.com\\\/ro\\\/#website\"},\"primaryImageOfPage\":{\"@id\":\"https:\\\/\\\/shopatoa.com\\\/ro\\\/braun-cap-de-inlocuire-pentru-aparat-de-tuns-series-x-xt20-black\\\/#primaryimage\"},\"image\":{\"@id\":\"https:\\\/\\\/shopatoa.com\\\/ro\\\/braun-cap-de-inlocuire-pentru-aparat-de-tuns-series-x-xt20-black\\\/#primaryimage\"},\"thumbnailUrl\":\"https:\\\/\\\/storage.googleapis.com\\\/cz-shopatoa-img\\\/ro\\\/12521e48-unnamed-file.webp\",\"datePublished\":\"2025-04-27T05:45:27+00:00\",\"dateModified\":\"2025-12-14T03:22:27+00:00\",\"breadcrumb\":{\"@id\":\"https:\\\/\\\/shopatoa.com\\\/ro\\\/braun-cap-de-inlocuire-pentru-aparat-de-tuns-series-x-xt20-black\\\/#breadcrumb\"},\"inLanguage\":\"ro-RO\",\"potentialAction\":[{\"@type\":\"ReadAction\",\"target\":[\"https:\\\/\\\/shopatoa.com\\\/ro\\\/braun-cap-de-inlocuire-pentru-aparat-de-tuns-series-x-xt20-black\\\/\"]}]},{\"@type\":\"ImageObject\",\"inLanguage\":\"ro-RO\",\"@id\":\"https:\\\/\\\/shopatoa.com\\\/ro\\\/braun-cap-de-inlocuire-pentru-aparat-de-tuns-series-x-xt20-black\\\/#primaryimage\",\"url\":\"https:\\\/\\\/storage.googleapis.com\\\/cz-shopatoa-img\\\/ro\\\/12521e48-unnamed-file.webp\",\"contentUrl\":\"https:\\\/\\\/storage.googleapis.com\\\/cz-shopatoa-img\\\/ro\\\/12521e48-unnamed-file.webp\",\"width\":800,\"height\":800},{\"@type\":\"BreadcrumbList\",\"@id\":\"https:\\\/\\\/shopatoa.com\\\/ro\\\/braun-cap-de-inlocuire-pentru-aparat-de-tuns-series-x-xt20-black\\\/#breadcrumb\",\"itemListElement\":[{\"@type\":\"ListItem\",\"position\":1,\"name\":\"Dom\u016f\",\"item\":\"https:\\\/\\\/shopatoa.com\\\/ro\\\/\"},{\"@type\":\"ListItem\",\"position\":2,\"name\":\"Shop\",\"item\":\"https:\\\/\\\/shopatoa.com\\\/ro\\\/shop\\\/\"},{\"@type\":\"ListItem\",\"position\":3,\"name\":\"Cosmetice\",\"item\":\"https:\\\/\\\/shopatoa.com\\\/ro\\\/cosmetice\\\/\"},{\"@type\":\"ListItem\",\"position\":4,\"name\":\"Barber Shop\",\"item\":\"https:\\\/\\\/shopatoa.com\\\/ro\\\/barber-shop\\\/\"},{\"@type\":\"ListItem\",\"position\":5,\"name\":\"Barber Shop \u2013 t\u0103iat\",\"item\":\"https:\\\/\\\/shopatoa.com\\\/ro\\\/barber-shop-taiat\\\/\"},{\"@type\":\"ListItem\",\"position\":6,\"name\":\"Braun Cap de \u00eenlocuire pentru aparat de tuns Series X XT20 Black\"}]},{\"@type\":\"WebSite\",\"@id\":\"https:\\\/\\\/shopatoa.com\\\/ro\\\/#website\",\"url\":\"https:\\\/\\\/shopatoa.com\\\/ro\\\/\",\"name\":\"SHOPATOA\",\"description\":\"\",\"publisher\":{\"@id\":\"https:\\\/\\\/shopatoa.com\\\/ro\\\/#organization\"},\"potentialAction\":[{\"@type\":\"SearchAction\",\"target\":{\"@type\":\"EntryPoint\",\"urlTemplate\":\"https:\\\/\\\/shopatoa.com\\\/ro\\\/?s={search_term_string}\"},\"query-input\":{\"@type\":\"PropertyValueSpecification\",\"valueRequired\":true,\"valueName\":\"search_term_string\"}}],\"inLanguage\":\"ro-RO\"},{\"@type\":\"Organization\",\"@id\":\"https:\\\/\\\/shopatoa.com\\\/ro\\\/#organization\",\"name\":\"SHOPATOA\",\"url\":\"https:\\\/\\\/shopatoa.com\\\/ro\\\/\",\"logo\":{\"@type\":\"ImageObject\",\"inLanguage\":\"ro-RO\",\"@id\":\"https:\\\/\\\/shopatoa.com\\\/ro\\\/#\\\/schema\\\/logo\\\/image\\\/\",\"url\":\"https:\\\/\\\/storage.googleapis.com\\\/cz-shopatoa-img\\\/ro\\\/b4dac915-shopatoa_logo.png\",\"contentUrl\":\"https:\\\/\\\/storage.googleapis.com\\\/cz-shopatoa-img\\\/ro\\\/b4dac915-shopatoa_logo.png\",\"width\":416,\"height\":63,\"caption\":\"SHOPATOA\"},\"image\":{\"@id\":\"https:\\\/\\\/shopatoa.com\\\/ro\\\/#\\\/schema\\\/logo\\\/image\\\/\"}}]}<\/script>\n<!-- \/ Yoast SEO plugin. -->","yoast_head_json":{"title":"Braun Cap de \u00eenlocuire pentru aparat de tuns Series X XT20 Black - SHOPATOA.COM","robots":{"index":"index","follow":"follow","max-snippet":"max-snippet:-1","max-image-preview":"max-image-preview:large","max-video-preview":"max-video-preview:-1"},"canonical":"https:\/\/shopatoa.com\/ro\/braun-cap-de-inlocuire-pentru-aparat-de-tuns-series-x-xt20-black\/","og_locale":"ro_RO","og_type":"article","og_title":"Braun Cap de \u00eenlocuire pentru aparat de tuns Series X XT20 Black - SHOPATOA.COM","og_description":"Acest cap de schimb este conceput pentru a fi utilizat cu aparatele de tuns Braun din seria X \u0219i v\u0103 permite s\u0103 tunde\u021bi, s\u0103 modela\u021bi \u0219i s\u0103 rade\u021bi. Cu tehnologia 4D-Blade care efectueaz\u0103 450 de mi\u0219c\u0103ri pe secund\u0103, asigur\u0103 un b\u0103rbierit rapid, precis \u0219i confortabil, indiferent de stilul sau lungimea b\u0103rbii. Capul pivotant flexibil se...","og_url":"https:\/\/shopatoa.com\/ro\/braun-cap-de-inlocuire-pentru-aparat-de-tuns-series-x-xt20-black\/","og_site_name":"SHOPATOA","article_modified_time":"2025-12-14T03:22:27+00:00","og_image":[{"width":800,"height":800,"url":"https:\/\/storage.googleapis.com\/cz-shopatoa-img\/ro\/12521e48-unnamed-file.webp","type":"image\/webp"}],"twitter_card":"summary_large_image","schema":{"@context":"https:\/\/schema.org","@graph":[{"@type":"WebPage","@id":"https:\/\/shopatoa.com\/ro\/braun-cap-de-inlocuire-pentru-aparat-de-tuns-series-x-xt20-black\/","url":"https:\/\/shopatoa.com\/ro\/braun-cap-de-inlocuire-pentru-aparat-de-tuns-series-x-xt20-black\/","name":"Braun Cap de \u00eenlocuire pentru aparat de tuns Series X XT20 Black - SHOPATOA.COM","isPartOf":{"@id":"https:\/\/shopatoa.com\/ro\/#website"},"primaryImageOfPage":{"@id":"https:\/\/shopatoa.com\/ro\/braun-cap-de-inlocuire-pentru-aparat-de-tuns-series-x-xt20-black\/#primaryimage"},"image":{"@id":"https:\/\/shopatoa.com\/ro\/braun-cap-de-inlocuire-pentru-aparat-de-tuns-series-x-xt20-black\/#primaryimage"},"thumbnailUrl":"https:\/\/storage.googleapis.com\/cz-shopatoa-img\/ro\/12521e48-unnamed-file.webp","datePublished":"2025-04-27T05:45:27+00:00","dateModified":"2025-12-14T03:22:27+00:00","breadcrumb":{"@id":"https:\/\/shopatoa.com\/ro\/braun-cap-de-inlocuire-pentru-aparat-de-tuns-series-x-xt20-black\/#breadcrumb"},"inLanguage":"ro-RO","potentialAction":[{"@type":"ReadAction","target":["https:\/\/shopatoa.com\/ro\/braun-cap-de-inlocuire-pentru-aparat-de-tuns-series-x-xt20-black\/"]}]},{"@type":"ImageObject","inLanguage":"ro-RO","@id":"https:\/\/shopatoa.com\/ro\/braun-cap-de-inlocuire-pentru-aparat-de-tuns-series-x-xt20-black\/#primaryimage","url":"https:\/\/storage.googleapis.com\/cz-shopatoa-img\/ro\/12521e48-unnamed-file.webp","contentUrl":"https:\/\/storage.googleapis.com\/cz-shopatoa-img\/ro\/12521e48-unnamed-file.webp","width":800,"height":800},{"@type":"BreadcrumbList","@id":"https:\/\/shopatoa.com\/ro\/braun-cap-de-inlocuire-pentru-aparat-de-tuns-series-x-xt20-black\/#breadcrumb","itemListElement":[{"@type":"ListItem","position":1,"name":"Dom\u016f","item":"https:\/\/shopatoa.com\/ro\/"},{"@type":"ListItem","position":2,"name":"Shop","item":"https:\/\/shopatoa.com\/ro\/shop\/"},{"@type":"ListItem","position":3,"name":"Cosmetice","item":"https:\/\/shopatoa.com\/ro\/cosmetice\/"},{"@type":"ListItem","position":4,"name":"Barber Shop","item":"https:\/\/shopatoa.com\/ro\/barber-shop\/"},{"@type":"ListItem","position":5,"name":"Barber Shop \u2013 t\u0103iat","item":"https:\/\/shopatoa.com\/ro\/barber-shop-taiat\/"},{"@type":"ListItem","position":6,"name":"Braun Cap de \u00eenlocuire pentru aparat de tuns Series X XT20 Black"}]},{"@type":"WebSite","@id":"https:\/\/shopatoa.com\/ro\/#website","url":"https:\/\/shopatoa.com\/ro\/","name":"SHOPATOA","description":"","publisher":{"@id":"https:\/\/shopatoa.com\/ro\/#organization"},"potentialAction":[{"@type":"SearchAction","target":{"@type":"EntryPoint","urlTemplate":"https:\/\/shopatoa.com\/ro\/?s={search_term_string}"},"query-input":{"@type":"PropertyValueSpecification","valueRequired":true,"valueName":"search_term_string"}}],"inLanguage":"ro-RO"},{"@type":"Organization","@id":"https:\/\/shopatoa.com\/ro\/#organization","name":"SHOPATOA","url":"https:\/\/shopatoa.com\/ro\/","logo":{"@type":"ImageObject","inLanguage":"ro-RO","@id":"https:\/\/shopatoa.com\/ro\/#\/schema\/logo\/image\/","url":"https:\/\/storage.googleapis.com\/cz-shopatoa-img\/ro\/b4dac915-shopatoa_logo.png","contentUrl":"https:\/\/storage.googleapis.com\/cz-shopatoa-img\/ro\/b4dac915-shopatoa_logo.png","width":416,"height":63,"caption":"SHOPATOA"},"image":{"@id":"https:\/\/shopatoa.com\/ro\/#\/schema\/logo\/image\/"}}]}},"_links":{"self":[{"href":"https:\/\/shopatoa.com\/ro\/wp-json\/wp\/v2\/product\/260979","targetHints":{"allow":["GET"]}}],"collection":[{"href":"https:\/\/shopatoa.com\/ro\/wp-json\/wp\/v2\/product"}],"about":[{"href":"https:\/\/shopatoa.com\/ro\/wp-json\/wp\/v2\/types\/product"}],"replies":[{"embeddable":true,"href":"https:\/\/shopatoa.com\/ro\/wp-json\/wp\/v2\/comments?post=260979"}],"wp:featuredmedia":[{"embeddable":true,"href":"https:\/\/shopatoa.com\/ro\/wp-json\/wp\/v2\/media\/337471"}],"wp:attachment":[{"href":"https:\/\/shopatoa.com\/ro\/wp-json\/wp\/v2\/media?parent=260979"}],"wp:term":[{"taxonomy":"product_brand","embeddable":true,"href":"https:\/\/shopatoa.com\/ro\/wp-json\/wp\/v2\/product_brand?post=260979"},{"taxonomy":"product_cat","embeddable":true,"href":"https:\/\/shopatoa.com\/ro\/wp-json\/wp\/v2\/product_cat?post=260979"},{"taxonomy":"product_tag","embeddable":true,"href":"https:\/\/shopatoa.com\/ro\/wp-json\/wp\/v2\/product_tag?post=260979"}],"curies":[{"name":"wp","href":"https:\/\/api.w.org\/{rel}","templated":true}]}}