{"id":260987,"date":"2025-04-27T07:46:42","date_gmt":"2025-04-27T05:46:42","guid":{"rendered":"https:\/\/shopatoa.com\/ro\/braun-aparat-de-tuns-barba-series-3-bt3411\/"},"modified":"2025-12-14T04:22:09","modified_gmt":"2025-12-14T03:22:09","slug":"braun-aparat-de-tuns-barba-series-3-bt3411","status":"publish","type":"product","link":"https:\/\/shopatoa.com\/ro\/braun-aparat-de-tuns-barba-series-3-bt3411\/","title":{"rendered":"Braun Aparat de tuns barba Series 3 BT3411"},"content":{"rendered":"<p>Aparat de tuns barba de precizie care face \u00eengrijirea u\u0219oar\u0103 \u0219i perfect\u0103 \u00een confortul propriei case. Datorit\u0103 lamelor extrem de ascu\u021bite, tunde toate b\u0103rbile uniform, \u00een timp ce cadranul rotativ cu 40 de set\u0103ri de lungime permite ajustarea precis\u0103 a t\u0103ieturii \u00een trepte de 0,5 mm. Instrumentele de styling v\u0103 ajut\u0103 s\u0103 crea\u021bi linii clare \u0219i un aspect simetric.<\/p>\n","protected":false},"excerpt":{"rendered":"<p>Aparat de tuns barba de precizie care face \u00eengrijirea u\u0219oar\u0103 \u0219i perfect\u0103 \u00een confortul propriei case. Datorit\u0103 lamelor extrem de ascu\u021bite, tunde toate b\u0103rbile uniform, \u00een timp ce cadranul rotativ cu 40 de set\u0103ri de lungime permite ajustarea precis\u0103 a t\u0103ieturii \u00een trepte de 0,5 mm. Instrumentele de styling v\u0103 ajut\u0103 s\u0103 crea\u021bi linii clare&#8230;<\/p>\n","protected":false},"featured_media":337478,"comment_status":"closed","ping_status":"open","template":"","meta":{"_acf_changed":false,"_kadence_starter_templates_imported_post":false,"_kad_post_transparent":"","_kad_post_title":"","_kad_post_layout":"","_kad_post_sidebar_id":"","_kad_post_content_style":"","_kad_post_vertical_padding":"","_kad_post_feature":"","_kad_post_feature_position":"","_kad_post_header":false,"_kad_post_footer":false,"_kad_post_classname":""},"product_brand":[502],"product_cat":[670,765,246],"product_tag":[],"class_list":{"0":"post-260987","1":"product","2":"type-product","3":"status-publish","4":"has-post-thumbnail","6":"product_brand-braun","7":"product_cat-barber-shop","8":"product_cat-barber-shop-taiat","9":"product_cat-cosmetice","11":"first","12":"instock","13":"product-type-external","14":"entry","15":"content-bg","16":"loop-entry"},"acf":[],"yoast_head":"<!-- This site is optimized with the Yoast SEO plugin v27.4 - https:\/\/yoast.com\/product\/yoast-seo-wordpress\/ -->\n<title>Braun Aparat de tuns barba Series 3 BT3411 - SHOPATOA.COM<\/title>\n<meta name=\"robots\" content=\"index, follow, max-snippet:-1, max-image-preview:large, max-video-preview:-1\" \/>\n<link rel=\"canonical\" href=\"https:\/\/shopatoa.com\/ro\/braun-aparat-de-tuns-barba-series-3-bt3411\/\" \/>\n<meta property=\"og:locale\" content=\"ro_RO\" \/>\n<meta property=\"og:type\" content=\"article\" \/>\n<meta property=\"og:title\" content=\"Braun Aparat de tuns barba Series 3 BT3411 - SHOPATOA.COM\" \/>\n<meta property=\"og:description\" content=\"Aparat de tuns barba de precizie care face \u00eengrijirea u\u0219oar\u0103 \u0219i perfect\u0103 \u00een confortul propriei case. Datorit\u0103 lamelor extrem de ascu\u021bite, tunde toate b\u0103rbile uniform, \u00een timp ce cadranul rotativ cu 40 de set\u0103ri de lungime permite ajustarea precis\u0103 a t\u0103ieturii \u00een trepte de 0,5 mm. Instrumentele de styling v\u0103 ajut\u0103 s\u0103 crea\u021bi linii clare...\" \/>\n<meta property=\"og:url\" content=\"https:\/\/shopatoa.com\/ro\/braun-aparat-de-tuns-barba-series-3-bt3411\/\" \/>\n<meta property=\"og:site_name\" content=\"SHOPATOA\" \/>\n<meta property=\"article:modified_time\" content=\"2025-12-14T03:22:09+00:00\" \/>\n<meta property=\"og:image\" content=\"https:\/\/storage.googleapis.com\/cz-shopatoa-img\/ro\/21ffd79f-unnamed-file.webp\" \/>\n\t<meta property=\"og:image:width\" content=\"800\" \/>\n\t<meta property=\"og:image:height\" content=\"800\" \/>\n\t<meta property=\"og:image:type\" content=\"image\/webp\" \/>\n<meta name=\"twitter:card\" content=\"summary_large_image\" \/>\n<script type=\"application\/ld+json\" class=\"yoast-schema-graph\">{\"@context\":\"https:\\\/\\\/schema.org\",\"@graph\":[{\"@type\":\"WebPage\",\"@id\":\"https:\\\/\\\/shopatoa.com\\\/ro\\\/braun-aparat-de-tuns-barba-series-3-bt3411\\\/\",\"url\":\"https:\\\/\\\/shopatoa.com\\\/ro\\\/braun-aparat-de-tuns-barba-series-3-bt3411\\\/\",\"name\":\"Braun Aparat de tuns barba Series 3 BT3411 - SHOPATOA.COM\",\"isPartOf\":{\"@id\":\"https:\\\/\\\/shopatoa.com\\\/ro\\\/#website\"},\"primaryImageOfPage\":{\"@id\":\"https:\\\/\\\/shopatoa.com\\\/ro\\\/braun-aparat-de-tuns-barba-series-3-bt3411\\\/#primaryimage\"},\"image\":{\"@id\":\"https:\\\/\\\/shopatoa.com\\\/ro\\\/braun-aparat-de-tuns-barba-series-3-bt3411\\\/#primaryimage\"},\"thumbnailUrl\":\"https:\\\/\\\/storage.googleapis.com\\\/cz-shopatoa-img\\\/ro\\\/21ffd79f-unnamed-file.webp\",\"datePublished\":\"2025-04-27T05:46:42+00:00\",\"dateModified\":\"2025-12-14T03:22:09+00:00\",\"breadcrumb\":{\"@id\":\"https:\\\/\\\/shopatoa.com\\\/ro\\\/braun-aparat-de-tuns-barba-series-3-bt3411\\\/#breadcrumb\"},\"inLanguage\":\"ro-RO\",\"potentialAction\":[{\"@type\":\"ReadAction\",\"target\":[\"https:\\\/\\\/shopatoa.com\\\/ro\\\/braun-aparat-de-tuns-barba-series-3-bt3411\\\/\"]}]},{\"@type\":\"ImageObject\",\"inLanguage\":\"ro-RO\",\"@id\":\"https:\\\/\\\/shopatoa.com\\\/ro\\\/braun-aparat-de-tuns-barba-series-3-bt3411\\\/#primaryimage\",\"url\":\"https:\\\/\\\/storage.googleapis.com\\\/cz-shopatoa-img\\\/ro\\\/21ffd79f-unnamed-file.webp\",\"contentUrl\":\"https:\\\/\\\/storage.googleapis.com\\\/cz-shopatoa-img\\\/ro\\\/21ffd79f-unnamed-file.webp\",\"width\":800,\"height\":800},{\"@type\":\"BreadcrumbList\",\"@id\":\"https:\\\/\\\/shopatoa.com\\\/ro\\\/braun-aparat-de-tuns-barba-series-3-bt3411\\\/#breadcrumb\",\"itemListElement\":[{\"@type\":\"ListItem\",\"position\":1,\"name\":\"Dom\u016f\",\"item\":\"https:\\\/\\\/shopatoa.com\\\/ro\\\/\"},{\"@type\":\"ListItem\",\"position\":2,\"name\":\"Shop\",\"item\":\"https:\\\/\\\/shopatoa.com\\\/ro\\\/shop\\\/\"},{\"@type\":\"ListItem\",\"position\":3,\"name\":\"Cosmetice\",\"item\":\"https:\\\/\\\/shopatoa.com\\\/ro\\\/cosmetice\\\/\"},{\"@type\":\"ListItem\",\"position\":4,\"name\":\"Barber Shop\",\"item\":\"https:\\\/\\\/shopatoa.com\\\/ro\\\/barber-shop\\\/\"},{\"@type\":\"ListItem\",\"position\":5,\"name\":\"Barber Shop \u2013 t\u0103iat\",\"item\":\"https:\\\/\\\/shopatoa.com\\\/ro\\\/barber-shop-taiat\\\/\"},{\"@type\":\"ListItem\",\"position\":6,\"name\":\"Braun Aparat de tuns barba Series 3 BT3411\"}]},{\"@type\":\"WebSite\",\"@id\":\"https:\\\/\\\/shopatoa.com\\\/ro\\\/#website\",\"url\":\"https:\\\/\\\/shopatoa.com\\\/ro\\\/\",\"name\":\"SHOPATOA\",\"description\":\"\",\"publisher\":{\"@id\":\"https:\\\/\\\/shopatoa.com\\\/ro\\\/#organization\"},\"potentialAction\":[{\"@type\":\"SearchAction\",\"target\":{\"@type\":\"EntryPoint\",\"urlTemplate\":\"https:\\\/\\\/shopatoa.com\\\/ro\\\/?s={search_term_string}\"},\"query-input\":{\"@type\":\"PropertyValueSpecification\",\"valueRequired\":true,\"valueName\":\"search_term_string\"}}],\"inLanguage\":\"ro-RO\"},{\"@type\":\"Organization\",\"@id\":\"https:\\\/\\\/shopatoa.com\\\/ro\\\/#organization\",\"name\":\"SHOPATOA\",\"url\":\"https:\\\/\\\/shopatoa.com\\\/ro\\\/\",\"logo\":{\"@type\":\"ImageObject\",\"inLanguage\":\"ro-RO\",\"@id\":\"https:\\\/\\\/shopatoa.com\\\/ro\\\/#\\\/schema\\\/logo\\\/image\\\/\",\"url\":\"https:\\\/\\\/storage.googleapis.com\\\/cz-shopatoa-img\\\/ro\\\/b4dac915-shopatoa_logo.png\",\"contentUrl\":\"https:\\\/\\\/storage.googleapis.com\\\/cz-shopatoa-img\\\/ro\\\/b4dac915-shopatoa_logo.png\",\"width\":416,\"height\":63,\"caption\":\"SHOPATOA\"},\"image\":{\"@id\":\"https:\\\/\\\/shopatoa.com\\\/ro\\\/#\\\/schema\\\/logo\\\/image\\\/\"}}]}<\/script>\n<!-- \/ Yoast SEO plugin. -->","yoast_head_json":{"title":"Braun Aparat de tuns barba Series 3 BT3411 - SHOPATOA.COM","robots":{"index":"index","follow":"follow","max-snippet":"max-snippet:-1","max-image-preview":"max-image-preview:large","max-video-preview":"max-video-preview:-1"},"canonical":"https:\/\/shopatoa.com\/ro\/braun-aparat-de-tuns-barba-series-3-bt3411\/","og_locale":"ro_RO","og_type":"article","og_title":"Braun Aparat de tuns barba Series 3 BT3411 - SHOPATOA.COM","og_description":"Aparat de tuns barba de precizie care face \u00eengrijirea u\u0219oar\u0103 \u0219i perfect\u0103 \u00een confortul propriei case. Datorit\u0103 lamelor extrem de ascu\u021bite, tunde toate b\u0103rbile uniform, \u00een timp ce cadranul rotativ cu 40 de set\u0103ri de lungime permite ajustarea precis\u0103 a t\u0103ieturii \u00een trepte de 0,5 mm. Instrumentele de styling v\u0103 ajut\u0103 s\u0103 crea\u021bi linii clare...","og_url":"https:\/\/shopatoa.com\/ro\/braun-aparat-de-tuns-barba-series-3-bt3411\/","og_site_name":"SHOPATOA","article_modified_time":"2025-12-14T03:22:09+00:00","og_image":[{"width":800,"height":800,"url":"https:\/\/storage.googleapis.com\/cz-shopatoa-img\/ro\/21ffd79f-unnamed-file.webp","type":"image\/webp"}],"twitter_card":"summary_large_image","schema":{"@context":"https:\/\/schema.org","@graph":[{"@type":"WebPage","@id":"https:\/\/shopatoa.com\/ro\/braun-aparat-de-tuns-barba-series-3-bt3411\/","url":"https:\/\/shopatoa.com\/ro\/braun-aparat-de-tuns-barba-series-3-bt3411\/","name":"Braun Aparat de tuns barba Series 3 BT3411 - SHOPATOA.COM","isPartOf":{"@id":"https:\/\/shopatoa.com\/ro\/#website"},"primaryImageOfPage":{"@id":"https:\/\/shopatoa.com\/ro\/braun-aparat-de-tuns-barba-series-3-bt3411\/#primaryimage"},"image":{"@id":"https:\/\/shopatoa.com\/ro\/braun-aparat-de-tuns-barba-series-3-bt3411\/#primaryimage"},"thumbnailUrl":"https:\/\/storage.googleapis.com\/cz-shopatoa-img\/ro\/21ffd79f-unnamed-file.webp","datePublished":"2025-04-27T05:46:42+00:00","dateModified":"2025-12-14T03:22:09+00:00","breadcrumb":{"@id":"https:\/\/shopatoa.com\/ro\/braun-aparat-de-tuns-barba-series-3-bt3411\/#breadcrumb"},"inLanguage":"ro-RO","potentialAction":[{"@type":"ReadAction","target":["https:\/\/shopatoa.com\/ro\/braun-aparat-de-tuns-barba-series-3-bt3411\/"]}]},{"@type":"ImageObject","inLanguage":"ro-RO","@id":"https:\/\/shopatoa.com\/ro\/braun-aparat-de-tuns-barba-series-3-bt3411\/#primaryimage","url":"https:\/\/storage.googleapis.com\/cz-shopatoa-img\/ro\/21ffd79f-unnamed-file.webp","contentUrl":"https:\/\/storage.googleapis.com\/cz-shopatoa-img\/ro\/21ffd79f-unnamed-file.webp","width":800,"height":800},{"@type":"BreadcrumbList","@id":"https:\/\/shopatoa.com\/ro\/braun-aparat-de-tuns-barba-series-3-bt3411\/#breadcrumb","itemListElement":[{"@type":"ListItem","position":1,"name":"Dom\u016f","item":"https:\/\/shopatoa.com\/ro\/"},{"@type":"ListItem","position":2,"name":"Shop","item":"https:\/\/shopatoa.com\/ro\/shop\/"},{"@type":"ListItem","position":3,"name":"Cosmetice","item":"https:\/\/shopatoa.com\/ro\/cosmetice\/"},{"@type":"ListItem","position":4,"name":"Barber Shop","item":"https:\/\/shopatoa.com\/ro\/barber-shop\/"},{"@type":"ListItem","position":5,"name":"Barber Shop \u2013 t\u0103iat","item":"https:\/\/shopatoa.com\/ro\/barber-shop-taiat\/"},{"@type":"ListItem","position":6,"name":"Braun Aparat de tuns barba Series 3 BT3411"}]},{"@type":"WebSite","@id":"https:\/\/shopatoa.com\/ro\/#website","url":"https:\/\/shopatoa.com\/ro\/","name":"SHOPATOA","description":"","publisher":{"@id":"https:\/\/shopatoa.com\/ro\/#organization"},"potentialAction":[{"@type":"SearchAction","target":{"@type":"EntryPoint","urlTemplate":"https:\/\/shopatoa.com\/ro\/?s={search_term_string}"},"query-input":{"@type":"PropertyValueSpecification","valueRequired":true,"valueName":"search_term_string"}}],"inLanguage":"ro-RO"},{"@type":"Organization","@id":"https:\/\/shopatoa.com\/ro\/#organization","name":"SHOPATOA","url":"https:\/\/shopatoa.com\/ro\/","logo":{"@type":"ImageObject","inLanguage":"ro-RO","@id":"https:\/\/shopatoa.com\/ro\/#\/schema\/logo\/image\/","url":"https:\/\/storage.googleapis.com\/cz-shopatoa-img\/ro\/b4dac915-shopatoa_logo.png","contentUrl":"https:\/\/storage.googleapis.com\/cz-shopatoa-img\/ro\/b4dac915-shopatoa_logo.png","width":416,"height":63,"caption":"SHOPATOA"},"image":{"@id":"https:\/\/shopatoa.com\/ro\/#\/schema\/logo\/image\/"}}]}},"_links":{"self":[{"href":"https:\/\/shopatoa.com\/ro\/wp-json\/wp\/v2\/product\/260987","targetHints":{"allow":["GET"]}}],"collection":[{"href":"https:\/\/shopatoa.com\/ro\/wp-json\/wp\/v2\/product"}],"about":[{"href":"https:\/\/shopatoa.com\/ro\/wp-json\/wp\/v2\/types\/product"}],"replies":[{"embeddable":true,"href":"https:\/\/shopatoa.com\/ro\/wp-json\/wp\/v2\/comments?post=260987"}],"wp:featuredmedia":[{"embeddable":true,"href":"https:\/\/shopatoa.com\/ro\/wp-json\/wp\/v2\/media\/337478"}],"wp:attachment":[{"href":"https:\/\/shopatoa.com\/ro\/wp-json\/wp\/v2\/media?parent=260987"}],"wp:term":[{"taxonomy":"product_brand","embeddable":true,"href":"https:\/\/shopatoa.com\/ro\/wp-json\/wp\/v2\/product_brand?post=260987"},{"taxonomy":"product_cat","embeddable":true,"href":"https:\/\/shopatoa.com\/ro\/wp-json\/wp\/v2\/product_cat?post=260987"},{"taxonomy":"product_tag","embeddable":true,"href":"https:\/\/shopatoa.com\/ro\/wp-json\/wp\/v2\/product_tag?post=260987"}],"curies":[{"name":"wp","href":"https:\/\/api.w.org\/{rel}","templated":true}]}}