{"id":261003,"date":"2025-04-27T07:51:56","date_gmt":"2025-04-27T05:51:56","guid":{"rendered":"https:\/\/shopatoa.com\/ro\/oral-b-periuta-de-dinti-electrica-pro3-junior-6-frozen\/"},"modified":"2025-12-14T04:13:45","modified_gmt":"2025-12-14T03:13:45","slug":"oral-b-periuta-de-dinti-electrica-pro3-junior-6-frozen","status":"publish","type":"product","link":"https:\/\/shopatoa.com\/ro\/oral-b-periuta-de-dinti-electrica-pro3-junior-6-frozen\/","title":{"rendered":"Oral B Periu\u021b\u0103 de din\u021bi electric\u0103 Pro3 Junior 6+ Frozen"},"content":{"rendered":"<p>Periu\u021ba de din\u021bi electric\u0103 Oral-B Junior Ice Kingdom pentru copii \u00eencep\u00e2nd cu v\u00e2rsta de 6 ani a fost conceput\u0103 \u00een colaborare cu denti\u0219tii pentru a oferi o cur\u0103\u021bare superioar\u0103 a din\u021bilor. Pentru a proteja gingiile delicate ale bebelu\u0219ilor, periu\u021ba de din\u021bi 360\u00b0 are un senzor vizual de presiune care clipe\u0219te \u00een ro\u0219u \u0219i reduce viteza de periere atunci c\u00e2nd detecteaz\u0103 o presiune prea mare. Capul s\u0103u de perie rotund are, de asemenea, fibre foarte moi. Dac\u0103 dori\u021bi s\u0103 face\u021bi periajul \u0219i mai distractiv, pute\u021bi folosi aplica\u021bia gratuit\u0103 Disney Magic Timer de la Oral-B. Cu aceast\u0103 aplica\u021bie, 90% dintre copii se spal\u0103 pe din\u021bi mai mult timp. Este periu\u021ba de din\u021bi potrivit\u0103 pentru a-i ajuta pe copii s\u0103 se spele pe din\u021bi independent \u0219i s\u0103 dezvolte obiceiuri s\u0103n\u0103toase de periaj care vor dura o via\u021b\u0103 \u00eentreag\u0103.<\/p>\n","protected":false},"excerpt":{"rendered":"<p>Periu\u021ba de din\u021bi electric\u0103 Oral-B Junior Ice Kingdom pentru copii \u00eencep\u00e2nd cu v\u00e2rsta de 6 ani a fost conceput\u0103 \u00een colaborare cu denti\u0219tii pentru a oferi o cur\u0103\u021bare superioar\u0103 a din\u021bilor. Pentru a proteja gingiile delicate ale bebelu\u0219ilor, periu\u021ba de din\u021bi 360\u00b0 are un senzor vizual de presiune care clipe\u0219te \u00een ro\u0219u \u0219i reduce viteza&#8230;<\/p>\n","protected":false},"featured_media":337493,"comment_status":"closed","ping_status":"open","template":"","meta":{"_acf_changed":false,"_kadence_starter_templates_imported_post":false,"_kad_post_transparent":"","_kad_post_title":"","_kad_post_layout":"","_kad_post_sidebar_id":"","_kad_post_content_style":"","_kad_post_vertical_padding":"","_kad_post_feature":"","_kad_post_feature_position":"","_kad_post_header":false,"_kad_post_footer":false,"_kad_post_classname":""},"product_brand":[290],"product_cat":[246,709,764],"product_tag":[],"class_list":{"0":"post-261003","1":"product","2":"type-product","3":"status-publish","4":"has-post-thumbnail","6":"product_brand-oral-b","7":"product_cat-cosmetice","8":"product_cat-ingrijirea-dentara","9":"product_cat-periute-de-dinti-electrice","11":"first","12":"instock","13":"sale","14":"product-type-external","15":"entry","16":"content-bg","17":"loop-entry"},"acf":[],"yoast_head":"<!-- This site is optimized with the Yoast SEO plugin v27.4 - https:\/\/yoast.com\/product\/yoast-seo-wordpress\/ -->\n<title>Oral B Periu\u021b\u0103 de din\u021bi electric\u0103 Pro3 Junior 6+ Frozen - SHOPATOA.COM<\/title>\n<meta name=\"robots\" content=\"index, follow, max-snippet:-1, max-image-preview:large, max-video-preview:-1\" \/>\n<link rel=\"canonical\" href=\"https:\/\/shopatoa.com\/ro\/oral-b-periuta-de-dinti-electrica-pro3-junior-6-frozen\/\" \/>\n<meta property=\"og:locale\" content=\"ro_RO\" \/>\n<meta property=\"og:type\" content=\"article\" \/>\n<meta property=\"og:title\" content=\"Oral B Periu\u021b\u0103 de din\u021bi electric\u0103 Pro3 Junior 6+ Frozen - SHOPATOA.COM\" \/>\n<meta property=\"og:description\" content=\"Periu\u021ba de din\u021bi electric\u0103 Oral-B Junior Ice Kingdom pentru copii \u00eencep\u00e2nd cu v\u00e2rsta de 6 ani a fost conceput\u0103 \u00een colaborare cu denti\u0219tii pentru a oferi o cur\u0103\u021bare superioar\u0103 a din\u021bilor. Pentru a proteja gingiile delicate ale bebelu\u0219ilor, periu\u021ba de din\u021bi 360\u00b0 are un senzor vizual de presiune care clipe\u0219te \u00een ro\u0219u \u0219i reduce viteza...\" \/>\n<meta property=\"og:url\" content=\"https:\/\/shopatoa.com\/ro\/oral-b-periuta-de-dinti-electrica-pro3-junior-6-frozen\/\" \/>\n<meta property=\"og:site_name\" content=\"SHOPATOA\" \/>\n<meta property=\"article:modified_time\" content=\"2025-12-14T03:13:45+00:00\" \/>\n<meta property=\"og:image\" content=\"https:\/\/storage.googleapis.com\/cz-shopatoa-img\/ro\/e45ab846-unnamed-file.webp\" \/>\n\t<meta property=\"og:image:width\" content=\"800\" \/>\n\t<meta property=\"og:image:height\" content=\"800\" \/>\n\t<meta property=\"og:image:type\" content=\"image\/webp\" \/>\n<meta name=\"twitter:card\" content=\"summary_large_image\" \/>\n<meta name=\"twitter:label1\" content=\"Timp estimat pentru citire\" \/>\n\t<meta name=\"twitter:data1\" content=\"1 minut\" \/>\n<script type=\"application\/ld+json\" class=\"yoast-schema-graph\">{\"@context\":\"https:\\\/\\\/schema.org\",\"@graph\":[{\"@type\":\"WebPage\",\"@id\":\"https:\\\/\\\/shopatoa.com\\\/ro\\\/oral-b-periuta-de-dinti-electrica-pro3-junior-6-frozen\\\/\",\"url\":\"https:\\\/\\\/shopatoa.com\\\/ro\\\/oral-b-periuta-de-dinti-electrica-pro3-junior-6-frozen\\\/\",\"name\":\"Oral B Periu\u021b\u0103 de din\u021bi electric\u0103 Pro3 Junior 6+ Frozen - SHOPATOA.COM\",\"isPartOf\":{\"@id\":\"https:\\\/\\\/shopatoa.com\\\/ro\\\/#website\"},\"primaryImageOfPage\":{\"@id\":\"https:\\\/\\\/shopatoa.com\\\/ro\\\/oral-b-periuta-de-dinti-electrica-pro3-junior-6-frozen\\\/#primaryimage\"},\"image\":{\"@id\":\"https:\\\/\\\/shopatoa.com\\\/ro\\\/oral-b-periuta-de-dinti-electrica-pro3-junior-6-frozen\\\/#primaryimage\"},\"thumbnailUrl\":\"https:\\\/\\\/storage.googleapis.com\\\/cz-shopatoa-img\\\/ro\\\/e45ab846-unnamed-file.webp\",\"datePublished\":\"2025-04-27T05:51:56+00:00\",\"dateModified\":\"2025-12-14T03:13:45+00:00\",\"breadcrumb\":{\"@id\":\"https:\\\/\\\/shopatoa.com\\\/ro\\\/oral-b-periuta-de-dinti-electrica-pro3-junior-6-frozen\\\/#breadcrumb\"},\"inLanguage\":\"ro-RO\",\"potentialAction\":[{\"@type\":\"ReadAction\",\"target\":[\"https:\\\/\\\/shopatoa.com\\\/ro\\\/oral-b-periuta-de-dinti-electrica-pro3-junior-6-frozen\\\/\"]}]},{\"@type\":\"ImageObject\",\"inLanguage\":\"ro-RO\",\"@id\":\"https:\\\/\\\/shopatoa.com\\\/ro\\\/oral-b-periuta-de-dinti-electrica-pro3-junior-6-frozen\\\/#primaryimage\",\"url\":\"https:\\\/\\\/storage.googleapis.com\\\/cz-shopatoa-img\\\/ro\\\/e45ab846-unnamed-file.webp\",\"contentUrl\":\"https:\\\/\\\/storage.googleapis.com\\\/cz-shopatoa-img\\\/ro\\\/e45ab846-unnamed-file.webp\",\"width\":800,\"height\":800},{\"@type\":\"BreadcrumbList\",\"@id\":\"https:\\\/\\\/shopatoa.com\\\/ro\\\/oral-b-periuta-de-dinti-electrica-pro3-junior-6-frozen\\\/#breadcrumb\",\"itemListElement\":[{\"@type\":\"ListItem\",\"position\":1,\"name\":\"Dom\u016f\",\"item\":\"https:\\\/\\\/shopatoa.com\\\/ro\\\/\"},{\"@type\":\"ListItem\",\"position\":2,\"name\":\"Shop\",\"item\":\"https:\\\/\\\/shopatoa.com\\\/ro\\\/shop\\\/\"},{\"@type\":\"ListItem\",\"position\":3,\"name\":\"Cosmetice\",\"item\":\"https:\\\/\\\/shopatoa.com\\\/ro\\\/cosmetice\\\/\"},{\"@type\":\"ListItem\",\"position\":4,\"name\":\"\u00cengrijirea dentar\u0103\",\"item\":\"https:\\\/\\\/shopatoa.com\\\/ro\\\/ingrijirea-dentara\\\/\"},{\"@type\":\"ListItem\",\"position\":5,\"name\":\"Periu\u021be de din\u021bi electrice\",\"item\":\"https:\\\/\\\/shopatoa.com\\\/ro\\\/periute-de-dinti-electrice\\\/\"},{\"@type\":\"ListItem\",\"position\":6,\"name\":\"Oral B Periu\u021b\u0103 de din\u021bi electric\u0103 Pro3 Junior 6+ Frozen\"}]},{\"@type\":\"WebSite\",\"@id\":\"https:\\\/\\\/shopatoa.com\\\/ro\\\/#website\",\"url\":\"https:\\\/\\\/shopatoa.com\\\/ro\\\/\",\"name\":\"SHOPATOA\",\"description\":\"\",\"publisher\":{\"@id\":\"https:\\\/\\\/shopatoa.com\\\/ro\\\/#organization\"},\"potentialAction\":[{\"@type\":\"SearchAction\",\"target\":{\"@type\":\"EntryPoint\",\"urlTemplate\":\"https:\\\/\\\/shopatoa.com\\\/ro\\\/?s={search_term_string}\"},\"query-input\":{\"@type\":\"PropertyValueSpecification\",\"valueRequired\":true,\"valueName\":\"search_term_string\"}}],\"inLanguage\":\"ro-RO\"},{\"@type\":\"Organization\",\"@id\":\"https:\\\/\\\/shopatoa.com\\\/ro\\\/#organization\",\"name\":\"SHOPATOA\",\"url\":\"https:\\\/\\\/shopatoa.com\\\/ro\\\/\",\"logo\":{\"@type\":\"ImageObject\",\"inLanguage\":\"ro-RO\",\"@id\":\"https:\\\/\\\/shopatoa.com\\\/ro\\\/#\\\/schema\\\/logo\\\/image\\\/\",\"url\":\"https:\\\/\\\/storage.googleapis.com\\\/cz-shopatoa-img\\\/ro\\\/b4dac915-shopatoa_logo.png\",\"contentUrl\":\"https:\\\/\\\/storage.googleapis.com\\\/cz-shopatoa-img\\\/ro\\\/b4dac915-shopatoa_logo.png\",\"width\":416,\"height\":63,\"caption\":\"SHOPATOA\"},\"image\":{\"@id\":\"https:\\\/\\\/shopatoa.com\\\/ro\\\/#\\\/schema\\\/logo\\\/image\\\/\"}}]}<\/script>\n<!-- \/ Yoast SEO plugin. -->","yoast_head_json":{"title":"Oral B Periu\u021b\u0103 de din\u021bi electric\u0103 Pro3 Junior 6+ Frozen - SHOPATOA.COM","robots":{"index":"index","follow":"follow","max-snippet":"max-snippet:-1","max-image-preview":"max-image-preview:large","max-video-preview":"max-video-preview:-1"},"canonical":"https:\/\/shopatoa.com\/ro\/oral-b-periuta-de-dinti-electrica-pro3-junior-6-frozen\/","og_locale":"ro_RO","og_type":"article","og_title":"Oral B Periu\u021b\u0103 de din\u021bi electric\u0103 Pro3 Junior 6+ Frozen - SHOPATOA.COM","og_description":"Periu\u021ba de din\u021bi electric\u0103 Oral-B Junior Ice Kingdom pentru copii \u00eencep\u00e2nd cu v\u00e2rsta de 6 ani a fost conceput\u0103 \u00een colaborare cu denti\u0219tii pentru a oferi o cur\u0103\u021bare superioar\u0103 a din\u021bilor. Pentru a proteja gingiile delicate ale bebelu\u0219ilor, periu\u021ba de din\u021bi 360\u00b0 are un senzor vizual de presiune care clipe\u0219te \u00een ro\u0219u \u0219i reduce viteza...","og_url":"https:\/\/shopatoa.com\/ro\/oral-b-periuta-de-dinti-electrica-pro3-junior-6-frozen\/","og_site_name":"SHOPATOA","article_modified_time":"2025-12-14T03:13:45+00:00","og_image":[{"width":800,"height":800,"url":"https:\/\/storage.googleapis.com\/cz-shopatoa-img\/ro\/e45ab846-unnamed-file.webp","type":"image\/webp"}],"twitter_card":"summary_large_image","twitter_misc":{"Timp estimat pentru citire":"1 minut"},"schema":{"@context":"https:\/\/schema.org","@graph":[{"@type":"WebPage","@id":"https:\/\/shopatoa.com\/ro\/oral-b-periuta-de-dinti-electrica-pro3-junior-6-frozen\/","url":"https:\/\/shopatoa.com\/ro\/oral-b-periuta-de-dinti-electrica-pro3-junior-6-frozen\/","name":"Oral B Periu\u021b\u0103 de din\u021bi electric\u0103 Pro3 Junior 6+ Frozen - SHOPATOA.COM","isPartOf":{"@id":"https:\/\/shopatoa.com\/ro\/#website"},"primaryImageOfPage":{"@id":"https:\/\/shopatoa.com\/ro\/oral-b-periuta-de-dinti-electrica-pro3-junior-6-frozen\/#primaryimage"},"image":{"@id":"https:\/\/shopatoa.com\/ro\/oral-b-periuta-de-dinti-electrica-pro3-junior-6-frozen\/#primaryimage"},"thumbnailUrl":"https:\/\/storage.googleapis.com\/cz-shopatoa-img\/ro\/e45ab846-unnamed-file.webp","datePublished":"2025-04-27T05:51:56+00:00","dateModified":"2025-12-14T03:13:45+00:00","breadcrumb":{"@id":"https:\/\/shopatoa.com\/ro\/oral-b-periuta-de-dinti-electrica-pro3-junior-6-frozen\/#breadcrumb"},"inLanguage":"ro-RO","potentialAction":[{"@type":"ReadAction","target":["https:\/\/shopatoa.com\/ro\/oral-b-periuta-de-dinti-electrica-pro3-junior-6-frozen\/"]}]},{"@type":"ImageObject","inLanguage":"ro-RO","@id":"https:\/\/shopatoa.com\/ro\/oral-b-periuta-de-dinti-electrica-pro3-junior-6-frozen\/#primaryimage","url":"https:\/\/storage.googleapis.com\/cz-shopatoa-img\/ro\/e45ab846-unnamed-file.webp","contentUrl":"https:\/\/storage.googleapis.com\/cz-shopatoa-img\/ro\/e45ab846-unnamed-file.webp","width":800,"height":800},{"@type":"BreadcrumbList","@id":"https:\/\/shopatoa.com\/ro\/oral-b-periuta-de-dinti-electrica-pro3-junior-6-frozen\/#breadcrumb","itemListElement":[{"@type":"ListItem","position":1,"name":"Dom\u016f","item":"https:\/\/shopatoa.com\/ro\/"},{"@type":"ListItem","position":2,"name":"Shop","item":"https:\/\/shopatoa.com\/ro\/shop\/"},{"@type":"ListItem","position":3,"name":"Cosmetice","item":"https:\/\/shopatoa.com\/ro\/cosmetice\/"},{"@type":"ListItem","position":4,"name":"\u00cengrijirea dentar\u0103","item":"https:\/\/shopatoa.com\/ro\/ingrijirea-dentara\/"},{"@type":"ListItem","position":5,"name":"Periu\u021be de din\u021bi electrice","item":"https:\/\/shopatoa.com\/ro\/periute-de-dinti-electrice\/"},{"@type":"ListItem","position":6,"name":"Oral B Periu\u021b\u0103 de din\u021bi electric\u0103 Pro3 Junior 6+ Frozen"}]},{"@type":"WebSite","@id":"https:\/\/shopatoa.com\/ro\/#website","url":"https:\/\/shopatoa.com\/ro\/","name":"SHOPATOA","description":"","publisher":{"@id":"https:\/\/shopatoa.com\/ro\/#organization"},"potentialAction":[{"@type":"SearchAction","target":{"@type":"EntryPoint","urlTemplate":"https:\/\/shopatoa.com\/ro\/?s={search_term_string}"},"query-input":{"@type":"PropertyValueSpecification","valueRequired":true,"valueName":"search_term_string"}}],"inLanguage":"ro-RO"},{"@type":"Organization","@id":"https:\/\/shopatoa.com\/ro\/#organization","name":"SHOPATOA","url":"https:\/\/shopatoa.com\/ro\/","logo":{"@type":"ImageObject","inLanguage":"ro-RO","@id":"https:\/\/shopatoa.com\/ro\/#\/schema\/logo\/image\/","url":"https:\/\/storage.googleapis.com\/cz-shopatoa-img\/ro\/b4dac915-shopatoa_logo.png","contentUrl":"https:\/\/storage.googleapis.com\/cz-shopatoa-img\/ro\/b4dac915-shopatoa_logo.png","width":416,"height":63,"caption":"SHOPATOA"},"image":{"@id":"https:\/\/shopatoa.com\/ro\/#\/schema\/logo\/image\/"}}]}},"_links":{"self":[{"href":"https:\/\/shopatoa.com\/ro\/wp-json\/wp\/v2\/product\/261003","targetHints":{"allow":["GET"]}}],"collection":[{"href":"https:\/\/shopatoa.com\/ro\/wp-json\/wp\/v2\/product"}],"about":[{"href":"https:\/\/shopatoa.com\/ro\/wp-json\/wp\/v2\/types\/product"}],"replies":[{"embeddable":true,"href":"https:\/\/shopatoa.com\/ro\/wp-json\/wp\/v2\/comments?post=261003"}],"wp:featuredmedia":[{"embeddable":true,"href":"https:\/\/shopatoa.com\/ro\/wp-json\/wp\/v2\/media\/337493"}],"wp:attachment":[{"href":"https:\/\/shopatoa.com\/ro\/wp-json\/wp\/v2\/media?parent=261003"}],"wp:term":[{"taxonomy":"product_brand","embeddable":true,"href":"https:\/\/shopatoa.com\/ro\/wp-json\/wp\/v2\/product_brand?post=261003"},{"taxonomy":"product_cat","embeddable":true,"href":"https:\/\/shopatoa.com\/ro\/wp-json\/wp\/v2\/product_cat?post=261003"},{"taxonomy":"product_tag","embeddable":true,"href":"https:\/\/shopatoa.com\/ro\/wp-json\/wp\/v2\/product_tag?post=261003"}],"curies":[{"name":"wp","href":"https:\/\/api.w.org\/{rel}","templated":true}]}}