{"id":261038,"date":"2025-04-27T08:06:28","date_gmt":"2025-04-27T06:06:28","guid":{"rendered":"https:\/\/shopatoa.com\/ro\/attitude-spray-natural-nutritiv-pentru-descurcarea-parului-super-leaves-hair-detangler-240-ml\/"},"modified":"2025-11-20T20:04:07","modified_gmt":"2025-11-20T19:04:07","slug":"attitude-spray-natural-nutritiv-pentru-descurcarea-parului-super-leaves-hair-detangler-240-ml","status":"publish","type":"product","link":"https:\/\/shopatoa.com\/ro\/attitude-spray-natural-nutritiv-pentru-descurcarea-parului-super-leaves-hair-detangler-240-ml\/","title":{"rendered":"Attitude Spray natural nutritiv pentru descurcarea p\u0103rului Super Leaves (Hair Detangler) 240 ml"},"content":{"rendered":"<p>Imagina\u021bi-v\u0103 c\u0103 v\u0103 descurca\u021bi p\u0103rul f\u0103r\u0103 s\u0103 trage\u021bi prea tare, f\u0103r\u0103 lacrimi \u0219i f\u0103r\u0103 efort &#8211; doar \u0219uvi\u021be moi \u0219i m\u0103t\u0103soase care alunec\u0103 u\u0219or \u00eentre degete. Acest spray natural de descurcare este formulat av\u00e2nd \u00een vedere \u00eengrijirea zilnic\u0103 a p\u0103rului \u0219i a scalpului. Combin\u0103 efectele uleiurilor de avocado \u0219i de semin\u021be de struguri, ale untului de shea \u0219i ale extractelor din plante pentru a oferi nutri\u021bie, hidratare \u0219i protec\u021bie. Uleiul de avocado v\u0103 va face p\u0103rul moale la atingere, suplu \u0219i str\u0103lucitor, f\u0103r\u0103 greutate inutil\u0103. Uleiul de semin\u021be de struguri hidrateaz\u0103 \u0219i protejeaz\u0103 structura natural\u0103 a p\u0103rului, \u00een timp ce untul de shea hr\u0103ne\u0219te intensiv v\u00e2rfurile uscate \u0219i deteriorate. Extractul din frunze de m\u0103slin ofer\u0103 calmare \u0219i regenerare, aduc\u00e2nd u\u0219urare scalpului stresat.<\/p>\n","protected":false},"excerpt":{"rendered":"<p>Imagina\u021bi-v\u0103 c\u0103 v\u0103 descurca\u021bi p\u0103rul f\u0103r\u0103 s\u0103 trage\u021bi prea tare, f\u0103r\u0103 lacrimi \u0219i f\u0103r\u0103 efort &#8211; doar \u0219uvi\u021be moi \u0219i m\u0103t\u0103soase care alunec\u0103 u\u0219or \u00eentre degete. Acest spray natural de descurcare este formulat av\u00e2nd \u00een vedere \u00eengrijirea zilnic\u0103 a p\u0103rului \u0219i a scalpului. Combin\u0103 efectele uleiurilor de avocado \u0219i de semin\u021be de struguri, ale untului&#8230;<\/p>\n","protected":false},"featured_media":337530,"comment_status":"closed","ping_status":"open","template":"","meta":{"_acf_changed":false,"_kadence_starter_templates_imported_post":false,"_kad_post_transparent":"","_kad_post_title":"","_kad_post_layout":"","_kad_post_sidebar_id":"","_kad_post_content_style":"","_kad_post_vertical_padding":"","_kad_post_feature":"","_kad_post_feature_position":"","_kad_post_header":false,"_kad_post_footer":false,"_kad_post_classname":""},"product_brand":[585],"product_cat":[246,696,623],"product_tag":[],"class_list":{"0":"post-261038","1":"product","2":"type-product","3":"status-publish","4":"has-post-thumbnail","6":"product_brand-attitude","7":"product_cat-cosmetice","8":"product_cat-ingrijirea-parului-fara-clatire","9":"product_cat-produse-cosmetice-pentru-par","11":"first","12":"instock","13":"product-type-external","14":"entry","15":"content-bg","16":"loop-entry"},"acf":[],"yoast_head":"<!-- This site is optimized with the Yoast SEO plugin v27.4 - https:\/\/yoast.com\/product\/yoast-seo-wordpress\/ -->\n<title>Attitude Spray natural nutritiv pentru descurcarea p\u0103rului Super Leaves (Hair Detangler) 240 ml - SHOPATOA.COM<\/title>\n<meta name=\"robots\" content=\"index, follow, max-snippet:-1, max-image-preview:large, max-video-preview:-1\" \/>\n<link rel=\"canonical\" href=\"https:\/\/shopatoa.com\/ro\/attitude-spray-natural-nutritiv-pentru-descurcarea-parului-super-leaves-hair-detangler-240-ml\/\" \/>\n<meta property=\"og:locale\" content=\"ro_RO\" \/>\n<meta property=\"og:type\" content=\"article\" \/>\n<meta property=\"og:title\" content=\"Attitude Spray natural nutritiv pentru descurcarea p\u0103rului Super Leaves (Hair Detangler) 240 ml - SHOPATOA.COM\" \/>\n<meta property=\"og:description\" content=\"Imagina\u021bi-v\u0103 c\u0103 v\u0103 descurca\u021bi p\u0103rul f\u0103r\u0103 s\u0103 trage\u021bi prea tare, f\u0103r\u0103 lacrimi \u0219i f\u0103r\u0103 efort &#8211; doar \u0219uvi\u021be moi \u0219i m\u0103t\u0103soase care alunec\u0103 u\u0219or \u00eentre degete. Acest spray natural de descurcare este formulat av\u00e2nd \u00een vedere \u00eengrijirea zilnic\u0103 a p\u0103rului \u0219i a scalpului. Combin\u0103 efectele uleiurilor de avocado \u0219i de semin\u021be de struguri, ale untului...\" \/>\n<meta property=\"og:url\" content=\"https:\/\/shopatoa.com\/ro\/attitude-spray-natural-nutritiv-pentru-descurcarea-parului-super-leaves-hair-detangler-240-ml\/\" \/>\n<meta property=\"og:site_name\" content=\"SHOPATOA\" \/>\n<meta property=\"article:modified_time\" content=\"2025-11-20T19:04:07+00:00\" \/>\n<meta property=\"og:image\" content=\"https:\/\/storage.googleapis.com\/cz-shopatoa-img\/ro\/e019eae0-unnamed-file.webp\" \/>\n\t<meta property=\"og:image:width\" content=\"800\" \/>\n\t<meta property=\"og:image:height\" content=\"800\" \/>\n\t<meta property=\"og:image:type\" content=\"image\/webp\" \/>\n<meta name=\"twitter:card\" content=\"summary_large_image\" \/>\n<meta name=\"twitter:label1\" content=\"Timp estimat pentru citire\" \/>\n\t<meta name=\"twitter:data1\" content=\"1 minut\" \/>\n<script type=\"application\/ld+json\" class=\"yoast-schema-graph\">{\"@context\":\"https:\\\/\\\/schema.org\",\"@graph\":[{\"@type\":\"WebPage\",\"@id\":\"https:\\\/\\\/shopatoa.com\\\/ro\\\/attitude-spray-natural-nutritiv-pentru-descurcarea-parului-super-leaves-hair-detangler-240-ml\\\/\",\"url\":\"https:\\\/\\\/shopatoa.com\\\/ro\\\/attitude-spray-natural-nutritiv-pentru-descurcarea-parului-super-leaves-hair-detangler-240-ml\\\/\",\"name\":\"Attitude Spray natural nutritiv pentru descurcarea p\u0103rului Super Leaves (Hair Detangler) 240 ml - SHOPATOA.COM\",\"isPartOf\":{\"@id\":\"https:\\\/\\\/shopatoa.com\\\/ro\\\/#website\"},\"primaryImageOfPage\":{\"@id\":\"https:\\\/\\\/shopatoa.com\\\/ro\\\/attitude-spray-natural-nutritiv-pentru-descurcarea-parului-super-leaves-hair-detangler-240-ml\\\/#primaryimage\"},\"image\":{\"@id\":\"https:\\\/\\\/shopatoa.com\\\/ro\\\/attitude-spray-natural-nutritiv-pentru-descurcarea-parului-super-leaves-hair-detangler-240-ml\\\/#primaryimage\"},\"thumbnailUrl\":\"https:\\\/\\\/storage.googleapis.com\\\/cz-shopatoa-img\\\/ro\\\/e019eae0-unnamed-file.webp\",\"datePublished\":\"2025-04-27T06:06:28+00:00\",\"dateModified\":\"2025-11-20T19:04:07+00:00\",\"breadcrumb\":{\"@id\":\"https:\\\/\\\/shopatoa.com\\\/ro\\\/attitude-spray-natural-nutritiv-pentru-descurcarea-parului-super-leaves-hair-detangler-240-ml\\\/#breadcrumb\"},\"inLanguage\":\"ro-RO\",\"potentialAction\":[{\"@type\":\"ReadAction\",\"target\":[\"https:\\\/\\\/shopatoa.com\\\/ro\\\/attitude-spray-natural-nutritiv-pentru-descurcarea-parului-super-leaves-hair-detangler-240-ml\\\/\"]}]},{\"@type\":\"ImageObject\",\"inLanguage\":\"ro-RO\",\"@id\":\"https:\\\/\\\/shopatoa.com\\\/ro\\\/attitude-spray-natural-nutritiv-pentru-descurcarea-parului-super-leaves-hair-detangler-240-ml\\\/#primaryimage\",\"url\":\"https:\\\/\\\/storage.googleapis.com\\\/cz-shopatoa-img\\\/ro\\\/e019eae0-unnamed-file.webp\",\"contentUrl\":\"https:\\\/\\\/storage.googleapis.com\\\/cz-shopatoa-img\\\/ro\\\/e019eae0-unnamed-file.webp\",\"width\":800,\"height\":800},{\"@type\":\"BreadcrumbList\",\"@id\":\"https:\\\/\\\/shopatoa.com\\\/ro\\\/attitude-spray-natural-nutritiv-pentru-descurcarea-parului-super-leaves-hair-detangler-240-ml\\\/#breadcrumb\",\"itemListElement\":[{\"@type\":\"ListItem\",\"position\":1,\"name\":\"Dom\u016f\",\"item\":\"https:\\\/\\\/shopatoa.com\\\/ro\\\/\"},{\"@type\":\"ListItem\",\"position\":2,\"name\":\"Shop\",\"item\":\"https:\\\/\\\/shopatoa.com\\\/ro\\\/shop\\\/\"},{\"@type\":\"ListItem\",\"position\":3,\"name\":\"Cosmetice\",\"item\":\"https:\\\/\\\/shopatoa.com\\\/ro\\\/cosmetice\\\/\"},{\"@type\":\"ListItem\",\"position\":4,\"name\":\"Produse cosmetice pentru p\u0103r\",\"item\":\"https:\\\/\\\/shopatoa.com\\\/ro\\\/produse-cosmetice-pentru-par\\\/\"},{\"@type\":\"ListItem\",\"position\":5,\"name\":\"\u00cengrijirea p\u0103rului f\u0103r\u0103 cl\u0103tire\",\"item\":\"https:\\\/\\\/shopatoa.com\\\/ro\\\/ingrijirea-parului-fara-clatire\\\/\"},{\"@type\":\"ListItem\",\"position\":6,\"name\":\"Attitude Spray natural nutritiv pentru descurcarea p\u0103rului Super Leaves (Hair Detangler) 240 ml\"}]},{\"@type\":\"WebSite\",\"@id\":\"https:\\\/\\\/shopatoa.com\\\/ro\\\/#website\",\"url\":\"https:\\\/\\\/shopatoa.com\\\/ro\\\/\",\"name\":\"SHOPATOA\",\"description\":\"\",\"publisher\":{\"@id\":\"https:\\\/\\\/shopatoa.com\\\/ro\\\/#organization\"},\"potentialAction\":[{\"@type\":\"SearchAction\",\"target\":{\"@type\":\"EntryPoint\",\"urlTemplate\":\"https:\\\/\\\/shopatoa.com\\\/ro\\\/?s={search_term_string}\"},\"query-input\":{\"@type\":\"PropertyValueSpecification\",\"valueRequired\":true,\"valueName\":\"search_term_string\"}}],\"inLanguage\":\"ro-RO\"},{\"@type\":\"Organization\",\"@id\":\"https:\\\/\\\/shopatoa.com\\\/ro\\\/#organization\",\"name\":\"SHOPATOA\",\"url\":\"https:\\\/\\\/shopatoa.com\\\/ro\\\/\",\"logo\":{\"@type\":\"ImageObject\",\"inLanguage\":\"ro-RO\",\"@id\":\"https:\\\/\\\/shopatoa.com\\\/ro\\\/#\\\/schema\\\/logo\\\/image\\\/\",\"url\":\"https:\\\/\\\/storage.googleapis.com\\\/cz-shopatoa-img\\\/ro\\\/b4dac915-shopatoa_logo.png\",\"contentUrl\":\"https:\\\/\\\/storage.googleapis.com\\\/cz-shopatoa-img\\\/ro\\\/b4dac915-shopatoa_logo.png\",\"width\":416,\"height\":63,\"caption\":\"SHOPATOA\"},\"image\":{\"@id\":\"https:\\\/\\\/shopatoa.com\\\/ro\\\/#\\\/schema\\\/logo\\\/image\\\/\"}}]}<\/script>\n<!-- \/ Yoast SEO plugin. -->","yoast_head_json":{"title":"Attitude Spray natural nutritiv pentru descurcarea p\u0103rului Super Leaves (Hair Detangler) 240 ml - SHOPATOA.COM","robots":{"index":"index","follow":"follow","max-snippet":"max-snippet:-1","max-image-preview":"max-image-preview:large","max-video-preview":"max-video-preview:-1"},"canonical":"https:\/\/shopatoa.com\/ro\/attitude-spray-natural-nutritiv-pentru-descurcarea-parului-super-leaves-hair-detangler-240-ml\/","og_locale":"ro_RO","og_type":"article","og_title":"Attitude Spray natural nutritiv pentru descurcarea p\u0103rului Super Leaves (Hair Detangler) 240 ml - SHOPATOA.COM","og_description":"Imagina\u021bi-v\u0103 c\u0103 v\u0103 descurca\u021bi p\u0103rul f\u0103r\u0103 s\u0103 trage\u021bi prea tare, f\u0103r\u0103 lacrimi \u0219i f\u0103r\u0103 efort &#8211; doar \u0219uvi\u021be moi \u0219i m\u0103t\u0103soase care alunec\u0103 u\u0219or \u00eentre degete. Acest spray natural de descurcare este formulat av\u00e2nd \u00een vedere \u00eengrijirea zilnic\u0103 a p\u0103rului \u0219i a scalpului. Combin\u0103 efectele uleiurilor de avocado \u0219i de semin\u021be de struguri, ale untului...","og_url":"https:\/\/shopatoa.com\/ro\/attitude-spray-natural-nutritiv-pentru-descurcarea-parului-super-leaves-hair-detangler-240-ml\/","og_site_name":"SHOPATOA","article_modified_time":"2025-11-20T19:04:07+00:00","og_image":[{"width":800,"height":800,"url":"https:\/\/storage.googleapis.com\/cz-shopatoa-img\/ro\/e019eae0-unnamed-file.webp","type":"image\/webp"}],"twitter_card":"summary_large_image","twitter_misc":{"Timp estimat pentru citire":"1 minut"},"schema":{"@context":"https:\/\/schema.org","@graph":[{"@type":"WebPage","@id":"https:\/\/shopatoa.com\/ro\/attitude-spray-natural-nutritiv-pentru-descurcarea-parului-super-leaves-hair-detangler-240-ml\/","url":"https:\/\/shopatoa.com\/ro\/attitude-spray-natural-nutritiv-pentru-descurcarea-parului-super-leaves-hair-detangler-240-ml\/","name":"Attitude Spray natural nutritiv pentru descurcarea p\u0103rului Super Leaves (Hair Detangler) 240 ml - SHOPATOA.COM","isPartOf":{"@id":"https:\/\/shopatoa.com\/ro\/#website"},"primaryImageOfPage":{"@id":"https:\/\/shopatoa.com\/ro\/attitude-spray-natural-nutritiv-pentru-descurcarea-parului-super-leaves-hair-detangler-240-ml\/#primaryimage"},"image":{"@id":"https:\/\/shopatoa.com\/ro\/attitude-spray-natural-nutritiv-pentru-descurcarea-parului-super-leaves-hair-detangler-240-ml\/#primaryimage"},"thumbnailUrl":"https:\/\/storage.googleapis.com\/cz-shopatoa-img\/ro\/e019eae0-unnamed-file.webp","datePublished":"2025-04-27T06:06:28+00:00","dateModified":"2025-11-20T19:04:07+00:00","breadcrumb":{"@id":"https:\/\/shopatoa.com\/ro\/attitude-spray-natural-nutritiv-pentru-descurcarea-parului-super-leaves-hair-detangler-240-ml\/#breadcrumb"},"inLanguage":"ro-RO","potentialAction":[{"@type":"ReadAction","target":["https:\/\/shopatoa.com\/ro\/attitude-spray-natural-nutritiv-pentru-descurcarea-parului-super-leaves-hair-detangler-240-ml\/"]}]},{"@type":"ImageObject","inLanguage":"ro-RO","@id":"https:\/\/shopatoa.com\/ro\/attitude-spray-natural-nutritiv-pentru-descurcarea-parului-super-leaves-hair-detangler-240-ml\/#primaryimage","url":"https:\/\/storage.googleapis.com\/cz-shopatoa-img\/ro\/e019eae0-unnamed-file.webp","contentUrl":"https:\/\/storage.googleapis.com\/cz-shopatoa-img\/ro\/e019eae0-unnamed-file.webp","width":800,"height":800},{"@type":"BreadcrumbList","@id":"https:\/\/shopatoa.com\/ro\/attitude-spray-natural-nutritiv-pentru-descurcarea-parului-super-leaves-hair-detangler-240-ml\/#breadcrumb","itemListElement":[{"@type":"ListItem","position":1,"name":"Dom\u016f","item":"https:\/\/shopatoa.com\/ro\/"},{"@type":"ListItem","position":2,"name":"Shop","item":"https:\/\/shopatoa.com\/ro\/shop\/"},{"@type":"ListItem","position":3,"name":"Cosmetice","item":"https:\/\/shopatoa.com\/ro\/cosmetice\/"},{"@type":"ListItem","position":4,"name":"Produse cosmetice pentru p\u0103r","item":"https:\/\/shopatoa.com\/ro\/produse-cosmetice-pentru-par\/"},{"@type":"ListItem","position":5,"name":"\u00cengrijirea p\u0103rului f\u0103r\u0103 cl\u0103tire","item":"https:\/\/shopatoa.com\/ro\/ingrijirea-parului-fara-clatire\/"},{"@type":"ListItem","position":6,"name":"Attitude Spray natural nutritiv pentru descurcarea p\u0103rului Super Leaves (Hair Detangler) 240 ml"}]},{"@type":"WebSite","@id":"https:\/\/shopatoa.com\/ro\/#website","url":"https:\/\/shopatoa.com\/ro\/","name":"SHOPATOA","description":"","publisher":{"@id":"https:\/\/shopatoa.com\/ro\/#organization"},"potentialAction":[{"@type":"SearchAction","target":{"@type":"EntryPoint","urlTemplate":"https:\/\/shopatoa.com\/ro\/?s={search_term_string}"},"query-input":{"@type":"PropertyValueSpecification","valueRequired":true,"valueName":"search_term_string"}}],"inLanguage":"ro-RO"},{"@type":"Organization","@id":"https:\/\/shopatoa.com\/ro\/#organization","name":"SHOPATOA","url":"https:\/\/shopatoa.com\/ro\/","logo":{"@type":"ImageObject","inLanguage":"ro-RO","@id":"https:\/\/shopatoa.com\/ro\/#\/schema\/logo\/image\/","url":"https:\/\/storage.googleapis.com\/cz-shopatoa-img\/ro\/b4dac915-shopatoa_logo.png","contentUrl":"https:\/\/storage.googleapis.com\/cz-shopatoa-img\/ro\/b4dac915-shopatoa_logo.png","width":416,"height":63,"caption":"SHOPATOA"},"image":{"@id":"https:\/\/shopatoa.com\/ro\/#\/schema\/logo\/image\/"}}]}},"_links":{"self":[{"href":"https:\/\/shopatoa.com\/ro\/wp-json\/wp\/v2\/product\/261038","targetHints":{"allow":["GET"]}}],"collection":[{"href":"https:\/\/shopatoa.com\/ro\/wp-json\/wp\/v2\/product"}],"about":[{"href":"https:\/\/shopatoa.com\/ro\/wp-json\/wp\/v2\/types\/product"}],"replies":[{"embeddable":true,"href":"https:\/\/shopatoa.com\/ro\/wp-json\/wp\/v2\/comments?post=261038"}],"wp:featuredmedia":[{"embeddable":true,"href":"https:\/\/shopatoa.com\/ro\/wp-json\/wp\/v2\/media\/337530"}],"wp:attachment":[{"href":"https:\/\/shopatoa.com\/ro\/wp-json\/wp\/v2\/media?parent=261038"}],"wp:term":[{"taxonomy":"product_brand","embeddable":true,"href":"https:\/\/shopatoa.com\/ro\/wp-json\/wp\/v2\/product_brand?post=261038"},{"taxonomy":"product_cat","embeddable":true,"href":"https:\/\/shopatoa.com\/ro\/wp-json\/wp\/v2\/product_cat?post=261038"},{"taxonomy":"product_tag","embeddable":true,"href":"https:\/\/shopatoa.com\/ro\/wp-json\/wp\/v2\/product_tag?post=261038"}],"curies":[{"name":"wp","href":"https:\/\/api.w.org\/{rel}","templated":true}]}}