{"id":261052,"date":"2025-04-27T08:11:32","date_gmt":"2025-04-27T06:11:32","guid":{"rendered":"https:\/\/shopatoa.com\/ro\/scholl-insertii-pentru-incaltaminte-24-hour-energy-insole-1-pereche-large\/"},"modified":"2025-12-14T04:03:15","modified_gmt":"2025-12-14T03:03:15","slug":"scholl-insertii-pentru-incaltaminte-24-hour-energy-insole-1-pereche-large","status":"publish","type":"product","link":"https:\/\/shopatoa.com\/ro\/scholl-insertii-pentru-incaltaminte-24-hour-energy-insole-1-pereche-large\/","title":{"rendered":"Scholl Inser\u021bii pentru \u00eenc\u0103l\u021b\u0103minte 24 Hour Energy (Insole) 1 pereche Large"},"content":{"rendered":"<p>Aceste inser\u021bii multifunc\u021bionale revolu\u021bionare sunt concepute pentru oricine dore\u0219te s\u0103 fie mai activ \u0219i s\u0103 se simt\u0103 proasp\u0103t toat\u0103 ziua. Cu tehnologia patentat\u0103 Boosting Beads\u00ae, un strat de spum\u0103 cu memorie \u0219i amortizare cu gel, acestea distribuie presiunea, absorb \u0219ocurile \u0219i returneaz\u0103 energia la fiecare pas, astfel \u00eenc\u00e2t picioarele s\u0103 r\u0103m\u00e2n\u0103 \u00een mi\u0219care mai mult timp, f\u0103r\u0103 durere \u0219i oboseal\u0103.<\/p>\n","protected":false},"excerpt":{"rendered":"<p>Aceste inser\u021bii multifunc\u021bionale revolu\u021bionare sunt concepute pentru oricine dore\u0219te s\u0103 fie mai activ \u0219i s\u0103 se simt\u0103 proasp\u0103t toat\u0103 ziua. Cu tehnologia patentat\u0103 Boosting Beads\u00ae, un strat de spum\u0103 cu memorie \u0219i amortizare cu gel, acestea distribuie presiunea, absorb \u0219ocurile \u0219i returneaz\u0103 energia la fiecare pas, astfel \u00eenc\u00e2t picioarele s\u0103 r\u0103m\u00e2n\u0103 \u00een mi\u0219care mai mult&#8230;<\/p>\n","protected":false},"featured_media":337545,"comment_status":"closed","ping_status":"open","template":"","meta":{"_acf_changed":false,"_kadence_starter_templates_imported_post":false,"_kad_post_transparent":"","_kad_post_title":"","_kad_post_layout":"","_kad_post_sidebar_id":"","_kad_post_content_style":"","_kad_post_vertical_padding":"","_kad_post_feature":"","_kad_post_feature_position":"","_kad_post_header":false,"_kad_post_footer":false,"_kad_post_classname":""},"product_brand":[800],"product_cat":[246,611,730],"product_tag":[],"class_list":{"0":"post-261052","1":"product","2":"type-product","3":"status-publish","4":"has-post-thumbnail","6":"product_brand-scholl","7":"product_cat-cosmetice","8":"product_cat-produse-cosmetice-pentru-corp","9":"product_cat-produse-cosmetice-pentru-ingrijirea-picioarelor","11":"first","12":"instock","13":"sale","14":"product-type-external","15":"entry","16":"content-bg","17":"loop-entry"},"acf":[],"yoast_head":"<!-- This site is optimized with the Yoast SEO plugin v27.4 - https:\/\/yoast.com\/product\/yoast-seo-wordpress\/ -->\n<title>Scholl Inser\u021bii pentru \u00eenc\u0103l\u021b\u0103minte 24 Hour Energy (Insole) 1 pereche Large - SHOPATOA.COM<\/title>\n<meta name=\"robots\" content=\"index, follow, max-snippet:-1, max-image-preview:large, max-video-preview:-1\" \/>\n<link rel=\"canonical\" href=\"https:\/\/shopatoa.com\/ro\/scholl-insertii-pentru-incaltaminte-24-hour-energy-insole-1-pereche-large\/\" \/>\n<meta property=\"og:locale\" content=\"ro_RO\" \/>\n<meta property=\"og:type\" content=\"article\" \/>\n<meta property=\"og:title\" content=\"Scholl Inser\u021bii pentru \u00eenc\u0103l\u021b\u0103minte 24 Hour Energy (Insole) 1 pereche Large - SHOPATOA.COM\" \/>\n<meta property=\"og:description\" content=\"Aceste inser\u021bii multifunc\u021bionale revolu\u021bionare sunt concepute pentru oricine dore\u0219te s\u0103 fie mai activ \u0219i s\u0103 se simt\u0103 proasp\u0103t toat\u0103 ziua. Cu tehnologia patentat\u0103 Boosting Beads\u00ae, un strat de spum\u0103 cu memorie \u0219i amortizare cu gel, acestea distribuie presiunea, absorb \u0219ocurile \u0219i returneaz\u0103 energia la fiecare pas, astfel \u00eenc\u00e2t picioarele s\u0103 r\u0103m\u00e2n\u0103 \u00een mi\u0219care mai mult...\" \/>\n<meta property=\"og:url\" content=\"https:\/\/shopatoa.com\/ro\/scholl-insertii-pentru-incaltaminte-24-hour-energy-insole-1-pereche-large\/\" \/>\n<meta property=\"og:site_name\" content=\"SHOPATOA\" \/>\n<meta property=\"article:modified_time\" content=\"2025-12-14T03:03:15+00:00\" \/>\n<meta property=\"og:image\" content=\"https:\/\/storage.googleapis.com\/cz-shopatoa-img\/ro\/ece0ec36-unnamed-file.webp\" \/>\n\t<meta property=\"og:image:width\" content=\"800\" \/>\n\t<meta property=\"og:image:height\" content=\"800\" \/>\n\t<meta property=\"og:image:type\" content=\"image\/webp\" \/>\n<meta name=\"twitter:card\" content=\"summary_large_image\" \/>\n<script type=\"application\/ld+json\" class=\"yoast-schema-graph\">{\"@context\":\"https:\\\/\\\/schema.org\",\"@graph\":[{\"@type\":\"WebPage\",\"@id\":\"https:\\\/\\\/shopatoa.com\\\/ro\\\/scholl-insertii-pentru-incaltaminte-24-hour-energy-insole-1-pereche-large\\\/\",\"url\":\"https:\\\/\\\/shopatoa.com\\\/ro\\\/scholl-insertii-pentru-incaltaminte-24-hour-energy-insole-1-pereche-large\\\/\",\"name\":\"Scholl Inser\u021bii pentru \u00eenc\u0103l\u021b\u0103minte 24 Hour Energy (Insole) 1 pereche Large - SHOPATOA.COM\",\"isPartOf\":{\"@id\":\"https:\\\/\\\/shopatoa.com\\\/ro\\\/#website\"},\"primaryImageOfPage\":{\"@id\":\"https:\\\/\\\/shopatoa.com\\\/ro\\\/scholl-insertii-pentru-incaltaminte-24-hour-energy-insole-1-pereche-large\\\/#primaryimage\"},\"image\":{\"@id\":\"https:\\\/\\\/shopatoa.com\\\/ro\\\/scholl-insertii-pentru-incaltaminte-24-hour-energy-insole-1-pereche-large\\\/#primaryimage\"},\"thumbnailUrl\":\"https:\\\/\\\/storage.googleapis.com\\\/cz-shopatoa-img\\\/ro\\\/ece0ec36-unnamed-file.webp\",\"datePublished\":\"2025-04-27T06:11:32+00:00\",\"dateModified\":\"2025-12-14T03:03:15+00:00\",\"breadcrumb\":{\"@id\":\"https:\\\/\\\/shopatoa.com\\\/ro\\\/scholl-insertii-pentru-incaltaminte-24-hour-energy-insole-1-pereche-large\\\/#breadcrumb\"},\"inLanguage\":\"ro-RO\",\"potentialAction\":[{\"@type\":\"ReadAction\",\"target\":[\"https:\\\/\\\/shopatoa.com\\\/ro\\\/scholl-insertii-pentru-incaltaminte-24-hour-energy-insole-1-pereche-large\\\/\"]}]},{\"@type\":\"ImageObject\",\"inLanguage\":\"ro-RO\",\"@id\":\"https:\\\/\\\/shopatoa.com\\\/ro\\\/scholl-insertii-pentru-incaltaminte-24-hour-energy-insole-1-pereche-large\\\/#primaryimage\",\"url\":\"https:\\\/\\\/storage.googleapis.com\\\/cz-shopatoa-img\\\/ro\\\/ece0ec36-unnamed-file.webp\",\"contentUrl\":\"https:\\\/\\\/storage.googleapis.com\\\/cz-shopatoa-img\\\/ro\\\/ece0ec36-unnamed-file.webp\",\"width\":800,\"height\":800},{\"@type\":\"BreadcrumbList\",\"@id\":\"https:\\\/\\\/shopatoa.com\\\/ro\\\/scholl-insertii-pentru-incaltaminte-24-hour-energy-insole-1-pereche-large\\\/#breadcrumb\",\"itemListElement\":[{\"@type\":\"ListItem\",\"position\":1,\"name\":\"Dom\u016f\",\"item\":\"https:\\\/\\\/shopatoa.com\\\/ro\\\/\"},{\"@type\":\"ListItem\",\"position\":2,\"name\":\"Shop\",\"item\":\"https:\\\/\\\/shopatoa.com\\\/ro\\\/shop\\\/\"},{\"@type\":\"ListItem\",\"position\":3,\"name\":\"Cosmetice\",\"item\":\"https:\\\/\\\/shopatoa.com\\\/ro\\\/cosmetice\\\/\"},{\"@type\":\"ListItem\",\"position\":4,\"name\":\"Produse cosmetice pentru corp\",\"item\":\"https:\\\/\\\/shopatoa.com\\\/ro\\\/produse-cosmetice-pentru-corp\\\/\"},{\"@type\":\"ListItem\",\"position\":5,\"name\":\"Produse cosmetice pentru \u00eengrijirea picioarelor\",\"item\":\"https:\\\/\\\/shopatoa.com\\\/ro\\\/produse-cosmetice-pentru-ingrijirea-picioarelor\\\/\"},{\"@type\":\"ListItem\",\"position\":6,\"name\":\"Scholl Inser\u021bii pentru \u00eenc\u0103l\u021b\u0103minte 24 Hour Energy (Insole) 1 pereche Large\"}]},{\"@type\":\"WebSite\",\"@id\":\"https:\\\/\\\/shopatoa.com\\\/ro\\\/#website\",\"url\":\"https:\\\/\\\/shopatoa.com\\\/ro\\\/\",\"name\":\"SHOPATOA\",\"description\":\"\",\"publisher\":{\"@id\":\"https:\\\/\\\/shopatoa.com\\\/ro\\\/#organization\"},\"potentialAction\":[{\"@type\":\"SearchAction\",\"target\":{\"@type\":\"EntryPoint\",\"urlTemplate\":\"https:\\\/\\\/shopatoa.com\\\/ro\\\/?s={search_term_string}\"},\"query-input\":{\"@type\":\"PropertyValueSpecification\",\"valueRequired\":true,\"valueName\":\"search_term_string\"}}],\"inLanguage\":\"ro-RO\"},{\"@type\":\"Organization\",\"@id\":\"https:\\\/\\\/shopatoa.com\\\/ro\\\/#organization\",\"name\":\"SHOPATOA\",\"url\":\"https:\\\/\\\/shopatoa.com\\\/ro\\\/\",\"logo\":{\"@type\":\"ImageObject\",\"inLanguage\":\"ro-RO\",\"@id\":\"https:\\\/\\\/shopatoa.com\\\/ro\\\/#\\\/schema\\\/logo\\\/image\\\/\",\"url\":\"https:\\\/\\\/storage.googleapis.com\\\/cz-shopatoa-img\\\/ro\\\/b4dac915-shopatoa_logo.png\",\"contentUrl\":\"https:\\\/\\\/storage.googleapis.com\\\/cz-shopatoa-img\\\/ro\\\/b4dac915-shopatoa_logo.png\",\"width\":416,\"height\":63,\"caption\":\"SHOPATOA\"},\"image\":{\"@id\":\"https:\\\/\\\/shopatoa.com\\\/ro\\\/#\\\/schema\\\/logo\\\/image\\\/\"}}]}<\/script>\n<!-- \/ Yoast SEO plugin. -->","yoast_head_json":{"title":"Scholl Inser\u021bii pentru \u00eenc\u0103l\u021b\u0103minte 24 Hour Energy (Insole) 1 pereche Large - SHOPATOA.COM","robots":{"index":"index","follow":"follow","max-snippet":"max-snippet:-1","max-image-preview":"max-image-preview:large","max-video-preview":"max-video-preview:-1"},"canonical":"https:\/\/shopatoa.com\/ro\/scholl-insertii-pentru-incaltaminte-24-hour-energy-insole-1-pereche-large\/","og_locale":"ro_RO","og_type":"article","og_title":"Scholl Inser\u021bii pentru \u00eenc\u0103l\u021b\u0103minte 24 Hour Energy (Insole) 1 pereche Large - SHOPATOA.COM","og_description":"Aceste inser\u021bii multifunc\u021bionale revolu\u021bionare sunt concepute pentru oricine dore\u0219te s\u0103 fie mai activ \u0219i s\u0103 se simt\u0103 proasp\u0103t toat\u0103 ziua. Cu tehnologia patentat\u0103 Boosting Beads\u00ae, un strat de spum\u0103 cu memorie \u0219i amortizare cu gel, acestea distribuie presiunea, absorb \u0219ocurile \u0219i returneaz\u0103 energia la fiecare pas, astfel \u00eenc\u00e2t picioarele s\u0103 r\u0103m\u00e2n\u0103 \u00een mi\u0219care mai mult...","og_url":"https:\/\/shopatoa.com\/ro\/scholl-insertii-pentru-incaltaminte-24-hour-energy-insole-1-pereche-large\/","og_site_name":"SHOPATOA","article_modified_time":"2025-12-14T03:03:15+00:00","og_image":[{"width":800,"height":800,"url":"https:\/\/storage.googleapis.com\/cz-shopatoa-img\/ro\/ece0ec36-unnamed-file.webp","type":"image\/webp"}],"twitter_card":"summary_large_image","schema":{"@context":"https:\/\/schema.org","@graph":[{"@type":"WebPage","@id":"https:\/\/shopatoa.com\/ro\/scholl-insertii-pentru-incaltaminte-24-hour-energy-insole-1-pereche-large\/","url":"https:\/\/shopatoa.com\/ro\/scholl-insertii-pentru-incaltaminte-24-hour-energy-insole-1-pereche-large\/","name":"Scholl Inser\u021bii pentru \u00eenc\u0103l\u021b\u0103minte 24 Hour Energy (Insole) 1 pereche Large - SHOPATOA.COM","isPartOf":{"@id":"https:\/\/shopatoa.com\/ro\/#website"},"primaryImageOfPage":{"@id":"https:\/\/shopatoa.com\/ro\/scholl-insertii-pentru-incaltaminte-24-hour-energy-insole-1-pereche-large\/#primaryimage"},"image":{"@id":"https:\/\/shopatoa.com\/ro\/scholl-insertii-pentru-incaltaminte-24-hour-energy-insole-1-pereche-large\/#primaryimage"},"thumbnailUrl":"https:\/\/storage.googleapis.com\/cz-shopatoa-img\/ro\/ece0ec36-unnamed-file.webp","datePublished":"2025-04-27T06:11:32+00:00","dateModified":"2025-12-14T03:03:15+00:00","breadcrumb":{"@id":"https:\/\/shopatoa.com\/ro\/scholl-insertii-pentru-incaltaminte-24-hour-energy-insole-1-pereche-large\/#breadcrumb"},"inLanguage":"ro-RO","potentialAction":[{"@type":"ReadAction","target":["https:\/\/shopatoa.com\/ro\/scholl-insertii-pentru-incaltaminte-24-hour-energy-insole-1-pereche-large\/"]}]},{"@type":"ImageObject","inLanguage":"ro-RO","@id":"https:\/\/shopatoa.com\/ro\/scholl-insertii-pentru-incaltaminte-24-hour-energy-insole-1-pereche-large\/#primaryimage","url":"https:\/\/storage.googleapis.com\/cz-shopatoa-img\/ro\/ece0ec36-unnamed-file.webp","contentUrl":"https:\/\/storage.googleapis.com\/cz-shopatoa-img\/ro\/ece0ec36-unnamed-file.webp","width":800,"height":800},{"@type":"BreadcrumbList","@id":"https:\/\/shopatoa.com\/ro\/scholl-insertii-pentru-incaltaminte-24-hour-energy-insole-1-pereche-large\/#breadcrumb","itemListElement":[{"@type":"ListItem","position":1,"name":"Dom\u016f","item":"https:\/\/shopatoa.com\/ro\/"},{"@type":"ListItem","position":2,"name":"Shop","item":"https:\/\/shopatoa.com\/ro\/shop\/"},{"@type":"ListItem","position":3,"name":"Cosmetice","item":"https:\/\/shopatoa.com\/ro\/cosmetice\/"},{"@type":"ListItem","position":4,"name":"Produse cosmetice pentru corp","item":"https:\/\/shopatoa.com\/ro\/produse-cosmetice-pentru-corp\/"},{"@type":"ListItem","position":5,"name":"Produse cosmetice pentru \u00eengrijirea picioarelor","item":"https:\/\/shopatoa.com\/ro\/produse-cosmetice-pentru-ingrijirea-picioarelor\/"},{"@type":"ListItem","position":6,"name":"Scholl Inser\u021bii pentru \u00eenc\u0103l\u021b\u0103minte 24 Hour Energy (Insole) 1 pereche Large"}]},{"@type":"WebSite","@id":"https:\/\/shopatoa.com\/ro\/#website","url":"https:\/\/shopatoa.com\/ro\/","name":"SHOPATOA","description":"","publisher":{"@id":"https:\/\/shopatoa.com\/ro\/#organization"},"potentialAction":[{"@type":"SearchAction","target":{"@type":"EntryPoint","urlTemplate":"https:\/\/shopatoa.com\/ro\/?s={search_term_string}"},"query-input":{"@type":"PropertyValueSpecification","valueRequired":true,"valueName":"search_term_string"}}],"inLanguage":"ro-RO"},{"@type":"Organization","@id":"https:\/\/shopatoa.com\/ro\/#organization","name":"SHOPATOA","url":"https:\/\/shopatoa.com\/ro\/","logo":{"@type":"ImageObject","inLanguage":"ro-RO","@id":"https:\/\/shopatoa.com\/ro\/#\/schema\/logo\/image\/","url":"https:\/\/storage.googleapis.com\/cz-shopatoa-img\/ro\/b4dac915-shopatoa_logo.png","contentUrl":"https:\/\/storage.googleapis.com\/cz-shopatoa-img\/ro\/b4dac915-shopatoa_logo.png","width":416,"height":63,"caption":"SHOPATOA"},"image":{"@id":"https:\/\/shopatoa.com\/ro\/#\/schema\/logo\/image\/"}}]}},"_links":{"self":[{"href":"https:\/\/shopatoa.com\/ro\/wp-json\/wp\/v2\/product\/261052","targetHints":{"allow":["GET"]}}],"collection":[{"href":"https:\/\/shopatoa.com\/ro\/wp-json\/wp\/v2\/product"}],"about":[{"href":"https:\/\/shopatoa.com\/ro\/wp-json\/wp\/v2\/types\/product"}],"replies":[{"embeddable":true,"href":"https:\/\/shopatoa.com\/ro\/wp-json\/wp\/v2\/comments?post=261052"}],"wp:featuredmedia":[{"embeddable":true,"href":"https:\/\/shopatoa.com\/ro\/wp-json\/wp\/v2\/media\/337545"}],"wp:attachment":[{"href":"https:\/\/shopatoa.com\/ro\/wp-json\/wp\/v2\/media?parent=261052"}],"wp:term":[{"taxonomy":"product_brand","embeddable":true,"href":"https:\/\/shopatoa.com\/ro\/wp-json\/wp\/v2\/product_brand?post=261052"},{"taxonomy":"product_cat","embeddable":true,"href":"https:\/\/shopatoa.com\/ro\/wp-json\/wp\/v2\/product_cat?post=261052"},{"taxonomy":"product_tag","embeddable":true,"href":"https:\/\/shopatoa.com\/ro\/wp-json\/wp\/v2\/product_tag?post=261052"}],"curies":[{"name":"wp","href":"https:\/\/api.w.org\/{rel}","templated":true}]}}