{"id":261079,"date":"2025-04-27T08:21:23","date_gmt":"2025-04-27T06:21:23","guid":{"rendered":"https:\/\/shopatoa.com\/ro\/sosu-cosmetics-fard-lichid-cc-me-in-foundation-32-ml-01\/"},"modified":"2025-12-14T03:54:35","modified_gmt":"2025-12-14T02:54:35","slug":"sosu-cosmetics-fard-lichid-cc-me-in-foundation-32-ml-01","status":"publish","type":"product","link":"https:\/\/shopatoa.com\/ro\/sosu-cosmetics-fard-lichid-cc-me-in-foundation-32-ml-01\/","title":{"rendered":"SOSU Cosmetics Fard lichid CC Me In (Foundation) 32 ml 01"},"content":{"rendered":"<p>Machiaj lichid cu o formul\u0103 u\u0219oar\u0103 care se \u00eentinde fin pe piele \u0219i las\u0103 pielea hidratat\u0103. Textura seam\u0103n\u0103 cu o crem\u0103 hidratant\u0103, d\u00e2nd senza\u021bia de parc\u0103 nu purta\u021bi niciun machiaj. Ajut\u0103 la acoperirea imperfec\u021biunilor pielii \u0219i la minimizarea petelor \u00eentunecate sau ro\u0219ea\u021b\u0103. Protec\u021bia SPF 45 inclus\u0103 protejeaz\u0103 \u0219i ajut\u0103 la prevenirea \u00eemb\u0103tr\u00e2nirii pielii din cauza razelor solare.<\/p>\n","protected":false},"excerpt":{"rendered":"<p>Machiaj lichid cu o formul\u0103 u\u0219oar\u0103 care se \u00eentinde fin pe piele \u0219i las\u0103 pielea hidratat\u0103. Textura seam\u0103n\u0103 cu o crem\u0103 hidratant\u0103, d\u00e2nd senza\u021bia de parc\u0103 nu purta\u021bi niciun machiaj. Ajut\u0103 la acoperirea imperfec\u021biunilor pielii \u0219i la minimizarea petelor \u00eentunecate sau ro\u0219ea\u021b\u0103. Protec\u021bia SPF 45 inclus\u0103 protejeaz\u0103 \u0219i ajut\u0103 la prevenirea \u00eemb\u0103tr\u00e2nirii pielii din cauza&#8230;<\/p>\n","protected":false},"featured_media":337568,"comment_status":"closed","ping_status":"open","template":"","meta":{"_acf_changed":false,"_kadence_starter_templates_imported_post":false,"_kad_post_transparent":"","_kad_post_title":"","_kad_post_layout":"","_kad_post_sidebar_id":"","_kad_post_content_style":"","_kad_post_vertical_padding":"","_kad_post_feature":"","_kad_post_feature_position":"","_kad_post_header":false,"_kad_post_footer":false,"_kad_post_classname":""},"product_brand":[896],"product_cat":[246,609,616,705],"product_tag":[],"class_list":{"0":"post-261079","1":"product","2":"type-product","3":"status-publish","4":"has-post-thumbnail","6":"product_brand-sosu-cosmetics","7":"product_cat-cosmetice","8":"product_cat-cosmetice-decorative","9":"product_cat-machiaj-pentru-fata","10":"product_cat-make-ups","12":"first","13":"instock","14":"sale","15":"product-type-external","16":"entry","17":"content-bg","18":"loop-entry"},"acf":[],"yoast_head":"<!-- This site is optimized with the Yoast SEO plugin v27.3 - https:\/\/yoast.com\/product\/yoast-seo-wordpress\/ -->\n<title>SOSU Cosmetics Fard lichid CC Me In (Foundation) 32 ml 01 - SHOPATOA.COM<\/title>\n<meta name=\"robots\" content=\"index, follow, max-snippet:-1, max-image-preview:large, max-video-preview:-1\" \/>\n<link rel=\"canonical\" href=\"https:\/\/shopatoa.com\/ro\/sosu-cosmetics-fard-lichid-cc-me-in-foundation-32-ml-01\/\" \/>\n<meta property=\"og:locale\" content=\"ro_RO\" \/>\n<meta property=\"og:type\" content=\"article\" \/>\n<meta property=\"og:title\" content=\"SOSU Cosmetics Fard lichid CC Me In (Foundation) 32 ml 01 - SHOPATOA.COM\" \/>\n<meta property=\"og:description\" content=\"Machiaj lichid cu o formul\u0103 u\u0219oar\u0103 care se \u00eentinde fin pe piele \u0219i las\u0103 pielea hidratat\u0103. Textura seam\u0103n\u0103 cu o crem\u0103 hidratant\u0103, d\u00e2nd senza\u021bia de parc\u0103 nu purta\u021bi niciun machiaj. Ajut\u0103 la acoperirea imperfec\u021biunilor pielii \u0219i la minimizarea petelor \u00eentunecate sau ro\u0219ea\u021b\u0103. Protec\u021bia SPF 45 inclus\u0103 protejeaz\u0103 \u0219i ajut\u0103 la prevenirea \u00eemb\u0103tr\u00e2nirii pielii din cauza...\" \/>\n<meta property=\"og:url\" content=\"https:\/\/shopatoa.com\/ro\/sosu-cosmetics-fard-lichid-cc-me-in-foundation-32-ml-01\/\" \/>\n<meta property=\"og:site_name\" content=\"SHOPATOA\" \/>\n<meta property=\"article:modified_time\" content=\"2025-12-14T02:54:35+00:00\" \/>\n<meta property=\"og:image\" content=\"https:\/\/storage.googleapis.com\/cz-shopatoa-img\/ro\/000cf9e6-unnamed-file.webp\" \/>\n\t<meta property=\"og:image:width\" content=\"800\" \/>\n\t<meta property=\"og:image:height\" content=\"800\" \/>\n\t<meta property=\"og:image:type\" content=\"image\/webp\" \/>\n<meta name=\"twitter:card\" content=\"summary_large_image\" \/>\n<script type=\"application\/ld+json\" class=\"yoast-schema-graph\">{\"@context\":\"https:\\\/\\\/schema.org\",\"@graph\":[{\"@type\":\"WebPage\",\"@id\":\"https:\\\/\\\/shopatoa.com\\\/ro\\\/sosu-cosmetics-fard-lichid-cc-me-in-foundation-32-ml-01\\\/\",\"url\":\"https:\\\/\\\/shopatoa.com\\\/ro\\\/sosu-cosmetics-fard-lichid-cc-me-in-foundation-32-ml-01\\\/\",\"name\":\"SOSU Cosmetics Fard lichid CC Me In (Foundation) 32 ml 01 - SHOPATOA.COM\",\"isPartOf\":{\"@id\":\"https:\\\/\\\/shopatoa.com\\\/ro\\\/#website\"},\"primaryImageOfPage\":{\"@id\":\"https:\\\/\\\/shopatoa.com\\\/ro\\\/sosu-cosmetics-fard-lichid-cc-me-in-foundation-32-ml-01\\\/#primaryimage\"},\"image\":{\"@id\":\"https:\\\/\\\/shopatoa.com\\\/ro\\\/sosu-cosmetics-fard-lichid-cc-me-in-foundation-32-ml-01\\\/#primaryimage\"},\"thumbnailUrl\":\"https:\\\/\\\/storage.googleapis.com\\\/cz-shopatoa-img\\\/ro\\\/000cf9e6-unnamed-file.webp\",\"datePublished\":\"2025-04-27T06:21:23+00:00\",\"dateModified\":\"2025-12-14T02:54:35+00:00\",\"breadcrumb\":{\"@id\":\"https:\\\/\\\/shopatoa.com\\\/ro\\\/sosu-cosmetics-fard-lichid-cc-me-in-foundation-32-ml-01\\\/#breadcrumb\"},\"inLanguage\":\"ro-RO\",\"potentialAction\":[{\"@type\":\"ReadAction\",\"target\":[\"https:\\\/\\\/shopatoa.com\\\/ro\\\/sosu-cosmetics-fard-lichid-cc-me-in-foundation-32-ml-01\\\/\"]}]},{\"@type\":\"ImageObject\",\"inLanguage\":\"ro-RO\",\"@id\":\"https:\\\/\\\/shopatoa.com\\\/ro\\\/sosu-cosmetics-fard-lichid-cc-me-in-foundation-32-ml-01\\\/#primaryimage\",\"url\":\"https:\\\/\\\/storage.googleapis.com\\\/cz-shopatoa-img\\\/ro\\\/000cf9e6-unnamed-file.webp\",\"contentUrl\":\"https:\\\/\\\/storage.googleapis.com\\\/cz-shopatoa-img\\\/ro\\\/000cf9e6-unnamed-file.webp\",\"width\":800,\"height\":800},{\"@type\":\"BreadcrumbList\",\"@id\":\"https:\\\/\\\/shopatoa.com\\\/ro\\\/sosu-cosmetics-fard-lichid-cc-me-in-foundation-32-ml-01\\\/#breadcrumb\",\"itemListElement\":[{\"@type\":\"ListItem\",\"position\":1,\"name\":\"Dom\u016f\",\"item\":\"https:\\\/\\\/shopatoa.com\\\/ro\\\/\"},{\"@type\":\"ListItem\",\"position\":2,\"name\":\"Shop\",\"item\":\"https:\\\/\\\/shopatoa.com\\\/ro\\\/shop\\\/\"},{\"@type\":\"ListItem\",\"position\":3,\"name\":\"Cosmetice\",\"item\":\"https:\\\/\\\/shopatoa.com\\\/ro\\\/cosmetice\\\/\"},{\"@type\":\"ListItem\",\"position\":4,\"name\":\"Cosmetice decorative\",\"item\":\"https:\\\/\\\/shopatoa.com\\\/ro\\\/cosmetice-decorative\\\/\"},{\"@type\":\"ListItem\",\"position\":5,\"name\":\"Machiaj pentru fa\u021ba\",\"item\":\"https:\\\/\\\/shopatoa.com\\\/ro\\\/machiaj-pentru-fata\\\/\"},{\"@type\":\"ListItem\",\"position\":6,\"name\":\"Make-ups\",\"item\":\"https:\\\/\\\/shopatoa.com\\\/ro\\\/make-ups\\\/\"},{\"@type\":\"ListItem\",\"position\":7,\"name\":\"SOSU Cosmetics Fard lichid CC Me In (Foundation) 32 ml 01\"}]},{\"@type\":\"WebSite\",\"@id\":\"https:\\\/\\\/shopatoa.com\\\/ro\\\/#website\",\"url\":\"https:\\\/\\\/shopatoa.com\\\/ro\\\/\",\"name\":\"SHOPATOA\",\"description\":\"\",\"publisher\":{\"@id\":\"https:\\\/\\\/shopatoa.com\\\/ro\\\/#organization\"},\"potentialAction\":[{\"@type\":\"SearchAction\",\"target\":{\"@type\":\"EntryPoint\",\"urlTemplate\":\"https:\\\/\\\/shopatoa.com\\\/ro\\\/?s={search_term_string}\"},\"query-input\":{\"@type\":\"PropertyValueSpecification\",\"valueRequired\":true,\"valueName\":\"search_term_string\"}}],\"inLanguage\":\"ro-RO\"},{\"@type\":\"Organization\",\"@id\":\"https:\\\/\\\/shopatoa.com\\\/ro\\\/#organization\",\"name\":\"SHOPATOA\",\"url\":\"https:\\\/\\\/shopatoa.com\\\/ro\\\/\",\"logo\":{\"@type\":\"ImageObject\",\"inLanguage\":\"ro-RO\",\"@id\":\"https:\\\/\\\/shopatoa.com\\\/ro\\\/#\\\/schema\\\/logo\\\/image\\\/\",\"url\":\"https:\\\/\\\/storage.googleapis.com\\\/cz-shopatoa-img\\\/ro\\\/b4dac915-shopatoa_logo.png\",\"contentUrl\":\"https:\\\/\\\/storage.googleapis.com\\\/cz-shopatoa-img\\\/ro\\\/b4dac915-shopatoa_logo.png\",\"width\":416,\"height\":63,\"caption\":\"SHOPATOA\"},\"image\":{\"@id\":\"https:\\\/\\\/shopatoa.com\\\/ro\\\/#\\\/schema\\\/logo\\\/image\\\/\"}}]}<\/script>\n<!-- \/ Yoast SEO plugin. -->","yoast_head_json":{"title":"SOSU Cosmetics Fard lichid CC Me In (Foundation) 32 ml 01 - SHOPATOA.COM","robots":{"index":"index","follow":"follow","max-snippet":"max-snippet:-1","max-image-preview":"max-image-preview:large","max-video-preview":"max-video-preview:-1"},"canonical":"https:\/\/shopatoa.com\/ro\/sosu-cosmetics-fard-lichid-cc-me-in-foundation-32-ml-01\/","og_locale":"ro_RO","og_type":"article","og_title":"SOSU Cosmetics Fard lichid CC Me In (Foundation) 32 ml 01 - SHOPATOA.COM","og_description":"Machiaj lichid cu o formul\u0103 u\u0219oar\u0103 care se \u00eentinde fin pe piele \u0219i las\u0103 pielea hidratat\u0103. Textura seam\u0103n\u0103 cu o crem\u0103 hidratant\u0103, d\u00e2nd senza\u021bia de parc\u0103 nu purta\u021bi niciun machiaj. Ajut\u0103 la acoperirea imperfec\u021biunilor pielii \u0219i la minimizarea petelor \u00eentunecate sau ro\u0219ea\u021b\u0103. Protec\u021bia SPF 45 inclus\u0103 protejeaz\u0103 \u0219i ajut\u0103 la prevenirea \u00eemb\u0103tr\u00e2nirii pielii din cauza...","og_url":"https:\/\/shopatoa.com\/ro\/sosu-cosmetics-fard-lichid-cc-me-in-foundation-32-ml-01\/","og_site_name":"SHOPATOA","article_modified_time":"2025-12-14T02:54:35+00:00","og_image":[{"width":800,"height":800,"url":"https:\/\/storage.googleapis.com\/cz-shopatoa-img\/ro\/000cf9e6-unnamed-file.webp","type":"image\/webp"}],"twitter_card":"summary_large_image","schema":{"@context":"https:\/\/schema.org","@graph":[{"@type":"WebPage","@id":"https:\/\/shopatoa.com\/ro\/sosu-cosmetics-fard-lichid-cc-me-in-foundation-32-ml-01\/","url":"https:\/\/shopatoa.com\/ro\/sosu-cosmetics-fard-lichid-cc-me-in-foundation-32-ml-01\/","name":"SOSU Cosmetics Fard lichid CC Me In (Foundation) 32 ml 01 - SHOPATOA.COM","isPartOf":{"@id":"https:\/\/shopatoa.com\/ro\/#website"},"primaryImageOfPage":{"@id":"https:\/\/shopatoa.com\/ro\/sosu-cosmetics-fard-lichid-cc-me-in-foundation-32-ml-01\/#primaryimage"},"image":{"@id":"https:\/\/shopatoa.com\/ro\/sosu-cosmetics-fard-lichid-cc-me-in-foundation-32-ml-01\/#primaryimage"},"thumbnailUrl":"https:\/\/storage.googleapis.com\/cz-shopatoa-img\/ro\/000cf9e6-unnamed-file.webp","datePublished":"2025-04-27T06:21:23+00:00","dateModified":"2025-12-14T02:54:35+00:00","breadcrumb":{"@id":"https:\/\/shopatoa.com\/ro\/sosu-cosmetics-fard-lichid-cc-me-in-foundation-32-ml-01\/#breadcrumb"},"inLanguage":"ro-RO","potentialAction":[{"@type":"ReadAction","target":["https:\/\/shopatoa.com\/ro\/sosu-cosmetics-fard-lichid-cc-me-in-foundation-32-ml-01\/"]}]},{"@type":"ImageObject","inLanguage":"ro-RO","@id":"https:\/\/shopatoa.com\/ro\/sosu-cosmetics-fard-lichid-cc-me-in-foundation-32-ml-01\/#primaryimage","url":"https:\/\/storage.googleapis.com\/cz-shopatoa-img\/ro\/000cf9e6-unnamed-file.webp","contentUrl":"https:\/\/storage.googleapis.com\/cz-shopatoa-img\/ro\/000cf9e6-unnamed-file.webp","width":800,"height":800},{"@type":"BreadcrumbList","@id":"https:\/\/shopatoa.com\/ro\/sosu-cosmetics-fard-lichid-cc-me-in-foundation-32-ml-01\/#breadcrumb","itemListElement":[{"@type":"ListItem","position":1,"name":"Dom\u016f","item":"https:\/\/shopatoa.com\/ro\/"},{"@type":"ListItem","position":2,"name":"Shop","item":"https:\/\/shopatoa.com\/ro\/shop\/"},{"@type":"ListItem","position":3,"name":"Cosmetice","item":"https:\/\/shopatoa.com\/ro\/cosmetice\/"},{"@type":"ListItem","position":4,"name":"Cosmetice decorative","item":"https:\/\/shopatoa.com\/ro\/cosmetice-decorative\/"},{"@type":"ListItem","position":5,"name":"Machiaj pentru fa\u021ba","item":"https:\/\/shopatoa.com\/ro\/machiaj-pentru-fata\/"},{"@type":"ListItem","position":6,"name":"Make-ups","item":"https:\/\/shopatoa.com\/ro\/make-ups\/"},{"@type":"ListItem","position":7,"name":"SOSU Cosmetics Fard lichid CC Me In (Foundation) 32 ml 01"}]},{"@type":"WebSite","@id":"https:\/\/shopatoa.com\/ro\/#website","url":"https:\/\/shopatoa.com\/ro\/","name":"SHOPATOA","description":"","publisher":{"@id":"https:\/\/shopatoa.com\/ro\/#organization"},"potentialAction":[{"@type":"SearchAction","target":{"@type":"EntryPoint","urlTemplate":"https:\/\/shopatoa.com\/ro\/?s={search_term_string}"},"query-input":{"@type":"PropertyValueSpecification","valueRequired":true,"valueName":"search_term_string"}}],"inLanguage":"ro-RO"},{"@type":"Organization","@id":"https:\/\/shopatoa.com\/ro\/#organization","name":"SHOPATOA","url":"https:\/\/shopatoa.com\/ro\/","logo":{"@type":"ImageObject","inLanguage":"ro-RO","@id":"https:\/\/shopatoa.com\/ro\/#\/schema\/logo\/image\/","url":"https:\/\/storage.googleapis.com\/cz-shopatoa-img\/ro\/b4dac915-shopatoa_logo.png","contentUrl":"https:\/\/storage.googleapis.com\/cz-shopatoa-img\/ro\/b4dac915-shopatoa_logo.png","width":416,"height":63,"caption":"SHOPATOA"},"image":{"@id":"https:\/\/shopatoa.com\/ro\/#\/schema\/logo\/image\/"}}]}},"_links":{"self":[{"href":"https:\/\/shopatoa.com\/ro\/wp-json\/wp\/v2\/product\/261079","targetHints":{"allow":["GET"]}}],"collection":[{"href":"https:\/\/shopatoa.com\/ro\/wp-json\/wp\/v2\/product"}],"about":[{"href":"https:\/\/shopatoa.com\/ro\/wp-json\/wp\/v2\/types\/product"}],"replies":[{"embeddable":true,"href":"https:\/\/shopatoa.com\/ro\/wp-json\/wp\/v2\/comments?post=261079"}],"wp:featuredmedia":[{"embeddable":true,"href":"https:\/\/shopatoa.com\/ro\/wp-json\/wp\/v2\/media\/337568"}],"wp:attachment":[{"href":"https:\/\/shopatoa.com\/ro\/wp-json\/wp\/v2\/media?parent=261079"}],"wp:term":[{"taxonomy":"product_brand","embeddable":true,"href":"https:\/\/shopatoa.com\/ro\/wp-json\/wp\/v2\/product_brand?post=261079"},{"taxonomy":"product_cat","embeddable":true,"href":"https:\/\/shopatoa.com\/ro\/wp-json\/wp\/v2\/product_cat?post=261079"},{"taxonomy":"product_tag","embeddable":true,"href":"https:\/\/shopatoa.com\/ro\/wp-json\/wp\/v2\/product_tag?post=261079"}],"curies":[{"name":"wp","href":"https:\/\/api.w.org\/{rel}","templated":true}]}}