{"id":261127,"date":"2025-04-27T08:36:54","date_gmt":"2025-04-27T06:36:54","guid":{"rendered":"https:\/\/shopatoa.com\/ro\/loreal-paris-creion-kajal-pentru-ochi-paradise-le-khol-naturel-12-g-107-deep-see-blue\/"},"modified":"2025-12-14T03:25:19","modified_gmt":"2025-12-14T02:25:19","slug":"loreal-paris-creion-kajal-pentru-ochi-paradise-le-khol-naturel-12-g-107-deep-see-blue","status":"publish","type":"product","link":"https:\/\/shopatoa.com\/ro\/loreal-paris-creion-kajal-pentru-ochi-paradise-le-khol-naturel-12-g-107-deep-see-blue\/","title":{"rendered":"L&#8217;Or\u00e9al Paris Creion kajal pentru ochi Paradise (Le Khol Naturel) 1,2 g 107 Deep See Blue"},"content":{"rendered":"<p>Creion kajal pentru ochi care machiaz\u0103 dintr-o singur\u0103 mi\u0219care. Aplicare u\u0219oar\u0103 datorit\u0103 texturii cremoase. Creionul de conturare asigur\u0103 un rezultat de machiaj impecabil \u0219i perfect prin culoarea sa intens\u0103. Aspectul magic \u0219i expresiv al ochilor v\u0103 va asigura o alegere excelent\u0103 de creion de ochi de calitate. Cei din jurul dvs. vor c\u0103uta un motiv pentru care sunte\u021bi dintr-o dat\u0103 mai expresiv\u0103, mai atractiv\u0103 \u0219i mai frumoas\u0103. Creionul pentru ochi va eviden\u021bia frumuse\u021bea natural\u0103 a ochilor dvs. \u0219i va l\u0103sa farmecele s\u0103 ias\u0103 \u00een eviden\u021b\u0103.<\/p>\n","protected":false},"excerpt":{"rendered":"<p>Creion kajal pentru ochi care machiaz\u0103 dintr-o singur\u0103 mi\u0219care. Aplicare u\u0219oar\u0103 datorit\u0103 texturii cremoase. Creionul de conturare asigur\u0103 un rezultat de machiaj impecabil \u0219i perfect prin culoarea sa intens\u0103. Aspectul magic \u0219i expresiv al ochilor v\u0103 va asigura o alegere excelent\u0103 de creion de ochi de calitate. Cei din jurul dvs. vor c\u0103uta un motiv&#8230;<\/p>\n","protected":false},"featured_media":337616,"comment_status":"closed","ping_status":"open","template":"","meta":{"_acf_changed":false,"_kadence_starter_templates_imported_post":false,"_kad_post_transparent":"","_kad_post_title":"","_kad_post_layout":"","_kad_post_sidebar_id":"","_kad_post_content_style":"","_kad_post_vertical_padding":"","_kad_post_feature":"","_kad_post_feature_position":"","_kad_post_header":false,"_kad_post_footer":false,"_kad_post_classname":""},"product_brand":[384],"product_cat":[246,609,666,631],"product_tag":[],"class_list":{"0":"post-261127","1":"product","2":"type-product","3":"status-publish","4":"has-post-thumbnail","6":"product_brand-loreal-paris","7":"product_cat-cosmetice","8":"product_cat-cosmetice-decorative","9":"product_cat-creione-de-ochi","10":"product_cat-machiaj-pentru-ochi","12":"first","13":"instock","14":"sale","15":"product-type-external","16":"entry","17":"content-bg","18":"loop-entry"},"acf":[],"yoast_head":"<!-- This site is optimized with the Yoast SEO plugin v27.3 - https:\/\/yoast.com\/product\/yoast-seo-wordpress\/ -->\n<title>L&#039;Or\u00e9al Paris Creion kajal pentru ochi Paradise (Le Khol Naturel) 1,2 g 107 Deep See Blue - SHOPATOA.COM<\/title>\n<meta name=\"robots\" content=\"index, follow, max-snippet:-1, max-image-preview:large, max-video-preview:-1\" \/>\n<link rel=\"canonical\" href=\"https:\/\/shopatoa.com\/ro\/loreal-paris-creion-kajal-pentru-ochi-paradise-le-khol-naturel-12-g-107-deep-see-blue\/\" \/>\n<meta property=\"og:locale\" content=\"ro_RO\" \/>\n<meta property=\"og:type\" content=\"article\" \/>\n<meta property=\"og:title\" content=\"L&#039;Or\u00e9al Paris Creion kajal pentru ochi Paradise (Le Khol Naturel) 1,2 g 107 Deep See Blue - SHOPATOA.COM\" \/>\n<meta property=\"og:description\" content=\"Creion kajal pentru ochi care machiaz\u0103 dintr-o singur\u0103 mi\u0219care. Aplicare u\u0219oar\u0103 datorit\u0103 texturii cremoase. Creionul de conturare asigur\u0103 un rezultat de machiaj impecabil \u0219i perfect prin culoarea sa intens\u0103. Aspectul magic \u0219i expresiv al ochilor v\u0103 va asigura o alegere excelent\u0103 de creion de ochi de calitate. Cei din jurul dvs. vor c\u0103uta un motiv...\" \/>\n<meta property=\"og:url\" content=\"https:\/\/shopatoa.com\/ro\/loreal-paris-creion-kajal-pentru-ochi-paradise-le-khol-naturel-12-g-107-deep-see-blue\/\" \/>\n<meta property=\"og:site_name\" content=\"SHOPATOA\" \/>\n<meta property=\"article:modified_time\" content=\"2025-12-14T02:25:19+00:00\" \/>\n<meta property=\"og:image\" content=\"https:\/\/storage.googleapis.com\/cz-shopatoa-img\/ro\/4eeb617e-unnamed-file.webp\" \/>\n\t<meta property=\"og:image:width\" content=\"800\" \/>\n\t<meta property=\"og:image:height\" content=\"800\" \/>\n\t<meta property=\"og:image:type\" content=\"image\/webp\" \/>\n<meta name=\"twitter:card\" content=\"summary_large_image\" \/>\n<script type=\"application\/ld+json\" class=\"yoast-schema-graph\">{\"@context\":\"https:\\\/\\\/schema.org\",\"@graph\":[{\"@type\":\"WebPage\",\"@id\":\"https:\\\/\\\/shopatoa.com\\\/ro\\\/loreal-paris-creion-kajal-pentru-ochi-paradise-le-khol-naturel-12-g-107-deep-see-blue\\\/\",\"url\":\"https:\\\/\\\/shopatoa.com\\\/ro\\\/loreal-paris-creion-kajal-pentru-ochi-paradise-le-khol-naturel-12-g-107-deep-see-blue\\\/\",\"name\":\"L'Or\u00e9al Paris Creion kajal pentru ochi Paradise (Le Khol Naturel) 1,2 g 107 Deep See Blue - SHOPATOA.COM\",\"isPartOf\":{\"@id\":\"https:\\\/\\\/shopatoa.com\\\/ro\\\/#website\"},\"primaryImageOfPage\":{\"@id\":\"https:\\\/\\\/shopatoa.com\\\/ro\\\/loreal-paris-creion-kajal-pentru-ochi-paradise-le-khol-naturel-12-g-107-deep-see-blue\\\/#primaryimage\"},\"image\":{\"@id\":\"https:\\\/\\\/shopatoa.com\\\/ro\\\/loreal-paris-creion-kajal-pentru-ochi-paradise-le-khol-naturel-12-g-107-deep-see-blue\\\/#primaryimage\"},\"thumbnailUrl\":\"https:\\\/\\\/storage.googleapis.com\\\/cz-shopatoa-img\\\/ro\\\/4eeb617e-unnamed-file.webp\",\"datePublished\":\"2025-04-27T06:36:54+00:00\",\"dateModified\":\"2025-12-14T02:25:19+00:00\",\"breadcrumb\":{\"@id\":\"https:\\\/\\\/shopatoa.com\\\/ro\\\/loreal-paris-creion-kajal-pentru-ochi-paradise-le-khol-naturel-12-g-107-deep-see-blue\\\/#breadcrumb\"},\"inLanguage\":\"ro-RO\",\"potentialAction\":[{\"@type\":\"ReadAction\",\"target\":[\"https:\\\/\\\/shopatoa.com\\\/ro\\\/loreal-paris-creion-kajal-pentru-ochi-paradise-le-khol-naturel-12-g-107-deep-see-blue\\\/\"]}]},{\"@type\":\"ImageObject\",\"inLanguage\":\"ro-RO\",\"@id\":\"https:\\\/\\\/shopatoa.com\\\/ro\\\/loreal-paris-creion-kajal-pentru-ochi-paradise-le-khol-naturel-12-g-107-deep-see-blue\\\/#primaryimage\",\"url\":\"https:\\\/\\\/storage.googleapis.com\\\/cz-shopatoa-img\\\/ro\\\/4eeb617e-unnamed-file.webp\",\"contentUrl\":\"https:\\\/\\\/storage.googleapis.com\\\/cz-shopatoa-img\\\/ro\\\/4eeb617e-unnamed-file.webp\",\"width\":800,\"height\":800},{\"@type\":\"BreadcrumbList\",\"@id\":\"https:\\\/\\\/shopatoa.com\\\/ro\\\/loreal-paris-creion-kajal-pentru-ochi-paradise-le-khol-naturel-12-g-107-deep-see-blue\\\/#breadcrumb\",\"itemListElement\":[{\"@type\":\"ListItem\",\"position\":1,\"name\":\"Dom\u016f\",\"item\":\"https:\\\/\\\/shopatoa.com\\\/ro\\\/\"},{\"@type\":\"ListItem\",\"position\":2,\"name\":\"Shop\",\"item\":\"https:\\\/\\\/shopatoa.com\\\/ro\\\/shop\\\/\"},{\"@type\":\"ListItem\",\"position\":3,\"name\":\"Cosmetice\",\"item\":\"https:\\\/\\\/shopatoa.com\\\/ro\\\/cosmetice\\\/\"},{\"@type\":\"ListItem\",\"position\":4,\"name\":\"Cosmetice decorative\",\"item\":\"https:\\\/\\\/shopatoa.com\\\/ro\\\/cosmetice-decorative\\\/\"},{\"@type\":\"ListItem\",\"position\":5,\"name\":\"Machiaj pentru ochi\",\"item\":\"https:\\\/\\\/shopatoa.com\\\/ro\\\/machiaj-pentru-ochi\\\/\"},{\"@type\":\"ListItem\",\"position\":6,\"name\":\"Creione de ochi\",\"item\":\"https:\\\/\\\/shopatoa.com\\\/ro\\\/creione-de-ochi\\\/\"},{\"@type\":\"ListItem\",\"position\":7,\"name\":\"L&#8217;Or\u00e9al Paris Creion kajal pentru ochi Paradise (Le Khol Naturel) 1,2 g 107 Deep See Blue\"}]},{\"@type\":\"WebSite\",\"@id\":\"https:\\\/\\\/shopatoa.com\\\/ro\\\/#website\",\"url\":\"https:\\\/\\\/shopatoa.com\\\/ro\\\/\",\"name\":\"SHOPATOA\",\"description\":\"\",\"publisher\":{\"@id\":\"https:\\\/\\\/shopatoa.com\\\/ro\\\/#organization\"},\"potentialAction\":[{\"@type\":\"SearchAction\",\"target\":{\"@type\":\"EntryPoint\",\"urlTemplate\":\"https:\\\/\\\/shopatoa.com\\\/ro\\\/?s={search_term_string}\"},\"query-input\":{\"@type\":\"PropertyValueSpecification\",\"valueRequired\":true,\"valueName\":\"search_term_string\"}}],\"inLanguage\":\"ro-RO\"},{\"@type\":\"Organization\",\"@id\":\"https:\\\/\\\/shopatoa.com\\\/ro\\\/#organization\",\"name\":\"SHOPATOA\",\"url\":\"https:\\\/\\\/shopatoa.com\\\/ro\\\/\",\"logo\":{\"@type\":\"ImageObject\",\"inLanguage\":\"ro-RO\",\"@id\":\"https:\\\/\\\/shopatoa.com\\\/ro\\\/#\\\/schema\\\/logo\\\/image\\\/\",\"url\":\"https:\\\/\\\/storage.googleapis.com\\\/cz-shopatoa-img\\\/ro\\\/b4dac915-shopatoa_logo.png\",\"contentUrl\":\"https:\\\/\\\/storage.googleapis.com\\\/cz-shopatoa-img\\\/ro\\\/b4dac915-shopatoa_logo.png\",\"width\":416,\"height\":63,\"caption\":\"SHOPATOA\"},\"image\":{\"@id\":\"https:\\\/\\\/shopatoa.com\\\/ro\\\/#\\\/schema\\\/logo\\\/image\\\/\"}}]}<\/script>\n<!-- \/ Yoast SEO plugin. -->","yoast_head_json":{"title":"L'Or\u00e9al Paris Creion kajal pentru ochi Paradise (Le Khol Naturel) 1,2 g 107 Deep See Blue - SHOPATOA.COM","robots":{"index":"index","follow":"follow","max-snippet":"max-snippet:-1","max-image-preview":"max-image-preview:large","max-video-preview":"max-video-preview:-1"},"canonical":"https:\/\/shopatoa.com\/ro\/loreal-paris-creion-kajal-pentru-ochi-paradise-le-khol-naturel-12-g-107-deep-see-blue\/","og_locale":"ro_RO","og_type":"article","og_title":"L'Or\u00e9al Paris Creion kajal pentru ochi Paradise (Le Khol Naturel) 1,2 g 107 Deep See Blue - SHOPATOA.COM","og_description":"Creion kajal pentru ochi care machiaz\u0103 dintr-o singur\u0103 mi\u0219care. Aplicare u\u0219oar\u0103 datorit\u0103 texturii cremoase. Creionul de conturare asigur\u0103 un rezultat de machiaj impecabil \u0219i perfect prin culoarea sa intens\u0103. Aspectul magic \u0219i expresiv al ochilor v\u0103 va asigura o alegere excelent\u0103 de creion de ochi de calitate. Cei din jurul dvs. vor c\u0103uta un motiv...","og_url":"https:\/\/shopatoa.com\/ro\/loreal-paris-creion-kajal-pentru-ochi-paradise-le-khol-naturel-12-g-107-deep-see-blue\/","og_site_name":"SHOPATOA","article_modified_time":"2025-12-14T02:25:19+00:00","og_image":[{"width":800,"height":800,"url":"https:\/\/storage.googleapis.com\/cz-shopatoa-img\/ro\/4eeb617e-unnamed-file.webp","type":"image\/webp"}],"twitter_card":"summary_large_image","schema":{"@context":"https:\/\/schema.org","@graph":[{"@type":"WebPage","@id":"https:\/\/shopatoa.com\/ro\/loreal-paris-creion-kajal-pentru-ochi-paradise-le-khol-naturel-12-g-107-deep-see-blue\/","url":"https:\/\/shopatoa.com\/ro\/loreal-paris-creion-kajal-pentru-ochi-paradise-le-khol-naturel-12-g-107-deep-see-blue\/","name":"L'Or\u00e9al Paris Creion kajal pentru ochi Paradise (Le Khol Naturel) 1,2 g 107 Deep See Blue - SHOPATOA.COM","isPartOf":{"@id":"https:\/\/shopatoa.com\/ro\/#website"},"primaryImageOfPage":{"@id":"https:\/\/shopatoa.com\/ro\/loreal-paris-creion-kajal-pentru-ochi-paradise-le-khol-naturel-12-g-107-deep-see-blue\/#primaryimage"},"image":{"@id":"https:\/\/shopatoa.com\/ro\/loreal-paris-creion-kajal-pentru-ochi-paradise-le-khol-naturel-12-g-107-deep-see-blue\/#primaryimage"},"thumbnailUrl":"https:\/\/storage.googleapis.com\/cz-shopatoa-img\/ro\/4eeb617e-unnamed-file.webp","datePublished":"2025-04-27T06:36:54+00:00","dateModified":"2025-12-14T02:25:19+00:00","breadcrumb":{"@id":"https:\/\/shopatoa.com\/ro\/loreal-paris-creion-kajal-pentru-ochi-paradise-le-khol-naturel-12-g-107-deep-see-blue\/#breadcrumb"},"inLanguage":"ro-RO","potentialAction":[{"@type":"ReadAction","target":["https:\/\/shopatoa.com\/ro\/loreal-paris-creion-kajal-pentru-ochi-paradise-le-khol-naturel-12-g-107-deep-see-blue\/"]}]},{"@type":"ImageObject","inLanguage":"ro-RO","@id":"https:\/\/shopatoa.com\/ro\/loreal-paris-creion-kajal-pentru-ochi-paradise-le-khol-naturel-12-g-107-deep-see-blue\/#primaryimage","url":"https:\/\/storage.googleapis.com\/cz-shopatoa-img\/ro\/4eeb617e-unnamed-file.webp","contentUrl":"https:\/\/storage.googleapis.com\/cz-shopatoa-img\/ro\/4eeb617e-unnamed-file.webp","width":800,"height":800},{"@type":"BreadcrumbList","@id":"https:\/\/shopatoa.com\/ro\/loreal-paris-creion-kajal-pentru-ochi-paradise-le-khol-naturel-12-g-107-deep-see-blue\/#breadcrumb","itemListElement":[{"@type":"ListItem","position":1,"name":"Dom\u016f","item":"https:\/\/shopatoa.com\/ro\/"},{"@type":"ListItem","position":2,"name":"Shop","item":"https:\/\/shopatoa.com\/ro\/shop\/"},{"@type":"ListItem","position":3,"name":"Cosmetice","item":"https:\/\/shopatoa.com\/ro\/cosmetice\/"},{"@type":"ListItem","position":4,"name":"Cosmetice decorative","item":"https:\/\/shopatoa.com\/ro\/cosmetice-decorative\/"},{"@type":"ListItem","position":5,"name":"Machiaj pentru ochi","item":"https:\/\/shopatoa.com\/ro\/machiaj-pentru-ochi\/"},{"@type":"ListItem","position":6,"name":"Creione de ochi","item":"https:\/\/shopatoa.com\/ro\/creione-de-ochi\/"},{"@type":"ListItem","position":7,"name":"L&#8217;Or\u00e9al Paris Creion kajal pentru ochi Paradise (Le Khol Naturel) 1,2 g 107 Deep See Blue"}]},{"@type":"WebSite","@id":"https:\/\/shopatoa.com\/ro\/#website","url":"https:\/\/shopatoa.com\/ro\/","name":"SHOPATOA","description":"","publisher":{"@id":"https:\/\/shopatoa.com\/ro\/#organization"},"potentialAction":[{"@type":"SearchAction","target":{"@type":"EntryPoint","urlTemplate":"https:\/\/shopatoa.com\/ro\/?s={search_term_string}"},"query-input":{"@type":"PropertyValueSpecification","valueRequired":true,"valueName":"search_term_string"}}],"inLanguage":"ro-RO"},{"@type":"Organization","@id":"https:\/\/shopatoa.com\/ro\/#organization","name":"SHOPATOA","url":"https:\/\/shopatoa.com\/ro\/","logo":{"@type":"ImageObject","inLanguage":"ro-RO","@id":"https:\/\/shopatoa.com\/ro\/#\/schema\/logo\/image\/","url":"https:\/\/storage.googleapis.com\/cz-shopatoa-img\/ro\/b4dac915-shopatoa_logo.png","contentUrl":"https:\/\/storage.googleapis.com\/cz-shopatoa-img\/ro\/b4dac915-shopatoa_logo.png","width":416,"height":63,"caption":"SHOPATOA"},"image":{"@id":"https:\/\/shopatoa.com\/ro\/#\/schema\/logo\/image\/"}}]}},"_links":{"self":[{"href":"https:\/\/shopatoa.com\/ro\/wp-json\/wp\/v2\/product\/261127","targetHints":{"allow":["GET"]}}],"collection":[{"href":"https:\/\/shopatoa.com\/ro\/wp-json\/wp\/v2\/product"}],"about":[{"href":"https:\/\/shopatoa.com\/ro\/wp-json\/wp\/v2\/types\/product"}],"replies":[{"embeddable":true,"href":"https:\/\/shopatoa.com\/ro\/wp-json\/wp\/v2\/comments?post=261127"}],"wp:featuredmedia":[{"embeddable":true,"href":"https:\/\/shopatoa.com\/ro\/wp-json\/wp\/v2\/media\/337616"}],"wp:attachment":[{"href":"https:\/\/shopatoa.com\/ro\/wp-json\/wp\/v2\/media?parent=261127"}],"wp:term":[{"taxonomy":"product_brand","embeddable":true,"href":"https:\/\/shopatoa.com\/ro\/wp-json\/wp\/v2\/product_brand?post=261127"},{"taxonomy":"product_cat","embeddable":true,"href":"https:\/\/shopatoa.com\/ro\/wp-json\/wp\/v2\/product_cat?post=261127"},{"taxonomy":"product_tag","embeddable":true,"href":"https:\/\/shopatoa.com\/ro\/wp-json\/wp\/v2\/product_tag?post=261127"}],"curies":[{"name":"wp","href":"https:\/\/api.w.org\/{rel}","templated":true}]}}