{"id":261217,"date":"2025-04-27T09:11:58","date_gmt":"2025-04-27T07:11:58","guid":{"rendered":"https:\/\/shopatoa.com\/ro\/grace-cole-set-cadou-mini-pentru-ingrijirea-corpului-pere-si-floare-de-nectarina-5-buc\/"},"modified":"2025-12-14T02:43:47","modified_gmt":"2025-12-14T01:43:47","slug":"grace-cole-set-cadou-mini-pentru-ingrijirea-corpului-pere-si-floare-de-nectarina-5-buc","status":"publish","type":"product","link":"https:\/\/shopatoa.com\/ro\/grace-cole-set-cadou-mini-pentru-ingrijirea-corpului-pere-si-floare-de-nectarina-5-buc\/","title":{"rendered":"Grace Cole Set cadou mini pentru \u00eengrijirea corpului Pere \u0219i Floare de nectarin\u0103 5 buc"},"content":{"rendered":"<p>Setul con\u021bine: Gel de du\u0219 100 ml Lo\u021biune de corp 100 ml Crem\u0103 de m\u00e2ini 50 ml Sare de baie 65 g Prosop mic 1 buc Gel de du\u0219 Cur\u0103\u021b\u0103 delicat pielea, creeaz\u0103 o spum\u0103 bogat\u0103 \u0219i las\u0103 pielea moale la atingere. \u00cen plus, elibereaz\u0103 un miros de lung\u0103 durat\u0103. Utilizare: Aplica\u021bi pe pielea umed\u0103, spuma\u021bi \u0219i cl\u0103ti\u021bi. Lo\u021biune de corp Ofer\u0103 hidratarea \u0219i nutri\u021bia necesar\u0103 pielii. Amelioreaz\u0103 senza\u021bia de usc\u0103ciune, l\u0103s\u00e2nd pielea moale, supl\u0103 \u0219i pl\u0103cut parfumat\u0103. Utilizare: Aplica\u021bi pe pielea curat\u0103 \u0219i uscat\u0103, masa\u021bi u\u0219or p\u00e2n\u0103 c\u00e2nd crema se absoarbe. Crem\u0103 de m\u00e2ini Hidrateaz\u0103 intens \u0219i \u00eenmoaie pielea. Protejeaz\u0103 pielea de frig, v\u00e2nt \u0219i uscare. Con\u021bine glicerin\u0103 \u0219i parafin\u0103. Utilizare: Aplica\u021bi pe m\u00e2inile uscate \u0219i curate, se maseaz\u0103 p\u00e2n\u0103 la absorb\u021bie. Cristale de baie Adaug\u0103 o nou\u0103 dimensiune b\u0103ii. Parfumeaz\u0103 \u00eentreaga baie \u0219i induce relaxare \u0219i odihn\u0103 pl\u0103cut\u0103. Utilizare: Se pune \u00eentr-o baie de ap\u0103 cald\u0103 \u0219i se las\u0103 s\u0103 se dizolve. Pere &amp; Floare de nectarine Setul de \u00eengrijire v\u0103 r\u0103sfa\u021b\u0103 pielea cu o textur\u0103 moale \u0219i un parfum fructat-floral. Las\u0103 \u00eentregul corp pl\u0103cut parfumat cu note suculente de grapefruit, par\u0103 \u0219i portocal\u0103, completate de flori \u0219i o baz\u0103 lemnoas\u0103 cu o not\u0103 de vanilie, rezultatul fiind o piele moale \u0219i neted\u0103. Numai pentru uz extern. Evita\u021bi contactul cu ochii \u0219i zona din jurul acestora. \u00centrerupe\u021bi utilizarea la orice semn de iritare. Vegan &amp; Cruelty Free.<\/p>\n","protected":false},"excerpt":{"rendered":"<p>Setul con\u021bine: Gel de du\u0219 100 ml Lo\u021biune de corp 100 ml Crem\u0103 de m\u00e2ini 50 ml Sare de baie 65 g Prosop mic 1 buc Gel de du\u0219 Cur\u0103\u021b\u0103 delicat pielea, creeaz\u0103 o spum\u0103 bogat\u0103 \u0219i las\u0103 pielea moale la atingere. \u00cen plus, elibereaz\u0103 un miros de lung\u0103 durat\u0103. Utilizare: Aplica\u021bi pe pielea umed\u0103,&#8230;<\/p>\n","protected":false},"featured_media":337706,"comment_status":"closed","ping_status":"open","template":"","meta":{"_acf_changed":false,"_kadence_starter_templates_imported_post":false,"_kad_post_transparent":"","_kad_post_title":"","_kad_post_layout":"","_kad_post_sidebar_id":"","_kad_post_content_style":"","_kad_post_vertical_padding":"","_kad_post_feature":"","_kad_post_feature_position":"","_kad_post_header":false,"_kad_post_footer":false,"_kad_post_classname":""},"product_brand":[984],"product_cat":[246,641,611],"product_tag":[],"class_list":{"0":"post-261217","1":"product","2":"type-product","3":"status-publish","4":"has-post-thumbnail","6":"product_brand-grace-cole","7":"product_cat-cosmetice","8":"product_cat-cosmetice-pentru-dus-si-baie","9":"product_cat-produse-cosmetice-pentru-corp","11":"first","12":"instock","13":"sale","14":"product-type-external","15":"entry","16":"content-bg","17":"loop-entry"},"acf":[],"yoast_head":"<!-- This site is optimized with the Yoast SEO plugin v27.4 - https:\/\/yoast.com\/product\/yoast-seo-wordpress\/ -->\n<title>Grace Cole Set cadou mini pentru \u00eengrijirea corpului Pere \u0219i Floare de nectarin\u0103 5 buc - SHOPATOA.COM<\/title>\n<meta name=\"robots\" content=\"index, follow, max-snippet:-1, max-image-preview:large, max-video-preview:-1\" \/>\n<link rel=\"canonical\" href=\"https:\/\/shopatoa.com\/ro\/grace-cole-set-cadou-mini-pentru-ingrijirea-corpului-pere-si-floare-de-nectarina-5-buc\/\" \/>\n<meta property=\"og:locale\" content=\"ro_RO\" \/>\n<meta property=\"og:type\" content=\"article\" \/>\n<meta property=\"og:title\" content=\"Grace Cole Set cadou mini pentru \u00eengrijirea corpului Pere \u0219i Floare de nectarin\u0103 5 buc - SHOPATOA.COM\" \/>\n<meta property=\"og:description\" content=\"Setul con\u021bine: Gel de du\u0219 100 ml Lo\u021biune de corp 100 ml Crem\u0103 de m\u00e2ini 50 ml Sare de baie 65 g Prosop mic 1 buc Gel de du\u0219 Cur\u0103\u021b\u0103 delicat pielea, creeaz\u0103 o spum\u0103 bogat\u0103 \u0219i las\u0103 pielea moale la atingere. \u00cen plus, elibereaz\u0103 un miros de lung\u0103 durat\u0103. Utilizare: Aplica\u021bi pe pielea umed\u0103,...\" \/>\n<meta property=\"og:url\" content=\"https:\/\/shopatoa.com\/ro\/grace-cole-set-cadou-mini-pentru-ingrijirea-corpului-pere-si-floare-de-nectarina-5-buc\/\" \/>\n<meta property=\"og:site_name\" content=\"SHOPATOA\" \/>\n<meta property=\"article:modified_time\" content=\"2025-12-14T01:43:47+00:00\" \/>\n<meta property=\"og:image\" content=\"https:\/\/storage.googleapis.com\/cz-shopatoa-img\/ro\/06dd9a24-unnamed-file.webp\" \/>\n\t<meta property=\"og:image:width\" content=\"800\" \/>\n\t<meta property=\"og:image:height\" content=\"800\" \/>\n\t<meta property=\"og:image:type\" content=\"image\/webp\" \/>\n<meta name=\"twitter:card\" content=\"summary_large_image\" \/>\n<meta name=\"twitter:label1\" content=\"Timp estimat pentru citire\" \/>\n\t<meta name=\"twitter:data1\" content=\"1 minut\" \/>\n<script type=\"application\/ld+json\" class=\"yoast-schema-graph\">{\"@context\":\"https:\\\/\\\/schema.org\",\"@graph\":[{\"@type\":\"WebPage\",\"@id\":\"https:\\\/\\\/shopatoa.com\\\/ro\\\/grace-cole-set-cadou-mini-pentru-ingrijirea-corpului-pere-si-floare-de-nectarina-5-buc\\\/\",\"url\":\"https:\\\/\\\/shopatoa.com\\\/ro\\\/grace-cole-set-cadou-mini-pentru-ingrijirea-corpului-pere-si-floare-de-nectarina-5-buc\\\/\",\"name\":\"Grace Cole Set cadou mini pentru \u00eengrijirea corpului Pere \u0219i Floare de nectarin\u0103 5 buc - SHOPATOA.COM\",\"isPartOf\":{\"@id\":\"https:\\\/\\\/shopatoa.com\\\/ro\\\/#website\"},\"primaryImageOfPage\":{\"@id\":\"https:\\\/\\\/shopatoa.com\\\/ro\\\/grace-cole-set-cadou-mini-pentru-ingrijirea-corpului-pere-si-floare-de-nectarina-5-buc\\\/#primaryimage\"},\"image\":{\"@id\":\"https:\\\/\\\/shopatoa.com\\\/ro\\\/grace-cole-set-cadou-mini-pentru-ingrijirea-corpului-pere-si-floare-de-nectarina-5-buc\\\/#primaryimage\"},\"thumbnailUrl\":\"https:\\\/\\\/storage.googleapis.com\\\/cz-shopatoa-img\\\/ro\\\/06dd9a24-unnamed-file.webp\",\"datePublished\":\"2025-04-27T07:11:58+00:00\",\"dateModified\":\"2025-12-14T01:43:47+00:00\",\"breadcrumb\":{\"@id\":\"https:\\\/\\\/shopatoa.com\\\/ro\\\/grace-cole-set-cadou-mini-pentru-ingrijirea-corpului-pere-si-floare-de-nectarina-5-buc\\\/#breadcrumb\"},\"inLanguage\":\"ro-RO\",\"potentialAction\":[{\"@type\":\"ReadAction\",\"target\":[\"https:\\\/\\\/shopatoa.com\\\/ro\\\/grace-cole-set-cadou-mini-pentru-ingrijirea-corpului-pere-si-floare-de-nectarina-5-buc\\\/\"]}]},{\"@type\":\"ImageObject\",\"inLanguage\":\"ro-RO\",\"@id\":\"https:\\\/\\\/shopatoa.com\\\/ro\\\/grace-cole-set-cadou-mini-pentru-ingrijirea-corpului-pere-si-floare-de-nectarina-5-buc\\\/#primaryimage\",\"url\":\"https:\\\/\\\/storage.googleapis.com\\\/cz-shopatoa-img\\\/ro\\\/06dd9a24-unnamed-file.webp\",\"contentUrl\":\"https:\\\/\\\/storage.googleapis.com\\\/cz-shopatoa-img\\\/ro\\\/06dd9a24-unnamed-file.webp\",\"width\":800,\"height\":800},{\"@type\":\"BreadcrumbList\",\"@id\":\"https:\\\/\\\/shopatoa.com\\\/ro\\\/grace-cole-set-cadou-mini-pentru-ingrijirea-corpului-pere-si-floare-de-nectarina-5-buc\\\/#breadcrumb\",\"itemListElement\":[{\"@type\":\"ListItem\",\"position\":1,\"name\":\"Dom\u016f\",\"item\":\"https:\\\/\\\/shopatoa.com\\\/ro\\\/\"},{\"@type\":\"ListItem\",\"position\":2,\"name\":\"Shop\",\"item\":\"https:\\\/\\\/shopatoa.com\\\/ro\\\/shop\\\/\"},{\"@type\":\"ListItem\",\"position\":3,\"name\":\"Cosmetice\",\"item\":\"https:\\\/\\\/shopatoa.com\\\/ro\\\/cosmetice\\\/\"},{\"@type\":\"ListItem\",\"position\":4,\"name\":\"Produse cosmetice pentru corp\",\"item\":\"https:\\\/\\\/shopatoa.com\\\/ro\\\/produse-cosmetice-pentru-corp\\\/\"},{\"@type\":\"ListItem\",\"position\":5,\"name\":\"Cosmetice pentru du\u0219 \u0219i baie\",\"item\":\"https:\\\/\\\/shopatoa.com\\\/ro\\\/cosmetice-pentru-dus-si-baie\\\/\"},{\"@type\":\"ListItem\",\"position\":6,\"name\":\"Grace Cole Set cadou mini pentru \u00eengrijirea corpului Pere \u0219i Floare de nectarin\u0103 5 buc\"}]},{\"@type\":\"WebSite\",\"@id\":\"https:\\\/\\\/shopatoa.com\\\/ro\\\/#website\",\"url\":\"https:\\\/\\\/shopatoa.com\\\/ro\\\/\",\"name\":\"SHOPATOA\",\"description\":\"\",\"publisher\":{\"@id\":\"https:\\\/\\\/shopatoa.com\\\/ro\\\/#organization\"},\"potentialAction\":[{\"@type\":\"SearchAction\",\"target\":{\"@type\":\"EntryPoint\",\"urlTemplate\":\"https:\\\/\\\/shopatoa.com\\\/ro\\\/?s={search_term_string}\"},\"query-input\":{\"@type\":\"PropertyValueSpecification\",\"valueRequired\":true,\"valueName\":\"search_term_string\"}}],\"inLanguage\":\"ro-RO\"},{\"@type\":\"Organization\",\"@id\":\"https:\\\/\\\/shopatoa.com\\\/ro\\\/#organization\",\"name\":\"SHOPATOA\",\"url\":\"https:\\\/\\\/shopatoa.com\\\/ro\\\/\",\"logo\":{\"@type\":\"ImageObject\",\"inLanguage\":\"ro-RO\",\"@id\":\"https:\\\/\\\/shopatoa.com\\\/ro\\\/#\\\/schema\\\/logo\\\/image\\\/\",\"url\":\"https:\\\/\\\/storage.googleapis.com\\\/cz-shopatoa-img\\\/ro\\\/b4dac915-shopatoa_logo.png\",\"contentUrl\":\"https:\\\/\\\/storage.googleapis.com\\\/cz-shopatoa-img\\\/ro\\\/b4dac915-shopatoa_logo.png\",\"width\":416,\"height\":63,\"caption\":\"SHOPATOA\"},\"image\":{\"@id\":\"https:\\\/\\\/shopatoa.com\\\/ro\\\/#\\\/schema\\\/logo\\\/image\\\/\"}}]}<\/script>\n<!-- \/ Yoast SEO plugin. -->","yoast_head_json":{"title":"Grace Cole Set cadou mini pentru \u00eengrijirea corpului Pere \u0219i Floare de nectarin\u0103 5 buc - SHOPATOA.COM","robots":{"index":"index","follow":"follow","max-snippet":"max-snippet:-1","max-image-preview":"max-image-preview:large","max-video-preview":"max-video-preview:-1"},"canonical":"https:\/\/shopatoa.com\/ro\/grace-cole-set-cadou-mini-pentru-ingrijirea-corpului-pere-si-floare-de-nectarina-5-buc\/","og_locale":"ro_RO","og_type":"article","og_title":"Grace Cole Set cadou mini pentru \u00eengrijirea corpului Pere \u0219i Floare de nectarin\u0103 5 buc - SHOPATOA.COM","og_description":"Setul con\u021bine: Gel de du\u0219 100 ml Lo\u021biune de corp 100 ml Crem\u0103 de m\u00e2ini 50 ml Sare de baie 65 g Prosop mic 1 buc Gel de du\u0219 Cur\u0103\u021b\u0103 delicat pielea, creeaz\u0103 o spum\u0103 bogat\u0103 \u0219i las\u0103 pielea moale la atingere. \u00cen plus, elibereaz\u0103 un miros de lung\u0103 durat\u0103. Utilizare: Aplica\u021bi pe pielea umed\u0103,...","og_url":"https:\/\/shopatoa.com\/ro\/grace-cole-set-cadou-mini-pentru-ingrijirea-corpului-pere-si-floare-de-nectarina-5-buc\/","og_site_name":"SHOPATOA","article_modified_time":"2025-12-14T01:43:47+00:00","og_image":[{"width":800,"height":800,"url":"https:\/\/storage.googleapis.com\/cz-shopatoa-img\/ro\/06dd9a24-unnamed-file.webp","type":"image\/webp"}],"twitter_card":"summary_large_image","twitter_misc":{"Timp estimat pentru citire":"1 minut"},"schema":{"@context":"https:\/\/schema.org","@graph":[{"@type":"WebPage","@id":"https:\/\/shopatoa.com\/ro\/grace-cole-set-cadou-mini-pentru-ingrijirea-corpului-pere-si-floare-de-nectarina-5-buc\/","url":"https:\/\/shopatoa.com\/ro\/grace-cole-set-cadou-mini-pentru-ingrijirea-corpului-pere-si-floare-de-nectarina-5-buc\/","name":"Grace Cole Set cadou mini pentru \u00eengrijirea corpului Pere \u0219i Floare de nectarin\u0103 5 buc - SHOPATOA.COM","isPartOf":{"@id":"https:\/\/shopatoa.com\/ro\/#website"},"primaryImageOfPage":{"@id":"https:\/\/shopatoa.com\/ro\/grace-cole-set-cadou-mini-pentru-ingrijirea-corpului-pere-si-floare-de-nectarina-5-buc\/#primaryimage"},"image":{"@id":"https:\/\/shopatoa.com\/ro\/grace-cole-set-cadou-mini-pentru-ingrijirea-corpului-pere-si-floare-de-nectarina-5-buc\/#primaryimage"},"thumbnailUrl":"https:\/\/storage.googleapis.com\/cz-shopatoa-img\/ro\/06dd9a24-unnamed-file.webp","datePublished":"2025-04-27T07:11:58+00:00","dateModified":"2025-12-14T01:43:47+00:00","breadcrumb":{"@id":"https:\/\/shopatoa.com\/ro\/grace-cole-set-cadou-mini-pentru-ingrijirea-corpului-pere-si-floare-de-nectarina-5-buc\/#breadcrumb"},"inLanguage":"ro-RO","potentialAction":[{"@type":"ReadAction","target":["https:\/\/shopatoa.com\/ro\/grace-cole-set-cadou-mini-pentru-ingrijirea-corpului-pere-si-floare-de-nectarina-5-buc\/"]}]},{"@type":"ImageObject","inLanguage":"ro-RO","@id":"https:\/\/shopatoa.com\/ro\/grace-cole-set-cadou-mini-pentru-ingrijirea-corpului-pere-si-floare-de-nectarina-5-buc\/#primaryimage","url":"https:\/\/storage.googleapis.com\/cz-shopatoa-img\/ro\/06dd9a24-unnamed-file.webp","contentUrl":"https:\/\/storage.googleapis.com\/cz-shopatoa-img\/ro\/06dd9a24-unnamed-file.webp","width":800,"height":800},{"@type":"BreadcrumbList","@id":"https:\/\/shopatoa.com\/ro\/grace-cole-set-cadou-mini-pentru-ingrijirea-corpului-pere-si-floare-de-nectarina-5-buc\/#breadcrumb","itemListElement":[{"@type":"ListItem","position":1,"name":"Dom\u016f","item":"https:\/\/shopatoa.com\/ro\/"},{"@type":"ListItem","position":2,"name":"Shop","item":"https:\/\/shopatoa.com\/ro\/shop\/"},{"@type":"ListItem","position":3,"name":"Cosmetice","item":"https:\/\/shopatoa.com\/ro\/cosmetice\/"},{"@type":"ListItem","position":4,"name":"Produse cosmetice pentru corp","item":"https:\/\/shopatoa.com\/ro\/produse-cosmetice-pentru-corp\/"},{"@type":"ListItem","position":5,"name":"Cosmetice pentru du\u0219 \u0219i baie","item":"https:\/\/shopatoa.com\/ro\/cosmetice-pentru-dus-si-baie\/"},{"@type":"ListItem","position":6,"name":"Grace Cole Set cadou mini pentru \u00eengrijirea corpului Pere \u0219i Floare de nectarin\u0103 5 buc"}]},{"@type":"WebSite","@id":"https:\/\/shopatoa.com\/ro\/#website","url":"https:\/\/shopatoa.com\/ro\/","name":"SHOPATOA","description":"","publisher":{"@id":"https:\/\/shopatoa.com\/ro\/#organization"},"potentialAction":[{"@type":"SearchAction","target":{"@type":"EntryPoint","urlTemplate":"https:\/\/shopatoa.com\/ro\/?s={search_term_string}"},"query-input":{"@type":"PropertyValueSpecification","valueRequired":true,"valueName":"search_term_string"}}],"inLanguage":"ro-RO"},{"@type":"Organization","@id":"https:\/\/shopatoa.com\/ro\/#organization","name":"SHOPATOA","url":"https:\/\/shopatoa.com\/ro\/","logo":{"@type":"ImageObject","inLanguage":"ro-RO","@id":"https:\/\/shopatoa.com\/ro\/#\/schema\/logo\/image\/","url":"https:\/\/storage.googleapis.com\/cz-shopatoa-img\/ro\/b4dac915-shopatoa_logo.png","contentUrl":"https:\/\/storage.googleapis.com\/cz-shopatoa-img\/ro\/b4dac915-shopatoa_logo.png","width":416,"height":63,"caption":"SHOPATOA"},"image":{"@id":"https:\/\/shopatoa.com\/ro\/#\/schema\/logo\/image\/"}}]}},"_links":{"self":[{"href":"https:\/\/shopatoa.com\/ro\/wp-json\/wp\/v2\/product\/261217","targetHints":{"allow":["GET"]}}],"collection":[{"href":"https:\/\/shopatoa.com\/ro\/wp-json\/wp\/v2\/product"}],"about":[{"href":"https:\/\/shopatoa.com\/ro\/wp-json\/wp\/v2\/types\/product"}],"replies":[{"embeddable":true,"href":"https:\/\/shopatoa.com\/ro\/wp-json\/wp\/v2\/comments?post=261217"}],"wp:featuredmedia":[{"embeddable":true,"href":"https:\/\/shopatoa.com\/ro\/wp-json\/wp\/v2\/media\/337706"}],"wp:attachment":[{"href":"https:\/\/shopatoa.com\/ro\/wp-json\/wp\/v2\/media?parent=261217"}],"wp:term":[{"taxonomy":"product_brand","embeddable":true,"href":"https:\/\/shopatoa.com\/ro\/wp-json\/wp\/v2\/product_brand?post=261217"},{"taxonomy":"product_cat","embeddable":true,"href":"https:\/\/shopatoa.com\/ro\/wp-json\/wp\/v2\/product_cat?post=261217"},{"taxonomy":"product_tag","embeddable":true,"href":"https:\/\/shopatoa.com\/ro\/wp-json\/wp\/v2\/product_tag?post=261217"}],"curies":[{"name":"wp","href":"https:\/\/api.w.org\/{rel}","templated":true}]}}