{"id":261226,"date":"2025-04-27T09:16:11","date_gmt":"2025-04-27T07:16:11","guid":{"rendered":"https:\/\/shopatoa.com\/ro\/grace-cole-set-cadou-balsam-pentru-picioare-si-sosete-praline-vanilie\/"},"modified":"2025-11-11T20:24:21","modified_gmt":"2025-11-11T19:24:21","slug":"grace-cole-set-cadou-balsam-pentru-picioare-si-sosete-praline-vanilie","status":"publish","type":"product","link":"https:\/\/shopatoa.com\/ro\/grace-cole-set-cadou-balsam-pentru-picioare-si-sosete-praline-vanilie\/","title":{"rendered":"Grace Cole Set cadou Balsam pentru picioare \u0219i \u0219osete Praline &amp; Vanilie"},"content":{"rendered":"<p>Setul con\u021bine: Balsam pentru picioare 100 ml \u0218osete Balsam pentru picioare Balsam pentru picioare pentru relaxarea picioarelor obosite \u00een zilele de iarn\u0103. Utilizare: Aplica\u021bi pe picioare \u0219i l\u0103sa\u021bi s\u0103 se absoarb\u0103. Pralina &amp; Vanilie R\u0103sf\u0103\u021ba\u021bi-v\u0103 picioarele cu acest balsam bogat \u0219i cremos pentru picioare, care hidrateaz\u0103 \u0219i hr\u0103ne\u0219te \u00een profunzime pielea uscat\u0103, \u00een special \u00een zona c\u0103lc\u00e2ielor. O las\u0103 cu un parfum dulce delicat, moale \u0219i parfumat de vanilie \u0219i praline, care v\u0103 va \u00eenc\u00e2nta sim\u021burile \u0219i va crea o atmosfer\u0103 de Cr\u0103ciun. \u00cenc\u0103l\u021ba\u021bi \u0219osete moi pentru un efect maxim. Numai pentru uz extern. Evita\u021bi contactul cu ochii \u0219i zona din jurul acestora. \u00centrerupe\u021bi utilizarea la orice semn de iritare. Vegan &amp; Cruelty-Free.<\/p>\n","protected":false},"excerpt":{"rendered":"<p>Setul con\u021bine: Balsam pentru picioare 100 ml \u0218osete Balsam pentru picioare Balsam pentru picioare pentru relaxarea picioarelor obosite \u00een zilele de iarn\u0103. Utilizare: Aplica\u021bi pe picioare \u0219i l\u0103sa\u021bi s\u0103 se absoarb\u0103. Pralina &amp; Vanilie R\u0103sf\u0103\u021ba\u021bi-v\u0103 picioarele cu acest balsam bogat \u0219i cremos pentru picioare, care hidrateaz\u0103 \u0219i hr\u0103ne\u0219te \u00een profunzime pielea uscat\u0103, \u00een special \u00een&#8230;<\/p>\n","protected":false},"featured_media":337715,"comment_status":"closed","ping_status":"open","template":"","meta":{"_acf_changed":false,"_kadence_starter_templates_imported_post":false,"_kad_post_transparent":"","_kad_post_title":"","_kad_post_layout":"","_kad_post_sidebar_id":"","_kad_post_content_style":"","_kad_post_vertical_padding":"","_kad_post_feature":"","_kad_post_feature_position":"","_kad_post_header":false,"_kad_post_footer":false,"_kad_post_classname":""},"product_brand":[984],"product_cat":[246,851,611,730],"product_tag":[],"class_list":{"0":"post-261226","1":"product","2":"type-product","3":"status-publish","4":"has-post-thumbnail","6":"product_brand-grace-cole","7":"product_cat-cosmetice","8":"product_cat-cosmetice-pentru-picioare","9":"product_cat-produse-cosmetice-pentru-corp","10":"product_cat-produse-cosmetice-pentru-ingrijirea-picioarelor","12":"first","13":"instock","14":"sale","15":"product-type-external","16":"entry","17":"content-bg","18":"loop-entry"},"acf":[],"yoast_head":"<!-- This site is optimized with the Yoast SEO plugin v27.4 - https:\/\/yoast.com\/product\/yoast-seo-wordpress\/ -->\n<title>Grace Cole Set cadou Balsam pentru picioare \u0219i \u0219osete Praline &amp; Vanilie - SHOPATOA.COM<\/title>\n<meta name=\"robots\" content=\"index, follow, max-snippet:-1, max-image-preview:large, max-video-preview:-1\" \/>\n<link rel=\"canonical\" href=\"https:\/\/shopatoa.com\/ro\/grace-cole-set-cadou-balsam-pentru-picioare-si-sosete-praline-vanilie\/\" \/>\n<meta property=\"og:locale\" content=\"ro_RO\" \/>\n<meta property=\"og:type\" content=\"article\" \/>\n<meta property=\"og:title\" content=\"Grace Cole Set cadou Balsam pentru picioare \u0219i \u0219osete Praline &amp; Vanilie - SHOPATOA.COM\" \/>\n<meta property=\"og:description\" content=\"Setul con\u021bine: Balsam pentru picioare 100 ml \u0218osete Balsam pentru picioare Balsam pentru picioare pentru relaxarea picioarelor obosite \u00een zilele de iarn\u0103. Utilizare: Aplica\u021bi pe picioare \u0219i l\u0103sa\u021bi s\u0103 se absoarb\u0103. Pralina &amp; Vanilie R\u0103sf\u0103\u021ba\u021bi-v\u0103 picioarele cu acest balsam bogat \u0219i cremos pentru picioare, care hidrateaz\u0103 \u0219i hr\u0103ne\u0219te \u00een profunzime pielea uscat\u0103, \u00een special \u00een...\" \/>\n<meta property=\"og:url\" content=\"https:\/\/shopatoa.com\/ro\/grace-cole-set-cadou-balsam-pentru-picioare-si-sosete-praline-vanilie\/\" \/>\n<meta property=\"og:site_name\" content=\"SHOPATOA\" \/>\n<meta property=\"article:modified_time\" content=\"2025-11-11T19:24:21+00:00\" \/>\n<meta property=\"og:image\" content=\"https:\/\/storage.googleapis.com\/cz-shopatoa-img\/ro\/3405ec82-unnamed-file.webp\" \/>\n\t<meta property=\"og:image:width\" content=\"800\" \/>\n\t<meta property=\"og:image:height\" content=\"800\" \/>\n\t<meta property=\"og:image:type\" content=\"image\/webp\" \/>\n<meta name=\"twitter:card\" content=\"summary_large_image\" \/>\n<meta name=\"twitter:label1\" content=\"Timp estimat pentru citire\" \/>\n\t<meta name=\"twitter:data1\" content=\"1 minut\" \/>\n<script type=\"application\/ld+json\" class=\"yoast-schema-graph\">{\"@context\":\"https:\\\/\\\/schema.org\",\"@graph\":[{\"@type\":\"WebPage\",\"@id\":\"https:\\\/\\\/shopatoa.com\\\/ro\\\/grace-cole-set-cadou-balsam-pentru-picioare-si-sosete-praline-vanilie\\\/\",\"url\":\"https:\\\/\\\/shopatoa.com\\\/ro\\\/grace-cole-set-cadou-balsam-pentru-picioare-si-sosete-praline-vanilie\\\/\",\"name\":\"Grace Cole Set cadou Balsam pentru picioare \u0219i \u0219osete Praline & Vanilie - SHOPATOA.COM\",\"isPartOf\":{\"@id\":\"https:\\\/\\\/shopatoa.com\\\/ro\\\/#website\"},\"primaryImageOfPage\":{\"@id\":\"https:\\\/\\\/shopatoa.com\\\/ro\\\/grace-cole-set-cadou-balsam-pentru-picioare-si-sosete-praline-vanilie\\\/#primaryimage\"},\"image\":{\"@id\":\"https:\\\/\\\/shopatoa.com\\\/ro\\\/grace-cole-set-cadou-balsam-pentru-picioare-si-sosete-praline-vanilie\\\/#primaryimage\"},\"thumbnailUrl\":\"https:\\\/\\\/storage.googleapis.com\\\/cz-shopatoa-img\\\/ro\\\/3405ec82-unnamed-file.webp\",\"datePublished\":\"2025-04-27T07:16:11+00:00\",\"dateModified\":\"2025-11-11T19:24:21+00:00\",\"breadcrumb\":{\"@id\":\"https:\\\/\\\/shopatoa.com\\\/ro\\\/grace-cole-set-cadou-balsam-pentru-picioare-si-sosete-praline-vanilie\\\/#breadcrumb\"},\"inLanguage\":\"ro-RO\",\"potentialAction\":[{\"@type\":\"ReadAction\",\"target\":[\"https:\\\/\\\/shopatoa.com\\\/ro\\\/grace-cole-set-cadou-balsam-pentru-picioare-si-sosete-praline-vanilie\\\/\"]}]},{\"@type\":\"ImageObject\",\"inLanguage\":\"ro-RO\",\"@id\":\"https:\\\/\\\/shopatoa.com\\\/ro\\\/grace-cole-set-cadou-balsam-pentru-picioare-si-sosete-praline-vanilie\\\/#primaryimage\",\"url\":\"https:\\\/\\\/storage.googleapis.com\\\/cz-shopatoa-img\\\/ro\\\/3405ec82-unnamed-file.webp\",\"contentUrl\":\"https:\\\/\\\/storage.googleapis.com\\\/cz-shopatoa-img\\\/ro\\\/3405ec82-unnamed-file.webp\",\"width\":800,\"height\":800},{\"@type\":\"BreadcrumbList\",\"@id\":\"https:\\\/\\\/shopatoa.com\\\/ro\\\/grace-cole-set-cadou-balsam-pentru-picioare-si-sosete-praline-vanilie\\\/#breadcrumb\",\"itemListElement\":[{\"@type\":\"ListItem\",\"position\":1,\"name\":\"Dom\u016f\",\"item\":\"https:\\\/\\\/shopatoa.com\\\/ro\\\/\"},{\"@type\":\"ListItem\",\"position\":2,\"name\":\"Shop\",\"item\":\"https:\\\/\\\/shopatoa.com\\\/ro\\\/shop\\\/\"},{\"@type\":\"ListItem\",\"position\":3,\"name\":\"Cosmetice\",\"item\":\"https:\\\/\\\/shopatoa.com\\\/ro\\\/cosmetice\\\/\"},{\"@type\":\"ListItem\",\"position\":4,\"name\":\"Produse cosmetice pentru corp\",\"item\":\"https:\\\/\\\/shopatoa.com\\\/ro\\\/produse-cosmetice-pentru-corp\\\/\"},{\"@type\":\"ListItem\",\"position\":5,\"name\":\"Produse cosmetice pentru \u00eengrijirea picioarelor\",\"item\":\"https:\\\/\\\/shopatoa.com\\\/ro\\\/produse-cosmetice-pentru-ingrijirea-picioarelor\\\/\"},{\"@type\":\"ListItem\",\"position\":6,\"name\":\"Cosmetice pentru picioare\",\"item\":\"https:\\\/\\\/shopatoa.com\\\/ro\\\/cosmetice-pentru-picioare\\\/\"},{\"@type\":\"ListItem\",\"position\":7,\"name\":\"Grace Cole Set cadou Balsam pentru picioare \u0219i \u0219osete Praline &amp; Vanilie\"}]},{\"@type\":\"WebSite\",\"@id\":\"https:\\\/\\\/shopatoa.com\\\/ro\\\/#website\",\"url\":\"https:\\\/\\\/shopatoa.com\\\/ro\\\/\",\"name\":\"SHOPATOA\",\"description\":\"\",\"publisher\":{\"@id\":\"https:\\\/\\\/shopatoa.com\\\/ro\\\/#organization\"},\"potentialAction\":[{\"@type\":\"SearchAction\",\"target\":{\"@type\":\"EntryPoint\",\"urlTemplate\":\"https:\\\/\\\/shopatoa.com\\\/ro\\\/?s={search_term_string}\"},\"query-input\":{\"@type\":\"PropertyValueSpecification\",\"valueRequired\":true,\"valueName\":\"search_term_string\"}}],\"inLanguage\":\"ro-RO\"},{\"@type\":\"Organization\",\"@id\":\"https:\\\/\\\/shopatoa.com\\\/ro\\\/#organization\",\"name\":\"SHOPATOA\",\"url\":\"https:\\\/\\\/shopatoa.com\\\/ro\\\/\",\"logo\":{\"@type\":\"ImageObject\",\"inLanguage\":\"ro-RO\",\"@id\":\"https:\\\/\\\/shopatoa.com\\\/ro\\\/#\\\/schema\\\/logo\\\/image\\\/\",\"url\":\"https:\\\/\\\/storage.googleapis.com\\\/cz-shopatoa-img\\\/ro\\\/b4dac915-shopatoa_logo.png\",\"contentUrl\":\"https:\\\/\\\/storage.googleapis.com\\\/cz-shopatoa-img\\\/ro\\\/b4dac915-shopatoa_logo.png\",\"width\":416,\"height\":63,\"caption\":\"SHOPATOA\"},\"image\":{\"@id\":\"https:\\\/\\\/shopatoa.com\\\/ro\\\/#\\\/schema\\\/logo\\\/image\\\/\"}}]}<\/script>\n<!-- \/ Yoast SEO plugin. -->","yoast_head_json":{"title":"Grace Cole Set cadou Balsam pentru picioare \u0219i \u0219osete Praline & Vanilie - SHOPATOA.COM","robots":{"index":"index","follow":"follow","max-snippet":"max-snippet:-1","max-image-preview":"max-image-preview:large","max-video-preview":"max-video-preview:-1"},"canonical":"https:\/\/shopatoa.com\/ro\/grace-cole-set-cadou-balsam-pentru-picioare-si-sosete-praline-vanilie\/","og_locale":"ro_RO","og_type":"article","og_title":"Grace Cole Set cadou Balsam pentru picioare \u0219i \u0219osete Praline & Vanilie - SHOPATOA.COM","og_description":"Setul con\u021bine: Balsam pentru picioare 100 ml \u0218osete Balsam pentru picioare Balsam pentru picioare pentru relaxarea picioarelor obosite \u00een zilele de iarn\u0103. Utilizare: Aplica\u021bi pe picioare \u0219i l\u0103sa\u021bi s\u0103 se absoarb\u0103. Pralina &amp; Vanilie R\u0103sf\u0103\u021ba\u021bi-v\u0103 picioarele cu acest balsam bogat \u0219i cremos pentru picioare, care hidrateaz\u0103 \u0219i hr\u0103ne\u0219te \u00een profunzime pielea uscat\u0103, \u00een special \u00een...","og_url":"https:\/\/shopatoa.com\/ro\/grace-cole-set-cadou-balsam-pentru-picioare-si-sosete-praline-vanilie\/","og_site_name":"SHOPATOA","article_modified_time":"2025-11-11T19:24:21+00:00","og_image":[{"width":800,"height":800,"url":"https:\/\/storage.googleapis.com\/cz-shopatoa-img\/ro\/3405ec82-unnamed-file.webp","type":"image\/webp"}],"twitter_card":"summary_large_image","twitter_misc":{"Timp estimat pentru citire":"1 minut"},"schema":{"@context":"https:\/\/schema.org","@graph":[{"@type":"WebPage","@id":"https:\/\/shopatoa.com\/ro\/grace-cole-set-cadou-balsam-pentru-picioare-si-sosete-praline-vanilie\/","url":"https:\/\/shopatoa.com\/ro\/grace-cole-set-cadou-balsam-pentru-picioare-si-sosete-praline-vanilie\/","name":"Grace Cole Set cadou Balsam pentru picioare \u0219i \u0219osete Praline & Vanilie - SHOPATOA.COM","isPartOf":{"@id":"https:\/\/shopatoa.com\/ro\/#website"},"primaryImageOfPage":{"@id":"https:\/\/shopatoa.com\/ro\/grace-cole-set-cadou-balsam-pentru-picioare-si-sosete-praline-vanilie\/#primaryimage"},"image":{"@id":"https:\/\/shopatoa.com\/ro\/grace-cole-set-cadou-balsam-pentru-picioare-si-sosete-praline-vanilie\/#primaryimage"},"thumbnailUrl":"https:\/\/storage.googleapis.com\/cz-shopatoa-img\/ro\/3405ec82-unnamed-file.webp","datePublished":"2025-04-27T07:16:11+00:00","dateModified":"2025-11-11T19:24:21+00:00","breadcrumb":{"@id":"https:\/\/shopatoa.com\/ro\/grace-cole-set-cadou-balsam-pentru-picioare-si-sosete-praline-vanilie\/#breadcrumb"},"inLanguage":"ro-RO","potentialAction":[{"@type":"ReadAction","target":["https:\/\/shopatoa.com\/ro\/grace-cole-set-cadou-balsam-pentru-picioare-si-sosete-praline-vanilie\/"]}]},{"@type":"ImageObject","inLanguage":"ro-RO","@id":"https:\/\/shopatoa.com\/ro\/grace-cole-set-cadou-balsam-pentru-picioare-si-sosete-praline-vanilie\/#primaryimage","url":"https:\/\/storage.googleapis.com\/cz-shopatoa-img\/ro\/3405ec82-unnamed-file.webp","contentUrl":"https:\/\/storage.googleapis.com\/cz-shopatoa-img\/ro\/3405ec82-unnamed-file.webp","width":800,"height":800},{"@type":"BreadcrumbList","@id":"https:\/\/shopatoa.com\/ro\/grace-cole-set-cadou-balsam-pentru-picioare-si-sosete-praline-vanilie\/#breadcrumb","itemListElement":[{"@type":"ListItem","position":1,"name":"Dom\u016f","item":"https:\/\/shopatoa.com\/ro\/"},{"@type":"ListItem","position":2,"name":"Shop","item":"https:\/\/shopatoa.com\/ro\/shop\/"},{"@type":"ListItem","position":3,"name":"Cosmetice","item":"https:\/\/shopatoa.com\/ro\/cosmetice\/"},{"@type":"ListItem","position":4,"name":"Produse cosmetice pentru corp","item":"https:\/\/shopatoa.com\/ro\/produse-cosmetice-pentru-corp\/"},{"@type":"ListItem","position":5,"name":"Produse cosmetice pentru \u00eengrijirea picioarelor","item":"https:\/\/shopatoa.com\/ro\/produse-cosmetice-pentru-ingrijirea-picioarelor\/"},{"@type":"ListItem","position":6,"name":"Cosmetice pentru picioare","item":"https:\/\/shopatoa.com\/ro\/cosmetice-pentru-picioare\/"},{"@type":"ListItem","position":7,"name":"Grace Cole Set cadou Balsam pentru picioare \u0219i \u0219osete Praline &amp; Vanilie"}]},{"@type":"WebSite","@id":"https:\/\/shopatoa.com\/ro\/#website","url":"https:\/\/shopatoa.com\/ro\/","name":"SHOPATOA","description":"","publisher":{"@id":"https:\/\/shopatoa.com\/ro\/#organization"},"potentialAction":[{"@type":"SearchAction","target":{"@type":"EntryPoint","urlTemplate":"https:\/\/shopatoa.com\/ro\/?s={search_term_string}"},"query-input":{"@type":"PropertyValueSpecification","valueRequired":true,"valueName":"search_term_string"}}],"inLanguage":"ro-RO"},{"@type":"Organization","@id":"https:\/\/shopatoa.com\/ro\/#organization","name":"SHOPATOA","url":"https:\/\/shopatoa.com\/ro\/","logo":{"@type":"ImageObject","inLanguage":"ro-RO","@id":"https:\/\/shopatoa.com\/ro\/#\/schema\/logo\/image\/","url":"https:\/\/storage.googleapis.com\/cz-shopatoa-img\/ro\/b4dac915-shopatoa_logo.png","contentUrl":"https:\/\/storage.googleapis.com\/cz-shopatoa-img\/ro\/b4dac915-shopatoa_logo.png","width":416,"height":63,"caption":"SHOPATOA"},"image":{"@id":"https:\/\/shopatoa.com\/ro\/#\/schema\/logo\/image\/"}}]}},"_links":{"self":[{"href":"https:\/\/shopatoa.com\/ro\/wp-json\/wp\/v2\/product\/261226","targetHints":{"allow":["GET"]}}],"collection":[{"href":"https:\/\/shopatoa.com\/ro\/wp-json\/wp\/v2\/product"}],"about":[{"href":"https:\/\/shopatoa.com\/ro\/wp-json\/wp\/v2\/types\/product"}],"replies":[{"embeddable":true,"href":"https:\/\/shopatoa.com\/ro\/wp-json\/wp\/v2\/comments?post=261226"}],"wp:featuredmedia":[{"embeddable":true,"href":"https:\/\/shopatoa.com\/ro\/wp-json\/wp\/v2\/media\/337715"}],"wp:attachment":[{"href":"https:\/\/shopatoa.com\/ro\/wp-json\/wp\/v2\/media?parent=261226"}],"wp:term":[{"taxonomy":"product_brand","embeddable":true,"href":"https:\/\/shopatoa.com\/ro\/wp-json\/wp\/v2\/product_brand?post=261226"},{"taxonomy":"product_cat","embeddable":true,"href":"https:\/\/shopatoa.com\/ro\/wp-json\/wp\/v2\/product_cat?post=261226"},{"taxonomy":"product_tag","embeddable":true,"href":"https:\/\/shopatoa.com\/ro\/wp-json\/wp\/v2\/product_tag?post=261226"}],"curies":[{"name":"wp","href":"https:\/\/api.w.org\/{rel}","templated":true}]}}