{"id":261231,"date":"2025-04-27T09:16:53","date_gmt":"2025-04-27T07:16:53","guid":{"rendered":"https:\/\/shopatoa.com\/ro\/grace-cole-set-cadou-pentru-ingrijirea-mainilor-trandafir-si-bujor-2-buc\/"},"modified":"2025-05-17T00:45:33","modified_gmt":"2025-05-16T22:45:33","slug":"grace-cole-set-cadou-pentru-ingrijirea-mainilor-trandafir-si-bujor-2-buc","status":"publish","type":"product","link":"https:\/\/shopatoa.com\/ro\/grace-cole-set-cadou-pentru-ingrijirea-mainilor-trandafir-si-bujor-2-buc\/","title":{"rendered":"Grace Cole Set cadou pentru \u00eengrijirea m\u00e2inilor Trandafir \u0219i Bujor 2 buc"},"content":{"rendered":"<p>Setul con\u021bine: S\u0103pun lichid pentru m\u00e2ini 300 ml Crem\u0103 pentru m\u00e2ini \u0219i unghii 300 ml S\u0103pun lichid pentru m\u00e2ini Cur\u0103\u021b\u0103 delicat pielea m\u00e2inilor, l\u0103s\u00e2nd-o moale \u0219i frumos parfumat\u0103. Utilizare: Aplica\u021bi pe m\u00e2inile umede, spuma\u021bi \u0219i cl\u0103ti\u021bi bine. Crem\u0103 de m\u00e2ini \u0219i unghii Ofer\u0103 hidratarea \u0219i nutri\u021bia necesar\u0103 pielii. Amelioreaz\u0103 senza\u021bia de usc\u0103ciune. Las\u0103 pielea moale, supl\u0103 \u0219i pl\u0103cut parfumat\u0103. Utilizare: Aplica\u021bi pe pielea uscat\u0103 \u0219i curat\u0103, masa\u021bi p\u00e2n\u0103 la absorb\u021bie. Acest set cadou \u00eengrije\u0219te intens pielea m\u00e2inilor \u0219i, datorit\u0103 pompelor practice \u0219i designului delicat, se potrive\u0219te perfect ca un plus elegant \u0219i practic pentru baia dvs. Numai pentru uz extern. Evita\u021bi contactul cu ochii \u0219i zona din jurul acestora. \u00centrerupe\u021bi utilizarea la orice semn de iritare. Vegan &#038; Cruelty-Free.<\/p>\n","protected":false},"excerpt":{"rendered":"<p>Setul con\u021bine: S\u0103pun lichid pentru m\u00e2ini 300 ml Crem\u0103 pentru m\u00e2ini \u0219i unghii 300 ml S\u0103pun lichid pentru m\u00e2ini Cur\u0103\u021b\u0103 delicat pielea m\u00e2inilor, l\u0103s\u00e2nd-o moale \u0219i frumos parfumat\u0103. Utilizare: Aplica\u021bi pe m\u00e2inile umede, spuma\u021bi \u0219i cl\u0103ti\u021bi bine. Crem\u0103 de m\u00e2ini \u0219i unghii Ofer\u0103 hidratarea \u0219i nutri\u021bia necesar\u0103 pielii. Amelioreaz\u0103 senza\u021bia de usc\u0103ciune. Las\u0103 pielea moale,&#8230;<\/p>\n","protected":false},"featured_media":337720,"comment_status":"closed","ping_status":"open","template":"","meta":{"_acf_changed":false,"_kadence_starter_templates_imported_post":false,"_kad_post_transparent":"","_kad_post_title":"","_kad_post_layout":"","_kad_post_sidebar_id":"","_kad_post_content_style":"","_kad_post_vertical_padding":"","_kad_post_feature":"","_kad_post_feature_position":"","_kad_post_header":false,"_kad_post_footer":false,"_kad_post_classname":""},"product_brand":[984],"product_cat":[246,641,611],"product_tag":[],"class_list":{"0":"post-261231","1":"product","2":"type-product","3":"status-publish","4":"has-post-thumbnail","6":"product_brand-grace-cole","7":"product_cat-cosmetice","8":"product_cat-cosmetice-pentru-dus-si-baie","9":"product_cat-produse-cosmetice-pentru-corp","11":"first","12":"instock","13":"product-type-external","14":"entry","15":"content-bg","16":"loop-entry"},"acf":[],"yoast_head":"<!-- This site is optimized with the Yoast SEO plugin v27.4 - https:\/\/yoast.com\/product\/yoast-seo-wordpress\/ -->\n<title>Grace Cole Set cadou pentru \u00eengrijirea m\u00e2inilor Trandafir \u0219i Bujor 2 buc - SHOPATOA.COM<\/title>\n<meta name=\"robots\" content=\"index, follow, max-snippet:-1, max-image-preview:large, max-video-preview:-1\" \/>\n<link rel=\"canonical\" href=\"https:\/\/shopatoa.com\/ro\/grace-cole-set-cadou-pentru-ingrijirea-mainilor-trandafir-si-bujor-2-buc\/\" \/>\n<meta property=\"og:locale\" content=\"ro_RO\" \/>\n<meta property=\"og:type\" content=\"article\" \/>\n<meta property=\"og:title\" content=\"Grace Cole Set cadou pentru \u00eengrijirea m\u00e2inilor Trandafir \u0219i Bujor 2 buc - SHOPATOA.COM\" \/>\n<meta property=\"og:description\" content=\"Setul con\u021bine: S\u0103pun lichid pentru m\u00e2ini 300 ml Crem\u0103 pentru m\u00e2ini \u0219i unghii 300 ml S\u0103pun lichid pentru m\u00e2ini Cur\u0103\u021b\u0103 delicat pielea m\u00e2inilor, l\u0103s\u00e2nd-o moale \u0219i frumos parfumat\u0103. Utilizare: Aplica\u021bi pe m\u00e2inile umede, spuma\u021bi \u0219i cl\u0103ti\u021bi bine. Crem\u0103 de m\u00e2ini \u0219i unghii Ofer\u0103 hidratarea \u0219i nutri\u021bia necesar\u0103 pielii. Amelioreaz\u0103 senza\u021bia de usc\u0103ciune. Las\u0103 pielea moale,...\" \/>\n<meta property=\"og:url\" content=\"https:\/\/shopatoa.com\/ro\/grace-cole-set-cadou-pentru-ingrijirea-mainilor-trandafir-si-bujor-2-buc\/\" \/>\n<meta property=\"og:site_name\" content=\"SHOPATOA\" \/>\n<meta property=\"article:modified_time\" content=\"2025-05-16T22:45:33+00:00\" \/>\n<meta property=\"og:image\" content=\"https:\/\/storage.googleapis.com\/cz-shopatoa-img\/ro\/90a938ac-unnamed-file.webp\" \/>\n\t<meta property=\"og:image:width\" content=\"800\" \/>\n\t<meta property=\"og:image:height\" content=\"800\" \/>\n\t<meta property=\"og:image:type\" content=\"image\/webp\" \/>\n<meta name=\"twitter:card\" content=\"summary_large_image\" \/>\n<meta name=\"twitter:label1\" content=\"Timp estimat pentru citire\" \/>\n\t<meta name=\"twitter:data1\" content=\"1 minut\" \/>\n<script type=\"application\/ld+json\" class=\"yoast-schema-graph\">{\"@context\":\"https:\\\/\\\/schema.org\",\"@graph\":[{\"@type\":\"WebPage\",\"@id\":\"https:\\\/\\\/shopatoa.com\\\/ro\\\/grace-cole-set-cadou-pentru-ingrijirea-mainilor-trandafir-si-bujor-2-buc\\\/\",\"url\":\"https:\\\/\\\/shopatoa.com\\\/ro\\\/grace-cole-set-cadou-pentru-ingrijirea-mainilor-trandafir-si-bujor-2-buc\\\/\",\"name\":\"Grace Cole Set cadou pentru \u00eengrijirea m\u00e2inilor Trandafir \u0219i Bujor 2 buc - SHOPATOA.COM\",\"isPartOf\":{\"@id\":\"https:\\\/\\\/shopatoa.com\\\/ro\\\/#website\"},\"primaryImageOfPage\":{\"@id\":\"https:\\\/\\\/shopatoa.com\\\/ro\\\/grace-cole-set-cadou-pentru-ingrijirea-mainilor-trandafir-si-bujor-2-buc\\\/#primaryimage\"},\"image\":{\"@id\":\"https:\\\/\\\/shopatoa.com\\\/ro\\\/grace-cole-set-cadou-pentru-ingrijirea-mainilor-trandafir-si-bujor-2-buc\\\/#primaryimage\"},\"thumbnailUrl\":\"https:\\\/\\\/storage.googleapis.com\\\/cz-shopatoa-img\\\/ro\\\/90a938ac-unnamed-file.webp\",\"datePublished\":\"2025-04-27T07:16:53+00:00\",\"dateModified\":\"2025-05-16T22:45:33+00:00\",\"breadcrumb\":{\"@id\":\"https:\\\/\\\/shopatoa.com\\\/ro\\\/grace-cole-set-cadou-pentru-ingrijirea-mainilor-trandafir-si-bujor-2-buc\\\/#breadcrumb\"},\"inLanguage\":\"ro-RO\",\"potentialAction\":[{\"@type\":\"ReadAction\",\"target\":[\"https:\\\/\\\/shopatoa.com\\\/ro\\\/grace-cole-set-cadou-pentru-ingrijirea-mainilor-trandafir-si-bujor-2-buc\\\/\"]}]},{\"@type\":\"ImageObject\",\"inLanguage\":\"ro-RO\",\"@id\":\"https:\\\/\\\/shopatoa.com\\\/ro\\\/grace-cole-set-cadou-pentru-ingrijirea-mainilor-trandafir-si-bujor-2-buc\\\/#primaryimage\",\"url\":\"https:\\\/\\\/storage.googleapis.com\\\/cz-shopatoa-img\\\/ro\\\/90a938ac-unnamed-file.webp\",\"contentUrl\":\"https:\\\/\\\/storage.googleapis.com\\\/cz-shopatoa-img\\\/ro\\\/90a938ac-unnamed-file.webp\",\"width\":800,\"height\":800},{\"@type\":\"BreadcrumbList\",\"@id\":\"https:\\\/\\\/shopatoa.com\\\/ro\\\/grace-cole-set-cadou-pentru-ingrijirea-mainilor-trandafir-si-bujor-2-buc\\\/#breadcrumb\",\"itemListElement\":[{\"@type\":\"ListItem\",\"position\":1,\"name\":\"Dom\u016f\",\"item\":\"https:\\\/\\\/shopatoa.com\\\/ro\\\/\"},{\"@type\":\"ListItem\",\"position\":2,\"name\":\"Shop\",\"item\":\"https:\\\/\\\/shopatoa.com\\\/ro\\\/shop\\\/\"},{\"@type\":\"ListItem\",\"position\":3,\"name\":\"Cosmetice\",\"item\":\"https:\\\/\\\/shopatoa.com\\\/ro\\\/cosmetice\\\/\"},{\"@type\":\"ListItem\",\"position\":4,\"name\":\"Produse cosmetice pentru corp\",\"item\":\"https:\\\/\\\/shopatoa.com\\\/ro\\\/produse-cosmetice-pentru-corp\\\/\"},{\"@type\":\"ListItem\",\"position\":5,\"name\":\"Cosmetice pentru du\u0219 \u0219i baie\",\"item\":\"https:\\\/\\\/shopatoa.com\\\/ro\\\/cosmetice-pentru-dus-si-baie\\\/\"},{\"@type\":\"ListItem\",\"position\":6,\"name\":\"Grace Cole Set cadou pentru \u00eengrijirea m\u00e2inilor Trandafir \u0219i Bujor 2 buc\"}]},{\"@type\":\"WebSite\",\"@id\":\"https:\\\/\\\/shopatoa.com\\\/ro\\\/#website\",\"url\":\"https:\\\/\\\/shopatoa.com\\\/ro\\\/\",\"name\":\"SHOPATOA\",\"description\":\"\",\"publisher\":{\"@id\":\"https:\\\/\\\/shopatoa.com\\\/ro\\\/#organization\"},\"potentialAction\":[{\"@type\":\"SearchAction\",\"target\":{\"@type\":\"EntryPoint\",\"urlTemplate\":\"https:\\\/\\\/shopatoa.com\\\/ro\\\/?s={search_term_string}\"},\"query-input\":{\"@type\":\"PropertyValueSpecification\",\"valueRequired\":true,\"valueName\":\"search_term_string\"}}],\"inLanguage\":\"ro-RO\"},{\"@type\":\"Organization\",\"@id\":\"https:\\\/\\\/shopatoa.com\\\/ro\\\/#organization\",\"name\":\"SHOPATOA\",\"url\":\"https:\\\/\\\/shopatoa.com\\\/ro\\\/\",\"logo\":{\"@type\":\"ImageObject\",\"inLanguage\":\"ro-RO\",\"@id\":\"https:\\\/\\\/shopatoa.com\\\/ro\\\/#\\\/schema\\\/logo\\\/image\\\/\",\"url\":\"https:\\\/\\\/storage.googleapis.com\\\/cz-shopatoa-img\\\/ro\\\/b4dac915-shopatoa_logo.png\",\"contentUrl\":\"https:\\\/\\\/storage.googleapis.com\\\/cz-shopatoa-img\\\/ro\\\/b4dac915-shopatoa_logo.png\",\"width\":416,\"height\":63,\"caption\":\"SHOPATOA\"},\"image\":{\"@id\":\"https:\\\/\\\/shopatoa.com\\\/ro\\\/#\\\/schema\\\/logo\\\/image\\\/\"}}]}<\/script>\n<!-- \/ Yoast SEO plugin. -->","yoast_head_json":{"title":"Grace Cole Set cadou pentru \u00eengrijirea m\u00e2inilor Trandafir \u0219i Bujor 2 buc - SHOPATOA.COM","robots":{"index":"index","follow":"follow","max-snippet":"max-snippet:-1","max-image-preview":"max-image-preview:large","max-video-preview":"max-video-preview:-1"},"canonical":"https:\/\/shopatoa.com\/ro\/grace-cole-set-cadou-pentru-ingrijirea-mainilor-trandafir-si-bujor-2-buc\/","og_locale":"ro_RO","og_type":"article","og_title":"Grace Cole Set cadou pentru \u00eengrijirea m\u00e2inilor Trandafir \u0219i Bujor 2 buc - SHOPATOA.COM","og_description":"Setul con\u021bine: S\u0103pun lichid pentru m\u00e2ini 300 ml Crem\u0103 pentru m\u00e2ini \u0219i unghii 300 ml S\u0103pun lichid pentru m\u00e2ini Cur\u0103\u021b\u0103 delicat pielea m\u00e2inilor, l\u0103s\u00e2nd-o moale \u0219i frumos parfumat\u0103. Utilizare: Aplica\u021bi pe m\u00e2inile umede, spuma\u021bi \u0219i cl\u0103ti\u021bi bine. Crem\u0103 de m\u00e2ini \u0219i unghii Ofer\u0103 hidratarea \u0219i nutri\u021bia necesar\u0103 pielii. Amelioreaz\u0103 senza\u021bia de usc\u0103ciune. Las\u0103 pielea moale,...","og_url":"https:\/\/shopatoa.com\/ro\/grace-cole-set-cadou-pentru-ingrijirea-mainilor-trandafir-si-bujor-2-buc\/","og_site_name":"SHOPATOA","article_modified_time":"2025-05-16T22:45:33+00:00","og_image":[{"width":800,"height":800,"url":"https:\/\/storage.googleapis.com\/cz-shopatoa-img\/ro\/90a938ac-unnamed-file.webp","type":"image\/webp"}],"twitter_card":"summary_large_image","twitter_misc":{"Timp estimat pentru citire":"1 minut"},"schema":{"@context":"https:\/\/schema.org","@graph":[{"@type":"WebPage","@id":"https:\/\/shopatoa.com\/ro\/grace-cole-set-cadou-pentru-ingrijirea-mainilor-trandafir-si-bujor-2-buc\/","url":"https:\/\/shopatoa.com\/ro\/grace-cole-set-cadou-pentru-ingrijirea-mainilor-trandafir-si-bujor-2-buc\/","name":"Grace Cole Set cadou pentru \u00eengrijirea m\u00e2inilor Trandafir \u0219i Bujor 2 buc - SHOPATOA.COM","isPartOf":{"@id":"https:\/\/shopatoa.com\/ro\/#website"},"primaryImageOfPage":{"@id":"https:\/\/shopatoa.com\/ro\/grace-cole-set-cadou-pentru-ingrijirea-mainilor-trandafir-si-bujor-2-buc\/#primaryimage"},"image":{"@id":"https:\/\/shopatoa.com\/ro\/grace-cole-set-cadou-pentru-ingrijirea-mainilor-trandafir-si-bujor-2-buc\/#primaryimage"},"thumbnailUrl":"https:\/\/storage.googleapis.com\/cz-shopatoa-img\/ro\/90a938ac-unnamed-file.webp","datePublished":"2025-04-27T07:16:53+00:00","dateModified":"2025-05-16T22:45:33+00:00","breadcrumb":{"@id":"https:\/\/shopatoa.com\/ro\/grace-cole-set-cadou-pentru-ingrijirea-mainilor-trandafir-si-bujor-2-buc\/#breadcrumb"},"inLanguage":"ro-RO","potentialAction":[{"@type":"ReadAction","target":["https:\/\/shopatoa.com\/ro\/grace-cole-set-cadou-pentru-ingrijirea-mainilor-trandafir-si-bujor-2-buc\/"]}]},{"@type":"ImageObject","inLanguage":"ro-RO","@id":"https:\/\/shopatoa.com\/ro\/grace-cole-set-cadou-pentru-ingrijirea-mainilor-trandafir-si-bujor-2-buc\/#primaryimage","url":"https:\/\/storage.googleapis.com\/cz-shopatoa-img\/ro\/90a938ac-unnamed-file.webp","contentUrl":"https:\/\/storage.googleapis.com\/cz-shopatoa-img\/ro\/90a938ac-unnamed-file.webp","width":800,"height":800},{"@type":"BreadcrumbList","@id":"https:\/\/shopatoa.com\/ro\/grace-cole-set-cadou-pentru-ingrijirea-mainilor-trandafir-si-bujor-2-buc\/#breadcrumb","itemListElement":[{"@type":"ListItem","position":1,"name":"Dom\u016f","item":"https:\/\/shopatoa.com\/ro\/"},{"@type":"ListItem","position":2,"name":"Shop","item":"https:\/\/shopatoa.com\/ro\/shop\/"},{"@type":"ListItem","position":3,"name":"Cosmetice","item":"https:\/\/shopatoa.com\/ro\/cosmetice\/"},{"@type":"ListItem","position":4,"name":"Produse cosmetice pentru corp","item":"https:\/\/shopatoa.com\/ro\/produse-cosmetice-pentru-corp\/"},{"@type":"ListItem","position":5,"name":"Cosmetice pentru du\u0219 \u0219i baie","item":"https:\/\/shopatoa.com\/ro\/cosmetice-pentru-dus-si-baie\/"},{"@type":"ListItem","position":6,"name":"Grace Cole Set cadou pentru \u00eengrijirea m\u00e2inilor Trandafir \u0219i Bujor 2 buc"}]},{"@type":"WebSite","@id":"https:\/\/shopatoa.com\/ro\/#website","url":"https:\/\/shopatoa.com\/ro\/","name":"SHOPATOA","description":"","publisher":{"@id":"https:\/\/shopatoa.com\/ro\/#organization"},"potentialAction":[{"@type":"SearchAction","target":{"@type":"EntryPoint","urlTemplate":"https:\/\/shopatoa.com\/ro\/?s={search_term_string}"},"query-input":{"@type":"PropertyValueSpecification","valueRequired":true,"valueName":"search_term_string"}}],"inLanguage":"ro-RO"},{"@type":"Organization","@id":"https:\/\/shopatoa.com\/ro\/#organization","name":"SHOPATOA","url":"https:\/\/shopatoa.com\/ro\/","logo":{"@type":"ImageObject","inLanguage":"ro-RO","@id":"https:\/\/shopatoa.com\/ro\/#\/schema\/logo\/image\/","url":"https:\/\/storage.googleapis.com\/cz-shopatoa-img\/ro\/b4dac915-shopatoa_logo.png","contentUrl":"https:\/\/storage.googleapis.com\/cz-shopatoa-img\/ro\/b4dac915-shopatoa_logo.png","width":416,"height":63,"caption":"SHOPATOA"},"image":{"@id":"https:\/\/shopatoa.com\/ro\/#\/schema\/logo\/image\/"}}]}},"_links":{"self":[{"href":"https:\/\/shopatoa.com\/ro\/wp-json\/wp\/v2\/product\/261231","targetHints":{"allow":["GET"]}}],"collection":[{"href":"https:\/\/shopatoa.com\/ro\/wp-json\/wp\/v2\/product"}],"about":[{"href":"https:\/\/shopatoa.com\/ro\/wp-json\/wp\/v2\/types\/product"}],"replies":[{"embeddable":true,"href":"https:\/\/shopatoa.com\/ro\/wp-json\/wp\/v2\/comments?post=261231"}],"wp:featuredmedia":[{"embeddable":true,"href":"https:\/\/shopatoa.com\/ro\/wp-json\/wp\/v2\/media\/337720"}],"wp:attachment":[{"href":"https:\/\/shopatoa.com\/ro\/wp-json\/wp\/v2\/media?parent=261231"}],"wp:term":[{"taxonomy":"product_brand","embeddable":true,"href":"https:\/\/shopatoa.com\/ro\/wp-json\/wp\/v2\/product_brand?post=261231"},{"taxonomy":"product_cat","embeddable":true,"href":"https:\/\/shopatoa.com\/ro\/wp-json\/wp\/v2\/product_cat?post=261231"},{"taxonomy":"product_tag","embeddable":true,"href":"https:\/\/shopatoa.com\/ro\/wp-json\/wp\/v2\/product_tag?post=261231"}],"curies":[{"name":"wp","href":"https:\/\/api.w.org\/{rel}","templated":true}]}}