{"id":261237,"date":"2025-04-27T09:20:40","date_gmt":"2025-04-27T07:20:40","guid":{"rendered":"https:\/\/shopatoa.com\/ro\/grace-cole-cristale-de-baie-vanilie-bath-crystals-600-g\/"},"modified":"2025-05-17T00:46:36","modified_gmt":"2025-05-16T22:46:36","slug":"grace-cole-cristale-de-baie-vanilie-bath-crystals-600-g","status":"publish","type":"product","link":"https:\/\/shopatoa.com\/ro\/grace-cole-cristale-de-baie-vanilie-bath-crystals-600-g\/","title":{"rendered":"Grace Cole Cristale de baie Vanilie (Bath Crystals) 600 g"},"content":{"rendered":"<p>Ritual de relaxare senzual\u0103, r\u0103sf\u0103\u021ba\u021bi-v\u0103 pielea \u00eentregului corp in timpul ritualului de baie. Bucura\u021bi-v\u0103 de un moment de \u00eengrijire a pielii \u0219i \u00eembog\u0103\u021bi\u021bi-v\u0103 baia cu aroma minunat\u0103 a notelor calde de vanilie \u0219i migdale dulci, care se ascunde \u00een aceste cristale de baie. Parfumeaz\u0103 nu doar baia, ci \u0219i pielea \u00eentregului corp. Numai pentru uz extern. Evita\u021bi contactul cu ochii \u0219i zona din jurul acestora. \u00centrerupe\u021bi utilizarea la orice semn de iritare. Vegan &#038; Cruelty-Free.<\/p>\n","protected":false},"excerpt":{"rendered":"<p>Ritual de relaxare senzual\u0103, r\u0103sf\u0103\u021ba\u021bi-v\u0103 pielea \u00eentregului corp in timpul ritualului de baie. Bucura\u021bi-v\u0103 de un moment de \u00eengrijire a pielii \u0219i \u00eembog\u0103\u021bi\u021bi-v\u0103 baia cu aroma minunat\u0103 a notelor calde de vanilie \u0219i migdale dulci, care se ascunde \u00een aceste cristale de baie. Parfumeaz\u0103 nu doar baia, ci \u0219i pielea \u00eentregului corp. Numai pentru uz&#8230;<\/p>\n","protected":false},"featured_media":337726,"comment_status":"closed","ping_status":"open","template":"","meta":{"_acf_changed":false,"_kadence_starter_templates_imported_post":false,"_kad_post_transparent":"","_kad_post_title":"","_kad_post_layout":"","_kad_post_sidebar_id":"","_kad_post_content_style":"","_kad_post_vertical_padding":"","_kad_post_feature":"","_kad_post_feature_position":"","_kad_post_header":false,"_kad_post_footer":false,"_kad_post_classname":""},"product_brand":[984],"product_cat":[246,641,611],"product_tag":[],"class_list":{"0":"post-261237","1":"product","2":"type-product","3":"status-publish","4":"has-post-thumbnail","6":"product_brand-grace-cole","7":"product_cat-cosmetice","8":"product_cat-cosmetice-pentru-dus-si-baie","9":"product_cat-produse-cosmetice-pentru-corp","11":"first","12":"instock","13":"product-type-external","14":"entry","15":"content-bg","16":"loop-entry"},"acf":[],"yoast_head":"<!-- This site is optimized with the Yoast SEO plugin v27.4 - https:\/\/yoast.com\/product\/yoast-seo-wordpress\/ -->\n<title>Grace Cole Cristale de baie Vanilie (Bath Crystals) 600 g - SHOPATOA.COM<\/title>\n<meta name=\"robots\" content=\"index, follow, max-snippet:-1, max-image-preview:large, max-video-preview:-1\" \/>\n<link rel=\"canonical\" href=\"https:\/\/shopatoa.com\/ro\/grace-cole-cristale-de-baie-vanilie-bath-crystals-600-g\/\" \/>\n<meta property=\"og:locale\" content=\"ro_RO\" \/>\n<meta property=\"og:type\" content=\"article\" \/>\n<meta property=\"og:title\" content=\"Grace Cole Cristale de baie Vanilie (Bath Crystals) 600 g - SHOPATOA.COM\" \/>\n<meta property=\"og:description\" content=\"Ritual de relaxare senzual\u0103, r\u0103sf\u0103\u021ba\u021bi-v\u0103 pielea \u00eentregului corp in timpul ritualului de baie. Bucura\u021bi-v\u0103 de un moment de \u00eengrijire a pielii \u0219i \u00eembog\u0103\u021bi\u021bi-v\u0103 baia cu aroma minunat\u0103 a notelor calde de vanilie \u0219i migdale dulci, care se ascunde \u00een aceste cristale de baie. Parfumeaz\u0103 nu doar baia, ci \u0219i pielea \u00eentregului corp. Numai pentru uz...\" \/>\n<meta property=\"og:url\" content=\"https:\/\/shopatoa.com\/ro\/grace-cole-cristale-de-baie-vanilie-bath-crystals-600-g\/\" \/>\n<meta property=\"og:site_name\" content=\"SHOPATOA\" \/>\n<meta property=\"article:modified_time\" content=\"2025-05-16T22:46:36+00:00\" \/>\n<meta property=\"og:image\" content=\"https:\/\/storage.googleapis.com\/cz-shopatoa-img\/ro\/fe1a065a-unnamed-file.webp\" \/>\n\t<meta property=\"og:image:width\" content=\"800\" \/>\n\t<meta property=\"og:image:height\" content=\"800\" \/>\n\t<meta property=\"og:image:type\" content=\"image\/webp\" \/>\n<meta name=\"twitter:card\" content=\"summary_large_image\" \/>\n<script type=\"application\/ld+json\" class=\"yoast-schema-graph\">{\"@context\":\"https:\\\/\\\/schema.org\",\"@graph\":[{\"@type\":\"WebPage\",\"@id\":\"https:\\\/\\\/shopatoa.com\\\/ro\\\/grace-cole-cristale-de-baie-vanilie-bath-crystals-600-g\\\/\",\"url\":\"https:\\\/\\\/shopatoa.com\\\/ro\\\/grace-cole-cristale-de-baie-vanilie-bath-crystals-600-g\\\/\",\"name\":\"Grace Cole Cristale de baie Vanilie (Bath Crystals) 600 g - SHOPATOA.COM\",\"isPartOf\":{\"@id\":\"https:\\\/\\\/shopatoa.com\\\/ro\\\/#website\"},\"primaryImageOfPage\":{\"@id\":\"https:\\\/\\\/shopatoa.com\\\/ro\\\/grace-cole-cristale-de-baie-vanilie-bath-crystals-600-g\\\/#primaryimage\"},\"image\":{\"@id\":\"https:\\\/\\\/shopatoa.com\\\/ro\\\/grace-cole-cristale-de-baie-vanilie-bath-crystals-600-g\\\/#primaryimage\"},\"thumbnailUrl\":\"https:\\\/\\\/storage.googleapis.com\\\/cz-shopatoa-img\\\/ro\\\/fe1a065a-unnamed-file.webp\",\"datePublished\":\"2025-04-27T07:20:40+00:00\",\"dateModified\":\"2025-05-16T22:46:36+00:00\",\"breadcrumb\":{\"@id\":\"https:\\\/\\\/shopatoa.com\\\/ro\\\/grace-cole-cristale-de-baie-vanilie-bath-crystals-600-g\\\/#breadcrumb\"},\"inLanguage\":\"ro-RO\",\"potentialAction\":[{\"@type\":\"ReadAction\",\"target\":[\"https:\\\/\\\/shopatoa.com\\\/ro\\\/grace-cole-cristale-de-baie-vanilie-bath-crystals-600-g\\\/\"]}]},{\"@type\":\"ImageObject\",\"inLanguage\":\"ro-RO\",\"@id\":\"https:\\\/\\\/shopatoa.com\\\/ro\\\/grace-cole-cristale-de-baie-vanilie-bath-crystals-600-g\\\/#primaryimage\",\"url\":\"https:\\\/\\\/storage.googleapis.com\\\/cz-shopatoa-img\\\/ro\\\/fe1a065a-unnamed-file.webp\",\"contentUrl\":\"https:\\\/\\\/storage.googleapis.com\\\/cz-shopatoa-img\\\/ro\\\/fe1a065a-unnamed-file.webp\",\"width\":800,\"height\":800},{\"@type\":\"BreadcrumbList\",\"@id\":\"https:\\\/\\\/shopatoa.com\\\/ro\\\/grace-cole-cristale-de-baie-vanilie-bath-crystals-600-g\\\/#breadcrumb\",\"itemListElement\":[{\"@type\":\"ListItem\",\"position\":1,\"name\":\"Dom\u016f\",\"item\":\"https:\\\/\\\/shopatoa.com\\\/ro\\\/\"},{\"@type\":\"ListItem\",\"position\":2,\"name\":\"Shop\",\"item\":\"https:\\\/\\\/shopatoa.com\\\/ro\\\/shop\\\/\"},{\"@type\":\"ListItem\",\"position\":3,\"name\":\"Cosmetice\",\"item\":\"https:\\\/\\\/shopatoa.com\\\/ro\\\/cosmetice\\\/\"},{\"@type\":\"ListItem\",\"position\":4,\"name\":\"Produse cosmetice pentru corp\",\"item\":\"https:\\\/\\\/shopatoa.com\\\/ro\\\/produse-cosmetice-pentru-corp\\\/\"},{\"@type\":\"ListItem\",\"position\":5,\"name\":\"Cosmetice pentru du\u0219 \u0219i baie\",\"item\":\"https:\\\/\\\/shopatoa.com\\\/ro\\\/cosmetice-pentru-dus-si-baie\\\/\"},{\"@type\":\"ListItem\",\"position\":6,\"name\":\"Grace Cole Cristale de baie Vanilie (Bath Crystals) 600 g\"}]},{\"@type\":\"WebSite\",\"@id\":\"https:\\\/\\\/shopatoa.com\\\/ro\\\/#website\",\"url\":\"https:\\\/\\\/shopatoa.com\\\/ro\\\/\",\"name\":\"SHOPATOA\",\"description\":\"\",\"publisher\":{\"@id\":\"https:\\\/\\\/shopatoa.com\\\/ro\\\/#organization\"},\"potentialAction\":[{\"@type\":\"SearchAction\",\"target\":{\"@type\":\"EntryPoint\",\"urlTemplate\":\"https:\\\/\\\/shopatoa.com\\\/ro\\\/?s={search_term_string}\"},\"query-input\":{\"@type\":\"PropertyValueSpecification\",\"valueRequired\":true,\"valueName\":\"search_term_string\"}}],\"inLanguage\":\"ro-RO\"},{\"@type\":\"Organization\",\"@id\":\"https:\\\/\\\/shopatoa.com\\\/ro\\\/#organization\",\"name\":\"SHOPATOA\",\"url\":\"https:\\\/\\\/shopatoa.com\\\/ro\\\/\",\"logo\":{\"@type\":\"ImageObject\",\"inLanguage\":\"ro-RO\",\"@id\":\"https:\\\/\\\/shopatoa.com\\\/ro\\\/#\\\/schema\\\/logo\\\/image\\\/\",\"url\":\"https:\\\/\\\/storage.googleapis.com\\\/cz-shopatoa-img\\\/ro\\\/b4dac915-shopatoa_logo.png\",\"contentUrl\":\"https:\\\/\\\/storage.googleapis.com\\\/cz-shopatoa-img\\\/ro\\\/b4dac915-shopatoa_logo.png\",\"width\":416,\"height\":63,\"caption\":\"SHOPATOA\"},\"image\":{\"@id\":\"https:\\\/\\\/shopatoa.com\\\/ro\\\/#\\\/schema\\\/logo\\\/image\\\/\"}}]}<\/script>\n<!-- \/ Yoast SEO plugin. -->","yoast_head_json":{"title":"Grace Cole Cristale de baie Vanilie (Bath Crystals) 600 g - SHOPATOA.COM","robots":{"index":"index","follow":"follow","max-snippet":"max-snippet:-1","max-image-preview":"max-image-preview:large","max-video-preview":"max-video-preview:-1"},"canonical":"https:\/\/shopatoa.com\/ro\/grace-cole-cristale-de-baie-vanilie-bath-crystals-600-g\/","og_locale":"ro_RO","og_type":"article","og_title":"Grace Cole Cristale de baie Vanilie (Bath Crystals) 600 g - SHOPATOA.COM","og_description":"Ritual de relaxare senzual\u0103, r\u0103sf\u0103\u021ba\u021bi-v\u0103 pielea \u00eentregului corp in timpul ritualului de baie. Bucura\u021bi-v\u0103 de un moment de \u00eengrijire a pielii \u0219i \u00eembog\u0103\u021bi\u021bi-v\u0103 baia cu aroma minunat\u0103 a notelor calde de vanilie \u0219i migdale dulci, care se ascunde \u00een aceste cristale de baie. Parfumeaz\u0103 nu doar baia, ci \u0219i pielea \u00eentregului corp. Numai pentru uz...","og_url":"https:\/\/shopatoa.com\/ro\/grace-cole-cristale-de-baie-vanilie-bath-crystals-600-g\/","og_site_name":"SHOPATOA","article_modified_time":"2025-05-16T22:46:36+00:00","og_image":[{"width":800,"height":800,"url":"https:\/\/storage.googleapis.com\/cz-shopatoa-img\/ro\/fe1a065a-unnamed-file.webp","type":"image\/webp"}],"twitter_card":"summary_large_image","schema":{"@context":"https:\/\/schema.org","@graph":[{"@type":"WebPage","@id":"https:\/\/shopatoa.com\/ro\/grace-cole-cristale-de-baie-vanilie-bath-crystals-600-g\/","url":"https:\/\/shopatoa.com\/ro\/grace-cole-cristale-de-baie-vanilie-bath-crystals-600-g\/","name":"Grace Cole Cristale de baie Vanilie (Bath Crystals) 600 g - SHOPATOA.COM","isPartOf":{"@id":"https:\/\/shopatoa.com\/ro\/#website"},"primaryImageOfPage":{"@id":"https:\/\/shopatoa.com\/ro\/grace-cole-cristale-de-baie-vanilie-bath-crystals-600-g\/#primaryimage"},"image":{"@id":"https:\/\/shopatoa.com\/ro\/grace-cole-cristale-de-baie-vanilie-bath-crystals-600-g\/#primaryimage"},"thumbnailUrl":"https:\/\/storage.googleapis.com\/cz-shopatoa-img\/ro\/fe1a065a-unnamed-file.webp","datePublished":"2025-04-27T07:20:40+00:00","dateModified":"2025-05-16T22:46:36+00:00","breadcrumb":{"@id":"https:\/\/shopatoa.com\/ro\/grace-cole-cristale-de-baie-vanilie-bath-crystals-600-g\/#breadcrumb"},"inLanguage":"ro-RO","potentialAction":[{"@type":"ReadAction","target":["https:\/\/shopatoa.com\/ro\/grace-cole-cristale-de-baie-vanilie-bath-crystals-600-g\/"]}]},{"@type":"ImageObject","inLanguage":"ro-RO","@id":"https:\/\/shopatoa.com\/ro\/grace-cole-cristale-de-baie-vanilie-bath-crystals-600-g\/#primaryimage","url":"https:\/\/storage.googleapis.com\/cz-shopatoa-img\/ro\/fe1a065a-unnamed-file.webp","contentUrl":"https:\/\/storage.googleapis.com\/cz-shopatoa-img\/ro\/fe1a065a-unnamed-file.webp","width":800,"height":800},{"@type":"BreadcrumbList","@id":"https:\/\/shopatoa.com\/ro\/grace-cole-cristale-de-baie-vanilie-bath-crystals-600-g\/#breadcrumb","itemListElement":[{"@type":"ListItem","position":1,"name":"Dom\u016f","item":"https:\/\/shopatoa.com\/ro\/"},{"@type":"ListItem","position":2,"name":"Shop","item":"https:\/\/shopatoa.com\/ro\/shop\/"},{"@type":"ListItem","position":3,"name":"Cosmetice","item":"https:\/\/shopatoa.com\/ro\/cosmetice\/"},{"@type":"ListItem","position":4,"name":"Produse cosmetice pentru corp","item":"https:\/\/shopatoa.com\/ro\/produse-cosmetice-pentru-corp\/"},{"@type":"ListItem","position":5,"name":"Cosmetice pentru du\u0219 \u0219i baie","item":"https:\/\/shopatoa.com\/ro\/cosmetice-pentru-dus-si-baie\/"},{"@type":"ListItem","position":6,"name":"Grace Cole Cristale de baie Vanilie (Bath Crystals) 600 g"}]},{"@type":"WebSite","@id":"https:\/\/shopatoa.com\/ro\/#website","url":"https:\/\/shopatoa.com\/ro\/","name":"SHOPATOA","description":"","publisher":{"@id":"https:\/\/shopatoa.com\/ro\/#organization"},"potentialAction":[{"@type":"SearchAction","target":{"@type":"EntryPoint","urlTemplate":"https:\/\/shopatoa.com\/ro\/?s={search_term_string}"},"query-input":{"@type":"PropertyValueSpecification","valueRequired":true,"valueName":"search_term_string"}}],"inLanguage":"ro-RO"},{"@type":"Organization","@id":"https:\/\/shopatoa.com\/ro\/#organization","name":"SHOPATOA","url":"https:\/\/shopatoa.com\/ro\/","logo":{"@type":"ImageObject","inLanguage":"ro-RO","@id":"https:\/\/shopatoa.com\/ro\/#\/schema\/logo\/image\/","url":"https:\/\/storage.googleapis.com\/cz-shopatoa-img\/ro\/b4dac915-shopatoa_logo.png","contentUrl":"https:\/\/storage.googleapis.com\/cz-shopatoa-img\/ro\/b4dac915-shopatoa_logo.png","width":416,"height":63,"caption":"SHOPATOA"},"image":{"@id":"https:\/\/shopatoa.com\/ro\/#\/schema\/logo\/image\/"}}]}},"_links":{"self":[{"href":"https:\/\/shopatoa.com\/ro\/wp-json\/wp\/v2\/product\/261237","targetHints":{"allow":["GET"]}}],"collection":[{"href":"https:\/\/shopatoa.com\/ro\/wp-json\/wp\/v2\/product"}],"about":[{"href":"https:\/\/shopatoa.com\/ro\/wp-json\/wp\/v2\/types\/product"}],"replies":[{"embeddable":true,"href":"https:\/\/shopatoa.com\/ro\/wp-json\/wp\/v2\/comments?post=261237"}],"wp:featuredmedia":[{"embeddable":true,"href":"https:\/\/shopatoa.com\/ro\/wp-json\/wp\/v2\/media\/337726"}],"wp:attachment":[{"href":"https:\/\/shopatoa.com\/ro\/wp-json\/wp\/v2\/media?parent=261237"}],"wp:term":[{"taxonomy":"product_brand","embeddable":true,"href":"https:\/\/shopatoa.com\/ro\/wp-json\/wp\/v2\/product_brand?post=261237"},{"taxonomy":"product_cat","embeddable":true,"href":"https:\/\/shopatoa.com\/ro\/wp-json\/wp\/v2\/product_cat?post=261237"},{"taxonomy":"product_tag","embeddable":true,"href":"https:\/\/shopatoa.com\/ro\/wp-json\/wp\/v2\/product_tag?post=261237"}],"curies":[{"name":"wp","href":"https:\/\/api.w.org\/{rel}","templated":true}]}}