{"id":261241,"date":"2025-04-27T09:21:14","date_gmt":"2025-04-27T07:21:14","guid":{"rendered":"https:\/\/shopatoa.com\/ro\/kiss-gene-artificiale-pentru-volum-natural-my-lash-but-better-03\/"},"modified":"2025-12-07T01:35:20","modified_gmt":"2025-12-07T00:35:20","slug":"kiss-gene-artificiale-pentru-volum-natural-my-lash-but-better-03","status":"publish","type":"product","link":"https:\/\/shopatoa.com\/ro\/kiss-gene-artificiale-pentru-volum-natural-my-lash-but-better-03\/","title":{"rendered":"KISS Gene artificiale pentru volum natural My Lash But Better 03"},"content":{"rendered":"<p>Genele artificiale My Lash But Better 03 sunt pline de ciorchini delicate \u00een form\u0103 de V care ofer\u0103 cantitatea ideal\u0103 de volum de zi cu zi ,astfel arat\u0103 natural. Genele sunt frumos voluminoase \u0219i u\u0219oare.<\/p>\n","protected":false},"excerpt":{"rendered":"<p>Genele artificiale My Lash But Better 03 sunt pline de ciorchini delicate \u00een form\u0103 de V care ofer\u0103 cantitatea ideal\u0103 de volum de zi cu zi ,astfel arat\u0103 natural. Genele sunt frumos voluminoase \u0219i u\u0219oare.<\/p>\n","protected":false},"featured_media":337730,"comment_status":"closed","ping_status":"open","template":"","meta":{"_acf_changed":false,"_kadence_starter_templates_imported_post":false,"_kad_post_transparent":"","_kad_post_title":"","_kad_post_layout":"","_kad_post_sidebar_id":"","_kad_post_content_style":"","_kad_post_vertical_padding":"","_kad_post_feature":"","_kad_post_feature_position":"","_kad_post_header":false,"_kad_post_footer":false,"_kad_post_classname":""},"product_brand":[398],"product_cat":[246,609,915,631],"product_tag":[],"class_list":{"0":"post-261241","1":"product","2":"type-product","3":"status-publish","4":"has-post-thumbnail","6":"product_brand-kiss","7":"product_cat-cosmetice","8":"product_cat-cosmetice-decorative","9":"product_cat-gene-false","10":"product_cat-machiaj-pentru-ochi","12":"first","13":"instock","14":"product-type-external","15":"entry","16":"content-bg","17":"loop-entry"},"acf":[],"yoast_head":"<!-- This site is optimized with the Yoast SEO plugin v27.3 - https:\/\/yoast.com\/product\/yoast-seo-wordpress\/ -->\n<title>KISS Gene artificiale pentru volum natural My Lash But Better 03 - SHOPATOA.COM<\/title>\n<meta name=\"robots\" content=\"index, follow, max-snippet:-1, max-image-preview:large, max-video-preview:-1\" \/>\n<link rel=\"canonical\" href=\"https:\/\/shopatoa.com\/ro\/kiss-gene-artificiale-pentru-volum-natural-my-lash-but-better-03\/\" \/>\n<meta property=\"og:locale\" content=\"ro_RO\" \/>\n<meta property=\"og:type\" content=\"article\" \/>\n<meta property=\"og:title\" content=\"KISS Gene artificiale pentru volum natural My Lash But Better 03 - SHOPATOA.COM\" \/>\n<meta property=\"og:description\" content=\"Genele artificiale My Lash But Better 03 sunt pline de ciorchini delicate \u00een form\u0103 de V care ofer\u0103 cantitatea ideal\u0103 de volum de zi cu zi ,astfel arat\u0103 natural. Genele sunt frumos voluminoase \u0219i u\u0219oare.\" \/>\n<meta property=\"og:url\" content=\"https:\/\/shopatoa.com\/ro\/kiss-gene-artificiale-pentru-volum-natural-my-lash-but-better-03\/\" \/>\n<meta property=\"og:site_name\" content=\"SHOPATOA\" \/>\n<meta property=\"article:modified_time\" content=\"2025-12-07T00:35:20+00:00\" \/>\n<meta property=\"og:image\" content=\"https:\/\/storage.googleapis.com\/cz-shopatoa-img\/ro\/fc884f14-unnamed-file.webp\" \/>\n\t<meta property=\"og:image:width\" content=\"800\" \/>\n\t<meta property=\"og:image:height\" content=\"800\" \/>\n\t<meta property=\"og:image:type\" content=\"image\/webp\" \/>\n<meta name=\"twitter:card\" content=\"summary_large_image\" \/>\n<script type=\"application\/ld+json\" class=\"yoast-schema-graph\">{\"@context\":\"https:\\\/\\\/schema.org\",\"@graph\":[{\"@type\":\"WebPage\",\"@id\":\"https:\\\/\\\/shopatoa.com\\\/ro\\\/kiss-gene-artificiale-pentru-volum-natural-my-lash-but-better-03\\\/\",\"url\":\"https:\\\/\\\/shopatoa.com\\\/ro\\\/kiss-gene-artificiale-pentru-volum-natural-my-lash-but-better-03\\\/\",\"name\":\"KISS Gene artificiale pentru volum natural My Lash But Better 03 - SHOPATOA.COM\",\"isPartOf\":{\"@id\":\"https:\\\/\\\/shopatoa.com\\\/ro\\\/#website\"},\"primaryImageOfPage\":{\"@id\":\"https:\\\/\\\/shopatoa.com\\\/ro\\\/kiss-gene-artificiale-pentru-volum-natural-my-lash-but-better-03\\\/#primaryimage\"},\"image\":{\"@id\":\"https:\\\/\\\/shopatoa.com\\\/ro\\\/kiss-gene-artificiale-pentru-volum-natural-my-lash-but-better-03\\\/#primaryimage\"},\"thumbnailUrl\":\"https:\\\/\\\/storage.googleapis.com\\\/cz-shopatoa-img\\\/ro\\\/fc884f14-unnamed-file.webp\",\"datePublished\":\"2025-04-27T07:21:14+00:00\",\"dateModified\":\"2025-12-07T00:35:20+00:00\",\"breadcrumb\":{\"@id\":\"https:\\\/\\\/shopatoa.com\\\/ro\\\/kiss-gene-artificiale-pentru-volum-natural-my-lash-but-better-03\\\/#breadcrumb\"},\"inLanguage\":\"ro-RO\",\"potentialAction\":[{\"@type\":\"ReadAction\",\"target\":[\"https:\\\/\\\/shopatoa.com\\\/ro\\\/kiss-gene-artificiale-pentru-volum-natural-my-lash-but-better-03\\\/\"]}]},{\"@type\":\"ImageObject\",\"inLanguage\":\"ro-RO\",\"@id\":\"https:\\\/\\\/shopatoa.com\\\/ro\\\/kiss-gene-artificiale-pentru-volum-natural-my-lash-but-better-03\\\/#primaryimage\",\"url\":\"https:\\\/\\\/storage.googleapis.com\\\/cz-shopatoa-img\\\/ro\\\/fc884f14-unnamed-file.webp\",\"contentUrl\":\"https:\\\/\\\/storage.googleapis.com\\\/cz-shopatoa-img\\\/ro\\\/fc884f14-unnamed-file.webp\",\"width\":800,\"height\":800},{\"@type\":\"BreadcrumbList\",\"@id\":\"https:\\\/\\\/shopatoa.com\\\/ro\\\/kiss-gene-artificiale-pentru-volum-natural-my-lash-but-better-03\\\/#breadcrumb\",\"itemListElement\":[{\"@type\":\"ListItem\",\"position\":1,\"name\":\"Dom\u016f\",\"item\":\"https:\\\/\\\/shopatoa.com\\\/ro\\\/\"},{\"@type\":\"ListItem\",\"position\":2,\"name\":\"Shop\",\"item\":\"https:\\\/\\\/shopatoa.com\\\/ro\\\/shop\\\/\"},{\"@type\":\"ListItem\",\"position\":3,\"name\":\"Cosmetice\",\"item\":\"https:\\\/\\\/shopatoa.com\\\/ro\\\/cosmetice\\\/\"},{\"@type\":\"ListItem\",\"position\":4,\"name\":\"Cosmetice decorative\",\"item\":\"https:\\\/\\\/shopatoa.com\\\/ro\\\/cosmetice-decorative\\\/\"},{\"@type\":\"ListItem\",\"position\":5,\"name\":\"Machiaj pentru ochi\",\"item\":\"https:\\\/\\\/shopatoa.com\\\/ro\\\/machiaj-pentru-ochi\\\/\"},{\"@type\":\"ListItem\",\"position\":6,\"name\":\"Gene false\",\"item\":\"https:\\\/\\\/shopatoa.com\\\/ro\\\/gene-false\\\/\"},{\"@type\":\"ListItem\",\"position\":7,\"name\":\"KISS Gene artificiale pentru volum natural My Lash But Better 03\"}]},{\"@type\":\"WebSite\",\"@id\":\"https:\\\/\\\/shopatoa.com\\\/ro\\\/#website\",\"url\":\"https:\\\/\\\/shopatoa.com\\\/ro\\\/\",\"name\":\"SHOPATOA\",\"description\":\"\",\"publisher\":{\"@id\":\"https:\\\/\\\/shopatoa.com\\\/ro\\\/#organization\"},\"potentialAction\":[{\"@type\":\"SearchAction\",\"target\":{\"@type\":\"EntryPoint\",\"urlTemplate\":\"https:\\\/\\\/shopatoa.com\\\/ro\\\/?s={search_term_string}\"},\"query-input\":{\"@type\":\"PropertyValueSpecification\",\"valueRequired\":true,\"valueName\":\"search_term_string\"}}],\"inLanguage\":\"ro-RO\"},{\"@type\":\"Organization\",\"@id\":\"https:\\\/\\\/shopatoa.com\\\/ro\\\/#organization\",\"name\":\"SHOPATOA\",\"url\":\"https:\\\/\\\/shopatoa.com\\\/ro\\\/\",\"logo\":{\"@type\":\"ImageObject\",\"inLanguage\":\"ro-RO\",\"@id\":\"https:\\\/\\\/shopatoa.com\\\/ro\\\/#\\\/schema\\\/logo\\\/image\\\/\",\"url\":\"https:\\\/\\\/storage.googleapis.com\\\/cz-shopatoa-img\\\/ro\\\/b4dac915-shopatoa_logo.png\",\"contentUrl\":\"https:\\\/\\\/storage.googleapis.com\\\/cz-shopatoa-img\\\/ro\\\/b4dac915-shopatoa_logo.png\",\"width\":416,\"height\":63,\"caption\":\"SHOPATOA\"},\"image\":{\"@id\":\"https:\\\/\\\/shopatoa.com\\\/ro\\\/#\\\/schema\\\/logo\\\/image\\\/\"}}]}<\/script>\n<!-- \/ Yoast SEO plugin. -->","yoast_head_json":{"title":"KISS Gene artificiale pentru volum natural My Lash But Better 03 - SHOPATOA.COM","robots":{"index":"index","follow":"follow","max-snippet":"max-snippet:-1","max-image-preview":"max-image-preview:large","max-video-preview":"max-video-preview:-1"},"canonical":"https:\/\/shopatoa.com\/ro\/kiss-gene-artificiale-pentru-volum-natural-my-lash-but-better-03\/","og_locale":"ro_RO","og_type":"article","og_title":"KISS Gene artificiale pentru volum natural My Lash But Better 03 - SHOPATOA.COM","og_description":"Genele artificiale My Lash But Better 03 sunt pline de ciorchini delicate \u00een form\u0103 de V care ofer\u0103 cantitatea ideal\u0103 de volum de zi cu zi ,astfel arat\u0103 natural. Genele sunt frumos voluminoase \u0219i u\u0219oare.","og_url":"https:\/\/shopatoa.com\/ro\/kiss-gene-artificiale-pentru-volum-natural-my-lash-but-better-03\/","og_site_name":"SHOPATOA","article_modified_time":"2025-12-07T00:35:20+00:00","og_image":[{"width":800,"height":800,"url":"https:\/\/storage.googleapis.com\/cz-shopatoa-img\/ro\/fc884f14-unnamed-file.webp","type":"image\/webp"}],"twitter_card":"summary_large_image","schema":{"@context":"https:\/\/schema.org","@graph":[{"@type":"WebPage","@id":"https:\/\/shopatoa.com\/ro\/kiss-gene-artificiale-pentru-volum-natural-my-lash-but-better-03\/","url":"https:\/\/shopatoa.com\/ro\/kiss-gene-artificiale-pentru-volum-natural-my-lash-but-better-03\/","name":"KISS Gene artificiale pentru volum natural My Lash But Better 03 - SHOPATOA.COM","isPartOf":{"@id":"https:\/\/shopatoa.com\/ro\/#website"},"primaryImageOfPage":{"@id":"https:\/\/shopatoa.com\/ro\/kiss-gene-artificiale-pentru-volum-natural-my-lash-but-better-03\/#primaryimage"},"image":{"@id":"https:\/\/shopatoa.com\/ro\/kiss-gene-artificiale-pentru-volum-natural-my-lash-but-better-03\/#primaryimage"},"thumbnailUrl":"https:\/\/storage.googleapis.com\/cz-shopatoa-img\/ro\/fc884f14-unnamed-file.webp","datePublished":"2025-04-27T07:21:14+00:00","dateModified":"2025-12-07T00:35:20+00:00","breadcrumb":{"@id":"https:\/\/shopatoa.com\/ro\/kiss-gene-artificiale-pentru-volum-natural-my-lash-but-better-03\/#breadcrumb"},"inLanguage":"ro-RO","potentialAction":[{"@type":"ReadAction","target":["https:\/\/shopatoa.com\/ro\/kiss-gene-artificiale-pentru-volum-natural-my-lash-but-better-03\/"]}]},{"@type":"ImageObject","inLanguage":"ro-RO","@id":"https:\/\/shopatoa.com\/ro\/kiss-gene-artificiale-pentru-volum-natural-my-lash-but-better-03\/#primaryimage","url":"https:\/\/storage.googleapis.com\/cz-shopatoa-img\/ro\/fc884f14-unnamed-file.webp","contentUrl":"https:\/\/storage.googleapis.com\/cz-shopatoa-img\/ro\/fc884f14-unnamed-file.webp","width":800,"height":800},{"@type":"BreadcrumbList","@id":"https:\/\/shopatoa.com\/ro\/kiss-gene-artificiale-pentru-volum-natural-my-lash-but-better-03\/#breadcrumb","itemListElement":[{"@type":"ListItem","position":1,"name":"Dom\u016f","item":"https:\/\/shopatoa.com\/ro\/"},{"@type":"ListItem","position":2,"name":"Shop","item":"https:\/\/shopatoa.com\/ro\/shop\/"},{"@type":"ListItem","position":3,"name":"Cosmetice","item":"https:\/\/shopatoa.com\/ro\/cosmetice\/"},{"@type":"ListItem","position":4,"name":"Cosmetice decorative","item":"https:\/\/shopatoa.com\/ro\/cosmetice-decorative\/"},{"@type":"ListItem","position":5,"name":"Machiaj pentru ochi","item":"https:\/\/shopatoa.com\/ro\/machiaj-pentru-ochi\/"},{"@type":"ListItem","position":6,"name":"Gene false","item":"https:\/\/shopatoa.com\/ro\/gene-false\/"},{"@type":"ListItem","position":7,"name":"KISS Gene artificiale pentru volum natural My Lash But Better 03"}]},{"@type":"WebSite","@id":"https:\/\/shopatoa.com\/ro\/#website","url":"https:\/\/shopatoa.com\/ro\/","name":"SHOPATOA","description":"","publisher":{"@id":"https:\/\/shopatoa.com\/ro\/#organization"},"potentialAction":[{"@type":"SearchAction","target":{"@type":"EntryPoint","urlTemplate":"https:\/\/shopatoa.com\/ro\/?s={search_term_string}"},"query-input":{"@type":"PropertyValueSpecification","valueRequired":true,"valueName":"search_term_string"}}],"inLanguage":"ro-RO"},{"@type":"Organization","@id":"https:\/\/shopatoa.com\/ro\/#organization","name":"SHOPATOA","url":"https:\/\/shopatoa.com\/ro\/","logo":{"@type":"ImageObject","inLanguage":"ro-RO","@id":"https:\/\/shopatoa.com\/ro\/#\/schema\/logo\/image\/","url":"https:\/\/storage.googleapis.com\/cz-shopatoa-img\/ro\/b4dac915-shopatoa_logo.png","contentUrl":"https:\/\/storage.googleapis.com\/cz-shopatoa-img\/ro\/b4dac915-shopatoa_logo.png","width":416,"height":63,"caption":"SHOPATOA"},"image":{"@id":"https:\/\/shopatoa.com\/ro\/#\/schema\/logo\/image\/"}}]}},"_links":{"self":[{"href":"https:\/\/shopatoa.com\/ro\/wp-json\/wp\/v2\/product\/261241","targetHints":{"allow":["GET"]}}],"collection":[{"href":"https:\/\/shopatoa.com\/ro\/wp-json\/wp\/v2\/product"}],"about":[{"href":"https:\/\/shopatoa.com\/ro\/wp-json\/wp\/v2\/types\/product"}],"replies":[{"embeddable":true,"href":"https:\/\/shopatoa.com\/ro\/wp-json\/wp\/v2\/comments?post=261241"}],"wp:featuredmedia":[{"embeddable":true,"href":"https:\/\/shopatoa.com\/ro\/wp-json\/wp\/v2\/media\/337730"}],"wp:attachment":[{"href":"https:\/\/shopatoa.com\/ro\/wp-json\/wp\/v2\/media?parent=261241"}],"wp:term":[{"taxonomy":"product_brand","embeddable":true,"href":"https:\/\/shopatoa.com\/ro\/wp-json\/wp\/v2\/product_brand?post=261241"},{"taxonomy":"product_cat","embeddable":true,"href":"https:\/\/shopatoa.com\/ro\/wp-json\/wp\/v2\/product_cat?post=261241"},{"taxonomy":"product_tag","embeddable":true,"href":"https:\/\/shopatoa.com\/ro\/wp-json\/wp\/v2\/product_tag?post=261241"}],"curies":[{"name":"wp","href":"https:\/\/api.w.org\/{rel}","templated":true}]}}