{"id":261397,"date":"2025-04-27T10:31:19","date_gmt":"2025-04-27T08:31:19","guid":{"rendered":"https:\/\/shopatoa.com\/ro\/elmex-pasta-de-dinti-sensitive-professional-20-ml\/"},"modified":"2025-12-14T01:04:32","modified_gmt":"2025-12-14T00:04:32","slug":"elmex-pasta-de-dinti-sensitive-professional-20-ml","status":"publish","type":"product","link":"https:\/\/shopatoa.com\/ro\/elmex-pasta-de-dinti-sensitive-professional-20-ml\/","title":{"rendered":"Elmex Past\u0103 de din\u021bi Sensitive Professional 20 ml"},"content":{"rendered":"<p>Past\u0103 de din\u021bi formulat\u0103 cu tehnologia Pro-Argin, care ofer\u0103 alinare imediat\u0103 \u0219i de lung\u0103 durat\u0103 pentru din\u021bii sensibili. Aceasta acoper\u0103 canalele microscopice care duc c\u0103tre nervul dentar, prevenind astfel durerea cauzat\u0103 de stimuli calzi, reci sau dulci. Utilizat\u0103 regulat, formeaz\u0103 un strat protector ce ajut\u0103 la reducerea sensibilit\u0103\u021bii dentare.<\/p>\n","protected":false},"excerpt":{"rendered":"<p>Past\u0103 de din\u021bi formulat\u0103 cu tehnologia Pro-Argin, care ofer\u0103 alinare imediat\u0103 \u0219i de lung\u0103 durat\u0103 pentru din\u021bii sensibili. Aceasta acoper\u0103 canalele microscopice care duc c\u0103tre nervul dentar, prevenind astfel durerea cauzat\u0103 de stimuli calzi, reci sau dulci. Utilizat\u0103 regulat, formeaz\u0103 un strat protector ce ajut\u0103 la reducerea sensibilit\u0103\u021bii dentare.<\/p>\n","protected":false},"featured_media":337881,"comment_status":"closed","ping_status":"open","template":"","meta":{"_acf_changed":false,"_kadence_starter_templates_imported_post":false,"_kad_post_transparent":"","_kad_post_title":"","_kad_post_layout":"","_kad_post_sidebar_id":"","_kad_post_content_style":"","_kad_post_vertical_padding":"","_kad_post_feature":"","_kad_post_feature_position":"","_kad_post_header":false,"_kad_post_footer":false,"_kad_post_classname":""},"product_brand":[852],"product_cat":[246,709,770],"product_tag":[],"class_list":{"0":"post-261397","1":"product","2":"type-product","3":"status-publish","4":"has-post-thumbnail","6":"product_brand-elmex","7":"product_cat-cosmetice","8":"product_cat-ingrijirea-dentara","9":"product_cat-pasta-de-dinti-ingrijirea-cavitatii","11":"first","12":"instock","13":"sale","14":"product-type-external","15":"entry","16":"content-bg","17":"loop-entry"},"acf":[],"yoast_head":"<!-- This site is optimized with the Yoast SEO plugin v27.3 - https:\/\/yoast.com\/product\/yoast-seo-wordpress\/ -->\n<title>Elmex Past\u0103 de din\u021bi Sensitive Professional 20 ml - SHOPATOA.COM<\/title>\n<meta name=\"robots\" content=\"index, follow, max-snippet:-1, max-image-preview:large, max-video-preview:-1\" \/>\n<link rel=\"canonical\" href=\"https:\/\/shopatoa.com\/ro\/elmex-pasta-de-dinti-sensitive-professional-20-ml\/\" \/>\n<meta property=\"og:locale\" content=\"ro_RO\" \/>\n<meta property=\"og:type\" content=\"article\" \/>\n<meta property=\"og:title\" content=\"Elmex Past\u0103 de din\u021bi Sensitive Professional 20 ml - SHOPATOA.COM\" \/>\n<meta property=\"og:description\" content=\"Past\u0103 de din\u021bi formulat\u0103 cu tehnologia Pro-Argin, care ofer\u0103 alinare imediat\u0103 \u0219i de lung\u0103 durat\u0103 pentru din\u021bii sensibili. Aceasta acoper\u0103 canalele microscopice care duc c\u0103tre nervul dentar, prevenind astfel durerea cauzat\u0103 de stimuli calzi, reci sau dulci. Utilizat\u0103 regulat, formeaz\u0103 un strat protector ce ajut\u0103 la reducerea sensibilit\u0103\u021bii dentare.\" \/>\n<meta property=\"og:url\" content=\"https:\/\/shopatoa.com\/ro\/elmex-pasta-de-dinti-sensitive-professional-20-ml\/\" \/>\n<meta property=\"og:site_name\" content=\"SHOPATOA\" \/>\n<meta property=\"article:modified_time\" content=\"2025-12-14T00:04:32+00:00\" \/>\n<meta property=\"og:image\" content=\"https:\/\/storage.googleapis.com\/cz-shopatoa-img\/ro\/7a436ccd-unnamed-file.webp\" \/>\n\t<meta property=\"og:image:width\" content=\"800\" \/>\n\t<meta property=\"og:image:height\" content=\"800\" \/>\n\t<meta property=\"og:image:type\" content=\"image\/webp\" \/>\n<meta name=\"twitter:card\" content=\"summary_large_image\" \/>\n<script type=\"application\/ld+json\" class=\"yoast-schema-graph\">{\"@context\":\"https:\\\/\\\/schema.org\",\"@graph\":[{\"@type\":\"WebPage\",\"@id\":\"https:\\\/\\\/shopatoa.com\\\/ro\\\/elmex-pasta-de-dinti-sensitive-professional-20-ml\\\/\",\"url\":\"https:\\\/\\\/shopatoa.com\\\/ro\\\/elmex-pasta-de-dinti-sensitive-professional-20-ml\\\/\",\"name\":\"Elmex Past\u0103 de din\u021bi Sensitive Professional 20 ml - SHOPATOA.COM\",\"isPartOf\":{\"@id\":\"https:\\\/\\\/shopatoa.com\\\/ro\\\/#website\"},\"primaryImageOfPage\":{\"@id\":\"https:\\\/\\\/shopatoa.com\\\/ro\\\/elmex-pasta-de-dinti-sensitive-professional-20-ml\\\/#primaryimage\"},\"image\":{\"@id\":\"https:\\\/\\\/shopatoa.com\\\/ro\\\/elmex-pasta-de-dinti-sensitive-professional-20-ml\\\/#primaryimage\"},\"thumbnailUrl\":\"https:\\\/\\\/storage.googleapis.com\\\/cz-shopatoa-img\\\/ro\\\/7a436ccd-unnamed-file.webp\",\"datePublished\":\"2025-04-27T08:31:19+00:00\",\"dateModified\":\"2025-12-14T00:04:32+00:00\",\"breadcrumb\":{\"@id\":\"https:\\\/\\\/shopatoa.com\\\/ro\\\/elmex-pasta-de-dinti-sensitive-professional-20-ml\\\/#breadcrumb\"},\"inLanguage\":\"ro-RO\",\"potentialAction\":[{\"@type\":\"ReadAction\",\"target\":[\"https:\\\/\\\/shopatoa.com\\\/ro\\\/elmex-pasta-de-dinti-sensitive-professional-20-ml\\\/\"]}]},{\"@type\":\"ImageObject\",\"inLanguage\":\"ro-RO\",\"@id\":\"https:\\\/\\\/shopatoa.com\\\/ro\\\/elmex-pasta-de-dinti-sensitive-professional-20-ml\\\/#primaryimage\",\"url\":\"https:\\\/\\\/storage.googleapis.com\\\/cz-shopatoa-img\\\/ro\\\/7a436ccd-unnamed-file.webp\",\"contentUrl\":\"https:\\\/\\\/storage.googleapis.com\\\/cz-shopatoa-img\\\/ro\\\/7a436ccd-unnamed-file.webp\",\"width\":800,\"height\":800},{\"@type\":\"BreadcrumbList\",\"@id\":\"https:\\\/\\\/shopatoa.com\\\/ro\\\/elmex-pasta-de-dinti-sensitive-professional-20-ml\\\/#breadcrumb\",\"itemListElement\":[{\"@type\":\"ListItem\",\"position\":1,\"name\":\"Dom\u016f\",\"item\":\"https:\\\/\\\/shopatoa.com\\\/ro\\\/\"},{\"@type\":\"ListItem\",\"position\":2,\"name\":\"Shop\",\"item\":\"https:\\\/\\\/shopatoa.com\\\/ro\\\/shop\\\/\"},{\"@type\":\"ListItem\",\"position\":3,\"name\":\"Cosmetice\",\"item\":\"https:\\\/\\\/shopatoa.com\\\/ro\\\/cosmetice\\\/\"},{\"@type\":\"ListItem\",\"position\":4,\"name\":\"\u00cengrijirea dentar\u0103\",\"item\":\"https:\\\/\\\/shopatoa.com\\\/ro\\\/ingrijirea-dentara\\\/\"},{\"@type\":\"ListItem\",\"position\":5,\"name\":\"Pasta de dinti - Ingrijirea cavitatii\",\"item\":\"https:\\\/\\\/shopatoa.com\\\/ro\\\/pasta-de-dinti-ingrijirea-cavitatii\\\/\"},{\"@type\":\"ListItem\",\"position\":6,\"name\":\"Elmex Past\u0103 de din\u021bi Sensitive Professional 20 ml\"}]},{\"@type\":\"WebSite\",\"@id\":\"https:\\\/\\\/shopatoa.com\\\/ro\\\/#website\",\"url\":\"https:\\\/\\\/shopatoa.com\\\/ro\\\/\",\"name\":\"SHOPATOA\",\"description\":\"\",\"publisher\":{\"@id\":\"https:\\\/\\\/shopatoa.com\\\/ro\\\/#organization\"},\"potentialAction\":[{\"@type\":\"SearchAction\",\"target\":{\"@type\":\"EntryPoint\",\"urlTemplate\":\"https:\\\/\\\/shopatoa.com\\\/ro\\\/?s={search_term_string}\"},\"query-input\":{\"@type\":\"PropertyValueSpecification\",\"valueRequired\":true,\"valueName\":\"search_term_string\"}}],\"inLanguage\":\"ro-RO\"},{\"@type\":\"Organization\",\"@id\":\"https:\\\/\\\/shopatoa.com\\\/ro\\\/#organization\",\"name\":\"SHOPATOA\",\"url\":\"https:\\\/\\\/shopatoa.com\\\/ro\\\/\",\"logo\":{\"@type\":\"ImageObject\",\"inLanguage\":\"ro-RO\",\"@id\":\"https:\\\/\\\/shopatoa.com\\\/ro\\\/#\\\/schema\\\/logo\\\/image\\\/\",\"url\":\"https:\\\/\\\/storage.googleapis.com\\\/cz-shopatoa-img\\\/ro\\\/b4dac915-shopatoa_logo.png\",\"contentUrl\":\"https:\\\/\\\/storage.googleapis.com\\\/cz-shopatoa-img\\\/ro\\\/b4dac915-shopatoa_logo.png\",\"width\":416,\"height\":63,\"caption\":\"SHOPATOA\"},\"image\":{\"@id\":\"https:\\\/\\\/shopatoa.com\\\/ro\\\/#\\\/schema\\\/logo\\\/image\\\/\"}}]}<\/script>\n<!-- \/ Yoast SEO plugin. -->","yoast_head_json":{"title":"Elmex Past\u0103 de din\u021bi Sensitive Professional 20 ml - SHOPATOA.COM","robots":{"index":"index","follow":"follow","max-snippet":"max-snippet:-1","max-image-preview":"max-image-preview:large","max-video-preview":"max-video-preview:-1"},"canonical":"https:\/\/shopatoa.com\/ro\/elmex-pasta-de-dinti-sensitive-professional-20-ml\/","og_locale":"ro_RO","og_type":"article","og_title":"Elmex Past\u0103 de din\u021bi Sensitive Professional 20 ml - SHOPATOA.COM","og_description":"Past\u0103 de din\u021bi formulat\u0103 cu tehnologia Pro-Argin, care ofer\u0103 alinare imediat\u0103 \u0219i de lung\u0103 durat\u0103 pentru din\u021bii sensibili. Aceasta acoper\u0103 canalele microscopice care duc c\u0103tre nervul dentar, prevenind astfel durerea cauzat\u0103 de stimuli calzi, reci sau dulci. Utilizat\u0103 regulat, formeaz\u0103 un strat protector ce ajut\u0103 la reducerea sensibilit\u0103\u021bii dentare.","og_url":"https:\/\/shopatoa.com\/ro\/elmex-pasta-de-dinti-sensitive-professional-20-ml\/","og_site_name":"SHOPATOA","article_modified_time":"2025-12-14T00:04:32+00:00","og_image":[{"width":800,"height":800,"url":"https:\/\/storage.googleapis.com\/cz-shopatoa-img\/ro\/7a436ccd-unnamed-file.webp","type":"image\/webp"}],"twitter_card":"summary_large_image","schema":{"@context":"https:\/\/schema.org","@graph":[{"@type":"WebPage","@id":"https:\/\/shopatoa.com\/ro\/elmex-pasta-de-dinti-sensitive-professional-20-ml\/","url":"https:\/\/shopatoa.com\/ro\/elmex-pasta-de-dinti-sensitive-professional-20-ml\/","name":"Elmex Past\u0103 de din\u021bi Sensitive Professional 20 ml - SHOPATOA.COM","isPartOf":{"@id":"https:\/\/shopatoa.com\/ro\/#website"},"primaryImageOfPage":{"@id":"https:\/\/shopatoa.com\/ro\/elmex-pasta-de-dinti-sensitive-professional-20-ml\/#primaryimage"},"image":{"@id":"https:\/\/shopatoa.com\/ro\/elmex-pasta-de-dinti-sensitive-professional-20-ml\/#primaryimage"},"thumbnailUrl":"https:\/\/storage.googleapis.com\/cz-shopatoa-img\/ro\/7a436ccd-unnamed-file.webp","datePublished":"2025-04-27T08:31:19+00:00","dateModified":"2025-12-14T00:04:32+00:00","breadcrumb":{"@id":"https:\/\/shopatoa.com\/ro\/elmex-pasta-de-dinti-sensitive-professional-20-ml\/#breadcrumb"},"inLanguage":"ro-RO","potentialAction":[{"@type":"ReadAction","target":["https:\/\/shopatoa.com\/ro\/elmex-pasta-de-dinti-sensitive-professional-20-ml\/"]}]},{"@type":"ImageObject","inLanguage":"ro-RO","@id":"https:\/\/shopatoa.com\/ro\/elmex-pasta-de-dinti-sensitive-professional-20-ml\/#primaryimage","url":"https:\/\/storage.googleapis.com\/cz-shopatoa-img\/ro\/7a436ccd-unnamed-file.webp","contentUrl":"https:\/\/storage.googleapis.com\/cz-shopatoa-img\/ro\/7a436ccd-unnamed-file.webp","width":800,"height":800},{"@type":"BreadcrumbList","@id":"https:\/\/shopatoa.com\/ro\/elmex-pasta-de-dinti-sensitive-professional-20-ml\/#breadcrumb","itemListElement":[{"@type":"ListItem","position":1,"name":"Dom\u016f","item":"https:\/\/shopatoa.com\/ro\/"},{"@type":"ListItem","position":2,"name":"Shop","item":"https:\/\/shopatoa.com\/ro\/shop\/"},{"@type":"ListItem","position":3,"name":"Cosmetice","item":"https:\/\/shopatoa.com\/ro\/cosmetice\/"},{"@type":"ListItem","position":4,"name":"\u00cengrijirea dentar\u0103","item":"https:\/\/shopatoa.com\/ro\/ingrijirea-dentara\/"},{"@type":"ListItem","position":5,"name":"Pasta de dinti - Ingrijirea cavitatii","item":"https:\/\/shopatoa.com\/ro\/pasta-de-dinti-ingrijirea-cavitatii\/"},{"@type":"ListItem","position":6,"name":"Elmex Past\u0103 de din\u021bi Sensitive Professional 20 ml"}]},{"@type":"WebSite","@id":"https:\/\/shopatoa.com\/ro\/#website","url":"https:\/\/shopatoa.com\/ro\/","name":"SHOPATOA","description":"","publisher":{"@id":"https:\/\/shopatoa.com\/ro\/#organization"},"potentialAction":[{"@type":"SearchAction","target":{"@type":"EntryPoint","urlTemplate":"https:\/\/shopatoa.com\/ro\/?s={search_term_string}"},"query-input":{"@type":"PropertyValueSpecification","valueRequired":true,"valueName":"search_term_string"}}],"inLanguage":"ro-RO"},{"@type":"Organization","@id":"https:\/\/shopatoa.com\/ro\/#organization","name":"SHOPATOA","url":"https:\/\/shopatoa.com\/ro\/","logo":{"@type":"ImageObject","inLanguage":"ro-RO","@id":"https:\/\/shopatoa.com\/ro\/#\/schema\/logo\/image\/","url":"https:\/\/storage.googleapis.com\/cz-shopatoa-img\/ro\/b4dac915-shopatoa_logo.png","contentUrl":"https:\/\/storage.googleapis.com\/cz-shopatoa-img\/ro\/b4dac915-shopatoa_logo.png","width":416,"height":63,"caption":"SHOPATOA"},"image":{"@id":"https:\/\/shopatoa.com\/ro\/#\/schema\/logo\/image\/"}}]}},"_links":{"self":[{"href":"https:\/\/shopatoa.com\/ro\/wp-json\/wp\/v2\/product\/261397","targetHints":{"allow":["GET"]}}],"collection":[{"href":"https:\/\/shopatoa.com\/ro\/wp-json\/wp\/v2\/product"}],"about":[{"href":"https:\/\/shopatoa.com\/ro\/wp-json\/wp\/v2\/types\/product"}],"replies":[{"embeddable":true,"href":"https:\/\/shopatoa.com\/ro\/wp-json\/wp\/v2\/comments?post=261397"}],"wp:featuredmedia":[{"embeddable":true,"href":"https:\/\/shopatoa.com\/ro\/wp-json\/wp\/v2\/media\/337881"}],"wp:attachment":[{"href":"https:\/\/shopatoa.com\/ro\/wp-json\/wp\/v2\/media?parent=261397"}],"wp:term":[{"taxonomy":"product_brand","embeddable":true,"href":"https:\/\/shopatoa.com\/ro\/wp-json\/wp\/v2\/product_brand?post=261397"},{"taxonomy":"product_cat","embeddable":true,"href":"https:\/\/shopatoa.com\/ro\/wp-json\/wp\/v2\/product_cat?post=261397"},{"taxonomy":"product_tag","embeddable":true,"href":"https:\/\/shopatoa.com\/ro\/wp-json\/wp\/v2\/product_tag?post=261397"}],"curies":[{"name":"wp","href":"https:\/\/api.w.org\/{rel}","templated":true}]}}