{"id":261559,"date":"2025-04-27T11:41:25","date_gmt":"2025-04-27T09:41:25","guid":{"rendered":"https:\/\/shopatoa.com\/ro\/babyliss-perie-rotativa-pentru-par-4-in-1-as774e\/"},"modified":"2025-12-13T17:16:03","modified_gmt":"2025-12-13T16:16:03","slug":"babyliss-perie-rotativa-pentru-par-4-in-1-as774e","status":"publish","type":"product","link":"https:\/\/shopatoa.com\/ro\/babyliss-perie-rotativa-pentru-par-4-in-1-as774e\/","title":{"rendered":"BaByliss Perie rotativ\u0103 pentru p\u0103r 4 in 1 AS774E"},"content":{"rendered":"<p>Ob\u021bine\u021bi un styling perfect cu ondulatorul multifunc\u021bional Hydro-Fusion de la BaByliss, care v\u0103 permite s\u0103 usca\u021bi, s\u0103 netezi\u021bi, s\u0103 \u00eendrepta\u021bi \u0219i s\u0103 ad\u0103uga\u021bi volum \u0219i form\u0103 p\u0103rului. Datorit\u0103 tehnologiei unice The Advanced Plasma Technology, p\u0103rul dumneavoastr\u0103 va fi neted, str\u0103lucitor \u0219i f\u0103r\u0103 efect de \u00eencre\u021bire. Peria rotativ\u0103 este livrat\u0103 cu patru accesorii diferite, astfel \u00eenc\u00e2t s\u0103 v\u0103 pute\u021bi adapta cu u\u0219urin\u021b\u0103 stilizarea p\u0103rului dup\u0103 preferin\u021bele dvs.<\/p>\n","protected":false},"excerpt":{"rendered":"<p>Ob\u021bine\u021bi un styling perfect cu ondulatorul multifunc\u021bional Hydro-Fusion de la BaByliss, care v\u0103 permite s\u0103 usca\u021bi, s\u0103 netezi\u021bi, s\u0103 \u00eendrepta\u021bi \u0219i s\u0103 ad\u0103uga\u021bi volum \u0219i form\u0103 p\u0103rului. Datorit\u0103 tehnologiei unice The Advanced Plasma Technology, p\u0103rul dumneavoastr\u0103 va fi neted, str\u0103lucitor \u0219i f\u0103r\u0103 efect de \u00eencre\u021bire. Peria rotativ\u0103 este livrat\u0103 cu patru accesorii diferite, astfel \u00eenc\u00e2t&#8230;<\/p>\n","protected":false},"featured_media":338030,"comment_status":"closed","ping_status":"open","template":"","meta":{"_acf_changed":false,"_kadence_starter_templates_imported_post":false,"_kad_post_transparent":"","_kad_post_title":"","_kad_post_layout":"","_kad_post_sidebar_id":"","_kad_post_content_style":"","_kad_post_vertical_padding":"","_kad_post_feature":"","_kad_post_feature_position":"","_kad_post_header":false,"_kad_post_footer":false,"_kad_post_classname":""},"product_brand":[437],"product_cat":[246,781,623,624],"product_tag":[],"class_list":{"0":"post-261559","1":"product","2":"type-product","3":"status-publish","4":"has-post-thumbnail","6":"product_brand-babyliss","7":"product_cat-cosmetice","8":"product_cat-ondulatoare-pentru-par","9":"product_cat-produse-cosmetice-pentru-par","10":"product_cat-produse-aparate-si-accesorii-pentru-par","12":"first","13":"instock","14":"sale","15":"product-type-external","16":"entry","17":"content-bg","18":"loop-entry"},"acf":[],"yoast_head":"<!-- This site is optimized with the Yoast SEO plugin v27.4 - https:\/\/yoast.com\/product\/yoast-seo-wordpress\/ -->\n<title>BaByliss Perie rotativ\u0103 pentru p\u0103r 4 in 1 AS774E - SHOPATOA.COM<\/title>\n<meta name=\"robots\" content=\"index, follow, max-snippet:-1, max-image-preview:large, max-video-preview:-1\" \/>\n<link rel=\"canonical\" href=\"https:\/\/shopatoa.com\/ro\/babyliss-perie-rotativa-pentru-par-4-in-1-as774e\/\" \/>\n<meta property=\"og:locale\" content=\"ro_RO\" \/>\n<meta property=\"og:type\" content=\"article\" \/>\n<meta property=\"og:title\" content=\"BaByliss Perie rotativ\u0103 pentru p\u0103r 4 in 1 AS774E - SHOPATOA.COM\" \/>\n<meta property=\"og:description\" content=\"Ob\u021bine\u021bi un styling perfect cu ondulatorul multifunc\u021bional Hydro-Fusion de la BaByliss, care v\u0103 permite s\u0103 usca\u021bi, s\u0103 netezi\u021bi, s\u0103 \u00eendrepta\u021bi \u0219i s\u0103 ad\u0103uga\u021bi volum \u0219i form\u0103 p\u0103rului. Datorit\u0103 tehnologiei unice The Advanced Plasma Technology, p\u0103rul dumneavoastr\u0103 va fi neted, str\u0103lucitor \u0219i f\u0103r\u0103 efect de \u00eencre\u021bire. Peria rotativ\u0103 este livrat\u0103 cu patru accesorii diferite, astfel \u00eenc\u00e2t...\" \/>\n<meta property=\"og:url\" content=\"https:\/\/shopatoa.com\/ro\/babyliss-perie-rotativa-pentru-par-4-in-1-as774e\/\" \/>\n<meta property=\"og:site_name\" content=\"SHOPATOA\" \/>\n<meta property=\"article:modified_time\" content=\"2025-12-13T16:16:03+00:00\" \/>\n<meta property=\"og:image\" content=\"https:\/\/storage.googleapis.com\/cz-shopatoa-img\/ro\/983d25a2-unnamed-file.webp\" \/>\n\t<meta property=\"og:image:width\" content=\"800\" \/>\n\t<meta property=\"og:image:height\" content=\"800\" \/>\n\t<meta property=\"og:image:type\" content=\"image\/webp\" \/>\n<meta name=\"twitter:card\" content=\"summary_large_image\" \/>\n<script type=\"application\/ld+json\" class=\"yoast-schema-graph\">{\"@context\":\"https:\\\/\\\/schema.org\",\"@graph\":[{\"@type\":\"WebPage\",\"@id\":\"https:\\\/\\\/shopatoa.com\\\/ro\\\/babyliss-perie-rotativa-pentru-par-4-in-1-as774e\\\/\",\"url\":\"https:\\\/\\\/shopatoa.com\\\/ro\\\/babyliss-perie-rotativa-pentru-par-4-in-1-as774e\\\/\",\"name\":\"BaByliss Perie rotativ\u0103 pentru p\u0103r 4 in 1 AS774E - SHOPATOA.COM\",\"isPartOf\":{\"@id\":\"https:\\\/\\\/shopatoa.com\\\/ro\\\/#website\"},\"primaryImageOfPage\":{\"@id\":\"https:\\\/\\\/shopatoa.com\\\/ro\\\/babyliss-perie-rotativa-pentru-par-4-in-1-as774e\\\/#primaryimage\"},\"image\":{\"@id\":\"https:\\\/\\\/shopatoa.com\\\/ro\\\/babyliss-perie-rotativa-pentru-par-4-in-1-as774e\\\/#primaryimage\"},\"thumbnailUrl\":\"https:\\\/\\\/storage.googleapis.com\\\/cz-shopatoa-img\\\/ro\\\/983d25a2-unnamed-file.webp\",\"datePublished\":\"2025-04-27T09:41:25+00:00\",\"dateModified\":\"2025-12-13T16:16:03+00:00\",\"breadcrumb\":{\"@id\":\"https:\\\/\\\/shopatoa.com\\\/ro\\\/babyliss-perie-rotativa-pentru-par-4-in-1-as774e\\\/#breadcrumb\"},\"inLanguage\":\"ro-RO\",\"potentialAction\":[{\"@type\":\"ReadAction\",\"target\":[\"https:\\\/\\\/shopatoa.com\\\/ro\\\/babyliss-perie-rotativa-pentru-par-4-in-1-as774e\\\/\"]}]},{\"@type\":\"ImageObject\",\"inLanguage\":\"ro-RO\",\"@id\":\"https:\\\/\\\/shopatoa.com\\\/ro\\\/babyliss-perie-rotativa-pentru-par-4-in-1-as774e\\\/#primaryimage\",\"url\":\"https:\\\/\\\/storage.googleapis.com\\\/cz-shopatoa-img\\\/ro\\\/983d25a2-unnamed-file.webp\",\"contentUrl\":\"https:\\\/\\\/storage.googleapis.com\\\/cz-shopatoa-img\\\/ro\\\/983d25a2-unnamed-file.webp\",\"width\":800,\"height\":800},{\"@type\":\"BreadcrumbList\",\"@id\":\"https:\\\/\\\/shopatoa.com\\\/ro\\\/babyliss-perie-rotativa-pentru-par-4-in-1-as774e\\\/#breadcrumb\",\"itemListElement\":[{\"@type\":\"ListItem\",\"position\":1,\"name\":\"Dom\u016f\",\"item\":\"https:\\\/\\\/shopatoa.com\\\/ro\\\/\"},{\"@type\":\"ListItem\",\"position\":2,\"name\":\"Shop\",\"item\":\"https:\\\/\\\/shopatoa.com\\\/ro\\\/shop\\\/\"},{\"@type\":\"ListItem\",\"position\":3,\"name\":\"Cosmetice\",\"item\":\"https:\\\/\\\/shopatoa.com\\\/ro\\\/cosmetice\\\/\"},{\"@type\":\"ListItem\",\"position\":4,\"name\":\"Produse cosmetice pentru p\u0103r\",\"item\":\"https:\\\/\\\/shopatoa.com\\\/ro\\\/produse-cosmetice-pentru-par\\\/\"},{\"@type\":\"ListItem\",\"position\":5,\"name\":\"Produse, aparate \u0219i accesorii pentru p\u0103r\",\"item\":\"https:\\\/\\\/shopatoa.com\\\/ro\\\/produse-aparate-si-accesorii-pentru-par\\\/\"},{\"@type\":\"ListItem\",\"position\":6,\"name\":\"Ondulatoare pentru p\u0103r\",\"item\":\"https:\\\/\\\/shopatoa.com\\\/ro\\\/ondulatoare-pentru-par\\\/\"},{\"@type\":\"ListItem\",\"position\":7,\"name\":\"BaByliss Perie rotativ\u0103 pentru p\u0103r 4 in 1 AS774E\"}]},{\"@type\":\"WebSite\",\"@id\":\"https:\\\/\\\/shopatoa.com\\\/ro\\\/#website\",\"url\":\"https:\\\/\\\/shopatoa.com\\\/ro\\\/\",\"name\":\"SHOPATOA\",\"description\":\"\",\"publisher\":{\"@id\":\"https:\\\/\\\/shopatoa.com\\\/ro\\\/#organization\"},\"potentialAction\":[{\"@type\":\"SearchAction\",\"target\":{\"@type\":\"EntryPoint\",\"urlTemplate\":\"https:\\\/\\\/shopatoa.com\\\/ro\\\/?s={search_term_string}\"},\"query-input\":{\"@type\":\"PropertyValueSpecification\",\"valueRequired\":true,\"valueName\":\"search_term_string\"}}],\"inLanguage\":\"ro-RO\"},{\"@type\":\"Organization\",\"@id\":\"https:\\\/\\\/shopatoa.com\\\/ro\\\/#organization\",\"name\":\"SHOPATOA\",\"url\":\"https:\\\/\\\/shopatoa.com\\\/ro\\\/\",\"logo\":{\"@type\":\"ImageObject\",\"inLanguage\":\"ro-RO\",\"@id\":\"https:\\\/\\\/shopatoa.com\\\/ro\\\/#\\\/schema\\\/logo\\\/image\\\/\",\"url\":\"https:\\\/\\\/storage.googleapis.com\\\/cz-shopatoa-img\\\/ro\\\/b4dac915-shopatoa_logo.png\",\"contentUrl\":\"https:\\\/\\\/storage.googleapis.com\\\/cz-shopatoa-img\\\/ro\\\/b4dac915-shopatoa_logo.png\",\"width\":416,\"height\":63,\"caption\":\"SHOPATOA\"},\"image\":{\"@id\":\"https:\\\/\\\/shopatoa.com\\\/ro\\\/#\\\/schema\\\/logo\\\/image\\\/\"}}]}<\/script>\n<!-- \/ Yoast SEO plugin. -->","yoast_head_json":{"title":"BaByliss Perie rotativ\u0103 pentru p\u0103r 4 in 1 AS774E - SHOPATOA.COM","robots":{"index":"index","follow":"follow","max-snippet":"max-snippet:-1","max-image-preview":"max-image-preview:large","max-video-preview":"max-video-preview:-1"},"canonical":"https:\/\/shopatoa.com\/ro\/babyliss-perie-rotativa-pentru-par-4-in-1-as774e\/","og_locale":"ro_RO","og_type":"article","og_title":"BaByliss Perie rotativ\u0103 pentru p\u0103r 4 in 1 AS774E - SHOPATOA.COM","og_description":"Ob\u021bine\u021bi un styling perfect cu ondulatorul multifunc\u021bional Hydro-Fusion de la BaByliss, care v\u0103 permite s\u0103 usca\u021bi, s\u0103 netezi\u021bi, s\u0103 \u00eendrepta\u021bi \u0219i s\u0103 ad\u0103uga\u021bi volum \u0219i form\u0103 p\u0103rului. Datorit\u0103 tehnologiei unice The Advanced Plasma Technology, p\u0103rul dumneavoastr\u0103 va fi neted, str\u0103lucitor \u0219i f\u0103r\u0103 efect de \u00eencre\u021bire. Peria rotativ\u0103 este livrat\u0103 cu patru accesorii diferite, astfel \u00eenc\u00e2t...","og_url":"https:\/\/shopatoa.com\/ro\/babyliss-perie-rotativa-pentru-par-4-in-1-as774e\/","og_site_name":"SHOPATOA","article_modified_time":"2025-12-13T16:16:03+00:00","og_image":[{"width":800,"height":800,"url":"https:\/\/storage.googleapis.com\/cz-shopatoa-img\/ro\/983d25a2-unnamed-file.webp","type":"image\/webp"}],"twitter_card":"summary_large_image","schema":{"@context":"https:\/\/schema.org","@graph":[{"@type":"WebPage","@id":"https:\/\/shopatoa.com\/ro\/babyliss-perie-rotativa-pentru-par-4-in-1-as774e\/","url":"https:\/\/shopatoa.com\/ro\/babyliss-perie-rotativa-pentru-par-4-in-1-as774e\/","name":"BaByliss Perie rotativ\u0103 pentru p\u0103r 4 in 1 AS774E - SHOPATOA.COM","isPartOf":{"@id":"https:\/\/shopatoa.com\/ro\/#website"},"primaryImageOfPage":{"@id":"https:\/\/shopatoa.com\/ro\/babyliss-perie-rotativa-pentru-par-4-in-1-as774e\/#primaryimage"},"image":{"@id":"https:\/\/shopatoa.com\/ro\/babyliss-perie-rotativa-pentru-par-4-in-1-as774e\/#primaryimage"},"thumbnailUrl":"https:\/\/storage.googleapis.com\/cz-shopatoa-img\/ro\/983d25a2-unnamed-file.webp","datePublished":"2025-04-27T09:41:25+00:00","dateModified":"2025-12-13T16:16:03+00:00","breadcrumb":{"@id":"https:\/\/shopatoa.com\/ro\/babyliss-perie-rotativa-pentru-par-4-in-1-as774e\/#breadcrumb"},"inLanguage":"ro-RO","potentialAction":[{"@type":"ReadAction","target":["https:\/\/shopatoa.com\/ro\/babyliss-perie-rotativa-pentru-par-4-in-1-as774e\/"]}]},{"@type":"ImageObject","inLanguage":"ro-RO","@id":"https:\/\/shopatoa.com\/ro\/babyliss-perie-rotativa-pentru-par-4-in-1-as774e\/#primaryimage","url":"https:\/\/storage.googleapis.com\/cz-shopatoa-img\/ro\/983d25a2-unnamed-file.webp","contentUrl":"https:\/\/storage.googleapis.com\/cz-shopatoa-img\/ro\/983d25a2-unnamed-file.webp","width":800,"height":800},{"@type":"BreadcrumbList","@id":"https:\/\/shopatoa.com\/ro\/babyliss-perie-rotativa-pentru-par-4-in-1-as774e\/#breadcrumb","itemListElement":[{"@type":"ListItem","position":1,"name":"Dom\u016f","item":"https:\/\/shopatoa.com\/ro\/"},{"@type":"ListItem","position":2,"name":"Shop","item":"https:\/\/shopatoa.com\/ro\/shop\/"},{"@type":"ListItem","position":3,"name":"Cosmetice","item":"https:\/\/shopatoa.com\/ro\/cosmetice\/"},{"@type":"ListItem","position":4,"name":"Produse cosmetice pentru p\u0103r","item":"https:\/\/shopatoa.com\/ro\/produse-cosmetice-pentru-par\/"},{"@type":"ListItem","position":5,"name":"Produse, aparate \u0219i accesorii pentru p\u0103r","item":"https:\/\/shopatoa.com\/ro\/produse-aparate-si-accesorii-pentru-par\/"},{"@type":"ListItem","position":6,"name":"Ondulatoare pentru p\u0103r","item":"https:\/\/shopatoa.com\/ro\/ondulatoare-pentru-par\/"},{"@type":"ListItem","position":7,"name":"BaByliss Perie rotativ\u0103 pentru p\u0103r 4 in 1 AS774E"}]},{"@type":"WebSite","@id":"https:\/\/shopatoa.com\/ro\/#website","url":"https:\/\/shopatoa.com\/ro\/","name":"SHOPATOA","description":"","publisher":{"@id":"https:\/\/shopatoa.com\/ro\/#organization"},"potentialAction":[{"@type":"SearchAction","target":{"@type":"EntryPoint","urlTemplate":"https:\/\/shopatoa.com\/ro\/?s={search_term_string}"},"query-input":{"@type":"PropertyValueSpecification","valueRequired":true,"valueName":"search_term_string"}}],"inLanguage":"ro-RO"},{"@type":"Organization","@id":"https:\/\/shopatoa.com\/ro\/#organization","name":"SHOPATOA","url":"https:\/\/shopatoa.com\/ro\/","logo":{"@type":"ImageObject","inLanguage":"ro-RO","@id":"https:\/\/shopatoa.com\/ro\/#\/schema\/logo\/image\/","url":"https:\/\/storage.googleapis.com\/cz-shopatoa-img\/ro\/b4dac915-shopatoa_logo.png","contentUrl":"https:\/\/storage.googleapis.com\/cz-shopatoa-img\/ro\/b4dac915-shopatoa_logo.png","width":416,"height":63,"caption":"SHOPATOA"},"image":{"@id":"https:\/\/shopatoa.com\/ro\/#\/schema\/logo\/image\/"}}]}},"_links":{"self":[{"href":"https:\/\/shopatoa.com\/ro\/wp-json\/wp\/v2\/product\/261559","targetHints":{"allow":["GET"]}}],"collection":[{"href":"https:\/\/shopatoa.com\/ro\/wp-json\/wp\/v2\/product"}],"about":[{"href":"https:\/\/shopatoa.com\/ro\/wp-json\/wp\/v2\/types\/product"}],"replies":[{"embeddable":true,"href":"https:\/\/shopatoa.com\/ro\/wp-json\/wp\/v2\/comments?post=261559"}],"wp:featuredmedia":[{"embeddable":true,"href":"https:\/\/shopatoa.com\/ro\/wp-json\/wp\/v2\/media\/338030"}],"wp:attachment":[{"href":"https:\/\/shopatoa.com\/ro\/wp-json\/wp\/v2\/media?parent=261559"}],"wp:term":[{"taxonomy":"product_brand","embeddable":true,"href":"https:\/\/shopatoa.com\/ro\/wp-json\/wp\/v2\/product_brand?post=261559"},{"taxonomy":"product_cat","embeddable":true,"href":"https:\/\/shopatoa.com\/ro\/wp-json\/wp\/v2\/product_cat?post=261559"},{"taxonomy":"product_tag","embeddable":true,"href":"https:\/\/shopatoa.com\/ro\/wp-json\/wp\/v2\/product_tag?post=261559"}],"curies":[{"name":"wp","href":"https:\/\/api.w.org\/{rel}","templated":true}]}}