{"id":261596,"date":"2025-04-27T11:55:47","date_gmt":"2025-04-27T09:55:47","guid":{"rendered":"https:\/\/shopatoa.com\/ro\/orientica-xo-xclusif-oud-emerald-extract-parfumat-60-ml\/"},"modified":"2025-12-13T16:45:15","modified_gmt":"2025-12-13T15:45:15","slug":"orientica-xo-xclusif-oud-emerald-extract-parfumat-60-ml","status":"publish","type":"product","link":"https:\/\/shopatoa.com\/ro\/orientica-xo-xclusif-oud-emerald-extract-parfumat-60-ml\/","title":{"rendered":"Orientica XO Xclusif Oud Emerald &#8211; extract parfumat 60 ml"},"content":{"rendered":"<p>XO Xclusif Oud Emerald este un parfum cu note citrice \u0219i lemnoase, potrivit at\u00e2t pentru b\u0103rba\u021bi, c\u00e2t \u0219i pentru femei. Aceast\u0103 arom\u0103 seduc\u0103toare v\u0103 va fermeca prin \u00eembinarea picant\u0103 a ghimbirului cu prospe\u021bimea citric\u0103 a bergamotului, armonizate perfect cu floarea de mandarin \u0219i acordurile balsamice ale galbanului. Tonurile aromatice ale frunzei de dafin se armonizeaz\u0103 cu menta \u0219i rafinata iasomie, ale c\u0103rei note sunt \u00eembibate \u00een senzualitatea moscului, mu\u0219chiului de stejar, ambr\u0103 \u0219i lemnului de santal cremos. Caracterul \u00eendr\u0103zne\u021b al acestui parfum se potrive\u0219te de minune celor care \u00ee\u0219i exprim\u0103 \u00eentotdeauna autenticitatea. Parfumul a fost introdus pe pia\u021b\u0103 \u00een anul 2022.<\/p>\n","protected":false},"excerpt":{"rendered":"<p>XO Xclusif Oud Emerald este un parfum cu note citrice \u0219i lemnoase, potrivit at\u00e2t pentru b\u0103rba\u021bi, c\u00e2t \u0219i pentru femei. Aceast\u0103 arom\u0103 seduc\u0103toare v\u0103 va fermeca prin \u00eembinarea picant\u0103 a ghimbirului cu prospe\u021bimea citric\u0103 a bergamotului, armonizate perfect cu floarea de mandarin \u0219i acordurile balsamice ale galbanului. Tonurile aromatice ale frunzei de dafin se armonizeaz\u0103&#8230;<\/p>\n","protected":false},"featured_media":338066,"comment_status":"closed","ping_status":"open","template":"","meta":{"_acf_changed":false,"_kadence_starter_templates_imported_post":false,"_kad_post_transparent":"","_kad_post_title":"","_kad_post_layout":"","_kad_post_sidebar_id":"","_kad_post_content_style":"","_kad_post_vertical_padding":"","_kad_post_feature":"","_kad_post_feature_position":"","_kad_post_header":false,"_kad_post_footer":false,"_kad_post_classname":""},"product_brand":[992],"product_cat":[614,652],"product_tag":[],"class_list":{"0":"post-261596","1":"product","2":"type-product","3":"status-publish","4":"has-post-thumbnail","6":"product_brand-orientica","7":"product_cat-parfumuri","8":"product_cat-parfumuri-p","10":"first","11":"instock","12":"sale","13":"product-type-external","14":"entry","15":"content-bg","16":"loop-entry"},"acf":[],"yoast_head":"<!-- This site is optimized with the Yoast SEO plugin v27.4 - https:\/\/yoast.com\/product\/yoast-seo-wordpress\/ -->\n<title>Orientica XO Xclusif Oud Emerald - extract parfumat 60 ml - SHOPATOA.COM<\/title>\n<meta name=\"robots\" content=\"index, follow, max-snippet:-1, max-image-preview:large, max-video-preview:-1\" \/>\n<link rel=\"canonical\" href=\"https:\/\/shopatoa.com\/ro\/orientica-xo-xclusif-oud-emerald-extract-parfumat-60-ml\/\" \/>\n<meta property=\"og:locale\" content=\"ro_RO\" \/>\n<meta property=\"og:type\" content=\"article\" \/>\n<meta property=\"og:title\" content=\"Orientica XO Xclusif Oud Emerald - extract parfumat 60 ml - SHOPATOA.COM\" \/>\n<meta property=\"og:description\" content=\"XO Xclusif Oud Emerald este un parfum cu note citrice \u0219i lemnoase, potrivit at\u00e2t pentru b\u0103rba\u021bi, c\u00e2t \u0219i pentru femei. Aceast\u0103 arom\u0103 seduc\u0103toare v\u0103 va fermeca prin \u00eembinarea picant\u0103 a ghimbirului cu prospe\u021bimea citric\u0103 a bergamotului, armonizate perfect cu floarea de mandarin \u0219i acordurile balsamice ale galbanului. Tonurile aromatice ale frunzei de dafin se armonizeaz\u0103...\" \/>\n<meta property=\"og:url\" content=\"https:\/\/shopatoa.com\/ro\/orientica-xo-xclusif-oud-emerald-extract-parfumat-60-ml\/\" \/>\n<meta property=\"og:site_name\" content=\"SHOPATOA\" \/>\n<meta property=\"article:modified_time\" content=\"2025-12-13T15:45:15+00:00\" \/>\n<meta property=\"og:image\" content=\"https:\/\/storage.googleapis.com\/cz-shopatoa-img\/ro\/dffef360-unnamed-file.webp\" \/>\n\t<meta property=\"og:image:width\" content=\"800\" \/>\n\t<meta property=\"og:image:height\" content=\"800\" \/>\n\t<meta property=\"og:image:type\" content=\"image\/webp\" \/>\n<meta name=\"twitter:card\" content=\"summary_large_image\" \/>\n<meta name=\"twitter:label1\" content=\"Timp estimat pentru citire\" \/>\n\t<meta name=\"twitter:data1\" content=\"1 minut\" \/>\n<script type=\"application\/ld+json\" class=\"yoast-schema-graph\">{\"@context\":\"https:\\\/\\\/schema.org\",\"@graph\":[{\"@type\":\"WebPage\",\"@id\":\"https:\\\/\\\/shopatoa.com\\\/ro\\\/orientica-xo-xclusif-oud-emerald-extract-parfumat-60-ml\\\/\",\"url\":\"https:\\\/\\\/shopatoa.com\\\/ro\\\/orientica-xo-xclusif-oud-emerald-extract-parfumat-60-ml\\\/\",\"name\":\"Orientica XO Xclusif Oud Emerald - extract parfumat 60 ml - SHOPATOA.COM\",\"isPartOf\":{\"@id\":\"https:\\\/\\\/shopatoa.com\\\/ro\\\/#website\"},\"primaryImageOfPage\":{\"@id\":\"https:\\\/\\\/shopatoa.com\\\/ro\\\/orientica-xo-xclusif-oud-emerald-extract-parfumat-60-ml\\\/#primaryimage\"},\"image\":{\"@id\":\"https:\\\/\\\/shopatoa.com\\\/ro\\\/orientica-xo-xclusif-oud-emerald-extract-parfumat-60-ml\\\/#primaryimage\"},\"thumbnailUrl\":\"https:\\\/\\\/storage.googleapis.com\\\/cz-shopatoa-img\\\/ro\\\/dffef360-unnamed-file.webp\",\"datePublished\":\"2025-04-27T09:55:47+00:00\",\"dateModified\":\"2025-12-13T15:45:15+00:00\",\"breadcrumb\":{\"@id\":\"https:\\\/\\\/shopatoa.com\\\/ro\\\/orientica-xo-xclusif-oud-emerald-extract-parfumat-60-ml\\\/#breadcrumb\"},\"inLanguage\":\"ro-RO\",\"potentialAction\":[{\"@type\":\"ReadAction\",\"target\":[\"https:\\\/\\\/shopatoa.com\\\/ro\\\/orientica-xo-xclusif-oud-emerald-extract-parfumat-60-ml\\\/\"]}]},{\"@type\":\"ImageObject\",\"inLanguage\":\"ro-RO\",\"@id\":\"https:\\\/\\\/shopatoa.com\\\/ro\\\/orientica-xo-xclusif-oud-emerald-extract-parfumat-60-ml\\\/#primaryimage\",\"url\":\"https:\\\/\\\/storage.googleapis.com\\\/cz-shopatoa-img\\\/ro\\\/dffef360-unnamed-file.webp\",\"contentUrl\":\"https:\\\/\\\/storage.googleapis.com\\\/cz-shopatoa-img\\\/ro\\\/dffef360-unnamed-file.webp\",\"width\":800,\"height\":800},{\"@type\":\"BreadcrumbList\",\"@id\":\"https:\\\/\\\/shopatoa.com\\\/ro\\\/orientica-xo-xclusif-oud-emerald-extract-parfumat-60-ml\\\/#breadcrumb\",\"itemListElement\":[{\"@type\":\"ListItem\",\"position\":1,\"name\":\"Dom\u016f\",\"item\":\"https:\\\/\\\/shopatoa.com\\\/ro\\\/\"},{\"@type\":\"ListItem\",\"position\":2,\"name\":\"Shop\",\"item\":\"https:\\\/\\\/shopatoa.com\\\/ro\\\/shop\\\/\"},{\"@type\":\"ListItem\",\"position\":3,\"name\":\"Parfumuri\",\"item\":\"https:\\\/\\\/shopatoa.com\\\/ro\\\/parfumuri\\\/\"},{\"@type\":\"ListItem\",\"position\":4,\"name\":\"Parfumuri (P)\",\"item\":\"https:\\\/\\\/shopatoa.com\\\/ro\\\/parfumuri-p\\\/\"},{\"@type\":\"ListItem\",\"position\":5,\"name\":\"Orientica XO Xclusif Oud Emerald &#8211; extract parfumat 60 ml\"}]},{\"@type\":\"WebSite\",\"@id\":\"https:\\\/\\\/shopatoa.com\\\/ro\\\/#website\",\"url\":\"https:\\\/\\\/shopatoa.com\\\/ro\\\/\",\"name\":\"SHOPATOA\",\"description\":\"\",\"publisher\":{\"@id\":\"https:\\\/\\\/shopatoa.com\\\/ro\\\/#organization\"},\"potentialAction\":[{\"@type\":\"SearchAction\",\"target\":{\"@type\":\"EntryPoint\",\"urlTemplate\":\"https:\\\/\\\/shopatoa.com\\\/ro\\\/?s={search_term_string}\"},\"query-input\":{\"@type\":\"PropertyValueSpecification\",\"valueRequired\":true,\"valueName\":\"search_term_string\"}}],\"inLanguage\":\"ro-RO\"},{\"@type\":\"Organization\",\"@id\":\"https:\\\/\\\/shopatoa.com\\\/ro\\\/#organization\",\"name\":\"SHOPATOA\",\"url\":\"https:\\\/\\\/shopatoa.com\\\/ro\\\/\",\"logo\":{\"@type\":\"ImageObject\",\"inLanguage\":\"ro-RO\",\"@id\":\"https:\\\/\\\/shopatoa.com\\\/ro\\\/#\\\/schema\\\/logo\\\/image\\\/\",\"url\":\"https:\\\/\\\/storage.googleapis.com\\\/cz-shopatoa-img\\\/ro\\\/b4dac915-shopatoa_logo.png\",\"contentUrl\":\"https:\\\/\\\/storage.googleapis.com\\\/cz-shopatoa-img\\\/ro\\\/b4dac915-shopatoa_logo.png\",\"width\":416,\"height\":63,\"caption\":\"SHOPATOA\"},\"image\":{\"@id\":\"https:\\\/\\\/shopatoa.com\\\/ro\\\/#\\\/schema\\\/logo\\\/image\\\/\"}}]}<\/script>\n<!-- \/ Yoast SEO plugin. -->","yoast_head_json":{"title":"Orientica XO Xclusif Oud Emerald - extract parfumat 60 ml - SHOPATOA.COM","robots":{"index":"index","follow":"follow","max-snippet":"max-snippet:-1","max-image-preview":"max-image-preview:large","max-video-preview":"max-video-preview:-1"},"canonical":"https:\/\/shopatoa.com\/ro\/orientica-xo-xclusif-oud-emerald-extract-parfumat-60-ml\/","og_locale":"ro_RO","og_type":"article","og_title":"Orientica XO Xclusif Oud Emerald - extract parfumat 60 ml - SHOPATOA.COM","og_description":"XO Xclusif Oud Emerald este un parfum cu note citrice \u0219i lemnoase, potrivit at\u00e2t pentru b\u0103rba\u021bi, c\u00e2t \u0219i pentru femei. Aceast\u0103 arom\u0103 seduc\u0103toare v\u0103 va fermeca prin \u00eembinarea picant\u0103 a ghimbirului cu prospe\u021bimea citric\u0103 a bergamotului, armonizate perfect cu floarea de mandarin \u0219i acordurile balsamice ale galbanului. Tonurile aromatice ale frunzei de dafin se armonizeaz\u0103...","og_url":"https:\/\/shopatoa.com\/ro\/orientica-xo-xclusif-oud-emerald-extract-parfumat-60-ml\/","og_site_name":"SHOPATOA","article_modified_time":"2025-12-13T15:45:15+00:00","og_image":[{"width":800,"height":800,"url":"https:\/\/storage.googleapis.com\/cz-shopatoa-img\/ro\/dffef360-unnamed-file.webp","type":"image\/webp"}],"twitter_card":"summary_large_image","twitter_misc":{"Timp estimat pentru citire":"1 minut"},"schema":{"@context":"https:\/\/schema.org","@graph":[{"@type":"WebPage","@id":"https:\/\/shopatoa.com\/ro\/orientica-xo-xclusif-oud-emerald-extract-parfumat-60-ml\/","url":"https:\/\/shopatoa.com\/ro\/orientica-xo-xclusif-oud-emerald-extract-parfumat-60-ml\/","name":"Orientica XO Xclusif Oud Emerald - extract parfumat 60 ml - SHOPATOA.COM","isPartOf":{"@id":"https:\/\/shopatoa.com\/ro\/#website"},"primaryImageOfPage":{"@id":"https:\/\/shopatoa.com\/ro\/orientica-xo-xclusif-oud-emerald-extract-parfumat-60-ml\/#primaryimage"},"image":{"@id":"https:\/\/shopatoa.com\/ro\/orientica-xo-xclusif-oud-emerald-extract-parfumat-60-ml\/#primaryimage"},"thumbnailUrl":"https:\/\/storage.googleapis.com\/cz-shopatoa-img\/ro\/dffef360-unnamed-file.webp","datePublished":"2025-04-27T09:55:47+00:00","dateModified":"2025-12-13T15:45:15+00:00","breadcrumb":{"@id":"https:\/\/shopatoa.com\/ro\/orientica-xo-xclusif-oud-emerald-extract-parfumat-60-ml\/#breadcrumb"},"inLanguage":"ro-RO","potentialAction":[{"@type":"ReadAction","target":["https:\/\/shopatoa.com\/ro\/orientica-xo-xclusif-oud-emerald-extract-parfumat-60-ml\/"]}]},{"@type":"ImageObject","inLanguage":"ro-RO","@id":"https:\/\/shopatoa.com\/ro\/orientica-xo-xclusif-oud-emerald-extract-parfumat-60-ml\/#primaryimage","url":"https:\/\/storage.googleapis.com\/cz-shopatoa-img\/ro\/dffef360-unnamed-file.webp","contentUrl":"https:\/\/storage.googleapis.com\/cz-shopatoa-img\/ro\/dffef360-unnamed-file.webp","width":800,"height":800},{"@type":"BreadcrumbList","@id":"https:\/\/shopatoa.com\/ro\/orientica-xo-xclusif-oud-emerald-extract-parfumat-60-ml\/#breadcrumb","itemListElement":[{"@type":"ListItem","position":1,"name":"Dom\u016f","item":"https:\/\/shopatoa.com\/ro\/"},{"@type":"ListItem","position":2,"name":"Shop","item":"https:\/\/shopatoa.com\/ro\/shop\/"},{"@type":"ListItem","position":3,"name":"Parfumuri","item":"https:\/\/shopatoa.com\/ro\/parfumuri\/"},{"@type":"ListItem","position":4,"name":"Parfumuri (P)","item":"https:\/\/shopatoa.com\/ro\/parfumuri-p\/"},{"@type":"ListItem","position":5,"name":"Orientica XO Xclusif Oud Emerald &#8211; extract parfumat 60 ml"}]},{"@type":"WebSite","@id":"https:\/\/shopatoa.com\/ro\/#website","url":"https:\/\/shopatoa.com\/ro\/","name":"SHOPATOA","description":"","publisher":{"@id":"https:\/\/shopatoa.com\/ro\/#organization"},"potentialAction":[{"@type":"SearchAction","target":{"@type":"EntryPoint","urlTemplate":"https:\/\/shopatoa.com\/ro\/?s={search_term_string}"},"query-input":{"@type":"PropertyValueSpecification","valueRequired":true,"valueName":"search_term_string"}}],"inLanguage":"ro-RO"},{"@type":"Organization","@id":"https:\/\/shopatoa.com\/ro\/#organization","name":"SHOPATOA","url":"https:\/\/shopatoa.com\/ro\/","logo":{"@type":"ImageObject","inLanguage":"ro-RO","@id":"https:\/\/shopatoa.com\/ro\/#\/schema\/logo\/image\/","url":"https:\/\/storage.googleapis.com\/cz-shopatoa-img\/ro\/b4dac915-shopatoa_logo.png","contentUrl":"https:\/\/storage.googleapis.com\/cz-shopatoa-img\/ro\/b4dac915-shopatoa_logo.png","width":416,"height":63,"caption":"SHOPATOA"},"image":{"@id":"https:\/\/shopatoa.com\/ro\/#\/schema\/logo\/image\/"}}]}},"_links":{"self":[{"href":"https:\/\/shopatoa.com\/ro\/wp-json\/wp\/v2\/product\/261596","targetHints":{"allow":["GET"]}}],"collection":[{"href":"https:\/\/shopatoa.com\/ro\/wp-json\/wp\/v2\/product"}],"about":[{"href":"https:\/\/shopatoa.com\/ro\/wp-json\/wp\/v2\/types\/product"}],"replies":[{"embeddable":true,"href":"https:\/\/shopatoa.com\/ro\/wp-json\/wp\/v2\/comments?post=261596"}],"wp:featuredmedia":[{"embeddable":true,"href":"https:\/\/shopatoa.com\/ro\/wp-json\/wp\/v2\/media\/338066"}],"wp:attachment":[{"href":"https:\/\/shopatoa.com\/ro\/wp-json\/wp\/v2\/media?parent=261596"}],"wp:term":[{"taxonomy":"product_brand","embeddable":true,"href":"https:\/\/shopatoa.com\/ro\/wp-json\/wp\/v2\/product_brand?post=261596"},{"taxonomy":"product_cat","embeddable":true,"href":"https:\/\/shopatoa.com\/ro\/wp-json\/wp\/v2\/product_cat?post=261596"},{"taxonomy":"product_tag","embeddable":true,"href":"https:\/\/shopatoa.com\/ro\/wp-json\/wp\/v2\/product_tag?post=261596"}],"curies":[{"name":"wp","href":"https:\/\/api.w.org\/{rel}","templated":true}]}}