{"id":261598,"date":"2025-04-27T11:56:06","date_gmt":"2025-04-27T09:56:06","guid":{"rendered":"https:\/\/shopatoa.com\/ro\/guess-uomo-acqua-deodorant-spray-226-ml\/"},"modified":"2025-12-13T16:45:08","modified_gmt":"2025-12-13T15:45:08","slug":"guess-uomo-acqua-deodorant-spray-226-ml","status":"publish","type":"product","link":"https:\/\/shopatoa.com\/ro\/guess-uomo-acqua-deodorant-spray-226-ml\/","title":{"rendered":"Guess Uomo Acqua &#8211; deodorant spray 226 ml"},"content":{"rendered":"<p>Uomo Acqua de la marca Guess este un parfum proasp\u0103t pentru b\u0103rba\u021bi. La \u00eenceput v\u0103 va surprinde l\u0103m\u00e2ia cu o prospe\u021bime u\u0219oar\u0103 de castravete, care este completat\u0103 de o urm\u0103 picant\u0103 de cardamom. Inima combin\u0103 salvia rece cu note p\u0103m\u00e2ntii de chiparos \u0219i ienup\u0103r. Baza este un amestec de note marine dinamice cu mu\u0219chi \u0219i note intense de lemn de santal \u0219i palo santo. Deodorantul v\u0103 va oferi protec\u021bie \u00eempotriva mirosurilor nepl\u0103cute \u0219i o senza\u021bie de prospe\u021bime de lung\u0103 durat\u0103.<\/p>\n","protected":false},"excerpt":{"rendered":"<p>Uomo Acqua de la marca Guess este un parfum proasp\u0103t pentru b\u0103rba\u021bi. La \u00eenceput v\u0103 va surprinde l\u0103m\u00e2ia cu o prospe\u021bime u\u0219oar\u0103 de castravete, care este completat\u0103 de o urm\u0103 picant\u0103 de cardamom. Inima combin\u0103 salvia rece cu note p\u0103m\u00e2ntii de chiparos \u0219i ienup\u0103r. Baza este un amestec de note marine dinamice cu mu\u0219chi \u0219i&#8230;<\/p>\n","protected":false},"featured_media":338068,"comment_status":"closed","ping_status":"open","template":"","meta":{"_acf_changed":false,"_kadence_starter_templates_imported_post":false,"_kad_post_transparent":"","_kad_post_title":"","_kad_post_layout":"","_kad_post_sidebar_id":"","_kad_post_content_style":"","_kad_post_vertical_padding":"","_kad_post_feature":"","_kad_post_feature_position":"","_kad_post_header":false,"_kad_post_footer":false,"_kad_post_classname":""},"product_brand":[277],"product_cat":[646,246,611],"product_tag":[],"class_list":{"0":"post-261598","1":"product","2":"type-product","3":"status-publish","4":"has-post-thumbnail","6":"product_brand-guess","7":"product_cat-antiperspirante-si-deodorante","8":"product_cat-cosmetice","9":"product_cat-produse-cosmetice-pentru-corp","11":"first","12":"instock","13":"sale","14":"product-type-external","15":"entry","16":"content-bg","17":"loop-entry"},"acf":[],"yoast_head":"<!-- This site is optimized with the Yoast SEO plugin v27.4 - https:\/\/yoast.com\/product\/yoast-seo-wordpress\/ -->\n<title>Guess Uomo Acqua - deodorant spray 226 ml - SHOPATOA.COM<\/title>\n<meta name=\"robots\" content=\"index, follow, max-snippet:-1, max-image-preview:large, max-video-preview:-1\" \/>\n<link rel=\"canonical\" href=\"https:\/\/shopatoa.com\/ro\/guess-uomo-acqua-deodorant-spray-226-ml\/\" \/>\n<meta property=\"og:locale\" content=\"ro_RO\" \/>\n<meta property=\"og:type\" content=\"article\" \/>\n<meta property=\"og:title\" content=\"Guess Uomo Acqua - deodorant spray 226 ml - SHOPATOA.COM\" \/>\n<meta property=\"og:description\" content=\"Uomo Acqua de la marca Guess este un parfum proasp\u0103t pentru b\u0103rba\u021bi. La \u00eenceput v\u0103 va surprinde l\u0103m\u00e2ia cu o prospe\u021bime u\u0219oar\u0103 de castravete, care este completat\u0103 de o urm\u0103 picant\u0103 de cardamom. Inima combin\u0103 salvia rece cu note p\u0103m\u00e2ntii de chiparos \u0219i ienup\u0103r. Baza este un amestec de note marine dinamice cu mu\u0219chi \u0219i...\" \/>\n<meta property=\"og:url\" content=\"https:\/\/shopatoa.com\/ro\/guess-uomo-acqua-deodorant-spray-226-ml\/\" \/>\n<meta property=\"og:site_name\" content=\"SHOPATOA\" \/>\n<meta property=\"article:modified_time\" content=\"2025-12-13T15:45:08+00:00\" \/>\n<meta property=\"og:image\" content=\"https:\/\/storage.googleapis.com\/cz-shopatoa-img\/ro\/897f276d-unnamed-file.webp\" \/>\n\t<meta property=\"og:image:width\" content=\"800\" \/>\n\t<meta property=\"og:image:height\" content=\"800\" \/>\n\t<meta property=\"og:image:type\" content=\"image\/webp\" \/>\n<meta name=\"twitter:card\" content=\"summary_large_image\" \/>\n<script type=\"application\/ld+json\" class=\"yoast-schema-graph\">{\"@context\":\"https:\\\/\\\/schema.org\",\"@graph\":[{\"@type\":\"WebPage\",\"@id\":\"https:\\\/\\\/shopatoa.com\\\/ro\\\/guess-uomo-acqua-deodorant-spray-226-ml\\\/\",\"url\":\"https:\\\/\\\/shopatoa.com\\\/ro\\\/guess-uomo-acqua-deodorant-spray-226-ml\\\/\",\"name\":\"Guess Uomo Acqua - deodorant spray 226 ml - SHOPATOA.COM\",\"isPartOf\":{\"@id\":\"https:\\\/\\\/shopatoa.com\\\/ro\\\/#website\"},\"primaryImageOfPage\":{\"@id\":\"https:\\\/\\\/shopatoa.com\\\/ro\\\/guess-uomo-acqua-deodorant-spray-226-ml\\\/#primaryimage\"},\"image\":{\"@id\":\"https:\\\/\\\/shopatoa.com\\\/ro\\\/guess-uomo-acqua-deodorant-spray-226-ml\\\/#primaryimage\"},\"thumbnailUrl\":\"https:\\\/\\\/storage.googleapis.com\\\/cz-shopatoa-img\\\/ro\\\/897f276d-unnamed-file.webp\",\"datePublished\":\"2025-04-27T09:56:06+00:00\",\"dateModified\":\"2025-12-13T15:45:08+00:00\",\"breadcrumb\":{\"@id\":\"https:\\\/\\\/shopatoa.com\\\/ro\\\/guess-uomo-acqua-deodorant-spray-226-ml\\\/#breadcrumb\"},\"inLanguage\":\"ro-RO\",\"potentialAction\":[{\"@type\":\"ReadAction\",\"target\":[\"https:\\\/\\\/shopatoa.com\\\/ro\\\/guess-uomo-acqua-deodorant-spray-226-ml\\\/\"]}]},{\"@type\":\"ImageObject\",\"inLanguage\":\"ro-RO\",\"@id\":\"https:\\\/\\\/shopatoa.com\\\/ro\\\/guess-uomo-acqua-deodorant-spray-226-ml\\\/#primaryimage\",\"url\":\"https:\\\/\\\/storage.googleapis.com\\\/cz-shopatoa-img\\\/ro\\\/897f276d-unnamed-file.webp\",\"contentUrl\":\"https:\\\/\\\/storage.googleapis.com\\\/cz-shopatoa-img\\\/ro\\\/897f276d-unnamed-file.webp\",\"width\":800,\"height\":800},{\"@type\":\"BreadcrumbList\",\"@id\":\"https:\\\/\\\/shopatoa.com\\\/ro\\\/guess-uomo-acqua-deodorant-spray-226-ml\\\/#breadcrumb\",\"itemListElement\":[{\"@type\":\"ListItem\",\"position\":1,\"name\":\"Dom\u016f\",\"item\":\"https:\\\/\\\/shopatoa.com\\\/ro\\\/\"},{\"@type\":\"ListItem\",\"position\":2,\"name\":\"Shop\",\"item\":\"https:\\\/\\\/shopatoa.com\\\/ro\\\/shop\\\/\"},{\"@type\":\"ListItem\",\"position\":3,\"name\":\"Cosmetice\",\"item\":\"https:\\\/\\\/shopatoa.com\\\/ro\\\/cosmetice\\\/\"},{\"@type\":\"ListItem\",\"position\":4,\"name\":\"Produse cosmetice pentru corp\",\"item\":\"https:\\\/\\\/shopatoa.com\\\/ro\\\/produse-cosmetice-pentru-corp\\\/\"},{\"@type\":\"ListItem\",\"position\":5,\"name\":\"Antiperspirante si deodorante\",\"item\":\"https:\\\/\\\/shopatoa.com\\\/ro\\\/antiperspirante-si-deodorante\\\/\"},{\"@type\":\"ListItem\",\"position\":6,\"name\":\"Guess Uomo Acqua &#8211; deodorant spray 226 ml\"}]},{\"@type\":\"WebSite\",\"@id\":\"https:\\\/\\\/shopatoa.com\\\/ro\\\/#website\",\"url\":\"https:\\\/\\\/shopatoa.com\\\/ro\\\/\",\"name\":\"SHOPATOA\",\"description\":\"\",\"publisher\":{\"@id\":\"https:\\\/\\\/shopatoa.com\\\/ro\\\/#organization\"},\"potentialAction\":[{\"@type\":\"SearchAction\",\"target\":{\"@type\":\"EntryPoint\",\"urlTemplate\":\"https:\\\/\\\/shopatoa.com\\\/ro\\\/?s={search_term_string}\"},\"query-input\":{\"@type\":\"PropertyValueSpecification\",\"valueRequired\":true,\"valueName\":\"search_term_string\"}}],\"inLanguage\":\"ro-RO\"},{\"@type\":\"Organization\",\"@id\":\"https:\\\/\\\/shopatoa.com\\\/ro\\\/#organization\",\"name\":\"SHOPATOA\",\"url\":\"https:\\\/\\\/shopatoa.com\\\/ro\\\/\",\"logo\":{\"@type\":\"ImageObject\",\"inLanguage\":\"ro-RO\",\"@id\":\"https:\\\/\\\/shopatoa.com\\\/ro\\\/#\\\/schema\\\/logo\\\/image\\\/\",\"url\":\"https:\\\/\\\/storage.googleapis.com\\\/cz-shopatoa-img\\\/ro\\\/b4dac915-shopatoa_logo.png\",\"contentUrl\":\"https:\\\/\\\/storage.googleapis.com\\\/cz-shopatoa-img\\\/ro\\\/b4dac915-shopatoa_logo.png\",\"width\":416,\"height\":63,\"caption\":\"SHOPATOA\"},\"image\":{\"@id\":\"https:\\\/\\\/shopatoa.com\\\/ro\\\/#\\\/schema\\\/logo\\\/image\\\/\"}}]}<\/script>\n<!-- \/ Yoast SEO plugin. -->","yoast_head_json":{"title":"Guess Uomo Acqua - deodorant spray 226 ml - SHOPATOA.COM","robots":{"index":"index","follow":"follow","max-snippet":"max-snippet:-1","max-image-preview":"max-image-preview:large","max-video-preview":"max-video-preview:-1"},"canonical":"https:\/\/shopatoa.com\/ro\/guess-uomo-acqua-deodorant-spray-226-ml\/","og_locale":"ro_RO","og_type":"article","og_title":"Guess Uomo Acqua - deodorant spray 226 ml - SHOPATOA.COM","og_description":"Uomo Acqua de la marca Guess este un parfum proasp\u0103t pentru b\u0103rba\u021bi. La \u00eenceput v\u0103 va surprinde l\u0103m\u00e2ia cu o prospe\u021bime u\u0219oar\u0103 de castravete, care este completat\u0103 de o urm\u0103 picant\u0103 de cardamom. Inima combin\u0103 salvia rece cu note p\u0103m\u00e2ntii de chiparos \u0219i ienup\u0103r. Baza este un amestec de note marine dinamice cu mu\u0219chi \u0219i...","og_url":"https:\/\/shopatoa.com\/ro\/guess-uomo-acqua-deodorant-spray-226-ml\/","og_site_name":"SHOPATOA","article_modified_time":"2025-12-13T15:45:08+00:00","og_image":[{"width":800,"height":800,"url":"https:\/\/storage.googleapis.com\/cz-shopatoa-img\/ro\/897f276d-unnamed-file.webp","type":"image\/webp"}],"twitter_card":"summary_large_image","schema":{"@context":"https:\/\/schema.org","@graph":[{"@type":"WebPage","@id":"https:\/\/shopatoa.com\/ro\/guess-uomo-acqua-deodorant-spray-226-ml\/","url":"https:\/\/shopatoa.com\/ro\/guess-uomo-acqua-deodorant-spray-226-ml\/","name":"Guess Uomo Acqua - deodorant spray 226 ml - SHOPATOA.COM","isPartOf":{"@id":"https:\/\/shopatoa.com\/ro\/#website"},"primaryImageOfPage":{"@id":"https:\/\/shopatoa.com\/ro\/guess-uomo-acqua-deodorant-spray-226-ml\/#primaryimage"},"image":{"@id":"https:\/\/shopatoa.com\/ro\/guess-uomo-acqua-deodorant-spray-226-ml\/#primaryimage"},"thumbnailUrl":"https:\/\/storage.googleapis.com\/cz-shopatoa-img\/ro\/897f276d-unnamed-file.webp","datePublished":"2025-04-27T09:56:06+00:00","dateModified":"2025-12-13T15:45:08+00:00","breadcrumb":{"@id":"https:\/\/shopatoa.com\/ro\/guess-uomo-acqua-deodorant-spray-226-ml\/#breadcrumb"},"inLanguage":"ro-RO","potentialAction":[{"@type":"ReadAction","target":["https:\/\/shopatoa.com\/ro\/guess-uomo-acqua-deodorant-spray-226-ml\/"]}]},{"@type":"ImageObject","inLanguage":"ro-RO","@id":"https:\/\/shopatoa.com\/ro\/guess-uomo-acqua-deodorant-spray-226-ml\/#primaryimage","url":"https:\/\/storage.googleapis.com\/cz-shopatoa-img\/ro\/897f276d-unnamed-file.webp","contentUrl":"https:\/\/storage.googleapis.com\/cz-shopatoa-img\/ro\/897f276d-unnamed-file.webp","width":800,"height":800},{"@type":"BreadcrumbList","@id":"https:\/\/shopatoa.com\/ro\/guess-uomo-acqua-deodorant-spray-226-ml\/#breadcrumb","itemListElement":[{"@type":"ListItem","position":1,"name":"Dom\u016f","item":"https:\/\/shopatoa.com\/ro\/"},{"@type":"ListItem","position":2,"name":"Shop","item":"https:\/\/shopatoa.com\/ro\/shop\/"},{"@type":"ListItem","position":3,"name":"Cosmetice","item":"https:\/\/shopatoa.com\/ro\/cosmetice\/"},{"@type":"ListItem","position":4,"name":"Produse cosmetice pentru corp","item":"https:\/\/shopatoa.com\/ro\/produse-cosmetice-pentru-corp\/"},{"@type":"ListItem","position":5,"name":"Antiperspirante si deodorante","item":"https:\/\/shopatoa.com\/ro\/antiperspirante-si-deodorante\/"},{"@type":"ListItem","position":6,"name":"Guess Uomo Acqua &#8211; deodorant spray 226 ml"}]},{"@type":"WebSite","@id":"https:\/\/shopatoa.com\/ro\/#website","url":"https:\/\/shopatoa.com\/ro\/","name":"SHOPATOA","description":"","publisher":{"@id":"https:\/\/shopatoa.com\/ro\/#organization"},"potentialAction":[{"@type":"SearchAction","target":{"@type":"EntryPoint","urlTemplate":"https:\/\/shopatoa.com\/ro\/?s={search_term_string}"},"query-input":{"@type":"PropertyValueSpecification","valueRequired":true,"valueName":"search_term_string"}}],"inLanguage":"ro-RO"},{"@type":"Organization","@id":"https:\/\/shopatoa.com\/ro\/#organization","name":"SHOPATOA","url":"https:\/\/shopatoa.com\/ro\/","logo":{"@type":"ImageObject","inLanguage":"ro-RO","@id":"https:\/\/shopatoa.com\/ro\/#\/schema\/logo\/image\/","url":"https:\/\/storage.googleapis.com\/cz-shopatoa-img\/ro\/b4dac915-shopatoa_logo.png","contentUrl":"https:\/\/storage.googleapis.com\/cz-shopatoa-img\/ro\/b4dac915-shopatoa_logo.png","width":416,"height":63,"caption":"SHOPATOA"},"image":{"@id":"https:\/\/shopatoa.com\/ro\/#\/schema\/logo\/image\/"}}]}},"_links":{"self":[{"href":"https:\/\/shopatoa.com\/ro\/wp-json\/wp\/v2\/product\/261598","targetHints":{"allow":["GET"]}}],"collection":[{"href":"https:\/\/shopatoa.com\/ro\/wp-json\/wp\/v2\/product"}],"about":[{"href":"https:\/\/shopatoa.com\/ro\/wp-json\/wp\/v2\/types\/product"}],"replies":[{"embeddable":true,"href":"https:\/\/shopatoa.com\/ro\/wp-json\/wp\/v2\/comments?post=261598"}],"wp:featuredmedia":[{"embeddable":true,"href":"https:\/\/shopatoa.com\/ro\/wp-json\/wp\/v2\/media\/338068"}],"wp:attachment":[{"href":"https:\/\/shopatoa.com\/ro\/wp-json\/wp\/v2\/media?parent=261598"}],"wp:term":[{"taxonomy":"product_brand","embeddable":true,"href":"https:\/\/shopatoa.com\/ro\/wp-json\/wp\/v2\/product_brand?post=261598"},{"taxonomy":"product_cat","embeddable":true,"href":"https:\/\/shopatoa.com\/ro\/wp-json\/wp\/v2\/product_cat?post=261598"},{"taxonomy":"product_tag","embeddable":true,"href":"https:\/\/shopatoa.com\/ro\/wp-json\/wp\/v2\/product_tag?post=261598"}],"curies":[{"name":"wp","href":"https:\/\/api.w.org\/{rel}","templated":true}]}}