{"id":261639,"date":"2025-04-27T12:11:36","date_gmt":"2025-04-27T10:11:36","guid":{"rendered":"https:\/\/shopatoa.com\/ro\/argital-crema-de-echilibrare-cu-vasc-si-argila-verde-50-ml\/"},"modified":"2025-10-02T11:37:19","modified_gmt":"2025-10-02T09:37:19","slug":"argital-crema-de-echilibrare-cu-vasc-si-argila-verde-50-ml","status":"publish","type":"product","link":"https:\/\/shopatoa.com\/ro\/argital-crema-de-echilibrare-cu-vasc-si-argila-verde-50-ml\/","title":{"rendered":"Argital Crem\u0103 de echilibrare cu v\u00e2sc \u0219i argil\u0103 verde 50 ml"},"content":{"rendered":"<p>Crema de echilibrare cu v\u00e2sc \u0219i argil\u0103 verde este un produs multifunc\u021bional inovator cu efecte excelente de calmare \u0219i echilibrare a pielii. Combin\u0103 efectele universale ale v\u00e2scului \u0219i propriet\u0103\u021bile purificatoare ale argilei verzi. V\u00e2scul are un efect stimulator semnificativ asupra sistemului imunitar al pielii, ceea ce ajut\u0103 la vindecarea acesteia. Calmeaz\u0103, normalizeaz\u0103 \u0219i restabile\u0219te echilibrul s\u0103u natural s\u0103n\u0103tos, chiar \u0219i \u00een caz de ro\u0219ea\u021b\u0103 sau \u00een caz de tendin\u021b\u0103 spre formarea dermatitei. \u00cen plus, regenereaz\u0103, lumineaz\u0103 \u0219i contracareaz\u0103 \u00eemb\u0103tr\u00e2nirea pielii. Ac\u021bioneaz\u0103 asupra pielii ca un cortizon vegetal. Din punctul de vedere al antroposofiei, este o plant\u0103 lunar\u0103. Gelul de argil\u0103 verde \u00eent\u0103re\u0219te efectele v\u00e2scului. Absoarbe radicalii liberi, furnizeaz\u0103 pielii minerale \u0219i previne formarea ridurilor. \u00cembun\u0103t\u0103\u021be\u0219te elasticitatea pielii \u0219i tonific\u0103 pielea. Uleiurile vegetale din migdale, m\u0103sline \u0219i jojoba hr\u0103nesc \u0219i protejeaz\u0103 pielea. Men\u021bin pielea supl\u0103 \u0219i elastic\u0103. Uleiul esen\u021bial de lavand\u0103 Gold calmeaz\u0103 pielea \u0219i confer\u0103 cremei parfumul s\u0103u pl\u0103cut.<\/p>\n","protected":false},"excerpt":{"rendered":"<p>Crema de echilibrare cu v\u00e2sc \u0219i argil\u0103 verde este un produs multifunc\u021bional inovator cu efecte excelente de calmare \u0219i echilibrare a pielii. Combin\u0103 efectele universale ale v\u00e2scului \u0219i propriet\u0103\u021bile purificatoare ale argilei verzi. V\u00e2scul are un efect stimulator semnificativ asupra sistemului imunitar al pielii, ceea ce ajut\u0103 la vindecarea acesteia. Calmeaz\u0103, normalizeaz\u0103 \u0219i restabile\u0219te echilibrul&#8230;<\/p>\n","protected":false},"featured_media":338108,"comment_status":"closed","ping_status":"open","template":"","meta":{"_acf_changed":false,"_kadence_starter_templates_imported_post":false,"_kad_post_transparent":"","_kad_post_title":"","_kad_post_layout":"","_kad_post_sidebar_id":"","_kad_post_content_style":"","_kad_post_vertical_padding":"","_kad_post_feature":"","_kad_post_feature_position":"","_kad_post_header":false,"_kad_post_footer":false,"_kad_post_classname":""},"product_brand":[349],"product_cat":[246,633],"product_tag":[],"class_list":{"0":"post-261639","1":"product","2":"type-product","3":"status-publish","4":"has-post-thumbnail","6":"product_brand-argital","7":"product_cat-cosmetice","8":"product_cat-produse-cosmetice-pentru-piele","10":"first","11":"instock","12":"product-type-external","13":"entry","14":"content-bg","15":"loop-entry"},"acf":[],"yoast_head":"<!-- This site is optimized with the Yoast SEO plugin v27.3 - https:\/\/yoast.com\/product\/yoast-seo-wordpress\/ -->\n<title>Argital Crem\u0103 de echilibrare cu v\u00e2sc \u0219i argil\u0103 verde 50 ml - SHOPATOA.COM<\/title>\n<meta name=\"robots\" content=\"index, follow, max-snippet:-1, max-image-preview:large, max-video-preview:-1\" \/>\n<link rel=\"canonical\" href=\"https:\/\/shopatoa.com\/ro\/argital-crema-de-echilibrare-cu-vasc-si-argila-verde-50-ml\/\" \/>\n<meta property=\"og:locale\" content=\"ro_RO\" \/>\n<meta property=\"og:type\" content=\"article\" \/>\n<meta property=\"og:title\" content=\"Argital Crem\u0103 de echilibrare cu v\u00e2sc \u0219i argil\u0103 verde 50 ml - SHOPATOA.COM\" \/>\n<meta property=\"og:description\" content=\"Crema de echilibrare cu v\u00e2sc \u0219i argil\u0103 verde este un produs multifunc\u021bional inovator cu efecte excelente de calmare \u0219i echilibrare a pielii. Combin\u0103 efectele universale ale v\u00e2scului \u0219i propriet\u0103\u021bile purificatoare ale argilei verzi. V\u00e2scul are un efect stimulator semnificativ asupra sistemului imunitar al pielii, ceea ce ajut\u0103 la vindecarea acesteia. Calmeaz\u0103, normalizeaz\u0103 \u0219i restabile\u0219te echilibrul...\" \/>\n<meta property=\"og:url\" content=\"https:\/\/shopatoa.com\/ro\/argital-crema-de-echilibrare-cu-vasc-si-argila-verde-50-ml\/\" \/>\n<meta property=\"og:site_name\" content=\"SHOPATOA\" \/>\n<meta property=\"article:modified_time\" content=\"2025-10-02T09:37:19+00:00\" \/>\n<meta property=\"og:image\" content=\"https:\/\/storage.googleapis.com\/cz-shopatoa-img\/ro\/76943f5b-unnamed-file.webp\" \/>\n\t<meta property=\"og:image:width\" content=\"800\" \/>\n\t<meta property=\"og:image:height\" content=\"800\" \/>\n\t<meta property=\"og:image:type\" content=\"image\/webp\" \/>\n<meta name=\"twitter:card\" content=\"summary_large_image\" \/>\n<meta name=\"twitter:label1\" content=\"Timp estimat pentru citire\" \/>\n\t<meta name=\"twitter:data1\" content=\"1 minut\" \/>\n<script type=\"application\/ld+json\" class=\"yoast-schema-graph\">{\"@context\":\"https:\\\/\\\/schema.org\",\"@graph\":[{\"@type\":\"WebPage\",\"@id\":\"https:\\\/\\\/shopatoa.com\\\/ro\\\/argital-crema-de-echilibrare-cu-vasc-si-argila-verde-50-ml\\\/\",\"url\":\"https:\\\/\\\/shopatoa.com\\\/ro\\\/argital-crema-de-echilibrare-cu-vasc-si-argila-verde-50-ml\\\/\",\"name\":\"Argital Crem\u0103 de echilibrare cu v\u00e2sc \u0219i argil\u0103 verde 50 ml - SHOPATOA.COM\",\"isPartOf\":{\"@id\":\"https:\\\/\\\/shopatoa.com\\\/ro\\\/#website\"},\"primaryImageOfPage\":{\"@id\":\"https:\\\/\\\/shopatoa.com\\\/ro\\\/argital-crema-de-echilibrare-cu-vasc-si-argila-verde-50-ml\\\/#primaryimage\"},\"image\":{\"@id\":\"https:\\\/\\\/shopatoa.com\\\/ro\\\/argital-crema-de-echilibrare-cu-vasc-si-argila-verde-50-ml\\\/#primaryimage\"},\"thumbnailUrl\":\"https:\\\/\\\/storage.googleapis.com\\\/cz-shopatoa-img\\\/ro\\\/76943f5b-unnamed-file.webp\",\"datePublished\":\"2025-04-27T10:11:36+00:00\",\"dateModified\":\"2025-10-02T09:37:19+00:00\",\"breadcrumb\":{\"@id\":\"https:\\\/\\\/shopatoa.com\\\/ro\\\/argital-crema-de-echilibrare-cu-vasc-si-argila-verde-50-ml\\\/#breadcrumb\"},\"inLanguage\":\"ro-RO\",\"potentialAction\":[{\"@type\":\"ReadAction\",\"target\":[\"https:\\\/\\\/shopatoa.com\\\/ro\\\/argital-crema-de-echilibrare-cu-vasc-si-argila-verde-50-ml\\\/\"]}]},{\"@type\":\"ImageObject\",\"inLanguage\":\"ro-RO\",\"@id\":\"https:\\\/\\\/shopatoa.com\\\/ro\\\/argital-crema-de-echilibrare-cu-vasc-si-argila-verde-50-ml\\\/#primaryimage\",\"url\":\"https:\\\/\\\/storage.googleapis.com\\\/cz-shopatoa-img\\\/ro\\\/76943f5b-unnamed-file.webp\",\"contentUrl\":\"https:\\\/\\\/storage.googleapis.com\\\/cz-shopatoa-img\\\/ro\\\/76943f5b-unnamed-file.webp\",\"width\":800,\"height\":800},{\"@type\":\"BreadcrumbList\",\"@id\":\"https:\\\/\\\/shopatoa.com\\\/ro\\\/argital-crema-de-echilibrare-cu-vasc-si-argila-verde-50-ml\\\/#breadcrumb\",\"itemListElement\":[{\"@type\":\"ListItem\",\"position\":1,\"name\":\"Dom\u016f\",\"item\":\"https:\\\/\\\/shopatoa.com\\\/ro\\\/\"},{\"@type\":\"ListItem\",\"position\":2,\"name\":\"Shop\",\"item\":\"https:\\\/\\\/shopatoa.com\\\/ro\\\/shop\\\/\"},{\"@type\":\"ListItem\",\"position\":3,\"name\":\"Cosmetice\",\"item\":\"https:\\\/\\\/shopatoa.com\\\/ro\\\/cosmetice\\\/\"},{\"@type\":\"ListItem\",\"position\":4,\"name\":\"Produse cosmetice pentru piele\",\"item\":\"https:\\\/\\\/shopatoa.com\\\/ro\\\/produse-cosmetice-pentru-piele\\\/\"},{\"@type\":\"ListItem\",\"position\":5,\"name\":\"Argital Crem\u0103 de echilibrare cu v\u00e2sc \u0219i argil\u0103 verde 50 ml\"}]},{\"@type\":\"WebSite\",\"@id\":\"https:\\\/\\\/shopatoa.com\\\/ro\\\/#website\",\"url\":\"https:\\\/\\\/shopatoa.com\\\/ro\\\/\",\"name\":\"SHOPATOA\",\"description\":\"\",\"publisher\":{\"@id\":\"https:\\\/\\\/shopatoa.com\\\/ro\\\/#organization\"},\"potentialAction\":[{\"@type\":\"SearchAction\",\"target\":{\"@type\":\"EntryPoint\",\"urlTemplate\":\"https:\\\/\\\/shopatoa.com\\\/ro\\\/?s={search_term_string}\"},\"query-input\":{\"@type\":\"PropertyValueSpecification\",\"valueRequired\":true,\"valueName\":\"search_term_string\"}}],\"inLanguage\":\"ro-RO\"},{\"@type\":\"Organization\",\"@id\":\"https:\\\/\\\/shopatoa.com\\\/ro\\\/#organization\",\"name\":\"SHOPATOA\",\"url\":\"https:\\\/\\\/shopatoa.com\\\/ro\\\/\",\"logo\":{\"@type\":\"ImageObject\",\"inLanguage\":\"ro-RO\",\"@id\":\"https:\\\/\\\/shopatoa.com\\\/ro\\\/#\\\/schema\\\/logo\\\/image\\\/\",\"url\":\"https:\\\/\\\/storage.googleapis.com\\\/cz-shopatoa-img\\\/ro\\\/b4dac915-shopatoa_logo.png\",\"contentUrl\":\"https:\\\/\\\/storage.googleapis.com\\\/cz-shopatoa-img\\\/ro\\\/b4dac915-shopatoa_logo.png\",\"width\":416,\"height\":63,\"caption\":\"SHOPATOA\"},\"image\":{\"@id\":\"https:\\\/\\\/shopatoa.com\\\/ro\\\/#\\\/schema\\\/logo\\\/image\\\/\"}}]}<\/script>\n<!-- \/ Yoast SEO plugin. -->","yoast_head_json":{"title":"Argital Crem\u0103 de echilibrare cu v\u00e2sc \u0219i argil\u0103 verde 50 ml - SHOPATOA.COM","robots":{"index":"index","follow":"follow","max-snippet":"max-snippet:-1","max-image-preview":"max-image-preview:large","max-video-preview":"max-video-preview:-1"},"canonical":"https:\/\/shopatoa.com\/ro\/argital-crema-de-echilibrare-cu-vasc-si-argila-verde-50-ml\/","og_locale":"ro_RO","og_type":"article","og_title":"Argital Crem\u0103 de echilibrare cu v\u00e2sc \u0219i argil\u0103 verde 50 ml - SHOPATOA.COM","og_description":"Crema de echilibrare cu v\u00e2sc \u0219i argil\u0103 verde este un produs multifunc\u021bional inovator cu efecte excelente de calmare \u0219i echilibrare a pielii. Combin\u0103 efectele universale ale v\u00e2scului \u0219i propriet\u0103\u021bile purificatoare ale argilei verzi. V\u00e2scul are un efect stimulator semnificativ asupra sistemului imunitar al pielii, ceea ce ajut\u0103 la vindecarea acesteia. Calmeaz\u0103, normalizeaz\u0103 \u0219i restabile\u0219te echilibrul...","og_url":"https:\/\/shopatoa.com\/ro\/argital-crema-de-echilibrare-cu-vasc-si-argila-verde-50-ml\/","og_site_name":"SHOPATOA","article_modified_time":"2025-10-02T09:37:19+00:00","og_image":[{"width":800,"height":800,"url":"https:\/\/storage.googleapis.com\/cz-shopatoa-img\/ro\/76943f5b-unnamed-file.webp","type":"image\/webp"}],"twitter_card":"summary_large_image","twitter_misc":{"Timp estimat pentru citire":"1 minut"},"schema":{"@context":"https:\/\/schema.org","@graph":[{"@type":"WebPage","@id":"https:\/\/shopatoa.com\/ro\/argital-crema-de-echilibrare-cu-vasc-si-argila-verde-50-ml\/","url":"https:\/\/shopatoa.com\/ro\/argital-crema-de-echilibrare-cu-vasc-si-argila-verde-50-ml\/","name":"Argital Crem\u0103 de echilibrare cu v\u00e2sc \u0219i argil\u0103 verde 50 ml - SHOPATOA.COM","isPartOf":{"@id":"https:\/\/shopatoa.com\/ro\/#website"},"primaryImageOfPage":{"@id":"https:\/\/shopatoa.com\/ro\/argital-crema-de-echilibrare-cu-vasc-si-argila-verde-50-ml\/#primaryimage"},"image":{"@id":"https:\/\/shopatoa.com\/ro\/argital-crema-de-echilibrare-cu-vasc-si-argila-verde-50-ml\/#primaryimage"},"thumbnailUrl":"https:\/\/storage.googleapis.com\/cz-shopatoa-img\/ro\/76943f5b-unnamed-file.webp","datePublished":"2025-04-27T10:11:36+00:00","dateModified":"2025-10-02T09:37:19+00:00","breadcrumb":{"@id":"https:\/\/shopatoa.com\/ro\/argital-crema-de-echilibrare-cu-vasc-si-argila-verde-50-ml\/#breadcrumb"},"inLanguage":"ro-RO","potentialAction":[{"@type":"ReadAction","target":["https:\/\/shopatoa.com\/ro\/argital-crema-de-echilibrare-cu-vasc-si-argila-verde-50-ml\/"]}]},{"@type":"ImageObject","inLanguage":"ro-RO","@id":"https:\/\/shopatoa.com\/ro\/argital-crema-de-echilibrare-cu-vasc-si-argila-verde-50-ml\/#primaryimage","url":"https:\/\/storage.googleapis.com\/cz-shopatoa-img\/ro\/76943f5b-unnamed-file.webp","contentUrl":"https:\/\/storage.googleapis.com\/cz-shopatoa-img\/ro\/76943f5b-unnamed-file.webp","width":800,"height":800},{"@type":"BreadcrumbList","@id":"https:\/\/shopatoa.com\/ro\/argital-crema-de-echilibrare-cu-vasc-si-argila-verde-50-ml\/#breadcrumb","itemListElement":[{"@type":"ListItem","position":1,"name":"Dom\u016f","item":"https:\/\/shopatoa.com\/ro\/"},{"@type":"ListItem","position":2,"name":"Shop","item":"https:\/\/shopatoa.com\/ro\/shop\/"},{"@type":"ListItem","position":3,"name":"Cosmetice","item":"https:\/\/shopatoa.com\/ro\/cosmetice\/"},{"@type":"ListItem","position":4,"name":"Produse cosmetice pentru piele","item":"https:\/\/shopatoa.com\/ro\/produse-cosmetice-pentru-piele\/"},{"@type":"ListItem","position":5,"name":"Argital Crem\u0103 de echilibrare cu v\u00e2sc \u0219i argil\u0103 verde 50 ml"}]},{"@type":"WebSite","@id":"https:\/\/shopatoa.com\/ro\/#website","url":"https:\/\/shopatoa.com\/ro\/","name":"SHOPATOA","description":"","publisher":{"@id":"https:\/\/shopatoa.com\/ro\/#organization"},"potentialAction":[{"@type":"SearchAction","target":{"@type":"EntryPoint","urlTemplate":"https:\/\/shopatoa.com\/ro\/?s={search_term_string}"},"query-input":{"@type":"PropertyValueSpecification","valueRequired":true,"valueName":"search_term_string"}}],"inLanguage":"ro-RO"},{"@type":"Organization","@id":"https:\/\/shopatoa.com\/ro\/#organization","name":"SHOPATOA","url":"https:\/\/shopatoa.com\/ro\/","logo":{"@type":"ImageObject","inLanguage":"ro-RO","@id":"https:\/\/shopatoa.com\/ro\/#\/schema\/logo\/image\/","url":"https:\/\/storage.googleapis.com\/cz-shopatoa-img\/ro\/b4dac915-shopatoa_logo.png","contentUrl":"https:\/\/storage.googleapis.com\/cz-shopatoa-img\/ro\/b4dac915-shopatoa_logo.png","width":416,"height":63,"caption":"SHOPATOA"},"image":{"@id":"https:\/\/shopatoa.com\/ro\/#\/schema\/logo\/image\/"}}]}},"_links":{"self":[{"href":"https:\/\/shopatoa.com\/ro\/wp-json\/wp\/v2\/product\/261639","targetHints":{"allow":["GET"]}}],"collection":[{"href":"https:\/\/shopatoa.com\/ro\/wp-json\/wp\/v2\/product"}],"about":[{"href":"https:\/\/shopatoa.com\/ro\/wp-json\/wp\/v2\/types\/product"}],"replies":[{"embeddable":true,"href":"https:\/\/shopatoa.com\/ro\/wp-json\/wp\/v2\/comments?post=261639"}],"wp:featuredmedia":[{"embeddable":true,"href":"https:\/\/shopatoa.com\/ro\/wp-json\/wp\/v2\/media\/338108"}],"wp:attachment":[{"href":"https:\/\/shopatoa.com\/ro\/wp-json\/wp\/v2\/media?parent=261639"}],"wp:term":[{"taxonomy":"product_brand","embeddable":true,"href":"https:\/\/shopatoa.com\/ro\/wp-json\/wp\/v2\/product_brand?post=261639"},{"taxonomy":"product_cat","embeddable":true,"href":"https:\/\/shopatoa.com\/ro\/wp-json\/wp\/v2\/product_cat?post=261639"},{"taxonomy":"product_tag","embeddable":true,"href":"https:\/\/shopatoa.com\/ro\/wp-json\/wp\/v2\/product_tag?post=261639"}],"curies":[{"name":"wp","href":"https:\/\/api.w.org\/{rel}","templated":true}]}}