{"id":261651,"date":"2025-04-27T12:16:40","date_gmt":"2025-04-27T10:16:40","guid":{"rendered":"https:\/\/shopatoa.com\/ro\/pola-cosmetics-machiaj-opac-hd-make-up-perfect-look-30-ml-m395\/"},"modified":"2025-12-13T16:13:03","modified_gmt":"2025-12-13T15:13:03","slug":"pola-cosmetics-machiaj-opac-hd-make-up-perfect-look-30-ml-m395","status":"publish","type":"product","link":"https:\/\/shopatoa.com\/ro\/pola-cosmetics-machiaj-opac-hd-make-up-perfect-look-30-ml-m395\/","title":{"rendered":"Pola Cosmetics Machiaj opac HD make-up Perfect Look 30 ml M395"},"content":{"rendered":"<p>Fiecare femeie vrea s\u0103 arate natural, dar \u00een acela\u0219i timp \u00ee\u0219i dore\u0219te c\u0103 imperfec\u021biunile pielii r\u0103m\u00e2n nev\u0103zute. Descoperi\u021bi magia machiajului opac Pola Cosmetics Perfect Look, care va deveni ajutorul dvs. de zi cu zi. Acoperirea perfect\u0103 asigur\u0103 o tenul impecabil, f\u0103r\u0103 defecte, iar textura fin\u0103 \u00eei confer\u0103 un aspect m\u0103t\u0103sos. Alege\u021bi-v\u0103 nuan\u021ba potrivit\u0103 \u0219i las\u0103\u021bi s\u0103 fi\u021bi r\u0103sf\u0103\u021bat\u0103 din prim\u0103var\u0103 p\u00e2n\u0103 \u00een iarn\u0103. Datorit\u0103 sistemului airless stoarce\u021bi \u0219i ultima pic\u0103tur\u0103 de machiaj din ambalaj.<\/p>\n","protected":false},"excerpt":{"rendered":"<p>Fiecare femeie vrea s\u0103 arate natural, dar \u00een acela\u0219i timp \u00ee\u0219i dore\u0219te c\u0103 imperfec\u021biunile pielii r\u0103m\u00e2n nev\u0103zute. Descoperi\u021bi magia machiajului opac Pola Cosmetics Perfect Look, care va deveni ajutorul dvs. de zi cu zi. Acoperirea perfect\u0103 asigur\u0103 o tenul impecabil, f\u0103r\u0103 defecte, iar textura fin\u0103 \u00eei confer\u0103 un aspect m\u0103t\u0103sos. Alege\u021bi-v\u0103 nuan\u021ba potrivit\u0103 \u0219i las\u0103\u021bi&#8230;<\/p>\n","protected":false},"featured_media":338120,"comment_status":"closed","ping_status":"open","template":"","meta":{"_acf_changed":false,"_kadence_starter_templates_imported_post":false,"_kad_post_transparent":"","_kad_post_title":"","_kad_post_layout":"","_kad_post_sidebar_id":"","_kad_post_content_style":"","_kad_post_vertical_padding":"","_kad_post_feature":"","_kad_post_feature_position":"","_kad_post_header":false,"_kad_post_footer":false,"_kad_post_classname":""},"product_brand":[492],"product_cat":[246,609,616,705],"product_tag":[],"class_list":{"0":"post-261651","1":"product","2":"type-product","3":"status-publish","4":"has-post-thumbnail","6":"product_brand-pola-cosmetics","7":"product_cat-cosmetice","8":"product_cat-cosmetice-decorative","9":"product_cat-machiaj-pentru-fata","10":"product_cat-make-ups","12":"first","13":"instock","14":"product-type-external","15":"entry","16":"content-bg","17":"loop-entry"},"acf":[],"yoast_head":"<!-- This site is optimized with the Yoast SEO plugin v27.3 - https:\/\/yoast.com\/product\/yoast-seo-wordpress\/ -->\n<title>Pola Cosmetics Machiaj opac HD make-up Perfect Look 30 ml M395 - SHOPATOA.COM<\/title>\n<meta name=\"robots\" content=\"index, follow, max-snippet:-1, max-image-preview:large, max-video-preview:-1\" \/>\n<link rel=\"canonical\" href=\"https:\/\/shopatoa.com\/ro\/pola-cosmetics-machiaj-opac-hd-make-up-perfect-look-30-ml-m395\/\" \/>\n<meta property=\"og:locale\" content=\"ro_RO\" \/>\n<meta property=\"og:type\" content=\"article\" \/>\n<meta property=\"og:title\" content=\"Pola Cosmetics Machiaj opac HD make-up Perfect Look 30 ml M395 - SHOPATOA.COM\" \/>\n<meta property=\"og:description\" content=\"Fiecare femeie vrea s\u0103 arate natural, dar \u00een acela\u0219i timp \u00ee\u0219i dore\u0219te c\u0103 imperfec\u021biunile pielii r\u0103m\u00e2n nev\u0103zute. Descoperi\u021bi magia machiajului opac Pola Cosmetics Perfect Look, care va deveni ajutorul dvs. de zi cu zi. Acoperirea perfect\u0103 asigur\u0103 o tenul impecabil, f\u0103r\u0103 defecte, iar textura fin\u0103 \u00eei confer\u0103 un aspect m\u0103t\u0103sos. Alege\u021bi-v\u0103 nuan\u021ba potrivit\u0103 \u0219i las\u0103\u021bi...\" \/>\n<meta property=\"og:url\" content=\"https:\/\/shopatoa.com\/ro\/pola-cosmetics-machiaj-opac-hd-make-up-perfect-look-30-ml-m395\/\" \/>\n<meta property=\"og:site_name\" content=\"SHOPATOA\" \/>\n<meta property=\"article:modified_time\" content=\"2025-12-13T15:13:03+00:00\" \/>\n<meta property=\"og:image\" content=\"https:\/\/storage.googleapis.com\/cz-shopatoa-img\/ro\/a5348d8b-.webp\" \/>\n\t<meta property=\"og:image:width\" content=\"800\" \/>\n\t<meta property=\"og:image:height\" content=\"800\" \/>\n\t<meta property=\"og:image:type\" content=\"image\/webp\" \/>\n<meta name=\"twitter:card\" content=\"summary_large_image\" \/>\n<script type=\"application\/ld+json\" class=\"yoast-schema-graph\">{\"@context\":\"https:\\\/\\\/schema.org\",\"@graph\":[{\"@type\":\"WebPage\",\"@id\":\"https:\\\/\\\/shopatoa.com\\\/ro\\\/pola-cosmetics-machiaj-opac-hd-make-up-perfect-look-30-ml-m395\\\/\",\"url\":\"https:\\\/\\\/shopatoa.com\\\/ro\\\/pola-cosmetics-machiaj-opac-hd-make-up-perfect-look-30-ml-m395\\\/\",\"name\":\"Pola Cosmetics Machiaj opac HD make-up Perfect Look 30 ml M395 - SHOPATOA.COM\",\"isPartOf\":{\"@id\":\"https:\\\/\\\/shopatoa.com\\\/ro\\\/#website\"},\"primaryImageOfPage\":{\"@id\":\"https:\\\/\\\/shopatoa.com\\\/ro\\\/pola-cosmetics-machiaj-opac-hd-make-up-perfect-look-30-ml-m395\\\/#primaryimage\"},\"image\":{\"@id\":\"https:\\\/\\\/shopatoa.com\\\/ro\\\/pola-cosmetics-machiaj-opac-hd-make-up-perfect-look-30-ml-m395\\\/#primaryimage\"},\"thumbnailUrl\":\"https:\\\/\\\/storage.googleapis.com\\\/cz-shopatoa-img\\\/ro\\\/a5348d8b-.webp\",\"datePublished\":\"2025-04-27T10:16:40+00:00\",\"dateModified\":\"2025-12-13T15:13:03+00:00\",\"breadcrumb\":{\"@id\":\"https:\\\/\\\/shopatoa.com\\\/ro\\\/pola-cosmetics-machiaj-opac-hd-make-up-perfect-look-30-ml-m395\\\/#breadcrumb\"},\"inLanguage\":\"ro-RO\",\"potentialAction\":[{\"@type\":\"ReadAction\",\"target\":[\"https:\\\/\\\/shopatoa.com\\\/ro\\\/pola-cosmetics-machiaj-opac-hd-make-up-perfect-look-30-ml-m395\\\/\"]}]},{\"@type\":\"ImageObject\",\"inLanguage\":\"ro-RO\",\"@id\":\"https:\\\/\\\/shopatoa.com\\\/ro\\\/pola-cosmetics-machiaj-opac-hd-make-up-perfect-look-30-ml-m395\\\/#primaryimage\",\"url\":\"https:\\\/\\\/storage.googleapis.com\\\/cz-shopatoa-img\\\/ro\\\/a5348d8b-.webp\",\"contentUrl\":\"https:\\\/\\\/storage.googleapis.com\\\/cz-shopatoa-img\\\/ro\\\/a5348d8b-.webp\",\"width\":800,\"height\":800},{\"@type\":\"BreadcrumbList\",\"@id\":\"https:\\\/\\\/shopatoa.com\\\/ro\\\/pola-cosmetics-machiaj-opac-hd-make-up-perfect-look-30-ml-m395\\\/#breadcrumb\",\"itemListElement\":[{\"@type\":\"ListItem\",\"position\":1,\"name\":\"Dom\u016f\",\"item\":\"https:\\\/\\\/shopatoa.com\\\/ro\\\/\"},{\"@type\":\"ListItem\",\"position\":2,\"name\":\"Shop\",\"item\":\"https:\\\/\\\/shopatoa.com\\\/ro\\\/shop\\\/\"},{\"@type\":\"ListItem\",\"position\":3,\"name\":\"Cosmetice\",\"item\":\"https:\\\/\\\/shopatoa.com\\\/ro\\\/cosmetice\\\/\"},{\"@type\":\"ListItem\",\"position\":4,\"name\":\"Cosmetice decorative\",\"item\":\"https:\\\/\\\/shopatoa.com\\\/ro\\\/cosmetice-decorative\\\/\"},{\"@type\":\"ListItem\",\"position\":5,\"name\":\"Machiaj pentru fa\u021ba\",\"item\":\"https:\\\/\\\/shopatoa.com\\\/ro\\\/machiaj-pentru-fata\\\/\"},{\"@type\":\"ListItem\",\"position\":6,\"name\":\"Make-ups\",\"item\":\"https:\\\/\\\/shopatoa.com\\\/ro\\\/make-ups\\\/\"},{\"@type\":\"ListItem\",\"position\":7,\"name\":\"Pola Cosmetics Machiaj opac HD make-up Perfect Look 30 ml M395\"}]},{\"@type\":\"WebSite\",\"@id\":\"https:\\\/\\\/shopatoa.com\\\/ro\\\/#website\",\"url\":\"https:\\\/\\\/shopatoa.com\\\/ro\\\/\",\"name\":\"SHOPATOA\",\"description\":\"\",\"publisher\":{\"@id\":\"https:\\\/\\\/shopatoa.com\\\/ro\\\/#organization\"},\"potentialAction\":[{\"@type\":\"SearchAction\",\"target\":{\"@type\":\"EntryPoint\",\"urlTemplate\":\"https:\\\/\\\/shopatoa.com\\\/ro\\\/?s={search_term_string}\"},\"query-input\":{\"@type\":\"PropertyValueSpecification\",\"valueRequired\":true,\"valueName\":\"search_term_string\"}}],\"inLanguage\":\"ro-RO\"},{\"@type\":\"Organization\",\"@id\":\"https:\\\/\\\/shopatoa.com\\\/ro\\\/#organization\",\"name\":\"SHOPATOA\",\"url\":\"https:\\\/\\\/shopatoa.com\\\/ro\\\/\",\"logo\":{\"@type\":\"ImageObject\",\"inLanguage\":\"ro-RO\",\"@id\":\"https:\\\/\\\/shopatoa.com\\\/ro\\\/#\\\/schema\\\/logo\\\/image\\\/\",\"url\":\"https:\\\/\\\/storage.googleapis.com\\\/cz-shopatoa-img\\\/ro\\\/b4dac915-shopatoa_logo.png\",\"contentUrl\":\"https:\\\/\\\/storage.googleapis.com\\\/cz-shopatoa-img\\\/ro\\\/b4dac915-shopatoa_logo.png\",\"width\":416,\"height\":63,\"caption\":\"SHOPATOA\"},\"image\":{\"@id\":\"https:\\\/\\\/shopatoa.com\\\/ro\\\/#\\\/schema\\\/logo\\\/image\\\/\"}}]}<\/script>\n<!-- \/ Yoast SEO plugin. -->","yoast_head_json":{"title":"Pola Cosmetics Machiaj opac HD make-up Perfect Look 30 ml M395 - SHOPATOA.COM","robots":{"index":"index","follow":"follow","max-snippet":"max-snippet:-1","max-image-preview":"max-image-preview:large","max-video-preview":"max-video-preview:-1"},"canonical":"https:\/\/shopatoa.com\/ro\/pola-cosmetics-machiaj-opac-hd-make-up-perfect-look-30-ml-m395\/","og_locale":"ro_RO","og_type":"article","og_title":"Pola Cosmetics Machiaj opac HD make-up Perfect Look 30 ml M395 - SHOPATOA.COM","og_description":"Fiecare femeie vrea s\u0103 arate natural, dar \u00een acela\u0219i timp \u00ee\u0219i dore\u0219te c\u0103 imperfec\u021biunile pielii r\u0103m\u00e2n nev\u0103zute. Descoperi\u021bi magia machiajului opac Pola Cosmetics Perfect Look, care va deveni ajutorul dvs. de zi cu zi. Acoperirea perfect\u0103 asigur\u0103 o tenul impecabil, f\u0103r\u0103 defecte, iar textura fin\u0103 \u00eei confer\u0103 un aspect m\u0103t\u0103sos. Alege\u021bi-v\u0103 nuan\u021ba potrivit\u0103 \u0219i las\u0103\u021bi...","og_url":"https:\/\/shopatoa.com\/ro\/pola-cosmetics-machiaj-opac-hd-make-up-perfect-look-30-ml-m395\/","og_site_name":"SHOPATOA","article_modified_time":"2025-12-13T15:13:03+00:00","og_image":[{"width":800,"height":800,"url":"https:\/\/storage.googleapis.com\/cz-shopatoa-img\/ro\/a5348d8b-.webp","type":"image\/webp"}],"twitter_card":"summary_large_image","schema":{"@context":"https:\/\/schema.org","@graph":[{"@type":"WebPage","@id":"https:\/\/shopatoa.com\/ro\/pola-cosmetics-machiaj-opac-hd-make-up-perfect-look-30-ml-m395\/","url":"https:\/\/shopatoa.com\/ro\/pola-cosmetics-machiaj-opac-hd-make-up-perfect-look-30-ml-m395\/","name":"Pola Cosmetics Machiaj opac HD make-up Perfect Look 30 ml M395 - SHOPATOA.COM","isPartOf":{"@id":"https:\/\/shopatoa.com\/ro\/#website"},"primaryImageOfPage":{"@id":"https:\/\/shopatoa.com\/ro\/pola-cosmetics-machiaj-opac-hd-make-up-perfect-look-30-ml-m395\/#primaryimage"},"image":{"@id":"https:\/\/shopatoa.com\/ro\/pola-cosmetics-machiaj-opac-hd-make-up-perfect-look-30-ml-m395\/#primaryimage"},"thumbnailUrl":"https:\/\/storage.googleapis.com\/cz-shopatoa-img\/ro\/a5348d8b-.webp","datePublished":"2025-04-27T10:16:40+00:00","dateModified":"2025-12-13T15:13:03+00:00","breadcrumb":{"@id":"https:\/\/shopatoa.com\/ro\/pola-cosmetics-machiaj-opac-hd-make-up-perfect-look-30-ml-m395\/#breadcrumb"},"inLanguage":"ro-RO","potentialAction":[{"@type":"ReadAction","target":["https:\/\/shopatoa.com\/ro\/pola-cosmetics-machiaj-opac-hd-make-up-perfect-look-30-ml-m395\/"]}]},{"@type":"ImageObject","inLanguage":"ro-RO","@id":"https:\/\/shopatoa.com\/ro\/pola-cosmetics-machiaj-opac-hd-make-up-perfect-look-30-ml-m395\/#primaryimage","url":"https:\/\/storage.googleapis.com\/cz-shopatoa-img\/ro\/a5348d8b-.webp","contentUrl":"https:\/\/storage.googleapis.com\/cz-shopatoa-img\/ro\/a5348d8b-.webp","width":800,"height":800},{"@type":"BreadcrumbList","@id":"https:\/\/shopatoa.com\/ro\/pola-cosmetics-machiaj-opac-hd-make-up-perfect-look-30-ml-m395\/#breadcrumb","itemListElement":[{"@type":"ListItem","position":1,"name":"Dom\u016f","item":"https:\/\/shopatoa.com\/ro\/"},{"@type":"ListItem","position":2,"name":"Shop","item":"https:\/\/shopatoa.com\/ro\/shop\/"},{"@type":"ListItem","position":3,"name":"Cosmetice","item":"https:\/\/shopatoa.com\/ro\/cosmetice\/"},{"@type":"ListItem","position":4,"name":"Cosmetice decorative","item":"https:\/\/shopatoa.com\/ro\/cosmetice-decorative\/"},{"@type":"ListItem","position":5,"name":"Machiaj pentru fa\u021ba","item":"https:\/\/shopatoa.com\/ro\/machiaj-pentru-fata\/"},{"@type":"ListItem","position":6,"name":"Make-ups","item":"https:\/\/shopatoa.com\/ro\/make-ups\/"},{"@type":"ListItem","position":7,"name":"Pola Cosmetics Machiaj opac HD make-up Perfect Look 30 ml M395"}]},{"@type":"WebSite","@id":"https:\/\/shopatoa.com\/ro\/#website","url":"https:\/\/shopatoa.com\/ro\/","name":"SHOPATOA","description":"","publisher":{"@id":"https:\/\/shopatoa.com\/ro\/#organization"},"potentialAction":[{"@type":"SearchAction","target":{"@type":"EntryPoint","urlTemplate":"https:\/\/shopatoa.com\/ro\/?s={search_term_string}"},"query-input":{"@type":"PropertyValueSpecification","valueRequired":true,"valueName":"search_term_string"}}],"inLanguage":"ro-RO"},{"@type":"Organization","@id":"https:\/\/shopatoa.com\/ro\/#organization","name":"SHOPATOA","url":"https:\/\/shopatoa.com\/ro\/","logo":{"@type":"ImageObject","inLanguage":"ro-RO","@id":"https:\/\/shopatoa.com\/ro\/#\/schema\/logo\/image\/","url":"https:\/\/storage.googleapis.com\/cz-shopatoa-img\/ro\/b4dac915-shopatoa_logo.png","contentUrl":"https:\/\/storage.googleapis.com\/cz-shopatoa-img\/ro\/b4dac915-shopatoa_logo.png","width":416,"height":63,"caption":"SHOPATOA"},"image":{"@id":"https:\/\/shopatoa.com\/ro\/#\/schema\/logo\/image\/"}}]}},"_links":{"self":[{"href":"https:\/\/shopatoa.com\/ro\/wp-json\/wp\/v2\/product\/261651","targetHints":{"allow":["GET"]}}],"collection":[{"href":"https:\/\/shopatoa.com\/ro\/wp-json\/wp\/v2\/product"}],"about":[{"href":"https:\/\/shopatoa.com\/ro\/wp-json\/wp\/v2\/types\/product"}],"replies":[{"embeddable":true,"href":"https:\/\/shopatoa.com\/ro\/wp-json\/wp\/v2\/comments?post=261651"}],"wp:featuredmedia":[{"embeddable":true,"href":"https:\/\/shopatoa.com\/ro\/wp-json\/wp\/v2\/media\/338120"}],"wp:attachment":[{"href":"https:\/\/shopatoa.com\/ro\/wp-json\/wp\/v2\/media?parent=261651"}],"wp:term":[{"taxonomy":"product_brand","embeddable":true,"href":"https:\/\/shopatoa.com\/ro\/wp-json\/wp\/v2\/product_brand?post=261651"},{"taxonomy":"product_cat","embeddable":true,"href":"https:\/\/shopatoa.com\/ro\/wp-json\/wp\/v2\/product_cat?post=261651"},{"taxonomy":"product_tag","embeddable":true,"href":"https:\/\/shopatoa.com\/ro\/wp-json\/wp\/v2\/product_tag?post=261651"}],"curies":[{"name":"wp","href":"https:\/\/api.w.org\/{rel}","templated":true}]}}