{"id":261670,"date":"2025-04-27T12:25:13","date_gmt":"2025-04-27T10:25:13","guid":{"rendered":"https:\/\/shopatoa.com\/ro\/tanita-cantar-personal-inteligent-cu-analiza-corporala-si-transfer-de-date-pe-telefon-negru-rd-953\/"},"modified":"2025-12-13T15:56:30","modified_gmt":"2025-12-13T14:56:30","slug":"tanita-cantar-personal-inteligent-cu-analiza-corporala-si-transfer-de-date-pe-telefon-negru-rd-953","status":"publish","type":"product","link":"https:\/\/shopatoa.com\/ro\/tanita-cantar-personal-inteligent-cu-analiza-corporala-si-transfer-de-date-pe-telefon-negru-rd-953\/","title":{"rendered":"Tanita C\u00e2ntar personal inteligent cu analiz\u0103 corporal\u0103 \u0219i transfer de date pe telefon negru RD-953"},"content":{"rendered":"<p>C\u00e2ntar personal inteligent Tanita RD-953 cu analiz\u0103 corporal\u0103 \u0219i transfer de date pe telefonul dvs., care va oferi mai mult de 10 valori m\u0103surate ale compozi\u021biei corporale, inclusiv o evaluare unic\u0103 a calit\u0103\u021bii mu\u0219chilor. \u00cen acest fel, pute\u021bi \u00een\u021belege mai bine antrenamentul dvs. de fitness sau obiceiurile alimentare. \u0218i toate acestea \u00een confortul propriei case. M\u0103surarea se bazeaz\u0103 pe principiul tehnologiei BIA cu dou\u0103 frecven\u021be, care este utilizat\u0103 \u00een medicin\u0103 pentru analiza corpului. Acest c\u00e2ntar personal se conecteaz\u0103 la aplica\u021bia My Tanita, astfel \u00eenc\u00e2t s\u0103 v\u0103 pute\u021bi urm\u0103ri progresul \u00een timp \u0219i s\u0103 v\u0103 pute\u021bi stabili obiective pentru programul dvs. de antrenament sau diet\u0103. Garan\u021bia este de 5 ani, dar credem c\u0103 nu ve\u021bi avea nevoie de ea.<\/p>\n","protected":false},"excerpt":{"rendered":"<p>C\u00e2ntar personal inteligent Tanita RD-953 cu analiz\u0103 corporal\u0103 \u0219i transfer de date pe telefonul dvs., care va oferi mai mult de 10 valori m\u0103surate ale compozi\u021biei corporale, inclusiv o evaluare unic\u0103 a calit\u0103\u021bii mu\u0219chilor. \u00cen acest fel, pute\u021bi \u00een\u021belege mai bine antrenamentul dvs. de fitness sau obiceiurile alimentare. \u0218i toate acestea \u00een confortul propriei case&#8230;.<\/p>\n","protected":false},"featured_media":338149,"comment_status":"closed","ping_status":"open","template":"","meta":{"_acf_changed":false,"_kadence_starter_templates_imported_post":false,"_kad_post_transparent":"","_kad_post_title":"","_kad_post_layout":"","_kad_post_sidebar_id":"","_kad_post_content_style":"","_kad_post_vertical_padding":"","_kad_post_feature":"","_kad_post_feature_position":"","_kad_post_header":false,"_kad_post_footer":false,"_kad_post_classname":""},"product_brand":[872],"product_cat":[733,758,353],"product_tag":[],"class_list":{"0":"post-261670","1":"product","2":"type-product","3":"status-publish","4":"has-post-thumbnail","6":"product_brand-tanita","7":"product_cat-aparate-si-ajutoare-de-sanatate","8":"product_cat-cantare-si-analizoare-de-grasime","9":"product_cat-sanatate","11":"first","12":"instock","13":"product-type-external","14":"entry","15":"content-bg","16":"loop-entry"},"acf":[],"yoast_head":"<!-- This site is optimized with the Yoast SEO plugin v27.4 - https:\/\/yoast.com\/product\/yoast-seo-wordpress\/ -->\n<title>Tanita C\u00e2ntar personal inteligent cu analiz\u0103 corporal\u0103 \u0219i transfer de date pe telefon negru RD-953 - SHOPATOA.COM<\/title>\n<meta name=\"robots\" content=\"index, follow, max-snippet:-1, max-image-preview:large, max-video-preview:-1\" \/>\n<link rel=\"canonical\" href=\"https:\/\/shopatoa.com\/ro\/tanita-cantar-personal-inteligent-cu-analiza-corporala-si-transfer-de-date-pe-telefon-negru-rd-953\/\" \/>\n<meta property=\"og:locale\" content=\"ro_RO\" \/>\n<meta property=\"og:type\" content=\"article\" \/>\n<meta property=\"og:title\" content=\"Tanita C\u00e2ntar personal inteligent cu analiz\u0103 corporal\u0103 \u0219i transfer de date pe telefon negru RD-953 - SHOPATOA.COM\" \/>\n<meta property=\"og:description\" content=\"C\u00e2ntar personal inteligent Tanita RD-953 cu analiz\u0103 corporal\u0103 \u0219i transfer de date pe telefonul dvs., care va oferi mai mult de 10 valori m\u0103surate ale compozi\u021biei corporale, inclusiv o evaluare unic\u0103 a calit\u0103\u021bii mu\u0219chilor. \u00cen acest fel, pute\u021bi \u00een\u021belege mai bine antrenamentul dvs. de fitness sau obiceiurile alimentare. \u0218i toate acestea \u00een confortul propriei case....\" \/>\n<meta property=\"og:url\" content=\"https:\/\/shopatoa.com\/ro\/tanita-cantar-personal-inteligent-cu-analiza-corporala-si-transfer-de-date-pe-telefon-negru-rd-953\/\" \/>\n<meta property=\"og:site_name\" content=\"SHOPATOA\" \/>\n<meta property=\"article:modified_time\" content=\"2025-12-13T14:56:30+00:00\" \/>\n<meta property=\"og:image\" content=\"https:\/\/storage.googleapis.com\/cz-shopatoa-img\/ro\/c6aaae5d-unnamed-file.webp\" \/>\n\t<meta property=\"og:image:width\" content=\"800\" \/>\n\t<meta property=\"og:image:height\" content=\"800\" \/>\n\t<meta property=\"og:image:type\" content=\"image\/webp\" \/>\n<meta name=\"twitter:card\" content=\"summary_large_image\" \/>\n<meta name=\"twitter:label1\" content=\"Timp estimat pentru citire\" \/>\n\t<meta name=\"twitter:data1\" content=\"1 minut\" \/>\n<script type=\"application\/ld+json\" class=\"yoast-schema-graph\">{\"@context\":\"https:\\\/\\\/schema.org\",\"@graph\":[{\"@type\":\"WebPage\",\"@id\":\"https:\\\/\\\/shopatoa.com\\\/ro\\\/tanita-cantar-personal-inteligent-cu-analiza-corporala-si-transfer-de-date-pe-telefon-negru-rd-953\\\/\",\"url\":\"https:\\\/\\\/shopatoa.com\\\/ro\\\/tanita-cantar-personal-inteligent-cu-analiza-corporala-si-transfer-de-date-pe-telefon-negru-rd-953\\\/\",\"name\":\"Tanita C\u00e2ntar personal inteligent cu analiz\u0103 corporal\u0103 \u0219i transfer de date pe telefon negru RD-953 - SHOPATOA.COM\",\"isPartOf\":{\"@id\":\"https:\\\/\\\/shopatoa.com\\\/ro\\\/#website\"},\"primaryImageOfPage\":{\"@id\":\"https:\\\/\\\/shopatoa.com\\\/ro\\\/tanita-cantar-personal-inteligent-cu-analiza-corporala-si-transfer-de-date-pe-telefon-negru-rd-953\\\/#primaryimage\"},\"image\":{\"@id\":\"https:\\\/\\\/shopatoa.com\\\/ro\\\/tanita-cantar-personal-inteligent-cu-analiza-corporala-si-transfer-de-date-pe-telefon-negru-rd-953\\\/#primaryimage\"},\"thumbnailUrl\":\"https:\\\/\\\/storage.googleapis.com\\\/cz-shopatoa-img\\\/ro\\\/c6aaae5d-unnamed-file.webp\",\"datePublished\":\"2025-04-27T10:25:13+00:00\",\"dateModified\":\"2025-12-13T14:56:30+00:00\",\"breadcrumb\":{\"@id\":\"https:\\\/\\\/shopatoa.com\\\/ro\\\/tanita-cantar-personal-inteligent-cu-analiza-corporala-si-transfer-de-date-pe-telefon-negru-rd-953\\\/#breadcrumb\"},\"inLanguage\":\"ro-RO\",\"potentialAction\":[{\"@type\":\"ReadAction\",\"target\":[\"https:\\\/\\\/shopatoa.com\\\/ro\\\/tanita-cantar-personal-inteligent-cu-analiza-corporala-si-transfer-de-date-pe-telefon-negru-rd-953\\\/\"]}]},{\"@type\":\"ImageObject\",\"inLanguage\":\"ro-RO\",\"@id\":\"https:\\\/\\\/shopatoa.com\\\/ro\\\/tanita-cantar-personal-inteligent-cu-analiza-corporala-si-transfer-de-date-pe-telefon-negru-rd-953\\\/#primaryimage\",\"url\":\"https:\\\/\\\/storage.googleapis.com\\\/cz-shopatoa-img\\\/ro\\\/c6aaae5d-unnamed-file.webp\",\"contentUrl\":\"https:\\\/\\\/storage.googleapis.com\\\/cz-shopatoa-img\\\/ro\\\/c6aaae5d-unnamed-file.webp\",\"width\":800,\"height\":800},{\"@type\":\"BreadcrumbList\",\"@id\":\"https:\\\/\\\/shopatoa.com\\\/ro\\\/tanita-cantar-personal-inteligent-cu-analiza-corporala-si-transfer-de-date-pe-telefon-negru-rd-953\\\/#breadcrumb\",\"itemListElement\":[{\"@type\":\"ListItem\",\"position\":1,\"name\":\"Dom\u016f\",\"item\":\"https:\\\/\\\/shopatoa.com\\\/ro\\\/\"},{\"@type\":\"ListItem\",\"position\":2,\"name\":\"Shop\",\"item\":\"https:\\\/\\\/shopatoa.com\\\/ro\\\/shop\\\/\"},{\"@type\":\"ListItem\",\"position\":3,\"name\":\"S\u0103n\u0103tate\",\"item\":\"https:\\\/\\\/shopatoa.com\\\/ro\\\/sanatate\\\/\"},{\"@type\":\"ListItem\",\"position\":4,\"name\":\"Aparate \u0219i ajutoare de s\u0103n\u0103tate\",\"item\":\"https:\\\/\\\/shopatoa.com\\\/ro\\\/aparate-si-ajutoare-de-sanatate\\\/\"},{\"@type\":\"ListItem\",\"position\":5,\"name\":\"C\u00e2ntare \u0219i analizoare de gr\u0103sime\",\"item\":\"https:\\\/\\\/shopatoa.com\\\/ro\\\/cantare-si-analizoare-de-grasime\\\/\"},{\"@type\":\"ListItem\",\"position\":6,\"name\":\"Tanita C\u00e2ntar personal inteligent cu analiz\u0103 corporal\u0103 \u0219i transfer de date pe telefon negru RD-953\"}]},{\"@type\":\"WebSite\",\"@id\":\"https:\\\/\\\/shopatoa.com\\\/ro\\\/#website\",\"url\":\"https:\\\/\\\/shopatoa.com\\\/ro\\\/\",\"name\":\"SHOPATOA\",\"description\":\"\",\"publisher\":{\"@id\":\"https:\\\/\\\/shopatoa.com\\\/ro\\\/#organization\"},\"potentialAction\":[{\"@type\":\"SearchAction\",\"target\":{\"@type\":\"EntryPoint\",\"urlTemplate\":\"https:\\\/\\\/shopatoa.com\\\/ro\\\/?s={search_term_string}\"},\"query-input\":{\"@type\":\"PropertyValueSpecification\",\"valueRequired\":true,\"valueName\":\"search_term_string\"}}],\"inLanguage\":\"ro-RO\"},{\"@type\":\"Organization\",\"@id\":\"https:\\\/\\\/shopatoa.com\\\/ro\\\/#organization\",\"name\":\"SHOPATOA\",\"url\":\"https:\\\/\\\/shopatoa.com\\\/ro\\\/\",\"logo\":{\"@type\":\"ImageObject\",\"inLanguage\":\"ro-RO\",\"@id\":\"https:\\\/\\\/shopatoa.com\\\/ro\\\/#\\\/schema\\\/logo\\\/image\\\/\",\"url\":\"https:\\\/\\\/storage.googleapis.com\\\/cz-shopatoa-img\\\/ro\\\/b4dac915-shopatoa_logo.png\",\"contentUrl\":\"https:\\\/\\\/storage.googleapis.com\\\/cz-shopatoa-img\\\/ro\\\/b4dac915-shopatoa_logo.png\",\"width\":416,\"height\":63,\"caption\":\"SHOPATOA\"},\"image\":{\"@id\":\"https:\\\/\\\/shopatoa.com\\\/ro\\\/#\\\/schema\\\/logo\\\/image\\\/\"}}]}<\/script>\n<!-- \/ Yoast SEO plugin. -->","yoast_head_json":{"title":"Tanita C\u00e2ntar personal inteligent cu analiz\u0103 corporal\u0103 \u0219i transfer de date pe telefon negru RD-953 - SHOPATOA.COM","robots":{"index":"index","follow":"follow","max-snippet":"max-snippet:-1","max-image-preview":"max-image-preview:large","max-video-preview":"max-video-preview:-1"},"canonical":"https:\/\/shopatoa.com\/ro\/tanita-cantar-personal-inteligent-cu-analiza-corporala-si-transfer-de-date-pe-telefon-negru-rd-953\/","og_locale":"ro_RO","og_type":"article","og_title":"Tanita C\u00e2ntar personal inteligent cu analiz\u0103 corporal\u0103 \u0219i transfer de date pe telefon negru RD-953 - SHOPATOA.COM","og_description":"C\u00e2ntar personal inteligent Tanita RD-953 cu analiz\u0103 corporal\u0103 \u0219i transfer de date pe telefonul dvs., care va oferi mai mult de 10 valori m\u0103surate ale compozi\u021biei corporale, inclusiv o evaluare unic\u0103 a calit\u0103\u021bii mu\u0219chilor. \u00cen acest fel, pute\u021bi \u00een\u021belege mai bine antrenamentul dvs. de fitness sau obiceiurile alimentare. \u0218i toate acestea \u00een confortul propriei case....","og_url":"https:\/\/shopatoa.com\/ro\/tanita-cantar-personal-inteligent-cu-analiza-corporala-si-transfer-de-date-pe-telefon-negru-rd-953\/","og_site_name":"SHOPATOA","article_modified_time":"2025-12-13T14:56:30+00:00","og_image":[{"width":800,"height":800,"url":"https:\/\/storage.googleapis.com\/cz-shopatoa-img\/ro\/c6aaae5d-unnamed-file.webp","type":"image\/webp"}],"twitter_card":"summary_large_image","twitter_misc":{"Timp estimat pentru citire":"1 minut"},"schema":{"@context":"https:\/\/schema.org","@graph":[{"@type":"WebPage","@id":"https:\/\/shopatoa.com\/ro\/tanita-cantar-personal-inteligent-cu-analiza-corporala-si-transfer-de-date-pe-telefon-negru-rd-953\/","url":"https:\/\/shopatoa.com\/ro\/tanita-cantar-personal-inteligent-cu-analiza-corporala-si-transfer-de-date-pe-telefon-negru-rd-953\/","name":"Tanita C\u00e2ntar personal inteligent cu analiz\u0103 corporal\u0103 \u0219i transfer de date pe telefon negru RD-953 - SHOPATOA.COM","isPartOf":{"@id":"https:\/\/shopatoa.com\/ro\/#website"},"primaryImageOfPage":{"@id":"https:\/\/shopatoa.com\/ro\/tanita-cantar-personal-inteligent-cu-analiza-corporala-si-transfer-de-date-pe-telefon-negru-rd-953\/#primaryimage"},"image":{"@id":"https:\/\/shopatoa.com\/ro\/tanita-cantar-personal-inteligent-cu-analiza-corporala-si-transfer-de-date-pe-telefon-negru-rd-953\/#primaryimage"},"thumbnailUrl":"https:\/\/storage.googleapis.com\/cz-shopatoa-img\/ro\/c6aaae5d-unnamed-file.webp","datePublished":"2025-04-27T10:25:13+00:00","dateModified":"2025-12-13T14:56:30+00:00","breadcrumb":{"@id":"https:\/\/shopatoa.com\/ro\/tanita-cantar-personal-inteligent-cu-analiza-corporala-si-transfer-de-date-pe-telefon-negru-rd-953\/#breadcrumb"},"inLanguage":"ro-RO","potentialAction":[{"@type":"ReadAction","target":["https:\/\/shopatoa.com\/ro\/tanita-cantar-personal-inteligent-cu-analiza-corporala-si-transfer-de-date-pe-telefon-negru-rd-953\/"]}]},{"@type":"ImageObject","inLanguage":"ro-RO","@id":"https:\/\/shopatoa.com\/ro\/tanita-cantar-personal-inteligent-cu-analiza-corporala-si-transfer-de-date-pe-telefon-negru-rd-953\/#primaryimage","url":"https:\/\/storage.googleapis.com\/cz-shopatoa-img\/ro\/c6aaae5d-unnamed-file.webp","contentUrl":"https:\/\/storage.googleapis.com\/cz-shopatoa-img\/ro\/c6aaae5d-unnamed-file.webp","width":800,"height":800},{"@type":"BreadcrumbList","@id":"https:\/\/shopatoa.com\/ro\/tanita-cantar-personal-inteligent-cu-analiza-corporala-si-transfer-de-date-pe-telefon-negru-rd-953\/#breadcrumb","itemListElement":[{"@type":"ListItem","position":1,"name":"Dom\u016f","item":"https:\/\/shopatoa.com\/ro\/"},{"@type":"ListItem","position":2,"name":"Shop","item":"https:\/\/shopatoa.com\/ro\/shop\/"},{"@type":"ListItem","position":3,"name":"S\u0103n\u0103tate","item":"https:\/\/shopatoa.com\/ro\/sanatate\/"},{"@type":"ListItem","position":4,"name":"Aparate \u0219i ajutoare de s\u0103n\u0103tate","item":"https:\/\/shopatoa.com\/ro\/aparate-si-ajutoare-de-sanatate\/"},{"@type":"ListItem","position":5,"name":"C\u00e2ntare \u0219i analizoare de gr\u0103sime","item":"https:\/\/shopatoa.com\/ro\/cantare-si-analizoare-de-grasime\/"},{"@type":"ListItem","position":6,"name":"Tanita C\u00e2ntar personal inteligent cu analiz\u0103 corporal\u0103 \u0219i transfer de date pe telefon negru RD-953"}]},{"@type":"WebSite","@id":"https:\/\/shopatoa.com\/ro\/#website","url":"https:\/\/shopatoa.com\/ro\/","name":"SHOPATOA","description":"","publisher":{"@id":"https:\/\/shopatoa.com\/ro\/#organization"},"potentialAction":[{"@type":"SearchAction","target":{"@type":"EntryPoint","urlTemplate":"https:\/\/shopatoa.com\/ro\/?s={search_term_string}"},"query-input":{"@type":"PropertyValueSpecification","valueRequired":true,"valueName":"search_term_string"}}],"inLanguage":"ro-RO"},{"@type":"Organization","@id":"https:\/\/shopatoa.com\/ro\/#organization","name":"SHOPATOA","url":"https:\/\/shopatoa.com\/ro\/","logo":{"@type":"ImageObject","inLanguage":"ro-RO","@id":"https:\/\/shopatoa.com\/ro\/#\/schema\/logo\/image\/","url":"https:\/\/storage.googleapis.com\/cz-shopatoa-img\/ro\/b4dac915-shopatoa_logo.png","contentUrl":"https:\/\/storage.googleapis.com\/cz-shopatoa-img\/ro\/b4dac915-shopatoa_logo.png","width":416,"height":63,"caption":"SHOPATOA"},"image":{"@id":"https:\/\/shopatoa.com\/ro\/#\/schema\/logo\/image\/"}}]}},"_links":{"self":[{"href":"https:\/\/shopatoa.com\/ro\/wp-json\/wp\/v2\/product\/261670","targetHints":{"allow":["GET"]}}],"collection":[{"href":"https:\/\/shopatoa.com\/ro\/wp-json\/wp\/v2\/product"}],"about":[{"href":"https:\/\/shopatoa.com\/ro\/wp-json\/wp\/v2\/types\/product"}],"replies":[{"embeddable":true,"href":"https:\/\/shopatoa.com\/ro\/wp-json\/wp\/v2\/comments?post=261670"}],"wp:featuredmedia":[{"embeddable":true,"href":"https:\/\/shopatoa.com\/ro\/wp-json\/wp\/v2\/media\/338149"}],"wp:attachment":[{"href":"https:\/\/shopatoa.com\/ro\/wp-json\/wp\/v2\/media?parent=261670"}],"wp:term":[{"taxonomy":"product_brand","embeddable":true,"href":"https:\/\/shopatoa.com\/ro\/wp-json\/wp\/v2\/product_brand?post=261670"},{"taxonomy":"product_cat","embeddable":true,"href":"https:\/\/shopatoa.com\/ro\/wp-json\/wp\/v2\/product_cat?post=261670"},{"taxonomy":"product_tag","embeddable":true,"href":"https:\/\/shopatoa.com\/ro\/wp-json\/wp\/v2\/product_tag?post=261670"}],"curies":[{"name":"wp","href":"https:\/\/api.w.org\/{rel}","templated":true}]}}