{"id":261703,"date":"2025-04-27T12:36:08","date_gmt":"2025-04-27T10:36:08","guid":{"rendered":"https:\/\/shopatoa.com\/ro\/kiehls-calendar-advent-open-for-adventure\/"},"modified":"2025-11-28T15:23:20","modified_gmt":"2025-11-28T14:23:20","slug":"kiehls-calendar-advent-open-for-adventure","status":"publish","type":"product","link":"https:\/\/shopatoa.com\/ro\/kiehls-calendar-advent-open-for-adventure\/","title":{"rendered":"Kiehl&#8217;s Calendar Advent Open for Adventure"},"content":{"rendered":"<p>Calendarul include: Gel delicat de cur\u0103\u021bare spumant (Ultra Facial Cleanser) 30 ml Tonic calmant pentru piele Calendula (Herbal Extract Toner) 75 ml Gel de cur\u0103\u021bare profund\u0103 Calendula (Deep Cleansing Foaming Face Wash) 75 ml Gel de du\u0219 Grapefruit (Bath and Shower Liquid Body Cleanser) 65 ml Tonic delicat pentru piele (Ultra Facial Toner) 40 ml Crem\u0103 facial\u0103 hidratant\u0103 (Ultra Facial Cream) 28 ml Crem\u0103 hidratant\u0103 pentru m\u00e2ini (Ultimate Strength Hand Salve) 30 ml Lo\u021biune de corp bogat\u0103 cu unt de cacao \u0219i beta-caroten (Body Lotion with Cocoa Butter and Beta-Carotene) 30 ml Masc\u0103 de fa\u021b\u0103 hidratant\u0103 de noapte (Ultra Facial Overnight Rehydrating Mask) 28 g Balsam de buze (Lip Balm) 15 ml Ser eficient cu vitamina C (Powerful-Strength Line-Reducing Concentrate Reno) 15 ml Masc\u0103 facial\u0103 pentru ten normal p\u00e2n\u0103 la gras (Rare Earth Deep Pore Cleansing Masque) 14 ml Tratament cremos pentru ochi \u0219i zona ochilor cu avocado (Creamy Eye Treatment with Avocado) 14 ml Crem\u0103 de noapte pentru ten Midnight Recovery (Omega-Rich Cloud Cream) 14 ml Ser antirid cu retinol pentru toate tipurile de ten (Retinol Skin-Renewing Daily Micro-Dose Serum) 10 ml Crem\u0103 de \u00eengrijire a pielii anti-\u00eemb\u0103tr\u00e2nire (Super Multi-Corrective Cream) 7 ml Crem\u0103 hidratant\u0103 anti-\u00eemb\u0103tr\u00e2nire 7 \u00een 1 (Super Multi-Corrective Soft Cream) 7 ml Crem\u0103 hidratant\u0103 g\u0103lbenele Calendula (Serum Infused Water Cream) 7 ml Crem\u0103 facial\u0103 pentru piele normal\u0103 p\u00e2n\u0103 la gras\u0103 Ultra Facial (Oil-Free Gel Cream) 7 ml Masc\u0103 hidratant\u0103 hr\u0103nitoare cu avocado Avocado Nourishing Hydration Mask) 5 ml Ser ulei de regenerare de noapte pentru un aspect proasp\u0103t al pielii (Midnight Recovery Concentrate) 4 ml Ser antipigmentare Clearly Corrective (Dark Spot Solution) 4 ml \u00cengrijire pentru zona din jurul ochilor cu efect anti-age Super Multi-Corrective (Eye Zone Treatment) 3 ml Ser de ochi cu vitamina C (Powerful-Strength Line-Reducing &amp; Dark Circle-Diminishing Vitamin C Eye Serum) 3 ml<\/p>\n","protected":false},"excerpt":{"rendered":"<p>Calendarul include: Gel delicat de cur\u0103\u021bare spumant (Ultra Facial Cleanser) 30 ml Tonic calmant pentru piele Calendula (Herbal Extract Toner) 75 ml Gel de cur\u0103\u021bare profund\u0103 Calendula (Deep Cleansing Foaming Face Wash) 75 ml Gel de du\u0219 Grapefruit (Bath and Shower Liquid Body Cleanser) 65 ml Tonic delicat pentru piele (Ultra Facial Toner) 40 ml&#8230;<\/p>\n","protected":false},"featured_media":338181,"comment_status":"closed","ping_status":"open","template":"","meta":{"_acf_changed":false,"_kadence_starter_templates_imported_post":false,"_kad_post_transparent":"","_kad_post_title":"","_kad_post_layout":"","_kad_post_sidebar_id":"","_kad_post_content_style":"","_kad_post_vertical_padding":"","_kad_post_feature":"","_kad_post_feature_position":"","_kad_post_header":false,"_kad_post_footer":false,"_kad_post_classname":""},"product_brand":[405],"product_cat":[246,660,634,706,633],"product_tag":[],"class_list":{"0":"post-261703","1":"product","2":"type-product","3":"status-publish","4":"has-post-thumbnail","6":"product_brand-kiehls","7":"product_cat-cosmetice","8":"product_cat-curatarea-demachierea-fetei","9":"product_cat-produse-cosmetice-de-ingrijire-a-pielii","10":"product_cat-produse-cosmetice-pentru-curatare","11":"product_cat-produse-cosmetice-pentru-piele","13":"first","14":"instock","15":"sale","16":"product-type-external","17":"entry","18":"content-bg","19":"loop-entry"},"acf":[],"yoast_head":"<!-- This site is optimized with the Yoast SEO plugin v27.3 - https:\/\/yoast.com\/product\/yoast-seo-wordpress\/ -->\n<title>Kiehl&#039;s Calendar Advent Open for Adventure - SHOPATOA.COM<\/title>\n<meta name=\"robots\" content=\"index, follow, max-snippet:-1, max-image-preview:large, max-video-preview:-1\" \/>\n<link rel=\"canonical\" href=\"https:\/\/shopatoa.com\/ro\/kiehls-calendar-advent-open-for-adventure\/\" \/>\n<meta property=\"og:locale\" content=\"ro_RO\" \/>\n<meta property=\"og:type\" content=\"article\" \/>\n<meta property=\"og:title\" content=\"Kiehl&#039;s Calendar Advent Open for Adventure - SHOPATOA.COM\" \/>\n<meta property=\"og:description\" content=\"Calendarul include: Gel delicat de cur\u0103\u021bare spumant (Ultra Facial Cleanser) 30 ml Tonic calmant pentru piele Calendula (Herbal Extract Toner) 75 ml Gel de cur\u0103\u021bare profund\u0103 Calendula (Deep Cleansing Foaming Face Wash) 75 ml Gel de du\u0219 Grapefruit (Bath and Shower Liquid Body Cleanser) 65 ml Tonic delicat pentru piele (Ultra Facial Toner) 40 ml...\" \/>\n<meta property=\"og:url\" content=\"https:\/\/shopatoa.com\/ro\/kiehls-calendar-advent-open-for-adventure\/\" \/>\n<meta property=\"og:site_name\" content=\"SHOPATOA\" \/>\n<meta property=\"article:modified_time\" content=\"2025-11-28T14:23:20+00:00\" \/>\n<meta property=\"og:image\" content=\"https:\/\/storage.googleapis.com\/cz-shopatoa-img\/ro\/c43951f4-unnamed-file.webp\" \/>\n\t<meta property=\"og:image:width\" content=\"800\" \/>\n\t<meta property=\"og:image:height\" content=\"800\" \/>\n\t<meta property=\"og:image:type\" content=\"image\/webp\" \/>\n<meta name=\"twitter:card\" content=\"summary_large_image\" \/>\n<meta name=\"twitter:label1\" content=\"Timp estimat pentru citire\" \/>\n\t<meta name=\"twitter:data1\" content=\"1 minut\" \/>\n<script type=\"application\/ld+json\" class=\"yoast-schema-graph\">{\"@context\":\"https:\\\/\\\/schema.org\",\"@graph\":[{\"@type\":\"WebPage\",\"@id\":\"https:\\\/\\\/shopatoa.com\\\/ro\\\/kiehls-calendar-advent-open-for-adventure\\\/\",\"url\":\"https:\\\/\\\/shopatoa.com\\\/ro\\\/kiehls-calendar-advent-open-for-adventure\\\/\",\"name\":\"Kiehl's Calendar Advent Open for Adventure - SHOPATOA.COM\",\"isPartOf\":{\"@id\":\"https:\\\/\\\/shopatoa.com\\\/ro\\\/#website\"},\"primaryImageOfPage\":{\"@id\":\"https:\\\/\\\/shopatoa.com\\\/ro\\\/kiehls-calendar-advent-open-for-adventure\\\/#primaryimage\"},\"image\":{\"@id\":\"https:\\\/\\\/shopatoa.com\\\/ro\\\/kiehls-calendar-advent-open-for-adventure\\\/#primaryimage\"},\"thumbnailUrl\":\"https:\\\/\\\/storage.googleapis.com\\\/cz-shopatoa-img\\\/ro\\\/c43951f4-unnamed-file.webp\",\"datePublished\":\"2025-04-27T10:36:08+00:00\",\"dateModified\":\"2025-11-28T14:23:20+00:00\",\"breadcrumb\":{\"@id\":\"https:\\\/\\\/shopatoa.com\\\/ro\\\/kiehls-calendar-advent-open-for-adventure\\\/#breadcrumb\"},\"inLanguage\":\"ro-RO\",\"potentialAction\":[{\"@type\":\"ReadAction\",\"target\":[\"https:\\\/\\\/shopatoa.com\\\/ro\\\/kiehls-calendar-advent-open-for-adventure\\\/\"]}]},{\"@type\":\"ImageObject\",\"inLanguage\":\"ro-RO\",\"@id\":\"https:\\\/\\\/shopatoa.com\\\/ro\\\/kiehls-calendar-advent-open-for-adventure\\\/#primaryimage\",\"url\":\"https:\\\/\\\/storage.googleapis.com\\\/cz-shopatoa-img\\\/ro\\\/c43951f4-unnamed-file.webp\",\"contentUrl\":\"https:\\\/\\\/storage.googleapis.com\\\/cz-shopatoa-img\\\/ro\\\/c43951f4-unnamed-file.webp\",\"width\":800,\"height\":800},{\"@type\":\"BreadcrumbList\",\"@id\":\"https:\\\/\\\/shopatoa.com\\\/ro\\\/kiehls-calendar-advent-open-for-adventure\\\/#breadcrumb\",\"itemListElement\":[{\"@type\":\"ListItem\",\"position\":1,\"name\":\"Dom\u016f\",\"item\":\"https:\\\/\\\/shopatoa.com\\\/ro\\\/\"},{\"@type\":\"ListItem\",\"position\":2,\"name\":\"Shop\",\"item\":\"https:\\\/\\\/shopatoa.com\\\/ro\\\/shop\\\/\"},{\"@type\":\"ListItem\",\"position\":3,\"name\":\"Cosmetice\",\"item\":\"https:\\\/\\\/shopatoa.com\\\/ro\\\/cosmetice\\\/\"},{\"@type\":\"ListItem\",\"position\":4,\"name\":\"Produse cosmetice pentru piele\",\"item\":\"https:\\\/\\\/shopatoa.com\\\/ro\\\/produse-cosmetice-pentru-piele\\\/\"},{\"@type\":\"ListItem\",\"position\":5,\"name\":\"Produse cosmetice de \u00eengrijire a pielii\",\"item\":\"https:\\\/\\\/shopatoa.com\\\/ro\\\/produse-cosmetice-de-ingrijire-a-pielii\\\/\"},{\"@type\":\"ListItem\",\"position\":6,\"name\":\"Cur\u0103\u021barea, demachierea fe\u021bei\",\"item\":\"https:\\\/\\\/shopatoa.com\\\/ro\\\/curatarea-demachierea-fetei\\\/\"},{\"@type\":\"ListItem\",\"position\":7,\"name\":\"Produse cosmetice pentru cur\u0103\u021bare\",\"item\":\"https:\\\/\\\/shopatoa.com\\\/ro\\\/produse-cosmetice-pentru-curatare\\\/\"},{\"@type\":\"ListItem\",\"position\":8,\"name\":\"Kiehl&#8217;s Calendar Advent Open for Adventure\"}]},{\"@type\":\"WebSite\",\"@id\":\"https:\\\/\\\/shopatoa.com\\\/ro\\\/#website\",\"url\":\"https:\\\/\\\/shopatoa.com\\\/ro\\\/\",\"name\":\"SHOPATOA\",\"description\":\"\",\"publisher\":{\"@id\":\"https:\\\/\\\/shopatoa.com\\\/ro\\\/#organization\"},\"potentialAction\":[{\"@type\":\"SearchAction\",\"target\":{\"@type\":\"EntryPoint\",\"urlTemplate\":\"https:\\\/\\\/shopatoa.com\\\/ro\\\/?s={search_term_string}\"},\"query-input\":{\"@type\":\"PropertyValueSpecification\",\"valueRequired\":true,\"valueName\":\"search_term_string\"}}],\"inLanguage\":\"ro-RO\"},{\"@type\":\"Organization\",\"@id\":\"https:\\\/\\\/shopatoa.com\\\/ro\\\/#organization\",\"name\":\"SHOPATOA\",\"url\":\"https:\\\/\\\/shopatoa.com\\\/ro\\\/\",\"logo\":{\"@type\":\"ImageObject\",\"inLanguage\":\"ro-RO\",\"@id\":\"https:\\\/\\\/shopatoa.com\\\/ro\\\/#\\\/schema\\\/logo\\\/image\\\/\",\"url\":\"https:\\\/\\\/storage.googleapis.com\\\/cz-shopatoa-img\\\/ro\\\/b4dac915-shopatoa_logo.png\",\"contentUrl\":\"https:\\\/\\\/storage.googleapis.com\\\/cz-shopatoa-img\\\/ro\\\/b4dac915-shopatoa_logo.png\",\"width\":416,\"height\":63,\"caption\":\"SHOPATOA\"},\"image\":{\"@id\":\"https:\\\/\\\/shopatoa.com\\\/ro\\\/#\\\/schema\\\/logo\\\/image\\\/\"}}]}<\/script>\n<!-- \/ Yoast SEO plugin. -->","yoast_head_json":{"title":"Kiehl's Calendar Advent Open for Adventure - SHOPATOA.COM","robots":{"index":"index","follow":"follow","max-snippet":"max-snippet:-1","max-image-preview":"max-image-preview:large","max-video-preview":"max-video-preview:-1"},"canonical":"https:\/\/shopatoa.com\/ro\/kiehls-calendar-advent-open-for-adventure\/","og_locale":"ro_RO","og_type":"article","og_title":"Kiehl's Calendar Advent Open for Adventure - SHOPATOA.COM","og_description":"Calendarul include: Gel delicat de cur\u0103\u021bare spumant (Ultra Facial Cleanser) 30 ml Tonic calmant pentru piele Calendula (Herbal Extract Toner) 75 ml Gel de cur\u0103\u021bare profund\u0103 Calendula (Deep Cleansing Foaming Face Wash) 75 ml Gel de du\u0219 Grapefruit (Bath and Shower Liquid Body Cleanser) 65 ml Tonic delicat pentru piele (Ultra Facial Toner) 40 ml...","og_url":"https:\/\/shopatoa.com\/ro\/kiehls-calendar-advent-open-for-adventure\/","og_site_name":"SHOPATOA","article_modified_time":"2025-11-28T14:23:20+00:00","og_image":[{"width":800,"height":800,"url":"https:\/\/storage.googleapis.com\/cz-shopatoa-img\/ro\/c43951f4-unnamed-file.webp","type":"image\/webp"}],"twitter_card":"summary_large_image","twitter_misc":{"Timp estimat pentru citire":"1 minut"},"schema":{"@context":"https:\/\/schema.org","@graph":[{"@type":"WebPage","@id":"https:\/\/shopatoa.com\/ro\/kiehls-calendar-advent-open-for-adventure\/","url":"https:\/\/shopatoa.com\/ro\/kiehls-calendar-advent-open-for-adventure\/","name":"Kiehl's Calendar Advent Open for Adventure - SHOPATOA.COM","isPartOf":{"@id":"https:\/\/shopatoa.com\/ro\/#website"},"primaryImageOfPage":{"@id":"https:\/\/shopatoa.com\/ro\/kiehls-calendar-advent-open-for-adventure\/#primaryimage"},"image":{"@id":"https:\/\/shopatoa.com\/ro\/kiehls-calendar-advent-open-for-adventure\/#primaryimage"},"thumbnailUrl":"https:\/\/storage.googleapis.com\/cz-shopatoa-img\/ro\/c43951f4-unnamed-file.webp","datePublished":"2025-04-27T10:36:08+00:00","dateModified":"2025-11-28T14:23:20+00:00","breadcrumb":{"@id":"https:\/\/shopatoa.com\/ro\/kiehls-calendar-advent-open-for-adventure\/#breadcrumb"},"inLanguage":"ro-RO","potentialAction":[{"@type":"ReadAction","target":["https:\/\/shopatoa.com\/ro\/kiehls-calendar-advent-open-for-adventure\/"]}]},{"@type":"ImageObject","inLanguage":"ro-RO","@id":"https:\/\/shopatoa.com\/ro\/kiehls-calendar-advent-open-for-adventure\/#primaryimage","url":"https:\/\/storage.googleapis.com\/cz-shopatoa-img\/ro\/c43951f4-unnamed-file.webp","contentUrl":"https:\/\/storage.googleapis.com\/cz-shopatoa-img\/ro\/c43951f4-unnamed-file.webp","width":800,"height":800},{"@type":"BreadcrumbList","@id":"https:\/\/shopatoa.com\/ro\/kiehls-calendar-advent-open-for-adventure\/#breadcrumb","itemListElement":[{"@type":"ListItem","position":1,"name":"Dom\u016f","item":"https:\/\/shopatoa.com\/ro\/"},{"@type":"ListItem","position":2,"name":"Shop","item":"https:\/\/shopatoa.com\/ro\/shop\/"},{"@type":"ListItem","position":3,"name":"Cosmetice","item":"https:\/\/shopatoa.com\/ro\/cosmetice\/"},{"@type":"ListItem","position":4,"name":"Produse cosmetice pentru piele","item":"https:\/\/shopatoa.com\/ro\/produse-cosmetice-pentru-piele\/"},{"@type":"ListItem","position":5,"name":"Produse cosmetice de \u00eengrijire a pielii","item":"https:\/\/shopatoa.com\/ro\/produse-cosmetice-de-ingrijire-a-pielii\/"},{"@type":"ListItem","position":6,"name":"Cur\u0103\u021barea, demachierea fe\u021bei","item":"https:\/\/shopatoa.com\/ro\/curatarea-demachierea-fetei\/"},{"@type":"ListItem","position":7,"name":"Produse cosmetice pentru cur\u0103\u021bare","item":"https:\/\/shopatoa.com\/ro\/produse-cosmetice-pentru-curatare\/"},{"@type":"ListItem","position":8,"name":"Kiehl&#8217;s Calendar Advent Open for Adventure"}]},{"@type":"WebSite","@id":"https:\/\/shopatoa.com\/ro\/#website","url":"https:\/\/shopatoa.com\/ro\/","name":"SHOPATOA","description":"","publisher":{"@id":"https:\/\/shopatoa.com\/ro\/#organization"},"potentialAction":[{"@type":"SearchAction","target":{"@type":"EntryPoint","urlTemplate":"https:\/\/shopatoa.com\/ro\/?s={search_term_string}"},"query-input":{"@type":"PropertyValueSpecification","valueRequired":true,"valueName":"search_term_string"}}],"inLanguage":"ro-RO"},{"@type":"Organization","@id":"https:\/\/shopatoa.com\/ro\/#organization","name":"SHOPATOA","url":"https:\/\/shopatoa.com\/ro\/","logo":{"@type":"ImageObject","inLanguage":"ro-RO","@id":"https:\/\/shopatoa.com\/ro\/#\/schema\/logo\/image\/","url":"https:\/\/storage.googleapis.com\/cz-shopatoa-img\/ro\/b4dac915-shopatoa_logo.png","contentUrl":"https:\/\/storage.googleapis.com\/cz-shopatoa-img\/ro\/b4dac915-shopatoa_logo.png","width":416,"height":63,"caption":"SHOPATOA"},"image":{"@id":"https:\/\/shopatoa.com\/ro\/#\/schema\/logo\/image\/"}}]}},"_links":{"self":[{"href":"https:\/\/shopatoa.com\/ro\/wp-json\/wp\/v2\/product\/261703","targetHints":{"allow":["GET"]}}],"collection":[{"href":"https:\/\/shopatoa.com\/ro\/wp-json\/wp\/v2\/product"}],"about":[{"href":"https:\/\/shopatoa.com\/ro\/wp-json\/wp\/v2\/types\/product"}],"replies":[{"embeddable":true,"href":"https:\/\/shopatoa.com\/ro\/wp-json\/wp\/v2\/comments?post=261703"}],"wp:featuredmedia":[{"embeddable":true,"href":"https:\/\/shopatoa.com\/ro\/wp-json\/wp\/v2\/media\/338181"}],"wp:attachment":[{"href":"https:\/\/shopatoa.com\/ro\/wp-json\/wp\/v2\/media?parent=261703"}],"wp:term":[{"taxonomy":"product_brand","embeddable":true,"href":"https:\/\/shopatoa.com\/ro\/wp-json\/wp\/v2\/product_brand?post=261703"},{"taxonomy":"product_cat","embeddable":true,"href":"https:\/\/shopatoa.com\/ro\/wp-json\/wp\/v2\/product_cat?post=261703"},{"taxonomy":"product_tag","embeddable":true,"href":"https:\/\/shopatoa.com\/ro\/wp-json\/wp\/v2\/product_tag?post=261703"}],"curies":[{"name":"wp","href":"https:\/\/api.w.org\/{rel}","templated":true}]}}