{"id":261769,"date":"2025-04-27T13:01:42","date_gmt":"2025-04-27T11:01:42","guid":{"rendered":"https:\/\/shopatoa.com\/ro\/dtangler-perie-de-par-de-calatorie-neptune\/"},"modified":"2025-12-13T15:02:35","modified_gmt":"2025-12-13T14:02:35","slug":"dtangler-perie-de-par-de-calatorie-neptune","status":"publish","type":"product","link":"https:\/\/shopatoa.com\/ro\/dtangler-perie-de-par-de-calatorie-neptune\/","title":{"rendered":"Dtangler Perie de p\u0103r de c\u0103l\u0103torie Neptune"},"content":{"rendered":"<p>Piept\u0103nare perfect\u0103 oric\u00e2nd, oriunde! Peria mic\u0103 de c\u0103l\u0103torie Neptune este partenerul ideal de c\u0103l\u0103torie. Datorit\u0103 dimensiunii sale compacte, se potrive\u0219te \u00een orice geant\u0103 sau rucsac \u0219i asigur\u0103 c\u0103 p\u0103rul dvs. este \u00eentotdeauna neted \u0219i f\u0103r\u0103 \u00eenc\u00e2lcire.<\/p>\n","protected":false},"excerpt":{"rendered":"<p>Piept\u0103nare perfect\u0103 oric\u00e2nd, oriunde! Peria mic\u0103 de c\u0103l\u0103torie Neptune este partenerul ideal de c\u0103l\u0103torie. Datorit\u0103 dimensiunii sale compacte, se potrive\u0219te \u00een orice geant\u0103 sau rucsac \u0219i asigur\u0103 c\u0103 p\u0103rul dvs. este \u00eentotdeauna neted \u0219i f\u0103r\u0103 \u00eenc\u00e2lcire.<\/p>\n","protected":false},"featured_media":338245,"comment_status":"closed","ping_status":"open","template":"","meta":{"_acf_changed":false,"_kadence_starter_templates_imported_post":false,"_kad_post_transparent":"","_kad_post_title":"","_kad_post_layout":"","_kad_post_sidebar_id":"","_kad_post_content_style":"","_kad_post_vertical_padding":"","_kad_post_feature":"","_kad_post_feature_position":"","_kad_post_header":false,"_kad_post_footer":false,"_kad_post_classname":""},"product_brand":[805],"product_cat":[246,743,623,624],"product_tag":[],"class_list":{"0":"post-261769","1":"product","2":"type-product","3":"status-publish","4":"has-post-thumbnail","6":"product_brand-dtangler","7":"product_cat-cosmetice","8":"product_cat-piepteni","9":"product_cat-produse-cosmetice-pentru-par","10":"product_cat-produse-aparate-si-accesorii-pentru-par","12":"first","13":"instock","14":"sale","15":"product-type-external","16":"entry","17":"content-bg","18":"loop-entry"},"acf":[],"yoast_head":"<!-- This site is optimized with the Yoast SEO plugin v27.4 - https:\/\/yoast.com\/product\/yoast-seo-wordpress\/ -->\n<title>Dtangler Perie de p\u0103r de c\u0103l\u0103torie Neptune - SHOPATOA.COM<\/title>\n<meta name=\"robots\" content=\"index, follow, max-snippet:-1, max-image-preview:large, max-video-preview:-1\" \/>\n<link rel=\"canonical\" href=\"https:\/\/shopatoa.com\/ro\/dtangler-perie-de-par-de-calatorie-neptune\/\" \/>\n<meta property=\"og:locale\" content=\"ro_RO\" \/>\n<meta property=\"og:type\" content=\"article\" \/>\n<meta property=\"og:title\" content=\"Dtangler Perie de p\u0103r de c\u0103l\u0103torie Neptune - SHOPATOA.COM\" \/>\n<meta property=\"og:description\" content=\"Piept\u0103nare perfect\u0103 oric\u00e2nd, oriunde! Peria mic\u0103 de c\u0103l\u0103torie Neptune este partenerul ideal de c\u0103l\u0103torie. Datorit\u0103 dimensiunii sale compacte, se potrive\u0219te \u00een orice geant\u0103 sau rucsac \u0219i asigur\u0103 c\u0103 p\u0103rul dvs. este \u00eentotdeauna neted \u0219i f\u0103r\u0103 \u00eenc\u00e2lcire.\" \/>\n<meta property=\"og:url\" content=\"https:\/\/shopatoa.com\/ro\/dtangler-perie-de-par-de-calatorie-neptune\/\" \/>\n<meta property=\"og:site_name\" content=\"SHOPATOA\" \/>\n<meta property=\"article:modified_time\" content=\"2025-12-13T14:02:35+00:00\" \/>\n<meta property=\"og:image\" content=\"https:\/\/storage.googleapis.com\/cz-shopatoa-img\/ro\/07868f05-unnamed-file.webp\" \/>\n\t<meta property=\"og:image:width\" content=\"800\" \/>\n\t<meta property=\"og:image:height\" content=\"800\" \/>\n\t<meta property=\"og:image:type\" content=\"image\/webp\" \/>\n<meta name=\"twitter:card\" content=\"summary_large_image\" \/>\n<script type=\"application\/ld+json\" class=\"yoast-schema-graph\">{\"@context\":\"https:\\\/\\\/schema.org\",\"@graph\":[{\"@type\":\"WebPage\",\"@id\":\"https:\\\/\\\/shopatoa.com\\\/ro\\\/dtangler-perie-de-par-de-calatorie-neptune\\\/\",\"url\":\"https:\\\/\\\/shopatoa.com\\\/ro\\\/dtangler-perie-de-par-de-calatorie-neptune\\\/\",\"name\":\"Dtangler Perie de p\u0103r de c\u0103l\u0103torie Neptune - SHOPATOA.COM\",\"isPartOf\":{\"@id\":\"https:\\\/\\\/shopatoa.com\\\/ro\\\/#website\"},\"primaryImageOfPage\":{\"@id\":\"https:\\\/\\\/shopatoa.com\\\/ro\\\/dtangler-perie-de-par-de-calatorie-neptune\\\/#primaryimage\"},\"image\":{\"@id\":\"https:\\\/\\\/shopatoa.com\\\/ro\\\/dtangler-perie-de-par-de-calatorie-neptune\\\/#primaryimage\"},\"thumbnailUrl\":\"https:\\\/\\\/storage.googleapis.com\\\/cz-shopatoa-img\\\/ro\\\/07868f05-unnamed-file.webp\",\"datePublished\":\"2025-04-27T11:01:42+00:00\",\"dateModified\":\"2025-12-13T14:02:35+00:00\",\"breadcrumb\":{\"@id\":\"https:\\\/\\\/shopatoa.com\\\/ro\\\/dtangler-perie-de-par-de-calatorie-neptune\\\/#breadcrumb\"},\"inLanguage\":\"ro-RO\",\"potentialAction\":[{\"@type\":\"ReadAction\",\"target\":[\"https:\\\/\\\/shopatoa.com\\\/ro\\\/dtangler-perie-de-par-de-calatorie-neptune\\\/\"]}]},{\"@type\":\"ImageObject\",\"inLanguage\":\"ro-RO\",\"@id\":\"https:\\\/\\\/shopatoa.com\\\/ro\\\/dtangler-perie-de-par-de-calatorie-neptune\\\/#primaryimage\",\"url\":\"https:\\\/\\\/storage.googleapis.com\\\/cz-shopatoa-img\\\/ro\\\/07868f05-unnamed-file.webp\",\"contentUrl\":\"https:\\\/\\\/storage.googleapis.com\\\/cz-shopatoa-img\\\/ro\\\/07868f05-unnamed-file.webp\",\"width\":800,\"height\":800},{\"@type\":\"BreadcrumbList\",\"@id\":\"https:\\\/\\\/shopatoa.com\\\/ro\\\/dtangler-perie-de-par-de-calatorie-neptune\\\/#breadcrumb\",\"itemListElement\":[{\"@type\":\"ListItem\",\"position\":1,\"name\":\"Dom\u016f\",\"item\":\"https:\\\/\\\/shopatoa.com\\\/ro\\\/\"},{\"@type\":\"ListItem\",\"position\":2,\"name\":\"Shop\",\"item\":\"https:\\\/\\\/shopatoa.com\\\/ro\\\/shop\\\/\"},{\"@type\":\"ListItem\",\"position\":3,\"name\":\"Cosmetice\",\"item\":\"https:\\\/\\\/shopatoa.com\\\/ro\\\/cosmetice\\\/\"},{\"@type\":\"ListItem\",\"position\":4,\"name\":\"Produse cosmetice pentru p\u0103r\",\"item\":\"https:\\\/\\\/shopatoa.com\\\/ro\\\/produse-cosmetice-pentru-par\\\/\"},{\"@type\":\"ListItem\",\"position\":5,\"name\":\"Produse, aparate \u0219i accesorii pentru p\u0103r\",\"item\":\"https:\\\/\\\/shopatoa.com\\\/ro\\\/produse-aparate-si-accesorii-pentru-par\\\/\"},{\"@type\":\"ListItem\",\"position\":6,\"name\":\"Piepteni\",\"item\":\"https:\\\/\\\/shopatoa.com\\\/ro\\\/piepteni\\\/\"},{\"@type\":\"ListItem\",\"position\":7,\"name\":\"Dtangler Perie de p\u0103r de c\u0103l\u0103torie Neptune\"}]},{\"@type\":\"WebSite\",\"@id\":\"https:\\\/\\\/shopatoa.com\\\/ro\\\/#website\",\"url\":\"https:\\\/\\\/shopatoa.com\\\/ro\\\/\",\"name\":\"SHOPATOA\",\"description\":\"\",\"publisher\":{\"@id\":\"https:\\\/\\\/shopatoa.com\\\/ro\\\/#organization\"},\"potentialAction\":[{\"@type\":\"SearchAction\",\"target\":{\"@type\":\"EntryPoint\",\"urlTemplate\":\"https:\\\/\\\/shopatoa.com\\\/ro\\\/?s={search_term_string}\"},\"query-input\":{\"@type\":\"PropertyValueSpecification\",\"valueRequired\":true,\"valueName\":\"search_term_string\"}}],\"inLanguage\":\"ro-RO\"},{\"@type\":\"Organization\",\"@id\":\"https:\\\/\\\/shopatoa.com\\\/ro\\\/#organization\",\"name\":\"SHOPATOA\",\"url\":\"https:\\\/\\\/shopatoa.com\\\/ro\\\/\",\"logo\":{\"@type\":\"ImageObject\",\"inLanguage\":\"ro-RO\",\"@id\":\"https:\\\/\\\/shopatoa.com\\\/ro\\\/#\\\/schema\\\/logo\\\/image\\\/\",\"url\":\"https:\\\/\\\/storage.googleapis.com\\\/cz-shopatoa-img\\\/ro\\\/b4dac915-shopatoa_logo.png\",\"contentUrl\":\"https:\\\/\\\/storage.googleapis.com\\\/cz-shopatoa-img\\\/ro\\\/b4dac915-shopatoa_logo.png\",\"width\":416,\"height\":63,\"caption\":\"SHOPATOA\"},\"image\":{\"@id\":\"https:\\\/\\\/shopatoa.com\\\/ro\\\/#\\\/schema\\\/logo\\\/image\\\/\"}}]}<\/script>\n<!-- \/ Yoast SEO plugin. -->","yoast_head_json":{"title":"Dtangler Perie de p\u0103r de c\u0103l\u0103torie Neptune - SHOPATOA.COM","robots":{"index":"index","follow":"follow","max-snippet":"max-snippet:-1","max-image-preview":"max-image-preview:large","max-video-preview":"max-video-preview:-1"},"canonical":"https:\/\/shopatoa.com\/ro\/dtangler-perie-de-par-de-calatorie-neptune\/","og_locale":"ro_RO","og_type":"article","og_title":"Dtangler Perie de p\u0103r de c\u0103l\u0103torie Neptune - SHOPATOA.COM","og_description":"Piept\u0103nare perfect\u0103 oric\u00e2nd, oriunde! Peria mic\u0103 de c\u0103l\u0103torie Neptune este partenerul ideal de c\u0103l\u0103torie. Datorit\u0103 dimensiunii sale compacte, se potrive\u0219te \u00een orice geant\u0103 sau rucsac \u0219i asigur\u0103 c\u0103 p\u0103rul dvs. este \u00eentotdeauna neted \u0219i f\u0103r\u0103 \u00eenc\u00e2lcire.","og_url":"https:\/\/shopatoa.com\/ro\/dtangler-perie-de-par-de-calatorie-neptune\/","og_site_name":"SHOPATOA","article_modified_time":"2025-12-13T14:02:35+00:00","og_image":[{"width":800,"height":800,"url":"https:\/\/storage.googleapis.com\/cz-shopatoa-img\/ro\/07868f05-unnamed-file.webp","type":"image\/webp"}],"twitter_card":"summary_large_image","schema":{"@context":"https:\/\/schema.org","@graph":[{"@type":"WebPage","@id":"https:\/\/shopatoa.com\/ro\/dtangler-perie-de-par-de-calatorie-neptune\/","url":"https:\/\/shopatoa.com\/ro\/dtangler-perie-de-par-de-calatorie-neptune\/","name":"Dtangler Perie de p\u0103r de c\u0103l\u0103torie Neptune - SHOPATOA.COM","isPartOf":{"@id":"https:\/\/shopatoa.com\/ro\/#website"},"primaryImageOfPage":{"@id":"https:\/\/shopatoa.com\/ro\/dtangler-perie-de-par-de-calatorie-neptune\/#primaryimage"},"image":{"@id":"https:\/\/shopatoa.com\/ro\/dtangler-perie-de-par-de-calatorie-neptune\/#primaryimage"},"thumbnailUrl":"https:\/\/storage.googleapis.com\/cz-shopatoa-img\/ro\/07868f05-unnamed-file.webp","datePublished":"2025-04-27T11:01:42+00:00","dateModified":"2025-12-13T14:02:35+00:00","breadcrumb":{"@id":"https:\/\/shopatoa.com\/ro\/dtangler-perie-de-par-de-calatorie-neptune\/#breadcrumb"},"inLanguage":"ro-RO","potentialAction":[{"@type":"ReadAction","target":["https:\/\/shopatoa.com\/ro\/dtangler-perie-de-par-de-calatorie-neptune\/"]}]},{"@type":"ImageObject","inLanguage":"ro-RO","@id":"https:\/\/shopatoa.com\/ro\/dtangler-perie-de-par-de-calatorie-neptune\/#primaryimage","url":"https:\/\/storage.googleapis.com\/cz-shopatoa-img\/ro\/07868f05-unnamed-file.webp","contentUrl":"https:\/\/storage.googleapis.com\/cz-shopatoa-img\/ro\/07868f05-unnamed-file.webp","width":800,"height":800},{"@type":"BreadcrumbList","@id":"https:\/\/shopatoa.com\/ro\/dtangler-perie-de-par-de-calatorie-neptune\/#breadcrumb","itemListElement":[{"@type":"ListItem","position":1,"name":"Dom\u016f","item":"https:\/\/shopatoa.com\/ro\/"},{"@type":"ListItem","position":2,"name":"Shop","item":"https:\/\/shopatoa.com\/ro\/shop\/"},{"@type":"ListItem","position":3,"name":"Cosmetice","item":"https:\/\/shopatoa.com\/ro\/cosmetice\/"},{"@type":"ListItem","position":4,"name":"Produse cosmetice pentru p\u0103r","item":"https:\/\/shopatoa.com\/ro\/produse-cosmetice-pentru-par\/"},{"@type":"ListItem","position":5,"name":"Produse, aparate \u0219i accesorii pentru p\u0103r","item":"https:\/\/shopatoa.com\/ro\/produse-aparate-si-accesorii-pentru-par\/"},{"@type":"ListItem","position":6,"name":"Piepteni","item":"https:\/\/shopatoa.com\/ro\/piepteni\/"},{"@type":"ListItem","position":7,"name":"Dtangler Perie de p\u0103r de c\u0103l\u0103torie Neptune"}]},{"@type":"WebSite","@id":"https:\/\/shopatoa.com\/ro\/#website","url":"https:\/\/shopatoa.com\/ro\/","name":"SHOPATOA","description":"","publisher":{"@id":"https:\/\/shopatoa.com\/ro\/#organization"},"potentialAction":[{"@type":"SearchAction","target":{"@type":"EntryPoint","urlTemplate":"https:\/\/shopatoa.com\/ro\/?s={search_term_string}"},"query-input":{"@type":"PropertyValueSpecification","valueRequired":true,"valueName":"search_term_string"}}],"inLanguage":"ro-RO"},{"@type":"Organization","@id":"https:\/\/shopatoa.com\/ro\/#organization","name":"SHOPATOA","url":"https:\/\/shopatoa.com\/ro\/","logo":{"@type":"ImageObject","inLanguage":"ro-RO","@id":"https:\/\/shopatoa.com\/ro\/#\/schema\/logo\/image\/","url":"https:\/\/storage.googleapis.com\/cz-shopatoa-img\/ro\/b4dac915-shopatoa_logo.png","contentUrl":"https:\/\/storage.googleapis.com\/cz-shopatoa-img\/ro\/b4dac915-shopatoa_logo.png","width":416,"height":63,"caption":"SHOPATOA"},"image":{"@id":"https:\/\/shopatoa.com\/ro\/#\/schema\/logo\/image\/"}}]}},"_links":{"self":[{"href":"https:\/\/shopatoa.com\/ro\/wp-json\/wp\/v2\/product\/261769","targetHints":{"allow":["GET"]}}],"collection":[{"href":"https:\/\/shopatoa.com\/ro\/wp-json\/wp\/v2\/product"}],"about":[{"href":"https:\/\/shopatoa.com\/ro\/wp-json\/wp\/v2\/types\/product"}],"replies":[{"embeddable":true,"href":"https:\/\/shopatoa.com\/ro\/wp-json\/wp\/v2\/comments?post=261769"}],"wp:featuredmedia":[{"embeddable":true,"href":"https:\/\/shopatoa.com\/ro\/wp-json\/wp\/v2\/media\/338245"}],"wp:attachment":[{"href":"https:\/\/shopatoa.com\/ro\/wp-json\/wp\/v2\/media?parent=261769"}],"wp:term":[{"taxonomy":"product_brand","embeddable":true,"href":"https:\/\/shopatoa.com\/ro\/wp-json\/wp\/v2\/product_brand?post=261769"},{"taxonomy":"product_cat","embeddable":true,"href":"https:\/\/shopatoa.com\/ro\/wp-json\/wp\/v2\/product_cat?post=261769"},{"taxonomy":"product_tag","embeddable":true,"href":"https:\/\/shopatoa.com\/ro\/wp-json\/wp\/v2\/product_tag?post=261769"}],"curies":[{"name":"wp","href":"https:\/\/api.w.org\/{rel}","templated":true}]}}