{"id":261829,"date":"2025-04-27T13:25:14","date_gmt":"2025-04-27T11:25:14","guid":{"rendered":"https:\/\/shopatoa.com\/ro\/the-body-shop-serum-fara-clatire-pentru-scalpul-uscat-si-cu-tendinta-de-descuamare-ginger-scalp-serum-50-ml\/"},"modified":"2025-12-13T14:42:50","modified_gmt":"2025-12-13T13:42:50","slug":"the-body-shop-serum-fara-clatire-pentru-scalpul-uscat-si-cu-tendinta-de-descuamare-ginger-scalp-serum-50-ml","status":"publish","type":"product","link":"https:\/\/shopatoa.com\/ro\/the-body-shop-serum-fara-clatire-pentru-scalpul-uscat-si-cu-tendinta-de-descuamare-ginger-scalp-serum-50-ml\/","title":{"rendered":"The Body Shop Serum f\u0103r\u0103 cl\u0103tire pentru scalpul uscat \u0219i cu tendin\u021ba de descuamare Ginger (Scalp Serum) 50 ml"},"content":{"rendered":"<p>Serum f\u0103r\u0103 cl\u0103tire, care calmeaz\u0103 scalpul uscat \u0219i predispus la descuamare. Aplica\u021bi c\u00e2teva pic\u0103turi din acest serum cu absorb\u021bie rapid\u0103 direct pe scalp, masa\u021bi delicat \u0219i l\u0103sa\u021bi-l s\u0103 ac\u021bioneze \u00eentre sp\u0103l\u0103rile p\u0103rului. Con\u021binutul formulei include Ginger Root Density Complex, un amestec bioactiv cu ulei esen\u021bial din r\u0103d\u0103cin\u0103 de ghimbir, extract de baicalin\u0103 \u0219i germeni de soia \u0219i gr\u00e2u.<\/p>\n","protected":false},"excerpt":{"rendered":"<p>Serum f\u0103r\u0103 cl\u0103tire, care calmeaz\u0103 scalpul uscat \u0219i predispus la descuamare. Aplica\u021bi c\u00e2teva pic\u0103turi din acest serum cu absorb\u021bie rapid\u0103 direct pe scalp, masa\u021bi delicat \u0219i l\u0103sa\u021bi-l s\u0103 ac\u021bioneze \u00eentre sp\u0103l\u0103rile p\u0103rului. Con\u021binutul formulei include Ginger Root Density Complex, un amestec bioactiv cu ulei esen\u021bial din r\u0103d\u0103cin\u0103 de ghimbir, extract de baicalin\u0103 \u0219i germeni de&#8230;<\/p>\n","protected":false},"featured_media":338303,"comment_status":"closed","ping_status":"open","template":"","meta":{"_acf_changed":false,"_kadence_starter_templates_imported_post":false,"_kad_post_transparent":"","_kad_post_title":"","_kad_post_layout":"","_kad_post_sidebar_id":"","_kad_post_content_style":"","_kad_post_vertical_padding":"","_kad_post_feature":"","_kad_post_feature_position":"","_kad_post_header":false,"_kad_post_footer":false,"_kad_post_classname":""},"product_brand":[522],"product_cat":[246,696,623],"product_tag":[],"class_list":{"0":"post-261829","1":"product","2":"type-product","3":"status-publish","4":"has-post-thumbnail","6":"product_brand-the-body-shop","7":"product_cat-cosmetice","8":"product_cat-ingrijirea-parului-fara-clatire","9":"product_cat-produse-cosmetice-pentru-par","11":"first","12":"instock","13":"sale","14":"product-type-external","15":"entry","16":"content-bg","17":"loop-entry"},"acf":[],"yoast_head":"<!-- This site is optimized with the Yoast SEO plugin v27.4 - https:\/\/yoast.com\/product\/yoast-seo-wordpress\/ -->\n<title>The Body Shop Serum f\u0103r\u0103 cl\u0103tire pentru scalpul uscat \u0219i cu tendin\u021ba de descuamare Ginger (Scalp Serum) 50 ml - SHOPATOA.COM<\/title>\n<meta name=\"robots\" content=\"index, follow, max-snippet:-1, max-image-preview:large, max-video-preview:-1\" \/>\n<link rel=\"canonical\" href=\"https:\/\/shopatoa.com\/ro\/the-body-shop-serum-fara-clatire-pentru-scalpul-uscat-si-cu-tendinta-de-descuamare-ginger-scalp-serum-50-ml\/\" \/>\n<meta property=\"og:locale\" content=\"ro_RO\" \/>\n<meta property=\"og:type\" content=\"article\" \/>\n<meta property=\"og:title\" content=\"The Body Shop Serum f\u0103r\u0103 cl\u0103tire pentru scalpul uscat \u0219i cu tendin\u021ba de descuamare Ginger (Scalp Serum) 50 ml - SHOPATOA.COM\" \/>\n<meta property=\"og:description\" content=\"Serum f\u0103r\u0103 cl\u0103tire, care calmeaz\u0103 scalpul uscat \u0219i predispus la descuamare. Aplica\u021bi c\u00e2teva pic\u0103turi din acest serum cu absorb\u021bie rapid\u0103 direct pe scalp, masa\u021bi delicat \u0219i l\u0103sa\u021bi-l s\u0103 ac\u021bioneze \u00eentre sp\u0103l\u0103rile p\u0103rului. Con\u021binutul formulei include Ginger Root Density Complex, un amestec bioactiv cu ulei esen\u021bial din r\u0103d\u0103cin\u0103 de ghimbir, extract de baicalin\u0103 \u0219i germeni de...\" \/>\n<meta property=\"og:url\" content=\"https:\/\/shopatoa.com\/ro\/the-body-shop-serum-fara-clatire-pentru-scalpul-uscat-si-cu-tendinta-de-descuamare-ginger-scalp-serum-50-ml\/\" \/>\n<meta property=\"og:site_name\" content=\"SHOPATOA\" \/>\n<meta property=\"article:modified_time\" content=\"2025-12-13T13:42:50+00:00\" \/>\n<meta property=\"og:image\" content=\"https:\/\/storage.googleapis.com\/cz-shopatoa-img\/ro\/3b41f5c1-unnamed-file.webp\" \/>\n\t<meta property=\"og:image:width\" content=\"800\" \/>\n\t<meta property=\"og:image:height\" content=\"800\" \/>\n\t<meta property=\"og:image:type\" content=\"image\/webp\" \/>\n<meta name=\"twitter:card\" content=\"summary_large_image\" \/>\n<script type=\"application\/ld+json\" class=\"yoast-schema-graph\">{\"@context\":\"https:\\\/\\\/schema.org\",\"@graph\":[{\"@type\":\"WebPage\",\"@id\":\"https:\\\/\\\/shopatoa.com\\\/ro\\\/the-body-shop-serum-fara-clatire-pentru-scalpul-uscat-si-cu-tendinta-de-descuamare-ginger-scalp-serum-50-ml\\\/\",\"url\":\"https:\\\/\\\/shopatoa.com\\\/ro\\\/the-body-shop-serum-fara-clatire-pentru-scalpul-uscat-si-cu-tendinta-de-descuamare-ginger-scalp-serum-50-ml\\\/\",\"name\":\"The Body Shop Serum f\u0103r\u0103 cl\u0103tire pentru scalpul uscat \u0219i cu tendin\u021ba de descuamare Ginger (Scalp Serum) 50 ml - SHOPATOA.COM\",\"isPartOf\":{\"@id\":\"https:\\\/\\\/shopatoa.com\\\/ro\\\/#website\"},\"primaryImageOfPage\":{\"@id\":\"https:\\\/\\\/shopatoa.com\\\/ro\\\/the-body-shop-serum-fara-clatire-pentru-scalpul-uscat-si-cu-tendinta-de-descuamare-ginger-scalp-serum-50-ml\\\/#primaryimage\"},\"image\":{\"@id\":\"https:\\\/\\\/shopatoa.com\\\/ro\\\/the-body-shop-serum-fara-clatire-pentru-scalpul-uscat-si-cu-tendinta-de-descuamare-ginger-scalp-serum-50-ml\\\/#primaryimage\"},\"thumbnailUrl\":\"https:\\\/\\\/storage.googleapis.com\\\/cz-shopatoa-img\\\/ro\\\/3b41f5c1-unnamed-file.webp\",\"datePublished\":\"2025-04-27T11:25:14+00:00\",\"dateModified\":\"2025-12-13T13:42:50+00:00\",\"breadcrumb\":{\"@id\":\"https:\\\/\\\/shopatoa.com\\\/ro\\\/the-body-shop-serum-fara-clatire-pentru-scalpul-uscat-si-cu-tendinta-de-descuamare-ginger-scalp-serum-50-ml\\\/#breadcrumb\"},\"inLanguage\":\"ro-RO\",\"potentialAction\":[{\"@type\":\"ReadAction\",\"target\":[\"https:\\\/\\\/shopatoa.com\\\/ro\\\/the-body-shop-serum-fara-clatire-pentru-scalpul-uscat-si-cu-tendinta-de-descuamare-ginger-scalp-serum-50-ml\\\/\"]}]},{\"@type\":\"ImageObject\",\"inLanguage\":\"ro-RO\",\"@id\":\"https:\\\/\\\/shopatoa.com\\\/ro\\\/the-body-shop-serum-fara-clatire-pentru-scalpul-uscat-si-cu-tendinta-de-descuamare-ginger-scalp-serum-50-ml\\\/#primaryimage\",\"url\":\"https:\\\/\\\/storage.googleapis.com\\\/cz-shopatoa-img\\\/ro\\\/3b41f5c1-unnamed-file.webp\",\"contentUrl\":\"https:\\\/\\\/storage.googleapis.com\\\/cz-shopatoa-img\\\/ro\\\/3b41f5c1-unnamed-file.webp\",\"width\":800,\"height\":800},{\"@type\":\"BreadcrumbList\",\"@id\":\"https:\\\/\\\/shopatoa.com\\\/ro\\\/the-body-shop-serum-fara-clatire-pentru-scalpul-uscat-si-cu-tendinta-de-descuamare-ginger-scalp-serum-50-ml\\\/#breadcrumb\",\"itemListElement\":[{\"@type\":\"ListItem\",\"position\":1,\"name\":\"Dom\u016f\",\"item\":\"https:\\\/\\\/shopatoa.com\\\/ro\\\/\"},{\"@type\":\"ListItem\",\"position\":2,\"name\":\"Shop\",\"item\":\"https:\\\/\\\/shopatoa.com\\\/ro\\\/shop\\\/\"},{\"@type\":\"ListItem\",\"position\":3,\"name\":\"Cosmetice\",\"item\":\"https:\\\/\\\/shopatoa.com\\\/ro\\\/cosmetice\\\/\"},{\"@type\":\"ListItem\",\"position\":4,\"name\":\"Produse cosmetice pentru p\u0103r\",\"item\":\"https:\\\/\\\/shopatoa.com\\\/ro\\\/produse-cosmetice-pentru-par\\\/\"},{\"@type\":\"ListItem\",\"position\":5,\"name\":\"\u00cengrijirea p\u0103rului f\u0103r\u0103 cl\u0103tire\",\"item\":\"https:\\\/\\\/shopatoa.com\\\/ro\\\/ingrijirea-parului-fara-clatire\\\/\"},{\"@type\":\"ListItem\",\"position\":6,\"name\":\"The Body Shop Serum f\u0103r\u0103 cl\u0103tire pentru scalpul uscat \u0219i cu tendin\u021ba de descuamare Ginger (Scalp Serum) 50 ml\"}]},{\"@type\":\"WebSite\",\"@id\":\"https:\\\/\\\/shopatoa.com\\\/ro\\\/#website\",\"url\":\"https:\\\/\\\/shopatoa.com\\\/ro\\\/\",\"name\":\"SHOPATOA\",\"description\":\"\",\"publisher\":{\"@id\":\"https:\\\/\\\/shopatoa.com\\\/ro\\\/#organization\"},\"potentialAction\":[{\"@type\":\"SearchAction\",\"target\":{\"@type\":\"EntryPoint\",\"urlTemplate\":\"https:\\\/\\\/shopatoa.com\\\/ro\\\/?s={search_term_string}\"},\"query-input\":{\"@type\":\"PropertyValueSpecification\",\"valueRequired\":true,\"valueName\":\"search_term_string\"}}],\"inLanguage\":\"ro-RO\"},{\"@type\":\"Organization\",\"@id\":\"https:\\\/\\\/shopatoa.com\\\/ro\\\/#organization\",\"name\":\"SHOPATOA\",\"url\":\"https:\\\/\\\/shopatoa.com\\\/ro\\\/\",\"logo\":{\"@type\":\"ImageObject\",\"inLanguage\":\"ro-RO\",\"@id\":\"https:\\\/\\\/shopatoa.com\\\/ro\\\/#\\\/schema\\\/logo\\\/image\\\/\",\"url\":\"https:\\\/\\\/storage.googleapis.com\\\/cz-shopatoa-img\\\/ro\\\/b4dac915-shopatoa_logo.png\",\"contentUrl\":\"https:\\\/\\\/storage.googleapis.com\\\/cz-shopatoa-img\\\/ro\\\/b4dac915-shopatoa_logo.png\",\"width\":416,\"height\":63,\"caption\":\"SHOPATOA\"},\"image\":{\"@id\":\"https:\\\/\\\/shopatoa.com\\\/ro\\\/#\\\/schema\\\/logo\\\/image\\\/\"}}]}<\/script>\n<!-- \/ Yoast SEO plugin. -->","yoast_head_json":{"title":"The Body Shop Serum f\u0103r\u0103 cl\u0103tire pentru scalpul uscat \u0219i cu tendin\u021ba de descuamare Ginger (Scalp Serum) 50 ml - SHOPATOA.COM","robots":{"index":"index","follow":"follow","max-snippet":"max-snippet:-1","max-image-preview":"max-image-preview:large","max-video-preview":"max-video-preview:-1"},"canonical":"https:\/\/shopatoa.com\/ro\/the-body-shop-serum-fara-clatire-pentru-scalpul-uscat-si-cu-tendinta-de-descuamare-ginger-scalp-serum-50-ml\/","og_locale":"ro_RO","og_type":"article","og_title":"The Body Shop Serum f\u0103r\u0103 cl\u0103tire pentru scalpul uscat \u0219i cu tendin\u021ba de descuamare Ginger (Scalp Serum) 50 ml - SHOPATOA.COM","og_description":"Serum f\u0103r\u0103 cl\u0103tire, care calmeaz\u0103 scalpul uscat \u0219i predispus la descuamare. Aplica\u021bi c\u00e2teva pic\u0103turi din acest serum cu absorb\u021bie rapid\u0103 direct pe scalp, masa\u021bi delicat \u0219i l\u0103sa\u021bi-l s\u0103 ac\u021bioneze \u00eentre sp\u0103l\u0103rile p\u0103rului. Con\u021binutul formulei include Ginger Root Density Complex, un amestec bioactiv cu ulei esen\u021bial din r\u0103d\u0103cin\u0103 de ghimbir, extract de baicalin\u0103 \u0219i germeni de...","og_url":"https:\/\/shopatoa.com\/ro\/the-body-shop-serum-fara-clatire-pentru-scalpul-uscat-si-cu-tendinta-de-descuamare-ginger-scalp-serum-50-ml\/","og_site_name":"SHOPATOA","article_modified_time":"2025-12-13T13:42:50+00:00","og_image":[{"width":800,"height":800,"url":"https:\/\/storage.googleapis.com\/cz-shopatoa-img\/ro\/3b41f5c1-unnamed-file.webp","type":"image\/webp"}],"twitter_card":"summary_large_image","schema":{"@context":"https:\/\/schema.org","@graph":[{"@type":"WebPage","@id":"https:\/\/shopatoa.com\/ro\/the-body-shop-serum-fara-clatire-pentru-scalpul-uscat-si-cu-tendinta-de-descuamare-ginger-scalp-serum-50-ml\/","url":"https:\/\/shopatoa.com\/ro\/the-body-shop-serum-fara-clatire-pentru-scalpul-uscat-si-cu-tendinta-de-descuamare-ginger-scalp-serum-50-ml\/","name":"The Body Shop Serum f\u0103r\u0103 cl\u0103tire pentru scalpul uscat \u0219i cu tendin\u021ba de descuamare Ginger (Scalp Serum) 50 ml - SHOPATOA.COM","isPartOf":{"@id":"https:\/\/shopatoa.com\/ro\/#website"},"primaryImageOfPage":{"@id":"https:\/\/shopatoa.com\/ro\/the-body-shop-serum-fara-clatire-pentru-scalpul-uscat-si-cu-tendinta-de-descuamare-ginger-scalp-serum-50-ml\/#primaryimage"},"image":{"@id":"https:\/\/shopatoa.com\/ro\/the-body-shop-serum-fara-clatire-pentru-scalpul-uscat-si-cu-tendinta-de-descuamare-ginger-scalp-serum-50-ml\/#primaryimage"},"thumbnailUrl":"https:\/\/storage.googleapis.com\/cz-shopatoa-img\/ro\/3b41f5c1-unnamed-file.webp","datePublished":"2025-04-27T11:25:14+00:00","dateModified":"2025-12-13T13:42:50+00:00","breadcrumb":{"@id":"https:\/\/shopatoa.com\/ro\/the-body-shop-serum-fara-clatire-pentru-scalpul-uscat-si-cu-tendinta-de-descuamare-ginger-scalp-serum-50-ml\/#breadcrumb"},"inLanguage":"ro-RO","potentialAction":[{"@type":"ReadAction","target":["https:\/\/shopatoa.com\/ro\/the-body-shop-serum-fara-clatire-pentru-scalpul-uscat-si-cu-tendinta-de-descuamare-ginger-scalp-serum-50-ml\/"]}]},{"@type":"ImageObject","inLanguage":"ro-RO","@id":"https:\/\/shopatoa.com\/ro\/the-body-shop-serum-fara-clatire-pentru-scalpul-uscat-si-cu-tendinta-de-descuamare-ginger-scalp-serum-50-ml\/#primaryimage","url":"https:\/\/storage.googleapis.com\/cz-shopatoa-img\/ro\/3b41f5c1-unnamed-file.webp","contentUrl":"https:\/\/storage.googleapis.com\/cz-shopatoa-img\/ro\/3b41f5c1-unnamed-file.webp","width":800,"height":800},{"@type":"BreadcrumbList","@id":"https:\/\/shopatoa.com\/ro\/the-body-shop-serum-fara-clatire-pentru-scalpul-uscat-si-cu-tendinta-de-descuamare-ginger-scalp-serum-50-ml\/#breadcrumb","itemListElement":[{"@type":"ListItem","position":1,"name":"Dom\u016f","item":"https:\/\/shopatoa.com\/ro\/"},{"@type":"ListItem","position":2,"name":"Shop","item":"https:\/\/shopatoa.com\/ro\/shop\/"},{"@type":"ListItem","position":3,"name":"Cosmetice","item":"https:\/\/shopatoa.com\/ro\/cosmetice\/"},{"@type":"ListItem","position":4,"name":"Produse cosmetice pentru p\u0103r","item":"https:\/\/shopatoa.com\/ro\/produse-cosmetice-pentru-par\/"},{"@type":"ListItem","position":5,"name":"\u00cengrijirea p\u0103rului f\u0103r\u0103 cl\u0103tire","item":"https:\/\/shopatoa.com\/ro\/ingrijirea-parului-fara-clatire\/"},{"@type":"ListItem","position":6,"name":"The Body Shop Serum f\u0103r\u0103 cl\u0103tire pentru scalpul uscat \u0219i cu tendin\u021ba de descuamare Ginger (Scalp Serum) 50 ml"}]},{"@type":"WebSite","@id":"https:\/\/shopatoa.com\/ro\/#website","url":"https:\/\/shopatoa.com\/ro\/","name":"SHOPATOA","description":"","publisher":{"@id":"https:\/\/shopatoa.com\/ro\/#organization"},"potentialAction":[{"@type":"SearchAction","target":{"@type":"EntryPoint","urlTemplate":"https:\/\/shopatoa.com\/ro\/?s={search_term_string}"},"query-input":{"@type":"PropertyValueSpecification","valueRequired":true,"valueName":"search_term_string"}}],"inLanguage":"ro-RO"},{"@type":"Organization","@id":"https:\/\/shopatoa.com\/ro\/#organization","name":"SHOPATOA","url":"https:\/\/shopatoa.com\/ro\/","logo":{"@type":"ImageObject","inLanguage":"ro-RO","@id":"https:\/\/shopatoa.com\/ro\/#\/schema\/logo\/image\/","url":"https:\/\/storage.googleapis.com\/cz-shopatoa-img\/ro\/b4dac915-shopatoa_logo.png","contentUrl":"https:\/\/storage.googleapis.com\/cz-shopatoa-img\/ro\/b4dac915-shopatoa_logo.png","width":416,"height":63,"caption":"SHOPATOA"},"image":{"@id":"https:\/\/shopatoa.com\/ro\/#\/schema\/logo\/image\/"}}]}},"_links":{"self":[{"href":"https:\/\/shopatoa.com\/ro\/wp-json\/wp\/v2\/product\/261829","targetHints":{"allow":["GET"]}}],"collection":[{"href":"https:\/\/shopatoa.com\/ro\/wp-json\/wp\/v2\/product"}],"about":[{"href":"https:\/\/shopatoa.com\/ro\/wp-json\/wp\/v2\/types\/product"}],"replies":[{"embeddable":true,"href":"https:\/\/shopatoa.com\/ro\/wp-json\/wp\/v2\/comments?post=261829"}],"wp:featuredmedia":[{"embeddable":true,"href":"https:\/\/shopatoa.com\/ro\/wp-json\/wp\/v2\/media\/338303"}],"wp:attachment":[{"href":"https:\/\/shopatoa.com\/ro\/wp-json\/wp\/v2\/media?parent=261829"}],"wp:term":[{"taxonomy":"product_brand","embeddable":true,"href":"https:\/\/shopatoa.com\/ro\/wp-json\/wp\/v2\/product_brand?post=261829"},{"taxonomy":"product_cat","embeddable":true,"href":"https:\/\/shopatoa.com\/ro\/wp-json\/wp\/v2\/product_cat?post=261829"},{"taxonomy":"product_tag","embeddable":true,"href":"https:\/\/shopatoa.com\/ro\/wp-json\/wp\/v2\/product_tag?post=261829"}],"curies":[{"name":"wp","href":"https:\/\/api.w.org\/{rel}","templated":true}]}}